{"id":5939008,"date":"2026-04-14T12:11:39","date_gmt":"2026-04-14T10:11:39","guid":{"rendered":"https:\/\/zewo.ch\/?page_id=5939008"},"modified":"2026-04-14T16:29:50","modified_gmt":"2026-04-14T14:29:50","slug":"les-rencontres-zewo-npo-en-suisse-romande-2026","status":"publish","type":"page","link":"https:\/\/zewo.ch\/fr\/les-rencontres-zewo-npo-en-suisse-romande-2026\/","title":{"rendered":"Les rencontres Zewo \u2013 NPO en Suisse romande 2026"},"content":{"rendered":"\n<p>En 2026, la Fondation Zewo organise \u00e0 nouveau des \u00e9v\u00e9nements en Suisse romande pour entretenir et renforcer les liens avec vous, organisations d&rsquo;entraide romandes, et pour \u00e9changer autour de th\u00e8mes centraux en lien avec la collecte de fonds et vos besoins concrets. Ces rencontres s&rsquo;adressent aussi bien aux organisations certifi\u00e9es qu&rsquo;aux organisations non certifi\u00e9es.<\/p>\n\n\n\n<h2 class=\"wp-block-heading\">Th\u00e8me principal<\/h2>\n\n\n\n<p><strong>Cyberrisques et s\u00e9curit\u00e9 num\u00e9rique : comprendre les enjeux<\/strong><br>avec Nicolas Germiquet, Head Cyber Security Advisory &amp; Digital Forensic, BDO SA<\/p>\n\n\n\n<h2 class=\"wp-block-heading\" id=\"h-dates\">Dates<\/h2>\n\n\n\n<p><strong>Lundi 11 mai 2026 \u00e0 Gen\u00e8ve<\/strong> (d\u00e9lai d\u2019inscription\u00a0: jeudi 7 mai 2026)<br><strong>Lundi 15 juin 2026 \u00e0 Lausanne <\/strong>(d\u00e9lai d\u2019inscription\u00a0: jeudi 11 juin 2026)<\/p>\n\n\n\n<div class=\"wp-block-cgb-block-zewo-block-button ab-block-button\"><a href=\"https:\/\/zewo.ch\/wp-content\/uploads\/2026\/04\/flyer_rencontres_SR_printemps_2026.pdf\" class=\"button primary\"><span class=\"button-arrow\"><\/span>T\u00e9l\u00e9chargement programme sous forme PDF<\/a><\/div>\n\n\n\n<h2 class=\"wp-block-heading\" id=\"h-programme-de-la-rencontre-a-geneve\">Programme de la rencontre \u00e0 Gen\u00e8ve<\/h2>\n\n\n\n<p><strong>Date&nbsp;: Lundi 11 mai 2026<\/strong><br><strong>Lieu&nbsp;: L&rsquo;Espace Tiers-Lieu d&rsquo;APRES, Chemin du 23 Ao\u00fbt 1<\/strong><br><strong>Mod\u00e9ration&nbsp;:<\/strong> Catherine Baud-Lavigne, mandataire Zewo pour la Suisse romande<\/p>\n\n\n\n<figure class=\"wp-block-table\"><table class=\"has-fixed-layout\"><tbody><tr><td><strong>13h45<\/strong><\/td><td>\u2615 Accueil- Caf\u00e9<\/td><\/tr><tr><td><strong>14h00<\/strong><\/td><td><strong>Le monde du don \u00e9volue : enjeux et d\u00e9fis pour les organisations d\u2019entraide<\/strong><br>Martina Ziegerer, Directrice, Fondation Zewo<\/td><\/tr><tr><td><strong>14h20<\/strong><\/td><td><strong>Soutien de la fondation Zewo en Suisse romande<\/strong><br>Catherine Baud-Lavigne, mandataire Zewo pour la Suisse romande<\/td><\/tr><tr><td><strong>14h40<\/strong><\/td><td><em>Pause<\/em><\/td><\/tr><tr><td><strong>15h00<\/strong><\/td><td><strong>Cyberrisques et s\u00e9curit\u00e9 num\u00e9rique : comprendre les enjeux<\/strong><em><br><\/em>Nicolas Germiquet, Head Cyber Security Advisory &amp; Digital Forensic, BDO SA<strong><br><\/strong><br><strong><em>Live hacking : 45 minutes pour prot\u00e9ger votre ONG<br><\/em><\/strong><em>En 45 minutes, vous verrez en direct&nbsp;comment un mot de passe peut \u00eatre vol\u00e9, comment une cl\u00e9 USB peut pi\u00e9ger un ordinateur, et comment&nbsp;des prestataires externes&nbsp;(IT, SaaS, cloud\u2026) peuvent \u00eatre cibl\u00e9s.<\/em><br><em>&nbsp;<\/em><br><em>Ce que vous en retirerez :<\/em><br>&#8211; <em>3 mesures simples \u00e0 activer d\u00e8s le lendemain<\/em><br>&#8211; <em>des r\u00e9ponses claires \u00e0 vos questions&nbsp;(sans jargon)<\/em><br><em>&nbsp;<\/em><br><em>Les cyberattaques touchent aussi les ONG via leurs partenaires.<\/em> <em>Ne laissez pas vos donateurs, vos donn\u00e9es et votre mission vuln\u00e9rables. <\/em><br><br><em>Pr\u00eats \u00e0 voir la r\u00e9alit\u00e9 ?<\/em><\/td><\/tr><tr><td><strong>15h45<\/strong><\/td><td><strong>Vos questions sur la cybers\u00e9curit\u00e9<\/strong><br>Nicolas Germiquet, Head Cyber Security Advisory &amp; Digital Forensic, BDO SA<\/td><\/tr><tr><td><strong>16h00<\/strong><\/td><td><strong>\u00c9change<\/strong> avec les participant\u00b7e\u00b7s sur les sujets qui les pr\u00e9occupent, en lien avec Zewo<\/td><\/tr><tr><td><strong>16h15<\/strong><\/td><td>\ud83c\udf77Ap\u00e9ro et Fin<\/td><\/tr><\/tbody><\/table><\/figure>\n\n\n\n<div style=\"height:40px\" aria-hidden=\"true\" class=\"wp-block-spacer\"><\/div>\n\n\n\n<h2 class=\"wp-block-heading\" id=\"h-programme-de-la-rencontre-a-lausanne\"><strong>Programme de la rencontre \u00e0 Lausanne<\/strong><\/h2>\n\n\n\n<p><strong>Date&nbsp;: Lundi 15 juin 2026<\/strong><br><strong>Lieu&nbsp;:<\/strong> <strong>tibits Lausanne, Place de la Gare 11<\/strong><br><strong>Mod\u00e9ration&nbsp;:<\/strong> Catherine Baud-Lavigne, mandataire Zewo pour la Suisse romande<\/p>\n\n\n\n<figure class=\"wp-block-table\"><table class=\"has-fixed-layout\"><tbody><tr><td><strong>13h45<\/strong><\/td><td>\u2615 Accueil- Caf\u00e9<\/td><\/tr><tr><td><strong>14h00<\/strong><\/td><td><strong>Le monde du don \u00e9volue : enjeux et d\u00e9fis pour les organisations d\u2019entraide<\/strong><br>Martina Ziegerer, Directrice, Fondation Zewo<\/td><\/tr><tr><td><strong>14h20<\/strong><\/td><td><strong>Soutien de la fondation Zewo en Suisse romande<\/strong><br>Catherine Baud-Lavigne, mandataire Zewo pour la Suisse romande<\/td><\/tr><tr><td><strong>14h40<\/strong><\/td><td><em>Pause<\/em><\/td><\/tr><tr><td><strong>15h00<\/strong><\/td><td><strong>Cyberrisques et s\u00e9curit\u00e9 num\u00e9rique : comprendre les enjeux<\/strong><em><br><\/em>Nicolas Germiquet, Head Cyber Security Advisory &amp; Digital Forensic, BDO SA<strong><br><br><em>Live hacking : 45 minutes pour prot\u00e9ger votre ONG<br><\/em><\/strong><em>En 45 minutes, vous verrez en direct&nbsp;comment un mot de passe peut \u00eatre vol\u00e9, comment une cl\u00e9 USB peut pi\u00e9ger un ordinateur, et comment&nbsp;des prestataires externes&nbsp;(IT, SaaS, cloud\u2026) peuvent \u00eatre cibl\u00e9s.<\/em><br><em>&nbsp;<\/em><br><em>Ce que vous en retirerez :<\/em><br>&#8211; <em>3 mesures simples \u00e0 activer d\u00e8s le lendemain<\/em><br>&#8211; <em>des r\u00e9ponses claires \u00e0 vos questions&nbsp;(sans jargon)<\/em><br><em>&nbsp;<\/em><br><em>Les cyberattaques touchent aussi les ONG via leurs partenaires.<\/em> <em>Ne laissez pas vos donateurs, vos donn\u00e9es et votre mission vuln\u00e9rables. <\/em><br><br><em>Pr\u00eats \u00e0 voir la r\u00e9alit\u00e9 ?<\/em><\/td><\/tr><tr><td><strong>15h45<\/strong><\/td><td><strong>Vos questions sur la cybers\u00e9curit\u00e9<\/strong><br>Nicolas Germiquet, Head Cyber Security Advisory &amp; Digital Forensic, BDO SA<\/td><\/tr><tr><td><strong>16h00<\/strong><\/td><td><strong>\u00c9change<\/strong> avec les participant\u00b7e\u00b7s sur les sujets qui les pr\u00e9occupent, en lien avec Zewo<\/td><\/tr><tr><td><strong>16h15<\/strong><\/td><td>\ud83c\udf77Ap\u00e9ro et Fin<\/td><\/tr><\/tbody><\/table><\/figure>\n\n\n\n<div style=\"height:40px\" aria-hidden=\"true\" class=\"wp-block-spacer\"><\/div>\n\n\n\n<figure class=\"wp-block-table\"><table class=\"has-fixed-layout\"><tbody><tr><td><strong>Prix&nbsp;:<\/strong> 20.- \/ personne<br><strong>Inscription&nbsp;: <\/strong>\ud83d\udc49 Vous \u00eates int\u00e9ress\u00e9\u00b7e\u00b7s ? N&rsquo;h\u00e9sitez donc pas \u00e0 r\u00e9server votre place et inscrivez-vous d\u00e8s maintenant \u00e0 l&rsquo;aide du formulaire ci-dessous. <\/td><\/tr><\/tbody><\/table><\/figure>\n\n\n\n<h2 class=\"wp-block-heading\" id=\"h-inscription\">Inscription<\/h2>\n\n\n\n<div class=\"wpcf7 no-js\" id=\"wpcf7-f5931479-o1\" lang=\"fr-FR\" dir=\"ltr\" data-wpcf7-id=\"5931479\">\n<div class=\"screen-reader-response\"><p role=\"status\" aria-live=\"polite\" aria-atomic=\"true\"><\/p> <ul><\/ul><\/div>\n<form action=\"\/fr\/wp-json\/wp\/v2\/pages\/5939008#wpcf7-f5931479-o1\" method=\"post\" class=\"wpcf7-form init\" aria-label=\"Formulaire de contact\" novalidate=\"novalidate\" data-status=\"init\">\n<fieldset class=\"hidden-fields-container\"><input type=\"hidden\" name=\"_wpcf7\" value=\"5931479\" \/><input type=\"hidden\" name=\"_wpcf7_version\" value=\"6.1.2\" \/><input type=\"hidden\" name=\"_wpcf7_locale\" value=\"fr_FR\" \/><input type=\"hidden\" name=\"_wpcf7_unit_tag\" value=\"wpcf7-f5931479-o1\" \/><input type=\"hidden\" name=\"_wpcf7_container_post\" value=\"0\" \/><input type=\"hidden\" name=\"_wpcf7_posted_data_hash\" value=\"\" \/><input type=\"hidden\" name=\"_wpcf7_recaptcha_response\" value=\"\" \/>\n<\/fieldset>\n<p>Formules d\u2019appel<br \/>\n<span class=\"wpcf7-form-control-wrap\" data-name=\"Anrede\"><select class=\"wpcf7-form-control wpcf7-select wpcf7-validates-as-required\" aria-required=\"true\" aria-invalid=\"false\" name=\"Anrede\"><option value=\"\">&#8212;Veuillez choisir une option&#8212;<\/option><option value=\"Madame\">Madame<\/option><option value=\"Monsieur\">Monsieur<\/option><\/select><\/span>\n<\/p>\n<div class=\"form-field\">\n\t<p><label> Pr\u00e9nom* <\/label><br \/>\n<span class=\"wpcf7-form-control-wrap\" data-name=\"f-name\"><input size=\"40\" maxlength=\"400\" class=\"wpcf7-form-control wpcf7-text wpcf7-validates-as-required\" aria-required=\"true\" aria-invalid=\"false\" value=\"\" type=\"text\" name=\"f-name\" \/><\/span>\n\t<\/p>\n<\/div>\n<div class=\"form-field\">\n\t<p><label> Nom* <\/label><br \/>\n<span class=\"wpcf7-form-control-wrap\" data-name=\"f-surname\"><input size=\"40\" maxlength=\"400\" class=\"wpcf7-form-control wpcf7-text wpcf7-validates-as-required\" aria-required=\"true\" aria-invalid=\"false\" value=\"\" type=\"text\" name=\"f-surname\" \/><\/span>\n\t<\/p>\n<\/div>\n<div class=\"form-field\">\n\t<p><label> E-Mail* <\/label><br \/>\n<span class=\"wpcf7-form-control-wrap\" data-name=\"f-email\"><input size=\"40\" maxlength=\"400\" class=\"wpcf7-form-control wpcf7-email wpcf7-validates-as-required wpcf7-text wpcf7-validates-as-email\" aria-required=\"true\" aria-invalid=\"false\" value=\"\" type=\"email\" name=\"f-email\" \/><\/span>\n\t<\/p>\n<\/div>\n<div class=\"form-field\">\n\t<p><label> T\u00e9l\u00e9phone <\/label><br \/>\n<span class=\"wpcf7-form-control-wrap\" data-name=\"f-phone\"><input size=\"40\" maxlength=\"400\" class=\"wpcf7-form-control wpcf7-text\" aria-invalid=\"false\" value=\"\" type=\"text\" name=\"f-phone\" \/><\/span>\n\t<\/p>\n<\/div>\n<div class=\"form-field\">\n\t<p><label> Organisation* <\/label><br \/>\n<span class=\"wpcf7-form-control-wrap\" data-name=\"f-company\"><input size=\"40\" maxlength=\"400\" class=\"wpcf7-form-control wpcf7-text wpcf7-validates-as-required\" aria-required=\"true\" aria-invalid=\"false\" value=\"\" type=\"text\" name=\"f-company\" \/><\/span>\n\t<\/p>\n<\/div>\n<div class=\"form-field\">\n\t<p><label> Adresse* <\/label><br \/>\n<span class=\"wpcf7-form-control-wrap\" data-name=\"f-strasse\"><input size=\"40\" maxlength=\"400\" class=\"wpcf7-form-control wpcf7-text wpcf7-validates-as-required\" aria-required=\"true\" aria-invalid=\"false\" value=\"\" type=\"text\" name=\"f-strasse\" \/><\/span>\n\t<\/p>\n<\/div>\n<div class=\"form-field\">\n\t<p><label> Code postal\/lieu* <\/label><br \/>\n<span class=\"wpcf7-form-control-wrap\" data-name=\"f-address\"><input size=\"40\" maxlength=\"400\" class=\"wpcf7-form-control wpcf7-text wpcf7-validates-as-required\" aria-required=\"true\" aria-invalid=\"false\" value=\"\" type=\"text\" name=\"f-address\" \/><\/span>\n\t<\/p>\n<\/div>\n<p>Veuillez indiquer l'\u00e9v\u00e9nement auquel vous souhaitez vous inscrire:<br \/>\n<span class=\"wpcf7-form-control-wrap\" data-name=\"menu-257\"><select class=\"wpcf7-form-control wpcf7-select wpcf7-validates-as-required\" aria-required=\"true\" aria-invalid=\"false\" name=\"menu-257\"><option value=\"\">&#8212;Veuillez choisir une option&#8212;<\/option><option value=\"\u00c9v\u00e9nement \u00e0 Gen\u00e8ve\">\u00c9v\u00e9nement \u00e0 Gen\u00e8ve<\/option><option value=\"\u00c9v\u00e9nement \u00e0 Lausanne\">\u00c9v\u00e9nement \u00e0 Lausanne<\/option><\/select><\/span>\n<\/p>\n<div class=\"form-field\">\n\t<p><label> Message <\/label><br \/>\n<span class=\"wpcf7-form-control-wrap\" data-name=\"f-message\"><textarea cols=\"40\" rows=\"10\" maxlength=\"2000\" class=\"wpcf7-form-control wpcf7-textarea\" aria-invalid=\"false\" name=\"f-message\"><\/textarea><\/span>\n\t<\/p>\n<\/div>\n<p><button id='submit' class='wpcf7-form-control wpcf7-submit button is--transparent'><span class=\"button-arrow\"><\/span>Envoyer l'inscription<\/button>\n<\/p><div class=\"wpcf7-response-output\" aria-hidden=\"true\"><\/div>\n<\/form>\n<\/div>\n\n","protected":false},"excerpt":{"rendered":"<p>En 2026, la Fondation Zewo organise \u00e0 nouveau des \u00e9v\u00e9nements en Suisse romande pour entretenir et renforcer les liens avec vous, organisations d&rsquo;entraide romandes, et pour \u00e9changer autour de th\u00e8mes centraux en lien avec la collecte de fonds et vos besoins concrets. Ces rencontres s&rsquo;adressent aussi bien aux organisations certifi\u00e9es qu&rsquo;aux organisations non certifi\u00e9es. Th\u00e8me [&hellip;]<\/p>\n","protected":false},"author":204,"featured_media":5939006,"parent":0,"menu_order":0,"comment_status":"closed","ping_status":"closed","template":"","meta":{"_acf_changed":false,"footnotes":""},"folder":[],"class_list":["post-5939008","page","type-page","status-publish","has-post-thumbnail","hentry"],"acf":[],"yoast_head":"<!-- This site is optimized with the Yoast SEO Premium plugin v26.0 (Yoast SEO v26.0) - https:\/\/yoast.com\/wordpress\/plugins\/seo\/ -->\n<title>Zewo<\/title>\n<meta name=\"description\" content=\"D\u00e9couvrez le programme des Rencontres Zewo pr\u00e9vues en mai et juin 2026 \u00e0 Gen\u00e8ve et \u00e0 Lausanne, et inscrivez-vous en ligne.\" \/>\n<meta name=\"robots\" content=\"index, follow, max-snippet:-1, max-image-preview:large, max-video-preview:-1\" \/>\n<link rel=\"canonical\" href=\"https:\/\/zewo.ch\/fr\/les-rencontres-zewo-npo-en-suisse-romande-2026\/\" \/>\n<meta property=\"og:locale\" content=\"fr_FR\" \/>\n<meta property=\"og:type\" content=\"article\" \/>\n<meta property=\"og:description\" content=\"D\u00e9couvrez le programme des Rencontres Zewo pr\u00e9vues en mai et juin 2026 \u00e0 Gen\u00e8ve et \u00e0 Lausanne, et inscrivez-vous en ligne.\" \/>\n<meta property=\"og:url\" content=\"https:\/\/zewo.ch\/fr\/les-rencontres-zewo-npo-en-suisse-romande-2026\/\" \/>\n<meta property=\"og:site_name\" content=\"Zewo\" \/>\n<meta property=\"article:publisher\" content=\"https:\/\/www.facebook.com\/Stiftung.ZEWO\/\" \/>\n<meta property=\"article:modified_time\" content=\"2026-04-14T14:29:50+00:00\" \/>\n<meta property=\"og:image\" content=\"https:\/\/zewo.ch\/wp-content\/uploads\/2026\/04\/Events_Romandie_2026.jpg\" \/>\n\t<meta property=\"og:image:width\" content=\"600\" \/>\n\t<meta property=\"og:image:height\" content=\"200\" \/>\n\t<meta property=\"og:image:type\" content=\"image\/jpeg\" \/>\n<meta name=\"twitter:card\" content=\"summary_large_image\" \/>\n<meta name=\"twitter:site\" content=\"@stiftung_zewo\" \/>\n<meta name=\"twitter:label1\" content=\"Dur\u00e9e de lecture estim\u00e9e\" \/>\n\t<meta name=\"twitter:data1\" content=\"4 minutes\" \/>\n<script type=\"application\/ld+json\" class=\"yoast-schema-graph\">{\"@context\":\"https:\/\/schema.org\",\"@graph\":[{\"@type\":\"WebPage\",\"@id\":\"https:\/\/zewo.ch\/fr\/les-rencontres-zewo-npo-en-suisse-romande-2026\/#webpage\",\"url\":\"https:\/\/zewo.ch\/fr\/les-rencontres-zewo-npo-en-suisse-romande-2026\/#webpage\",\"name\":\"\",\"isPartOf\":{\"@id\":\"https:\/\/zewo.ch\/fr\/#website\"},\"primaryImageOfPage\":{\"@id\":\"https:\/\/zewo.ch\/fr\/les-rencontres-zewo-npo-en-suisse-romande-2026\/#primaryimage\"},\"image\":{\"@id\":\"https:\/\/zewo.ch\/fr\/les-rencontres-zewo-npo-en-suisse-romande-2026\/#primaryimage\"},\"thumbnailUrl\":\"https:\/\/zewo.ch\/wp-content\/uploads\/2026\/04\/Events_Romandie_2026.jpg\",\"datePublished\":\"2026-04-14T10:11:39+00:00\",\"dateModified\":\"2026-04-14T14:29:50+00:00\",\"description\":\"D\u00e9couvrez le programme des Rencontres Zewo pr\u00e9vues en mai et juin 2026 \u00e0 Gen\u00e8ve et \u00e0 Lausanne, et inscrivez-vous en ligne.\",\"breadcrumb\":{\"@id\":\"https:\/\/zewo.ch\/fr\/les-rencontres-zewo-npo-en-suisse-romande-2026\/#breadcrumb\"},\"inLanguage\":\"fr-FR\",\"potentialAction\":[{\"@type\":\"ReadAction\",\"target\":[\"https:\/\/zewo.ch\/fr\/les-rencontres-zewo-npo-en-suisse-romande-2026\/\"]}]},{\"@type\":\"ImageObject\",\"inLanguage\":\"fr-FR\",\"@id\":\"https:\/\/zewo.ch\/fr\/les-rencontres-zewo-npo-en-suisse-romande-2026\/#primaryimage\",\"url\":\"https:\/\/zewo.ch\/wp-content\/uploads\/2026\/04\/Events_Romandie_2026.jpg\",\"contentUrl\":\"https:\/\/zewo.ch\/wp-content\/uploads\/2026\/04\/Events_Romandie_2026.jpg\",\"width\":600,\"height\":200,\"caption\":\"Evenements Zewo Romandie 2026\"},{\"@type\":\"BreadcrumbList\",\"@id\":\"https:\/\/zewo.ch\/fr\/les-rencontres-zewo-npo-en-suisse-romande-2026\/#breadcrumb\",\"itemListElement\":[{\"@type\":\"ListItem\",\"position\":1,\"name\":\"Home\",\"item\":\"https:\/\/zewo.ch\/fr\/\"},{\"@type\":\"ListItem\",\"position\":2,\"name\":\"Les rencontres Zewo \u2013 NPO en Suisse romande 2026\"}]},{\"@type\":\"WebSite\",\"@id\":\"https:\/\/zewo.ch\/fr\/#website\",\"url\":\"https:\/\/zewo.ch\/fr\/\",\"name\":\"Zewo\",\"description\":\"Votre don en bonnes mains.\",\"publisher\":{\"@id\":\"https:\/\/zewo.ch\/fr\/#organization\"},\"potentialAction\":[{\"@type\":\"SearchAction\",\"target\":{\"@type\":\"EntryPoint\",\"urlTemplate\":\"https:\/\/zewo.ch\/fr\/?s={search_term_string}\"},\"query-input\":{\"@type\":\"PropertyValueSpecification\",\"valueRequired\":true,\"valueName\":\"search_term_string\"}}],\"inLanguage\":\"fr-FR\"},{\"@type\":\"Organization\",\"@id\":\"https:\/\/zewo.ch\/fr\/#organization\",\"name\":\"Stiftung Zewo\",\"url\":\"https:\/\/zewo.ch\/fr\/\",\"logo\":{\"@type\":\"ImageObject\",\"inLanguage\":\"fr-FR\",\"@id\":\"https:\/\/zewo.ch\/fr\/#\/schema\/logo\/image\/\",\"url\":\"https:\/\/zewo.ch\/wp-content\/uploads\/2019\/08\/Zewo_Logo_Claim_D.svg\",\"contentUrl\":\"https:\/\/zewo.ch\/wp-content\/uploads\/2019\/08\/Zewo_Logo_Claim_D.svg\",\"width\":1,\"height\":1,\"caption\":\"Stiftung Zewo\"},\"image\":{\"@id\":\"https:\/\/zewo.ch\/fr\/#\/schema\/logo\/image\/\"},\"sameAs\":[\"https:\/\/www.facebook.com\/Stiftung.ZEWO\/\",\"https:\/\/x.com\/stiftung_zewo\",\"https:\/\/www.linkedin.com\/company\/stiftung-zewo\",\"https:\/\/www.youtube.com\/channel\/UCzjsVJro12OXcvvx1LQP8tw\",\"https:\/\/de.wikipedia.org\/wiki\/Zewo\"]}]}<\/script>\n<!-- \/ Yoast SEO Premium plugin. -->","yoast_head_json":{"title":"Zewo","description":"D\u00e9couvrez le programme des Rencontres Zewo pr\u00e9vues en mai et juin 2026 \u00e0 Gen\u00e8ve et \u00e0 Lausanne, et inscrivez-vous en ligne.","robots":{"index":"index","follow":"follow","max-snippet":"max-snippet:-1","max-image-preview":"max-image-preview:large","max-video-preview":"max-video-preview:-1"},"canonical":"https:\/\/zewo.ch\/fr\/les-rencontres-zewo-npo-en-suisse-romande-2026\/","og_locale":"fr_FR","og_type":"article","og_description":"D\u00e9couvrez le programme des Rencontres Zewo pr\u00e9vues en mai et juin 2026 \u00e0 Gen\u00e8ve et \u00e0 Lausanne, et inscrivez-vous en ligne.","og_url":"https:\/\/zewo.ch\/fr\/les-rencontres-zewo-npo-en-suisse-romande-2026\/","og_site_name":"Zewo","article_publisher":"https:\/\/www.facebook.com\/Stiftung.ZEWO\/","article_modified_time":"2026-04-14T14:29:50+00:00","og_image":[{"width":600,"height":200,"url":"https:\/\/zewo.ch\/wp-content\/uploads\/2026\/04\/Events_Romandie_2026.jpg","type":"image\/jpeg"}],"twitter_card":"summary_large_image","twitter_site":"@stiftung_zewo","twitter_misc":{"Dur\u00e9e de lecture estim\u00e9e":"4 minutes"},"schema":{"@context":"https:\/\/schema.org","@graph":[{"@type":"WebPage","@id":"https:\/\/zewo.ch\/fr\/les-rencontres-zewo-npo-en-suisse-romande-2026\/#webpage","url":"https:\/\/zewo.ch\/fr\/les-rencontres-zewo-npo-en-suisse-romande-2026\/#webpage","name":"","isPartOf":{"@id":"https:\/\/zewo.ch\/fr\/#website"},"primaryImageOfPage":{"@id":"https:\/\/zewo.ch\/fr\/les-rencontres-zewo-npo-en-suisse-romande-2026\/#primaryimage"},"image":{"@id":"https:\/\/zewo.ch\/fr\/les-rencontres-zewo-npo-en-suisse-romande-2026\/#primaryimage"},"thumbnailUrl":"https:\/\/zewo.ch\/wp-content\/uploads\/2026\/04\/Events_Romandie_2026.jpg","datePublished":"2026-04-14T10:11:39+00:00","dateModified":"2026-04-14T14:29:50+00:00","description":"D\u00e9couvrez le programme des Rencontres Zewo pr\u00e9vues en mai et juin 2026 \u00e0 Gen\u00e8ve et \u00e0 Lausanne, et inscrivez-vous en ligne.","breadcrumb":{"@id":"https:\/\/zewo.ch\/fr\/les-rencontres-zewo-npo-en-suisse-romande-2026\/#breadcrumb"},"inLanguage":"fr-FR","potentialAction":[{"@type":"ReadAction","target":["https:\/\/zewo.ch\/fr\/les-rencontres-zewo-npo-en-suisse-romande-2026\/"]}]},{"@type":"ImageObject","inLanguage":"fr-FR","@id":"https:\/\/zewo.ch\/fr\/les-rencontres-zewo-npo-en-suisse-romande-2026\/#primaryimage","url":"https:\/\/zewo.ch\/wp-content\/uploads\/2026\/04\/Events_Romandie_2026.jpg","contentUrl":"https:\/\/zewo.ch\/wp-content\/uploads\/2026\/04\/Events_Romandie_2026.jpg","width":600,"height":200,"caption":"Evenements Zewo Romandie 2026"},{"@type":"BreadcrumbList","@id":"https:\/\/zewo.ch\/fr\/les-rencontres-zewo-npo-en-suisse-romande-2026\/#breadcrumb","itemListElement":[{"@type":"ListItem","position":1,"name":"Home","item":"https:\/\/zewo.ch\/fr\/"},{"@type":"ListItem","position":2,"name":"Les rencontres Zewo \u2013 NPO en Suisse romande 2026"}]},{"@type":"WebSite","@id":"https:\/\/zewo.ch\/fr\/#website","url":"https:\/\/zewo.ch\/fr\/","name":"Zewo","description":"Votre don en bonnes mains.","publisher":{"@id":"https:\/\/zewo.ch\/fr\/#organization"},"potentialAction":[{"@type":"SearchAction","target":{"@type":"EntryPoint","urlTemplate":"https:\/\/zewo.ch\/fr\/?s={search_term_string}"},"query-input":{"@type":"PropertyValueSpecification","valueRequired":true,"valueName":"search_term_string"}}],"inLanguage":"fr-FR"},{"@type":"Organization","@id":"https:\/\/zewo.ch\/fr\/#organization","name":"Stiftung Zewo","url":"https:\/\/zewo.ch\/fr\/","logo":{"@type":"ImageObject","inLanguage":"fr-FR","@id":"https:\/\/zewo.ch\/fr\/#\/schema\/logo\/image\/","url":"https:\/\/zewo.ch\/wp-content\/uploads\/2019\/08\/Zewo_Logo_Claim_D.svg","contentUrl":"https:\/\/zewo.ch\/wp-content\/uploads\/2019\/08\/Zewo_Logo_Claim_D.svg","width":1,"height":1,"caption":"Stiftung Zewo"},"image":{"@id":"https:\/\/zewo.ch\/fr\/#\/schema\/logo\/image\/"},"sameAs":["https:\/\/www.facebook.com\/Stiftung.ZEWO\/","https:\/\/x.com\/stiftung_zewo","https:\/\/www.linkedin.com\/company\/stiftung-zewo","https:\/\/www.youtube.com\/channel\/UCzjsVJro12OXcvvx1LQP8tw","https:\/\/de.wikipedia.org\/wiki\/Zewo"]}]}},"publishpress_future_action":{"enabled":false,"date":"2026-04-22 03:43:15","action":"change-status","newStatus":"draft","terms":[],"taxonomy":"translation_priority","extraData":[]},"publishpress_future_workflow_manual_trigger":{"enabledWorkflows":[]},"_links":{"self":[{"href":"https:\/\/zewo.ch\/fr\/wp-json\/wp\/v2\/pages\/5939008","targetHints":{"allow":["GET"]}}],"collection":[{"href":"https:\/\/zewo.ch\/fr\/wp-json\/wp\/v2\/pages"}],"about":[{"href":"https:\/\/zewo.ch\/fr\/wp-json\/wp\/v2\/types\/page"}],"author":[{"embeddable":true,"href":"https:\/\/zewo.ch\/fr\/wp-json\/wp\/v2\/users\/204"}],"replies":[{"embeddable":true,"href":"https:\/\/zewo.ch\/fr\/wp-json\/wp\/v2\/comments?post=5939008"}],"version-history":[{"count":35,"href":"https:\/\/zewo.ch\/fr\/wp-json\/wp\/v2\/pages\/5939008\/revisions"}],"predecessor-version":[{"id":5939494,"href":"https:\/\/zewo.ch\/fr\/wp-json\/wp\/v2\/pages\/5939008\/revisions\/5939494"}],"wp:featuredmedia":[{"embeddable":true,"href":"https:\/\/zewo.ch\/fr\/wp-json\/wp\/v2\/media\/5939006"}],"wp:attachment":[{"href":"https:\/\/zewo.ch\/fr\/wp-json\/wp\/v2\/media?parent=5939008"}],"wp:term":[{"taxonomy":"folder","embeddable":true,"href":"https:\/\/zewo.ch\/fr\/wp-json\/wp\/v2\/folder?post=5939008"}],"curies":[{"name":"wp","href":"https:\/\/api.w.org\/{rel}","templated":true}]}}