{"id":5938686,"date":"2026-03-06T16:44:45","date_gmt":"2026-03-06T15:44:45","guid":{"rendered":"https:\/\/zewo.ch\/?page_id=5938686"},"modified":"2026-03-26T14:15:01","modified_gmt":"2026-03-26T13:15:01","slug":"conflit-au-moyen-orient-aide-durgence-pour-la-population","status":"publish","type":"page","link":"https:\/\/zewo.ch\/fr\/conflit-au-moyen-orient-aide-durgence-pour-la-population\/","title":{"rendered":"Conflit au Moyen-Orient : aide d\u2019urgence pour la population"},"content":{"rendered":"\n<p>L\u2019escalade du conflit au Moyen-Orient plonge un grand nombre de personnes dans une d\u00e9tresse profonde. Dans plusieurs pays de la r\u00e9gion, de violentes attaques ont eu lieu. La situation humanitaire reste tendue et repr\u00e9sente un d\u00e9fi majeur pour les communaut\u00e9s touch\u00e9es.<\/p>\n\n\n\n<p><strong>Agir maintenant :<\/strong> Soutenez la population affect\u00e9e par un don \u2013 votre aide est entre de bonnes mains aupr\u00e8s de ces organisations certifi\u00e9es :<\/p>\n\n\n\n<ul class=\"wp-block-cgb-block-zewo-block-links container container-columns-1\">\n<li class=\"wp-block-cgb-block-zewo-block-link ab-block-link\"><a href=\"https:\/\/www.caritas.ch\/fr\/faire-un-don\/aide-pour-les-personnes-touchees-au-liban\/\" class=\"button\"><span>Caritas<\/span><span class=\"button-arrow--long\"><\/span><\/a><\/li>\n\n\n\n<li class=\"wp-block-cgb-block-zewo-block-link ab-block-link\"><a href=\"https:\/\/www.redcross.ch\/fr\/notre-engagement\/news-et-articles\/conflit-moyen-orient\" class=\"button\"><span>Croix-Rouge Suisse <\/span><span class=\"button-arrow--long\"><\/span><\/a><\/li>\n\n\n\n<li class=\"wp-block-cgb-block-zewo-block-link ab-block-link\"><a href=\"https:\/\/ena-schweiz.ch\/en\/erkunden\/nothilfe\/nothilfe-im-libanon\/\" class=\"button\"><span>Ena<\/span><span class=\"button-arrow--long\"><\/span><\/a><\/li>\n\n\n\n<li class=\"wp-block-cgb-block-zewo-block-link ab-block-link\"><a href=\"https:\/\/www.eper.ch\/aide-durgence-au-Proche-Orient\" class=\"button\"><span>EPER <\/span><span class=\"button-arrow--long\"><\/span><\/a><\/li>\n\n\n\n<li class=\"wp-block-cgb-block-zewo-block-link ab-block-link\"><a href=\"https:\/\/fsh.ngo\/projet\/gaza-affamee-votre-aide-est-leur-seul-espoir-2\/\" class=\"button\"><span>Fondation Secours Humanitaire FSH <\/span><span class=\"button-arrow--long\"><\/span><\/a><\/li>\n<\/ul>\n\n\n\n<p><\/p>\n","protected":false},"excerpt":{"rendered":"<p>L\u2019escalade du conflit au Moyen-Orient plonge un grand nombre de personnes dans une d\u00e9tresse profonde. Dans plusieurs pays de la r\u00e9gion, de violentes attaques ont eu lieu. La situation humanitaire reste tendue et repr\u00e9sente un d\u00e9fi majeur pour les communaut\u00e9s touch\u00e9es. Agir maintenant : Soutenez la population affect\u00e9e par un don \u2013 votre aide est [&hellip;]<\/p>\n","protected":false},"author":204,"featured_media":5938691,"parent":0,"menu_order":0,"comment_status":"closed","ping_status":"closed","template":"","meta":{"_acf_changed":false,"footnotes":""},"folder":[],"class_list":["post-5938686","page","type-page","status-publish","has-post-thumbnail","hentry"],"acf":[],"yoast_head":"<!-- This site is optimized with the Yoast SEO Premium plugin v26.0 (Yoast SEO v26.0) - https:\/\/yoast.com\/wordpress\/plugins\/seo\/ -->\n<title>Zewo<\/title>\n<meta name=\"description\" content=\"Les organisations d&#039;entraide certifi\u00e9es par la Zewo apportent une aide humanitaire aux populations touch\u00e9es par le conflit au Proche-Orient.\" \/>\n<meta name=\"robots\" content=\"index, follow, max-snippet:-1, max-image-preview:large, max-video-preview:-1\" \/>\n<link rel=\"canonical\" href=\"https:\/\/zewo.ch\/fr\/conflit-au-moyen-orient-aide-durgence-pour-la-population\/\" \/>\n<meta property=\"og:locale\" content=\"fr_FR\" \/>\n<meta property=\"og:type\" content=\"article\" \/>\n<meta property=\"og:description\" content=\"Les organisations d&#039;entraide certifi\u00e9es par la Zewo apportent une aide humanitaire aux populations touch\u00e9es par le conflit au Proche-Orient.\" \/>\n<meta property=\"og:url\" content=\"https:\/\/zewo.ch\/fr\/conflit-au-moyen-orient-aide-durgence-pour-la-population\/\" \/>\n<meta property=\"og:site_name\" content=\"Zewo\" \/>\n<meta property=\"article:publisher\" content=\"https:\/\/www.facebook.com\/Stiftung.ZEWO\/\" \/>\n<meta property=\"article:modified_time\" content=\"2026-03-26T13:15:01+00:00\" \/>\n<meta property=\"og:image\" content=\"https:\/\/zewo.ch\/wp-content\/uploads\/2026\/03\/Bild_Nahost_Konflikt.png\" \/>\n\t<meta property=\"og:image:width\" content=\"1200\" \/>\n\t<meta property=\"og:image:height\" content=\"800\" \/>\n\t<meta property=\"og:image:type\" content=\"image\/png\" \/>\n<meta name=\"twitter:card\" content=\"summary_large_image\" \/>\n<meta name=\"twitter:site\" content=\"@stiftung_zewo\" \/>\n<meta name=\"twitter:label1\" content=\"Dur\u00e9e de lecture estim\u00e9e\" \/>\n\t<meta name=\"twitter:data1\" content=\"1 minute\" \/>\n<script type=\"application\/ld+json\" class=\"yoast-schema-graph\">{\"@context\":\"https:\/\/schema.org\",\"@graph\":[{\"@type\":\"WebPage\",\"@id\":\"https:\/\/zewo.ch\/fr\/conflit-au-moyen-orient-aide-durgence-pour-la-population\/#webpage\",\"url\":\"https:\/\/zewo.ch\/fr\/conflit-au-moyen-orient-aide-durgence-pour-la-population\/#webpage\",\"name\":\"\",\"isPartOf\":{\"@id\":\"https:\/\/zewo.ch\/fr\/#website\"},\"primaryImageOfPage\":{\"@id\":\"https:\/\/zewo.ch\/fr\/conflit-au-moyen-orient-aide-durgence-pour-la-population\/#primaryimage\"},\"image\":{\"@id\":\"https:\/\/zewo.ch\/fr\/conflit-au-moyen-orient-aide-durgence-pour-la-population\/#primaryimage\"},\"thumbnailUrl\":\"https:\/\/zewo.ch\/wp-content\/uploads\/2026\/03\/Bild_Nahost_Konflikt.png\",\"datePublished\":\"2026-03-06T15:44:45+00:00\",\"dateModified\":\"2026-03-26T13:15:01+00:00\",\"description\":\"Les organisations d'entraide certifi\u00e9es par la Zewo apportent une aide humanitaire aux populations touch\u00e9es par le conflit au Proche-Orient.\",\"breadcrumb\":{\"@id\":\"https:\/\/zewo.ch\/fr\/conflit-au-moyen-orient-aide-durgence-pour-la-population\/#breadcrumb\"},\"inLanguage\":\"fr-FR\",\"potentialAction\":[{\"@type\":\"ReadAction\",\"target\":[\"https:\/\/zewo.ch\/fr\/conflit-au-moyen-orient-aide-durgence-pour-la-population\/\"]}]},{\"@type\":\"ImageObject\",\"inLanguage\":\"fr-FR\",\"@id\":\"https:\/\/zewo.ch\/fr\/conflit-au-moyen-orient-aide-durgence-pour-la-population\/#primaryimage\",\"url\":\"https:\/\/zewo.ch\/wp-content\/uploads\/2026\/03\/Bild_Nahost_Konflikt.png\",\"contentUrl\":\"https:\/\/zewo.ch\/wp-content\/uploads\/2026\/03\/Bild_Nahost_Konflikt.png\",\"width\":1200,\"height\":800},{\"@type\":\"BreadcrumbList\",\"@id\":\"https:\/\/zewo.ch\/fr\/conflit-au-moyen-orient-aide-durgence-pour-la-population\/#breadcrumb\",\"itemListElement\":[{\"@type\":\"ListItem\",\"position\":1,\"name\":\"Home\",\"item\":\"https:\/\/zewo.ch\/fr\/\"},{\"@type\":\"ListItem\",\"position\":2,\"name\":\"Conflit au Moyen-Orient : aide d\u2019urgence pour la population\"}]},{\"@type\":\"WebSite\",\"@id\":\"https:\/\/zewo.ch\/fr\/#website\",\"url\":\"https:\/\/zewo.ch\/fr\/\",\"name\":\"Zewo\",\"description\":\"Votre don en bonnes mains.\",\"publisher\":{\"@id\":\"https:\/\/zewo.ch\/fr\/#organization\"},\"potentialAction\":[{\"@type\":\"SearchAction\",\"target\":{\"@type\":\"EntryPoint\",\"urlTemplate\":\"https:\/\/zewo.ch\/fr\/?s={search_term_string}\"},\"query-input\":{\"@type\":\"PropertyValueSpecification\",\"valueRequired\":true,\"valueName\":\"search_term_string\"}}],\"inLanguage\":\"fr-FR\"},{\"@type\":\"Organization\",\"@id\":\"https:\/\/zewo.ch\/fr\/#organization\",\"name\":\"Stiftung Zewo\",\"url\":\"https:\/\/zewo.ch\/fr\/\",\"logo\":{\"@type\":\"ImageObject\",\"inLanguage\":\"fr-FR\",\"@id\":\"https:\/\/zewo.ch\/fr\/#\/schema\/logo\/image\/\",\"url\":\"https:\/\/zewo.ch\/wp-content\/uploads\/2019\/08\/Zewo_Logo_Claim_D.svg\",\"contentUrl\":\"https:\/\/zewo.ch\/wp-content\/uploads\/2019\/08\/Zewo_Logo_Claim_D.svg\",\"width\":1,\"height\":1,\"caption\":\"Stiftung Zewo\"},\"image\":{\"@id\":\"https:\/\/zewo.ch\/fr\/#\/schema\/logo\/image\/\"},\"sameAs\":[\"https:\/\/www.facebook.com\/Stiftung.ZEWO\/\",\"https:\/\/x.com\/stiftung_zewo\",\"https:\/\/www.linkedin.com\/company\/stiftung-zewo\",\"https:\/\/www.youtube.com\/channel\/UCzjsVJro12OXcvvx1LQP8tw\",\"https:\/\/de.wikipedia.org\/wiki\/Zewo\"]}]}<\/script>\n<!-- \/ Yoast SEO Premium plugin. -->","yoast_head_json":{"title":"Zewo","description":"Les organisations d'entraide certifi\u00e9es par la Zewo apportent une aide humanitaire aux populations touch\u00e9es par le conflit au Proche-Orient.","robots":{"index":"index","follow":"follow","max-snippet":"max-snippet:-1","max-image-preview":"max-image-preview:large","max-video-preview":"max-video-preview:-1"},"canonical":"https:\/\/zewo.ch\/fr\/conflit-au-moyen-orient-aide-durgence-pour-la-population\/","og_locale":"fr_FR","og_type":"article","og_description":"Les organisations d'entraide certifi\u00e9es par la Zewo apportent une aide humanitaire aux populations touch\u00e9es par le conflit au Proche-Orient.","og_url":"https:\/\/zewo.ch\/fr\/conflit-au-moyen-orient-aide-durgence-pour-la-population\/","og_site_name":"Zewo","article_publisher":"https:\/\/www.facebook.com\/Stiftung.ZEWO\/","article_modified_time":"2026-03-26T13:15:01+00:00","og_image":[{"width":1200,"height":800,"url":"https:\/\/zewo.ch\/wp-content\/uploads\/2026\/03\/Bild_Nahost_Konflikt.png","type":"image\/png"}],"twitter_card":"summary_large_image","twitter_site":"@stiftung_zewo","twitter_misc":{"Dur\u00e9e de lecture estim\u00e9e":"1 minute"},"schema":{"@context":"https:\/\/schema.org","@graph":[{"@type":"WebPage","@id":"https:\/\/zewo.ch\/fr\/conflit-au-moyen-orient-aide-durgence-pour-la-population\/#webpage","url":"https:\/\/zewo.ch\/fr\/conflit-au-moyen-orient-aide-durgence-pour-la-population\/#webpage","name":"","isPartOf":{"@id":"https:\/\/zewo.ch\/fr\/#website"},"primaryImageOfPage":{"@id":"https:\/\/zewo.ch\/fr\/conflit-au-moyen-orient-aide-durgence-pour-la-population\/#primaryimage"},"image":{"@id":"https:\/\/zewo.ch\/fr\/conflit-au-moyen-orient-aide-durgence-pour-la-population\/#primaryimage"},"thumbnailUrl":"https:\/\/zewo.ch\/wp-content\/uploads\/2026\/03\/Bild_Nahost_Konflikt.png","datePublished":"2026-03-06T15:44:45+00:00","dateModified":"2026-03-26T13:15:01+00:00","description":"Les organisations d'entraide certifi\u00e9es par la Zewo apportent une aide humanitaire aux populations touch\u00e9es par le conflit au Proche-Orient.","breadcrumb":{"@id":"https:\/\/zewo.ch\/fr\/conflit-au-moyen-orient-aide-durgence-pour-la-population\/#breadcrumb"},"inLanguage":"fr-FR","potentialAction":[{"@type":"ReadAction","target":["https:\/\/zewo.ch\/fr\/conflit-au-moyen-orient-aide-durgence-pour-la-population\/"]}]},{"@type":"ImageObject","inLanguage":"fr-FR","@id":"https:\/\/zewo.ch\/fr\/conflit-au-moyen-orient-aide-durgence-pour-la-population\/#primaryimage","url":"https:\/\/zewo.ch\/wp-content\/uploads\/2026\/03\/Bild_Nahost_Konflikt.png","contentUrl":"https:\/\/zewo.ch\/wp-content\/uploads\/2026\/03\/Bild_Nahost_Konflikt.png","width":1200,"height":800},{"@type":"BreadcrumbList","@id":"https:\/\/zewo.ch\/fr\/conflit-au-moyen-orient-aide-durgence-pour-la-population\/#breadcrumb","itemListElement":[{"@type":"ListItem","position":1,"name":"Home","item":"https:\/\/zewo.ch\/fr\/"},{"@type":"ListItem","position":2,"name":"Conflit au Moyen-Orient : aide d\u2019urgence pour la population"}]},{"@type":"WebSite","@id":"https:\/\/zewo.ch\/fr\/#website","url":"https:\/\/zewo.ch\/fr\/","name":"Zewo","description":"Votre don en bonnes mains.","publisher":{"@id":"https:\/\/zewo.ch\/fr\/#organization"},"potentialAction":[{"@type":"SearchAction","target":{"@type":"EntryPoint","urlTemplate":"https:\/\/zewo.ch\/fr\/?s={search_term_string}"},"query-input":{"@type":"PropertyValueSpecification","valueRequired":true,"valueName":"search_term_string"}}],"inLanguage":"fr-FR"},{"@type":"Organization","@id":"https:\/\/zewo.ch\/fr\/#organization","name":"Stiftung Zewo","url":"https:\/\/zewo.ch\/fr\/","logo":{"@type":"ImageObject","inLanguage":"fr-FR","@id":"https:\/\/zewo.ch\/fr\/#\/schema\/logo\/image\/","url":"https:\/\/zewo.ch\/wp-content\/uploads\/2019\/08\/Zewo_Logo_Claim_D.svg","contentUrl":"https:\/\/zewo.ch\/wp-content\/uploads\/2019\/08\/Zewo_Logo_Claim_D.svg","width":1,"height":1,"caption":"Stiftung Zewo"},"image":{"@id":"https:\/\/zewo.ch\/fr\/#\/schema\/logo\/image\/"},"sameAs":["https:\/\/www.facebook.com\/Stiftung.ZEWO\/","https:\/\/x.com\/stiftung_zewo","https:\/\/www.linkedin.com\/company\/stiftung-zewo","https:\/\/www.youtube.com\/channel\/UCzjsVJro12OXcvvx1LQP8tw","https:\/\/de.wikipedia.org\/wiki\/Zewo"]}]}},"publishpress_future_action":{"enabled":false,"date":"2026-04-25 13:40:32","action":"change-status","newStatus":"draft","terms":[],"taxonomy":"translation_priority","extraData":[]},"publishpress_future_workflow_manual_trigger":{"enabledWorkflows":[]},"_links":{"self":[{"href":"https:\/\/zewo.ch\/fr\/wp-json\/wp\/v2\/pages\/5938686","targetHints":{"allow":["GET"]}}],"collection":[{"href":"https:\/\/zewo.ch\/fr\/wp-json\/wp\/v2\/pages"}],"about":[{"href":"https:\/\/zewo.ch\/fr\/wp-json\/wp\/v2\/types\/page"}],"author":[{"embeddable":true,"href":"https:\/\/zewo.ch\/fr\/wp-json\/wp\/v2\/users\/204"}],"replies":[{"embeddable":true,"href":"https:\/\/zewo.ch\/fr\/wp-json\/wp\/v2\/comments?post=5938686"}],"version-history":[{"count":10,"href":"https:\/\/zewo.ch\/fr\/wp-json\/wp\/v2\/pages\/5938686\/revisions"}],"predecessor-version":[{"id":5938904,"href":"https:\/\/zewo.ch\/fr\/wp-json\/wp\/v2\/pages\/5938686\/revisions\/5938904"}],"wp:featuredmedia":[{"embeddable":true,"href":"https:\/\/zewo.ch\/fr\/wp-json\/wp\/v2\/media\/5938691"}],"wp:attachment":[{"href":"https:\/\/zewo.ch\/fr\/wp-json\/wp\/v2\/media?parent=5938686"}],"wp:term":[{"taxonomy":"folder","embeddable":true,"href":"https:\/\/zewo.ch\/fr\/wp-json\/wp\/v2\/folder?post=5938686"}],"curies":[{"name":"wp","href":"https:\/\/api.w.org\/{rel}","templated":true}]}}