{"id":5936712,"date":"2026-01-21T16:46:45","date_gmt":"2026-01-21T15:46:45","guid":{"rendered":"https:\/\/zewo.ch\/?page_id=5936712"},"modified":"2026-01-21T16:46:46","modified_gmt":"2026-01-21T15:46:46","slug":"altruisme-efficace","status":"publish","type":"page","link":"https:\/\/zewo.ch\/fr\/altruisme-efficace\/","title":{"rendered":"Altruisme efficace"},"content":{"rendered":"\n<h2 class=\"wp-block-heading\">L\u2019altruisme efficace ne va pas assez loin \u2013 une analyse du point de vue de la Zewo<\/h2>\n\n\n\n<p><strong>L\u2019altruisme efficace vise \u00e0 affecter les dons l\u00e0 o\u00f9 ils permettent d\u2019obtenir l\u2019impact mesurable le plus \u00e9lev\u00e9 possible par franc donn\u00e9. La Zewo s\u2019engage elle aussi en faveur d\u2019une utilisation efficiente, orient\u00e9e vers l\u2019impact, transparente et soigneuse des fonds issus des dons. Du point de vue de la Zewo, une approche exclusivement ax\u00e9e sur l\u2019impact mesurable ne va toutefois pas assez loin, car elle ne prend pas suffisamment en compte des aspects \u00e9thiques, soci\u00e9taux et structurels essentiels de l\u2019action d\u2019utilit\u00e9 publique.<\/strong><\/p>\n\n\n\n<h2 class=\"wp-block-heading\" id=\"h-l-impact-est-plus-qu-un-indicateur\">L\u2019impact est plus qu\u2019un indicateur<\/h2>\n\n\n\n<p>L\u2019action d\u2019utilit\u00e9 publique s\u2019inscrit souvent dans des contextes soci\u00e9taux complexes. La proximit\u00e9 avec les personnes concern\u00e9es, la connaissance du terrain ainsi qu\u2019une perspective \u00e0 long terme sont des facteurs de r\u00e9ussite essentiels. De nombreuses organisations \u0153uvrent pendant des ann\u00e9es en faveur de changements structurels, notamment dans les domaines du climat, de l\u2019\u00e9ducation, de la coh\u00e9sion sociale, des droits humains ou du renforcement de la soci\u00e9t\u00e9 civile.<\/p>\n\n\n\n<p>L\u2019impact obtenu ne peut souvent \u00eatre mesur\u00e9 que de mani\u00e8re limit\u00e9e, ne peut pas \u00eatre attribu\u00e9 clairement \u00e0 des projets individuels et se pr\u00eate difficilement \u00e0 des comparaisons directes. Cela s\u2019explique notamment par des effets diff\u00e9r\u00e9s dans le temps, par l\u2019interaction de diff\u00e9rents acteurs ainsi que par des influences externes telles que les conditions-cadres soci\u00e9tales, politiques ou \u00e9conomiques.<\/p>\n\n\n\n<p>Une focalisation marqu\u00e9e sur des effets mesurables \u00e0 court terme et sur le \u00ab plus grand impact par franc \u00bb favorise certains types de projets et en exclut syst\u00e9matiquement d\u2019autres. Ainsi, le soutien apport\u00e9 en Suisse est souvent consid\u00e9r\u00e9, dans cette optique, comme insuffisamment efficace. Or, l\u2019impact ne se manifeste pas uniquement l\u00e0 o\u00f9 il est imm\u00e9diatement mesurable, mais aussi l\u00e0 o\u00f9 les organisations prennent les besoins au s\u00e9rieux, travaillent de mani\u00e8re participative, construisent des structures durables ou contribuent \u00e0 des changements de comportement et de conscience. L\u2019impact se d\u00e9veloppe souvent de mani\u00e8re progressive, indirecte et sur une p\u00e9riode prolong\u00e9e.<\/p>\n\n\n\n<h2 class=\"wp-block-heading\" id=\"h-agir-de-maniere-orientee-vers-l-impact\">Agir de mani\u00e8re orient\u00e9e vers l\u2019impact<\/h2>\n\n\n\n<p>Des repr\u00e9sentantes et repr\u00e9sentants de l\u2019altruisme efficace critiquent parfois le fait que les labels de qualit\u00e9 renseignent insuffisamment sur l\u2019impact r\u00e9el d\u2019une organisation. Cette appr\u00e9ciation m\u00e9conna\u00eet l\u2019objectif et la fonction des labels.<\/p>\n\n\n\n<p>Le label de qualit\u00e9 Zewo n\u2019est d\u00e9lib\u00e9r\u00e9ment pas un classement de l\u2019impact et ne constitue donc pas un instrument d\u2019\u00e9valuation ou de comparaison de l\u2019impact des organisations. Il v\u00e9rifie en revanche si les fonds issus des dons sont utilis\u00e9s de mani\u00e8re responsable, \u00e9conomique et orient\u00e9e vers l\u2019impact, si l\u2019organisation informe de mani\u00e8re transparente, est dirig\u00e9e selon les principes d\u2019une bonne gouvernance et si les moyens sont affect\u00e9s conform\u00e9ment \u00e0 l\u2019objectif d\u00e9clar\u00e9.<\/p>\n\n\n\n<p>Pour la Zewo, <a href=\"https:\/\/zewo.ch\/fr\/apercu-des-21-normes-zewo-condense-et-clair\/\">l\u2019orientation vers l\u2019impact<\/a> signifie que les organisations formulent clairement ce qu\u2019elles souhaitent changer, r\u00e9fl\u00e9chissent \u00e0 leur contribution \u00e0 cet impact, pilotent leurs activit\u00e9s en cons\u00e9quence et apprennent en tant qu\u2019institution \u2013 m\u00eame lorsque l\u2019impact obtenu ne peut pas toujours \u00eatre mesur\u00e9 int\u00e9gralement. Le label cr\u00e9e ainsi une base fiable de confiance, et non un classement destin\u00e9 \u00e0 comparer des organisations ou des projets d\u2019aide.<\/p>\n\n\n\n<h2 class=\"wp-block-heading\" id=\"h-la-responsabilite-plutot-que-les-comparaisons\">La responsabilit\u00e9 plut\u00f4t que les comparaisons<\/h2>\n\n\n\n<p>Un classement d\u2019ONG selon leur pr\u00e9tendue efficacit\u00e9 revient \u00e0 comparer la d\u00e9tresse humaine et la souffrance sur la base d\u2019indicateurs mesurables. Du point de vue de la Zewo, cela pose un probl\u00e8me \u00e9thique. La solidarit\u00e9, la dignit\u00e9 humaine et la responsabilit\u00e9 soci\u00e9tale ne peuvent pas \u00eatre repr\u00e9sent\u00e9es uniquement par des chiffres et ne devraient pas \u00eatre subordonn\u00e9es \u00e0 de pures consid\u00e9rations de co\u00fbts et de b\u00e9n\u00e9fices.<\/p>\n\n\n\n<h2 class=\"wp-block-heading\" id=\"h-l-impact-exige-une-vision-a-long-terme\">L\u2019impact exige une vision \u00e0 long terme<\/h2>\n\n\n\n<p>La force du secteur d\u2019utilit\u00e9 publique r\u00e9side dans sa diversit\u00e9. La pluralit\u00e9 des offres, des groupes cibles et des logiques d\u2019impact se compl\u00e8tent et sont n\u00e9cessaires \u00e0 la soci\u00e9t\u00e9. L\u2019altruisme efficace peut certes apporter des impulsions importantes \u00e0 la r\u00e9flexion sur l\u2019impact, mais une approche reposant exclusivement sur des impacts mesurables ne va pas assez loin.<\/p>\n\n\n\n<p>La Zewo poursuit donc une approche plus diff\u00e9renci\u00e9e et d\u00e9fend une <a href=\"https:\/\/zewo.ch\/fr\/zewo-impact-tool-demontrez-votre-efficacite\/\">conception large de l\u2019impact<\/a> : fond\u00e9e sur des donn\u00e9es probantes, mais aussi sur des valeurs et sensible au contexte. Les organisations d\u2019utilit\u00e9 publique doivent non seulement agir de mani\u00e8re efficiente et orient\u00e9e vers l\u2019impact, mais aussi de fa\u00e7on responsable, participative et \u00e9thiquement r\u00e9fl\u00e9chie \u2013 en tenant compte de la diversit\u00e9 soci\u00e9tale, des besoins locaux et de la n\u00e9cessit\u00e9 d\u2019une perspective \u00e0 long terme.<\/p>\n\n\n\n<div class=\"wp-block-columns is-layout-flex wp-container-core-columns-is-layout-9d6595d7 wp-block-columns-is-layout-flex\">\n<div class=\"wp-block-column is-layout-flow wp-block-column-is-layout-flow\">\n<div class=\"cell small-12 medium-6\"><div class=\"wp-block-cgb-block-zewo-block-image-text-teaser ab-block-cta\"><div class=\"ab-cta-image-wrap bg-color-secondary\"><img decoding=\"async\" class=\"ab-cta-image\" src=\"https:\/\/zewo.ch\/wp-content\/uploads\/2026\/01\/ZIT_Header_mit-Icon.png\" alt=\"Teaserbild Zewo Impact Tool\"\/><\/div><div class=\"ab-cta-content\"><h2 class=\"ab-cta-title\">Zewo Impact Tool \u2013 D\u00e9montrez votre efficacit\u00e9<\/h2><div class=\"ab-cta-text\">\n<p><strong>Agir efficacement est la cl\u00e9 du succ\u00e8s<\/strong><\/p>\n\n\n\n<p>Le Zewo Impact Tool aide les organisations d&rsquo;entraide \u00e0 agir de mani\u00e8re efficace \u2013 d\u00e8s maintenant avec de <strong>nouvelles fonctions d&rsquo;exportation <\/strong>et des<strong> tutoriels vid\u00e9o.<\/strong><\/p>\n<\/div><\/div><div class=\"ab-cta-button\"><a href=\"\/fr\/zewo-impact-tool-demontrez-votre-efficacite\/\" target=\"_self\" rel=\"noopener noreferrer\" class=\"button primary button-teaser\"><span class=\"button-arrow\"><\/span>En savoir plus<\/a><\/div><a href=\"\/fr\/zewo-impact-tool-demontrez-votre-efficacite\/\" target=\"_self\" rel=\"noopener noreferrer\" class=\"button-teaser--is-full\"><\/a><\/div><\/div>\n<\/div>\n\n\n\n<div class=\"wp-block-column is-layout-flow wp-block-column-is-layout-flow\">\n<div class=\"cell small-12 medium-6\"><div class=\"wp-block-cgb-block-zewo-block-image-teaser ab-block-cta bg-color-secondary\"><div class=\"ab-cta-image-wrap bg-color-secondary\"><img decoding=\"async\" class=\"ab-cta-image\" src=\"https:\/\/zewo.ch\/wp-content\/uploads\/2019\/05\/21-zewo-standards-1.png\" alt=\"Die 21 Zewo-Standards f\u00fcr Spenden sammelnde NPO\"\/><\/div><div class=\"ab-cta-content\"><h2 class=\"ab-cta-title\">Les 21 normes Zewo<\/h2><\/div><div class=\"ab-cta-button\"><a href=\"\/fr\/apercu-des-21-normes-zewo-condense-et-clair\/\" target=\"_self\" rel=\"noopener noreferrer\" class=\"button primary button-teaser\"><span class=\"button-arrow\"><\/span>En savoir plus<\/a><\/div><a href=\"\/fr\/apercu-des-21-normes-zewo-condense-et-clair\/\" target=\"_self\" rel=\"noopener noreferrer\" class=\"button-teaser--is-full\"><\/a><\/div><\/div>\n\n\n\n<div class=\"wp-block-cgb-block-zewo-block-columns-container container bg-color-light-gray\"><div class=\"grid-x grid-margin-x\" data-columns=\"2\"><\/div><\/div>\n<\/div>\n<\/div>\n\n\n\n<p><\/p>\n","protected":false},"excerpt":{"rendered":"<p>L\u2019altruisme efficace ne va pas assez loin \u2013 une analyse du point de vue de la Zewo L\u2019altruisme efficace vise \u00e0 affecter les dons l\u00e0 o\u00f9 ils permettent d\u2019obtenir l\u2019impact mesurable le plus \u00e9lev\u00e9 possible par franc donn\u00e9. La Zewo s\u2019engage elle aussi en faveur d\u2019une utilisation efficiente, orient\u00e9e vers l\u2019impact, transparente et soigneuse des [&hellip;]<\/p>\n","protected":false},"author":204,"featured_media":5937049,"parent":0,"menu_order":0,"comment_status":"closed","ping_status":"closed","template":"","meta":{"_acf_changed":false,"footnotes":""},"folder":[],"class_list":["post-5936712","page","type-page","status-publish","has-post-thumbnail","hentry"],"acf":[],"yoast_head":"<!-- This site is optimized with the Yoast SEO Premium plugin v26.0 (Yoast SEO v26.0) - https:\/\/yoast.com\/wordpress\/plugins\/seo\/ -->\n<title>Zewo<\/title>\n<meta name=\"description\" content=\"Pourquoi l\u2019impact mesurable seul ne suffit pas : la Zewo montre pourquoi la responsabilit\u00e9 et la confiance sont essentielles lors des dons.\" \/>\n<meta name=\"robots\" content=\"index, follow, max-snippet:-1, max-image-preview:large, max-video-preview:-1\" \/>\n<link rel=\"canonical\" href=\"https:\/\/zewo.ch\/fr\/altruisme-efficace\/\" \/>\n<meta property=\"og:locale\" content=\"fr_FR\" \/>\n<meta property=\"og:type\" content=\"article\" \/>\n<meta property=\"og:description\" content=\"Pourquoi l\u2019impact mesurable seul ne suffit pas : la Zewo montre pourquoi la responsabilit\u00e9 et la confiance sont essentielles lors des dons.\" \/>\n<meta property=\"og:url\" content=\"https:\/\/zewo.ch\/fr\/altruisme-efficace\/\" \/>\n<meta property=\"og:site_name\" content=\"Zewo\" \/>\n<meta property=\"article:publisher\" content=\"https:\/\/www.facebook.com\/Stiftung.ZEWO\/\" \/>\n<meta property=\"article:modified_time\" content=\"2026-01-21T15:46:46+00:00\" \/>\n<meta property=\"og:image\" content=\"https:\/\/zewo.ch\/wp-content\/uploads\/2026\/01\/Header_effektiver_Altruismus_v3.png?ver=1768903130\" \/>\n\t<meta property=\"og:image:width\" content=\"2200\" \/>\n\t<meta property=\"og:image:height\" content=\"440\" \/>\n\t<meta property=\"og:image:type\" content=\"image\/png\" \/>\n<meta name=\"twitter:card\" content=\"summary_large_image\" \/>\n<meta name=\"twitter:site\" content=\"@stiftung_zewo\" \/>\n<meta name=\"twitter:label1\" content=\"Dur\u00e9e de lecture estim\u00e9e\" \/>\n\t<meta name=\"twitter:data1\" content=\"13 minutes\" \/>\n<script type=\"application\/ld+json\" class=\"yoast-schema-graph\">{\"@context\":\"https:\/\/schema.org\",\"@graph\":[{\"@type\":\"WebPage\",\"@id\":\"https:\/\/zewo.ch\/fr\/altruisme-efficace\/#webpage\",\"url\":\"https:\/\/zewo.ch\/fr\/altruisme-efficace\/#webpage\",\"name\":\"\",\"isPartOf\":{\"@id\":\"https:\/\/zewo.ch\/fr\/#website\"},\"primaryImageOfPage\":{\"@id\":\"https:\/\/zewo.ch\/fr\/altruisme-efficace\/#primaryimage\"},\"image\":{\"@id\":\"https:\/\/zewo.ch\/fr\/altruisme-efficace\/#primaryimage\"},\"thumbnailUrl\":\"https:\/\/zewo.ch\/wp-content\/uploads\/2026\/01\/Header_effektiver_Altruismus_v3.png?ver=1768903130\",\"datePublished\":\"2026-01-21T15:46:45+00:00\",\"dateModified\":\"2026-01-21T15:46:46+00:00\",\"description\":\"Pourquoi l\u2019impact mesurable seul ne suffit pas : la Zewo montre pourquoi la responsabilit\u00e9 et la confiance sont essentielles lors des dons.\",\"breadcrumb\":{\"@id\":\"https:\/\/zewo.ch\/fr\/altruisme-efficace\/#breadcrumb\"},\"inLanguage\":\"fr-FR\",\"potentialAction\":[{\"@type\":\"ReadAction\",\"target\":[\"https:\/\/zewo.ch\/fr\/altruisme-efficace\/\"]}]},{\"@type\":\"ImageObject\",\"inLanguage\":\"fr-FR\",\"@id\":\"https:\/\/zewo.ch\/fr\/altruisme-efficace\/#primaryimage\",\"url\":\"https:\/\/zewo.ch\/wp-content\/uploads\/2026\/01\/Header_effektiver_Altruismus_v3.png?ver=1768903130\",\"contentUrl\":\"https:\/\/zewo.ch\/wp-content\/uploads\/2026\/01\/Header_effektiver_Altruismus_v3.png?ver=1768903130\",\"width\":2200,\"height\":440,\"caption\":\"Header Webseite effektiver Altruismus\"},{\"@type\":\"BreadcrumbList\",\"@id\":\"https:\/\/zewo.ch\/fr\/altruisme-efficace\/#breadcrumb\",\"itemListElement\":[{\"@type\":\"ListItem\",\"position\":1,\"name\":\"Home\",\"item\":\"https:\/\/zewo.ch\/fr\/\"},{\"@type\":\"ListItem\",\"position\":2,\"name\":\"Altruisme efficace\"}]},{\"@type\":\"WebSite\",\"@id\":\"https:\/\/zewo.ch\/fr\/#website\",\"url\":\"https:\/\/zewo.ch\/fr\/\",\"name\":\"Zewo\",\"description\":\"Votre don en bonnes mains.\",\"publisher\":{\"@id\":\"https:\/\/zewo.ch\/fr\/#organization\"},\"potentialAction\":[{\"@type\":\"SearchAction\",\"target\":{\"@type\":\"EntryPoint\",\"urlTemplate\":\"https:\/\/zewo.ch\/fr\/?s={search_term_string}\"},\"query-input\":{\"@type\":\"PropertyValueSpecification\",\"valueRequired\":true,\"valueName\":\"search_term_string\"}}],\"inLanguage\":\"fr-FR\"},{\"@type\":\"Organization\",\"@id\":\"https:\/\/zewo.ch\/fr\/#organization\",\"name\":\"Stiftung Zewo\",\"url\":\"https:\/\/zewo.ch\/fr\/\",\"logo\":{\"@type\":\"ImageObject\",\"inLanguage\":\"fr-FR\",\"@id\":\"https:\/\/zewo.ch\/fr\/#\/schema\/logo\/image\/\",\"url\":\"https:\/\/zewo.ch\/wp-content\/uploads\/2019\/08\/Zewo_Logo_Claim_D.svg\",\"contentUrl\":\"https:\/\/zewo.ch\/wp-content\/uploads\/2019\/08\/Zewo_Logo_Claim_D.svg\",\"width\":1,\"height\":1,\"caption\":\"Stiftung Zewo\"},\"image\":{\"@id\":\"https:\/\/zewo.ch\/fr\/#\/schema\/logo\/image\/\"},\"sameAs\":[\"https:\/\/www.facebook.com\/Stiftung.ZEWO\/\",\"https:\/\/x.com\/stiftung_zewo\",\"https:\/\/www.linkedin.com\/company\/stiftung-zewo\",\"https:\/\/www.youtube.com\/channel\/UCzjsVJro12OXcvvx1LQP8tw\",\"https:\/\/de.wikipedia.org\/wiki\/Zewo\"]}]}<\/script>\n<!-- \/ Yoast SEO Premium plugin. -->","yoast_head_json":{"title":"Zewo","description":"Pourquoi l\u2019impact mesurable seul ne suffit pas : la Zewo montre pourquoi la responsabilit\u00e9 et la confiance sont essentielles lors des dons.","robots":{"index":"index","follow":"follow","max-snippet":"max-snippet:-1","max-image-preview":"max-image-preview:large","max-video-preview":"max-video-preview:-1"},"canonical":"https:\/\/zewo.ch\/fr\/altruisme-efficace\/","og_locale":"fr_FR","og_type":"article","og_description":"Pourquoi l\u2019impact mesurable seul ne suffit pas : la Zewo montre pourquoi la responsabilit\u00e9 et la confiance sont essentielles lors des dons.","og_url":"https:\/\/zewo.ch\/fr\/altruisme-efficace\/","og_site_name":"Zewo","article_publisher":"https:\/\/www.facebook.com\/Stiftung.ZEWO\/","article_modified_time":"2026-01-21T15:46:46+00:00","og_image":[{"width":2200,"height":440,"url":"https:\/\/zewo.ch\/wp-content\/uploads\/2026\/01\/Header_effektiver_Altruismus_v3.png?ver=1768903130","type":"image\/png"}],"twitter_card":"summary_large_image","twitter_site":"@stiftung_zewo","twitter_misc":{"Dur\u00e9e de lecture estim\u00e9e":"13 minutes"},"schema":{"@context":"https:\/\/schema.org","@graph":[{"@type":"WebPage","@id":"https:\/\/zewo.ch\/fr\/altruisme-efficace\/#webpage","url":"https:\/\/zewo.ch\/fr\/altruisme-efficace\/#webpage","name":"","isPartOf":{"@id":"https:\/\/zewo.ch\/fr\/#website"},"primaryImageOfPage":{"@id":"https:\/\/zewo.ch\/fr\/altruisme-efficace\/#primaryimage"},"image":{"@id":"https:\/\/zewo.ch\/fr\/altruisme-efficace\/#primaryimage"},"thumbnailUrl":"https:\/\/zewo.ch\/wp-content\/uploads\/2026\/01\/Header_effektiver_Altruismus_v3.png?ver=1768903130","datePublished":"2026-01-21T15:46:45+00:00","dateModified":"2026-01-21T15:46:46+00:00","description":"Pourquoi l\u2019impact mesurable seul ne suffit pas : la Zewo montre pourquoi la responsabilit\u00e9 et la confiance sont essentielles lors des dons.","breadcrumb":{"@id":"https:\/\/zewo.ch\/fr\/altruisme-efficace\/#breadcrumb"},"inLanguage":"fr-FR","potentialAction":[{"@type":"ReadAction","target":["https:\/\/zewo.ch\/fr\/altruisme-efficace\/"]}]},{"@type":"ImageObject","inLanguage":"fr-FR","@id":"https:\/\/zewo.ch\/fr\/altruisme-efficace\/#primaryimage","url":"https:\/\/zewo.ch\/wp-content\/uploads\/2026\/01\/Header_effektiver_Altruismus_v3.png?ver=1768903130","contentUrl":"https:\/\/zewo.ch\/wp-content\/uploads\/2026\/01\/Header_effektiver_Altruismus_v3.png?ver=1768903130","width":2200,"height":440,"caption":"Header Webseite effektiver Altruismus"},{"@type":"BreadcrumbList","@id":"https:\/\/zewo.ch\/fr\/altruisme-efficace\/#breadcrumb","itemListElement":[{"@type":"ListItem","position":1,"name":"Home","item":"https:\/\/zewo.ch\/fr\/"},{"@type":"ListItem","position":2,"name":"Altruisme efficace"}]},{"@type":"WebSite","@id":"https:\/\/zewo.ch\/fr\/#website","url":"https:\/\/zewo.ch\/fr\/","name":"Zewo","description":"Votre don en bonnes mains.","publisher":{"@id":"https:\/\/zewo.ch\/fr\/#organization"},"potentialAction":[{"@type":"SearchAction","target":{"@type":"EntryPoint","urlTemplate":"https:\/\/zewo.ch\/fr\/?s={search_term_string}"},"query-input":{"@type":"PropertyValueSpecification","valueRequired":true,"valueName":"search_term_string"}}],"inLanguage":"fr-FR"},{"@type":"Organization","@id":"https:\/\/zewo.ch\/fr\/#organization","name":"Stiftung Zewo","url":"https:\/\/zewo.ch\/fr\/","logo":{"@type":"ImageObject","inLanguage":"fr-FR","@id":"https:\/\/zewo.ch\/fr\/#\/schema\/logo\/image\/","url":"https:\/\/zewo.ch\/wp-content\/uploads\/2019\/08\/Zewo_Logo_Claim_D.svg","contentUrl":"https:\/\/zewo.ch\/wp-content\/uploads\/2019\/08\/Zewo_Logo_Claim_D.svg","width":1,"height":1,"caption":"Stiftung Zewo"},"image":{"@id":"https:\/\/zewo.ch\/fr\/#\/schema\/logo\/image\/"},"sameAs":["https:\/\/www.facebook.com\/Stiftung.ZEWO\/","https:\/\/x.com\/stiftung_zewo","https:\/\/www.linkedin.com\/company\/stiftung-zewo","https:\/\/www.youtube.com\/channel\/UCzjsVJro12OXcvvx1LQP8tw","https:\/\/de.wikipedia.org\/wiki\/Zewo"]}]}},"publishpress_future_action":{"enabled":false,"date":"2026-04-25 11:09:00","action":"change-status","newStatus":"draft","terms":[],"taxonomy":"translation_priority","extraData":[]},"publishpress_future_workflow_manual_trigger":{"enabledWorkflows":[]},"_links":{"self":[{"href":"https:\/\/zewo.ch\/fr\/wp-json\/wp\/v2\/pages\/5936712","targetHints":{"allow":["GET"]}}],"collection":[{"href":"https:\/\/zewo.ch\/fr\/wp-json\/wp\/v2\/pages"}],"about":[{"href":"https:\/\/zewo.ch\/fr\/wp-json\/wp\/v2\/types\/page"}],"author":[{"embeddable":true,"href":"https:\/\/zewo.ch\/fr\/wp-json\/wp\/v2\/users\/204"}],"replies":[{"embeddable":true,"href":"https:\/\/zewo.ch\/fr\/wp-json\/wp\/v2\/comments?post=5936712"}],"version-history":[{"count":18,"href":"https:\/\/zewo.ch\/fr\/wp-json\/wp\/v2\/pages\/5936712\/revisions"}],"predecessor-version":[{"id":5937175,"href":"https:\/\/zewo.ch\/fr\/wp-json\/wp\/v2\/pages\/5936712\/revisions\/5937175"}],"wp:featuredmedia":[{"embeddable":true,"href":"https:\/\/zewo.ch\/fr\/wp-json\/wp\/v2\/media\/5937049"}],"wp:attachment":[{"href":"https:\/\/zewo.ch\/fr\/wp-json\/wp\/v2\/media?parent=5936712"}],"wp:term":[{"taxonomy":"folder","embeddable":true,"href":"https:\/\/zewo.ch\/fr\/wp-json\/wp\/v2\/folder?post=5936712"}],"curies":[{"name":"wp","href":"https:\/\/api.w.org\/{rel}","templated":true}]}}