{"id":5928550,"date":"2025-05-30T11:22:36","date_gmt":"2025-05-30T09:22:36","guid":{"rendered":"https:\/\/zewo.ch\/?page_id=5928550"},"modified":"2026-03-12T11:52:35","modified_gmt":"2026-03-12T10:52:35","slug":"aide-durgence-en-cas-deboulement-dans-le-lotschental","status":"publish","type":"page","link":"https:\/\/zewo.ch\/fr\/aide-durgence-en-cas-deboulement-dans-le-lotschental\/","title":{"rendered":"Aide d\u2019urgence pour le L\u00f6tschental apr\u00e8s l\u2019\u00e9boulement"},"content":{"rendered":"\n<p>L\u2019\u00e9boulement massif provoqu\u00e9 par l\u2019effondrement du glacier de Birch le 28 mai 2025 a enseveli les villages valaisans de Blatten et de Ried. Les d\u00e9g\u00e2ts sont immenses et repr\u00e9sentent un \u00e9norme d\u00e9fi pour les personnes ayant perdu leur foyer ainsi que pour l&rsquo;ensemble de la population du L\u00f6tschental touch\u00e9e par les cons\u00e9quences. Certaines organisations d&rsquo;entraide certifi\u00e9es par Zewo s\u2019engagent d\u00e8s maintenant pour apporter une aide rapide et efficace. Elles lancent un appel aux dons afin de venir en aide \u00e0 la population du L\u00f6tschental.<br><br>Votre don est entre de bonnes mains aupr\u00e8s de ces organisations certifi\u00e9es :<\/p>\n\n\n\n<ul class=\"wp-block-cgb-block-zewo-block-links container container-columns-1\">\n<li class=\"wp-block-cgb-block-zewo-block-link ab-block-link\"><a href=\"https:\/\/www.caritas.ch\/fr\/eboulement-dans-le-lotschental-caritas-est-aux-cotes-des-personnes-touchees\/\" class=\"button\"><span>Caritas Suisse<\/span><span class=\"button-arrow--long\"><\/span><\/a><\/li>\n\n\n\n<li class=\"wp-block-cgb-block-zewo-block-link ab-block-link\"><a href=\"https:\/\/www.redcross.ch\/fr\/notre-engagement\/news-et-articles\/eboulement-imminent-a-blatten-la-crs-se-prepare\" class=\"button\"><span>Croix-Rouge Suisse <\/span><span class=\"button-arrow--long\"><\/span><\/a><\/li>\n<\/ul>\n","protected":false},"excerpt":{"rendered":"<p>L\u2019\u00e9boulement massif provoqu\u00e9 par l\u2019effondrement du glacier de Birch le 28 mai 2025 a enseveli les villages valaisans de Blatten et de Ried. Les d\u00e9g\u00e2ts sont immenses et repr\u00e9sentent un \u00e9norme d\u00e9fi pour les personnes ayant perdu leur foyer ainsi que pour l&rsquo;ensemble de la population du L\u00f6tschental touch\u00e9e par les cons\u00e9quences. Certaines organisations d&rsquo;entraide [&hellip;]<\/p>\n","protected":false},"author":40,"featured_media":5928546,"parent":0,"menu_order":0,"comment_status":"closed","ping_status":"closed","template":"","meta":{"_acf_changed":false,"footnotes":""},"folder":[],"class_list":["post-5928550","page","type-page","status-publish","has-post-thumbnail","hentry"],"acf":[],"yoast_head":"<!-- This site is optimized with the Yoast SEO Premium plugin v26.0 (Yoast SEO v26.0) - https:\/\/yoast.com\/wordpress\/plugins\/seo\/ -->\n<title>Zewo<\/title>\n<meta name=\"description\" content=\"Ces organisations d&#039;entraide certifi\u00e9es Zewo viennent en aide aux personnes touch\u00e9es par le glissement de terrain en Suisse. Faites un don d\u00e8s maintenant !\" \/>\n<meta name=\"robots\" content=\"index, follow, max-snippet:-1, max-image-preview:large, max-video-preview:-1\" \/>\n<link rel=\"canonical\" href=\"https:\/\/zewo.ch\/fr\/aide-durgence-en-cas-deboulement-dans-le-lotschental\/\" \/>\n<meta property=\"og:locale\" content=\"fr_FR\" \/>\n<meta property=\"og:type\" content=\"article\" \/>\n<meta property=\"og:description\" content=\"Ces organisations d&#039;entraide certifi\u00e9es Zewo viennent en aide aux personnes touch\u00e9es par le glissement de terrain en Suisse. Faites un don d\u00e8s maintenant !\" \/>\n<meta property=\"og:url\" content=\"https:\/\/zewo.ch\/fr\/aide-durgence-en-cas-deboulement-dans-le-lotschental\/\" \/>\n<meta property=\"og:site_name\" content=\"Zewo\" \/>\n<meta property=\"article:publisher\" content=\"https:\/\/www.facebook.com\/Stiftung.ZEWO\/\" \/>\n<meta property=\"article:modified_time\" content=\"2026-03-12T10:52:35+00:00\" \/>\n<meta property=\"og:image\" content=\"https:\/\/zewo.ch\/wp-content\/uploads\/2025\/05\/bergsturzloetschental-1.png\" \/>\n\t<meta property=\"og:image:width\" content=\"980\" \/>\n\t<meta property=\"og:image:height\" content=\"800\" \/>\n\t<meta property=\"og:image:type\" content=\"image\/png\" \/>\n<meta name=\"twitter:card\" content=\"summary_large_image\" \/>\n<meta name=\"twitter:site\" content=\"@stiftung_zewo\" \/>\n<meta name=\"twitter:label1\" content=\"Dur\u00e9e de lecture estim\u00e9e\" \/>\n\t<meta name=\"twitter:data1\" content=\"1 minute\" \/>\n<script type=\"application\/ld+json\" class=\"yoast-schema-graph\">{\"@context\":\"https:\/\/schema.org\",\"@graph\":[{\"@type\":\"WebPage\",\"@id\":\"https:\/\/zewo.ch\/fr\/aide-durgence-en-cas-deboulement-dans-le-lotschental\/#webpage\",\"url\":\"https:\/\/zewo.ch\/fr\/aide-durgence-en-cas-deboulement-dans-le-lotschental\/#webpage\",\"name\":\"\",\"isPartOf\":{\"@id\":\"https:\/\/zewo.ch\/fr\/#website\"},\"primaryImageOfPage\":{\"@id\":\"https:\/\/zewo.ch\/fr\/aide-durgence-en-cas-deboulement-dans-le-lotschental\/#primaryimage\"},\"image\":{\"@id\":\"https:\/\/zewo.ch\/fr\/aide-durgence-en-cas-deboulement-dans-le-lotschental\/#primaryimage\"},\"thumbnailUrl\":\"https:\/\/zewo.ch\/wp-content\/uploads\/2025\/05\/bergsturzloetschental-1.png\",\"datePublished\":\"2025-05-30T09:22:36+00:00\",\"dateModified\":\"2026-03-12T10:52:35+00:00\",\"description\":\"Ces organisations d'entraide certifi\u00e9es Zewo viennent en aide aux personnes touch\u00e9es par le glissement de terrain en Suisse. Faites un don d\u00e8s maintenant !\",\"breadcrumb\":{\"@id\":\"https:\/\/zewo.ch\/fr\/aide-durgence-en-cas-deboulement-dans-le-lotschental\/#breadcrumb\"},\"inLanguage\":\"fr-FR\",\"potentialAction\":[{\"@type\":\"ReadAction\",\"target\":[\"https:\/\/zewo.ch\/fr\/aide-durgence-en-cas-deboulement-dans-le-lotschental\/\"]}]},{\"@type\":\"ImageObject\",\"inLanguage\":\"fr-FR\",\"@id\":\"https:\/\/zewo.ch\/fr\/aide-durgence-en-cas-deboulement-dans-le-lotschental\/#primaryimage\",\"url\":\"https:\/\/zewo.ch\/wp-content\/uploads\/2025\/05\/bergsturzloetschental-1.png\",\"contentUrl\":\"https:\/\/zewo.ch\/wp-content\/uploads\/2025\/05\/bergsturzloetschental-1.png\",\"width\":980,\"height\":800,\"caption\":\"Symbolbild Bergsturz L\u00f6tschental\"},{\"@type\":\"BreadcrumbList\",\"@id\":\"https:\/\/zewo.ch\/fr\/aide-durgence-en-cas-deboulement-dans-le-lotschental\/#breadcrumb\",\"itemListElement\":[{\"@type\":\"ListItem\",\"position\":1,\"name\":\"Home\",\"item\":\"https:\/\/zewo.ch\/fr\/\"},{\"@type\":\"ListItem\",\"position\":2,\"name\":\"Aide d\u2019urgence pour le L\u00f6tschental apr\u00e8s l\u2019\u00e9boulement\"}]},{\"@type\":\"WebSite\",\"@id\":\"https:\/\/zewo.ch\/fr\/#website\",\"url\":\"https:\/\/zewo.ch\/fr\/\",\"name\":\"Zewo\",\"description\":\"Votre don en bonnes mains.\",\"publisher\":{\"@id\":\"https:\/\/zewo.ch\/fr\/#organization\"},\"potentialAction\":[{\"@type\":\"SearchAction\",\"target\":{\"@type\":\"EntryPoint\",\"urlTemplate\":\"https:\/\/zewo.ch\/fr\/?s={search_term_string}\"},\"query-input\":{\"@type\":\"PropertyValueSpecification\",\"valueRequired\":true,\"valueName\":\"search_term_string\"}}],\"inLanguage\":\"fr-FR\"},{\"@type\":\"Organization\",\"@id\":\"https:\/\/zewo.ch\/fr\/#organization\",\"name\":\"Stiftung Zewo\",\"url\":\"https:\/\/zewo.ch\/fr\/\",\"logo\":{\"@type\":\"ImageObject\",\"inLanguage\":\"fr-FR\",\"@id\":\"https:\/\/zewo.ch\/fr\/#\/schema\/logo\/image\/\",\"url\":\"https:\/\/zewo.ch\/wp-content\/uploads\/2019\/08\/Zewo_Logo_Claim_D.svg\",\"contentUrl\":\"https:\/\/zewo.ch\/wp-content\/uploads\/2019\/08\/Zewo_Logo_Claim_D.svg\",\"width\":1,\"height\":1,\"caption\":\"Stiftung Zewo\"},\"image\":{\"@id\":\"https:\/\/zewo.ch\/fr\/#\/schema\/logo\/image\/\"},\"sameAs\":[\"https:\/\/www.facebook.com\/Stiftung.ZEWO\/\",\"https:\/\/x.com\/stiftung_zewo\",\"https:\/\/www.linkedin.com\/company\/stiftung-zewo\",\"https:\/\/www.youtube.com\/channel\/UCzjsVJro12OXcvvx1LQP8tw\",\"https:\/\/de.wikipedia.org\/wiki\/Zewo\"]}]}<\/script>\n<!-- \/ Yoast SEO Premium plugin. -->","yoast_head_json":{"title":"Zewo","description":"Ces organisations d'entraide certifi\u00e9es Zewo viennent en aide aux personnes touch\u00e9es par le glissement de terrain en Suisse. Faites un don d\u00e8s maintenant !","robots":{"index":"index","follow":"follow","max-snippet":"max-snippet:-1","max-image-preview":"max-image-preview:large","max-video-preview":"max-video-preview:-1"},"canonical":"https:\/\/zewo.ch\/fr\/aide-durgence-en-cas-deboulement-dans-le-lotschental\/","og_locale":"fr_FR","og_type":"article","og_description":"Ces organisations d'entraide certifi\u00e9es Zewo viennent en aide aux personnes touch\u00e9es par le glissement de terrain en Suisse. Faites un don d\u00e8s maintenant !","og_url":"https:\/\/zewo.ch\/fr\/aide-durgence-en-cas-deboulement-dans-le-lotschental\/","og_site_name":"Zewo","article_publisher":"https:\/\/www.facebook.com\/Stiftung.ZEWO\/","article_modified_time":"2026-03-12T10:52:35+00:00","og_image":[{"width":980,"height":800,"url":"https:\/\/zewo.ch\/wp-content\/uploads\/2025\/05\/bergsturzloetschental-1.png","type":"image\/png"}],"twitter_card":"summary_large_image","twitter_site":"@stiftung_zewo","twitter_misc":{"Dur\u00e9e de lecture estim\u00e9e":"1 minute"},"schema":{"@context":"https:\/\/schema.org","@graph":[{"@type":"WebPage","@id":"https:\/\/zewo.ch\/fr\/aide-durgence-en-cas-deboulement-dans-le-lotschental\/#webpage","url":"https:\/\/zewo.ch\/fr\/aide-durgence-en-cas-deboulement-dans-le-lotschental\/#webpage","name":"","isPartOf":{"@id":"https:\/\/zewo.ch\/fr\/#website"},"primaryImageOfPage":{"@id":"https:\/\/zewo.ch\/fr\/aide-durgence-en-cas-deboulement-dans-le-lotschental\/#primaryimage"},"image":{"@id":"https:\/\/zewo.ch\/fr\/aide-durgence-en-cas-deboulement-dans-le-lotschental\/#primaryimage"},"thumbnailUrl":"https:\/\/zewo.ch\/wp-content\/uploads\/2025\/05\/bergsturzloetschental-1.png","datePublished":"2025-05-30T09:22:36+00:00","dateModified":"2026-03-12T10:52:35+00:00","description":"Ces organisations d'entraide certifi\u00e9es Zewo viennent en aide aux personnes touch\u00e9es par le glissement de terrain en Suisse. Faites un don d\u00e8s maintenant !","breadcrumb":{"@id":"https:\/\/zewo.ch\/fr\/aide-durgence-en-cas-deboulement-dans-le-lotschental\/#breadcrumb"},"inLanguage":"fr-FR","potentialAction":[{"@type":"ReadAction","target":["https:\/\/zewo.ch\/fr\/aide-durgence-en-cas-deboulement-dans-le-lotschental\/"]}]},{"@type":"ImageObject","inLanguage":"fr-FR","@id":"https:\/\/zewo.ch\/fr\/aide-durgence-en-cas-deboulement-dans-le-lotschental\/#primaryimage","url":"https:\/\/zewo.ch\/wp-content\/uploads\/2025\/05\/bergsturzloetschental-1.png","contentUrl":"https:\/\/zewo.ch\/wp-content\/uploads\/2025\/05\/bergsturzloetschental-1.png","width":980,"height":800,"caption":"Symbolbild Bergsturz L\u00f6tschental"},{"@type":"BreadcrumbList","@id":"https:\/\/zewo.ch\/fr\/aide-durgence-en-cas-deboulement-dans-le-lotschental\/#breadcrumb","itemListElement":[{"@type":"ListItem","position":1,"name":"Home","item":"https:\/\/zewo.ch\/fr\/"},{"@type":"ListItem","position":2,"name":"Aide d\u2019urgence pour le L\u00f6tschental apr\u00e8s l\u2019\u00e9boulement"}]},{"@type":"WebSite","@id":"https:\/\/zewo.ch\/fr\/#website","url":"https:\/\/zewo.ch\/fr\/","name":"Zewo","description":"Votre don en bonnes mains.","publisher":{"@id":"https:\/\/zewo.ch\/fr\/#organization"},"potentialAction":[{"@type":"SearchAction","target":{"@type":"EntryPoint","urlTemplate":"https:\/\/zewo.ch\/fr\/?s={search_term_string}"},"query-input":{"@type":"PropertyValueSpecification","valueRequired":true,"valueName":"search_term_string"}}],"inLanguage":"fr-FR"},{"@type":"Organization","@id":"https:\/\/zewo.ch\/fr\/#organization","name":"Stiftung Zewo","url":"https:\/\/zewo.ch\/fr\/","logo":{"@type":"ImageObject","inLanguage":"fr-FR","@id":"https:\/\/zewo.ch\/fr\/#\/schema\/logo\/image\/","url":"https:\/\/zewo.ch\/wp-content\/uploads\/2019\/08\/Zewo_Logo_Claim_D.svg","contentUrl":"https:\/\/zewo.ch\/wp-content\/uploads\/2019\/08\/Zewo_Logo_Claim_D.svg","width":1,"height":1,"caption":"Stiftung Zewo"},"image":{"@id":"https:\/\/zewo.ch\/fr\/#\/schema\/logo\/image\/"},"sameAs":["https:\/\/www.facebook.com\/Stiftung.ZEWO\/","https:\/\/x.com\/stiftung_zewo","https:\/\/www.linkedin.com\/company\/stiftung-zewo","https:\/\/www.youtube.com\/channel\/UCzjsVJro12OXcvvx1LQP8tw","https:\/\/de.wikipedia.org\/wiki\/Zewo"]}]}},"publishpress_future_action":{"enabled":false,"date":"2026-04-23 22:55:40","action":"change-status","newStatus":"draft","terms":[],"taxonomy":"translation_priority","extraData":[]},"publishpress_future_workflow_manual_trigger":{"enabledWorkflows":[]},"_links":{"self":[{"href":"https:\/\/zewo.ch\/fr\/wp-json\/wp\/v2\/pages\/5928550","targetHints":{"allow":["GET"]}}],"collection":[{"href":"https:\/\/zewo.ch\/fr\/wp-json\/wp\/v2\/pages"}],"about":[{"href":"https:\/\/zewo.ch\/fr\/wp-json\/wp\/v2\/types\/page"}],"author":[{"embeddable":true,"href":"https:\/\/zewo.ch\/fr\/wp-json\/wp\/v2\/users\/40"}],"replies":[{"embeddable":true,"href":"https:\/\/zewo.ch\/fr\/wp-json\/wp\/v2\/comments?post=5928550"}],"version-history":[{"count":4,"href":"https:\/\/zewo.ch\/fr\/wp-json\/wp\/v2\/pages\/5928550\/revisions"}],"predecessor-version":[{"id":5928563,"href":"https:\/\/zewo.ch\/fr\/wp-json\/wp\/v2\/pages\/5928550\/revisions\/5928563"}],"wp:featuredmedia":[{"embeddable":true,"href":"https:\/\/zewo.ch\/fr\/wp-json\/wp\/v2\/media\/5928546"}],"wp:attachment":[{"href":"https:\/\/zewo.ch\/fr\/wp-json\/wp\/v2\/media?parent=5928550"}],"wp:term":[{"taxonomy":"folder","embeddable":true,"href":"https:\/\/zewo.ch\/fr\/wp-json\/wp\/v2\/folder?post=5928550"}],"curies":[{"name":"wp","href":"https:\/\/api.w.org\/{rel}","templated":true}]}}