{"id":5927543,"date":"2025-03-31T16:18:08","date_gmt":"2025-03-31T14:18:08","guid":{"rendered":"https:\/\/zewo.ch\/?page_id=5927543"},"modified":"2026-03-12T11:49:41","modified_gmt":"2026-03-12T10:49:41","slug":"aide-durgence-apres-le-tremblement-de-terre-au-myanmar-et-en-thailande","status":"publish","type":"page","link":"https:\/\/zewo.ch\/fr\/aide-durgence-apres-le-tremblement-de-terre-au-myanmar-et-en-thailande\/","title":{"rendered":"Aide d&rsquo;urgence tremblement de terre au Myanmar et en Tha\u00eflande"},"content":{"rendered":"\n<p>Le 28 mars, un tremblement de terre d\u00e9vastateur a frapp\u00e9 le Myanmar, la Tha\u00eflande et d&rsquo;autres r\u00e9gions d&rsquo;Asie du Sud-Est, causant d&rsquo;importants d\u00e9g\u00e2ts et faisant de nombreuses victimes. L&rsquo;\u00e9picentre se situait pr\u00e8s de la ville de Mandalay au Myanmar. De nombreuses personnes sont toujours port\u00e9es disparues et la situation reste dramatique. Les maisons, les infrastructures et les installations vitales ont \u00e9t\u00e9 gravement endommag\u00e9es, ce qui complique les op\u00e9rations de sauvetage et d&rsquo;aide.<\/p>\n\n\n\n<p>Face \u00e0 cette catastrophe, l&rsquo;aide d&rsquo;urgence internationale a \u00e9t\u00e9 mise en place afin d&rsquo;apporter rapidement aux r\u00e9gions touch\u00e9es le soutien dont elles ont un besoin urgent. Des organisations d&rsquo;entraide suisses titulaires du label de qualit\u00e9 Zewo sont \u00e9galement d\u00e9j\u00e0 sur place pour apporter une aide imm\u00e9diate.<\/p>\n\n\n\n<p>Vous souhaitez soutenir les victimes du tremblement de terre ? Avec ces organisations d&rsquo;entraide certifi\u00e9es, votre don pour la population en d\u00e9tresse est entre de bonnes mains :<\/p>\n\n\n\n<ul class=\"wp-block-cgb-block-zewo-block-links container container-columns-1\">\n<li class=\"wp-block-cgb-block-zewo-block-link ab-block-link\"><a href=\"https:\/\/www.caritas.ch\/fr\/seisme-au-myanmar-thailande-caritas-suisse-debloque-50-000-francs-pour-laide-durgence\/\" class=\"button\"><span>Caritas Suisse<\/span><span class=\"button-arrow--long\"><\/span><\/a><\/li>\n\n\n\n<li class=\"wp-block-cgb-block-zewo-block-link ab-block-link\"><a href=\"https:\/\/www.redcross.ch\/fr\/catastrophe-tremblement-de-terre-en-asie-du-sud-est-aide-aux-victimes\/catastrophe-sismique-en-asie-du-sud-est-soutenez-l-aide-d-urgence\" class=\"button\"><span>Croix-Rouge suisse<\/span><span class=\"button-arrow--long\"><\/span><\/a><\/li>\n\n\n\n<li class=\"wp-block-cgb-block-zewo-block-link ab-block-link\"><a href=\"https:\/\/www.eper.ch\/aide-urgence-seisme-en-asie-sud-est\" class=\"button\"><span>EPER<\/span><span class=\"button-arrow--long\"><\/span><\/a><\/li>\n\n\n\n<li class=\"wp-block-cgb-block-zewo-block-link ab-block-link\"><a href=\"https:\/\/www.pestalozzi.ch\/fr\/donner\" class=\"button\"><span>Village d&rsquo;Enfants Pestalozzi<\/span><span class=\"button-arrow--long\"><\/span><\/a><\/li>\n\n\n\n<li class=\"wp-block-cgb-block-zewo-block-link ab-block-link\"><a href=\"https:\/\/www.helvetas.org\/fr\/suisse\/ce-que-vous-pouvez-faire\/dons\/aide-urgence\/urgence-myanmar\" class=\"button\"><span>Helvetas<\/span><span class=\"button-arrow--long\"><\/span><\/a><\/li>\n\n\n\n<li class=\"wp-block-cgb-block-zewo-block-link ab-block-link\"><a href=\"https:\/\/medecinsdumonde.ch\/faire-un-don-seisme-myanmar\/?utm_source=website&amp;utm_medium=pagemyanmar&amp;utm_campaign=zewomyanmar&amp;utm_id=zewomyanmar&amp;utm_content=fleche\" class=\"button\"><span>M\u00e9decins du Monde<\/span><span class=\"button-arrow--long\"><\/span><\/a><\/li>\n<\/ul>\n","protected":false},"excerpt":{"rendered":"<p>Le 28 mars, un tremblement de terre d\u00e9vastateur a frapp\u00e9 le Myanmar, la Tha\u00eflande et d&rsquo;autres r\u00e9gions d&rsquo;Asie du Sud-Est, causant d&rsquo;importants d\u00e9g\u00e2ts et faisant de nombreuses victimes. L&rsquo;\u00e9picentre se situait pr\u00e8s de la ville de Mandalay au Myanmar. De nombreuses personnes sont toujours port\u00e9es disparues et la situation reste dramatique. Les maisons, les infrastructures [&hellip;]<\/p>\n","protected":false},"author":38,"featured_media":5927514,"parent":0,"menu_order":0,"comment_status":"closed","ping_status":"closed","template":"","meta":{"_acf_changed":false,"footnotes":""},"folder":[],"class_list":["post-5927543","page","type-page","status-publish","has-post-thumbnail","hentry"],"acf":[],"yoast_head":"<!-- This site is optimized with the Yoast SEO Premium plugin v26.0 (Yoast SEO v26.0) - https:\/\/yoast.com\/wordpress\/plugins\/seo\/ -->\n<title>Zewo<\/title>\n<meta name=\"description\" content=\"Informez-vous sur l&#039;aide d&#039;urgence apport\u00e9e aux victimes du tremblement de terre en Asie du Sud-Est et sur la mani\u00e8re dont vous pouvez les soutenir.\" \/>\n<meta name=\"robots\" content=\"index, follow, max-snippet:-1, max-image-preview:large, max-video-preview:-1\" \/>\n<link rel=\"canonical\" href=\"https:\/\/zewo.ch\/fr\/aide-durgence-apres-le-tremblement-de-terre-au-myanmar-et-en-thailande\/\" \/>\n<meta property=\"og:locale\" content=\"fr_FR\" \/>\n<meta property=\"og:type\" content=\"article\" \/>\n<meta property=\"og:description\" content=\"Informez-vous sur l&#039;aide d&#039;urgence apport\u00e9e aux victimes du tremblement de terre en Asie du Sud-Est et sur la mani\u00e8re dont vous pouvez les soutenir.\" \/>\n<meta property=\"og:url\" content=\"https:\/\/zewo.ch\/fr\/aide-durgence-apres-le-tremblement-de-terre-au-myanmar-et-en-thailande\/\" \/>\n<meta property=\"og:site_name\" content=\"Zewo\" \/>\n<meta property=\"article:publisher\" content=\"https:\/\/www.facebook.com\/Stiftung.ZEWO\/\" \/>\n<meta property=\"article:modified_time\" content=\"2026-03-12T10:49:41+00:00\" \/>\n<meta property=\"og:image\" content=\"https:\/\/zewo.ch\/wp-content\/uploads\/2025\/03\/Erdbeben_Myanmar.jpg\" \/>\n\t<meta property=\"og:image:width\" content=\"1920\" \/>\n\t<meta property=\"og:image:height\" content=\"1080\" \/>\n\t<meta property=\"og:image:type\" content=\"image\/jpeg\" \/>\n<meta name=\"twitter:card\" content=\"summary_large_image\" \/>\n<meta name=\"twitter:site\" content=\"@stiftung_zewo\" \/>\n<meta name=\"twitter:label1\" content=\"Dur\u00e9e de lecture estim\u00e9e\" \/>\n\t<meta name=\"twitter:data1\" content=\"2 minutes\" \/>\n<script type=\"application\/ld+json\" class=\"yoast-schema-graph\">{\"@context\":\"https:\/\/schema.org\",\"@graph\":[{\"@type\":\"WebPage\",\"@id\":\"https:\/\/zewo.ch\/fr\/aide-durgence-apres-le-tremblement-de-terre-au-myanmar-et-en-thailande\/#webpage\",\"url\":\"https:\/\/zewo.ch\/fr\/aide-durgence-apres-le-tremblement-de-terre-au-myanmar-et-en-thailande\/#webpage\",\"name\":\"\",\"isPartOf\":{\"@id\":\"https:\/\/zewo.ch\/fr\/#website\"},\"primaryImageOfPage\":{\"@id\":\"https:\/\/zewo.ch\/fr\/aide-durgence-apres-le-tremblement-de-terre-au-myanmar-et-en-thailande\/#primaryimage\"},\"image\":{\"@id\":\"https:\/\/zewo.ch\/fr\/aide-durgence-apres-le-tremblement-de-terre-au-myanmar-et-en-thailande\/#primaryimage\"},\"thumbnailUrl\":\"https:\/\/zewo.ch\/wp-content\/uploads\/2025\/03\/Erdbeben_Myanmar.jpg\",\"datePublished\":\"2025-03-31T14:18:08+00:00\",\"dateModified\":\"2026-03-12T10:49:41+00:00\",\"description\":\"Informez-vous sur l'aide d'urgence apport\u00e9e aux victimes du tremblement de terre en Asie du Sud-Est et sur la mani\u00e8re dont vous pouvez les soutenir.\",\"breadcrumb\":{\"@id\":\"https:\/\/zewo.ch\/fr\/aide-durgence-apres-le-tremblement-de-terre-au-myanmar-et-en-thailande\/#breadcrumb\"},\"inLanguage\":\"fr-FR\",\"potentialAction\":[{\"@type\":\"ReadAction\",\"target\":[\"https:\/\/zewo.ch\/fr\/aide-durgence-apres-le-tremblement-de-terre-au-myanmar-et-en-thailande\/\"]}]},{\"@type\":\"ImageObject\",\"inLanguage\":\"fr-FR\",\"@id\":\"https:\/\/zewo.ch\/fr\/aide-durgence-apres-le-tremblement-de-terre-au-myanmar-et-en-thailande\/#primaryimage\",\"url\":\"https:\/\/zewo.ch\/wp-content\/uploads\/2025\/03\/Erdbeben_Myanmar.jpg\",\"contentUrl\":\"https:\/\/zewo.ch\/wp-content\/uploads\/2025\/03\/Erdbeben_Myanmar.jpg\",\"width\":1920,\"height\":1080,\"caption\":\"Bild Erdbeben Myanmar\"},{\"@type\":\"BreadcrumbList\",\"@id\":\"https:\/\/zewo.ch\/fr\/aide-durgence-apres-le-tremblement-de-terre-au-myanmar-et-en-thailande\/#breadcrumb\",\"itemListElement\":[{\"@type\":\"ListItem\",\"position\":1,\"name\":\"Home\",\"item\":\"https:\/\/zewo.ch\/fr\/\"},{\"@type\":\"ListItem\",\"position\":2,\"name\":\"Aide d&#8217;urgence tremblement de terre au Myanmar et en Tha\u00eflande\"}]},{\"@type\":\"WebSite\",\"@id\":\"https:\/\/zewo.ch\/fr\/#website\",\"url\":\"https:\/\/zewo.ch\/fr\/\",\"name\":\"Zewo\",\"description\":\"Votre don en bonnes mains.\",\"publisher\":{\"@id\":\"https:\/\/zewo.ch\/fr\/#organization\"},\"potentialAction\":[{\"@type\":\"SearchAction\",\"target\":{\"@type\":\"EntryPoint\",\"urlTemplate\":\"https:\/\/zewo.ch\/fr\/?s={search_term_string}\"},\"query-input\":{\"@type\":\"PropertyValueSpecification\",\"valueRequired\":true,\"valueName\":\"search_term_string\"}}],\"inLanguage\":\"fr-FR\"},{\"@type\":\"Organization\",\"@id\":\"https:\/\/zewo.ch\/fr\/#organization\",\"name\":\"Stiftung Zewo\",\"url\":\"https:\/\/zewo.ch\/fr\/\",\"logo\":{\"@type\":\"ImageObject\",\"inLanguage\":\"fr-FR\",\"@id\":\"https:\/\/zewo.ch\/fr\/#\/schema\/logo\/image\/\",\"url\":\"https:\/\/zewo.ch\/wp-content\/uploads\/2019\/08\/Zewo_Logo_Claim_D.svg\",\"contentUrl\":\"https:\/\/zewo.ch\/wp-content\/uploads\/2019\/08\/Zewo_Logo_Claim_D.svg\",\"width\":1,\"height\":1,\"caption\":\"Stiftung Zewo\"},\"image\":{\"@id\":\"https:\/\/zewo.ch\/fr\/#\/schema\/logo\/image\/\"},\"sameAs\":[\"https:\/\/www.facebook.com\/Stiftung.ZEWO\/\",\"https:\/\/x.com\/stiftung_zewo\",\"https:\/\/www.linkedin.com\/company\/stiftung-zewo\",\"https:\/\/www.youtube.com\/channel\/UCzjsVJro12OXcvvx1LQP8tw\",\"https:\/\/de.wikipedia.org\/wiki\/Zewo\"]}]}<\/script>\n<!-- \/ Yoast SEO Premium plugin. -->","yoast_head_json":{"title":"Zewo","description":"Informez-vous sur l'aide d'urgence apport\u00e9e aux victimes du tremblement de terre en Asie du Sud-Est et sur la mani\u00e8re dont vous pouvez les soutenir.","robots":{"index":"index","follow":"follow","max-snippet":"max-snippet:-1","max-image-preview":"max-image-preview:large","max-video-preview":"max-video-preview:-1"},"canonical":"https:\/\/zewo.ch\/fr\/aide-durgence-apres-le-tremblement-de-terre-au-myanmar-et-en-thailande\/","og_locale":"fr_FR","og_type":"article","og_description":"Informez-vous sur l'aide d'urgence apport\u00e9e aux victimes du tremblement de terre en Asie du Sud-Est et sur la mani\u00e8re dont vous pouvez les soutenir.","og_url":"https:\/\/zewo.ch\/fr\/aide-durgence-apres-le-tremblement-de-terre-au-myanmar-et-en-thailande\/","og_site_name":"Zewo","article_publisher":"https:\/\/www.facebook.com\/Stiftung.ZEWO\/","article_modified_time":"2026-03-12T10:49:41+00:00","og_image":[{"width":1920,"height":1080,"url":"https:\/\/zewo.ch\/wp-content\/uploads\/2025\/03\/Erdbeben_Myanmar.jpg","type":"image\/jpeg"}],"twitter_card":"summary_large_image","twitter_site":"@stiftung_zewo","twitter_misc":{"Dur\u00e9e de lecture estim\u00e9e":"2 minutes"},"schema":{"@context":"https:\/\/schema.org","@graph":[{"@type":"WebPage","@id":"https:\/\/zewo.ch\/fr\/aide-durgence-apres-le-tremblement-de-terre-au-myanmar-et-en-thailande\/#webpage","url":"https:\/\/zewo.ch\/fr\/aide-durgence-apres-le-tremblement-de-terre-au-myanmar-et-en-thailande\/#webpage","name":"","isPartOf":{"@id":"https:\/\/zewo.ch\/fr\/#website"},"primaryImageOfPage":{"@id":"https:\/\/zewo.ch\/fr\/aide-durgence-apres-le-tremblement-de-terre-au-myanmar-et-en-thailande\/#primaryimage"},"image":{"@id":"https:\/\/zewo.ch\/fr\/aide-durgence-apres-le-tremblement-de-terre-au-myanmar-et-en-thailande\/#primaryimage"},"thumbnailUrl":"https:\/\/zewo.ch\/wp-content\/uploads\/2025\/03\/Erdbeben_Myanmar.jpg","datePublished":"2025-03-31T14:18:08+00:00","dateModified":"2026-03-12T10:49:41+00:00","description":"Informez-vous sur l'aide d'urgence apport\u00e9e aux victimes du tremblement de terre en Asie du Sud-Est et sur la mani\u00e8re dont vous pouvez les soutenir.","breadcrumb":{"@id":"https:\/\/zewo.ch\/fr\/aide-durgence-apres-le-tremblement-de-terre-au-myanmar-et-en-thailande\/#breadcrumb"},"inLanguage":"fr-FR","potentialAction":[{"@type":"ReadAction","target":["https:\/\/zewo.ch\/fr\/aide-durgence-apres-le-tremblement-de-terre-au-myanmar-et-en-thailande\/"]}]},{"@type":"ImageObject","inLanguage":"fr-FR","@id":"https:\/\/zewo.ch\/fr\/aide-durgence-apres-le-tremblement-de-terre-au-myanmar-et-en-thailande\/#primaryimage","url":"https:\/\/zewo.ch\/wp-content\/uploads\/2025\/03\/Erdbeben_Myanmar.jpg","contentUrl":"https:\/\/zewo.ch\/wp-content\/uploads\/2025\/03\/Erdbeben_Myanmar.jpg","width":1920,"height":1080,"caption":"Bild Erdbeben Myanmar"},{"@type":"BreadcrumbList","@id":"https:\/\/zewo.ch\/fr\/aide-durgence-apres-le-tremblement-de-terre-au-myanmar-et-en-thailande\/#breadcrumb","itemListElement":[{"@type":"ListItem","position":1,"name":"Home","item":"https:\/\/zewo.ch\/fr\/"},{"@type":"ListItem","position":2,"name":"Aide d&#8217;urgence tremblement de terre au Myanmar et en Tha\u00eflande"}]},{"@type":"WebSite","@id":"https:\/\/zewo.ch\/fr\/#website","url":"https:\/\/zewo.ch\/fr\/","name":"Zewo","description":"Votre don en bonnes mains.","publisher":{"@id":"https:\/\/zewo.ch\/fr\/#organization"},"potentialAction":[{"@type":"SearchAction","target":{"@type":"EntryPoint","urlTemplate":"https:\/\/zewo.ch\/fr\/?s={search_term_string}"},"query-input":{"@type":"PropertyValueSpecification","valueRequired":true,"valueName":"search_term_string"}}],"inLanguage":"fr-FR"},{"@type":"Organization","@id":"https:\/\/zewo.ch\/fr\/#organization","name":"Stiftung Zewo","url":"https:\/\/zewo.ch\/fr\/","logo":{"@type":"ImageObject","inLanguage":"fr-FR","@id":"https:\/\/zewo.ch\/fr\/#\/schema\/logo\/image\/","url":"https:\/\/zewo.ch\/wp-content\/uploads\/2019\/08\/Zewo_Logo_Claim_D.svg","contentUrl":"https:\/\/zewo.ch\/wp-content\/uploads\/2019\/08\/Zewo_Logo_Claim_D.svg","width":1,"height":1,"caption":"Stiftung Zewo"},"image":{"@id":"https:\/\/zewo.ch\/fr\/#\/schema\/logo\/image\/"},"sameAs":["https:\/\/www.facebook.com\/Stiftung.ZEWO\/","https:\/\/x.com\/stiftung_zewo","https:\/\/www.linkedin.com\/company\/stiftung-zewo","https:\/\/www.youtube.com\/channel\/UCzjsVJro12OXcvvx1LQP8tw","https:\/\/de.wikipedia.org\/wiki\/Zewo"]}]}},"publishpress_future_action":{"enabled":false,"date":"2026-04-23 23:38:34","action":"change-status","newStatus":"draft","terms":[],"taxonomy":"translation_priority","extraData":[]},"publishpress_future_workflow_manual_trigger":{"enabledWorkflows":[]},"_links":{"self":[{"href":"https:\/\/zewo.ch\/fr\/wp-json\/wp\/v2\/pages\/5927543","targetHints":{"allow":["GET"]}}],"collection":[{"href":"https:\/\/zewo.ch\/fr\/wp-json\/wp\/v2\/pages"}],"about":[{"href":"https:\/\/zewo.ch\/fr\/wp-json\/wp\/v2\/types\/page"}],"author":[{"embeddable":true,"href":"https:\/\/zewo.ch\/fr\/wp-json\/wp\/v2\/users\/38"}],"replies":[{"embeddable":true,"href":"https:\/\/zewo.ch\/fr\/wp-json\/wp\/v2\/comments?post=5927543"}],"version-history":[{"count":12,"href":"https:\/\/zewo.ch\/fr\/wp-json\/wp\/v2\/pages\/5927543\/revisions"}],"predecessor-version":[{"id":5927690,"href":"https:\/\/zewo.ch\/fr\/wp-json\/wp\/v2\/pages\/5927543\/revisions\/5927690"}],"wp:featuredmedia":[{"embeddable":true,"href":"https:\/\/zewo.ch\/fr\/wp-json\/wp\/v2\/media\/5927514"}],"wp:attachment":[{"href":"https:\/\/zewo.ch\/fr\/wp-json\/wp\/v2\/media?parent=5927543"}],"wp:term":[{"taxonomy":"folder","embeddable":true,"href":"https:\/\/zewo.ch\/fr\/wp-json\/wp\/v2\/folder?post=5927543"}],"curies":[{"name":"wp","href":"https:\/\/api.w.org\/{rel}","templated":true}]}}