{"id":5921473,"date":"2024-08-22T16:14:16","date_gmt":"2024-08-22T14:14:16","guid":{"rendered":"https:\/\/zewo.ch\/?page_id=5921473"},"modified":"2025-02-03T11:30:05","modified_gmt":"2025-02-03T10:30:05","slug":"media-one","status":"publish","type":"page","link":"https:\/\/zewo.ch\/fr\/media-one\/","title":{"rendered":"Media One Contact SA"},"content":{"rendered":"\n<h2 class=\"wp-block-heading\" id=\"h-remise-pour-les-obnl-titulaires-du-label-de-qualite-zewo\">Remise pour les OBNL titulaires du label de qualit\u00e9 Zewo<\/h2>\n\n\n\n<figure class=\"wp-block-image is-resized\"><img decoding=\"async\" src=\"https:\/\/zewo.ch\/wp-content\/uploads\/2024\/08\/mediaone_logo-1.jpg\" alt=\"\" style=\"width:268px\"\/><\/figure>\n\n\n\n<p>Media One Contact SA accorde aux organisations titulaires du label de qualit\u00e9 Zewo un tarif d&rsquo;utilit\u00e9 publique de <strong>50 % du tarif brut normal<\/strong> sur la publicit\u00e9 radio et TV. <\/p>\n\n\n\n<h2 class=\"wp-block-heading\" id=\"h-contact\">Contact<\/h2>\n\n\n\n<p>Media One Contact SA<br>Rue des Bains 35<br>1205 Gen\u00e8ve <br><a href=\"mailto:elliot.marchal@mediaone.ch\">elliot.marchal@mediaone.ch<\/a><br><a href=\"mailto:jmarchal@mediaone.ch\">jmarchal@mediaone.ch<\/a><br><a href=\"http:\/\/www.mediaone.ch\" target=\"_blank\" rel=\"noreferrer noopener\">www.mediaone.ch<\/a><\/p>\n","protected":false},"excerpt":{"rendered":"<p>Remise pour les OBNL titulaires du label de qualit\u00e9 Zewo Media One Contact SA accorde aux organisations titulaires du label de qualit\u00e9 Zewo un tarif d&rsquo;utilit\u00e9 publique de 50 % du tarif brut normal sur la publicit\u00e9 radio et TV. Contact Media One Contact SARue des Bains 351205 Gen\u00e8ve elliot.marchal@mediaone.chjmarchal@mediaone.chwww.mediaone.ch<\/p>\n","protected":false},"author":40,"featured_media":0,"parent":0,"menu_order":0,"comment_status":"closed","ping_status":"closed","template":"","meta":{"_acf_changed":false,"footnotes":""},"folder":[],"class_list":["post-5921473","page","type-page","status-publish","hentry"],"acf":[],"yoast_head":"<!-- This site is optimized with the Yoast SEO Premium plugin v26.0 (Yoast SEO v26.0) - https:\/\/yoast.com\/wordpress\/plugins\/seo\/ -->\n<title>Zewo<\/title>\n<meta name=\"description\" content=\"Media One accorde un rabais sur la publicit\u00e9 radio et TV aux organisations titulaires du label de qualit\u00e9 Zewo\" \/>\n<meta name=\"robots\" content=\"index, follow, max-snippet:-1, max-image-preview:large, max-video-preview:-1\" \/>\n<link rel=\"canonical\" href=\"https:\/\/zewo.ch\/fr\/media-one\/\" \/>\n<meta property=\"og:locale\" content=\"fr_FR\" \/>\n<meta property=\"og:type\" content=\"article\" \/>\n<meta property=\"og:description\" content=\"Media One accorde un rabais sur la publicit\u00e9 radio et TV aux organisations titulaires du label de qualit\u00e9 Zewo\" \/>\n<meta property=\"og:url\" content=\"https:\/\/zewo.ch\/fr\/media-one\/\" \/>\n<meta property=\"og:site_name\" content=\"Zewo\" \/>\n<meta property=\"article:publisher\" content=\"https:\/\/www.facebook.com\/Stiftung.ZEWO\/\" \/>\n<meta property=\"article:modified_time\" content=\"2025-02-03T10:30:05+00:00\" \/>\n<meta property=\"og:image\" content=\"https:\/\/zewo.ch\/wp-content\/uploads\/2024\/08\/mediaone_logo-1.jpg\" \/>\n<meta name=\"twitter:card\" content=\"summary_large_image\" \/>\n<meta name=\"twitter:site\" content=\"@stiftung_zewo\" \/>\n<meta name=\"twitter:label1\" content=\"Dur\u00e9e de lecture estim\u00e9e\" \/>\n\t<meta name=\"twitter:data1\" content=\"1 minute\" \/>\n<script type=\"application\/ld+json\" class=\"yoast-schema-graph\">{\"@context\":\"https:\/\/schema.org\",\"@graph\":[{\"@type\":\"WebPage\",\"@id\":\"https:\/\/zewo.ch\/fr\/media-one\/#webpage\",\"url\":\"https:\/\/zewo.ch\/fr\/media-one\/#webpage\",\"name\":\"\",\"isPartOf\":{\"@id\":\"https:\/\/zewo.ch\/fr\/#website\"},\"primaryImageOfPage\":{\"@id\":\"https:\/\/zewo.ch\/fr\/media-one\/#primaryimage\"},\"image\":{\"@id\":\"https:\/\/zewo.ch\/fr\/media-one\/#primaryimage\"},\"thumbnailUrl\":\"https:\/\/zewo.ch\/wp-content\/uploads\/2024\/08\/mediaone_logo-1.jpg\",\"datePublished\":\"2024-08-22T14:14:16+00:00\",\"dateModified\":\"2025-02-03T10:30:05+00:00\",\"description\":\"Media One accorde un rabais sur la publicit\u00e9 radio et TV aux organisations titulaires du label de qualit\u00e9 Zewo\",\"breadcrumb\":{\"@id\":\"https:\/\/zewo.ch\/fr\/media-one\/#breadcrumb\"},\"inLanguage\":\"fr-FR\",\"potentialAction\":[{\"@type\":\"ReadAction\",\"target\":[\"https:\/\/zewo.ch\/fr\/media-one\/\"]}]},{\"@type\":\"ImageObject\",\"inLanguage\":\"fr-FR\",\"@id\":\"https:\/\/zewo.ch\/fr\/media-one\/#primaryimage\",\"url\":\"https:\/\/zewo.ch\/wp-content\/uploads\/2024\/08\/mediaone_logo-1.jpg\",\"contentUrl\":\"https:\/\/zewo.ch\/wp-content\/uploads\/2024\/08\/mediaone_logo-1.jpg\"},{\"@type\":\"BreadcrumbList\",\"@id\":\"https:\/\/zewo.ch\/fr\/media-one\/#breadcrumb\",\"itemListElement\":[{\"@type\":\"ListItem\",\"position\":1,\"name\":\"Home\",\"item\":\"https:\/\/zewo.ch\/fr\/\"},{\"@type\":\"ListItem\",\"position\":2,\"name\":\"Media One Contact SA\"}]},{\"@type\":\"WebSite\",\"@id\":\"https:\/\/zewo.ch\/fr\/#website\",\"url\":\"https:\/\/zewo.ch\/fr\/\",\"name\":\"Zewo\",\"description\":\"Votre don en bonnes mains.\",\"publisher\":{\"@id\":\"https:\/\/zewo.ch\/fr\/#organization\"},\"potentialAction\":[{\"@type\":\"SearchAction\",\"target\":{\"@type\":\"EntryPoint\",\"urlTemplate\":\"https:\/\/zewo.ch\/fr\/?s={search_term_string}\"},\"query-input\":{\"@type\":\"PropertyValueSpecification\",\"valueRequired\":true,\"valueName\":\"search_term_string\"}}],\"inLanguage\":\"fr-FR\"},{\"@type\":\"Organization\",\"@id\":\"https:\/\/zewo.ch\/fr\/#organization\",\"name\":\"Stiftung Zewo\",\"url\":\"https:\/\/zewo.ch\/fr\/\",\"logo\":{\"@type\":\"ImageObject\",\"inLanguage\":\"fr-FR\",\"@id\":\"https:\/\/zewo.ch\/fr\/#\/schema\/logo\/image\/\",\"url\":\"https:\/\/zewo.ch\/wp-content\/uploads\/2019\/08\/Zewo_Logo_Claim_D.svg\",\"contentUrl\":\"https:\/\/zewo.ch\/wp-content\/uploads\/2019\/08\/Zewo_Logo_Claim_D.svg\",\"width\":1,\"height\":1,\"caption\":\"Stiftung Zewo\"},\"image\":{\"@id\":\"https:\/\/zewo.ch\/fr\/#\/schema\/logo\/image\/\"},\"sameAs\":[\"https:\/\/www.facebook.com\/Stiftung.ZEWO\/\",\"https:\/\/x.com\/stiftung_zewo\",\"https:\/\/www.linkedin.com\/company\/stiftung-zewo\",\"https:\/\/www.youtube.com\/channel\/UCzjsVJro12OXcvvx1LQP8tw\",\"https:\/\/de.wikipedia.org\/wiki\/Zewo\"]}]}<\/script>\n<!-- \/ Yoast SEO Premium plugin. -->","yoast_head_json":{"title":"Zewo","description":"Media One accorde un rabais sur la publicit\u00e9 radio et TV aux organisations titulaires du label de qualit\u00e9 Zewo","robots":{"index":"index","follow":"follow","max-snippet":"max-snippet:-1","max-image-preview":"max-image-preview:large","max-video-preview":"max-video-preview:-1"},"canonical":"https:\/\/zewo.ch\/fr\/media-one\/","og_locale":"fr_FR","og_type":"article","og_description":"Media One accorde un rabais sur la publicit\u00e9 radio et TV aux organisations titulaires du label de qualit\u00e9 Zewo","og_url":"https:\/\/zewo.ch\/fr\/media-one\/","og_site_name":"Zewo","article_publisher":"https:\/\/www.facebook.com\/Stiftung.ZEWO\/","article_modified_time":"2025-02-03T10:30:05+00:00","og_image":[{"url":"https:\/\/zewo.ch\/wp-content\/uploads\/2024\/08\/mediaone_logo-1.jpg","type":"","width":"","height":""}],"twitter_card":"summary_large_image","twitter_site":"@stiftung_zewo","twitter_misc":{"Dur\u00e9e de lecture estim\u00e9e":"1 minute"},"schema":{"@context":"https:\/\/schema.org","@graph":[{"@type":"WebPage","@id":"https:\/\/zewo.ch\/fr\/media-one\/#webpage","url":"https:\/\/zewo.ch\/fr\/media-one\/#webpage","name":"","isPartOf":{"@id":"https:\/\/zewo.ch\/fr\/#website"},"primaryImageOfPage":{"@id":"https:\/\/zewo.ch\/fr\/media-one\/#primaryimage"},"image":{"@id":"https:\/\/zewo.ch\/fr\/media-one\/#primaryimage"},"thumbnailUrl":"https:\/\/zewo.ch\/wp-content\/uploads\/2024\/08\/mediaone_logo-1.jpg","datePublished":"2024-08-22T14:14:16+00:00","dateModified":"2025-02-03T10:30:05+00:00","description":"Media One accorde un rabais sur la publicit\u00e9 radio et TV aux organisations titulaires du label de qualit\u00e9 Zewo","breadcrumb":{"@id":"https:\/\/zewo.ch\/fr\/media-one\/#breadcrumb"},"inLanguage":"fr-FR","potentialAction":[{"@type":"ReadAction","target":["https:\/\/zewo.ch\/fr\/media-one\/"]}]},{"@type":"ImageObject","inLanguage":"fr-FR","@id":"https:\/\/zewo.ch\/fr\/media-one\/#primaryimage","url":"https:\/\/zewo.ch\/wp-content\/uploads\/2024\/08\/mediaone_logo-1.jpg","contentUrl":"https:\/\/zewo.ch\/wp-content\/uploads\/2024\/08\/mediaone_logo-1.jpg"},{"@type":"BreadcrumbList","@id":"https:\/\/zewo.ch\/fr\/media-one\/#breadcrumb","itemListElement":[{"@type":"ListItem","position":1,"name":"Home","item":"https:\/\/zewo.ch\/fr\/"},{"@type":"ListItem","position":2,"name":"Media One Contact SA"}]},{"@type":"WebSite","@id":"https:\/\/zewo.ch\/fr\/#website","url":"https:\/\/zewo.ch\/fr\/","name":"Zewo","description":"Votre don en bonnes mains.","publisher":{"@id":"https:\/\/zewo.ch\/fr\/#organization"},"potentialAction":[{"@type":"SearchAction","target":{"@type":"EntryPoint","urlTemplate":"https:\/\/zewo.ch\/fr\/?s={search_term_string}"},"query-input":{"@type":"PropertyValueSpecification","valueRequired":true,"valueName":"search_term_string"}}],"inLanguage":"fr-FR"},{"@type":"Organization","@id":"https:\/\/zewo.ch\/fr\/#organization","name":"Stiftung Zewo","url":"https:\/\/zewo.ch\/fr\/","logo":{"@type":"ImageObject","inLanguage":"fr-FR","@id":"https:\/\/zewo.ch\/fr\/#\/schema\/logo\/image\/","url":"https:\/\/zewo.ch\/wp-content\/uploads\/2019\/08\/Zewo_Logo_Claim_D.svg","contentUrl":"https:\/\/zewo.ch\/wp-content\/uploads\/2019\/08\/Zewo_Logo_Claim_D.svg","width":1,"height":1,"caption":"Stiftung Zewo"},"image":{"@id":"https:\/\/zewo.ch\/fr\/#\/schema\/logo\/image\/"},"sameAs":["https:\/\/www.facebook.com\/Stiftung.ZEWO\/","https:\/\/x.com\/stiftung_zewo","https:\/\/www.linkedin.com\/company\/stiftung-zewo","https:\/\/www.youtube.com\/channel\/UCzjsVJro12OXcvvx1LQP8tw","https:\/\/de.wikipedia.org\/wiki\/Zewo"]}]}},"publishpress_future_action":{"enabled":false,"date":"2026-04-25 12:34:04","action":"change-status","newStatus":"draft","terms":[],"taxonomy":"translation_priority","extraData":[]},"publishpress_future_workflow_manual_trigger":{"enabledWorkflows":[]},"_links":{"self":[{"href":"https:\/\/zewo.ch\/fr\/wp-json\/wp\/v2\/pages\/5921473","targetHints":{"allow":["GET"]}}],"collection":[{"href":"https:\/\/zewo.ch\/fr\/wp-json\/wp\/v2\/pages"}],"about":[{"href":"https:\/\/zewo.ch\/fr\/wp-json\/wp\/v2\/types\/page"}],"author":[{"embeddable":true,"href":"https:\/\/zewo.ch\/fr\/wp-json\/wp\/v2\/users\/40"}],"replies":[{"embeddable":true,"href":"https:\/\/zewo.ch\/fr\/wp-json\/wp\/v2\/comments?post=5921473"}],"version-history":[{"count":5,"href":"https:\/\/zewo.ch\/fr\/wp-json\/wp\/v2\/pages\/5921473\/revisions"}],"predecessor-version":[{"id":5926408,"href":"https:\/\/zewo.ch\/fr\/wp-json\/wp\/v2\/pages\/5921473\/revisions\/5926408"}],"wp:attachment":[{"href":"https:\/\/zewo.ch\/fr\/wp-json\/wp\/v2\/media?parent=5921473"}],"wp:term":[{"taxonomy":"folder","embeddable":true,"href":"https:\/\/zewo.ch\/fr\/wp-json\/wp\/v2\/folder?post=5921473"}],"curies":[{"name":"wp","href":"https:\/\/api.w.org\/{rel}","templated":true}]}}