{"id":5920671,"date":"2024-07-04T17:21:40","date_gmt":"2024-07-04T15:21:40","guid":{"rendered":"https:\/\/zewo.ch\/?page_id=5920671"},"modified":"2025-04-01T16:16:04","modified_gmt":"2025-04-01T14:16:04","slug":"aide-durgence-intemperies-en-suisse","status":"publish","type":"page","link":"https:\/\/zewo.ch\/fr\/aide-durgence-intemperies-en-suisse\/","title":{"rendered":"Aide d\u2019urgence pour les r\u00e9gions touch\u00e9es par les intemp\u00e9ries en Suisse"},"content":{"rendered":"\n<p>Les intemp\u00e9ries du mois de juillet ont caus\u00e9 d&rsquo;importants d\u00e9g\u00e2ts dans les cantons des Grisons, du Valais et du Tessin. Plusieurs personnes ont perdu la vie et des centaines d&rsquo;autres ont d\u00fb quitter leur maison. Afin de venir en aide aux r\u00e9gions touch\u00e9es par cette catastrophe, plusieurs organisations d&rsquo;entraide titulaires du label de qualit\u00e9 Zewo lancent un appel aux dons.<\/p>\n\n\n\n<p>En faisant un don \u00e0 ces organisations d&rsquo;entraide certifi\u00e9es, vous avez l&rsquo;assurance que votre don pour les victimes des intemp\u00e9ries en Suisse est en de bonnes mains :<\/p>\n\n\n\n<ul class=\"wp-block-cgb-block-zewo-block-links container container-columns-1\">\n<li class=\"wp-block-cgb-block-zewo-block-link ab-block-link\"><a href=\"https:\/\/www.caritas.ch\/fr\/intemperies-devastatrices-dans-le-sud-de-la-suisse\/\" target=\"_blank\" rel=\"noopener noreferrer\" class=\"button\"><span>Caritas Suisse<\/span><span class=\"button-arrow--long\"><\/span><\/a><\/li>\n\n\n\n<li class=\"wp-block-cgb-block-zewo-block-link ab-block-link\"><a href=\"https:\/\/www.redcross.ch\/fr\/news-et-articles\/intemperies-en-suisse-aide-aux-personnes-sinistrees\" target=\"_blank\" rel=\"noopener noreferrer\" class=\"button\"><span>Croix-Rouge suisse<\/span><span class=\"button-arrow--long\"><\/span><\/a><\/li>\n<\/ul>\n","protected":false},"excerpt":{"rendered":"<p>Les intemp\u00e9ries du mois de juillet ont caus\u00e9 d&rsquo;importants d\u00e9g\u00e2ts dans les cantons des Grisons, du Valais et du Tessin. Plusieurs personnes ont perdu la vie et des centaines d&rsquo;autres ont d\u00fb quitter leur maison. Afin de venir en aide aux r\u00e9gions touch\u00e9es par cette catastrophe, plusieurs organisations d&rsquo;entraide titulaires du label de qualit\u00e9 Zewo [&hellip;]<\/p>\n","protected":false},"author":38,"featured_media":5920669,"parent":0,"menu_order":0,"comment_status":"closed","ping_status":"closed","template":"","meta":{"_acf_changed":false,"footnotes":""},"folder":[6643],"class_list":["post-5920671","page","type-page","status-publish","has-post-thumbnail","hentry"],"acf":[],"yoast_head":"<!-- This site is optimized with the Yoast SEO Premium plugin v26.0 (Yoast SEO v26.0) - https:\/\/yoast.com\/wordpress\/plugins\/seo\/ -->\n<title>Zewo<\/title>\n<meta name=\"description\" content=\"Ces organisations d&#039;entraide certifi\u00e9es Zewo viennent en aide aux personnes touch\u00e9es par les intemp\u00e9ries en Suisse. Faire un don maintenant!\" \/>\n<meta name=\"robots\" content=\"index, follow, max-snippet:-1, max-image-preview:large, max-video-preview:-1\" \/>\n<link rel=\"canonical\" href=\"https:\/\/zewo.ch\/fr\/aide-durgence-intemperies-en-suisse\/\" \/>\n<meta property=\"og:locale\" content=\"fr_FR\" \/>\n<meta property=\"og:type\" content=\"article\" \/>\n<meta property=\"og:description\" content=\"Ces organisations d&#039;entraide certifi\u00e9es Zewo viennent en aide aux personnes touch\u00e9es par les intemp\u00e9ries en Suisse. Faire un don maintenant!\" \/>\n<meta property=\"og:url\" content=\"https:\/\/zewo.ch\/fr\/aide-durgence-intemperies-en-suisse\/\" \/>\n<meta property=\"og:site_name\" content=\"Zewo\" \/>\n<meta property=\"article:publisher\" content=\"https:\/\/www.facebook.com\/Stiftung.ZEWO\/\" \/>\n<meta property=\"article:modified_time\" content=\"2025-04-01T14:16:04+00:00\" \/>\n<meta property=\"og:image\" content=\"https:\/\/zewo.ch\/wp-content\/uploads\/2024\/07\/lightning-1158027_1280.jpg\" \/>\n\t<meta property=\"og:image:width\" content=\"1280\" \/>\n\t<meta property=\"og:image:height\" content=\"614\" \/>\n\t<meta property=\"og:image:type\" content=\"image\/jpeg\" \/>\n<meta name=\"twitter:card\" content=\"summary_large_image\" \/>\n<meta name=\"twitter:site\" content=\"@stiftung_zewo\" \/>\n<meta name=\"twitter:label1\" content=\"Dur\u00e9e de lecture estim\u00e9e\" \/>\n\t<meta name=\"twitter:data1\" content=\"1 minute\" \/>\n<script type=\"application\/ld+json\" class=\"yoast-schema-graph\">{\"@context\":\"https:\/\/schema.org\",\"@graph\":[{\"@type\":\"WebPage\",\"@id\":\"https:\/\/zewo.ch\/fr\/aide-durgence-intemperies-en-suisse\/#webpage\",\"url\":\"https:\/\/zewo.ch\/fr\/aide-durgence-intemperies-en-suisse\/#webpage\",\"name\":\"\",\"isPartOf\":{\"@id\":\"https:\/\/zewo.ch\/fr\/#website\"},\"primaryImageOfPage\":{\"@id\":\"https:\/\/zewo.ch\/fr\/aide-durgence-intemperies-en-suisse\/#primaryimage\"},\"image\":{\"@id\":\"https:\/\/zewo.ch\/fr\/aide-durgence-intemperies-en-suisse\/#primaryimage\"},\"thumbnailUrl\":\"https:\/\/zewo.ch\/wp-content\/uploads\/2024\/07\/lightning-1158027_1280.jpg\",\"datePublished\":\"2024-07-04T15:21:40+00:00\",\"dateModified\":\"2025-04-01T14:16:04+00:00\",\"description\":\"Ces organisations d'entraide certifi\u00e9es Zewo viennent en aide aux personnes touch\u00e9es par les intemp\u00e9ries en Suisse. Faire un don maintenant!\",\"breadcrumb\":{\"@id\":\"https:\/\/zewo.ch\/fr\/aide-durgence-intemperies-en-suisse\/#breadcrumb\"},\"inLanguage\":\"fr-FR\",\"potentialAction\":[{\"@type\":\"ReadAction\",\"target\":[\"https:\/\/zewo.ch\/fr\/aide-durgence-intemperies-en-suisse\/\"]}]},{\"@type\":\"ImageObject\",\"inLanguage\":\"fr-FR\",\"@id\":\"https:\/\/zewo.ch\/fr\/aide-durgence-intemperies-en-suisse\/#primaryimage\",\"url\":\"https:\/\/zewo.ch\/wp-content\/uploads\/2024\/07\/lightning-1158027_1280.jpg\",\"contentUrl\":\"https:\/\/zewo.ch\/wp-content\/uploads\/2024\/07\/lightning-1158027_1280.jpg\",\"width\":1280,\"height\":614,\"caption\":\"Bild Unwetter Schweiz\"},{\"@type\":\"BreadcrumbList\",\"@id\":\"https:\/\/zewo.ch\/fr\/aide-durgence-intemperies-en-suisse\/#breadcrumb\",\"itemListElement\":[{\"@type\":\"ListItem\",\"position\":1,\"name\":\"Home\",\"item\":\"https:\/\/zewo.ch\/fr\/\"},{\"@type\":\"ListItem\",\"position\":2,\"name\":\"Aide d\u2019urgence pour les r\u00e9gions touch\u00e9es par les intemp\u00e9ries en Suisse\"}]},{\"@type\":\"WebSite\",\"@id\":\"https:\/\/zewo.ch\/fr\/#website\",\"url\":\"https:\/\/zewo.ch\/fr\/\",\"name\":\"Zewo\",\"description\":\"Votre don en bonnes mains.\",\"publisher\":{\"@id\":\"https:\/\/zewo.ch\/fr\/#organization\"},\"potentialAction\":[{\"@type\":\"SearchAction\",\"target\":{\"@type\":\"EntryPoint\",\"urlTemplate\":\"https:\/\/zewo.ch\/fr\/?s={search_term_string}\"},\"query-input\":{\"@type\":\"PropertyValueSpecification\",\"valueRequired\":true,\"valueName\":\"search_term_string\"}}],\"inLanguage\":\"fr-FR\"},{\"@type\":\"Organization\",\"@id\":\"https:\/\/zewo.ch\/fr\/#organization\",\"name\":\"Stiftung Zewo\",\"url\":\"https:\/\/zewo.ch\/fr\/\",\"logo\":{\"@type\":\"ImageObject\",\"inLanguage\":\"fr-FR\",\"@id\":\"https:\/\/zewo.ch\/fr\/#\/schema\/logo\/image\/\",\"url\":\"https:\/\/zewo.ch\/wp-content\/uploads\/2019\/08\/Zewo_Logo_Claim_D.svg\",\"contentUrl\":\"https:\/\/zewo.ch\/wp-content\/uploads\/2019\/08\/Zewo_Logo_Claim_D.svg\",\"width\":1,\"height\":1,\"caption\":\"Stiftung Zewo\"},\"image\":{\"@id\":\"https:\/\/zewo.ch\/fr\/#\/schema\/logo\/image\/\"},\"sameAs\":[\"https:\/\/www.facebook.com\/Stiftung.ZEWO\/\",\"https:\/\/x.com\/stiftung_zewo\",\"https:\/\/www.linkedin.com\/company\/stiftung-zewo\",\"https:\/\/www.youtube.com\/channel\/UCzjsVJro12OXcvvx1LQP8tw\",\"https:\/\/de.wikipedia.org\/wiki\/Zewo\"]}]}<\/script>\n<!-- \/ Yoast SEO Premium plugin. -->","yoast_head_json":{"title":"Zewo","description":"Ces organisations d'entraide certifi\u00e9es Zewo viennent en aide aux personnes touch\u00e9es par les intemp\u00e9ries en Suisse. Faire un don maintenant!","robots":{"index":"index","follow":"follow","max-snippet":"max-snippet:-1","max-image-preview":"max-image-preview:large","max-video-preview":"max-video-preview:-1"},"canonical":"https:\/\/zewo.ch\/fr\/aide-durgence-intemperies-en-suisse\/","og_locale":"fr_FR","og_type":"article","og_description":"Ces organisations d'entraide certifi\u00e9es Zewo viennent en aide aux personnes touch\u00e9es par les intemp\u00e9ries en Suisse. Faire un don maintenant!","og_url":"https:\/\/zewo.ch\/fr\/aide-durgence-intemperies-en-suisse\/","og_site_name":"Zewo","article_publisher":"https:\/\/www.facebook.com\/Stiftung.ZEWO\/","article_modified_time":"2025-04-01T14:16:04+00:00","og_image":[{"width":1280,"height":614,"url":"https:\/\/zewo.ch\/wp-content\/uploads\/2024\/07\/lightning-1158027_1280.jpg","type":"image\/jpeg"}],"twitter_card":"summary_large_image","twitter_site":"@stiftung_zewo","twitter_misc":{"Dur\u00e9e de lecture estim\u00e9e":"1 minute"},"schema":{"@context":"https:\/\/schema.org","@graph":[{"@type":"WebPage","@id":"https:\/\/zewo.ch\/fr\/aide-durgence-intemperies-en-suisse\/#webpage","url":"https:\/\/zewo.ch\/fr\/aide-durgence-intemperies-en-suisse\/#webpage","name":"","isPartOf":{"@id":"https:\/\/zewo.ch\/fr\/#website"},"primaryImageOfPage":{"@id":"https:\/\/zewo.ch\/fr\/aide-durgence-intemperies-en-suisse\/#primaryimage"},"image":{"@id":"https:\/\/zewo.ch\/fr\/aide-durgence-intemperies-en-suisse\/#primaryimage"},"thumbnailUrl":"https:\/\/zewo.ch\/wp-content\/uploads\/2024\/07\/lightning-1158027_1280.jpg","datePublished":"2024-07-04T15:21:40+00:00","dateModified":"2025-04-01T14:16:04+00:00","description":"Ces organisations d'entraide certifi\u00e9es Zewo viennent en aide aux personnes touch\u00e9es par les intemp\u00e9ries en Suisse. Faire un don maintenant!","breadcrumb":{"@id":"https:\/\/zewo.ch\/fr\/aide-durgence-intemperies-en-suisse\/#breadcrumb"},"inLanguage":"fr-FR","potentialAction":[{"@type":"ReadAction","target":["https:\/\/zewo.ch\/fr\/aide-durgence-intemperies-en-suisse\/"]}]},{"@type":"ImageObject","inLanguage":"fr-FR","@id":"https:\/\/zewo.ch\/fr\/aide-durgence-intemperies-en-suisse\/#primaryimage","url":"https:\/\/zewo.ch\/wp-content\/uploads\/2024\/07\/lightning-1158027_1280.jpg","contentUrl":"https:\/\/zewo.ch\/wp-content\/uploads\/2024\/07\/lightning-1158027_1280.jpg","width":1280,"height":614,"caption":"Bild Unwetter Schweiz"},{"@type":"BreadcrumbList","@id":"https:\/\/zewo.ch\/fr\/aide-durgence-intemperies-en-suisse\/#breadcrumb","itemListElement":[{"@type":"ListItem","position":1,"name":"Home","item":"https:\/\/zewo.ch\/fr\/"},{"@type":"ListItem","position":2,"name":"Aide d\u2019urgence pour les r\u00e9gions touch\u00e9es par les intemp\u00e9ries en Suisse"}]},{"@type":"WebSite","@id":"https:\/\/zewo.ch\/fr\/#website","url":"https:\/\/zewo.ch\/fr\/","name":"Zewo","description":"Votre don en bonnes mains.","publisher":{"@id":"https:\/\/zewo.ch\/fr\/#organization"},"potentialAction":[{"@type":"SearchAction","target":{"@type":"EntryPoint","urlTemplate":"https:\/\/zewo.ch\/fr\/?s={search_term_string}"},"query-input":{"@type":"PropertyValueSpecification","valueRequired":true,"valueName":"search_term_string"}}],"inLanguage":"fr-FR"},{"@type":"Organization","@id":"https:\/\/zewo.ch\/fr\/#organization","name":"Stiftung Zewo","url":"https:\/\/zewo.ch\/fr\/","logo":{"@type":"ImageObject","inLanguage":"fr-FR","@id":"https:\/\/zewo.ch\/fr\/#\/schema\/logo\/image\/","url":"https:\/\/zewo.ch\/wp-content\/uploads\/2019\/08\/Zewo_Logo_Claim_D.svg","contentUrl":"https:\/\/zewo.ch\/wp-content\/uploads\/2019\/08\/Zewo_Logo_Claim_D.svg","width":1,"height":1,"caption":"Stiftung Zewo"},"image":{"@id":"https:\/\/zewo.ch\/fr\/#\/schema\/logo\/image\/"},"sameAs":["https:\/\/www.facebook.com\/Stiftung.ZEWO\/","https:\/\/x.com\/stiftung_zewo","https:\/\/www.linkedin.com\/company\/stiftung-zewo","https:\/\/www.youtube.com\/channel\/UCzjsVJro12OXcvvx1LQP8tw","https:\/\/de.wikipedia.org\/wiki\/Zewo"]}]}},"publishpress_future_action":{"enabled":false,"date":"2026-04-23 22:56:55","action":"change-status","newStatus":"draft","terms":[],"taxonomy":"translation_priority","extraData":[]},"publishpress_future_workflow_manual_trigger":{"enabledWorkflows":[]},"_links":{"self":[{"href":"https:\/\/zewo.ch\/fr\/wp-json\/wp\/v2\/pages\/5920671","targetHints":{"allow":["GET"]}}],"collection":[{"href":"https:\/\/zewo.ch\/fr\/wp-json\/wp\/v2\/pages"}],"about":[{"href":"https:\/\/zewo.ch\/fr\/wp-json\/wp\/v2\/types\/page"}],"author":[{"embeddable":true,"href":"https:\/\/zewo.ch\/fr\/wp-json\/wp\/v2\/users\/38"}],"replies":[{"embeddable":true,"href":"https:\/\/zewo.ch\/fr\/wp-json\/wp\/v2\/comments?post=5920671"}],"version-history":[{"count":9,"href":"https:\/\/zewo.ch\/fr\/wp-json\/wp\/v2\/pages\/5920671\/revisions"}],"predecessor-version":[{"id":5927570,"href":"https:\/\/zewo.ch\/fr\/wp-json\/wp\/v2\/pages\/5920671\/revisions\/5927570"}],"wp:featuredmedia":[{"embeddable":true,"href":"https:\/\/zewo.ch\/fr\/wp-json\/wp\/v2\/media\/5920669"}],"wp:attachment":[{"href":"https:\/\/zewo.ch\/fr\/wp-json\/wp\/v2\/media?parent=5920671"}],"wp:term":[{"taxonomy":"folder","embeddable":true,"href":"https:\/\/zewo.ch\/fr\/wp-json\/wp\/v2\/folder?post=5920671"}],"curies":[{"name":"wp","href":"https:\/\/api.w.org\/{rel}","templated":true}]}}