{"id":5920644,"date":"2024-07-04T15:08:19","date_gmt":"2024-07-04T13:08:19","guid":{"rendered":"https:\/\/zewo.ch\/?page_id=5920644"},"modified":"2025-11-27T08:50:44","modified_gmt":"2025-11-27T07:50:44","slug":"la-journee-suisse-des-fondations-2024-vive-la-resilience","status":"publish","type":"page","link":"https:\/\/zewo.ch\/fr\/la-journee-suisse-des-fondations-2024-vive-la-resilience\/","title":{"rendered":"La Journ\u00e9e suisse des Fondations 2024 : Vive la r\u00e9silience!"},"content":{"rendered":"\n<p><strong>Mardi 12 novembre 2024<\/strong><br>Hotel Marriot Zurich <\/p>\n\n\n\n<p>Sous le slogan \u00ab&nbsp;Vive la r\u00e9silience !&nbsp;\u00bb, nous nous pencherons sur une notion qui donne confiance, m\u00eame en temps de crise et d\u2019incertitude. La r\u00e9silience d\u00e9signe la capacit\u00e9 d\u2019une personne ou d\u2019une organisation \u00e0 ma\u00eetriser des situations difficiles et \u00e0 en sortir plus forte. Cette capacit\u00e9 de r\u00e9sistance et d\u2019adaptation peut \u00eatre d\u00e9velopp\u00e9e et encourag\u00e9e de mani\u00e8re cibl\u00e9e. Mais qu\u2019est-ce qui caract\u00e9rise une personne ou une organisation r\u00e9siliente ? Quelles organisations sont plus r\u00e9silientes que d\u2019autres et pourquoi ? Et qu\u2019en est-il de la soci\u00e9t\u00e9 ?<\/p>\n\n\n\n<p>Lors de la Journ\u00e9e suisse des Fondations de cette ann\u00e9e, nous discuterons&nbsp;<strong>des conditions et des facteurs de r\u00e9ussite pour une plus grande r\u00e9silience<\/strong>&nbsp;et nous montrerons quelles contributions concr\u00e8tes l<strong>es fondations d\u2019utilit\u00e9 publique et les OBNL peuvent apporter \u00e0 la promotion de la r\u00e9silience de la soci\u00e9t\u00e9<\/strong>&nbsp;et ce qu\u2019elles peuvent entreprendre<strong>&nbsp;pour devenir elles-m\u00eames (plus) r\u00e9silientes en tant qu\u2019organisation.<\/strong><\/p>\n\n\n\n<p>Outre les conf\u00e9rences, les tables rondes et le traditionnel rapport d\u2019actualit\u00e9 de proFonds, nous proposons pour la premi\u00e8re fois un grand choix d\u2019ateliers lors de la Journ\u00e9e suisse des Fondations 2024.<\/p>\n\n\n\n<p>plus d&rsquo;informations sur : La Journ\u00e9e suisse des Fondations 2024 Vive la r\u00e9silience! \u2013 proFonds \u2013 Dachverband gemeinn\u00fctziger Stiftungen der Schweiz<\/p>\n","protected":false},"excerpt":{"rendered":"<p>Mardi 12 novembre 2024Hotel Marriot Zurich Sous le slogan \u00ab&nbsp;Vive la r\u00e9silience !&nbsp;\u00bb, nous nous pencherons sur une notion qui donne confiance, m\u00eame en temps de crise et d\u2019incertitude. La r\u00e9silience d\u00e9signe la capacit\u00e9 d\u2019une personne ou d\u2019une organisation \u00e0 ma\u00eetriser des situations difficiles et \u00e0 en sortir plus forte. Cette capacit\u00e9 de r\u00e9sistance et [&hellip;]<\/p>\n","protected":false},"author":40,"featured_media":0,"parent":0,"menu_order":0,"comment_status":"closed","ping_status":"closed","template":"","meta":{"_acf_changed":false,"footnotes":""},"folder":[],"class_list":["post-5920644","page","type-page","status-publish","hentry"],"acf":[],"yoast_head":"<!-- This site is optimized with the Yoast SEO Premium plugin v26.0 (Yoast SEO v26.0) - https:\/\/yoast.com\/wordpress\/plugins\/seo\/ -->\n<title>Zewo<\/title>\n<meta name=\"description\" content=\"La Journ\u00e9e de la Fondation 2024 aura lieu le 12 novembre 2024 \u00e0 l&#039;h\u00f4tel Marriot \u00e0 Zurich. Outre des conf\u00e9rences, des tables rondes et le traditionnel rapport d&#039;actualit\u00e9 de proFonds, des ateliers seront propos\u00e9s pour la premi\u00e8re fois.\" \/>\n<meta name=\"robots\" content=\"index, follow, max-snippet:-1, max-image-preview:large, max-video-preview:-1\" \/>\n<link rel=\"canonical\" href=\"https:\/\/zewo.ch\/fr\/la-journee-suisse-des-fondations-2024-vive-la-resilience\/\" \/>\n<meta property=\"og:locale\" content=\"fr_FR\" \/>\n<meta property=\"og:type\" content=\"article\" \/>\n<meta property=\"og:description\" content=\"La Journ\u00e9e de la Fondation 2024 aura lieu le 12 novembre 2024 \u00e0 l&#039;h\u00f4tel Marriot \u00e0 Zurich. Outre des conf\u00e9rences, des tables rondes et le traditionnel rapport d&#039;actualit\u00e9 de proFonds, des ateliers seront propos\u00e9s pour la premi\u00e8re fois.\" \/>\n<meta property=\"og:url\" content=\"https:\/\/zewo.ch\/fr\/la-journee-suisse-des-fondations-2024-vive-la-resilience\/\" \/>\n<meta property=\"og:site_name\" content=\"Zewo\" \/>\n<meta property=\"article:publisher\" content=\"https:\/\/www.facebook.com\/Stiftung.ZEWO\/\" \/>\n<meta property=\"article:modified_time\" content=\"2025-11-27T07:50:44+00:00\" \/>\n<meta name=\"twitter:card\" content=\"summary_large_image\" \/>\n<meta name=\"twitter:site\" content=\"@stiftung_zewo\" \/>\n<meta name=\"twitter:label1\" content=\"Dur\u00e9e de lecture estim\u00e9e\" \/>\n\t<meta name=\"twitter:data1\" content=\"2 minutes\" \/>\n<script type=\"application\/ld+json\" class=\"yoast-schema-graph\">{\"@context\":\"https:\/\/schema.org\",\"@graph\":[{\"@type\":\"WebPage\",\"@id\":\"https:\/\/zewo.ch\/fr\/la-journee-suisse-des-fondations-2024-vive-la-resilience\/#webpage\",\"url\":\"https:\/\/zewo.ch\/fr\/la-journee-suisse-des-fondations-2024-vive-la-resilience\/#webpage\",\"name\":\"\",\"isPartOf\":{\"@id\":\"https:\/\/zewo.ch\/fr\/#website\"},\"datePublished\":\"2024-07-04T13:08:19+00:00\",\"dateModified\":\"2025-11-27T07:50:44+00:00\",\"description\":\"La Journ\u00e9e de la Fondation 2024 aura lieu le 12 novembre 2024 \u00e0 l'h\u00f4tel Marriot \u00e0 Zurich. Outre des conf\u00e9rences, des tables rondes et le traditionnel rapport d'actualit\u00e9 de proFonds, des ateliers seront propos\u00e9s pour la premi\u00e8re fois.\",\"breadcrumb\":{\"@id\":\"https:\/\/zewo.ch\/fr\/la-journee-suisse-des-fondations-2024-vive-la-resilience\/#breadcrumb\"},\"inLanguage\":\"fr-FR\",\"potentialAction\":[{\"@type\":\"ReadAction\",\"target\":[\"https:\/\/zewo.ch\/fr\/la-journee-suisse-des-fondations-2024-vive-la-resilience\/\"]}]},{\"@type\":\"BreadcrumbList\",\"@id\":\"https:\/\/zewo.ch\/fr\/la-journee-suisse-des-fondations-2024-vive-la-resilience\/#breadcrumb\",\"itemListElement\":[{\"@type\":\"ListItem\",\"position\":1,\"name\":\"Home\",\"item\":\"https:\/\/zewo.ch\/fr\/\"},{\"@type\":\"ListItem\",\"position\":2,\"name\":\"La Journ\u00e9e suisse des Fondations 2024 : Vive la r\u00e9silience!\"}]},{\"@type\":\"WebSite\",\"@id\":\"https:\/\/zewo.ch\/fr\/#website\",\"url\":\"https:\/\/zewo.ch\/fr\/\",\"name\":\"Zewo\",\"description\":\"Votre don en bonnes mains.\",\"publisher\":{\"@id\":\"https:\/\/zewo.ch\/fr\/#organization\"},\"potentialAction\":[{\"@type\":\"SearchAction\",\"target\":{\"@type\":\"EntryPoint\",\"urlTemplate\":\"https:\/\/zewo.ch\/fr\/?s={search_term_string}\"},\"query-input\":{\"@type\":\"PropertyValueSpecification\",\"valueRequired\":true,\"valueName\":\"search_term_string\"}}],\"inLanguage\":\"fr-FR\"},{\"@type\":\"Organization\",\"@id\":\"https:\/\/zewo.ch\/fr\/#organization\",\"name\":\"Stiftung Zewo\",\"url\":\"https:\/\/zewo.ch\/fr\/\",\"logo\":{\"@type\":\"ImageObject\",\"inLanguage\":\"fr-FR\",\"@id\":\"https:\/\/zewo.ch\/fr\/#\/schema\/logo\/image\/\",\"url\":\"https:\/\/zewo.ch\/wp-content\/uploads\/2019\/08\/Zewo_Logo_Claim_D.svg\",\"contentUrl\":\"https:\/\/zewo.ch\/wp-content\/uploads\/2019\/08\/Zewo_Logo_Claim_D.svg\",\"width\":1,\"height\":1,\"caption\":\"Stiftung Zewo\"},\"image\":{\"@id\":\"https:\/\/zewo.ch\/fr\/#\/schema\/logo\/image\/\"},\"sameAs\":[\"https:\/\/www.facebook.com\/Stiftung.ZEWO\/\",\"https:\/\/x.com\/stiftung_zewo\",\"https:\/\/www.linkedin.com\/company\/stiftung-zewo\",\"https:\/\/www.youtube.com\/channel\/UCzjsVJro12OXcvvx1LQP8tw\",\"https:\/\/de.wikipedia.org\/wiki\/Zewo\"]}]}<\/script>\n<!-- \/ Yoast SEO Premium plugin. -->","yoast_head_json":{"title":"Zewo","description":"La Journ\u00e9e de la Fondation 2024 aura lieu le 12 novembre 2024 \u00e0 l'h\u00f4tel Marriot \u00e0 Zurich. Outre des conf\u00e9rences, des tables rondes et le traditionnel rapport d'actualit\u00e9 de proFonds, des ateliers seront propos\u00e9s pour la premi\u00e8re fois.","robots":{"index":"index","follow":"follow","max-snippet":"max-snippet:-1","max-image-preview":"max-image-preview:large","max-video-preview":"max-video-preview:-1"},"canonical":"https:\/\/zewo.ch\/fr\/la-journee-suisse-des-fondations-2024-vive-la-resilience\/","og_locale":"fr_FR","og_type":"article","og_description":"La Journ\u00e9e de la Fondation 2024 aura lieu le 12 novembre 2024 \u00e0 l'h\u00f4tel Marriot \u00e0 Zurich. Outre des conf\u00e9rences, des tables rondes et le traditionnel rapport d'actualit\u00e9 de proFonds, des ateliers seront propos\u00e9s pour la premi\u00e8re fois.","og_url":"https:\/\/zewo.ch\/fr\/la-journee-suisse-des-fondations-2024-vive-la-resilience\/","og_site_name":"Zewo","article_publisher":"https:\/\/www.facebook.com\/Stiftung.ZEWO\/","article_modified_time":"2025-11-27T07:50:44+00:00","twitter_card":"summary_large_image","twitter_site":"@stiftung_zewo","twitter_misc":{"Dur\u00e9e de lecture estim\u00e9e":"2 minutes"},"schema":{"@context":"https:\/\/schema.org","@graph":[{"@type":"WebPage","@id":"https:\/\/zewo.ch\/fr\/la-journee-suisse-des-fondations-2024-vive-la-resilience\/#webpage","url":"https:\/\/zewo.ch\/fr\/la-journee-suisse-des-fondations-2024-vive-la-resilience\/#webpage","name":"","isPartOf":{"@id":"https:\/\/zewo.ch\/fr\/#website"},"datePublished":"2024-07-04T13:08:19+00:00","dateModified":"2025-11-27T07:50:44+00:00","description":"La Journ\u00e9e de la Fondation 2024 aura lieu le 12 novembre 2024 \u00e0 l'h\u00f4tel Marriot \u00e0 Zurich. Outre des conf\u00e9rences, des tables rondes et le traditionnel rapport d'actualit\u00e9 de proFonds, des ateliers seront propos\u00e9s pour la premi\u00e8re fois.","breadcrumb":{"@id":"https:\/\/zewo.ch\/fr\/la-journee-suisse-des-fondations-2024-vive-la-resilience\/#breadcrumb"},"inLanguage":"fr-FR","potentialAction":[{"@type":"ReadAction","target":["https:\/\/zewo.ch\/fr\/la-journee-suisse-des-fondations-2024-vive-la-resilience\/"]}]},{"@type":"BreadcrumbList","@id":"https:\/\/zewo.ch\/fr\/la-journee-suisse-des-fondations-2024-vive-la-resilience\/#breadcrumb","itemListElement":[{"@type":"ListItem","position":1,"name":"Home","item":"https:\/\/zewo.ch\/fr\/"},{"@type":"ListItem","position":2,"name":"La Journ\u00e9e suisse des Fondations 2024 : Vive la r\u00e9silience!"}]},{"@type":"WebSite","@id":"https:\/\/zewo.ch\/fr\/#website","url":"https:\/\/zewo.ch\/fr\/","name":"Zewo","description":"Votre don en bonnes mains.","publisher":{"@id":"https:\/\/zewo.ch\/fr\/#organization"},"potentialAction":[{"@type":"SearchAction","target":{"@type":"EntryPoint","urlTemplate":"https:\/\/zewo.ch\/fr\/?s={search_term_string}"},"query-input":{"@type":"PropertyValueSpecification","valueRequired":true,"valueName":"search_term_string"}}],"inLanguage":"fr-FR"},{"@type":"Organization","@id":"https:\/\/zewo.ch\/fr\/#organization","name":"Stiftung Zewo","url":"https:\/\/zewo.ch\/fr\/","logo":{"@type":"ImageObject","inLanguage":"fr-FR","@id":"https:\/\/zewo.ch\/fr\/#\/schema\/logo\/image\/","url":"https:\/\/zewo.ch\/wp-content\/uploads\/2019\/08\/Zewo_Logo_Claim_D.svg","contentUrl":"https:\/\/zewo.ch\/wp-content\/uploads\/2019\/08\/Zewo_Logo_Claim_D.svg","width":1,"height":1,"caption":"Stiftung Zewo"},"image":{"@id":"https:\/\/zewo.ch\/fr\/#\/schema\/logo\/image\/"},"sameAs":["https:\/\/www.facebook.com\/Stiftung.ZEWO\/","https:\/\/x.com\/stiftung_zewo","https:\/\/www.linkedin.com\/company\/stiftung-zewo","https:\/\/www.youtube.com\/channel\/UCzjsVJro12OXcvvx1LQP8tw","https:\/\/de.wikipedia.org\/wiki\/Zewo"]}]}},"publishpress_future_action":{"enabled":false,"date":"2026-04-22 07:37:14","action":"change-status","newStatus":"draft","terms":[],"taxonomy":"translation_priority","extraData":[]},"publishpress_future_workflow_manual_trigger":{"enabledWorkflows":[]},"_links":{"self":[{"href":"https:\/\/zewo.ch\/fr\/wp-json\/wp\/v2\/pages\/5920644","targetHints":{"allow":["GET"]}}],"collection":[{"href":"https:\/\/zewo.ch\/fr\/wp-json\/wp\/v2\/pages"}],"about":[{"href":"https:\/\/zewo.ch\/fr\/wp-json\/wp\/v2\/types\/page"}],"author":[{"embeddable":true,"href":"https:\/\/zewo.ch\/fr\/wp-json\/wp\/v2\/users\/40"}],"replies":[{"embeddable":true,"href":"https:\/\/zewo.ch\/fr\/wp-json\/wp\/v2\/comments?post=5920644"}],"version-history":[{"count":3,"href":"https:\/\/zewo.ch\/fr\/wp-json\/wp\/v2\/pages\/5920644\/revisions"}],"predecessor-version":[{"id":5934736,"href":"https:\/\/zewo.ch\/fr\/wp-json\/wp\/v2\/pages\/5920644\/revisions\/5934736"}],"wp:attachment":[{"href":"https:\/\/zewo.ch\/fr\/wp-json\/wp\/v2\/media?parent=5920644"}],"wp:term":[{"taxonomy":"folder","embeddable":true,"href":"https:\/\/zewo.ch\/fr\/wp-json\/wp\/v2\/folder?post=5920644"}],"curies":[{"name":"wp","href":"https:\/\/api.w.org\/{rel}","templated":true}]}}