{"id":5919110,"date":"2024-06-11T14:51:38","date_gmt":"2024-06-11T12:51:38","guid":{"rendered":"https:\/\/zewo.ch\/?page_id=5919110"},"modified":"2025-09-29T14:23:09","modified_gmt":"2025-09-29T12:23:09","slug":"liste-des-organisations-titulaires-du-label-de-qualite-zewo","status":"publish","type":"page","link":"https:\/\/zewo.ch\/fr\/liste-des-organisations-titulaires-du-label-de-qualite-zewo\/","title":{"rendered":"Liste des organisations d&rsquo;entraide suisses &#8211; certifi\u00e9e par Zewo"},"content":{"rendered":"\n<h2 class=\"wp-block-heading\" id=\"h-liste-des-organisations-d-entraide-certifiees-zewo-suisse\">Liste des organisations d&rsquo;entraide certifi\u00e9es Zewo Suisse<\/h2>\n\n\n\n<p>Ici, vous trouverez une liste d&rsquo;organisations d&rsquo;entraide s\u00e9rieuses et certifi\u00e9es Zewo en Suisse. Les organisations certifi\u00e9es Zewo r\u00e9pondent \u00e0 des normes strictes en mati\u00e8re de transparence et d&rsquo;efficacit\u00e9, afin que votre don soit en de bonnes mains et utilis\u00e9 efficacement.<\/p>\n\n\n\n<h2 class=\"wp-block-heading\" id=\"h-pourquoi-choisir-des-organisations-certifiees-zewo\">Pourquoi choisir des organisations certifi\u00e9es Zewo ?<\/h2>\n\n\n\n<p>Zewo est l&rsquo;organisme suisse de certification qui garantit que les organisations d&rsquo;entraide travaillent de mani\u00e8re responsable et transparente. Avec une organisation certifi\u00e9e Zewo, vous pouvez \u00eatre s\u00fbr que votre don est utilis\u00e9 de mani\u00e8re efficace.<\/p>\n\n\n\n<h2 class=\"wp-block-heading\" id=\"h-telecharger-la-liste\">T\u00e9l\u00e9charger la liste<\/h2>\n\n\n\n<p>T\u00e9l\u00e9chargez la <strong><a href=\"https:\/\/zewo.ch\/wp-content\/uploads\/Liste-organisations-certifiees-Zewo.pdf\">liste des organisations d&rsquo;entraide certifi\u00e9es Zewo Suisse<\/a><\/strong> et trouvez l&rsquo;organisation qui m\u00e9rite votre soutien. Votre don fait la diff\u00e9rence !<\/p>\n\n\n<div class=\"wp-block-image\">\n<figure class=\"aligncenter size-full\"><img loading=\"lazy\" decoding=\"async\" width=\"600\" height=\"400\" src=\"https:\/\/zewo.ch\/wp-content\/uploads\/2025\/09\/Verzeichnis_GS_F-1.png\" alt=\"\" class=\"wp-image-5933134\" srcset=\"https:\/\/zewo.ch\/wp-content\/uploads\/2025\/09\/Verzeichnis_GS_F-1.png 600w, https:\/\/zewo.ch\/wp-content\/uploads\/2025\/09\/Verzeichnis_GS_F-1-300x200.png 300w\" sizes=\"auto, (min-width: 960px) 75vw, 100vw\" \/><\/figure><\/div>\n\n\n<p><a href=\"https:\/\/zewo.ch\/fr\/\" target=\"_blank\" rel=\"noreferrer noopener\">Retour \u00e0 la recherche NPO<\/a><\/p>\n","protected":false},"excerpt":{"rendered":"<p>Liste des organisations d&rsquo;entraide certifi\u00e9es Zewo Suisse Ici, vous trouverez une liste d&rsquo;organisations d&rsquo;entraide s\u00e9rieuses et certifi\u00e9es Zewo en Suisse. Les organisations certifi\u00e9es Zewo r\u00e9pondent \u00e0 des normes strictes en mati\u00e8re de transparence et d&rsquo;efficacit\u00e9, afin que votre don soit en de bonnes mains et utilis\u00e9 efficacement. Pourquoi choisir des organisations certifi\u00e9es Zewo ? Zewo [&hellip;]<\/p>\n","protected":false},"author":38,"featured_media":0,"parent":0,"menu_order":0,"comment_status":"closed","ping_status":"closed","template":"","meta":{"_acf_changed":false,"footnotes":""},"folder":[6643],"class_list":["post-5919110","page","type-page","status-publish","hentry"],"acf":[],"yoast_head":"<!-- This site is optimized with the Yoast SEO Premium plugin v26.0 (Yoast SEO v26.0) - https:\/\/yoast.com\/wordpress\/plugins\/seo\/ -->\n<title>Zewo<\/title>\n<meta name=\"description\" content=\"Trouvez les organisations d&#039;entraide suisses s\u00e9rieuses titulaires du label de qualit\u00e9 Zewo. Contr\u00f4l\u00e9 et v\u00e9rifi\u00e9 r\u00e9guli\u00e8rement.\" \/>\n<meta name=\"robots\" content=\"index, follow, max-snippet:-1, max-image-preview:large, max-video-preview:-1\" \/>\n<link rel=\"canonical\" href=\"https:\/\/zewo.ch\/fr\/liste-des-organisations-titulaires-du-label-de-qualite-zewo\/\" \/>\n<meta property=\"og:locale\" content=\"fr_FR\" \/>\n<meta property=\"og:type\" content=\"article\" \/>\n<meta property=\"og:description\" content=\"Trouvez les organisations d&#039;entraide suisses s\u00e9rieuses titulaires du label de qualit\u00e9 Zewo. Contr\u00f4l\u00e9 et v\u00e9rifi\u00e9 r\u00e9guli\u00e8rement.\" \/>\n<meta property=\"og:url\" content=\"https:\/\/zewo.ch\/fr\/liste-des-organisations-titulaires-du-label-de-qualite-zewo\/\" \/>\n<meta property=\"og:site_name\" content=\"Zewo\" \/>\n<meta property=\"article:publisher\" content=\"https:\/\/www.facebook.com\/Stiftung.ZEWO\/\" \/>\n<meta property=\"article:modified_time\" content=\"2025-09-29T12:23:09+00:00\" \/>\n<meta property=\"og:image\" content=\"https:\/\/zewo.ch\/wp-content\/uploads\/2025\/09\/Verzeichnis_GS_F-1.png\" \/>\n<meta name=\"twitter:card\" content=\"summary_large_image\" \/>\n<meta name=\"twitter:site\" content=\"@stiftung_zewo\" \/>\n<meta name=\"twitter:label1\" content=\"Dur\u00e9e de lecture estim\u00e9e\" \/>\n\t<meta name=\"twitter:data1\" content=\"1 minute\" \/>\n<script type=\"application\/ld+json\" class=\"yoast-schema-graph\">{\"@context\":\"https:\/\/schema.org\",\"@graph\":[{\"@type\":\"WebPage\",\"@id\":\"https:\/\/zewo.ch\/fr\/liste-des-organisations-titulaires-du-label-de-qualite-zewo\/#webpage\",\"url\":\"https:\/\/zewo.ch\/fr\/liste-des-organisations-titulaires-du-label-de-qualite-zewo\/#webpage\",\"name\":\"\",\"isPartOf\":{\"@id\":\"https:\/\/zewo.ch\/fr\/#website\"},\"primaryImageOfPage\":{\"@id\":\"https:\/\/zewo.ch\/fr\/liste-des-organisations-titulaires-du-label-de-qualite-zewo\/#primaryimage\"},\"image\":{\"@id\":\"https:\/\/zewo.ch\/fr\/liste-des-organisations-titulaires-du-label-de-qualite-zewo\/#primaryimage\"},\"thumbnailUrl\":\"https:\/\/zewo.ch\/wp-content\/uploads\/2025\/09\/Verzeichnis_GS_F-1.png\",\"datePublished\":\"2024-06-11T12:51:38+00:00\",\"dateModified\":\"2025-09-29T12:23:09+00:00\",\"description\":\"Trouvez les organisations d'entraide suisses s\u00e9rieuses titulaires du label de qualit\u00e9 Zewo. Contr\u00f4l\u00e9 et v\u00e9rifi\u00e9 r\u00e9guli\u00e8rement.\",\"breadcrumb\":{\"@id\":\"https:\/\/zewo.ch\/fr\/liste-des-organisations-titulaires-du-label-de-qualite-zewo\/#breadcrumb\"},\"inLanguage\":\"fr-FR\",\"potentialAction\":[{\"@type\":\"ReadAction\",\"target\":[\"https:\/\/zewo.ch\/fr\/liste-des-organisations-titulaires-du-label-de-qualite-zewo\/\"]}]},{\"@type\":\"ImageObject\",\"inLanguage\":\"fr-FR\",\"@id\":\"https:\/\/zewo.ch\/fr\/liste-des-organisations-titulaires-du-label-de-qualite-zewo\/#primaryimage\",\"url\":\"https:\/\/zewo.ch\/wp-content\/uploads\/2025\/09\/Verzeichnis_GS_F-1.png\",\"contentUrl\":\"https:\/\/zewo.ch\/wp-content\/uploads\/2025\/09\/Verzeichnis_GS_F-1.png\"},{\"@type\":\"BreadcrumbList\",\"@id\":\"https:\/\/zewo.ch\/fr\/liste-des-organisations-titulaires-du-label-de-qualite-zewo\/#breadcrumb\",\"itemListElement\":[{\"@type\":\"ListItem\",\"position\":1,\"name\":\"Home\",\"item\":\"https:\/\/zewo.ch\/fr\/\"},{\"@type\":\"ListItem\",\"position\":2,\"name\":\"Liste des organisations d&#8217;entraide suisses &#8211; certifi\u00e9e par Zewo\"}]},{\"@type\":\"WebSite\",\"@id\":\"https:\/\/zewo.ch\/fr\/#website\",\"url\":\"https:\/\/zewo.ch\/fr\/\",\"name\":\"Zewo\",\"description\":\"Votre don en bonnes mains.\",\"publisher\":{\"@id\":\"https:\/\/zewo.ch\/fr\/#organization\"},\"potentialAction\":[{\"@type\":\"SearchAction\",\"target\":{\"@type\":\"EntryPoint\",\"urlTemplate\":\"https:\/\/zewo.ch\/fr\/?s={search_term_string}\"},\"query-input\":{\"@type\":\"PropertyValueSpecification\",\"valueRequired\":true,\"valueName\":\"search_term_string\"}}],\"inLanguage\":\"fr-FR\"},{\"@type\":\"Organization\",\"@id\":\"https:\/\/zewo.ch\/fr\/#organization\",\"name\":\"Stiftung Zewo\",\"url\":\"https:\/\/zewo.ch\/fr\/\",\"logo\":{\"@type\":\"ImageObject\",\"inLanguage\":\"fr-FR\",\"@id\":\"https:\/\/zewo.ch\/fr\/#\/schema\/logo\/image\/\",\"url\":\"https:\/\/zewo.ch\/wp-content\/uploads\/2019\/08\/Zewo_Logo_Claim_D.svg\",\"contentUrl\":\"https:\/\/zewo.ch\/wp-content\/uploads\/2019\/08\/Zewo_Logo_Claim_D.svg\",\"width\":1,\"height\":1,\"caption\":\"Stiftung Zewo\"},\"image\":{\"@id\":\"https:\/\/zewo.ch\/fr\/#\/schema\/logo\/image\/\"},\"sameAs\":[\"https:\/\/www.facebook.com\/Stiftung.ZEWO\/\",\"https:\/\/x.com\/stiftung_zewo\",\"https:\/\/www.linkedin.com\/company\/stiftung-zewo\",\"https:\/\/www.youtube.com\/channel\/UCzjsVJro12OXcvvx1LQP8tw\",\"https:\/\/de.wikipedia.org\/wiki\/Zewo\"]}]}<\/script>\n<!-- \/ Yoast SEO Premium plugin. -->","yoast_head_json":{"title":"Zewo","description":"Trouvez les organisations d'entraide suisses s\u00e9rieuses titulaires du label de qualit\u00e9 Zewo. Contr\u00f4l\u00e9 et v\u00e9rifi\u00e9 r\u00e9guli\u00e8rement.","robots":{"index":"index","follow":"follow","max-snippet":"max-snippet:-1","max-image-preview":"max-image-preview:large","max-video-preview":"max-video-preview:-1"},"canonical":"https:\/\/zewo.ch\/fr\/liste-des-organisations-titulaires-du-label-de-qualite-zewo\/","og_locale":"fr_FR","og_type":"article","og_description":"Trouvez les organisations d'entraide suisses s\u00e9rieuses titulaires du label de qualit\u00e9 Zewo. Contr\u00f4l\u00e9 et v\u00e9rifi\u00e9 r\u00e9guli\u00e8rement.","og_url":"https:\/\/zewo.ch\/fr\/liste-des-organisations-titulaires-du-label-de-qualite-zewo\/","og_site_name":"Zewo","article_publisher":"https:\/\/www.facebook.com\/Stiftung.ZEWO\/","article_modified_time":"2025-09-29T12:23:09+00:00","og_image":[{"url":"https:\/\/zewo.ch\/wp-content\/uploads\/2025\/09\/Verzeichnis_GS_F-1.png","type":"","width":"","height":""}],"twitter_card":"summary_large_image","twitter_site":"@stiftung_zewo","twitter_misc":{"Dur\u00e9e de lecture estim\u00e9e":"1 minute"},"schema":{"@context":"https:\/\/schema.org","@graph":[{"@type":"WebPage","@id":"https:\/\/zewo.ch\/fr\/liste-des-organisations-titulaires-du-label-de-qualite-zewo\/#webpage","url":"https:\/\/zewo.ch\/fr\/liste-des-organisations-titulaires-du-label-de-qualite-zewo\/#webpage","name":"","isPartOf":{"@id":"https:\/\/zewo.ch\/fr\/#website"},"primaryImageOfPage":{"@id":"https:\/\/zewo.ch\/fr\/liste-des-organisations-titulaires-du-label-de-qualite-zewo\/#primaryimage"},"image":{"@id":"https:\/\/zewo.ch\/fr\/liste-des-organisations-titulaires-du-label-de-qualite-zewo\/#primaryimage"},"thumbnailUrl":"https:\/\/zewo.ch\/wp-content\/uploads\/2025\/09\/Verzeichnis_GS_F-1.png","datePublished":"2024-06-11T12:51:38+00:00","dateModified":"2025-09-29T12:23:09+00:00","description":"Trouvez les organisations d'entraide suisses s\u00e9rieuses titulaires du label de qualit\u00e9 Zewo. Contr\u00f4l\u00e9 et v\u00e9rifi\u00e9 r\u00e9guli\u00e8rement.","breadcrumb":{"@id":"https:\/\/zewo.ch\/fr\/liste-des-organisations-titulaires-du-label-de-qualite-zewo\/#breadcrumb"},"inLanguage":"fr-FR","potentialAction":[{"@type":"ReadAction","target":["https:\/\/zewo.ch\/fr\/liste-des-organisations-titulaires-du-label-de-qualite-zewo\/"]}]},{"@type":"ImageObject","inLanguage":"fr-FR","@id":"https:\/\/zewo.ch\/fr\/liste-des-organisations-titulaires-du-label-de-qualite-zewo\/#primaryimage","url":"https:\/\/zewo.ch\/wp-content\/uploads\/2025\/09\/Verzeichnis_GS_F-1.png","contentUrl":"https:\/\/zewo.ch\/wp-content\/uploads\/2025\/09\/Verzeichnis_GS_F-1.png"},{"@type":"BreadcrumbList","@id":"https:\/\/zewo.ch\/fr\/liste-des-organisations-titulaires-du-label-de-qualite-zewo\/#breadcrumb","itemListElement":[{"@type":"ListItem","position":1,"name":"Home","item":"https:\/\/zewo.ch\/fr\/"},{"@type":"ListItem","position":2,"name":"Liste des organisations d&#8217;entraide suisses &#8211; certifi\u00e9e par Zewo"}]},{"@type":"WebSite","@id":"https:\/\/zewo.ch\/fr\/#website","url":"https:\/\/zewo.ch\/fr\/","name":"Zewo","description":"Votre don en bonnes mains.","publisher":{"@id":"https:\/\/zewo.ch\/fr\/#organization"},"potentialAction":[{"@type":"SearchAction","target":{"@type":"EntryPoint","urlTemplate":"https:\/\/zewo.ch\/fr\/?s={search_term_string}"},"query-input":{"@type":"PropertyValueSpecification","valueRequired":true,"valueName":"search_term_string"}}],"inLanguage":"fr-FR"},{"@type":"Organization","@id":"https:\/\/zewo.ch\/fr\/#organization","name":"Stiftung Zewo","url":"https:\/\/zewo.ch\/fr\/","logo":{"@type":"ImageObject","inLanguage":"fr-FR","@id":"https:\/\/zewo.ch\/fr\/#\/schema\/logo\/image\/","url":"https:\/\/zewo.ch\/wp-content\/uploads\/2019\/08\/Zewo_Logo_Claim_D.svg","contentUrl":"https:\/\/zewo.ch\/wp-content\/uploads\/2019\/08\/Zewo_Logo_Claim_D.svg","width":1,"height":1,"caption":"Stiftung Zewo"},"image":{"@id":"https:\/\/zewo.ch\/fr\/#\/schema\/logo\/image\/"},"sameAs":["https:\/\/www.facebook.com\/Stiftung.ZEWO\/","https:\/\/x.com\/stiftung_zewo","https:\/\/www.linkedin.com\/company\/stiftung-zewo","https:\/\/www.youtube.com\/channel\/UCzjsVJro12OXcvvx1LQP8tw","https:\/\/de.wikipedia.org\/wiki\/Zewo"]}]}},"publishpress_future_action":{"enabled":false,"date":"2026-04-23 10:53:16","action":"change-status","newStatus":"draft","terms":[],"taxonomy":"translation_priority","extraData":[]},"publishpress_future_workflow_manual_trigger":{"enabledWorkflows":[]},"_links":{"self":[{"href":"https:\/\/zewo.ch\/fr\/wp-json\/wp\/v2\/pages\/5919110","targetHints":{"allow":["GET"]}}],"collection":[{"href":"https:\/\/zewo.ch\/fr\/wp-json\/wp\/v2\/pages"}],"about":[{"href":"https:\/\/zewo.ch\/fr\/wp-json\/wp\/v2\/types\/page"}],"author":[{"embeddable":true,"href":"https:\/\/zewo.ch\/fr\/wp-json\/wp\/v2\/users\/38"}],"replies":[{"embeddable":true,"href":"https:\/\/zewo.ch\/fr\/wp-json\/wp\/v2\/comments?post=5919110"}],"version-history":[{"count":27,"href":"https:\/\/zewo.ch\/fr\/wp-json\/wp\/v2\/pages\/5919110\/revisions"}],"predecessor-version":[{"id":5938475,"href":"https:\/\/zewo.ch\/fr\/wp-json\/wp\/v2\/pages\/5919110\/revisions\/5938475"}],"wp:attachment":[{"href":"https:\/\/zewo.ch\/fr\/wp-json\/wp\/v2\/media?parent=5919110"}],"wp:term":[{"taxonomy":"folder","embeddable":true,"href":"https:\/\/zewo.ch\/fr\/wp-json\/wp\/v2\/folder?post=5919110"}],"curies":[{"name":"wp","href":"https:\/\/api.w.org\/{rel}","templated":true}]}}