{"id":5918757,"date":"2024-05-28T11:21:57","date_gmt":"2024-05-28T09:21:57","guid":{"rendered":"https:\/\/zewo.ch\/?page_id=5918757"},"modified":"2026-04-14T17:22:52","modified_gmt":"2026-04-14T15:22:52","slug":"rapport-annuel-comptes-annuels-et-rapport-de-revision","status":"publish","type":"page","link":"https:\/\/zewo.ch\/fr\/rapport-annuel-comptes-annuels-et-rapport-de-revision\/","title":{"rendered":"Rapport annuel, comptes annuels et rapport de r\u00e9vision"},"content":{"rendered":"\n<p>La transparence est une valeur centrale de la fondation Zewo. Avec <strong>le rapport annuel<\/strong>, <strong>les comptes annuels<\/strong> et <strong>le rapport de r\u00e9vision<\/strong>, nous donnons des informations compl\u00e8tes sur notre activit\u00e9, l&rsquo;utilisation des fonds ainsi que les \u00e9volutions financi\u00e8res et op\u00e9rationnelles de l&rsquo;ann\u00e9e pass\u00e9e.<\/p>\n\n\n\n<p>Le rapport annuel vous donne un aper\u00e7u des principaux axes de notre travail, des d\u00e9veloppements actuels dans le domaine de la certification Zewo, des informations destin\u00e9es aux donateurs et donatrices et de notre collaboration avec les organisations d&rsquo;entraide. Les comptes annuels pr\u00e9sentent de mani\u00e8re transparente l&rsquo;utilisation de nos fonds et les recettes que nous avons r\u00e9alis\u00e9es. Le rapport de r\u00e9vision confirme la bonne gestion de nos affaires par un audit ind\u00e9pendant.<\/p>\n\n\n\n<p>D\u00e9couvrez notre travail \u2013 <strong>pour une culture du don transparente, efficace et digne de confiance en Suisse<\/strong>.<\/p>\n\n\n\n<h2 class=\"wp-block-heading\" id=\"h-themes-phares-du-rapport-annuel-2024\">Th\u00e8mes phares du rapport annuel 2024<\/h2>\n\n\n\n<ul class=\"wp-block-list\">\n<li><strong>Les contr\u00f4les stricts de la Zewo<\/strong> <strong>\u2013 certifications, contr\u00f4les des conditions et estimations sans engagements en 2024<\/strong><\/li>\n\n\n\n<li><strong>Zewo Impact Tool (ZIT) \u2013 le nouvel outil de mesure d\u2019efficacit\u00e9 pour les NPO<\/strong><\/li>\n\n\n\n<li><strong>Le label de qualit\u00e9 Zewo gagne en importance en Suisse romande<\/strong><\/li>\n<\/ul>\n\n\n\n<p>Vous souhaitez en savoir plus ? Vous trouverez ici le rapport annuel complet sous forme de magazine en ligne ou de fichier PDF \u00e0 t\u00e9l\u00e9charger.<\/p>\n\n\n\n<iframe loading=\"lazy\" width=\"620px\" height=\"566px\" src=\"https:\/\/www.yumpu.com\/fr\/embed\/view\/GzkPMlmtiEgKb8v4\" frameborder=\"0\" allowfullscreen=\"true\"  allowtransparency=\"true\"><\/iframe>\n\n\n\n<div style=\"height:29px\" aria-hidden=\"true\" class=\"wp-block-spacer\"><\/div>\n\n\n\n<h2 class=\"wp-block-heading\" id=\"h-telecharger-les-rapports\">T\u00e9l\u00e9charger les rapports<\/h2>\n\n\n\n<ul class=\"wp-block-list list-icons\">\n<li><a href=\"https:\/\/zewo.ch\/wp-content\/uploads\/2025\/05\/Zewo_Jahresbericht-2024_FR_RZ_ES.pdf\" target=\"_blank\" rel=\"noreferrer noopener\">Rapport annuel 2024<\/a><\/li>\n\n\n\n<li><a href=\"https:\/\/zewo.ch\/wp-content\/uploads\/2025\/05\/Zewo-rapport-revision-controle-restreint-2024-sig-sig.pdf\" target=\"_blank\" rel=\"noreferrer noopener\">Rapport de I\u2019organe de revision sur le contr\u00f4le restreint des comptes annuels 2024<\/a><\/li>\n\n\n\n<li><a href=\"https:\/\/zewo.ch\/wp-content\/uploads\/2025\/05\/Zewo-rapport-sur-laudit-2024-sig-sig.pdf\" target=\"_blank\" rel=\"noreferrer noopener\">Rapport de I\u2019auditeur sur les comptes 2024<\/a><\/li>\n<\/ul>\n\n\n\n<p><\/p>\n\n\n\n<h2 class=\"wp-block-heading\" id=\"h-autorite-de-surveillance-et-organe-de-revision\">Autorit\u00e9 de surveillance et organe de r\u00e9vision<\/h2>\n\n\n\n<p>En tant que fondation dont l\u2019action concerne toute la Suisse, la Zewo est soumise au contr\u00f4le de <a href=\"https:\/\/www.esa.admin.ch\/fr\" target=\"_blank\" rel=\"noreferrer noopener\">l\u2019autorit\u00e9 f\u00e9d\u00e9rale<\/a><a href=\"https:\/\/www.esa.admin.ch\/fr\" target=\"_blank\" rel=\"noreferrer noopener\"><br>de surveillance des fondations<\/a>. Cette derni\u00e8re approuve les statuts et les r\u00e8glements de la fondation Zewo. Elle examine \u00e9galement, dans le cadre de la surveillance pr\u00e9vue par la loi (art. 84, al. 2 CC), l\u2019\u00e9tat des comptes sur la base du rapport d\u2019activit\u00e9s, du bilan, du compte de r\u00e9sultats, des annexes et du rapport de l\u2019organisme de r\u00e9vision.<\/p>\n\n\n\n<p>L\u2019entreprise BDO SA a \u00e9t\u00e9 choisie comme organisme de r\u00e9vision. Elle est membre de l&rsquo;EXPERTSuisse et inscrite au registre de l\u2019autorit\u00e9 de surveillance en mati\u00e8re de r\u00e9vision.<\/p>\n\n\n\n<div class=\"wp-block-cgb-block-zewo-block-columns-container container bg-color-light-gray\"><div class=\"grid-x grid-margin-x\" data-columns=\"2\">\n<div class=\"cell small-12 medium-6\"><div class=\"wp-block-cgb-block-zewo-block-image-teaser ab-block-cta bg-color-secondary\"><div class=\"ab-cta-image-wrap bg-color-secondary\"><img decoding=\"async\" class=\"ab-cta-image\" src=\"https:\/\/zewo.ch\/wp-content\/uploads\/2019\/05\/21-zewo-standards-1.png\" alt=\"Die 21 Zewo-Standards f\u00fcr Spenden sammelnde NPO\"\/><\/div><div class=\"ab-cta-content\"><h2 class=\"ab-cta-title\">Les 21 normes Zewo<\/h2><\/div><div class=\"ab-cta-button\"><a href=\"\/fr\/apercu-des-21-normes-zewo-condense-et-clair\/\" target=\"_self\" rel=\"noopener noreferrer\" class=\"button primary button-teaser\"><span class=\"button-arrow\"><\/span>En savoir plus<\/a><\/div><a href=\"\/fr\/apercu-des-21-normes-zewo-condense-et-clair\/\" target=\"_self\" rel=\"noopener noreferrer\" class=\"button-teaser--is-full\"><\/a><\/div><\/div>\n\n\n\n<div class=\"wp-block-cgb-block-zewo-block-columns-container container bg-color-light-gray\"><div class=\"grid-x grid-margin-x\" data-columns=\"2\"><\/div><\/div>\n<\/div><\/div>\n","protected":false},"excerpt":{"rendered":"<p>La transparence est une valeur centrale de la fondation Zewo. Avec le rapport annuel, les comptes annuels et le rapport de r\u00e9vision, nous donnons des informations compl\u00e8tes sur notre activit\u00e9, l&rsquo;utilisation des fonds ainsi que les \u00e9volutions financi\u00e8res et op\u00e9rationnelles de l&rsquo;ann\u00e9e pass\u00e9e. Le rapport annuel vous donne un aper\u00e7u des principaux axes de notre [&hellip;]<\/p>\n","protected":false},"author":38,"featured_media":0,"parent":0,"menu_order":0,"comment_status":"closed","ping_status":"closed","template":"","meta":{"_acf_changed":false,"footnotes":""},"folder":[6639],"class_list":["post-5918757","page","type-page","status-publish","hentry"],"acf":[],"yoast_head":"<!-- This site is optimized with the Yoast SEO Premium plugin v26.0 (Yoast SEO v26.0) - https:\/\/yoast.com\/wordpress\/plugins\/seo\/ -->\n<title>Zewo<\/title>\n<meta name=\"description\" content=\"Le rapport annuel et les comptes annuels offrent un aper\u00e7u complet des activit\u00e9s et de l&#039;utilisation des fonds de la Fondation Zewo.\" \/>\n<meta name=\"robots\" content=\"index, follow, max-snippet:-1, max-image-preview:large, max-video-preview:-1\" \/>\n<link rel=\"canonical\" href=\"https:\/\/zewo.ch\/fr\/rapport-annuel-comptes-annuels-et-rapport-de-revision\/\" \/>\n<meta property=\"og:locale\" content=\"fr_FR\" \/>\n<meta property=\"og:type\" content=\"article\" \/>\n<meta property=\"og:description\" content=\"Le rapport annuel et les comptes annuels offrent un aper\u00e7u complet des activit\u00e9s et de l&#039;utilisation des fonds de la Fondation Zewo.\" \/>\n<meta property=\"og:url\" content=\"https:\/\/zewo.ch\/fr\/rapport-annuel-comptes-annuels-et-rapport-de-revision\/\" \/>\n<meta property=\"og:site_name\" content=\"Zewo\" \/>\n<meta property=\"article:publisher\" content=\"https:\/\/www.facebook.com\/Stiftung.ZEWO\/\" \/>\n<meta property=\"article:modified_time\" content=\"2026-04-14T15:22:52+00:00\" \/>\n<meta name=\"twitter:card\" content=\"summary_large_image\" \/>\n<meta name=\"twitter:site\" content=\"@stiftung_zewo\" \/>\n<meta name=\"twitter:label1\" content=\"Dur\u00e9e de lecture estim\u00e9e\" \/>\n\t<meta name=\"twitter:data1\" content=\"4 minutes\" \/>\n<script type=\"application\/ld+json\" class=\"yoast-schema-graph\">{\"@context\":\"https:\/\/schema.org\",\"@graph\":[{\"@type\":\"WebPage\",\"@id\":\"https:\/\/zewo.ch\/fr\/rapport-annuel-comptes-annuels-et-rapport-de-revision\/#webpage\",\"url\":\"https:\/\/zewo.ch\/fr\/rapport-annuel-comptes-annuels-et-rapport-de-revision\/#webpage\",\"name\":\"\",\"isPartOf\":{\"@id\":\"https:\/\/zewo.ch\/fr\/#website\"},\"datePublished\":\"2024-05-28T09:21:57+00:00\",\"dateModified\":\"2026-04-14T15:22:52+00:00\",\"description\":\"Le rapport annuel et les comptes annuels offrent un aper\u00e7u complet des activit\u00e9s et de l'utilisation des fonds de la Fondation Zewo.\",\"breadcrumb\":{\"@id\":\"https:\/\/zewo.ch\/fr\/rapport-annuel-comptes-annuels-et-rapport-de-revision\/#breadcrumb\"},\"inLanguage\":\"fr-FR\",\"potentialAction\":[{\"@type\":\"ReadAction\",\"target\":[\"https:\/\/zewo.ch\/fr\/rapport-annuel-comptes-annuels-et-rapport-de-revision\/\"]}]},{\"@type\":\"BreadcrumbList\",\"@id\":\"https:\/\/zewo.ch\/fr\/rapport-annuel-comptes-annuels-et-rapport-de-revision\/#breadcrumb\",\"itemListElement\":[{\"@type\":\"ListItem\",\"position\":1,\"name\":\"Home\",\"item\":\"https:\/\/zewo.ch\/fr\/\"},{\"@type\":\"ListItem\",\"position\":2,\"name\":\"Rapport annuel, comptes annuels et rapport de r\u00e9vision\"}]},{\"@type\":\"WebSite\",\"@id\":\"https:\/\/zewo.ch\/fr\/#website\",\"url\":\"https:\/\/zewo.ch\/fr\/\",\"name\":\"Zewo\",\"description\":\"Votre don en bonnes mains.\",\"publisher\":{\"@id\":\"https:\/\/zewo.ch\/fr\/#organization\"},\"potentialAction\":[{\"@type\":\"SearchAction\",\"target\":{\"@type\":\"EntryPoint\",\"urlTemplate\":\"https:\/\/zewo.ch\/fr\/?s={search_term_string}\"},\"query-input\":{\"@type\":\"PropertyValueSpecification\",\"valueRequired\":true,\"valueName\":\"search_term_string\"}}],\"inLanguage\":\"fr-FR\"},{\"@type\":\"Organization\",\"@id\":\"https:\/\/zewo.ch\/fr\/#organization\",\"name\":\"Stiftung Zewo\",\"url\":\"https:\/\/zewo.ch\/fr\/\",\"logo\":{\"@type\":\"ImageObject\",\"inLanguage\":\"fr-FR\",\"@id\":\"https:\/\/zewo.ch\/fr\/#\/schema\/logo\/image\/\",\"url\":\"https:\/\/zewo.ch\/wp-content\/uploads\/2019\/08\/Zewo_Logo_Claim_D.svg\",\"contentUrl\":\"https:\/\/zewo.ch\/wp-content\/uploads\/2019\/08\/Zewo_Logo_Claim_D.svg\",\"width\":1,\"height\":1,\"caption\":\"Stiftung Zewo\"},\"image\":{\"@id\":\"https:\/\/zewo.ch\/fr\/#\/schema\/logo\/image\/\"},\"sameAs\":[\"https:\/\/www.facebook.com\/Stiftung.ZEWO\/\",\"https:\/\/x.com\/stiftung_zewo\",\"https:\/\/www.linkedin.com\/company\/stiftung-zewo\",\"https:\/\/www.youtube.com\/channel\/UCzjsVJro12OXcvvx1LQP8tw\",\"https:\/\/de.wikipedia.org\/wiki\/Zewo\"]}]}<\/script>\n<!-- \/ Yoast SEO Premium plugin. -->","yoast_head_json":{"title":"Zewo","description":"Le rapport annuel et les comptes annuels offrent un aper\u00e7u complet des activit\u00e9s et de l'utilisation des fonds de la Fondation Zewo.","robots":{"index":"index","follow":"follow","max-snippet":"max-snippet:-1","max-image-preview":"max-image-preview:large","max-video-preview":"max-video-preview:-1"},"canonical":"https:\/\/zewo.ch\/fr\/rapport-annuel-comptes-annuels-et-rapport-de-revision\/","og_locale":"fr_FR","og_type":"article","og_description":"Le rapport annuel et les comptes annuels offrent un aper\u00e7u complet des activit\u00e9s et de l'utilisation des fonds de la Fondation Zewo.","og_url":"https:\/\/zewo.ch\/fr\/rapport-annuel-comptes-annuels-et-rapport-de-revision\/","og_site_name":"Zewo","article_publisher":"https:\/\/www.facebook.com\/Stiftung.ZEWO\/","article_modified_time":"2026-04-14T15:22:52+00:00","twitter_card":"summary_large_image","twitter_site":"@stiftung_zewo","twitter_misc":{"Dur\u00e9e de lecture estim\u00e9e":"4 minutes"},"schema":{"@context":"https:\/\/schema.org","@graph":[{"@type":"WebPage","@id":"https:\/\/zewo.ch\/fr\/rapport-annuel-comptes-annuels-et-rapport-de-revision\/#webpage","url":"https:\/\/zewo.ch\/fr\/rapport-annuel-comptes-annuels-et-rapport-de-revision\/#webpage","name":"","isPartOf":{"@id":"https:\/\/zewo.ch\/fr\/#website"},"datePublished":"2024-05-28T09:21:57+00:00","dateModified":"2026-04-14T15:22:52+00:00","description":"Le rapport annuel et les comptes annuels offrent un aper\u00e7u complet des activit\u00e9s et de l'utilisation des fonds de la Fondation Zewo.","breadcrumb":{"@id":"https:\/\/zewo.ch\/fr\/rapport-annuel-comptes-annuels-et-rapport-de-revision\/#breadcrumb"},"inLanguage":"fr-FR","potentialAction":[{"@type":"ReadAction","target":["https:\/\/zewo.ch\/fr\/rapport-annuel-comptes-annuels-et-rapport-de-revision\/"]}]},{"@type":"BreadcrumbList","@id":"https:\/\/zewo.ch\/fr\/rapport-annuel-comptes-annuels-et-rapport-de-revision\/#breadcrumb","itemListElement":[{"@type":"ListItem","position":1,"name":"Home","item":"https:\/\/zewo.ch\/fr\/"},{"@type":"ListItem","position":2,"name":"Rapport annuel, comptes annuels et rapport de r\u00e9vision"}]},{"@type":"WebSite","@id":"https:\/\/zewo.ch\/fr\/#website","url":"https:\/\/zewo.ch\/fr\/","name":"Zewo","description":"Votre don en bonnes mains.","publisher":{"@id":"https:\/\/zewo.ch\/fr\/#organization"},"potentialAction":[{"@type":"SearchAction","target":{"@type":"EntryPoint","urlTemplate":"https:\/\/zewo.ch\/fr\/?s={search_term_string}"},"query-input":{"@type":"PropertyValueSpecification","valueRequired":true,"valueName":"search_term_string"}}],"inLanguage":"fr-FR"},{"@type":"Organization","@id":"https:\/\/zewo.ch\/fr\/#organization","name":"Stiftung Zewo","url":"https:\/\/zewo.ch\/fr\/","logo":{"@type":"ImageObject","inLanguage":"fr-FR","@id":"https:\/\/zewo.ch\/fr\/#\/schema\/logo\/image\/","url":"https:\/\/zewo.ch\/wp-content\/uploads\/2019\/08\/Zewo_Logo_Claim_D.svg","contentUrl":"https:\/\/zewo.ch\/wp-content\/uploads\/2019\/08\/Zewo_Logo_Claim_D.svg","width":1,"height":1,"caption":"Stiftung Zewo"},"image":{"@id":"https:\/\/zewo.ch\/fr\/#\/schema\/logo\/image\/"},"sameAs":["https:\/\/www.facebook.com\/Stiftung.ZEWO\/","https:\/\/x.com\/stiftung_zewo","https:\/\/www.linkedin.com\/company\/stiftung-zewo","https:\/\/www.youtube.com\/channel\/UCzjsVJro12OXcvvx1LQP8tw","https:\/\/de.wikipedia.org\/wiki\/Zewo"]}]}},"publishpress_future_action":{"enabled":false,"date":"2026-04-25 11:11:07","action":"change-status","newStatus":"draft","terms":[],"taxonomy":"translation_priority","extraData":[]},"publishpress_future_workflow_manual_trigger":{"enabledWorkflows":[]},"_links":{"self":[{"href":"https:\/\/zewo.ch\/fr\/wp-json\/wp\/v2\/pages\/5918757","targetHints":{"allow":["GET"]}}],"collection":[{"href":"https:\/\/zewo.ch\/fr\/wp-json\/wp\/v2\/pages"}],"about":[{"href":"https:\/\/zewo.ch\/fr\/wp-json\/wp\/v2\/types\/page"}],"author":[{"embeddable":true,"href":"https:\/\/zewo.ch\/fr\/wp-json\/wp\/v2\/users\/38"}],"replies":[{"embeddable":true,"href":"https:\/\/zewo.ch\/fr\/wp-json\/wp\/v2\/comments?post=5918757"}],"version-history":[{"count":18,"href":"https:\/\/zewo.ch\/fr\/wp-json\/wp\/v2\/pages\/5918757\/revisions"}],"predecessor-version":[{"id":5939496,"href":"https:\/\/zewo.ch\/fr\/wp-json\/wp\/v2\/pages\/5918757\/revisions\/5939496"}],"wp:attachment":[{"href":"https:\/\/zewo.ch\/fr\/wp-json\/wp\/v2\/media?parent=5918757"}],"wp:term":[{"taxonomy":"folder","embeddable":true,"href":"https:\/\/zewo.ch\/fr\/wp-json\/wp\/v2\/folder?post=5918757"}],"curies":[{"name":"wp","href":"https:\/\/api.w.org\/{rel}","templated":true}]}}