{"id":5917059,"date":"2024-03-21T13:47:05","date_gmt":"2024-03-21T12:47:05","guid":{"rendered":"https:\/\/zewo.ch\/?page_id=5917059"},"modified":"2026-03-12T11:46:21","modified_gmt":"2026-03-12T10:46:21","slug":"techsoup-global-meme-service-que-haus-des-stiftens","status":"publish","type":"page","link":"https:\/\/zewo.ch\/fr\/techsoup-global-meme-service-que-haus-des-stiftens\/","title":{"rendered":"TechSoup Global"},"content":{"rendered":"\n<figure class=\"wp-block-image size-large is-resized\"><img loading=\"lazy\" decoding=\"async\" width=\"1024\" height=\"359\" src=\"https:\/\/zewo.ch\/wp-content\/uploads\/2024\/03\/TechSoup-logo-opt3-1024x359.jpg\" alt=\"Logo techsoup\" class=\"wp-image-5917185\" style=\"width:367px;height:auto\" srcset=\"https:\/\/zewo.ch\/wp-content\/uploads\/2024\/03\/TechSoup-logo-opt3-1024x359.jpg 1024w, https:\/\/zewo.ch\/wp-content\/uploads\/2024\/03\/TechSoup-logo-opt3-300x105.jpg 300w, https:\/\/zewo.ch\/wp-content\/uploads\/2024\/03\/TechSoup-logo-opt3-768x269.jpg 768w, https:\/\/zewo.ch\/wp-content\/uploads\/2024\/03\/TechSoup-logo-opt3-1536x538.jpg 1536w, https:\/\/zewo.ch\/wp-content\/uploads\/2024\/03\/TechSoup-logo-opt3.jpg 2000w\" sizes=\"auto, (min-width: 960px) 75vw, 100vw\" \/><\/figure>\n\n\n\n<p>Jusqu&rsquo;\u00e0 la fin de l&rsquo;ann\u00e9e 2023, le portail informatique Stifter-helfen a fourni des dons de produits et des conditions sp\u00e9ciales autour de l&rsquo;informatique ainsi qu&rsquo;un savoir-faire pertinent aux associations, fondations et autres organisations \u00e0 but non lucratif.<\/p>\n\n\n\n<p>Les organisations d&rsquo;utilit\u00e9 publique pouvaient s&rsquo;inscrire sur le portail en ligne et prouver leur statut d&rsquo;organisation \u00e0 but non lucratif. Cela est possible gr\u00e2ce au label de qualit\u00e9 Zewo.<\/p>\n\n\n\n<p><strong>Remarque : en janvier 2024, TechSoup Global a repris la gestion de la plateforme informatique en Suisse. Vous serez directement redirig\u00e9 via le lien ci-dessous. TechSoup fonctionne comme Stifter-helfen. Le partenaire a chang\u00e9, mais toutes les donn\u00e9es ont \u00e9t\u00e9 transf\u00e9r\u00e9es de Stifter-helfen \u00e0 TechSoup et sont actives.<\/strong><\/p>\n\n\n\n<p><strong>Si vous \u00eates d\u00e9j\u00e0 enregistr\u00e9 sur le portail de Stifter-Helfen, il n&rsquo;est pas n\u00e9cessaire de vous enregistrer \u00e0 nouveau sur le portail de TechSoup.<\/strong><\/p>\n\n\n\n<p><strong>Pour toute question concernant l&rsquo;offre de TechSoup, veuillez vous adresser directement au prestataire ci-dessous.<\/strong><\/p>\n\n\n\n<h2 class=\"wp-block-heading\" id=\"h-contakt\">Contakt<\/h2>\n\n\n\n<p><strong>TechSoup Global<\/strong><br><a href=\"https:\/\/www.techsoup.ch\/\" target=\"_blank\" rel=\"noreferrer noopener\">TechSoup Schweiz | Das IT-Portal f\u00fcr Non-Profits<\/a><\/p>\n\n\n\n<div class=\"wp-block-cgb-block-zewo-block-button ab-block-button\"><a href=\"https:\/\/zewo.ch\/fr\/avantages-pour-les-organisations-titulaires-du-label-de-qualite-zewo\/\" class=\"button primary\"><span class=\"button-arrow\"><\/span>Retour \u00e0 l&rsquo;aper\u00e7u<\/a><\/div>\n","protected":false},"excerpt":{"rendered":"<p>Jusqu&rsquo;\u00e0 la fin de l&rsquo;ann\u00e9e 2023, le portail informatique Stifter-helfen a fourni des dons de produits et des conditions sp\u00e9ciales autour de l&rsquo;informatique ainsi qu&rsquo;un savoir-faire pertinent aux associations, fondations et autres organisations \u00e0 but non lucratif. Les organisations d&rsquo;utilit\u00e9 publique pouvaient s&rsquo;inscrire sur le portail en ligne et prouver leur statut d&rsquo;organisation \u00e0 but [&hellip;]<\/p>\n","protected":false},"author":38,"featured_media":0,"parent":0,"menu_order":0,"comment_status":"closed","ping_status":"closed","template":"","meta":{"_acf_changed":false,"footnotes":""},"folder":[],"class_list":["post-5917059","page","type-page","status-publish","hentry"],"acf":[],"yoast_head":"<!-- This site is optimized with the Yoast SEO Premium plugin v26.0 (Yoast SEO v26.0) - https:\/\/yoast.com\/wordpress\/plugins\/seo\/ -->\n<title>Zewo<\/title>\n<meta name=\"description\" content=\"Profitez de conditions sp\u00e9ciales chez TechSoup. Ce portail informatique offre une assistance aux organisations d&#039;entraide.\" \/>\n<meta name=\"robots\" content=\"index, follow, max-snippet:-1, max-image-preview:large, max-video-preview:-1\" \/>\n<link rel=\"canonical\" href=\"https:\/\/zewo.ch\/fr\/techsoup-global-meme-service-que-haus-des-stiftens\/\" \/>\n<meta property=\"og:locale\" content=\"fr_FR\" \/>\n<meta property=\"og:type\" content=\"article\" \/>\n<meta property=\"og:description\" content=\"Profitez de conditions sp\u00e9ciales chez TechSoup. Ce portail informatique offre une assistance aux organisations d&#039;entraide.\" \/>\n<meta property=\"og:url\" content=\"https:\/\/zewo.ch\/fr\/techsoup-global-meme-service-que-haus-des-stiftens\/\" \/>\n<meta property=\"og:site_name\" content=\"Zewo\" \/>\n<meta property=\"article:publisher\" content=\"https:\/\/www.facebook.com\/Stiftung.ZEWO\/\" \/>\n<meta property=\"article:modified_time\" content=\"2026-03-12T10:46:21+00:00\" \/>\n<meta property=\"og:image\" content=\"https:\/\/zewo.ch\/wp-content\/uploads\/2024\/03\/TechSoup-logo-opt3.jpg\" \/>\n\t<meta property=\"og:image:width\" content=\"2000\" \/>\n\t<meta property=\"og:image:height\" content=\"701\" \/>\n\t<meta property=\"og:image:type\" content=\"image\/jpeg\" \/>\n<meta name=\"twitter:card\" content=\"summary_large_image\" \/>\n<meta name=\"twitter:site\" content=\"@stiftung_zewo\" \/>\n<meta name=\"twitter:label1\" content=\"Dur\u00e9e de lecture estim\u00e9e\" \/>\n\t<meta name=\"twitter:data1\" content=\"2 minutes\" \/>\n<script type=\"application\/ld+json\" class=\"yoast-schema-graph\">{\"@context\":\"https:\/\/schema.org\",\"@graph\":[{\"@type\":\"WebPage\",\"@id\":\"https:\/\/zewo.ch\/fr\/techsoup-global-meme-service-que-haus-des-stiftens\/#webpage\",\"url\":\"https:\/\/zewo.ch\/fr\/techsoup-global-meme-service-que-haus-des-stiftens\/#webpage\",\"name\":\"\",\"isPartOf\":{\"@id\":\"https:\/\/zewo.ch\/fr\/#website\"},\"primaryImageOfPage\":{\"@id\":\"https:\/\/zewo.ch\/fr\/techsoup-global-meme-service-que-haus-des-stiftens\/#primaryimage\"},\"image\":{\"@id\":\"https:\/\/zewo.ch\/fr\/techsoup-global-meme-service-que-haus-des-stiftens\/#primaryimage\"},\"thumbnailUrl\":\"https:\/\/zewo.ch\/wp-content\/uploads\/2024\/03\/TechSoup-logo-opt3-1024x359.jpg\",\"datePublished\":\"2024-03-21T12:47:05+00:00\",\"dateModified\":\"2026-03-12T10:46:21+00:00\",\"description\":\"Profitez de conditions sp\u00e9ciales chez TechSoup. Ce portail informatique offre une assistance aux organisations d'entraide.\",\"breadcrumb\":{\"@id\":\"https:\/\/zewo.ch\/fr\/techsoup-global-meme-service-que-haus-des-stiftens\/#breadcrumb\"},\"inLanguage\":\"fr-FR\",\"potentialAction\":[{\"@type\":\"ReadAction\",\"target\":[\"https:\/\/zewo.ch\/fr\/techsoup-global-meme-service-que-haus-des-stiftens\/\"]}]},{\"@type\":\"ImageObject\",\"inLanguage\":\"fr-FR\",\"@id\":\"https:\/\/zewo.ch\/fr\/techsoup-global-meme-service-que-haus-des-stiftens\/#primaryimage\",\"url\":\"https:\/\/zewo.ch\/wp-content\/uploads\/2024\/03\/TechSoup-logo-opt3-1024x359.jpg\",\"contentUrl\":\"https:\/\/zewo.ch\/wp-content\/uploads\/2024\/03\/TechSoup-logo-opt3-1024x359.jpg\"},{\"@type\":\"BreadcrumbList\",\"@id\":\"https:\/\/zewo.ch\/fr\/techsoup-global-meme-service-que-haus-des-stiftens\/#breadcrumb\",\"itemListElement\":[{\"@type\":\"ListItem\",\"position\":1,\"name\":\"Home\",\"item\":\"https:\/\/zewo.ch\/fr\/\"},{\"@type\":\"ListItem\",\"position\":2,\"name\":\"TechSoup Global\"}]},{\"@type\":\"WebSite\",\"@id\":\"https:\/\/zewo.ch\/fr\/#website\",\"url\":\"https:\/\/zewo.ch\/fr\/\",\"name\":\"Zewo\",\"description\":\"Votre don en bonnes mains.\",\"publisher\":{\"@id\":\"https:\/\/zewo.ch\/fr\/#organization\"},\"potentialAction\":[{\"@type\":\"SearchAction\",\"target\":{\"@type\":\"EntryPoint\",\"urlTemplate\":\"https:\/\/zewo.ch\/fr\/?s={search_term_string}\"},\"query-input\":{\"@type\":\"PropertyValueSpecification\",\"valueRequired\":true,\"valueName\":\"search_term_string\"}}],\"inLanguage\":\"fr-FR\"},{\"@type\":\"Organization\",\"@id\":\"https:\/\/zewo.ch\/fr\/#organization\",\"name\":\"Stiftung Zewo\",\"url\":\"https:\/\/zewo.ch\/fr\/\",\"logo\":{\"@type\":\"ImageObject\",\"inLanguage\":\"fr-FR\",\"@id\":\"https:\/\/zewo.ch\/fr\/#\/schema\/logo\/image\/\",\"url\":\"https:\/\/zewo.ch\/wp-content\/uploads\/2019\/08\/Zewo_Logo_Claim_D.svg\",\"contentUrl\":\"https:\/\/zewo.ch\/wp-content\/uploads\/2019\/08\/Zewo_Logo_Claim_D.svg\",\"width\":1,\"height\":1,\"caption\":\"Stiftung Zewo\"},\"image\":{\"@id\":\"https:\/\/zewo.ch\/fr\/#\/schema\/logo\/image\/\"},\"sameAs\":[\"https:\/\/www.facebook.com\/Stiftung.ZEWO\/\",\"https:\/\/x.com\/stiftung_zewo\",\"https:\/\/www.linkedin.com\/company\/stiftung-zewo\",\"https:\/\/www.youtube.com\/channel\/UCzjsVJro12OXcvvx1LQP8tw\",\"https:\/\/de.wikipedia.org\/wiki\/Zewo\"]}]}<\/script>\n<!-- \/ Yoast SEO Premium plugin. -->","yoast_head_json":{"title":"Zewo","description":"Profitez de conditions sp\u00e9ciales chez TechSoup. Ce portail informatique offre une assistance aux organisations d'entraide.","robots":{"index":"index","follow":"follow","max-snippet":"max-snippet:-1","max-image-preview":"max-image-preview:large","max-video-preview":"max-video-preview:-1"},"canonical":"https:\/\/zewo.ch\/fr\/techsoup-global-meme-service-que-haus-des-stiftens\/","og_locale":"fr_FR","og_type":"article","og_description":"Profitez de conditions sp\u00e9ciales chez TechSoup. Ce portail informatique offre une assistance aux organisations d'entraide.","og_url":"https:\/\/zewo.ch\/fr\/techsoup-global-meme-service-que-haus-des-stiftens\/","og_site_name":"Zewo","article_publisher":"https:\/\/www.facebook.com\/Stiftung.ZEWO\/","article_modified_time":"2026-03-12T10:46:21+00:00","og_image":[{"width":2000,"height":701,"url":"https:\/\/zewo.ch\/wp-content\/uploads\/2024\/03\/TechSoup-logo-opt3.jpg","type":"image\/jpeg"}],"twitter_card":"summary_large_image","twitter_site":"@stiftung_zewo","twitter_misc":{"Dur\u00e9e de lecture estim\u00e9e":"2 minutes"},"schema":{"@context":"https:\/\/schema.org","@graph":[{"@type":"WebPage","@id":"https:\/\/zewo.ch\/fr\/techsoup-global-meme-service-que-haus-des-stiftens\/#webpage","url":"https:\/\/zewo.ch\/fr\/techsoup-global-meme-service-que-haus-des-stiftens\/#webpage","name":"","isPartOf":{"@id":"https:\/\/zewo.ch\/fr\/#website"},"primaryImageOfPage":{"@id":"https:\/\/zewo.ch\/fr\/techsoup-global-meme-service-que-haus-des-stiftens\/#primaryimage"},"image":{"@id":"https:\/\/zewo.ch\/fr\/techsoup-global-meme-service-que-haus-des-stiftens\/#primaryimage"},"thumbnailUrl":"https:\/\/zewo.ch\/wp-content\/uploads\/2024\/03\/TechSoup-logo-opt3-1024x359.jpg","datePublished":"2024-03-21T12:47:05+00:00","dateModified":"2026-03-12T10:46:21+00:00","description":"Profitez de conditions sp\u00e9ciales chez TechSoup. Ce portail informatique offre une assistance aux organisations d'entraide.","breadcrumb":{"@id":"https:\/\/zewo.ch\/fr\/techsoup-global-meme-service-que-haus-des-stiftens\/#breadcrumb"},"inLanguage":"fr-FR","potentialAction":[{"@type":"ReadAction","target":["https:\/\/zewo.ch\/fr\/techsoup-global-meme-service-que-haus-des-stiftens\/"]}]},{"@type":"ImageObject","inLanguage":"fr-FR","@id":"https:\/\/zewo.ch\/fr\/techsoup-global-meme-service-que-haus-des-stiftens\/#primaryimage","url":"https:\/\/zewo.ch\/wp-content\/uploads\/2024\/03\/TechSoup-logo-opt3-1024x359.jpg","contentUrl":"https:\/\/zewo.ch\/wp-content\/uploads\/2024\/03\/TechSoup-logo-opt3-1024x359.jpg"},{"@type":"BreadcrumbList","@id":"https:\/\/zewo.ch\/fr\/techsoup-global-meme-service-que-haus-des-stiftens\/#breadcrumb","itemListElement":[{"@type":"ListItem","position":1,"name":"Home","item":"https:\/\/zewo.ch\/fr\/"},{"@type":"ListItem","position":2,"name":"TechSoup Global"}]},{"@type":"WebSite","@id":"https:\/\/zewo.ch\/fr\/#website","url":"https:\/\/zewo.ch\/fr\/","name":"Zewo","description":"Votre don en bonnes mains.","publisher":{"@id":"https:\/\/zewo.ch\/fr\/#organization"},"potentialAction":[{"@type":"SearchAction","target":{"@type":"EntryPoint","urlTemplate":"https:\/\/zewo.ch\/fr\/?s={search_term_string}"},"query-input":{"@type":"PropertyValueSpecification","valueRequired":true,"valueName":"search_term_string"}}],"inLanguage":"fr-FR"},{"@type":"Organization","@id":"https:\/\/zewo.ch\/fr\/#organization","name":"Stiftung Zewo","url":"https:\/\/zewo.ch\/fr\/","logo":{"@type":"ImageObject","inLanguage":"fr-FR","@id":"https:\/\/zewo.ch\/fr\/#\/schema\/logo\/image\/","url":"https:\/\/zewo.ch\/wp-content\/uploads\/2019\/08\/Zewo_Logo_Claim_D.svg","contentUrl":"https:\/\/zewo.ch\/wp-content\/uploads\/2019\/08\/Zewo_Logo_Claim_D.svg","width":1,"height":1,"caption":"Stiftung Zewo"},"image":{"@id":"https:\/\/zewo.ch\/fr\/#\/schema\/logo\/image\/"},"sameAs":["https:\/\/www.facebook.com\/Stiftung.ZEWO\/","https:\/\/x.com\/stiftung_zewo","https:\/\/www.linkedin.com\/company\/stiftung-zewo","https:\/\/www.youtube.com\/channel\/UCzjsVJro12OXcvvx1LQP8tw","https:\/\/de.wikipedia.org\/wiki\/Zewo"]}]}},"publishpress_future_action":{"enabled":false,"date":"2026-04-25 11:50:49","action":"change-status","newStatus":"draft","terms":[],"taxonomy":"translation_priority","extraData":[]},"publishpress_future_workflow_manual_trigger":{"enabledWorkflows":[]},"_links":{"self":[{"href":"https:\/\/zewo.ch\/fr\/wp-json\/wp\/v2\/pages\/5917059","targetHints":{"allow":["GET"]}}],"collection":[{"href":"https:\/\/zewo.ch\/fr\/wp-json\/wp\/v2\/pages"}],"about":[{"href":"https:\/\/zewo.ch\/fr\/wp-json\/wp\/v2\/types\/page"}],"author":[{"embeddable":true,"href":"https:\/\/zewo.ch\/fr\/wp-json\/wp\/v2\/users\/38"}],"replies":[{"embeddable":true,"href":"https:\/\/zewo.ch\/fr\/wp-json\/wp\/v2\/comments?post=5917059"}],"version-history":[{"count":11,"href":"https:\/\/zewo.ch\/fr\/wp-json\/wp\/v2\/pages\/5917059\/revisions"}],"predecessor-version":[{"id":5938784,"href":"https:\/\/zewo.ch\/fr\/wp-json\/wp\/v2\/pages\/5917059\/revisions\/5938784"}],"wp:attachment":[{"href":"https:\/\/zewo.ch\/fr\/wp-json\/wp\/v2\/media?parent=5917059"}],"wp:term":[{"taxonomy":"folder","embeddable":true,"href":"https:\/\/zewo.ch\/fr\/wp-json\/wp\/v2\/folder?post=5917059"}],"curies":[{"name":"wp","href":"https:\/\/api.w.org\/{rel}","templated":true}]}}