{"id":5844237,"date":"2024-02-05T16:18:57","date_gmt":"2024-02-05T15:18:57","guid":{"rendered":"https:\/\/zewo.ch\/?page_id=5844237"},"modified":"2026-03-12T10:07:58","modified_gmt":"2026-03-12T09:07:58","slug":"lausanne-cite","status":"publish","type":"page","link":"https:\/\/zewo.ch\/fr\/lausanne-cite\/","title":{"rendered":"Lausanne Cit\u00e9"},"content":{"rendered":"\n<h2 class=\"wp-block-heading\" id=\"h-remise-pour-les-obnl-titulaires-du-label-de-qualite-zewo\">Remise pour les OBNL titulaires du label de qualit\u00e9 Zewo<\/h2>\n\n\n\n<figure class=\"wp-block-image size-large is-resized\"><img decoding=\"async\" src=\"https:\/\/zewo.ch\/wp-content\/uploads\/2024\/02\/lausannecites_logo.jpg\" alt=\"Logo_Lausanne_Cites\" class=\"wp-image-5844195\" style=\"width:419px;height:auto\"\/><\/figure>\n\n\n\n<p>Lausanne Cit\u00e9s, le journal ind\u00e9pendant leader sur Lausanne et r\u00e9gion, offre aux organisations d\u2019utilit\u00e9 publique titulaires du label de qualit\u00e9 Zewo une r\u00e9duction de prix de 50% sur le tarif brut des annonces publicitaires print.<\/p>\n\n\n\n<h2 class=\"wp-block-heading\" id=\"h-contact\">Contact<\/h2>\n\n\n\n<p><strong>Lausanne Cit\u00e9s<\/strong><br>17 avenue d&rsquo;Echallens<br>1004 Lausanne<br>021&nbsp;555 05 01<br><a href=\"mailto:vente@lausannecites.ch\">vente@lausannecites.ch<\/a><br><a href=\"http:\/\/www.lausannecites.ch\">www.lausannecites.ch<\/a><\/p>\n\n\n\n<div class=\"wp-block-cgb-block-zewo-block-button ab-block-button\"><a href=\"https:\/\/zewo.ch\/fr\/avantages-pour-les-organisations-titulaires-du-label-de-qualite-zewo\/\" class=\"button primary\"><span class=\"button-arrow\"><\/span>Retour \u00e0 l&rsquo;ap\u00e9r\u00e7u<\/a><\/div>\n","protected":false},"excerpt":{"rendered":"<p>Remise pour les OBNL titulaires du label de qualit\u00e9 Zewo Lausanne Cit\u00e9s, le journal ind\u00e9pendant leader sur Lausanne et r\u00e9gion, offre aux organisations d\u2019utilit\u00e9 publique titulaires du label de qualit\u00e9 Zewo une r\u00e9duction de prix de 50% sur le tarif brut des annonces publicitaires print. Contact Lausanne Cit\u00e9s17 avenue d&rsquo;Echallens1004 Lausanne021&nbsp;555 05 01vente@lausannecites.chwww.lausannecites.ch<\/p>\n","protected":false},"author":38,"featured_media":0,"parent":0,"menu_order":0,"comment_status":"closed","ping_status":"closed","template":"","meta":{"_acf_changed":false,"footnotes":""},"folder":[],"class_list":["post-5844237","page","type-page","status-publish","hentry"],"acf":[],"yoast_head":"<!-- This site is optimized with the Yoast SEO Premium plugin v26.0 (Yoast SEO v26.0) - https:\/\/yoast.com\/wordpress\/plugins\/seo\/ -->\n<title>Zewo<\/title>\n<meta name=\"description\" content=\"Lausanne Cit\u00e9s propose aux organisations d&#039;entraide certifi\u00e9es par la Zewo des conditions avantageuses pour les annonces imprim\u00e9es. Profitez de cette offre pour votre communication.\" \/>\n<meta name=\"robots\" content=\"index, follow, max-snippet:-1, max-image-preview:large, max-video-preview:-1\" \/>\n<link rel=\"canonical\" href=\"https:\/\/zewo.ch\/fr\/lausanne-cite\/\" \/>\n<meta property=\"og:locale\" content=\"fr_FR\" \/>\n<meta property=\"og:type\" content=\"article\" \/>\n<meta property=\"og:description\" content=\"Lausanne Cit\u00e9s propose aux organisations d&#039;entraide certifi\u00e9es par la Zewo des conditions avantageuses pour les annonces imprim\u00e9es. Profitez de cette offre pour votre communication.\" \/>\n<meta property=\"og:url\" content=\"https:\/\/zewo.ch\/fr\/lausanne-cite\/\" \/>\n<meta property=\"og:site_name\" content=\"Zewo\" \/>\n<meta property=\"article:publisher\" content=\"https:\/\/www.facebook.com\/Stiftung.ZEWO\/\" \/>\n<meta property=\"article:modified_time\" content=\"2026-03-12T09:07:58+00:00\" \/>\n<meta name=\"twitter:card\" content=\"summary_large_image\" \/>\n<meta name=\"twitter:site\" content=\"@stiftung_zewo\" \/>\n<meta name=\"twitter:label1\" content=\"Dur\u00e9e de lecture estim\u00e9e\" \/>\n\t<meta name=\"twitter:data1\" content=\"1 minute\" \/>\n<script type=\"application\/ld+json\" class=\"yoast-schema-graph\">{\"@context\":\"https:\/\/schema.org\",\"@graph\":[{\"@type\":\"WebPage\",\"@id\":\"https:\/\/zewo.ch\/fr\/lausanne-cite\/#webpage\",\"url\":\"https:\/\/zewo.ch\/fr\/lausanne-cite\/#webpage\",\"name\":\"\",\"isPartOf\":{\"@id\":\"https:\/\/zewo.ch\/fr\/#website\"},\"primaryImageOfPage\":{\"@id\":\"https:\/\/zewo.ch\/fr\/lausanne-cite\/#primaryimage\"},\"image\":{\"@id\":\"https:\/\/zewo.ch\/fr\/lausanne-cite\/#primaryimage\"},\"thumbnailUrl\":\"https:\/\/zewo.ch\/wp-content\/uploads\/2024\/02\/lausannecites_logo.jpg\",\"datePublished\":\"2024-02-05T15:18:57+00:00\",\"dateModified\":\"2026-03-12T09:07:58+00:00\",\"description\":\"Lausanne Cit\u00e9s propose aux organisations d'entraide certifi\u00e9es par la Zewo des conditions avantageuses pour les annonces imprim\u00e9es. Profitez de cette offre pour votre communication.\",\"breadcrumb\":{\"@id\":\"https:\/\/zewo.ch\/fr\/lausanne-cite\/#breadcrumb\"},\"inLanguage\":\"fr-FR\",\"potentialAction\":[{\"@type\":\"ReadAction\",\"target\":[\"https:\/\/zewo.ch\/fr\/lausanne-cite\/\"]}]},{\"@type\":\"ImageObject\",\"inLanguage\":\"fr-FR\",\"@id\":\"https:\/\/zewo.ch\/fr\/lausanne-cite\/#primaryimage\",\"url\":\"https:\/\/zewo.ch\/wp-content\/uploads\/2024\/02\/lausannecites_logo.jpg\",\"contentUrl\":\"https:\/\/zewo.ch\/wp-content\/uploads\/2024\/02\/lausannecites_logo.jpg\"},{\"@type\":\"BreadcrumbList\",\"@id\":\"https:\/\/zewo.ch\/fr\/lausanne-cite\/#breadcrumb\",\"itemListElement\":[{\"@type\":\"ListItem\",\"position\":1,\"name\":\"Home\",\"item\":\"https:\/\/zewo.ch\/fr\/\"},{\"@type\":\"ListItem\",\"position\":2,\"name\":\"Lausanne Cit\u00e9\"}]},{\"@type\":\"WebSite\",\"@id\":\"https:\/\/zewo.ch\/fr\/#website\",\"url\":\"https:\/\/zewo.ch\/fr\/\",\"name\":\"Zewo\",\"description\":\"Votre don en bonnes mains.\",\"publisher\":{\"@id\":\"https:\/\/zewo.ch\/fr\/#organization\"},\"potentialAction\":[{\"@type\":\"SearchAction\",\"target\":{\"@type\":\"EntryPoint\",\"urlTemplate\":\"https:\/\/zewo.ch\/fr\/?s={search_term_string}\"},\"query-input\":{\"@type\":\"PropertyValueSpecification\",\"valueRequired\":true,\"valueName\":\"search_term_string\"}}],\"inLanguage\":\"fr-FR\"},{\"@type\":\"Organization\",\"@id\":\"https:\/\/zewo.ch\/fr\/#organization\",\"name\":\"Stiftung Zewo\",\"url\":\"https:\/\/zewo.ch\/fr\/\",\"logo\":{\"@type\":\"ImageObject\",\"inLanguage\":\"fr-FR\",\"@id\":\"https:\/\/zewo.ch\/fr\/#\/schema\/logo\/image\/\",\"url\":\"https:\/\/zewo.ch\/wp-content\/uploads\/2019\/08\/Zewo_Logo_Claim_D.svg\",\"contentUrl\":\"https:\/\/zewo.ch\/wp-content\/uploads\/2019\/08\/Zewo_Logo_Claim_D.svg\",\"width\":1,\"height\":1,\"caption\":\"Stiftung Zewo\"},\"image\":{\"@id\":\"https:\/\/zewo.ch\/fr\/#\/schema\/logo\/image\/\"},\"sameAs\":[\"https:\/\/www.facebook.com\/Stiftung.ZEWO\/\",\"https:\/\/x.com\/stiftung_zewo\",\"https:\/\/www.linkedin.com\/company\/stiftung-zewo\",\"https:\/\/www.youtube.com\/channel\/UCzjsVJro12OXcvvx1LQP8tw\",\"https:\/\/de.wikipedia.org\/wiki\/Zewo\"]}]}<\/script>\n<!-- \/ Yoast SEO Premium plugin. -->","yoast_head_json":{"title":"Zewo","description":"Lausanne Cit\u00e9s propose aux organisations d'entraide certifi\u00e9es par la Zewo des conditions avantageuses pour les annonces imprim\u00e9es. Profitez de cette offre pour votre communication.","robots":{"index":"index","follow":"follow","max-snippet":"max-snippet:-1","max-image-preview":"max-image-preview:large","max-video-preview":"max-video-preview:-1"},"canonical":"https:\/\/zewo.ch\/fr\/lausanne-cite\/","og_locale":"fr_FR","og_type":"article","og_description":"Lausanne Cit\u00e9s propose aux organisations d'entraide certifi\u00e9es par la Zewo des conditions avantageuses pour les annonces imprim\u00e9es. Profitez de cette offre pour votre communication.","og_url":"https:\/\/zewo.ch\/fr\/lausanne-cite\/","og_site_name":"Zewo","article_publisher":"https:\/\/www.facebook.com\/Stiftung.ZEWO\/","article_modified_time":"2026-03-12T09:07:58+00:00","twitter_card":"summary_large_image","twitter_site":"@stiftung_zewo","twitter_misc":{"Dur\u00e9e de lecture estim\u00e9e":"1 minute"},"schema":{"@context":"https:\/\/schema.org","@graph":[{"@type":"WebPage","@id":"https:\/\/zewo.ch\/fr\/lausanne-cite\/#webpage","url":"https:\/\/zewo.ch\/fr\/lausanne-cite\/#webpage","name":"","isPartOf":{"@id":"https:\/\/zewo.ch\/fr\/#website"},"primaryImageOfPage":{"@id":"https:\/\/zewo.ch\/fr\/lausanne-cite\/#primaryimage"},"image":{"@id":"https:\/\/zewo.ch\/fr\/lausanne-cite\/#primaryimage"},"thumbnailUrl":"https:\/\/zewo.ch\/wp-content\/uploads\/2024\/02\/lausannecites_logo.jpg","datePublished":"2024-02-05T15:18:57+00:00","dateModified":"2026-03-12T09:07:58+00:00","description":"Lausanne Cit\u00e9s propose aux organisations d'entraide certifi\u00e9es par la Zewo des conditions avantageuses pour les annonces imprim\u00e9es. Profitez de cette offre pour votre communication.","breadcrumb":{"@id":"https:\/\/zewo.ch\/fr\/lausanne-cite\/#breadcrumb"},"inLanguage":"fr-FR","potentialAction":[{"@type":"ReadAction","target":["https:\/\/zewo.ch\/fr\/lausanne-cite\/"]}]},{"@type":"ImageObject","inLanguage":"fr-FR","@id":"https:\/\/zewo.ch\/fr\/lausanne-cite\/#primaryimage","url":"https:\/\/zewo.ch\/wp-content\/uploads\/2024\/02\/lausannecites_logo.jpg","contentUrl":"https:\/\/zewo.ch\/wp-content\/uploads\/2024\/02\/lausannecites_logo.jpg"},{"@type":"BreadcrumbList","@id":"https:\/\/zewo.ch\/fr\/lausanne-cite\/#breadcrumb","itemListElement":[{"@type":"ListItem","position":1,"name":"Home","item":"https:\/\/zewo.ch\/fr\/"},{"@type":"ListItem","position":2,"name":"Lausanne Cit\u00e9"}]},{"@type":"WebSite","@id":"https:\/\/zewo.ch\/fr\/#website","url":"https:\/\/zewo.ch\/fr\/","name":"Zewo","description":"Votre don en bonnes mains.","publisher":{"@id":"https:\/\/zewo.ch\/fr\/#organization"},"potentialAction":[{"@type":"SearchAction","target":{"@type":"EntryPoint","urlTemplate":"https:\/\/zewo.ch\/fr\/?s={search_term_string}"},"query-input":{"@type":"PropertyValueSpecification","valueRequired":true,"valueName":"search_term_string"}}],"inLanguage":"fr-FR"},{"@type":"Organization","@id":"https:\/\/zewo.ch\/fr\/#organization","name":"Stiftung Zewo","url":"https:\/\/zewo.ch\/fr\/","logo":{"@type":"ImageObject","inLanguage":"fr-FR","@id":"https:\/\/zewo.ch\/fr\/#\/schema\/logo\/image\/","url":"https:\/\/zewo.ch\/wp-content\/uploads\/2019\/08\/Zewo_Logo_Claim_D.svg","contentUrl":"https:\/\/zewo.ch\/wp-content\/uploads\/2019\/08\/Zewo_Logo_Claim_D.svg","width":1,"height":1,"caption":"Stiftung Zewo"},"image":{"@id":"https:\/\/zewo.ch\/fr\/#\/schema\/logo\/image\/"},"sameAs":["https:\/\/www.facebook.com\/Stiftung.ZEWO\/","https:\/\/x.com\/stiftung_zewo","https:\/\/www.linkedin.com\/company\/stiftung-zewo","https:\/\/www.youtube.com\/channel\/UCzjsVJro12OXcvvx1LQP8tw","https:\/\/de.wikipedia.org\/wiki\/Zewo"]}]}},"publishpress_future_action":{"enabled":false,"date":"2026-04-23 14:19:33","action":"change-status","newStatus":"draft","terms":[],"taxonomy":"translation_priority","extraData":[]},"publishpress_future_workflow_manual_trigger":{"enabledWorkflows":[]},"_links":{"self":[{"href":"https:\/\/zewo.ch\/fr\/wp-json\/wp\/v2\/pages\/5844237","targetHints":{"allow":["GET"]}}],"collection":[{"href":"https:\/\/zewo.ch\/fr\/wp-json\/wp\/v2\/pages"}],"about":[{"href":"https:\/\/zewo.ch\/fr\/wp-json\/wp\/v2\/types\/page"}],"author":[{"embeddable":true,"href":"https:\/\/zewo.ch\/fr\/wp-json\/wp\/v2\/users\/38"}],"replies":[{"embeddable":true,"href":"https:\/\/zewo.ch\/fr\/wp-json\/wp\/v2\/comments?post=5844237"}],"version-history":[{"count":8,"href":"https:\/\/zewo.ch\/fr\/wp-json\/wp\/v2\/pages\/5844237\/revisions"}],"predecessor-version":[{"id":5938757,"href":"https:\/\/zewo.ch\/fr\/wp-json\/wp\/v2\/pages\/5844237\/revisions\/5938757"}],"wp:attachment":[{"href":"https:\/\/zewo.ch\/fr\/wp-json\/wp\/v2\/media?parent=5844237"}],"wp:term":[{"taxonomy":"folder","embeddable":true,"href":"https:\/\/zewo.ch\/fr\/wp-json\/wp\/v2\/folder?post=5844237"}],"curies":[{"name":"wp","href":"https:\/\/api.w.org\/{rel}","templated":true}]}}