{"id":5844200,"date":"2024-02-05T15:10:58","date_gmt":"2024-02-05T14:10:58","guid":{"rendered":"https:\/\/zewo.ch\/?page_id=5844200"},"modified":"2026-02-26T08:59:34","modified_gmt":"2026-02-26T07:59:34","slug":"ghi","status":"publish","type":"page","link":"https:\/\/zewo.ch\/fr\/ghi\/","title":{"rendered":"GHI"},"content":{"rendered":"\n<h2 class=\"wp-block-heading\" id=\"h-remise-pour-les-organisations-titulaires-du-label-de-qualite-zewo\">Remise pour les organisations titulaires du label de qualit\u00e9 Zewo<\/h2>\n\n\n\n<figure class=\"wp-block-image size-full is-resized\"><img loading=\"lazy\" decoding=\"async\" width=\"1000\" height=\"700\" src=\"https:\/\/zewo.ch\/wp-content\/uploads\/2024\/02\/GHI_Logo_opt.png\" alt=\"Logo GHI\" class=\"wp-image-5844383\" style=\"width:412px;height:auto\" srcset=\"https:\/\/zewo.ch\/wp-content\/uploads\/2024\/02\/GHI_Logo_opt.png 1000w, https:\/\/zewo.ch\/wp-content\/uploads\/2024\/02\/GHI_Logo_opt-300x210.png 300w, https:\/\/zewo.ch\/wp-content\/uploads\/2024\/02\/GHI_Logo_opt-768x538.png 768w\" sizes=\"auto, (min-width: 960px) 75vw, 100vw\" \/><\/figure>\n\n\n\n<p>GHI, le journal ind\u00e9pendant le plus lu \u00e0 Gen\u00e8ve, offre aux organisations d\u2019utilit\u00e9 publique titulaires du label de qualit\u00e9 Zewo une r\u00e9duction de prix de <strong>50% sur le tarif brut<\/strong> des annonces publicitaires print.<\/p>\n\n\n\n<h2 class=\"wp-block-heading\" id=\"h-contact\">Contact<\/h2>\n\n\n\n<p><strong>GHI<\/strong><br>22 avenue du Mail<br>1205 Gen\u00e8ve<br>T\u00e9l. 022\u00a0807 22 11<br><a href=\"mailto:vente@ghi.ch\" target=\"_blank\" rel=\"noreferrer noopener\">vente@ghi.ch<\/a><br><a href=\"https:\/\/ghi.ch\/\" target=\"_blank\" rel=\"noreferrer noopener\">ghi.ch<\/a><\/p>\n\n\n\n<div class=\"wp-block-cgb-block-zewo-block-button ab-block-button\"><a href=\"https:\/\/zewo.ch\/fr\/avantages-pour-les-organisations-titulaires-du-label-de-qualite-zewo\/\" class=\"button primary\"><span class=\"button-arrow\"><\/span>Retour \u00e0 l&rsquo;aper\u00e7u<\/a><\/div>\n\n\n\n<div class=\"wp-block-buttons is-layout-flex wp-block-buttons-is-layout-flex\"><\/div>\n","protected":false},"excerpt":{"rendered":"<p>Remise pour les organisations titulaires du label de qualit\u00e9 Zewo GHI, le journal ind\u00e9pendant le plus lu \u00e0 Gen\u00e8ve, offre aux organisations d\u2019utilit\u00e9 publique titulaires du label de qualit\u00e9 Zewo une r\u00e9duction de prix de 50% sur le tarif brut des annonces publicitaires print. Contact GHI22 avenue du Mail1205 Gen\u00e8veT\u00e9l. 022\u00a0807 22 11vente@ghi.chghi.ch<\/p>\n","protected":false},"author":38,"featured_media":0,"parent":0,"menu_order":0,"comment_status":"closed","ping_status":"closed","template":"","meta":{"_acf_changed":false,"footnotes":""},"folder":[],"class_list":["post-5844200","page","type-page","status-publish","hentry"],"acf":[],"yoast_head":"<!-- This site is optimized with the Yoast SEO Premium plugin v26.0 (Yoast SEO v26.0) - https:\/\/yoast.com\/wordpress\/plugins\/seo\/ -->\n<title>Zewo<\/title>\n<meta name=\"description\" content=\"GHI propose aux organisations d&#039;entraide certifi\u00e9es Zewo des conditions avantageuses pour les annonces imprim\u00e9es. Profitez de cette offre pour votre communication.\" \/>\n<meta name=\"robots\" content=\"index, follow, max-snippet:-1, max-image-preview:large, max-video-preview:-1\" \/>\n<link rel=\"canonical\" href=\"https:\/\/zewo.ch\/fr\/ghi\/\" \/>\n<meta property=\"og:locale\" content=\"fr_FR\" \/>\n<meta property=\"og:type\" content=\"article\" \/>\n<meta property=\"og:description\" content=\"GHI propose aux organisations d&#039;entraide certifi\u00e9es Zewo des conditions avantageuses pour les annonces imprim\u00e9es. Profitez de cette offre pour votre communication.\" \/>\n<meta property=\"og:url\" content=\"https:\/\/zewo.ch\/fr\/ghi\/\" \/>\n<meta property=\"og:site_name\" content=\"Zewo\" \/>\n<meta property=\"article:publisher\" content=\"https:\/\/www.facebook.com\/Stiftung.ZEWO\/\" \/>\n<meta property=\"article:modified_time\" content=\"2026-02-26T07:59:34+00:00\" \/>\n<meta property=\"og:image\" content=\"https:\/\/zewo.ch\/wp-content\/uploads\/2024\/02\/GHI_Logo_opt.png\" \/>\n\t<meta property=\"og:image:width\" content=\"1000\" \/>\n\t<meta property=\"og:image:height\" content=\"700\" \/>\n\t<meta property=\"og:image:type\" content=\"image\/png\" \/>\n<meta name=\"twitter:card\" content=\"summary_large_image\" \/>\n<meta name=\"twitter:site\" content=\"@stiftung_zewo\" \/>\n<meta name=\"twitter:label1\" content=\"Dur\u00e9e de lecture estim\u00e9e\" \/>\n\t<meta name=\"twitter:data1\" content=\"1 minute\" \/>\n<script type=\"application\/ld+json\" class=\"yoast-schema-graph\">{\"@context\":\"https:\/\/schema.org\",\"@graph\":[{\"@type\":\"WebPage\",\"@id\":\"https:\/\/zewo.ch\/fr\/ghi\/#webpage\",\"url\":\"https:\/\/zewo.ch\/fr\/ghi\/#webpage\",\"name\":\"\",\"isPartOf\":{\"@id\":\"https:\/\/zewo.ch\/fr\/#website\"},\"primaryImageOfPage\":{\"@id\":\"https:\/\/zewo.ch\/fr\/ghi\/#primaryimage\"},\"image\":{\"@id\":\"https:\/\/zewo.ch\/fr\/ghi\/#primaryimage\"},\"thumbnailUrl\":\"https:\/\/zewo.ch\/wp-content\/uploads\/2024\/02\/GHI_Logo_opt.png\",\"datePublished\":\"2024-02-05T14:10:58+00:00\",\"dateModified\":\"2026-02-26T07:59:34+00:00\",\"description\":\"GHI propose aux organisations d'entraide certifi\u00e9es Zewo des conditions avantageuses pour les annonces imprim\u00e9es. Profitez de cette offre pour votre communication.\",\"breadcrumb\":{\"@id\":\"https:\/\/zewo.ch\/fr\/ghi\/#breadcrumb\"},\"inLanguage\":\"fr-FR\",\"potentialAction\":[{\"@type\":\"ReadAction\",\"target\":[\"https:\/\/zewo.ch\/fr\/ghi\/\"]}]},{\"@type\":\"ImageObject\",\"inLanguage\":\"fr-FR\",\"@id\":\"https:\/\/zewo.ch\/fr\/ghi\/#primaryimage\",\"url\":\"https:\/\/zewo.ch\/wp-content\/uploads\/2024\/02\/GHI_Logo_opt.png\",\"contentUrl\":\"https:\/\/zewo.ch\/wp-content\/uploads\/2024\/02\/GHI_Logo_opt.png\"},{\"@type\":\"BreadcrumbList\",\"@id\":\"https:\/\/zewo.ch\/fr\/ghi\/#breadcrumb\",\"itemListElement\":[{\"@type\":\"ListItem\",\"position\":1,\"name\":\"Home\",\"item\":\"https:\/\/zewo.ch\/fr\/\"},{\"@type\":\"ListItem\",\"position\":2,\"name\":\"GHI\"}]},{\"@type\":\"WebSite\",\"@id\":\"https:\/\/zewo.ch\/fr\/#website\",\"url\":\"https:\/\/zewo.ch\/fr\/\",\"name\":\"Zewo\",\"description\":\"Votre don en bonnes mains.\",\"publisher\":{\"@id\":\"https:\/\/zewo.ch\/fr\/#organization\"},\"potentialAction\":[{\"@type\":\"SearchAction\",\"target\":{\"@type\":\"EntryPoint\",\"urlTemplate\":\"https:\/\/zewo.ch\/fr\/?s={search_term_string}\"},\"query-input\":{\"@type\":\"PropertyValueSpecification\",\"valueRequired\":true,\"valueName\":\"search_term_string\"}}],\"inLanguage\":\"fr-FR\"},{\"@type\":\"Organization\",\"@id\":\"https:\/\/zewo.ch\/fr\/#organization\",\"name\":\"Stiftung Zewo\",\"url\":\"https:\/\/zewo.ch\/fr\/\",\"logo\":{\"@type\":\"ImageObject\",\"inLanguage\":\"fr-FR\",\"@id\":\"https:\/\/zewo.ch\/fr\/#\/schema\/logo\/image\/\",\"url\":\"https:\/\/zewo.ch\/wp-content\/uploads\/2019\/08\/Zewo_Logo_Claim_D.svg\",\"contentUrl\":\"https:\/\/zewo.ch\/wp-content\/uploads\/2019\/08\/Zewo_Logo_Claim_D.svg\",\"width\":1,\"height\":1,\"caption\":\"Stiftung Zewo\"},\"image\":{\"@id\":\"https:\/\/zewo.ch\/fr\/#\/schema\/logo\/image\/\"},\"sameAs\":[\"https:\/\/www.facebook.com\/Stiftung.ZEWO\/\",\"https:\/\/x.com\/stiftung_zewo\",\"https:\/\/www.linkedin.com\/company\/stiftung-zewo\",\"https:\/\/www.youtube.com\/channel\/UCzjsVJro12OXcvvx1LQP8tw\",\"https:\/\/de.wikipedia.org\/wiki\/Zewo\"]}]}<\/script>\n<!-- \/ Yoast SEO Premium plugin. -->","yoast_head_json":{"title":"Zewo","description":"GHI propose aux organisations d'entraide certifi\u00e9es Zewo des conditions avantageuses pour les annonces imprim\u00e9es. Profitez de cette offre pour votre communication.","robots":{"index":"index","follow":"follow","max-snippet":"max-snippet:-1","max-image-preview":"max-image-preview:large","max-video-preview":"max-video-preview:-1"},"canonical":"https:\/\/zewo.ch\/fr\/ghi\/","og_locale":"fr_FR","og_type":"article","og_description":"GHI propose aux organisations d'entraide certifi\u00e9es Zewo des conditions avantageuses pour les annonces imprim\u00e9es. Profitez de cette offre pour votre communication.","og_url":"https:\/\/zewo.ch\/fr\/ghi\/","og_site_name":"Zewo","article_publisher":"https:\/\/www.facebook.com\/Stiftung.ZEWO\/","article_modified_time":"2026-02-26T07:59:34+00:00","og_image":[{"width":1000,"height":700,"url":"https:\/\/zewo.ch\/wp-content\/uploads\/2024\/02\/GHI_Logo_opt.png","type":"image\/png"}],"twitter_card":"summary_large_image","twitter_site":"@stiftung_zewo","twitter_misc":{"Dur\u00e9e de lecture estim\u00e9e":"1 minute"},"schema":{"@context":"https:\/\/schema.org","@graph":[{"@type":"WebPage","@id":"https:\/\/zewo.ch\/fr\/ghi\/#webpage","url":"https:\/\/zewo.ch\/fr\/ghi\/#webpage","name":"","isPartOf":{"@id":"https:\/\/zewo.ch\/fr\/#website"},"primaryImageOfPage":{"@id":"https:\/\/zewo.ch\/fr\/ghi\/#primaryimage"},"image":{"@id":"https:\/\/zewo.ch\/fr\/ghi\/#primaryimage"},"thumbnailUrl":"https:\/\/zewo.ch\/wp-content\/uploads\/2024\/02\/GHI_Logo_opt.png","datePublished":"2024-02-05T14:10:58+00:00","dateModified":"2026-02-26T07:59:34+00:00","description":"GHI propose aux organisations d'entraide certifi\u00e9es Zewo des conditions avantageuses pour les annonces imprim\u00e9es. Profitez de cette offre pour votre communication.","breadcrumb":{"@id":"https:\/\/zewo.ch\/fr\/ghi\/#breadcrumb"},"inLanguage":"fr-FR","potentialAction":[{"@type":"ReadAction","target":["https:\/\/zewo.ch\/fr\/ghi\/"]}]},{"@type":"ImageObject","inLanguage":"fr-FR","@id":"https:\/\/zewo.ch\/fr\/ghi\/#primaryimage","url":"https:\/\/zewo.ch\/wp-content\/uploads\/2024\/02\/GHI_Logo_opt.png","contentUrl":"https:\/\/zewo.ch\/wp-content\/uploads\/2024\/02\/GHI_Logo_opt.png"},{"@type":"BreadcrumbList","@id":"https:\/\/zewo.ch\/fr\/ghi\/#breadcrumb","itemListElement":[{"@type":"ListItem","position":1,"name":"Home","item":"https:\/\/zewo.ch\/fr\/"},{"@type":"ListItem","position":2,"name":"GHI"}]},{"@type":"WebSite","@id":"https:\/\/zewo.ch\/fr\/#website","url":"https:\/\/zewo.ch\/fr\/","name":"Zewo","description":"Votre don en bonnes mains.","publisher":{"@id":"https:\/\/zewo.ch\/fr\/#organization"},"potentialAction":[{"@type":"SearchAction","target":{"@type":"EntryPoint","urlTemplate":"https:\/\/zewo.ch\/fr\/?s={search_term_string}"},"query-input":{"@type":"PropertyValueSpecification","valueRequired":true,"valueName":"search_term_string"}}],"inLanguage":"fr-FR"},{"@type":"Organization","@id":"https:\/\/zewo.ch\/fr\/#organization","name":"Stiftung Zewo","url":"https:\/\/zewo.ch\/fr\/","logo":{"@type":"ImageObject","inLanguage":"fr-FR","@id":"https:\/\/zewo.ch\/fr\/#\/schema\/logo\/image\/","url":"https:\/\/zewo.ch\/wp-content\/uploads\/2019\/08\/Zewo_Logo_Claim_D.svg","contentUrl":"https:\/\/zewo.ch\/wp-content\/uploads\/2019\/08\/Zewo_Logo_Claim_D.svg","width":1,"height":1,"caption":"Stiftung Zewo"},"image":{"@id":"https:\/\/zewo.ch\/fr\/#\/schema\/logo\/image\/"},"sameAs":["https:\/\/www.facebook.com\/Stiftung.ZEWO\/","https:\/\/x.com\/stiftung_zewo","https:\/\/www.linkedin.com\/company\/stiftung-zewo","https:\/\/www.youtube.com\/channel\/UCzjsVJro12OXcvvx1LQP8tw","https:\/\/de.wikipedia.org\/wiki\/Zewo"]}]}},"publishpress_future_action":{"enabled":false,"date":"2026-04-25 12:35:04","action":"change-status","newStatus":"draft","terms":[],"taxonomy":"translation_priority","extraData":[]},"publishpress_future_workflow_manual_trigger":{"enabledWorkflows":[]},"_links":{"self":[{"href":"https:\/\/zewo.ch\/fr\/wp-json\/wp\/v2\/pages\/5844200","targetHints":{"allow":["GET"]}}],"collection":[{"href":"https:\/\/zewo.ch\/fr\/wp-json\/wp\/v2\/pages"}],"about":[{"href":"https:\/\/zewo.ch\/fr\/wp-json\/wp\/v2\/types\/page"}],"author":[{"embeddable":true,"href":"https:\/\/zewo.ch\/fr\/wp-json\/wp\/v2\/users\/38"}],"replies":[{"embeddable":true,"href":"https:\/\/zewo.ch\/fr\/wp-json\/wp\/v2\/comments?post=5844200"}],"version-history":[{"count":16,"href":"https:\/\/zewo.ch\/fr\/wp-json\/wp\/v2\/pages\/5844200\/revisions"}],"predecessor-version":[{"id":5937179,"href":"https:\/\/zewo.ch\/fr\/wp-json\/wp\/v2\/pages\/5844200\/revisions\/5937179"}],"wp:attachment":[{"href":"https:\/\/zewo.ch\/fr\/wp-json\/wp\/v2\/media?parent=5844200"}],"wp:term":[{"taxonomy":"folder","embeddable":true,"href":"https:\/\/zewo.ch\/fr\/wp-json\/wp\/v2\/folder?post=5844200"}],"curies":[{"name":"wp","href":"https:\/\/api.w.org\/{rel}","templated":true}]}}