{"id":5801020,"date":"2023-10-21T08:17:33","date_gmt":"2023-10-21T06:17:33","guid":{"rendered":"https:\/\/zewo.ch\/?page_id=5801020"},"modified":"2025-02-13T14:28:07","modified_gmt":"2025-02-13T13:28:07","slug":"aide-humanitaire-gaza-palestine-israel","status":"publish","type":"page","link":"https:\/\/zewo.ch\/fr\/aide-humanitaire-gaza-palestine-israel\/","title":{"rendered":"Aide humanitaire Gaza\/Palestine\/Isra\u00ebl"},"content":{"rendered":"\n<p>Le 7 octobre 2023, le Hamas a perp\u00e9tr\u00e9 des massacres brutaux en Isra\u00ebl. Depuis lors, des milliers de personnes ont perdu la vie dans la guerre. Chaque jour, le nombre de bless\u00e9s et de personnes en fuite augmente. La situation humanitaire s&rsquo;aggrave, en particulier dans la bande de Gaza. Pour que les organisations humanitaires puissent apporter l&rsquo;aide dont elles ont un besoin urgent, elles ont besoin d&rsquo;un acc\u00e8s s\u00fbr \u00e0 la zone de crise. La politique et la diplomatie sont appel\u00e9es \u00e0 agir en cons\u00e9quence.<\/p>\n\n\n\n<p>Quelles sont les organisations d&rsquo;entraide certifi\u00e9es qui fournissent actuellement une aide d&rsquo;urgence ?<\/p>\n\n\n\n<p>Mais la situation sur place est extr\u00eamement difficile et confuse. Les organisations humanitaires qui sont d\u00e9j\u00e0 sur place d\u00e9terminent ce qui est possible et o\u00f9. Car la situation \u00e9volue constamment. L&rsquo;aide doit \u00eatre coordonn\u00e9e, entre elles et avec les organisations humanitaires de l&rsquo;ONU. Notre <a href=\"https:\/\/zewo.ch\/fr\/npo-recherche\/\">moteur de recherche en ligne<\/a> vous permet de trouver des organisations humanitaires certifi\u00e9es actives en Palestine\/Isra\u00ebl. Consultez attentivement les informations mises \u00e0 jour sur leur site web. Vous y apprendrez o\u00f9 et comment elles aident actuellement.<\/p>\n\n\n\n<p>Avant de faire un don, v\u00e9rifiez si votre don est li\u00e9 ou peut \u00eatre li\u00e9 \u00e0 un objectif sp\u00e9cifique, par exemple pour Gaza. En effet, certaines organisations collectent des dons qui sont vers\u00e9s dans un fonds g\u00e9n\u00e9ral d&rsquo;aide d&rsquo;urgence. Elle utilise ces fonds l\u00e0 o\u00f9 les besoins sont les plus urgents. En fonction de ce qui est important pour vous, faites d\u00e9lib\u00e9r\u00e9ment un don libre ou un don affect\u00e9. Le mieux est de transf\u00e9rer le montant directement de votre banque ou de votre compte postal \u00e0 une \u0153uvre de bienfaisance certifi\u00e9e, par exemple par e-banking. Ainsi, il n&rsquo;y a pas de frais inutiles.<\/p>\n\n\n\n<p><strong>Aupr\u00e8s de ces organisations d&rsquo;entraide certifi\u00e9es, votre don est affect\u00e9 \u00e0 un but pr\u00e9cis et en de bonnes mains :<\/strong><\/p>\n\n\n\n<ul class=\"wp-block-cgb-block-zewo-block-links container container-columns-1\">\n<li class=\"wp-block-cgb-block-zewo-block-link ab-block-link\"><a href=\"https:\/\/www.caritas.ch\/fr\/aide-a-la-population-civile-dans-la-bande-de-gaza\/\" target=\"_blank\" rel=\"noopener noreferrer\" class=\"button\"><span>Caritas Suisse<\/span><span class=\"button-arrow--long\"><\/span><\/a><\/li>\n\n\n\n<li class=\"wp-block-cgb-block-zewo-block-link ab-block-link\"><a href=\"https:\/\/www.eper.ch\/medias\/guerre-en-israelpalestine-leper-commence-fournir-une-aide-durgence-la-population-civile-de#heks-donate-form\" target=\"_blank\" rel=\"noopener noreferrer\" class=\"button\"><span>EPER<\/span><span class=\"button-arrow--long\"><\/span><\/a><\/li>\n\n\n\n<li class=\"wp-block-cgb-block-zewo-block-link ab-block-link\"><a href=\"https:\/\/www.frieda.org\/de\/spenden\/nothilfe-israel-palaestina\" target=\"_blank\" rel=\"noopener noreferrer\" class=\"button\"><span>Frieda &#8211; L&rsquo;ONG f\u00e9ministe pour la paix (anciennement cfd)<\/span><span class=\"button-arrow--long\"><\/span><\/a><\/li>\n\n\n\n<li class=\"wp-block-cgb-block-zewo-block-link ab-block-link\"><a href=\"https:\/\/medecinsdumonde.ch\/faire-un-don-urgence-humanitaire-gaza\/?utm_source=website&amp;utm_medium=pagepalestine&amp;utm_campaign=zewo&amp;utm_id=zewopalestine&amp;utm_content=fl%C3%A8che\" class=\"button\"><span>M\u00e9decins du Monde<\/span><span class=\"button-arrow--long\"><\/span><\/a><\/li>\n\n\n\n<li class=\"wp-block-cgb-block-zewo-block-link ab-block-link\"><a href=\"https:\/\/www.medicointernational.ch\/regionen-projekte\/palaestina-israel\/projekte-palaestina-israel.html\" class=\"button\"><span>medico international schweiz<\/span><span class=\"button-arrow--long\"><\/span><\/a><\/li>\n<\/ul>\n","protected":false},"excerpt":{"rendered":"<p>Le 7 octobre 2023, le Hamas a perp\u00e9tr\u00e9 des massacres brutaux en Isra\u00ebl. Depuis lors, des milliers de personnes ont perdu la vie dans la guerre. Chaque jour, le nombre de bless\u00e9s et de personnes en fuite augmente. La situation humanitaire s&rsquo;aggrave, en particulier dans la bande de Gaza. Pour que les organisations humanitaires puissent [&hellip;]<\/p>\n","protected":false},"author":38,"featured_media":5801646,"parent":0,"menu_order":0,"comment_status":"closed","ping_status":"closed","template":"","meta":{"_acf_changed":false,"footnotes":""},"folder":[],"class_list":["post-5801020","page","type-page","status-publish","has-post-thumbnail","hentry"],"acf":[],"yoast_head":"<!-- This site is optimized with the Yoast SEO Premium plugin v26.0 (Yoast SEO v26.0) - https:\/\/yoast.com\/wordpress\/plugins\/seo\/ -->\n<title>Zewo<\/title>\n<meta name=\"description\" content=\"Quelles sont les organisations d&#039;entraide certifi\u00e9es qui fournissent actuellement une aide d&#039;urgence dans la r\u00e9gion? En savoir plus.\" \/>\n<meta name=\"robots\" content=\"index, follow, max-snippet:-1, max-image-preview:large, max-video-preview:-1\" \/>\n<link rel=\"canonical\" href=\"https:\/\/zewo.ch\/fr\/aide-humanitaire-gaza-palestine-israel\/\" \/>\n<meta property=\"og:locale\" content=\"fr_FR\" \/>\n<meta property=\"og:type\" content=\"article\" \/>\n<meta property=\"og:description\" content=\"Quelles sont les organisations d&#039;entraide certifi\u00e9es qui fournissent actuellement une aide d&#039;urgence dans la r\u00e9gion? En savoir plus.\" \/>\n<meta property=\"og:url\" content=\"https:\/\/zewo.ch\/fr\/aide-humanitaire-gaza-palestine-israel\/\" \/>\n<meta property=\"og:site_name\" content=\"Zewo\" \/>\n<meta property=\"article:publisher\" content=\"https:\/\/www.facebook.com\/Stiftung.ZEWO\/\" \/>\n<meta property=\"article:modified_time\" content=\"2025-02-13T13:28:07+00:00\" \/>\n<meta property=\"og:image\" content=\"https:\/\/zewo.ch\/wp-content\/uploads\/2023\/11\/header_gaza.jpg\" \/>\n\t<meta property=\"og:image:width\" content=\"2200\" \/>\n\t<meta property=\"og:image:height\" content=\"440\" \/>\n\t<meta property=\"og:image:type\" content=\"image\/jpeg\" \/>\n<meta name=\"twitter:card\" content=\"summary_large_image\" \/>\n<meta name=\"twitter:site\" content=\"@stiftung_zewo\" \/>\n<meta name=\"twitter:label1\" content=\"Dur\u00e9e de lecture estim\u00e9e\" \/>\n\t<meta name=\"twitter:data1\" content=\"2 minutes\" \/>\n<script type=\"application\/ld+json\" class=\"yoast-schema-graph\">{\"@context\":\"https:\/\/schema.org\",\"@graph\":[{\"@type\":\"WebPage\",\"@id\":\"https:\/\/zewo.ch\/fr\/aide-humanitaire-gaza-palestine-israel\/#webpage\",\"url\":\"https:\/\/zewo.ch\/fr\/aide-humanitaire-gaza-palestine-israel\/#webpage\",\"name\":\"\",\"isPartOf\":{\"@id\":\"https:\/\/zewo.ch\/fr\/#website\"},\"primaryImageOfPage\":{\"@id\":\"https:\/\/zewo.ch\/fr\/aide-humanitaire-gaza-palestine-israel\/#primaryimage\"},\"image\":{\"@id\":\"https:\/\/zewo.ch\/fr\/aide-humanitaire-gaza-palestine-israel\/#primaryimage\"},\"thumbnailUrl\":\"https:\/\/zewo.ch\/wp-content\/uploads\/2023\/11\/header_gaza.jpg\",\"datePublished\":\"2023-10-21T06:17:33+00:00\",\"dateModified\":\"2025-02-13T13:28:07+00:00\",\"description\":\"Quelles sont les organisations d'entraide certifi\u00e9es qui fournissent actuellement une aide d'urgence dans la r\u00e9gion? En savoir plus.\",\"breadcrumb\":{\"@id\":\"https:\/\/zewo.ch\/fr\/aide-humanitaire-gaza-palestine-israel\/#breadcrumb\"},\"inLanguage\":\"fr-FR\",\"potentialAction\":[{\"@type\":\"ReadAction\",\"target\":[\"https:\/\/zewo.ch\/fr\/aide-humanitaire-gaza-palestine-israel\/\"]}]},{\"@type\":\"ImageObject\",\"inLanguage\":\"fr-FR\",\"@id\":\"https:\/\/zewo.ch\/fr\/aide-humanitaire-gaza-palestine-israel\/#primaryimage\",\"url\":\"https:\/\/zewo.ch\/wp-content\/uploads\/2023\/11\/header_gaza.jpg\",\"contentUrl\":\"https:\/\/zewo.ch\/wp-content\/uploads\/2023\/11\/header_gaza.jpg\",\"width\":2200,\"height\":440,\"caption\":\"header_gaza\"},{\"@type\":\"BreadcrumbList\",\"@id\":\"https:\/\/zewo.ch\/fr\/aide-humanitaire-gaza-palestine-israel\/#breadcrumb\",\"itemListElement\":[{\"@type\":\"ListItem\",\"position\":1,\"name\":\"Home\",\"item\":\"https:\/\/zewo.ch\/fr\/\"},{\"@type\":\"ListItem\",\"position\":2,\"name\":\"Aide humanitaire Gaza\/Palestine\/Isra\u00ebl\"}]},{\"@type\":\"WebSite\",\"@id\":\"https:\/\/zewo.ch\/fr\/#website\",\"url\":\"https:\/\/zewo.ch\/fr\/\",\"name\":\"Zewo\",\"description\":\"Votre don en bonnes mains.\",\"publisher\":{\"@id\":\"https:\/\/zewo.ch\/fr\/#organization\"},\"potentialAction\":[{\"@type\":\"SearchAction\",\"target\":{\"@type\":\"EntryPoint\",\"urlTemplate\":\"https:\/\/zewo.ch\/fr\/?s={search_term_string}\"},\"query-input\":{\"@type\":\"PropertyValueSpecification\",\"valueRequired\":true,\"valueName\":\"search_term_string\"}}],\"inLanguage\":\"fr-FR\"},{\"@type\":\"Organization\",\"@id\":\"https:\/\/zewo.ch\/fr\/#organization\",\"name\":\"Stiftung Zewo\",\"url\":\"https:\/\/zewo.ch\/fr\/\",\"logo\":{\"@type\":\"ImageObject\",\"inLanguage\":\"fr-FR\",\"@id\":\"https:\/\/zewo.ch\/fr\/#\/schema\/logo\/image\/\",\"url\":\"https:\/\/zewo.ch\/wp-content\/uploads\/2019\/08\/Zewo_Logo_Claim_D.svg\",\"contentUrl\":\"https:\/\/zewo.ch\/wp-content\/uploads\/2019\/08\/Zewo_Logo_Claim_D.svg\",\"width\":1,\"height\":1,\"caption\":\"Stiftung Zewo\"},\"image\":{\"@id\":\"https:\/\/zewo.ch\/fr\/#\/schema\/logo\/image\/\"},\"sameAs\":[\"https:\/\/www.facebook.com\/Stiftung.ZEWO\/\",\"https:\/\/x.com\/stiftung_zewo\",\"https:\/\/www.linkedin.com\/company\/stiftung-zewo\",\"https:\/\/www.youtube.com\/channel\/UCzjsVJro12OXcvvx1LQP8tw\",\"https:\/\/de.wikipedia.org\/wiki\/Zewo\"]}]}<\/script>\n<!-- \/ Yoast SEO Premium plugin. -->","yoast_head_json":{"title":"Zewo","description":"Quelles sont les organisations d'entraide certifi\u00e9es qui fournissent actuellement une aide d'urgence dans la r\u00e9gion? En savoir plus.","robots":{"index":"index","follow":"follow","max-snippet":"max-snippet:-1","max-image-preview":"max-image-preview:large","max-video-preview":"max-video-preview:-1"},"canonical":"https:\/\/zewo.ch\/fr\/aide-humanitaire-gaza-palestine-israel\/","og_locale":"fr_FR","og_type":"article","og_description":"Quelles sont les organisations d'entraide certifi\u00e9es qui fournissent actuellement une aide d'urgence dans la r\u00e9gion? En savoir plus.","og_url":"https:\/\/zewo.ch\/fr\/aide-humanitaire-gaza-palestine-israel\/","og_site_name":"Zewo","article_publisher":"https:\/\/www.facebook.com\/Stiftung.ZEWO\/","article_modified_time":"2025-02-13T13:28:07+00:00","og_image":[{"width":2200,"height":440,"url":"https:\/\/zewo.ch\/wp-content\/uploads\/2023\/11\/header_gaza.jpg","type":"image\/jpeg"}],"twitter_card":"summary_large_image","twitter_site":"@stiftung_zewo","twitter_misc":{"Dur\u00e9e de lecture estim\u00e9e":"2 minutes"},"schema":{"@context":"https:\/\/schema.org","@graph":[{"@type":"WebPage","@id":"https:\/\/zewo.ch\/fr\/aide-humanitaire-gaza-palestine-israel\/#webpage","url":"https:\/\/zewo.ch\/fr\/aide-humanitaire-gaza-palestine-israel\/#webpage","name":"","isPartOf":{"@id":"https:\/\/zewo.ch\/fr\/#website"},"primaryImageOfPage":{"@id":"https:\/\/zewo.ch\/fr\/aide-humanitaire-gaza-palestine-israel\/#primaryimage"},"image":{"@id":"https:\/\/zewo.ch\/fr\/aide-humanitaire-gaza-palestine-israel\/#primaryimage"},"thumbnailUrl":"https:\/\/zewo.ch\/wp-content\/uploads\/2023\/11\/header_gaza.jpg","datePublished":"2023-10-21T06:17:33+00:00","dateModified":"2025-02-13T13:28:07+00:00","description":"Quelles sont les organisations d'entraide certifi\u00e9es qui fournissent actuellement une aide d'urgence dans la r\u00e9gion? En savoir plus.","breadcrumb":{"@id":"https:\/\/zewo.ch\/fr\/aide-humanitaire-gaza-palestine-israel\/#breadcrumb"},"inLanguage":"fr-FR","potentialAction":[{"@type":"ReadAction","target":["https:\/\/zewo.ch\/fr\/aide-humanitaire-gaza-palestine-israel\/"]}]},{"@type":"ImageObject","inLanguage":"fr-FR","@id":"https:\/\/zewo.ch\/fr\/aide-humanitaire-gaza-palestine-israel\/#primaryimage","url":"https:\/\/zewo.ch\/wp-content\/uploads\/2023\/11\/header_gaza.jpg","contentUrl":"https:\/\/zewo.ch\/wp-content\/uploads\/2023\/11\/header_gaza.jpg","width":2200,"height":440,"caption":"header_gaza"},{"@type":"BreadcrumbList","@id":"https:\/\/zewo.ch\/fr\/aide-humanitaire-gaza-palestine-israel\/#breadcrumb","itemListElement":[{"@type":"ListItem","position":1,"name":"Home","item":"https:\/\/zewo.ch\/fr\/"},{"@type":"ListItem","position":2,"name":"Aide humanitaire Gaza\/Palestine\/Isra\u00ebl"}]},{"@type":"WebSite","@id":"https:\/\/zewo.ch\/fr\/#website","url":"https:\/\/zewo.ch\/fr\/","name":"Zewo","description":"Votre don en bonnes mains.","publisher":{"@id":"https:\/\/zewo.ch\/fr\/#organization"},"potentialAction":[{"@type":"SearchAction","target":{"@type":"EntryPoint","urlTemplate":"https:\/\/zewo.ch\/fr\/?s={search_term_string}"},"query-input":{"@type":"PropertyValueSpecification","valueRequired":true,"valueName":"search_term_string"}}],"inLanguage":"fr-FR"},{"@type":"Organization","@id":"https:\/\/zewo.ch\/fr\/#organization","name":"Stiftung Zewo","url":"https:\/\/zewo.ch\/fr\/","logo":{"@type":"ImageObject","inLanguage":"fr-FR","@id":"https:\/\/zewo.ch\/fr\/#\/schema\/logo\/image\/","url":"https:\/\/zewo.ch\/wp-content\/uploads\/2019\/08\/Zewo_Logo_Claim_D.svg","contentUrl":"https:\/\/zewo.ch\/wp-content\/uploads\/2019\/08\/Zewo_Logo_Claim_D.svg","width":1,"height":1,"caption":"Stiftung Zewo"},"image":{"@id":"https:\/\/zewo.ch\/fr\/#\/schema\/logo\/image\/"},"sameAs":["https:\/\/www.facebook.com\/Stiftung.ZEWO\/","https:\/\/x.com\/stiftung_zewo","https:\/\/www.linkedin.com\/company\/stiftung-zewo","https:\/\/www.youtube.com\/channel\/UCzjsVJro12OXcvvx1LQP8tw","https:\/\/de.wikipedia.org\/wiki\/Zewo"]}]}},"publishpress_future_action":{"enabled":false,"date":"2026-04-25 14:52:05","action":"change-status","newStatus":"draft","terms":[],"taxonomy":"translation_priority","extraData":[]},"publishpress_future_workflow_manual_trigger":{"enabledWorkflows":[]},"_links":{"self":[{"href":"https:\/\/zewo.ch\/fr\/wp-json\/wp\/v2\/pages\/5801020","targetHints":{"allow":["GET"]}}],"collection":[{"href":"https:\/\/zewo.ch\/fr\/wp-json\/wp\/v2\/pages"}],"about":[{"href":"https:\/\/zewo.ch\/fr\/wp-json\/wp\/v2\/types\/page"}],"author":[{"embeddable":true,"href":"https:\/\/zewo.ch\/fr\/wp-json\/wp\/v2\/users\/38"}],"replies":[{"embeddable":true,"href":"https:\/\/zewo.ch\/fr\/wp-json\/wp\/v2\/comments?post=5801020"}],"version-history":[{"count":8,"href":"https:\/\/zewo.ch\/fr\/wp-json\/wp\/v2\/pages\/5801020\/revisions"}],"predecessor-version":[{"id":5926524,"href":"https:\/\/zewo.ch\/fr\/wp-json\/wp\/v2\/pages\/5801020\/revisions\/5926524"}],"wp:featuredmedia":[{"embeddable":true,"href":"https:\/\/zewo.ch\/fr\/wp-json\/wp\/v2\/media\/5801646"}],"wp:attachment":[{"href":"https:\/\/zewo.ch\/fr\/wp-json\/wp\/v2\/media?parent=5801020"}],"wp:term":[{"taxonomy":"folder","embeddable":true,"href":"https:\/\/zewo.ch\/fr\/wp-json\/wp\/v2\/folder?post=5801020"}],"curies":[{"name":"wp","href":"https:\/\/api.w.org\/{rel}","templated":true}]}}