{"id":5798285,"date":"2023-07-13T14:35:01","date_gmt":"2023-07-13T12:35:01","guid":{"rendered":"https:\/\/zewo.ch\/?page_id=5798285"},"modified":"2023-07-14T16:44:03","modified_gmt":"2023-07-14T14:44:03","slug":"actualites-juridiques-et-financieres","status":"publish","type":"page","link":"https:\/\/zewo.ch\/fr\/actualites-juridiques-et-financieres\/","title":{"rendered":"Actualit\u00e9s juridiques et financi\u00e8res"},"content":{"rendered":"\n<h2 class=\"wp-block-heading\" id=\"h-le-monde-du-travail-de-demain-gestion-et-direction-financi-re-d-une-npo-durable\"><strong>Le monde du travail de demain: gestion et direction financi\u00e8re d&rsquo;une NPO durable.<\/strong><\/h2>\n\n\n\n<p><strong>Les 30 et 31 ao\u00fbt 2023 aura lieu la conf\u00e9rence NPO sur le th\u00e8me du droit et des finances.<\/strong><\/p>\n\n\n\n<p>Quelles sont les t\u00e2ches d&rsquo;un directeur financier d&rsquo;une NPO en 2030 ? Quels sont les technologies, les processus et les th\u00e8mes qui changent, comment la direction et la gestion du personnel seront-elles organis\u00e9es \u00e0 l&rsquo;avenir ? Le <a href=\"https:\/\/npofinanzforum.ch\/konferenz\/\" target=\"_blank\" rel=\"noreferrer noopener\">NPO Finanzforum<\/a> invite cette ann\u00e9e \u00e0 la cinqui\u00e8me <strong>conf\u00e9rence financi\u00e8re NPO<\/strong>, qui sera consacr\u00e9e \u00e0 ces questions.<\/p>\n\n\n\n<p class=\"list-icons\"><a href=\"https:\/\/zewo.ch\/wp-content\/uploads\/2023\/07\/Flyer-NPO-Finanzkonferenz-2023.pdf\" target=\"_blank\" rel=\"noreferrer noopener\">T\u00e9l\u00e9charger le flyer<\/a><\/p>\n\n\n\n<p>La Conf\u00e9rence financi\u00e8re NPO 2023 est un \u00e9v\u00e9nement incontournable pour les professionnels de la finance au sein des NPO qui souhaitent \u00e9largir leurs connaissances sur les changements juridiques actuels et acqu\u00e9rir une meilleure compr\u00e9hension de l&rsquo;environnement financier en constante \u00e9volution. Profitez de cette occasion unique d&rsquo;\u00e9changer avec vos pairs, d&rsquo;acqu\u00e9rir de nouvelles connaissances et de renforcer votre r\u00e9seau.<\/p>\n\n\n\n<p>Date de l&rsquo;\u00e9v\u00e9nement : <strong>jeudi 31 ao\u00fbt 2023, de 13h30 \u00e0 17h<\/strong><\/p>\n\n\n\n<p>Lieu : <strong>Campus Zoug-Rotkreuz, Suurstoffi 1, Rotkreuz<\/strong><\/p>\n\n\n\n<div class=\"wp-block-cgb-block-zewo-block-button ab-block-button\"><a href=\"https:\/\/npofinanzforum.ch\/konferenz\/\" class=\"button primary\"><span class=\"button-arrow\"><\/span>Inscription et informations<\/a><\/div>\n\n\n\n<div class=\"wp-block-cgb-block-zewo-block-button ab-block-button\"><a href=\"\/fr\/evenements-et-cours\/\" class=\"button primary\"><span class=\"button-arrow\"><\/span>Retour \u00e0 l&rsquo;aper\u00e7u<\/a><\/div>\n","protected":false},"excerpt":{"rendered":"<p>Le monde du travail de demain: gestion et direction financi\u00e8re d&rsquo;une NPO durable. Les 30 et 31 ao\u00fbt 2023 aura lieu la conf\u00e9rence NPO sur le th\u00e8me du droit et des finances. Quelles sont les t\u00e2ches d&rsquo;un directeur financier d&rsquo;une NPO en 2030 ? Quels sont les technologies, les processus et les th\u00e8mes qui changent, [&hellip;]<\/p>\n","protected":false},"author":40,"featured_media":5798321,"parent":0,"menu_order":0,"comment_status":"closed","ping_status":"closed","template":"","meta":{"_acf_changed":false,"footnotes":""},"folder":[],"class_list":["post-5798285","page","type-page","status-publish","has-post-thumbnail","hentry"],"acf":[],"yoast_head":"<!-- This site is optimized with the Yoast SEO Premium plugin v26.0 (Yoast SEO v26.0) - https:\/\/yoast.com\/wordpress\/plugins\/seo\/ -->\n<title>Zewo<\/title>\n<meta name=\"description\" content=\"Les 30 et 31 ao\u00fbt 2023 aura lieu la conf\u00e9rence NPO sur le th\u00e8me du droit et des finances.\" \/>\n<meta name=\"robots\" content=\"index, follow, max-snippet:-1, max-image-preview:large, max-video-preview:-1\" \/>\n<link rel=\"canonical\" href=\"https:\/\/zewo.ch\/fr\/actualites-juridiques-et-financieres\/\" \/>\n<meta property=\"og:locale\" content=\"fr_FR\" \/>\n<meta property=\"og:type\" content=\"article\" \/>\n<meta property=\"og:description\" content=\"Les 30 et 31 ao\u00fbt 2023 aura lieu la conf\u00e9rence NPO sur le th\u00e8me du droit et des finances.\" \/>\n<meta property=\"og:url\" content=\"https:\/\/zewo.ch\/fr\/actualites-juridiques-et-financieres\/\" \/>\n<meta property=\"og:site_name\" content=\"Zewo\" \/>\n<meta property=\"article:publisher\" content=\"https:\/\/www.facebook.com\/Stiftung.ZEWO\/\" \/>\n<meta property=\"article:modified_time\" content=\"2023-07-14T14:44:03+00:00\" \/>\n<meta property=\"og:image\" content=\"https:\/\/zewo.ch\/wp-content\/uploads\/2023\/07\/finanzheader__.jpg\" \/>\n\t<meta property=\"og:image:width\" content=\"2000\" \/>\n\t<meta property=\"og:image:height\" content=\"950\" \/>\n\t<meta property=\"og:image:type\" content=\"image\/jpeg\" \/>\n<meta name=\"twitter:card\" content=\"summary_large_image\" \/>\n<meta name=\"twitter:site\" content=\"@stiftung_zewo\" \/>\n<meta name=\"twitter:label1\" content=\"Dur\u00e9e de lecture estim\u00e9e\" \/>\n\t<meta name=\"twitter:data1\" content=\"1 minute\" \/>\n<script type=\"application\/ld+json\" class=\"yoast-schema-graph\">{\"@context\":\"https:\/\/schema.org\",\"@graph\":[{\"@type\":\"WebPage\",\"@id\":\"https:\/\/zewo.ch\/fr\/actualites-juridiques-et-financieres\/#webpage\",\"url\":\"https:\/\/zewo.ch\/fr\/actualites-juridiques-et-financieres\/#webpage\",\"name\":\"\",\"isPartOf\":{\"@id\":\"https:\/\/zewo.ch\/fr\/#website\"},\"primaryImageOfPage\":{\"@id\":\"https:\/\/zewo.ch\/fr\/actualites-juridiques-et-financieres\/#primaryimage\"},\"image\":{\"@id\":\"https:\/\/zewo.ch\/fr\/actualites-juridiques-et-financieres\/#primaryimage\"},\"thumbnailUrl\":\"https:\/\/zewo.ch\/wp-content\/uploads\/2023\/07\/finanzheader__.jpg\",\"datePublished\":\"2023-07-13T12:35:01+00:00\",\"dateModified\":\"2023-07-14T14:44:03+00:00\",\"description\":\"Les 30 et 31 ao\u00fbt 2023 aura lieu la conf\u00e9rence NPO sur le th\u00e8me du droit et des finances.\",\"breadcrumb\":{\"@id\":\"https:\/\/zewo.ch\/fr\/actualites-juridiques-et-financieres\/#breadcrumb\"},\"inLanguage\":\"fr-FR\",\"potentialAction\":[{\"@type\":\"ReadAction\",\"target\":[\"https:\/\/zewo.ch\/fr\/actualites-juridiques-et-financieres\/\"]}]},{\"@type\":\"ImageObject\",\"inLanguage\":\"fr-FR\",\"@id\":\"https:\/\/zewo.ch\/fr\/actualites-juridiques-et-financieres\/#primaryimage\",\"url\":\"https:\/\/zewo.ch\/wp-content\/uploads\/2023\/07\/finanzheader__.jpg\",\"contentUrl\":\"https:\/\/zewo.ch\/wp-content\/uploads\/2023\/07\/finanzheader__.jpg\",\"width\":2000,\"height\":950},{\"@type\":\"BreadcrumbList\",\"@id\":\"https:\/\/zewo.ch\/fr\/actualites-juridiques-et-financieres\/#breadcrumb\",\"itemListElement\":[{\"@type\":\"ListItem\",\"position\":1,\"name\":\"Home\",\"item\":\"https:\/\/zewo.ch\/fr\/\"},{\"@type\":\"ListItem\",\"position\":2,\"name\":\"Actualit\u00e9s juridiques et financi\u00e8res\"}]},{\"@type\":\"WebSite\",\"@id\":\"https:\/\/zewo.ch\/fr\/#website\",\"url\":\"https:\/\/zewo.ch\/fr\/\",\"name\":\"Zewo\",\"description\":\"Votre don en bonnes mains.\",\"publisher\":{\"@id\":\"https:\/\/zewo.ch\/fr\/#organization\"},\"potentialAction\":[{\"@type\":\"SearchAction\",\"target\":{\"@type\":\"EntryPoint\",\"urlTemplate\":\"https:\/\/zewo.ch\/fr\/?s={search_term_string}\"},\"query-input\":{\"@type\":\"PropertyValueSpecification\",\"valueRequired\":true,\"valueName\":\"search_term_string\"}}],\"inLanguage\":\"fr-FR\"},{\"@type\":\"Organization\",\"@id\":\"https:\/\/zewo.ch\/fr\/#organization\",\"name\":\"Stiftung Zewo\",\"url\":\"https:\/\/zewo.ch\/fr\/\",\"logo\":{\"@type\":\"ImageObject\",\"inLanguage\":\"fr-FR\",\"@id\":\"https:\/\/zewo.ch\/fr\/#\/schema\/logo\/image\/\",\"url\":\"https:\/\/zewo.ch\/wp-content\/uploads\/2019\/08\/Zewo_Logo_Claim_D.svg\",\"contentUrl\":\"https:\/\/zewo.ch\/wp-content\/uploads\/2019\/08\/Zewo_Logo_Claim_D.svg\",\"width\":1,\"height\":1,\"caption\":\"Stiftung Zewo\"},\"image\":{\"@id\":\"https:\/\/zewo.ch\/fr\/#\/schema\/logo\/image\/\"},\"sameAs\":[\"https:\/\/www.facebook.com\/Stiftung.ZEWO\/\",\"https:\/\/x.com\/stiftung_zewo\",\"https:\/\/www.linkedin.com\/company\/stiftung-zewo\",\"https:\/\/www.youtube.com\/channel\/UCzjsVJro12OXcvvx1LQP8tw\",\"https:\/\/de.wikipedia.org\/wiki\/Zewo\"]}]}<\/script>\n<!-- \/ Yoast SEO Premium plugin. -->","yoast_head_json":{"title":"Zewo","description":"Les 30 et 31 ao\u00fbt 2023 aura lieu la conf\u00e9rence NPO sur le th\u00e8me du droit et des finances.","robots":{"index":"index","follow":"follow","max-snippet":"max-snippet:-1","max-image-preview":"max-image-preview:large","max-video-preview":"max-video-preview:-1"},"canonical":"https:\/\/zewo.ch\/fr\/actualites-juridiques-et-financieres\/","og_locale":"fr_FR","og_type":"article","og_description":"Les 30 et 31 ao\u00fbt 2023 aura lieu la conf\u00e9rence NPO sur le th\u00e8me du droit et des finances.","og_url":"https:\/\/zewo.ch\/fr\/actualites-juridiques-et-financieres\/","og_site_name":"Zewo","article_publisher":"https:\/\/www.facebook.com\/Stiftung.ZEWO\/","article_modified_time":"2023-07-14T14:44:03+00:00","og_image":[{"width":2000,"height":950,"url":"https:\/\/zewo.ch\/wp-content\/uploads\/2023\/07\/finanzheader__.jpg","type":"image\/jpeg"}],"twitter_card":"summary_large_image","twitter_site":"@stiftung_zewo","twitter_misc":{"Dur\u00e9e de lecture estim\u00e9e":"1 minute"},"schema":{"@context":"https:\/\/schema.org","@graph":[{"@type":"WebPage","@id":"https:\/\/zewo.ch\/fr\/actualites-juridiques-et-financieres\/#webpage","url":"https:\/\/zewo.ch\/fr\/actualites-juridiques-et-financieres\/#webpage","name":"","isPartOf":{"@id":"https:\/\/zewo.ch\/fr\/#website"},"primaryImageOfPage":{"@id":"https:\/\/zewo.ch\/fr\/actualites-juridiques-et-financieres\/#primaryimage"},"image":{"@id":"https:\/\/zewo.ch\/fr\/actualites-juridiques-et-financieres\/#primaryimage"},"thumbnailUrl":"https:\/\/zewo.ch\/wp-content\/uploads\/2023\/07\/finanzheader__.jpg","datePublished":"2023-07-13T12:35:01+00:00","dateModified":"2023-07-14T14:44:03+00:00","description":"Les 30 et 31 ao\u00fbt 2023 aura lieu la conf\u00e9rence NPO sur le th\u00e8me du droit et des finances.","breadcrumb":{"@id":"https:\/\/zewo.ch\/fr\/actualites-juridiques-et-financieres\/#breadcrumb"},"inLanguage":"fr-FR","potentialAction":[{"@type":"ReadAction","target":["https:\/\/zewo.ch\/fr\/actualites-juridiques-et-financieres\/"]}]},{"@type":"ImageObject","inLanguage":"fr-FR","@id":"https:\/\/zewo.ch\/fr\/actualites-juridiques-et-financieres\/#primaryimage","url":"https:\/\/zewo.ch\/wp-content\/uploads\/2023\/07\/finanzheader__.jpg","contentUrl":"https:\/\/zewo.ch\/wp-content\/uploads\/2023\/07\/finanzheader__.jpg","width":2000,"height":950},{"@type":"BreadcrumbList","@id":"https:\/\/zewo.ch\/fr\/actualites-juridiques-et-financieres\/#breadcrumb","itemListElement":[{"@type":"ListItem","position":1,"name":"Home","item":"https:\/\/zewo.ch\/fr\/"},{"@type":"ListItem","position":2,"name":"Actualit\u00e9s juridiques et financi\u00e8res"}]},{"@type":"WebSite","@id":"https:\/\/zewo.ch\/fr\/#website","url":"https:\/\/zewo.ch\/fr\/","name":"Zewo","description":"Votre don en bonnes mains.","publisher":{"@id":"https:\/\/zewo.ch\/fr\/#organization"},"potentialAction":[{"@type":"SearchAction","target":{"@type":"EntryPoint","urlTemplate":"https:\/\/zewo.ch\/fr\/?s={search_term_string}"},"query-input":{"@type":"PropertyValueSpecification","valueRequired":true,"valueName":"search_term_string"}}],"inLanguage":"fr-FR"},{"@type":"Organization","@id":"https:\/\/zewo.ch\/fr\/#organization","name":"Stiftung Zewo","url":"https:\/\/zewo.ch\/fr\/","logo":{"@type":"ImageObject","inLanguage":"fr-FR","@id":"https:\/\/zewo.ch\/fr\/#\/schema\/logo\/image\/","url":"https:\/\/zewo.ch\/wp-content\/uploads\/2019\/08\/Zewo_Logo_Claim_D.svg","contentUrl":"https:\/\/zewo.ch\/wp-content\/uploads\/2019\/08\/Zewo_Logo_Claim_D.svg","width":1,"height":1,"caption":"Stiftung Zewo"},"image":{"@id":"https:\/\/zewo.ch\/fr\/#\/schema\/logo\/image\/"},"sameAs":["https:\/\/www.facebook.com\/Stiftung.ZEWO\/","https:\/\/x.com\/stiftung_zewo","https:\/\/www.linkedin.com\/company\/stiftung-zewo","https:\/\/www.youtube.com\/channel\/UCzjsVJro12OXcvvx1LQP8tw","https:\/\/de.wikipedia.org\/wiki\/Zewo"]}]}},"publishpress_future_action":{"enabled":false,"date":"2026-04-22 07:32:04","action":"change-status","newStatus":"draft","terms":[],"taxonomy":"translation_priority","extraData":[]},"publishpress_future_workflow_manual_trigger":{"enabledWorkflows":[]},"_links":{"self":[{"href":"https:\/\/zewo.ch\/fr\/wp-json\/wp\/v2\/pages\/5798285","targetHints":{"allow":["GET"]}}],"collection":[{"href":"https:\/\/zewo.ch\/fr\/wp-json\/wp\/v2\/pages"}],"about":[{"href":"https:\/\/zewo.ch\/fr\/wp-json\/wp\/v2\/types\/page"}],"author":[{"embeddable":true,"href":"https:\/\/zewo.ch\/fr\/wp-json\/wp\/v2\/users\/40"}],"replies":[{"embeddable":true,"href":"https:\/\/zewo.ch\/fr\/wp-json\/wp\/v2\/comments?post=5798285"}],"version-history":[{"count":2,"href":"https:\/\/zewo.ch\/fr\/wp-json\/wp\/v2\/pages\/5798285\/revisions"}],"predecessor-version":[{"id":5798289,"href":"https:\/\/zewo.ch\/fr\/wp-json\/wp\/v2\/pages\/5798285\/revisions\/5798289"}],"wp:featuredmedia":[{"embeddable":true,"href":"https:\/\/zewo.ch\/fr\/wp-json\/wp\/v2\/media\/5798321"}],"wp:attachment":[{"href":"https:\/\/zewo.ch\/fr\/wp-json\/wp\/v2\/media?parent=5798285"}],"wp:term":[{"taxonomy":"folder","embeddable":true,"href":"https:\/\/zewo.ch\/fr\/wp-json\/wp\/v2\/folder?post=5798285"}],"curies":[{"name":"wp","href":"https:\/\/api.w.org\/{rel}","templated":true}]}}