{"id":5795382,"date":"2023-04-19T14:16:51","date_gmt":"2023-04-19T12:16:51","guid":{"rendered":"https:\/\/zewo.ch\/?page_id=5795382"},"modified":"2024-03-27T16:33:36","modified_gmt":"2024-03-27T15:33:36","slug":"swissdevjobs-ag","status":"publish","type":"page","link":"https:\/\/zewo.ch\/fr\/swissdevjobs-ag\/","title":{"rendered":"SwissDevJobs AG"},"content":{"rendered":"\n<h2 class=\"wp-block-heading\" id=\"h-remise-pour-les-organisations-titulaires-du-label-de-qualite-zewo\">Remise pour les organisations titulaires du label de qualit\u00e9 Zewo<\/h2>\n\n\n\n<figure class=\"wp-block-image size-medium\"><img loading=\"lazy\" decoding=\"async\" width=\"300\" height=\"167\" src=\"https:\/\/zewo.ch\/wp-content\/uploads\/2023\/04\/sdj-rectangle-300x167.png\" alt=\"swissdevjobs_Logo\" class=\"wp-image-5795380\" srcset=\"https:\/\/zewo.ch\/wp-content\/uploads\/2023\/04\/sdj-rectangle-300x167.png 300w, https:\/\/zewo.ch\/wp-content\/uploads\/2023\/04\/sdj-rectangle-768x427.png 768w, https:\/\/zewo.ch\/wp-content\/uploads\/2023\/04\/sdj-rectangle.png 900w\" sizes=\"auto, (min-width: 960px) 75vw, 100vw\" \/><\/figure>\n\n\n\n<p>SwissDevJobs, plusieurs fois distingu\u00e9 comme le meilleur portail d&#8217;emploi en ligne en Suisse dans l&rsquo;enqu\u00eate de Statista et Handelszeitung, offre aux organisations titulaires du label de qualit\u00e9 Zewo <strong>50% de rabais<\/strong> sur les annonces d&#8217;emploi.<\/p>\n\n\n\n<p>Pour profiter de cette offre, envoyez un message \u00e0 <a href=\"mailto:hello@swissdevjobs.ch\">hello@swissdevjobs.ch<\/a> avant la publication en pr\u00e9cisant que vous \u00eates titulaire du label de qualit\u00e9 Zewo.<\/p>\n\n\n\n<h2 class=\"wp-block-heading\" id=\"h-contact\">Contact<\/h2>\n\n\n\n<p><strong>SwissDevJobs AG<\/strong><br>Seilergraben 53<br>8001 Z\u00fcrich<br><a href=\"mailto:hello@swissdevjobs.ch\">hello@swissdevjobs.ch<\/a><br><a href=\"http:\/\/www.swissdevjobs.ch\/\">www.swissdevjobs.ch\/<\/a><\/p>\n\n\n\n<div class=\"wp-block-cgb-block-zewo-block-button ab-block-button\"><a href=\"https:\/\/zewo.ch\/fr\/avantages-pour-les-organisations-titulaires-du-label-de-qualite-zewo\/\" class=\"button primary\"><span class=\"button-arrow\"><\/span>Retour \u00e0 l&rsquo;aper\u00e7u<\/a><\/div>\n","protected":false},"excerpt":{"rendered":"<p>Remise pour les organisations titulaires du label de qualit\u00e9 Zewo SwissDevJobs, plusieurs fois distingu\u00e9 comme le meilleur portail d&#8217;emploi en ligne en Suisse dans l&rsquo;enqu\u00eate de Statista et Handelszeitung, offre aux organisations titulaires du label de qualit\u00e9 Zewo 50% de rabais sur les annonces d&#8217;emploi. Pour profiter de cette offre, envoyez un message \u00e0 hello@swissdevjobs.ch [&hellip;]<\/p>\n","protected":false},"author":40,"featured_media":0,"parent":0,"menu_order":287,"comment_status":"closed","ping_status":"closed","template":"","meta":{"_acf_changed":false,"footnotes":""},"folder":[],"class_list":["post-5795382","page","type-page","status-publish","hentry"],"acf":[],"yoast_head":"<!-- This site is optimized with the Yoast SEO Premium plugin v26.0 (Yoast SEO v26.0) - https:\/\/yoast.com\/wordpress\/plugins\/seo\/ -->\n<title>Zewo<\/title>\n<meta name=\"description\" content=\"Profitez de l&#039;offre de SwissDevJobs SA pour b\u00e9n\u00e9ficier, en tant que titulaire du label de qualit\u00e9 Zewo, de 50% de rabais sur la publication d&#039;annonces d&#039;emploi.\" \/>\n<meta name=\"robots\" content=\"index, follow, max-snippet:-1, max-image-preview:large, max-video-preview:-1\" \/>\n<link rel=\"canonical\" href=\"https:\/\/zewo.ch\/fr\/swissdevjobs-ag\/\" \/>\n<meta property=\"og:locale\" content=\"fr_FR\" \/>\n<meta property=\"og:type\" content=\"article\" \/>\n<meta property=\"og:description\" content=\"Profitez de l&#039;offre de SwissDevJobs SA pour b\u00e9n\u00e9ficier, en tant que titulaire du label de qualit\u00e9 Zewo, de 50% de rabais sur la publication d&#039;annonces d&#039;emploi.\" \/>\n<meta property=\"og:url\" content=\"https:\/\/zewo.ch\/fr\/swissdevjobs-ag\/\" \/>\n<meta property=\"og:site_name\" content=\"Zewo\" \/>\n<meta property=\"article:publisher\" content=\"https:\/\/www.facebook.com\/Stiftung.ZEWO\/\" \/>\n<meta property=\"article:modified_time\" content=\"2024-03-27T15:33:36+00:00\" \/>\n<meta property=\"og:image\" content=\"https:\/\/zewo.ch\/wp-content\/uploads\/2023\/04\/sdj-rectangle-300x167.png\" \/>\n<meta name=\"twitter:card\" content=\"summary_large_image\" \/>\n<meta name=\"twitter:site\" content=\"@stiftung_zewo\" \/>\n<meta name=\"twitter:label1\" content=\"Dur\u00e9e de lecture estim\u00e9e\" \/>\n\t<meta name=\"twitter:data1\" content=\"1 minute\" \/>\n<script type=\"application\/ld+json\" class=\"yoast-schema-graph\">{\"@context\":\"https:\/\/schema.org\",\"@graph\":[{\"@type\":\"WebPage\",\"@id\":\"https:\/\/zewo.ch\/fr\/swissdevjobs-ag\/#webpage\",\"url\":\"https:\/\/zewo.ch\/fr\/swissdevjobs-ag\/#webpage\",\"name\":\"\",\"isPartOf\":{\"@id\":\"https:\/\/zewo.ch\/fr\/#website\"},\"primaryImageOfPage\":{\"@id\":\"https:\/\/zewo.ch\/fr\/swissdevjobs-ag\/#primaryimage\"},\"image\":{\"@id\":\"https:\/\/zewo.ch\/fr\/swissdevjobs-ag\/#primaryimage\"},\"thumbnailUrl\":\"https:\/\/zewo.ch\/wp-content\/uploads\/2023\/04\/sdj-rectangle-300x167.png\",\"datePublished\":\"2023-04-19T12:16:51+00:00\",\"dateModified\":\"2024-03-27T15:33:36+00:00\",\"description\":\"Profitez de l'offre de SwissDevJobs SA pour b\u00e9n\u00e9ficier, en tant que titulaire du label de qualit\u00e9 Zewo, de 50% de rabais sur la publication d'annonces d'emploi.\",\"breadcrumb\":{\"@id\":\"https:\/\/zewo.ch\/fr\/swissdevjobs-ag\/#breadcrumb\"},\"inLanguage\":\"fr-FR\",\"potentialAction\":[{\"@type\":\"ReadAction\",\"target\":[\"https:\/\/zewo.ch\/fr\/swissdevjobs-ag\/\"]}]},{\"@type\":\"ImageObject\",\"inLanguage\":\"fr-FR\",\"@id\":\"https:\/\/zewo.ch\/fr\/swissdevjobs-ag\/#primaryimage\",\"url\":\"https:\/\/zewo.ch\/wp-content\/uploads\/2023\/04\/sdj-rectangle-300x167.png\",\"contentUrl\":\"https:\/\/zewo.ch\/wp-content\/uploads\/2023\/04\/sdj-rectangle-300x167.png\"},{\"@type\":\"BreadcrumbList\",\"@id\":\"https:\/\/zewo.ch\/fr\/swissdevjobs-ag\/#breadcrumb\",\"itemListElement\":[{\"@type\":\"ListItem\",\"position\":1,\"name\":\"Home\",\"item\":\"https:\/\/zewo.ch\/fr\/\"},{\"@type\":\"ListItem\",\"position\":2,\"name\":\"SwissDevJobs AG\"}]},{\"@type\":\"WebSite\",\"@id\":\"https:\/\/zewo.ch\/fr\/#website\",\"url\":\"https:\/\/zewo.ch\/fr\/\",\"name\":\"Zewo\",\"description\":\"Votre don en bonnes mains.\",\"publisher\":{\"@id\":\"https:\/\/zewo.ch\/fr\/#organization\"},\"potentialAction\":[{\"@type\":\"SearchAction\",\"target\":{\"@type\":\"EntryPoint\",\"urlTemplate\":\"https:\/\/zewo.ch\/fr\/?s={search_term_string}\"},\"query-input\":{\"@type\":\"PropertyValueSpecification\",\"valueRequired\":true,\"valueName\":\"search_term_string\"}}],\"inLanguage\":\"fr-FR\"},{\"@type\":\"Organization\",\"@id\":\"https:\/\/zewo.ch\/fr\/#organization\",\"name\":\"Stiftung Zewo\",\"url\":\"https:\/\/zewo.ch\/fr\/\",\"logo\":{\"@type\":\"ImageObject\",\"inLanguage\":\"fr-FR\",\"@id\":\"https:\/\/zewo.ch\/fr\/#\/schema\/logo\/image\/\",\"url\":\"https:\/\/zewo.ch\/wp-content\/uploads\/2019\/08\/Zewo_Logo_Claim_D.svg\",\"contentUrl\":\"https:\/\/zewo.ch\/wp-content\/uploads\/2019\/08\/Zewo_Logo_Claim_D.svg\",\"width\":1,\"height\":1,\"caption\":\"Stiftung Zewo\"},\"image\":{\"@id\":\"https:\/\/zewo.ch\/fr\/#\/schema\/logo\/image\/\"},\"sameAs\":[\"https:\/\/www.facebook.com\/Stiftung.ZEWO\/\",\"https:\/\/x.com\/stiftung_zewo\",\"https:\/\/www.linkedin.com\/company\/stiftung-zewo\",\"https:\/\/www.youtube.com\/channel\/UCzjsVJro12OXcvvx1LQP8tw\",\"https:\/\/de.wikipedia.org\/wiki\/Zewo\"]}]}<\/script>\n<!-- \/ Yoast SEO Premium plugin. -->","yoast_head_json":{"title":"Zewo","description":"Profitez de l'offre de SwissDevJobs SA pour b\u00e9n\u00e9ficier, en tant que titulaire du label de qualit\u00e9 Zewo, de 50% de rabais sur la publication d'annonces d'emploi.","robots":{"index":"index","follow":"follow","max-snippet":"max-snippet:-1","max-image-preview":"max-image-preview:large","max-video-preview":"max-video-preview:-1"},"canonical":"https:\/\/zewo.ch\/fr\/swissdevjobs-ag\/","og_locale":"fr_FR","og_type":"article","og_description":"Profitez de l'offre de SwissDevJobs SA pour b\u00e9n\u00e9ficier, en tant que titulaire du label de qualit\u00e9 Zewo, de 50% de rabais sur la publication d'annonces d'emploi.","og_url":"https:\/\/zewo.ch\/fr\/swissdevjobs-ag\/","og_site_name":"Zewo","article_publisher":"https:\/\/www.facebook.com\/Stiftung.ZEWO\/","article_modified_time":"2024-03-27T15:33:36+00:00","og_image":[{"url":"https:\/\/zewo.ch\/wp-content\/uploads\/2023\/04\/sdj-rectangle-300x167.png","type":"","width":"","height":""}],"twitter_card":"summary_large_image","twitter_site":"@stiftung_zewo","twitter_misc":{"Dur\u00e9e de lecture estim\u00e9e":"1 minute"},"schema":{"@context":"https:\/\/schema.org","@graph":[{"@type":"WebPage","@id":"https:\/\/zewo.ch\/fr\/swissdevjobs-ag\/#webpage","url":"https:\/\/zewo.ch\/fr\/swissdevjobs-ag\/#webpage","name":"","isPartOf":{"@id":"https:\/\/zewo.ch\/fr\/#website"},"primaryImageOfPage":{"@id":"https:\/\/zewo.ch\/fr\/swissdevjobs-ag\/#primaryimage"},"image":{"@id":"https:\/\/zewo.ch\/fr\/swissdevjobs-ag\/#primaryimage"},"thumbnailUrl":"https:\/\/zewo.ch\/wp-content\/uploads\/2023\/04\/sdj-rectangle-300x167.png","datePublished":"2023-04-19T12:16:51+00:00","dateModified":"2024-03-27T15:33:36+00:00","description":"Profitez de l'offre de SwissDevJobs SA pour b\u00e9n\u00e9ficier, en tant que titulaire du label de qualit\u00e9 Zewo, de 50% de rabais sur la publication d'annonces d'emploi.","breadcrumb":{"@id":"https:\/\/zewo.ch\/fr\/swissdevjobs-ag\/#breadcrumb"},"inLanguage":"fr-FR","potentialAction":[{"@type":"ReadAction","target":["https:\/\/zewo.ch\/fr\/swissdevjobs-ag\/"]}]},{"@type":"ImageObject","inLanguage":"fr-FR","@id":"https:\/\/zewo.ch\/fr\/swissdevjobs-ag\/#primaryimage","url":"https:\/\/zewo.ch\/wp-content\/uploads\/2023\/04\/sdj-rectangle-300x167.png","contentUrl":"https:\/\/zewo.ch\/wp-content\/uploads\/2023\/04\/sdj-rectangle-300x167.png"},{"@type":"BreadcrumbList","@id":"https:\/\/zewo.ch\/fr\/swissdevjobs-ag\/#breadcrumb","itemListElement":[{"@type":"ListItem","position":1,"name":"Home","item":"https:\/\/zewo.ch\/fr\/"},{"@type":"ListItem","position":2,"name":"SwissDevJobs AG"}]},{"@type":"WebSite","@id":"https:\/\/zewo.ch\/fr\/#website","url":"https:\/\/zewo.ch\/fr\/","name":"Zewo","description":"Votre don en bonnes mains.","publisher":{"@id":"https:\/\/zewo.ch\/fr\/#organization"},"potentialAction":[{"@type":"SearchAction","target":{"@type":"EntryPoint","urlTemplate":"https:\/\/zewo.ch\/fr\/?s={search_term_string}"},"query-input":{"@type":"PropertyValueSpecification","valueRequired":true,"valueName":"search_term_string"}}],"inLanguage":"fr-FR"},{"@type":"Organization","@id":"https:\/\/zewo.ch\/fr\/#organization","name":"Stiftung Zewo","url":"https:\/\/zewo.ch\/fr\/","logo":{"@type":"ImageObject","inLanguage":"fr-FR","@id":"https:\/\/zewo.ch\/fr\/#\/schema\/logo\/image\/","url":"https:\/\/zewo.ch\/wp-content\/uploads\/2019\/08\/Zewo_Logo_Claim_D.svg","contentUrl":"https:\/\/zewo.ch\/wp-content\/uploads\/2019\/08\/Zewo_Logo_Claim_D.svg","width":1,"height":1,"caption":"Stiftung Zewo"},"image":{"@id":"https:\/\/zewo.ch\/fr\/#\/schema\/logo\/image\/"},"sameAs":["https:\/\/www.facebook.com\/Stiftung.ZEWO\/","https:\/\/x.com\/stiftung_zewo","https:\/\/www.linkedin.com\/company\/stiftung-zewo","https:\/\/www.youtube.com\/channel\/UCzjsVJro12OXcvvx1LQP8tw","https:\/\/de.wikipedia.org\/wiki\/Zewo"]}]}},"publishpress_future_action":{"enabled":false,"date":"2026-04-23 14:20:32","action":"change-status","newStatus":"draft","terms":[],"taxonomy":"translation_priority","extraData":[]},"publishpress_future_workflow_manual_trigger":{"enabledWorkflows":[]},"_links":{"self":[{"href":"https:\/\/zewo.ch\/fr\/wp-json\/wp\/v2\/pages\/5795382","targetHints":{"allow":["GET"]}}],"collection":[{"href":"https:\/\/zewo.ch\/fr\/wp-json\/wp\/v2\/pages"}],"about":[{"href":"https:\/\/zewo.ch\/fr\/wp-json\/wp\/v2\/types\/page"}],"author":[{"embeddable":true,"href":"https:\/\/zewo.ch\/fr\/wp-json\/wp\/v2\/users\/40"}],"replies":[{"embeddable":true,"href":"https:\/\/zewo.ch\/fr\/wp-json\/wp\/v2\/comments?post=5795382"}],"version-history":[{"count":6,"href":"https:\/\/zewo.ch\/fr\/wp-json\/wp\/v2\/pages\/5795382\/revisions"}],"predecessor-version":[{"id":5917241,"href":"https:\/\/zewo.ch\/fr\/wp-json\/wp\/v2\/pages\/5795382\/revisions\/5917241"}],"wp:attachment":[{"href":"https:\/\/zewo.ch\/fr\/wp-json\/wp\/v2\/media?parent=5795382"}],"wp:term":[{"taxonomy":"folder","embeddable":true,"href":"https:\/\/zewo.ch\/fr\/wp-json\/wp\/v2\/folder?post=5795382"}],"curies":[{"name":"wp","href":"https:\/\/api.w.org\/{rel}","templated":true}]}}