{"id":5793918,"date":"2023-02-08T12:10:32","date_gmt":"2023-02-08T11:10:32","guid":{"rendered":"https:\/\/zewo.ch\/?page_id=5793918"},"modified":"2026-02-16T12:04:14","modified_gmt":"2026-02-16T11:04:14","slug":"dons-pour-les-victimes-du-tremblement-de-terre-en-turquie-et-en-syrie","status":"publish","type":"page","link":"https:\/\/zewo.ch\/fr\/dons-pour-les-victimes-du-tremblement-de-terre-en-turquie-et-en-syrie\/","title":{"rendered":"Dons pour les victimes du tremblement de terre en Turquie et en Syrie"},"content":{"rendered":"\n<h2 class=\"wp-block-heading\" id=\"h-vos-dons-sont-en-de-bonnes-mains-aupres-de-ces-organisations-d-entraide-certifiees\">Vos dons sont en de bonnes mains aupr\u00e8s de ces organisations d&rsquo;entraide certifi\u00e9es<\/h2>\n\n\n\n<p><strong>Le 6 f\u00e9vrier, un grave tremblement de terre de magnitude 7,8 a frapp\u00e9 la Turquie et la Syrie. Plus de 40&rsquo;000 personnes ont d\u00e9j\u00e0 perdu la vie et des dizaines de milliers ont \u00e9t\u00e9 bless\u00e9es. Les organisations d&rsquo;entraide certifi\u00e9es Zewo apportent une aide d&rsquo;urgence gr\u00e2ce \u00e0 votre don.<\/strong><\/p>\n\n\n\n<p>Pour que vous soyez s\u00fbr que votre don arrive au bon endroit, vous trouverez sur la liste ci-dessous des organisations d&rsquo;entraide s\u00e9rieuses et dignes de confiance qui collectent des dons pour les victimes du tremblement de terre en Turquie et en Syrie. Zewo contr\u00f4le r\u00e9guli\u00e8rement ces organisations pour s&rsquo;assurer que les dons sont utilis\u00e9s de mani\u00e8re cibl\u00e9e et efficace.<\/p>\n\n\n\n<p>Aidez maintenant et faites un don \u00e0 l&rsquo;une de ces organisations d&rsquo;entraide certifi\u00e9es :<\/p>\n\n\n\n<ul class=\"wp-block-cgb-block-zewo-block-links container container-columns-2\">\n<li class=\"wp-block-cgb-block-zewo-block-link ab-block-link\"><a href=\"https:\/\/www.adra.ch\/fr\/project\/tremblement-de-terre\/\" target=\"_blank\" rel=\"noopener noreferrer\" class=\"button\"><span>ADRA<\/span><span class=\"button-arrow--long\"><\/span><\/a><\/li>\n\n\n\n<li class=\"wp-block-cgb-block-zewo-block-link ab-block-link\"><a href=\"https:\/\/www.caritas.ch\/fr\/caritas-suisse-apporte-une-aide-durgence-aux-victimes-des-seismes-0\/\" target=\"_blank\" rel=\"noopener noreferrer\" class=\"button\"><span>Caritas Suisse<\/span><span class=\"button-arrow--long\"><\/span><\/a><\/li>\n\n\n\n<li class=\"wp-block-cgb-block-zewo-block-link ab-block-link\"><a href=\"https:\/\/www.redcross.ch\/fr\/aidez-nous\/faire-un-don\/tremblement-de-terre-en-syrie-et-en-turquie-soutenez-l-aide-d-urgence\" target=\"_blank\" rel=\"noopener noreferrer\" class=\"button\"><span>Croix-Rouge Suisse CRS<\/span><span class=\"button-arrow--long\"><\/span><\/a><\/li>\n\n\n\n<li class=\"wp-block-cgb-block-zewo-block-link ab-block-link\"><a href=\"https:\/\/www.medicointernational.ch\/home\/news\/erdbebenhilfe-fuer-kurdistan.html\" target=\"_blank\" rel=\"noopener noreferrer\" class=\"button\"><span>medico international Schweiz<\/span><span class=\"button-arrow--long\"><\/span><\/a><\/li>\n\n\n\n<li class=\"wp-block-cgb-block-zewo-block-link ab-block-link\"><a href=\"https:\/\/solidar.ch\/fr\/projets\/turquie-et-syrie\/\" target=\"_blank\" rel=\"noopener noreferrer\" class=\"button\"><span>Solidar Suisse<\/span><span class=\"button-arrow--long\"><\/span><\/a><\/li>\n\n\n\n<li class=\"wp-block-cgb-block-zewo-block-link ab-block-link\"><a href=\"https:\/\/www.tdh.org\/fr\/urgence-syrie-seisme\" target=\"_blank\" rel=\"noopener noreferrer\" class=\"button\"><span>Terre des hommes<\/span><span class=\"button-arrow--long\"><\/span><\/a><\/li>\n<\/ul>\n","protected":false},"excerpt":{"rendered":"<p>Vos dons sont en de bonnes mains aupr\u00e8s de ces organisations d&rsquo;entraide certifi\u00e9es Le 6 f\u00e9vrier, un grave tremblement de terre de magnitude 7,8 a frapp\u00e9 la Turquie et la Syrie. Plus de 40&rsquo;000 personnes ont d\u00e9j\u00e0 perdu la vie et des dizaines de milliers ont \u00e9t\u00e9 bless\u00e9es. Les organisations d&rsquo;entraide certifi\u00e9es Zewo apportent une [&hellip;]<\/p>\n","protected":false},"author":38,"featured_media":5794006,"parent":0,"menu_order":0,"comment_status":"closed","ping_status":"closed","template":"","meta":{"_acf_changed":false,"footnotes":""},"folder":[],"class_list":["post-5793918","page","type-page","status-publish","has-post-thumbnail","hentry"],"acf":[],"yoast_head":"<!-- This site is optimized with the Yoast SEO Premium plugin v26.0 (Yoast SEO v26.0) - https:\/\/yoast.com\/wordpress\/plugins\/seo\/ -->\n<title>Zewo<\/title>\n<meta name=\"description\" content=\"En savoir plus sur les organisations d&#039;entraide certifi\u00e9es qui fournissent une aide d&#039;urgence aux victimes des tremblements de terre.\" \/>\n<meta name=\"robots\" content=\"index, follow, max-snippet:-1, max-image-preview:large, max-video-preview:-1\" \/>\n<link rel=\"canonical\" href=\"https:\/\/zewo.ch\/fr\/dons-pour-les-victimes-du-tremblement-de-terre-en-turquie-et-en-syrie\/\" \/>\n<meta property=\"og:locale\" content=\"fr_FR\" \/>\n<meta property=\"og:type\" content=\"article\" \/>\n<meta property=\"og:description\" content=\"En savoir plus sur les organisations d&#039;entraide certifi\u00e9es qui fournissent une aide d&#039;urgence aux victimes des tremblements de terre.\" \/>\n<meta property=\"og:url\" content=\"https:\/\/zewo.ch\/fr\/dons-pour-les-victimes-du-tremblement-de-terre-en-turquie-et-en-syrie\/\" \/>\n<meta property=\"og:site_name\" content=\"Zewo\" \/>\n<meta property=\"article:publisher\" content=\"https:\/\/www.facebook.com\/Stiftung.ZEWO\/\" \/>\n<meta property=\"article:modified_time\" content=\"2026-02-16T11:04:14+00:00\" \/>\n<meta property=\"og:image\" content=\"https:\/\/zewo.ch\/wp-content\/uploads\/2023\/02\/headerseismographerdbeben.jpg\" \/>\n\t<meta property=\"og:image:width\" content=\"2200\" \/>\n\t<meta property=\"og:image:height\" content=\"1283\" \/>\n\t<meta property=\"og:image:type\" content=\"image\/jpeg\" \/>\n<meta name=\"twitter:card\" content=\"summary_large_image\" \/>\n<meta name=\"twitter:site\" content=\"@stiftung_zewo\" \/>\n<meta name=\"twitter:label1\" content=\"Dur\u00e9e de lecture estim\u00e9e\" \/>\n\t<meta name=\"twitter:data1\" content=\"2 minutes\" \/>\n<script type=\"application\/ld+json\" class=\"yoast-schema-graph\">{\"@context\":\"https:\/\/schema.org\",\"@graph\":[{\"@type\":\"WebPage\",\"@id\":\"https:\/\/zewo.ch\/fr\/dons-pour-les-victimes-du-tremblement-de-terre-en-turquie-et-en-syrie\/#webpage\",\"url\":\"https:\/\/zewo.ch\/fr\/dons-pour-les-victimes-du-tremblement-de-terre-en-turquie-et-en-syrie\/#webpage\",\"name\":\"\",\"isPartOf\":{\"@id\":\"https:\/\/zewo.ch\/fr\/#website\"},\"primaryImageOfPage\":{\"@id\":\"https:\/\/zewo.ch\/fr\/dons-pour-les-victimes-du-tremblement-de-terre-en-turquie-et-en-syrie\/#primaryimage\"},\"image\":{\"@id\":\"https:\/\/zewo.ch\/fr\/dons-pour-les-victimes-du-tremblement-de-terre-en-turquie-et-en-syrie\/#primaryimage\"},\"thumbnailUrl\":\"https:\/\/zewo.ch\/wp-content\/uploads\/2023\/02\/headerseismographerdbeben.jpg\",\"datePublished\":\"2023-02-08T11:10:32+00:00\",\"dateModified\":\"2026-02-16T11:04:14+00:00\",\"description\":\"En savoir plus sur les organisations d'entraide certifi\u00e9es qui fournissent une aide d'urgence aux victimes des tremblements de terre.\",\"breadcrumb\":{\"@id\":\"https:\/\/zewo.ch\/fr\/dons-pour-les-victimes-du-tremblement-de-terre-en-turquie-et-en-syrie\/#breadcrumb\"},\"inLanguage\":\"fr-FR\",\"potentialAction\":[{\"@type\":\"ReadAction\",\"target\":[\"https:\/\/zewo.ch\/fr\/dons-pour-les-victimes-du-tremblement-de-terre-en-turquie-et-en-syrie\/\"]}]},{\"@type\":\"ImageObject\",\"inLanguage\":\"fr-FR\",\"@id\":\"https:\/\/zewo.ch\/fr\/dons-pour-les-victimes-du-tremblement-de-terre-en-turquie-et-en-syrie\/#primaryimage\",\"url\":\"https:\/\/zewo.ch\/wp-content\/uploads\/2023\/02\/headerseismographerdbeben.jpg\",\"contentUrl\":\"https:\/\/zewo.ch\/wp-content\/uploads\/2023\/02\/headerseismographerdbeben.jpg\",\"width\":2200,\"height\":1283,\"caption\":\"Erdbeben Seismograph Header\"},{\"@type\":\"BreadcrumbList\",\"@id\":\"https:\/\/zewo.ch\/fr\/dons-pour-les-victimes-du-tremblement-de-terre-en-turquie-et-en-syrie\/#breadcrumb\",\"itemListElement\":[{\"@type\":\"ListItem\",\"position\":1,\"name\":\"Home\",\"item\":\"https:\/\/zewo.ch\/fr\/\"},{\"@type\":\"ListItem\",\"position\":2,\"name\":\"Dons pour les victimes du tremblement de terre en Turquie et en Syrie\"}]},{\"@type\":\"WebSite\",\"@id\":\"https:\/\/zewo.ch\/fr\/#website\",\"url\":\"https:\/\/zewo.ch\/fr\/\",\"name\":\"Zewo\",\"description\":\"Votre don en bonnes mains.\",\"publisher\":{\"@id\":\"https:\/\/zewo.ch\/fr\/#organization\"},\"potentialAction\":[{\"@type\":\"SearchAction\",\"target\":{\"@type\":\"EntryPoint\",\"urlTemplate\":\"https:\/\/zewo.ch\/fr\/?s={search_term_string}\"},\"query-input\":{\"@type\":\"PropertyValueSpecification\",\"valueRequired\":true,\"valueName\":\"search_term_string\"}}],\"inLanguage\":\"fr-FR\"},{\"@type\":\"Organization\",\"@id\":\"https:\/\/zewo.ch\/fr\/#organization\",\"name\":\"Stiftung Zewo\",\"url\":\"https:\/\/zewo.ch\/fr\/\",\"logo\":{\"@type\":\"ImageObject\",\"inLanguage\":\"fr-FR\",\"@id\":\"https:\/\/zewo.ch\/fr\/#\/schema\/logo\/image\/\",\"url\":\"https:\/\/zewo.ch\/wp-content\/uploads\/2019\/08\/Zewo_Logo_Claim_D.svg\",\"contentUrl\":\"https:\/\/zewo.ch\/wp-content\/uploads\/2019\/08\/Zewo_Logo_Claim_D.svg\",\"width\":1,\"height\":1,\"caption\":\"Stiftung Zewo\"},\"image\":{\"@id\":\"https:\/\/zewo.ch\/fr\/#\/schema\/logo\/image\/\"},\"sameAs\":[\"https:\/\/www.facebook.com\/Stiftung.ZEWO\/\",\"https:\/\/x.com\/stiftung_zewo\",\"https:\/\/www.linkedin.com\/company\/stiftung-zewo\",\"https:\/\/www.youtube.com\/channel\/UCzjsVJro12OXcvvx1LQP8tw\",\"https:\/\/de.wikipedia.org\/wiki\/Zewo\"]}]}<\/script>\n<!-- \/ Yoast SEO Premium plugin. -->","yoast_head_json":{"title":"Zewo","description":"En savoir plus sur les organisations d'entraide certifi\u00e9es qui fournissent une aide d'urgence aux victimes des tremblements de terre.","robots":{"index":"index","follow":"follow","max-snippet":"max-snippet:-1","max-image-preview":"max-image-preview:large","max-video-preview":"max-video-preview:-1"},"canonical":"https:\/\/zewo.ch\/fr\/dons-pour-les-victimes-du-tremblement-de-terre-en-turquie-et-en-syrie\/","og_locale":"fr_FR","og_type":"article","og_description":"En savoir plus sur les organisations d'entraide certifi\u00e9es qui fournissent une aide d'urgence aux victimes des tremblements de terre.","og_url":"https:\/\/zewo.ch\/fr\/dons-pour-les-victimes-du-tremblement-de-terre-en-turquie-et-en-syrie\/","og_site_name":"Zewo","article_publisher":"https:\/\/www.facebook.com\/Stiftung.ZEWO\/","article_modified_time":"2026-02-16T11:04:14+00:00","og_image":[{"width":2200,"height":1283,"url":"https:\/\/zewo.ch\/wp-content\/uploads\/2023\/02\/headerseismographerdbeben.jpg","type":"image\/jpeg"}],"twitter_card":"summary_large_image","twitter_site":"@stiftung_zewo","twitter_misc":{"Dur\u00e9e de lecture estim\u00e9e":"2 minutes"},"schema":{"@context":"https:\/\/schema.org","@graph":[{"@type":"WebPage","@id":"https:\/\/zewo.ch\/fr\/dons-pour-les-victimes-du-tremblement-de-terre-en-turquie-et-en-syrie\/#webpage","url":"https:\/\/zewo.ch\/fr\/dons-pour-les-victimes-du-tremblement-de-terre-en-turquie-et-en-syrie\/#webpage","name":"","isPartOf":{"@id":"https:\/\/zewo.ch\/fr\/#website"},"primaryImageOfPage":{"@id":"https:\/\/zewo.ch\/fr\/dons-pour-les-victimes-du-tremblement-de-terre-en-turquie-et-en-syrie\/#primaryimage"},"image":{"@id":"https:\/\/zewo.ch\/fr\/dons-pour-les-victimes-du-tremblement-de-terre-en-turquie-et-en-syrie\/#primaryimage"},"thumbnailUrl":"https:\/\/zewo.ch\/wp-content\/uploads\/2023\/02\/headerseismographerdbeben.jpg","datePublished":"2023-02-08T11:10:32+00:00","dateModified":"2026-02-16T11:04:14+00:00","description":"En savoir plus sur les organisations d'entraide certifi\u00e9es qui fournissent une aide d'urgence aux victimes des tremblements de terre.","breadcrumb":{"@id":"https:\/\/zewo.ch\/fr\/dons-pour-les-victimes-du-tremblement-de-terre-en-turquie-et-en-syrie\/#breadcrumb"},"inLanguage":"fr-FR","potentialAction":[{"@type":"ReadAction","target":["https:\/\/zewo.ch\/fr\/dons-pour-les-victimes-du-tremblement-de-terre-en-turquie-et-en-syrie\/"]}]},{"@type":"ImageObject","inLanguage":"fr-FR","@id":"https:\/\/zewo.ch\/fr\/dons-pour-les-victimes-du-tremblement-de-terre-en-turquie-et-en-syrie\/#primaryimage","url":"https:\/\/zewo.ch\/wp-content\/uploads\/2023\/02\/headerseismographerdbeben.jpg","contentUrl":"https:\/\/zewo.ch\/wp-content\/uploads\/2023\/02\/headerseismographerdbeben.jpg","width":2200,"height":1283,"caption":"Erdbeben Seismograph Header"},{"@type":"BreadcrumbList","@id":"https:\/\/zewo.ch\/fr\/dons-pour-les-victimes-du-tremblement-de-terre-en-turquie-et-en-syrie\/#breadcrumb","itemListElement":[{"@type":"ListItem","position":1,"name":"Home","item":"https:\/\/zewo.ch\/fr\/"},{"@type":"ListItem","position":2,"name":"Dons pour les victimes du tremblement de terre en Turquie et en Syrie"}]},{"@type":"WebSite","@id":"https:\/\/zewo.ch\/fr\/#website","url":"https:\/\/zewo.ch\/fr\/","name":"Zewo","description":"Votre don en bonnes mains.","publisher":{"@id":"https:\/\/zewo.ch\/fr\/#organization"},"potentialAction":[{"@type":"SearchAction","target":{"@type":"EntryPoint","urlTemplate":"https:\/\/zewo.ch\/fr\/?s={search_term_string}"},"query-input":{"@type":"PropertyValueSpecification","valueRequired":true,"valueName":"search_term_string"}}],"inLanguage":"fr-FR"},{"@type":"Organization","@id":"https:\/\/zewo.ch\/fr\/#organization","name":"Stiftung Zewo","url":"https:\/\/zewo.ch\/fr\/","logo":{"@type":"ImageObject","inLanguage":"fr-FR","@id":"https:\/\/zewo.ch\/fr\/#\/schema\/logo\/image\/","url":"https:\/\/zewo.ch\/wp-content\/uploads\/2019\/08\/Zewo_Logo_Claim_D.svg","contentUrl":"https:\/\/zewo.ch\/wp-content\/uploads\/2019\/08\/Zewo_Logo_Claim_D.svg","width":1,"height":1,"caption":"Stiftung Zewo"},"image":{"@id":"https:\/\/zewo.ch\/fr\/#\/schema\/logo\/image\/"},"sameAs":["https:\/\/www.facebook.com\/Stiftung.ZEWO\/","https:\/\/x.com\/stiftung_zewo","https:\/\/www.linkedin.com\/company\/stiftung-zewo","https:\/\/www.youtube.com\/channel\/UCzjsVJro12OXcvvx1LQP8tw","https:\/\/de.wikipedia.org\/wiki\/Zewo"]}]}},"publishpress_future_action":{"enabled":false,"date":"2026-04-25 10:59:06","action":"change-status","newStatus":"draft","terms":[],"taxonomy":"translation_priority","extraData":[]},"publishpress_future_workflow_manual_trigger":{"enabledWorkflows":[]},"_links":{"self":[{"href":"https:\/\/zewo.ch\/fr\/wp-json\/wp\/v2\/pages\/5793918","targetHints":{"allow":["GET"]}}],"collection":[{"href":"https:\/\/zewo.ch\/fr\/wp-json\/wp\/v2\/pages"}],"about":[{"href":"https:\/\/zewo.ch\/fr\/wp-json\/wp\/v2\/types\/page"}],"author":[{"embeddable":true,"href":"https:\/\/zewo.ch\/fr\/wp-json\/wp\/v2\/users\/38"}],"replies":[{"embeddable":true,"href":"https:\/\/zewo.ch\/fr\/wp-json\/wp\/v2\/comments?post=5793918"}],"version-history":[{"count":45,"href":"https:\/\/zewo.ch\/fr\/wp-json\/wp\/v2\/pages\/5793918\/revisions"}],"predecessor-version":[{"id":5938505,"href":"https:\/\/zewo.ch\/fr\/wp-json\/wp\/v2\/pages\/5793918\/revisions\/5938505"}],"wp:featuredmedia":[{"embeddable":true,"href":"https:\/\/zewo.ch\/fr\/wp-json\/wp\/v2\/media\/5794006"}],"wp:attachment":[{"href":"https:\/\/zewo.ch\/fr\/wp-json\/wp\/v2\/media?parent=5793918"}],"wp:term":[{"taxonomy":"folder","embeddable":true,"href":"https:\/\/zewo.ch\/fr\/wp-json\/wp\/v2\/folder?post=5793918"}],"curies":[{"name":"wp","href":"https:\/\/api.w.org\/{rel}","templated":true}]}}