{"id":5787120,"date":"2022-02-28T13:58:15","date_gmt":"2022-02-28T12:58:15","guid":{"rendered":"https:\/\/zewo.ch\/?page_id=5787120"},"modified":"2026-03-09T09:20:36","modified_gmt":"2026-03-09T08:20:36","slug":"dons-ukraine","status":"publish","type":"page","link":"https:\/\/zewo.ch\/fr\/dons-ukraine\/","title":{"rendered":"Dons pour l\u2019Ukraine"},"content":{"rendered":"\n<h2 class=\"wp-block-heading\" id=\"h-les-organisations-d-entraide-suisses-apportent-une-aide-d-urgence\">Les organisations d&rsquo;entraide suisses apportent une aide d\u2019urgence<\/h2>\n\n\n\n<p><strong>Le 24 f\u00e9vrier 2022, la Russie a lanc\u00e9 une guerre agressive contre l\u2019Ukraine, plongeant la population ukrainienne dans une grande d\u00e9tresse. Gr\u00e2ce \u00e0 vos dons, les \u0153uvres d\u2019entraide suisses peuvent lui apporter une aide urgente et n\u00e9cessaire.<\/strong><\/p>\n\n\n\n<p>Les gens d\u2019Ukraine ont besoin d\u2019\u00eatre prot\u00e9g\u00e9s de la violence et du froid. Ils sont en qu\u00eate d\u2019un lieu s\u00fbr dans leur propre pays, ou bien ils se sauvent dans un pays voisin. Dans cette situation extr\u00eamement difficile, les \u0153uvres d\u2019entraide suisses apportent une aide humanitaire \u00e0 l\u2019Ukraine. Avec les b\u00e9n\u00e9voles et les organisations partenaires, elles fournissent des repas chauds et offrent des endroits prot\u00e9g\u00e9s pour dormir. Elles distribuent de l\u2019eau, organisent des moyens de transport et s\u2019occupent des enfants effray\u00e9s.&nbsp;<\/p>\n\n\n\n<h3 class=\"wp-block-heading\" id=\"1\">Ici, votre don pour l\u2019Ukraine est en bonnes mains<\/h3>\n\n\n\n<p>La solidarit\u00e9 et la disponibilit\u00e9 de la population suisse \u00e0 verser des dons sont consid\u00e9rables. Toutefois, outre les actions de solidarit\u00e9 spontan\u00e9es, cela comporte aussi un risque de collectes de dons peu s\u00e9rieuses. Pour \u00eatre s\u00fbrs que votre don arrive au bon endroit, vous trouverez dans la liste suivante des organisations d&rsquo;entraide fiables qui collectent des dons pour l\u2019Ukraine. Elles portent toutes le label de qualit\u00e9 Zewo. La Zewo contr\u00f4le r\u00e9guli\u00e8rement ces organisations d&rsquo;entraide pour s\u2019assurer que les dons sont utilis\u00e9s \u00e0 bon escient et de mani\u00e8re efficace. Ainsi, vous aidez la population d\u2019Ukraine en toute s\u00e9curit\u00e9.&nbsp;<\/p>\n\n\n\n<p>Comme les dons en nature prennent beaucoup de temps, que le transport est co\u00fbteux et que la logistique est complexe, nous d\u00e9conseillons actuellement les dons en nature.<\/p>\n\n\n\n<ul class=\"wp-block-cgb-block-zewo-block-links container container-columns-2\">\n<li class=\"wp-block-cgb-block-zewo-block-link ab-block-link\"><a href=\"https:\/\/www.caritas.ch\/fr\/aide-aux-victimes-de-la-guerre-en-ukraine\/\" target=\"_blank\" rel=\"noopener noreferrer\" class=\"button\"><span>Caritas Suisse<\/span><span class=\"button-arrow--long\"><\/span><\/a><\/li>\n\n\n\n<li class=\"wp-block-cgb-block-zewo-block-link ab-block-link\"><a href=\"https:\/\/www.eper.ch\/aide-urgence-ukraine\" target=\"_blank\" rel=\"noopener noreferrer\" class=\"button\"><span>EPER<\/span><span class=\"button-arrow--long\"><\/span><\/a><\/li>\n\n\n\n<li class=\"wp-block-cgb-block-zewo-block-link ab-block-link\"><a href=\"https:\/\/www.medair.org\/fr\/urgence\/urgence-ukraine\" target=\"_blank\" rel=\"noopener noreferrer\" class=\"button\"><span>Medair<\/span><span class=\"button-arrow--long\"><\/span><\/a><\/li>\n\n\n\n<li class=\"wp-block-cgb-block-zewo-block-link ab-block-link\"><a href=\"https:\/\/medecinsdumonde.ch\/news\/urgence-ukraine\/\" target=\"_blank\" rel=\"noopener noreferrer\" class=\"button\"><span>M\u00e9decins du Monde<\/span><span class=\"button-arrow--long\"><\/span><\/a><\/li>\n\n\n\n<li class=\"wp-block-cgb-block-zewo-block-link ab-block-link\"><a href=\"https:\/\/skat-foundation.ch\/project\/ukraine-reconstructing-healthcare\/\" target=\"_blank\" rel=\"noopener noreferrer\" class=\"button\"><span>skat Foundation<\/span><span class=\"button-arrow--long\"><\/span><\/a><\/li>\n\n\n\n<li class=\"wp-block-cgb-block-zewo-block-link ab-block-link\"><a href=\"https:\/\/solidar.ch\/fr\/projets\/ukraine\/\" target=\"_blank\" rel=\"noopener noreferrer\" class=\"button\"><span>Solidar Suisse<\/span><span class=\"button-arrow--long\"><\/span><\/a><\/li>\n\n\n\n<li class=\"wp-block-cgb-block-zewo-block-link ab-block-link\"><a href=\"https:\/\/www.sosvillagesdenfants.ch\/faire-un-don\/aide-durgence-pour-lukraine\/?_gl=1*1m6dgbt*_ga*OTI5OTgxMDEzLjE2NjY4Njk5NTU.*_ga_111W8X1588*MTY3NzY3OTU0OS4xMi4xLjE2Nzc2Nzk5NTkuNjAuMC4w&amp;_ga=2.187541996.59449614.1677679549-929981013.1666869955\" target=\"_blank\" rel=\"noopener noreferrer\" class=\"button\"><span>SOS Villages d&rsquo;Enfants<\/span><span class=\"button-arrow--long\"><\/span><\/a><\/li>\n<\/ul>\n\n\n\n<p><\/p>\n\n\n\n<h3 class=\"wp-block-heading\" id=\"Extraits\">Voici quelques extraits de l&rsquo;interview de Martina Ziegerer, directrice de la Fondation Zewo, sur Radio City le 5 juillet 2022 au sujet des dons pour l&rsquo;Ukraine :&nbsp;<\/h3>\n\n\n\n<p>l\u2019importance de cette solidarit\u00e9 compar\u00e9 \u00e0 d\u2019autres crises&nbsp;comme le cas de la Syrie:<\/p>\n\n\n\n<figure class=\"wp-block-audio\"><audio controls src=\"https:\/\/zewo.ch\/wp-content\/uploads\/2022\/07\/06-juil-Martina-Z-1.wav\"><\/audio><\/figure>\n\n\n\n<p>Martina Ziegerer explique le r\u00f4le de la fondation Zewo:<\/p>\n\n\n\n<figure class=\"wp-block-audio\"><audio controls src=\"https:\/\/zewo.ch\/wp-content\/uploads\/2022\/07\/06-juil-Martina-Z-2.wav\"><\/audio><\/figure>\n\n\n\n<p>Martina Ziegerer d\u00e9taille le profil des donateurs: <\/p>\n\n\n\n<figure class=\"wp-block-audio\"><audio controls src=\"https:\/\/zewo.ch\/wp-content\/uploads\/2022\/07\/06-juil-Martina-Z-3.wav\"><\/audio><\/figure>\n\n\n\n<p>Martina Ziegerer constate la popularit\u00e9 des moyens de transfert num\u00e9riques: <\/p>\n\n\n\n<figure class=\"wp-block-audio\"><audio controls src=\"https:\/\/zewo.ch\/wp-content\/uploads\/2022\/07\/06-juil-Martina-Z-4.wav\"><\/audio><\/figure>\n\n\n\n<p><\/p>\n\n\n\n<h3 class=\"wp-block-heading\" id=\"2\">Devenir famille d\u2019accueil pour les personnes r\u00e9fugi\u00e9es d\u2019Ukraine<\/h3>\n\n\n\n<p>Vous souhaitez accueillir chez vous des personnes ayant fui l\u2019Ukraine et mettre \u00e0 disposition une chambre, un appartement ou une maison de vacances? Dans ce cas, merci de signaler votre offre \u00e0 l\u2019organisation suisse d\u2019aide aux r\u00e9fugi\u00e9\u00b7es: <a href=\"https:\/\/www.osar.ch\/agir\/aide-pour-les-personnes-refugiees-ukrainiennes\/familles-daccueil\" target=\"_blank\" rel=\"noreferrer noopener\">www.osar.ch<\/a>.<\/p>\n\n\n\n<p>L\u2019organisation d\u2019aide aux r\u00e9fugi\u00e9\u00b7es a de l\u2019exp\u00e9rience dans l\u2019h\u00e9bergement priv\u00e9 des personnes ayant fui la guerre et conna\u00eet les besoins des familles d\u2019accueil. Elle est actuellement en train de mettre en place avec ses organisations partenaires en Suisse les structures n\u00e9cessaires pour garantir le placement et l\u2019accompagnement professionnels des personnes r\u00e9fugi\u00e9es et des familles d\u2019accueil. Ainsi, tout sera pr\u00eat lorsque les personnes fuyant la guerre en Ukraine arriveront chez nous.<\/p>\n\n\n\n<p><em>Cette page est r\u00e9guli\u00e8rement actualis\u00e9e. Derni\u00e8re mise \u00e0 jour le 3 juillet 2023.<\/em><\/p>\n\n\n\n<div class=\"wp-block-cgb-block-zewo-block-button ab-block-button\"><a href=\"https:\/\/zewo.ch\/fr\/donner-pour-les-victimes-de-catastrophes\/\" class=\"button primary\"><span class=\"button-arrow\"><\/span>Retour \u00e0 l&rsquo;aper\u00e7u<\/a><\/div>\n","protected":false},"excerpt":{"rendered":"<p>Les organisations d&rsquo;entraide suisses apportent une aide d\u2019urgence Le 24 f\u00e9vrier 2022, la Russie a lanc\u00e9 une guerre agressive contre l\u2019Ukraine, plongeant la population ukrainienne dans une grande d\u00e9tresse. Gr\u00e2ce \u00e0 vos dons, les \u0153uvres d\u2019entraide suisses peuvent lui apporter une aide urgente et n\u00e9cessaire. Les gens d\u2019Ukraine ont besoin d\u2019\u00eatre prot\u00e9g\u00e9s de la violence [&hellip;]<\/p>\n","protected":false},"author":38,"featured_media":5787158,"parent":0,"menu_order":0,"comment_status":"closed","ping_status":"closed","template":"","meta":{"_acf_changed":false,"footnotes":""},"folder":[6643],"class_list":["post-5787120","page","type-page","status-publish","has-post-thumbnail","hentry"],"acf":[],"yoast_head":"<!-- This site is optimized with the Yoast SEO Premium plugin v26.0 (Yoast SEO v26.0) - https:\/\/yoast.com\/wordpress\/plugins\/seo\/ -->\n<title>Zewo<\/title>\n<meta name=\"description\" content=\"Faites un don d\u00e8s maintenant pour les personnes qui ont un besoin urgent d&#039;aide en Ukraine.\" \/>\n<meta name=\"robots\" content=\"index, follow, max-snippet:-1, max-image-preview:large, max-video-preview:-1\" \/>\n<link rel=\"canonical\" href=\"https:\/\/zewo.ch\/fr\/dons-ukraine\/\" \/>\n<meta property=\"og:locale\" content=\"fr_FR\" \/>\n<meta property=\"og:type\" content=\"article\" \/>\n<meta property=\"og:description\" content=\"Faites un don d\u00e8s maintenant pour les personnes qui ont un besoin urgent d&#039;aide en Ukraine.\" \/>\n<meta property=\"og:url\" content=\"https:\/\/zewo.ch\/fr\/dons-ukraine\/\" \/>\n<meta property=\"og:site_name\" content=\"Zewo\" \/>\n<meta property=\"article:publisher\" content=\"https:\/\/www.facebook.com\/Stiftung.ZEWO\/\" \/>\n<meta property=\"article:modified_time\" content=\"2026-03-09T08:20:36+00:00\" \/>\n<meta property=\"og:image\" content=\"https:\/\/zewo.ch\/wp-content\/uploads\/2022\/02\/spenden-ukraine-header.png\" \/>\n\t<meta property=\"og:image:width\" content=\"2200\" \/>\n\t<meta property=\"og:image:height\" content=\"440\" \/>\n\t<meta property=\"og:image:type\" content=\"image\/png\" \/>\n<meta name=\"twitter:card\" content=\"summary_large_image\" \/>\n<meta name=\"twitter:site\" content=\"@stiftung_zewo\" \/>\n<meta name=\"twitter:label1\" content=\"Dur\u00e9e de lecture estim\u00e9e\" \/>\n\t<meta name=\"twitter:data1\" content=\"3 minutes\" \/>\n<script type=\"application\/ld+json\" class=\"yoast-schema-graph\">{\"@context\":\"https:\/\/schema.org\",\"@graph\":[{\"@type\":\"WebPage\",\"@id\":\"https:\/\/zewo.ch\/fr\/dons-ukraine\/#webpage\",\"url\":\"https:\/\/zewo.ch\/fr\/dons-ukraine\/#webpage\",\"name\":\"\",\"isPartOf\":{\"@id\":\"https:\/\/zewo.ch\/fr\/#website\"},\"primaryImageOfPage\":{\"@id\":\"https:\/\/zewo.ch\/fr\/dons-ukraine\/#primaryimage\"},\"image\":{\"@id\":\"https:\/\/zewo.ch\/fr\/dons-ukraine\/#primaryimage\"},\"thumbnailUrl\":\"https:\/\/zewo.ch\/wp-content\/uploads\/2022\/02\/spenden-ukraine-header.png\",\"datePublished\":\"2022-02-28T12:58:15+00:00\",\"dateModified\":\"2026-03-09T08:20:36+00:00\",\"description\":\"Faites un don d\u00e8s maintenant pour les personnes qui ont un besoin urgent d'aide en Ukraine.\",\"breadcrumb\":{\"@id\":\"https:\/\/zewo.ch\/fr\/dons-ukraine\/#breadcrumb\"},\"inLanguage\":\"fr-FR\",\"potentialAction\":[{\"@type\":\"ReadAction\",\"target\":[\"https:\/\/zewo.ch\/fr\/dons-ukraine\/\"]}]},{\"@type\":\"ImageObject\",\"inLanguage\":\"fr-FR\",\"@id\":\"https:\/\/zewo.ch\/fr\/dons-ukraine\/#primaryimage\",\"url\":\"https:\/\/zewo.ch\/wp-content\/uploads\/2022\/02\/spenden-ukraine-header.png\",\"contentUrl\":\"https:\/\/zewo.ch\/wp-content\/uploads\/2022\/02\/spenden-ukraine-header.png\",\"width\":2200,\"height\":440,\"caption\":\"Spenden f\u00fcr die Ukraine\"},{\"@type\":\"BreadcrumbList\",\"@id\":\"https:\/\/zewo.ch\/fr\/dons-ukraine\/#breadcrumb\",\"itemListElement\":[{\"@type\":\"ListItem\",\"position\":1,\"name\":\"Home\",\"item\":\"https:\/\/zewo.ch\/fr\/\"},{\"@type\":\"ListItem\",\"position\":2,\"name\":\"Dons pour l\u2019Ukraine\"}]},{\"@type\":\"WebSite\",\"@id\":\"https:\/\/zewo.ch\/fr\/#website\",\"url\":\"https:\/\/zewo.ch\/fr\/\",\"name\":\"Zewo\",\"description\":\"Votre don en bonnes mains.\",\"publisher\":{\"@id\":\"https:\/\/zewo.ch\/fr\/#organization\"},\"potentialAction\":[{\"@type\":\"SearchAction\",\"target\":{\"@type\":\"EntryPoint\",\"urlTemplate\":\"https:\/\/zewo.ch\/fr\/?s={search_term_string}\"},\"query-input\":{\"@type\":\"PropertyValueSpecification\",\"valueRequired\":true,\"valueName\":\"search_term_string\"}}],\"inLanguage\":\"fr-FR\"},{\"@type\":\"Organization\",\"@id\":\"https:\/\/zewo.ch\/fr\/#organization\",\"name\":\"Stiftung Zewo\",\"url\":\"https:\/\/zewo.ch\/fr\/\",\"logo\":{\"@type\":\"ImageObject\",\"inLanguage\":\"fr-FR\",\"@id\":\"https:\/\/zewo.ch\/fr\/#\/schema\/logo\/image\/\",\"url\":\"https:\/\/zewo.ch\/wp-content\/uploads\/2019\/08\/Zewo_Logo_Claim_D.svg\",\"contentUrl\":\"https:\/\/zewo.ch\/wp-content\/uploads\/2019\/08\/Zewo_Logo_Claim_D.svg\",\"width\":1,\"height\":1,\"caption\":\"Stiftung Zewo\"},\"image\":{\"@id\":\"https:\/\/zewo.ch\/fr\/#\/schema\/logo\/image\/\"},\"sameAs\":[\"https:\/\/www.facebook.com\/Stiftung.ZEWO\/\",\"https:\/\/x.com\/stiftung_zewo\",\"https:\/\/www.linkedin.com\/company\/stiftung-zewo\",\"https:\/\/www.youtube.com\/channel\/UCzjsVJro12OXcvvx1LQP8tw\",\"https:\/\/de.wikipedia.org\/wiki\/Zewo\"]}]}<\/script>\n<!-- \/ Yoast SEO Premium plugin. -->","yoast_head_json":{"title":"Zewo","description":"Faites un don d\u00e8s maintenant pour les personnes qui ont un besoin urgent d'aide en Ukraine.","robots":{"index":"index","follow":"follow","max-snippet":"max-snippet:-1","max-image-preview":"max-image-preview:large","max-video-preview":"max-video-preview:-1"},"canonical":"https:\/\/zewo.ch\/fr\/dons-ukraine\/","og_locale":"fr_FR","og_type":"article","og_description":"Faites un don d\u00e8s maintenant pour les personnes qui ont un besoin urgent d'aide en Ukraine.","og_url":"https:\/\/zewo.ch\/fr\/dons-ukraine\/","og_site_name":"Zewo","article_publisher":"https:\/\/www.facebook.com\/Stiftung.ZEWO\/","article_modified_time":"2026-03-09T08:20:36+00:00","og_image":[{"width":2200,"height":440,"url":"https:\/\/zewo.ch\/wp-content\/uploads\/2022\/02\/spenden-ukraine-header.png","type":"image\/png"}],"twitter_card":"summary_large_image","twitter_site":"@stiftung_zewo","twitter_misc":{"Dur\u00e9e de lecture estim\u00e9e":"3 minutes"},"schema":{"@context":"https:\/\/schema.org","@graph":[{"@type":"WebPage","@id":"https:\/\/zewo.ch\/fr\/dons-ukraine\/#webpage","url":"https:\/\/zewo.ch\/fr\/dons-ukraine\/#webpage","name":"","isPartOf":{"@id":"https:\/\/zewo.ch\/fr\/#website"},"primaryImageOfPage":{"@id":"https:\/\/zewo.ch\/fr\/dons-ukraine\/#primaryimage"},"image":{"@id":"https:\/\/zewo.ch\/fr\/dons-ukraine\/#primaryimage"},"thumbnailUrl":"https:\/\/zewo.ch\/wp-content\/uploads\/2022\/02\/spenden-ukraine-header.png","datePublished":"2022-02-28T12:58:15+00:00","dateModified":"2026-03-09T08:20:36+00:00","description":"Faites un don d\u00e8s maintenant pour les personnes qui ont un besoin urgent d'aide en Ukraine.","breadcrumb":{"@id":"https:\/\/zewo.ch\/fr\/dons-ukraine\/#breadcrumb"},"inLanguage":"fr-FR","potentialAction":[{"@type":"ReadAction","target":["https:\/\/zewo.ch\/fr\/dons-ukraine\/"]}]},{"@type":"ImageObject","inLanguage":"fr-FR","@id":"https:\/\/zewo.ch\/fr\/dons-ukraine\/#primaryimage","url":"https:\/\/zewo.ch\/wp-content\/uploads\/2022\/02\/spenden-ukraine-header.png","contentUrl":"https:\/\/zewo.ch\/wp-content\/uploads\/2022\/02\/spenden-ukraine-header.png","width":2200,"height":440,"caption":"Spenden f\u00fcr die Ukraine"},{"@type":"BreadcrumbList","@id":"https:\/\/zewo.ch\/fr\/dons-ukraine\/#breadcrumb","itemListElement":[{"@type":"ListItem","position":1,"name":"Home","item":"https:\/\/zewo.ch\/fr\/"},{"@type":"ListItem","position":2,"name":"Dons pour l\u2019Ukraine"}]},{"@type":"WebSite","@id":"https:\/\/zewo.ch\/fr\/#website","url":"https:\/\/zewo.ch\/fr\/","name":"Zewo","description":"Votre don en bonnes mains.","publisher":{"@id":"https:\/\/zewo.ch\/fr\/#organization"},"potentialAction":[{"@type":"SearchAction","target":{"@type":"EntryPoint","urlTemplate":"https:\/\/zewo.ch\/fr\/?s={search_term_string}"},"query-input":{"@type":"PropertyValueSpecification","valueRequired":true,"valueName":"search_term_string"}}],"inLanguage":"fr-FR"},{"@type":"Organization","@id":"https:\/\/zewo.ch\/fr\/#organization","name":"Stiftung Zewo","url":"https:\/\/zewo.ch\/fr\/","logo":{"@type":"ImageObject","inLanguage":"fr-FR","@id":"https:\/\/zewo.ch\/fr\/#\/schema\/logo\/image\/","url":"https:\/\/zewo.ch\/wp-content\/uploads\/2019\/08\/Zewo_Logo_Claim_D.svg","contentUrl":"https:\/\/zewo.ch\/wp-content\/uploads\/2019\/08\/Zewo_Logo_Claim_D.svg","width":1,"height":1,"caption":"Stiftung Zewo"},"image":{"@id":"https:\/\/zewo.ch\/fr\/#\/schema\/logo\/image\/"},"sameAs":["https:\/\/www.facebook.com\/Stiftung.ZEWO\/","https:\/\/x.com\/stiftung_zewo","https:\/\/www.linkedin.com\/company\/stiftung-zewo","https:\/\/www.youtube.com\/channel\/UCzjsVJro12OXcvvx1LQP8tw","https:\/\/de.wikipedia.org\/wiki\/Zewo"]}]}},"publishpress_future_action":{"enabled":false,"date":"2026-04-23 23:35:00","action":"change-status","newStatus":"draft","terms":[],"taxonomy":"translation_priority","extraData":[]},"publishpress_future_workflow_manual_trigger":{"enabledWorkflows":[]},"_links":{"self":[{"href":"https:\/\/zewo.ch\/fr\/wp-json\/wp\/v2\/pages\/5787120","targetHints":{"allow":["GET"]}}],"collection":[{"href":"https:\/\/zewo.ch\/fr\/wp-json\/wp\/v2\/pages"}],"about":[{"href":"https:\/\/zewo.ch\/fr\/wp-json\/wp\/v2\/types\/page"}],"author":[{"embeddable":true,"href":"https:\/\/zewo.ch\/fr\/wp-json\/wp\/v2\/users\/38"}],"replies":[{"embeddable":true,"href":"https:\/\/zewo.ch\/fr\/wp-json\/wp\/v2\/comments?post=5787120"}],"version-history":[{"count":56,"href":"https:\/\/zewo.ch\/fr\/wp-json\/wp\/v2\/pages\/5787120\/revisions"}],"predecessor-version":[{"id":5938734,"href":"https:\/\/zewo.ch\/fr\/wp-json\/wp\/v2\/pages\/5787120\/revisions\/5938734"}],"wp:featuredmedia":[{"embeddable":true,"href":"https:\/\/zewo.ch\/fr\/wp-json\/wp\/v2\/media\/5787158"}],"wp:attachment":[{"href":"https:\/\/zewo.ch\/fr\/wp-json\/wp\/v2\/media?parent=5787120"}],"wp:term":[{"taxonomy":"folder","embeddable":true,"href":"https:\/\/zewo.ch\/fr\/wp-json\/wp\/v2\/folder?post=5787120"}],"curies":[{"name":"wp","href":"https:\/\/api.w.org\/{rel}","templated":true}]}}