{"id":5786736,"date":"2022-02-16T09:24:26","date_gmt":"2022-02-16T08:24:26","guid":{"rendered":"https:\/\/zewo.ch\/?page_id=5786736"},"modified":"2023-11-03T17:10:21","modified_gmt":"2023-11-03T16:10:21","slug":"faire-un-don-a-laide-dun-bulletin-de-versement-qr","status":"publish","type":"page","link":"https:\/\/zewo.ch\/fr\/faire-un-don-a-laide-dun-bulletin-de-versement-qr\/","title":{"rendered":"Faire un don \u00e0 l\u2019aide d&rsquo;un bulletin de versement QR"},"content":{"rendered":"\n<p><strong>De nouveaux bulletins de versement dot\u00e9s d\u2019un motif noir et blanc, le Swiss QR-Code, remplacent progressivement les bulletins de versement rouges et orange. Ces anciennes versions ne seront plus accept\u00e9es \u00e0 compter du 1er octobre 2022. Les \u0153uvres de bienfaisance utilisent de plus en plus des bulletins de versement QR pour leurs collectes. Voici tout ce qu\u2019il faut savoir pour faire un don \u00e0 l\u2019aide d\u2019un bulletin de versement QR.<\/strong><\/p>\n\n\n\n<p><strong>Qu\u2019est-ce qu\u2019un code QR?<\/strong><\/p>\n\n\n\n<p>Le code QR figurant sur le nouveau bulletin de versement contient toutes les informations cl\u00e9s pour effectuer un paiement. Vous pouvez le lire avec l\u2019appareil photo de votre smartphone ou la webcam de votre ordinateur. Toutes les donn\u00e9es sont \u00e9galement inscrites en clair \u00e0 c\u00f4t\u00e9 du code QR.<\/p>\n\n\n\n<p><strong>Comment fonctionne le code QR?<\/strong><\/p>\n\n\n\n<p>Le code QR simplifie encore le paiement des factures. La vid\u00e9o de Pro Senectute vous explique comment proc\u00e9der :<\/p>\n\n\n\n<figure class=\"wp-block-embed is-type-video is-provider-youtube wp-block-embed-youtube wp-embed-aspect-16-9 wp-has-aspect-ratio\"><div class=\"wp-block-embed__wrapper\">\n<iframe loading=\"lazy\" title=\"Nouveau bulletin de versement QR 2022\" width=\"720\" height=\"405\" src=\"https:\/\/www.youtube.com\/embed\/IF-dpTF8XNw?feature=oembed\" frameborder=\"0\" allow=\"accelerometer; autoplay; clipboard-write; encrypted-media; gyroscope; picture-in-picture; web-share\" referrerpolicy=\"strict-origin-when-cross-origin\" allowfullscreen><\/iframe>\n<\/div><figcaption>Vid\u00e9o explicative de Pro Senectute<\/figcaption><\/figure>\n\n\n\n<h3 class=\"wp-block-heading\" id=\"1\"><strong>Vous pouvez aussi utiliser un bulletin de versement QR pour faire un don. 4 possibilit\u00e9s sont \u00e0 votre disposition:<\/strong><\/h3>\n\n\n\n<ul class=\"wp-block-cgb-block-zewo-block-accordion accordion\" data-accordion=\"true\" data-allow-all-closed=\"true\">\n<li class=\"accordion-item \" data-accordion-item=\"true\"><a href=\"#\" class=\"accordion-title\"><strong>Sur votre ordinateur<\/strong><\/a><div class=\"accordion-content\" data-tab-content=\"true\">\n<p>Connectez-vous \u00e0 votre service bancaire en ligne (e-banking). Suivez les instructions pour saisir un nouveau paiement. Placez le code QR devant la webcam de votre ordinateur. Toutes les informations sont automatiquement lues et s\u2019affichent \u00e0 l\u2019\u00e9cran. Vous pouvez modifier le montant de votre don avant de valider le virement. Vous pouvez \u00e9galement ajouter un message pour l\u2019organisation d&rsquo;entraide dans le champ correspondant. Cela g\u00e9n\u00e8re toutefois un travail de traitement pour l\u2019organisation.<\/p>\n<\/div><\/li>\n\n\n\n<li class=\"accordion-item \" data-accordion-item=\"true\"><a href=\"#\" class=\"accordion-title\"><strong>Avec votre smartphone et une application (Twint)<\/strong><\/a><div class=\"accordion-content\" data-tab-content=\"true\">\n<p>Connectez-vous \u00e0 l\u2019application mobile (m-banking) de votre banque ou de PostFinance. Saisissez le paiement et suivez les instructions. Toutes les informations requises sont automatiquement enregistr\u00e9es. Vous pouvez modifier le montant et ajouter un message dans le champ correspondant, si n\u00e9cessaire. Le traitement de cette communication cr\u00e9e toutefois un travail suppl\u00e9mentaire pour l\u2019organisation d&rsquo;entraide.<\/p>\n\n\n\n<p>Si le bulletin de versement QR est dot\u00e9 du logo Twint, vous pouvez \u00e9galement faire un don via l\u2019application Twint. Ouvrez l\u2019application Twint sur votre smartphone et suivez les instructions.<\/p>\n\n\n\n<p>Bon \u00e0 savoir: les organisations d&rsquo;entraide utilisent \u00e9galement des codes QR qui vous am\u00e8nent sur leur site web. Vous y trouverez de nombreux moyens de leur faire parvenir directement votre don. Pour cela, inutile de passer par un bulletin de versement QR. Il vous suffit de scanner le code QR pr\u00e9sent\u00e9 sur les documents de l\u2019organisation d&rsquo;entraide avec l\u2019appareil photo de votre smartphone. Choisissez ensuite la fa\u00e7on dont vous souhaitez faire votre don parmi les options propos\u00e9es.\u00a0<\/p>\n<\/div><\/li>\n\n\n\n<li class=\"accordion-item \" data-accordion-item=\"true\"><a href=\"#\" class=\"accordion-title\"><strong>Par ordre de paiement \u00e0 votre banque<\/strong><\/a><div class=\"accordion-content\" data-tab-content=\"true\">\n<p>Le bulletin de versement QR fonctionne presque comme un bulletin de versement classique. Il suffit de le joindre \u00e0 votre ordre de paiement et d\u2019envoyer le tout \u00e0 votre banque. Si la somme n\u2019est pas pr\u00e9imprim\u00e9e sur le bulletin de versement, pr\u00e9cisez le montant de votre don. Attention: il n\u2019est plus possible d\u2019ajouter une mention manuscrite sur le nouveau bulletin de versement QR.<\/p>\n<\/div><\/li>\n\n\n\n<li class=\"accordion-item \" data-accordion-item=\"true\"><a href=\"#\" class=\"accordion-title\"><strong>Au guichet de la poste<\/strong><\/a><div class=\"accordion-content\" data-tab-content=\"true\">\n<p>Apportez votre bulletin de versement QR au guichet de la poste. Le personnel sur place le traitera pour vous. Vous pouvez r\u00e9gler votre don avec votre carte PostFinance ou en esp\u00e8ces. Dans ce cas, pr\u00e9parez votre pi\u00e8ce d\u2019identit\u00e9. Bon \u00e0 savoir: la poste pr\u00e9l\u00e8ve des frais aux organisations d&rsquo;entraide pour les dons qu\u2019elles re\u00e7oivent par ce biais. <br><br><strong>Don suite \u00e0 un deuil<\/strong><br>Pour faire un don suite \u00e0 un deuil, il n&rsquo;y a souvent pas de bulletin de versement QR sp\u00e9cifique. Vous pouvez toutefois toujours verser vos dons au guichet de la poste. Pour cela, il vous suffit d&rsquo;indiquer le nom, l&rsquo;adresse et le num\u00e9ro de compte IBAN de l&rsquo;organisation d&rsquo;entraide. Si vous le souhaitez, les employ\u00e9s de la poste peuvent \u00e9galement saisir des informations suppl\u00e9mentaires, comme par exemple le nom de la personne d\u00e9c\u00e9d\u00e9e. Ces informations seront transmises par la poste \u00e0 l&rsquo;organisation d&rsquo;entraide afin qu&rsquo;elle puisse attribuer le don de deuil.<\/p>\n<\/div><\/li>\n<\/ul>\n\n\n\n<h3 class=\"wp-block-heading\" id=\"2\"><strong> Questions et r\u00e9ponses sur les dons \u00e0 l\u2019aide de la nouvelle QR<\/strong>-facture<\/h3>\n\n\n\n<ul class=\"wp-block-list\"><li><strong><strong>Puis-je continuer \u00e0 utiliser les bulletins de versement rouges et orange pour faire des dons?&nbsp;<\/strong><\/strong><br>Vous pouvez encore utiliser les bulletins de versement actuels jusqu\u2019au 30 septembre 2022. Mais \u00e0 partir du 1er octobre 2022, les dons transmis par ce biais ne seront plus trait\u00e9s, ni en ligne ni au guichet de la poste.<\/li><\/ul>\n\n\n\n<ul class=\"wp-block-list\"><li><strong>Lorsque je fais un don \u00e0 l\u2019aide d\u2019un bulletin de versement QR, puis-je indiquer \u00e0 quel projet ou objectif la somme est destin\u00e9e?<\/strong><br>Si une organisation d&rsquo;entraide collecte des fonds dans un but pr\u00e9cis, \u00e0 la suite d\u2019une catastrophe par exemple, cette information figure dans l\u2019appel aux dons. La destination des fonds est donc d\u00e9j\u00e0 int\u00e9gr\u00e9e dans le code QR. Quand elle re\u00e7oit un don effectu\u00e9 via ce bulletin de versement QR, l\u2019organisation d&rsquo;entraide doit l\u2019affecter pr\u00e9cis\u00e9ment au but indiqu\u00e9. <br><br>Si l\u2019organisation d&rsquo;entraide collecte des dons libres, le code QR ne contient pas d\u2019objet. Au moment de faire votre don (sur votre ordinateur\/smartphone ou via une application de paiement), vous pouvez indiquer sa destination dans le champ de message. Ces communications sp\u00e9cifiques g\u00e9n\u00e8rent cependant un travail suppl\u00e9mentaire pour l\u2019organisation d&rsquo;entraide.<\/li><\/ul>\n\n\n\n<ul class=\"wp-block-list\"><li><strong>Puis-je faire un don anonyme \u00e0 l\u2019aide d\u2019un bulletin de versement QR?<\/strong><br>Non, c\u2019est impossible. Les informations sur le donneur d\u2019ordre sont automatiquement ajout\u00e9es par le service d\u2019e-banking ou de m-banking.<\/li><\/ul>\n\n\n\n<ul class=\"wp-block-list\"><li><strong>Puis-je faire un don du montant de mon choix avec un bulletin de versement QR?<\/strong><br>Oui, le montant est libre.<\/li><\/ul>\n\n\n\n<ul class=\"wp-block-list\"><li><strong>Mes ordres de virement permanents restent-ils valables?\u00a0<\/strong><br>S\u2019il faut effectuer des modifications, le b\u00e9n\u00e9ficiaire de l\u2019ordre permanent ou votre banque doivent en principe vous en informer. Notre conseil: v\u00e9rifiez par vous-m\u00eame que vos ordres de virement permanents sont toujours ex\u00e9cut\u00e9s correctement. Les ordres permanents \u00e9tablis sur la base d\u2019un BVR doivent notamment \u00eatre adapt\u00e9s \u00e0 la nouvelle QR-facture avec QR-IBAN et r\u00e9f\u00e9rence QR. \u00c0 d\u00e9faut, ils ne seront plus ex\u00e9cut\u00e9s \u00e0 compter du 1er octobre 2022. Ces ordres concernent des paiements r\u00e9guliers effectu\u00e9s \u00e0 des particuliers, des entreprises ou des organisations d&rsquo;entraide.<\/li><\/ul>\n\n\n\n<ul class=\"wp-block-list\"><li><strong>Mes ordres de pr\u00e9l\u00e8vement automatique ou de d\u00e9bit direct restent-ils valables?<\/strong><br>Oui. Vous n\u2019avez rien \u00e0 faire.<\/li><\/ul>\n\n\n\n<ul class=\"wp-block-list\"><li><strong>Le paiement \u00e0 l\u2019aide d\u2019un bulletin de versement QR est-il s\u00e9curis\u00e9?<\/strong><br>Oui. Toutes les informations contenues dans le code QR sont inscrites en clair \u00e0 droite. Une fois le code QR scann\u00e9, nous vous recommandons de v\u00e9rifier ces donn\u00e9es avant de valider le paiement.<\/li><\/ul>\n\n\n\n<h3 class=\"wp-block-heading\" id=\"3\"><strong>Liens utiles<\/strong><\/h3>\n\n\n\n<p>Si vous avez d\u2019autres questions sur les paiements \u00e0 l\u2019aide d\u2019un bulletin de versement QR, consultez la <a href=\"https:\/\/www.prosenectute.ch\/fr\/infos\/finances\/nouveau-bulletin-de-versement.html\">page Web de Pro Senectute ici<\/a>.<\/p>\n\n\n\n<p>Dans les bureaux de consultation cantonaux, des sp\u00e9cialistes de Pro Senectute r\u00e9pondent aux questions des seniors et de leurs personnes de r\u00e9f\u00e9rence sur l\u2019utilisation du bulletin de versement QR. Si vous avez des interrogations, adressez-vous au bureau de consultation de votre r\u00e9gion:&nbsp;<a href=\"https:\/\/www.prosenectute.ch\/fr.html\" target=\"_blank\" rel=\"noreferrer noopener\">www.prosenectute.ch\/fr<\/a>.<\/p>\n\n\n\n<div class=\"wp-block-cgb-block-zewo-block-columns-container container bg-color-light-gray\"><div class=\"grid-x grid-margin-x\" data-columns=\"3\">\n\n\n<div class=\"cell small-12 medium-6\"><div class=\"wp-block-cgb-block-zewo-block-image-text-teaser ab-block-cta\"><div class=\"ab-cta-image-wrap bg-color-secondary\"><img decoding=\"async\" class=\"ab-cta-image\" src=\"https:\/\/zewo.ch\/wp-content\/uploads\/2019\/08\/10-conseils.png\" alt=\"5 conseils pour donner\"\/><\/div><div class=\"ab-cta-content\"><h2 class=\"ab-cta-title\">Les 10 conseils pour donner<\/h2><div class=\"ab-cta-text\">\n<p>D\u00e8s maintenant, prendre acte des 10 principales r\u00e8gles et faire des dons efficaces.<\/p>\n<\/div><\/div><div class=\"ab-cta-button\"><a href=\"\/fr\/les-5-regles-essentielles-pour-les-dons\/\" target=\"_self\" rel=\"noopener noreferrer\" class=\"button primary button-teaser\"><span class=\"button-arrow\"><\/span>Lire d\u00e8s maintenant les conseils pour donner<\/a><\/div><a href=\"\/fr\/les-5-regles-essentielles-pour-les-dons\/\" target=\"_self\" rel=\"noopener noreferrer\" class=\"button-teaser--is-full\"><\/a><\/div><\/div>\n\n\n\n<div class=\"cell small-12 medium-6\"><div class=\"wp-block-cgb-block-zewo-block-image-text-teaser ab-block-cta\"><div class=\"ab-cta-image-wrap bg-color-secondary\"><img decoding=\"async\" class=\"ab-cta-image\" src=\"https:\/\/zewo.ch\/wp-content\/uploads\/2019\/05\/wachhund.png\" alt=\"Vorsicht \u2013 hier warnt die Zewo vor intransparenten NPO\"\/><\/div><div class=\"ab-cta-content\"><h2 class=\"ab-cta-title\">Zewo d\u00e9conseille de faire des dons<\/h2><div class=\"ab-cta-text\">\n<p>Ces OBNL ne sont pas transparentes.<\/p>\n<\/div><\/div><div class=\"ab-cta-button\"><a href=\"\/fr\/zewo-deconseille-de-faire-des-dons\/\" target=\"_self\" rel=\"noopener noreferrer\" class=\"button primary button-teaser\"><span class=\"button-arrow\"><\/span>Informez-vous<\/a><\/div><a href=\"\/fr\/zewo-deconseille-de-faire-des-dons\/\" target=\"_self\" rel=\"noopener noreferrer\" class=\"button-teaser--is-full\"><\/a><\/div><\/div>\n<\/div><\/div>\n\n\n\n<p><\/p>\n","protected":false},"excerpt":{"rendered":"<p>De nouveaux bulletins de versement dot\u00e9s d\u2019un motif noir et blanc, le Swiss QR-Code, remplacent progressivement les bulletins de versement rouges et orange. Ces anciennes versions ne seront plus accept\u00e9es \u00e0 compter du 1er octobre 2022. Les \u0153uvres de bienfaisance utilisent de plus en plus des bulletins de versement QR pour leurs collectes. Voici tout [&hellip;]<\/p>\n","protected":false},"author":38,"featured_media":5786489,"parent":0,"menu_order":0,"comment_status":"closed","ping_status":"closed","template":"","meta":{"_acf_changed":false,"footnotes":""},"folder":[6643],"class_list":["post-5786736","page","type-page","status-publish","has-post-thumbnail","hentry"],"acf":[],"yoast_head":"<!-- This site is optimized with the Yoast SEO Premium plugin v26.0 (Yoast SEO v26.0) - https:\/\/yoast.com\/wordpress\/plugins\/seo\/ -->\n<title>Zewo<\/title>\n<meta name=\"description\" content=\"Les organisations d&#039;entraide utilisent des bulletins de versement QR pour leurs appels aux dons. Tout ce qu\u2019il faut savoir pour faire un don \u00e0 l&#039;aide d&#039;un bulletin de versement QR.\" \/>\n<meta name=\"robots\" content=\"index, follow, max-snippet:-1, max-image-preview:large, max-video-preview:-1\" \/>\n<link rel=\"canonical\" href=\"https:\/\/zewo.ch\/fr\/faire-un-don-a-laide-dun-bulletin-de-versement-qr\/\" \/>\n<meta property=\"og:locale\" content=\"fr_FR\" \/>\n<meta property=\"og:type\" content=\"article\" \/>\n<meta property=\"og:description\" content=\"Les organisations d&#039;entraide utilisent des bulletins de versement QR pour leurs appels aux dons. Tout ce qu\u2019il faut savoir pour faire un don \u00e0 l&#039;aide d&#039;un bulletin de versement QR.\" \/>\n<meta property=\"og:url\" content=\"https:\/\/zewo.ch\/fr\/faire-un-don-a-laide-dun-bulletin-de-versement-qr\/\" \/>\n<meta property=\"og:site_name\" content=\"Zewo\" \/>\n<meta property=\"article:publisher\" content=\"https:\/\/www.facebook.com\/Stiftung.ZEWO\/\" \/>\n<meta property=\"article:modified_time\" content=\"2023-11-03T16:10:21+00:00\" \/>\n<meta property=\"og:image\" content=\"https:\/\/zewo.ch\/wp-content\/uploads\/2022\/01\/header-qr-rechnung-fr.jpg\" \/>\n\t<meta property=\"og:image:width\" content=\"2200\" \/>\n\t<meta property=\"og:image:height\" content=\"440\" \/>\n\t<meta property=\"og:image:type\" content=\"image\/jpeg\" \/>\n<meta name=\"twitter:card\" content=\"summary_large_image\" \/>\n<meta name=\"twitter:site\" content=\"@stiftung_zewo\" \/>\n<meta name=\"twitter:label1\" content=\"Dur\u00e9e de lecture estim\u00e9e\" \/>\n\t<meta name=\"twitter:data1\" content=\"5 minutes\" \/>\n<script type=\"application\/ld+json\" class=\"yoast-schema-graph\">{\"@context\":\"https:\/\/schema.org\",\"@graph\":[{\"@type\":\"WebPage\",\"@id\":\"https:\/\/zewo.ch\/fr\/faire-un-don-a-laide-dun-bulletin-de-versement-qr\/#webpage\",\"url\":\"https:\/\/zewo.ch\/fr\/faire-un-don-a-laide-dun-bulletin-de-versement-qr\/#webpage\",\"name\":\"\",\"isPartOf\":{\"@id\":\"https:\/\/zewo.ch\/fr\/#website\"},\"primaryImageOfPage\":{\"@id\":\"https:\/\/zewo.ch\/fr\/faire-un-don-a-laide-dun-bulletin-de-versement-qr\/#primaryimage\"},\"image\":{\"@id\":\"https:\/\/zewo.ch\/fr\/faire-un-don-a-laide-dun-bulletin-de-versement-qr\/#primaryimage\"},\"thumbnailUrl\":\"https:\/\/zewo.ch\/wp-content\/uploads\/2022\/01\/header-qr-rechnung-fr.jpg\",\"datePublished\":\"2022-02-16T08:24:26+00:00\",\"dateModified\":\"2023-11-03T16:10:21+00:00\",\"description\":\"Les organisations d'entraide utilisent des bulletins de versement QR pour leurs appels aux dons. Tout ce qu\u2019il faut savoir pour faire un don \u00e0 l'aide d'un bulletin de versement QR.\",\"breadcrumb\":{\"@id\":\"https:\/\/zewo.ch\/fr\/faire-un-don-a-laide-dun-bulletin-de-versement-qr\/#breadcrumb\"},\"inLanguage\":\"fr-FR\",\"potentialAction\":[{\"@type\":\"ReadAction\",\"target\":[\"https:\/\/zewo.ch\/fr\/faire-un-don-a-laide-dun-bulletin-de-versement-qr\/\"]}]},{\"@type\":\"ImageObject\",\"inLanguage\":\"fr-FR\",\"@id\":\"https:\/\/zewo.ch\/fr\/faire-un-don-a-laide-dun-bulletin-de-versement-qr\/#primaryimage\",\"url\":\"https:\/\/zewo.ch\/wp-content\/uploads\/2022\/01\/header-qr-rechnung-fr.jpg\",\"contentUrl\":\"https:\/\/zewo.ch\/wp-content\/uploads\/2022\/01\/header-qr-rechnung-fr.jpg\",\"width\":2200,\"height\":440},{\"@type\":\"BreadcrumbList\",\"@id\":\"https:\/\/zewo.ch\/fr\/faire-un-don-a-laide-dun-bulletin-de-versement-qr\/#breadcrumb\",\"itemListElement\":[{\"@type\":\"ListItem\",\"position\":1,\"name\":\"Home\",\"item\":\"https:\/\/zewo.ch\/fr\/\"},{\"@type\":\"ListItem\",\"position\":2,\"name\":\"Faire un don \u00e0 l\u2019aide d&#8217;un bulletin de versement QR\"}]},{\"@type\":\"WebSite\",\"@id\":\"https:\/\/zewo.ch\/fr\/#website\",\"url\":\"https:\/\/zewo.ch\/fr\/\",\"name\":\"Zewo\",\"description\":\"Votre don en bonnes mains.\",\"publisher\":{\"@id\":\"https:\/\/zewo.ch\/fr\/#organization\"},\"potentialAction\":[{\"@type\":\"SearchAction\",\"target\":{\"@type\":\"EntryPoint\",\"urlTemplate\":\"https:\/\/zewo.ch\/fr\/?s={search_term_string}\"},\"query-input\":{\"@type\":\"PropertyValueSpecification\",\"valueRequired\":true,\"valueName\":\"search_term_string\"}}],\"inLanguage\":\"fr-FR\"},{\"@type\":\"Organization\",\"@id\":\"https:\/\/zewo.ch\/fr\/#organization\",\"name\":\"Stiftung Zewo\",\"url\":\"https:\/\/zewo.ch\/fr\/\",\"logo\":{\"@type\":\"ImageObject\",\"inLanguage\":\"fr-FR\",\"@id\":\"https:\/\/zewo.ch\/fr\/#\/schema\/logo\/image\/\",\"url\":\"https:\/\/zewo.ch\/wp-content\/uploads\/2019\/08\/Zewo_Logo_Claim_D.svg\",\"contentUrl\":\"https:\/\/zewo.ch\/wp-content\/uploads\/2019\/08\/Zewo_Logo_Claim_D.svg\",\"width\":1,\"height\":1,\"caption\":\"Stiftung Zewo\"},\"image\":{\"@id\":\"https:\/\/zewo.ch\/fr\/#\/schema\/logo\/image\/\"},\"sameAs\":[\"https:\/\/www.facebook.com\/Stiftung.ZEWO\/\",\"https:\/\/x.com\/stiftung_zewo\",\"https:\/\/www.linkedin.com\/company\/stiftung-zewo\",\"https:\/\/www.youtube.com\/channel\/UCzjsVJro12OXcvvx1LQP8tw\",\"https:\/\/de.wikipedia.org\/wiki\/Zewo\"]}]}<\/script>\n<!-- \/ Yoast SEO Premium plugin. -->","yoast_head_json":{"title":"Zewo","description":"Les organisations d'entraide utilisent des bulletins de versement QR pour leurs appels aux dons. Tout ce qu\u2019il faut savoir pour faire un don \u00e0 l'aide d'un bulletin de versement QR.","robots":{"index":"index","follow":"follow","max-snippet":"max-snippet:-1","max-image-preview":"max-image-preview:large","max-video-preview":"max-video-preview:-1"},"canonical":"https:\/\/zewo.ch\/fr\/faire-un-don-a-laide-dun-bulletin-de-versement-qr\/","og_locale":"fr_FR","og_type":"article","og_description":"Les organisations d'entraide utilisent des bulletins de versement QR pour leurs appels aux dons. Tout ce qu\u2019il faut savoir pour faire un don \u00e0 l'aide d'un bulletin de versement QR.","og_url":"https:\/\/zewo.ch\/fr\/faire-un-don-a-laide-dun-bulletin-de-versement-qr\/","og_site_name":"Zewo","article_publisher":"https:\/\/www.facebook.com\/Stiftung.ZEWO\/","article_modified_time":"2023-11-03T16:10:21+00:00","og_image":[{"width":2200,"height":440,"url":"https:\/\/zewo.ch\/wp-content\/uploads\/2022\/01\/header-qr-rechnung-fr.jpg","type":"image\/jpeg"}],"twitter_card":"summary_large_image","twitter_site":"@stiftung_zewo","twitter_misc":{"Dur\u00e9e de lecture estim\u00e9e":"5 minutes"},"schema":{"@context":"https:\/\/schema.org","@graph":[{"@type":"WebPage","@id":"https:\/\/zewo.ch\/fr\/faire-un-don-a-laide-dun-bulletin-de-versement-qr\/#webpage","url":"https:\/\/zewo.ch\/fr\/faire-un-don-a-laide-dun-bulletin-de-versement-qr\/#webpage","name":"","isPartOf":{"@id":"https:\/\/zewo.ch\/fr\/#website"},"primaryImageOfPage":{"@id":"https:\/\/zewo.ch\/fr\/faire-un-don-a-laide-dun-bulletin-de-versement-qr\/#primaryimage"},"image":{"@id":"https:\/\/zewo.ch\/fr\/faire-un-don-a-laide-dun-bulletin-de-versement-qr\/#primaryimage"},"thumbnailUrl":"https:\/\/zewo.ch\/wp-content\/uploads\/2022\/01\/header-qr-rechnung-fr.jpg","datePublished":"2022-02-16T08:24:26+00:00","dateModified":"2023-11-03T16:10:21+00:00","description":"Les organisations d'entraide utilisent des bulletins de versement QR pour leurs appels aux dons. Tout ce qu\u2019il faut savoir pour faire un don \u00e0 l'aide d'un bulletin de versement QR.","breadcrumb":{"@id":"https:\/\/zewo.ch\/fr\/faire-un-don-a-laide-dun-bulletin-de-versement-qr\/#breadcrumb"},"inLanguage":"fr-FR","potentialAction":[{"@type":"ReadAction","target":["https:\/\/zewo.ch\/fr\/faire-un-don-a-laide-dun-bulletin-de-versement-qr\/"]}]},{"@type":"ImageObject","inLanguage":"fr-FR","@id":"https:\/\/zewo.ch\/fr\/faire-un-don-a-laide-dun-bulletin-de-versement-qr\/#primaryimage","url":"https:\/\/zewo.ch\/wp-content\/uploads\/2022\/01\/header-qr-rechnung-fr.jpg","contentUrl":"https:\/\/zewo.ch\/wp-content\/uploads\/2022\/01\/header-qr-rechnung-fr.jpg","width":2200,"height":440},{"@type":"BreadcrumbList","@id":"https:\/\/zewo.ch\/fr\/faire-un-don-a-laide-dun-bulletin-de-versement-qr\/#breadcrumb","itemListElement":[{"@type":"ListItem","position":1,"name":"Home","item":"https:\/\/zewo.ch\/fr\/"},{"@type":"ListItem","position":2,"name":"Faire un don \u00e0 l\u2019aide d&#8217;un bulletin de versement QR"}]},{"@type":"WebSite","@id":"https:\/\/zewo.ch\/fr\/#website","url":"https:\/\/zewo.ch\/fr\/","name":"Zewo","description":"Votre don en bonnes mains.","publisher":{"@id":"https:\/\/zewo.ch\/fr\/#organization"},"potentialAction":[{"@type":"SearchAction","target":{"@type":"EntryPoint","urlTemplate":"https:\/\/zewo.ch\/fr\/?s={search_term_string}"},"query-input":{"@type":"PropertyValueSpecification","valueRequired":true,"valueName":"search_term_string"}}],"inLanguage":"fr-FR"},{"@type":"Organization","@id":"https:\/\/zewo.ch\/fr\/#organization","name":"Stiftung Zewo","url":"https:\/\/zewo.ch\/fr\/","logo":{"@type":"ImageObject","inLanguage":"fr-FR","@id":"https:\/\/zewo.ch\/fr\/#\/schema\/logo\/image\/","url":"https:\/\/zewo.ch\/wp-content\/uploads\/2019\/08\/Zewo_Logo_Claim_D.svg","contentUrl":"https:\/\/zewo.ch\/wp-content\/uploads\/2019\/08\/Zewo_Logo_Claim_D.svg","width":1,"height":1,"caption":"Stiftung Zewo"},"image":{"@id":"https:\/\/zewo.ch\/fr\/#\/schema\/logo\/image\/"},"sameAs":["https:\/\/www.facebook.com\/Stiftung.ZEWO\/","https:\/\/x.com\/stiftung_zewo","https:\/\/www.linkedin.com\/company\/stiftung-zewo","https:\/\/www.youtube.com\/channel\/UCzjsVJro12OXcvvx1LQP8tw","https:\/\/de.wikipedia.org\/wiki\/Zewo"]}]}},"publishpress_future_action":{"enabled":false,"date":"2026-04-25 11:10:12","action":"change-status","newStatus":"draft","terms":[],"taxonomy":"translation_priority","extraData":[]},"publishpress_future_workflow_manual_trigger":{"enabledWorkflows":[]},"_links":{"self":[{"href":"https:\/\/zewo.ch\/fr\/wp-json\/wp\/v2\/pages\/5786736","targetHints":{"allow":["GET"]}}],"collection":[{"href":"https:\/\/zewo.ch\/fr\/wp-json\/wp\/v2\/pages"}],"about":[{"href":"https:\/\/zewo.ch\/fr\/wp-json\/wp\/v2\/types\/page"}],"author":[{"embeddable":true,"href":"https:\/\/zewo.ch\/fr\/wp-json\/wp\/v2\/users\/38"}],"replies":[{"embeddable":true,"href":"https:\/\/zewo.ch\/fr\/wp-json\/wp\/v2\/comments?post=5786736"}],"version-history":[{"count":28,"href":"https:\/\/zewo.ch\/fr\/wp-json\/wp\/v2\/pages\/5786736\/revisions"}],"predecessor-version":[{"id":5801472,"href":"https:\/\/zewo.ch\/fr\/wp-json\/wp\/v2\/pages\/5786736\/revisions\/5801472"}],"wp:featuredmedia":[{"embeddable":true,"href":"https:\/\/zewo.ch\/fr\/wp-json\/wp\/v2\/media\/5786489"}],"wp:attachment":[{"href":"https:\/\/zewo.ch\/fr\/wp-json\/wp\/v2\/media?parent=5786736"}],"wp:term":[{"taxonomy":"folder","embeddable":true,"href":"https:\/\/zewo.ch\/fr\/wp-json\/wp\/v2\/folder?post=5786736"}],"curies":[{"name":"wp","href":"https:\/\/api.w.org\/{rel}","templated":true}]}}