{"id":5779876,"date":"2021-05-06T11:35:15","date_gmt":"2021-05-06T09:35:15","guid":{"rendered":"https:\/\/zewo.ch\/?page_id=5779876"},"modified":"2024-10-15T12:01:39","modified_gmt":"2024-10-15T10:01:39","slug":"coronavirus-en-inde","status":"publish","type":"page","link":"https:\/\/zewo.ch\/fr\/coronavirus-en-inde\/","title":{"rendered":"Coronavirus en Inde"},"content":{"rendered":"\n<h2 class=\"wp-block-heading\" id=\"h-situation-d-sesp-r-e-en-inde\">Situation d\u00e9sesp\u00e9r\u00e9e en Inde<\/h2>\n\n\n\n<p><strong>5 mai 2021 Alors que la pand\u00e9mie en Inde semblait sous contr\u00f4le en f\u00e9vrier, la&nbsp;situation s\u2019est d\u00e9t\u00e9rior\u00e9e de fa\u00e7on dramatique. Le minist\u00e8re indien de la&nbsp;Sant\u00e9&nbsp;fait \u00e9tat de centaines de milliers de nouvelles infections chaque jour, et le&nbsp;syst\u00e8me de sant\u00e9 est surcharg\u00e9.<\/strong><\/p>\n\n\n\n<p>La situation en Inde est dramatique et ne&nbsp;cesse d\u2019empirer. Le nombre de cas de coronavirus augmente rapidement et de&nbsp;mani\u00e8re incontr\u00f4l\u00e9e. Les structures&nbsp;m\u00e9dicales manquent de bouteilles et de&nbsp;recharges d\u2019oxyg\u00e8ne. Elles ne peuvent pas accueillir et prendre en charge tous&nbsp;les malades. L\u2019\u00e9quipement m\u00e9dical est&nbsp;inad\u00e9quat. La population indienne d\u00e9pend&nbsp;du soutien international.<\/p>\n\n\n\n<h3 class=\"wp-block-heading\" id=\"h-avec-ces-organisations-votre-don-pour-l-inde-est-en-bonnes-mains\">Avec&nbsp;ces organisations, votre don pour l\u2019Inde est en bonnes mains<\/h3>\n\n\n\n<p>Les organisations humanitaires ci-dessous&nbsp;fournissent actuellement une aide d\u2019urgence pour faire face \u00e0 la pand\u00e9mie de coronavirus&nbsp;en Inde. Elles sont certifi\u00e9es&nbsp;par la Zewo. Ces organisations s\u2019engagent \u00e0&nbsp;utiliser efficacement vos dons et \u00e0 les d\u00e9dier \u00e0 la mission annonc\u00e9e.<\/p>\n\n\n\n<ul class=\"wp-block-cgb-block-zewo-block-links container container-columns-1\">\n<li class=\"wp-block-cgb-block-zewo-block-link ab-block-link\"><a href=\"https:\/\/www.asra.ch\" target=\"_blank\" rel=\"noopener noreferrer\" class=\"button\"><span>ASRA Foundation <\/span><span class=\"button-arrow--long\"><\/span><\/a><\/li>\n\n\n\n<li class=\"wp-block-cgb-block-zewo-block-link ab-block-link\"><a href=\"https:\/\/ecosolidar.ch\/en\/empowerment-of-women-experiencing-violence\/\" target=\"_blank\" rel=\"noopener noreferrer\" class=\"button\"><span>Eco Solidar<\/span><span class=\"button-arrow--long\"><\/span><\/a><\/li>\n\n\n\n<li class=\"wp-block-cgb-block-zewo-block-link ab-block-link\"><a href=\"https:\/\/www.fdnf.org\/asie\/\" target=\"_blank\" rel=\"noopener noreferrer\" class=\"button\"><span>Fr\u00e8res de nos Fr\u00e8res<\/span><span class=\"button-arrow--long\"><\/span><\/a><\/li>\n\n\n\n<li class=\"wp-block-cgb-block-zewo-block-link ab-block-link\"><span>Fastenopfer<\/span><span class=\"button-arrow--long\"><\/span><\/li>\n\n\n\n<li class=\"wp-block-cgb-block-zewo-block-link ab-block-link\"><a href=\"https:\/\/rehaswiss.ch\/2021\/covid-19-spendenaufruf\/\" target=\"_blank\" rel=\"noopener noreferrer\" class=\"button\"><span>Rehaswiss<\/span><span class=\"button-arrow--long\"><\/span><\/a><\/li>\n\n\n\n<li class=\"wp-block-cgb-block-zewo-block-link ab-block-link\"><a href=\"https:\/\/fr.sam-global.org\/spenden\/proequip-indien\" target=\"_blank\" rel=\"noopener noreferrer\" class=\"button\"><span>SAM global<\/span><span class=\"button-arrow--long\"><\/span><\/a><\/li>\n\n\n\n<li class=\"wp-block-cgb-block-zewo-block-link ab-block-link\"><a href=\"https:\/\/savethechildren.ch\/fr\/2021\/04\/29\/crise-du-covid-19-en-inde-la-situation-sanitaire-devient-de-plus-en-plus-incontrolable\/\" target=\"_blank\" rel=\"noopener noreferrer\" class=\"button\"><span>Save the Children<\/span><span class=\"button-arrow--long\"><\/span><\/a><\/li>\n\n\n\n<li class=\"wp-block-cgb-block-zewo-block-link ab-block-link\"><a href=\"https:\/\/usthi.ch\/en\/covid-emergency-relief\/\" target=\"_blank\" rel=\"noopener noreferrer\" class=\"button\"><span>Stiftung Usthi<\/span><span class=\"button-arrow--long\"><\/span><\/a><\/li>\n\n\n\n<li class=\"wp-block-cgb-block-zewo-block-link ab-block-link\"><a href=\"https:\/\/www.swissaid.ch\/fr\/articles\/inde-une-pandemie-hors-de-controle\/\" target=\"_blank\" rel=\"noopener noreferrer\" class=\"button\"><span>Swissaid<\/span><span class=\"button-arrow--long\"><\/span><\/a><\/li>\n\n\n\n<li class=\"wp-block-cgb-block-zewo-block-link ab-block-link\"><a href=\"https:\/\/terredeshommessuisse.ch\/inde-covid-19-generation-sacrifiee\/\" target=\"_blank\" rel=\"noopener noreferrer\" class=\"button\"><span>Terre des Hommes Suisse<\/span><span class=\"button-arrow--long\"><\/span><\/a><\/li>\n<\/ul>\n\n\n\n<div class=\"wp-block-cgb-block-zewo-block-button ab-block-button\"><a href=\"\/fr\/donner-pour-les-victimes-de-catastrophes\/\" class=\"button primary\"><span class=\"button-arrow\"><\/span>Retour \u00e0 l&rsquo;aper\u00e7u<\/a><\/div>\n\n\n\n<div class=\"wp-block-cgb-block-zewo-block-columns-container container bg-color-light-gray\"><div class=\"grid-x grid-margin-x\" data-columns=\"3\">\n<div class=\"cell small-12 medium-6\"><div class=\"wp-block-cgb-block-zewo-block-image-text-teaser ab-block-cta\"><div class=\"ab-cta-image-wrap bg-color-secondary\"><img decoding=\"async\" class=\"ab-cta-image\" src=\"https:\/\/zewo.ch\/wp-content\/uploads\/2019\/05\/ha\u0308ufige-fragen-7.png\" alt=\"H\u00e4ufige Fragen und Antworten rund ums Spenden\"\/><\/div><div class=\"ab-cta-content\"><h2 class=\"ab-cta-title\">Questions fr\u00e9quemment pos\u00e9es autour du don<\/h2><div class=\"ab-cta-text\">\n<p>Le guide de la Zewo renseigne sur le don<\/p>\n<\/div><\/div><div class=\"ab-cta-button\"><a href=\"\/fr\/questions-et-reponses\/\" target=\"_self\" rel=\"noopener noreferrer\" class=\"button primary button-teaser\"><span class=\"button-arrow\"><\/span>R\u00e9ponses autour du don<\/a><\/div><a href=\"\/fr\/questions-et-reponses\/\" target=\"_self\" rel=\"noopener noreferrer\" class=\"button-teaser--is-full\"><\/a><\/div><\/div>\n\n\n\n\n\n<div class=\"cell small-12 medium-6\"><div class=\"wp-block-cgb-block-zewo-block-image-text-teaser ab-block-cta\"><div class=\"ab-cta-image-wrap bg-color-secondary\"><img decoding=\"async\" class=\"ab-cta-image\" src=\"https:\/\/zewo.ch\/wp-content\/uploads\/2019\/08\/10-conseils.png\" alt=\"5 conseils pour donner\"\/><\/div><div class=\"ab-cta-content\"><h2 class=\"ab-cta-title\">Les 10 conseils pour donner<\/h2><div class=\"ab-cta-text\">\n<p>D\u00e8s maintenant, prendre acte des 10 principales r\u00e8gles et faire des dons efficaces.<\/p>\n<\/div><\/div><div class=\"ab-cta-button\"><a href=\"\/fr\/les-5-regles-essentielles-pour-les-dons\/\" target=\"_self\" rel=\"noopener noreferrer\" class=\"button primary button-teaser\"><span class=\"button-arrow\"><\/span>Lire d\u00e8s maintenant les conseils pour donner<\/a><\/div><a href=\"\/fr\/les-5-regles-essentielles-pour-les-dons\/\" target=\"_self\" rel=\"noopener noreferrer\" class=\"button-teaser--is-full\"><\/a><\/div><\/div>\n<\/div><\/div>\n","protected":false},"excerpt":{"rendered":"<p>Situation d\u00e9sesp\u00e9r\u00e9e en Inde 5 mai 2021 Alors que la pand\u00e9mie en Inde semblait sous contr\u00f4le en f\u00e9vrier, la&nbsp;situation s\u2019est d\u00e9t\u00e9rior\u00e9e de fa\u00e7on dramatique. Le minist\u00e8re indien de la&nbsp;Sant\u00e9&nbsp;fait \u00e9tat de centaines de milliers de nouvelles infections chaque jour, et le&nbsp;syst\u00e8me de sant\u00e9 est surcharg\u00e9. La situation en Inde est dramatique et ne&nbsp;cesse d\u2019empirer. Le [&hellip;]<\/p>\n","protected":false},"author":6,"featured_media":4499004,"parent":0,"menu_order":86,"comment_status":"closed","ping_status":"closed","template":"","meta":{"_acf_changed":false,"footnotes":""},"folder":[6643],"class_list":["post-5779876","page","type-page","status-publish","has-post-thumbnail","hentry"],"acf":[],"yoast_head":"<!-- This site is optimized with the Yoast SEO Premium plugin v27.5 (Yoast SEO v27.5) - https:\/\/yoast.com\/product\/yoast-seo-premium-wordpress\/ -->\n<title>Zewo<\/title>\n<meta name=\"description\" content=\"Alors que la pand\u00e9mie semblait sous contr\u00f4le en Inde en f\u00e9vrier, la situation s&#039;est maintenant d\u00e9t\u00e9rior\u00e9e de fa\u00e7on dramatique.\" \/>\n<meta name=\"robots\" content=\"index, follow, max-snippet:-1, max-image-preview:large, max-video-preview:-1\" \/>\n<link rel=\"canonical\" href=\"https:\/\/zewo.ch\/fr\/coronavirus-en-inde\/\" \/>\n<meta property=\"og:locale\" content=\"fr_FR\" \/>\n<meta property=\"og:type\" content=\"article\" \/>\n<meta property=\"og:description\" content=\"Alors que la pand\u00e9mie semblait sous contr\u00f4le en Inde en f\u00e9vrier, la situation s&#039;est maintenant d\u00e9t\u00e9rior\u00e9e de fa\u00e7on dramatique.\" \/>\n<meta property=\"og:url\" content=\"https:\/\/zewo.ch\/fr\/coronavirus-en-inde\/\" \/>\n<meta property=\"og:site_name\" content=\"Zewo\" \/>\n<meta property=\"article:publisher\" content=\"https:\/\/www.facebook.com\/Stiftung.ZEWO\/\" \/>\n<meta property=\"article:modified_time\" content=\"2024-10-15T10:01:39+00:00\" \/>\n<meta property=\"og:image\" content=\"https:\/\/zewo.ch\/wp-content\/uploads\/2020\/03\/header-corona.png\" \/>\n\t<meta property=\"og:image:width\" content=\"2200\" \/>\n\t<meta property=\"og:image:height\" content=\"440\" \/>\n\t<meta property=\"og:image:type\" content=\"image\/png\" \/>\n<meta name=\"twitter:card\" content=\"summary_large_image\" \/>\n<meta name=\"twitter:site\" content=\"@stiftung_zewo\" \/>\n<meta name=\"twitter:label1\" content=\"Dur\u00e9e de lecture estim\u00e9e\" \/>\n\t<meta name=\"twitter:data1\" content=\"1 minute\" \/>\n<script type=\"application\/ld+json\" class=\"yoast-schema-graph\">{\"@context\":\"https:\\\/\\\/schema.org\",\"@graph\":[{\"@type\":\"WebPage\",\"@id\":\"https:\\\/\\\/zewo.ch\\\/fr\\\/coronavirus-en-inde\\\/#webpage\",\"url\":\"https:\\\/\\\/zewo.ch\\\/fr\\\/coronavirus-en-inde\\\/#webpage\",\"name\":\"\",\"isPartOf\":{\"@id\":\"https:\\\/\\\/zewo.ch\\\/fr\\\/#website\"},\"primaryImageOfPage\":{\"@id\":\"https:\\\/\\\/zewo.ch\\\/fr\\\/coronavirus-en-inde\\\/#primaryimage\"},\"image\":{\"@id\":\"https:\\\/\\\/zewo.ch\\\/fr\\\/coronavirus-en-inde\\\/#primaryimage\"},\"thumbnailUrl\":\"https:\\\/\\\/zewo.ch\\\/wp-content\\\/uploads\\\/2020\\\/03\\\/header-corona.png\",\"datePublished\":\"2021-05-06T09:35:15+00:00\",\"dateModified\":\"2024-10-15T10:01:39+00:00\",\"description\":\"Alors que la pand\u00e9mie semblait sous contr\u00f4le en Inde en f\u00e9vrier, la situation s'est maintenant d\u00e9t\u00e9rior\u00e9e de fa\u00e7on dramatique.\",\"breadcrumb\":{\"@id\":\"https:\\\/\\\/zewo.ch\\\/fr\\\/coronavirus-en-inde\\\/#breadcrumb\"},\"inLanguage\":\"fr-FR\",\"potentialAction\":[{\"@type\":\"ReadAction\",\"target\":[\"https:\\\/\\\/zewo.ch\\\/fr\\\/coronavirus-en-inde\\\/\"]}]},{\"@type\":\"ImageObject\",\"inLanguage\":\"fr-FR\",\"@id\":\"https:\\\/\\\/zewo.ch\\\/fr\\\/coronavirus-en-inde\\\/#primaryimage\",\"url\":\"https:\\\/\\\/zewo.ch\\\/wp-content\\\/uploads\\\/2020\\\/03\\\/header-corona.png\",\"contentUrl\":\"https:\\\/\\\/zewo.ch\\\/wp-content\\\/uploads\\\/2020\\\/03\\\/header-corona.png\",\"width\":2200,\"height\":440,\"caption\":\"Coronavirus\"},{\"@type\":\"BreadcrumbList\",\"@id\":\"https:\\\/\\\/zewo.ch\\\/fr\\\/coronavirus-en-inde\\\/#breadcrumb\",\"itemListElement\":[{\"@type\":\"ListItem\",\"position\":1,\"name\":\"Home\",\"item\":\"https:\\\/\\\/zewo.ch\\\/fr\\\/\"},{\"@type\":\"ListItem\",\"position\":2,\"name\":\"Coronavirus en Inde\"}]},{\"@type\":\"WebSite\",\"@id\":\"https:\\\/\\\/zewo.ch\\\/fr\\\/#website\",\"url\":\"https:\\\/\\\/zewo.ch\\\/fr\\\/\",\"name\":\"Zewo\",\"description\":\"Votre don en bonnes mains.\",\"publisher\":{\"@id\":\"https:\\\/\\\/zewo.ch\\\/fr\\\/#organization\"},\"potentialAction\":[{\"@type\":\"SearchAction\",\"target\":{\"@type\":\"EntryPoint\",\"urlTemplate\":\"https:\\\/\\\/zewo.ch\\\/fr\\\/?s={search_term_string}\"},\"query-input\":{\"@type\":\"PropertyValueSpecification\",\"valueRequired\":true,\"valueName\":\"search_term_string\"}}],\"inLanguage\":\"fr-FR\"},{\"@type\":\"Organization\",\"@id\":\"https:\\\/\\\/zewo.ch\\\/fr\\\/#organization\",\"name\":\"Stiftung Zewo\",\"url\":\"https:\\\/\\\/zewo.ch\\\/fr\\\/\",\"logo\":{\"@type\":\"ImageObject\",\"inLanguage\":\"fr-FR\",\"@id\":\"https:\\\/\\\/zewo.ch\\\/fr\\\/#\\\/schema\\\/logo\\\/image\\\/\",\"url\":\"https:\\\/\\\/zewo.ch\\\/wp-content\\\/uploads\\\/2019\\\/08\\\/Zewo_Logo_Claim_D.svg\",\"contentUrl\":\"https:\\\/\\\/zewo.ch\\\/wp-content\\\/uploads\\\/2019\\\/08\\\/Zewo_Logo_Claim_D.svg\",\"width\":1,\"height\":1,\"caption\":\"Stiftung Zewo\"},\"image\":{\"@id\":\"https:\\\/\\\/zewo.ch\\\/fr\\\/#\\\/schema\\\/logo\\\/image\\\/\"},\"sameAs\":[\"https:\\\/\\\/www.facebook.com\\\/Stiftung.ZEWO\\\/\",\"https:\\\/\\\/x.com\\\/stiftung_zewo\",\"https:\\\/\\\/www.linkedin.com\\\/company\\\/stiftung-zewo\",\"https:\\\/\\\/www.youtube.com\\\/channel\\\/UCzjsVJro12OXcvvx1LQP8tw\",\"https:\\\/\\\/de.wikipedia.org\\\/wiki\\\/Zewo\"]}]}<\/script>\n<!-- \/ Yoast SEO Premium plugin. -->","yoast_head_json":{"title":"Zewo","description":"Alors que la pand\u00e9mie semblait sous contr\u00f4le en Inde en f\u00e9vrier, la situation s'est maintenant d\u00e9t\u00e9rior\u00e9e de fa\u00e7on dramatique.","robots":{"index":"index","follow":"follow","max-snippet":"max-snippet:-1","max-image-preview":"max-image-preview:large","max-video-preview":"max-video-preview:-1"},"canonical":"https:\/\/zewo.ch\/fr\/coronavirus-en-inde\/","og_locale":"fr_FR","og_type":"article","og_description":"Alors que la pand\u00e9mie semblait sous contr\u00f4le en Inde en f\u00e9vrier, la situation s'est maintenant d\u00e9t\u00e9rior\u00e9e de fa\u00e7on dramatique.","og_url":"https:\/\/zewo.ch\/fr\/coronavirus-en-inde\/","og_site_name":"Zewo","article_publisher":"https:\/\/www.facebook.com\/Stiftung.ZEWO\/","article_modified_time":"2024-10-15T10:01:39+00:00","og_image":[{"width":2200,"height":440,"url":"https:\/\/zewo.ch\/wp-content\/uploads\/2020\/03\/header-corona.png","type":"image\/png"}],"twitter_card":"summary_large_image","twitter_site":"@stiftung_zewo","twitter_misc":{"Dur\u00e9e de lecture estim\u00e9e":"1 minute"},"schema":{"@context":"https:\/\/schema.org","@graph":[{"@type":"WebPage","@id":"https:\/\/zewo.ch\/fr\/coronavirus-en-inde\/#webpage","url":"https:\/\/zewo.ch\/fr\/coronavirus-en-inde\/#webpage","name":"","isPartOf":{"@id":"https:\/\/zewo.ch\/fr\/#website"},"primaryImageOfPage":{"@id":"https:\/\/zewo.ch\/fr\/coronavirus-en-inde\/#primaryimage"},"image":{"@id":"https:\/\/zewo.ch\/fr\/coronavirus-en-inde\/#primaryimage"},"thumbnailUrl":"https:\/\/zewo.ch\/wp-content\/uploads\/2020\/03\/header-corona.png","datePublished":"2021-05-06T09:35:15+00:00","dateModified":"2024-10-15T10:01:39+00:00","description":"Alors que la pand\u00e9mie semblait sous contr\u00f4le en Inde en f\u00e9vrier, la situation s'est maintenant d\u00e9t\u00e9rior\u00e9e de fa\u00e7on dramatique.","breadcrumb":{"@id":"https:\/\/zewo.ch\/fr\/coronavirus-en-inde\/#breadcrumb"},"inLanguage":"fr-FR","potentialAction":[{"@type":"ReadAction","target":["https:\/\/zewo.ch\/fr\/coronavirus-en-inde\/"]}]},{"@type":"ImageObject","inLanguage":"fr-FR","@id":"https:\/\/zewo.ch\/fr\/coronavirus-en-inde\/#primaryimage","url":"https:\/\/zewo.ch\/wp-content\/uploads\/2020\/03\/header-corona.png","contentUrl":"https:\/\/zewo.ch\/wp-content\/uploads\/2020\/03\/header-corona.png","width":2200,"height":440,"caption":"Coronavirus"},{"@type":"BreadcrumbList","@id":"https:\/\/zewo.ch\/fr\/coronavirus-en-inde\/#breadcrumb","itemListElement":[{"@type":"ListItem","position":1,"name":"Home","item":"https:\/\/zewo.ch\/fr\/"},{"@type":"ListItem","position":2,"name":"Coronavirus en Inde"}]},{"@type":"WebSite","@id":"https:\/\/zewo.ch\/fr\/#website","url":"https:\/\/zewo.ch\/fr\/","name":"Zewo","description":"Votre don en bonnes mains.","publisher":{"@id":"https:\/\/zewo.ch\/fr\/#organization"},"potentialAction":[{"@type":"SearchAction","target":{"@type":"EntryPoint","urlTemplate":"https:\/\/zewo.ch\/fr\/?s={search_term_string}"},"query-input":{"@type":"PropertyValueSpecification","valueRequired":true,"valueName":"search_term_string"}}],"inLanguage":"fr-FR"},{"@type":"Organization","@id":"https:\/\/zewo.ch\/fr\/#organization","name":"Stiftung Zewo","url":"https:\/\/zewo.ch\/fr\/","logo":{"@type":"ImageObject","inLanguage":"fr-FR","@id":"https:\/\/zewo.ch\/fr\/#\/schema\/logo\/image\/","url":"https:\/\/zewo.ch\/wp-content\/uploads\/2019\/08\/Zewo_Logo_Claim_D.svg","contentUrl":"https:\/\/zewo.ch\/wp-content\/uploads\/2019\/08\/Zewo_Logo_Claim_D.svg","width":1,"height":1,"caption":"Stiftung Zewo"},"image":{"@id":"https:\/\/zewo.ch\/fr\/#\/schema\/logo\/image\/"},"sameAs":["https:\/\/www.facebook.com\/Stiftung.ZEWO\/","https:\/\/x.com\/stiftung_zewo","https:\/\/www.linkedin.com\/company\/stiftung-zewo","https:\/\/www.youtube.com\/channel\/UCzjsVJro12OXcvvx1LQP8tw","https:\/\/de.wikipedia.org\/wiki\/Zewo"]}]}},"publishpress_future_action":{"enabled":false,"date":"2026-05-08 08:42:18","action":"change-status","newStatus":"draft","terms":[],"taxonomy":"translation_priority","extraData":[]},"publishpress_future_workflow_manual_trigger":{"enabledWorkflows":[]},"_links":{"self":[{"href":"https:\/\/zewo.ch\/fr\/wp-json\/wp\/v2\/pages\/5779876","targetHints":{"allow":["GET"]}}],"collection":[{"href":"https:\/\/zewo.ch\/fr\/wp-json\/wp\/v2\/pages"}],"about":[{"href":"https:\/\/zewo.ch\/fr\/wp-json\/wp\/v2\/types\/page"}],"author":[{"embeddable":true,"href":"https:\/\/zewo.ch\/fr\/wp-json\/wp\/v2\/users\/6"}],"replies":[{"embeddable":true,"href":"https:\/\/zewo.ch\/fr\/wp-json\/wp\/v2\/comments?post=5779876"}],"version-history":[{"count":26,"href":"https:\/\/zewo.ch\/fr\/wp-json\/wp\/v2\/pages\/5779876\/revisions"}],"predecessor-version":[{"id":5923243,"href":"https:\/\/zewo.ch\/fr\/wp-json\/wp\/v2\/pages\/5779876\/revisions\/5923243"}],"wp:featuredmedia":[{"embeddable":true,"href":"https:\/\/zewo.ch\/fr\/wp-json\/wp\/v2\/media\/4499004"}],"wp:attachment":[{"href":"https:\/\/zewo.ch\/fr\/wp-json\/wp\/v2\/media?parent=5779876"}],"wp:term":[{"taxonomy":"folder","embeddable":true,"href":"https:\/\/zewo.ch\/fr\/wp-json\/wp\/v2\/folder?post=5779876"}],"curies":[{"name":"wp","href":"https:\/\/api.w.org\/{rel}","templated":true}]}}