{"id":512341,"date":"2019-10-01T16:03:54","date_gmt":"2019-10-01T14:03:54","guid":{"rendered":"https:\/\/www.zewo.ch\/?page_id=512341"},"modified":"2024-03-27T15:29:21","modified_gmt":"2024-03-27T14:29:21","slug":"vous-pouvez-faire-confiance-au-label-de-qualite-zewo","status":"publish","type":"page","link":"https:\/\/zewo.ch\/fr\/","title":{"rendered":"Transparence des dons: label de qualit\u00e9 Zewo pour les organisations d&rsquo;entraide"},"content":{"rendered":"\n<h2 class=\"wp-block-heading\">Votre don en bonnes mains <\/h2>\n\n\n\n<p>Lorsque vous faites un don \u00e0 une organisation d\u2019utilit\u00e9 publique, v\u00e9rifiez si elle poss\u00e8de le <a href=\"\/fr\/label-de-qualite\/\">label de qualit\u00e9 Zewo<\/a>. Il distingue les organisations \u00e0 but non lucratif (OBNL) qui respectent les <a href=\"\/fr\/apercu-des-21-normes-zewo-condense-et-clair\/\">21 normes<\/a> Zewo. La Zewo <a href=\"\/fr\/comment-parvenir-au-label-de-qualite-zewo\/\">audite et contr\u00f4le<\/a>&nbsp;r\u00e9guli\u00e8rement ces OBNL. Les donatrices et donateurs ont ainsi l\u2019assurance que leur don \u00e0 une <a href=\"\/fr\/npo-recherche\/\">OBNL certifi\u00e9e<\/a> est entre de bonnes mains.<\/p>\n\n\n\n<div class=\"wp-block-cgb-block-zewo-block-wrapper ab-block-wrapper\">\n<div class=\"wp-block-cgb-block-zewo-block-button ab-block-button\"><a href=\"https:\/\/zewo.ch\/fr\/dons\/\" class=\"button primary\"><span class=\"button-arrow\"><\/span>Je suis un(e) donatrice\/donateur<\/a><\/div>\n\n\n\n<div class=\"wp-block-cgb-block-zewo-block-button ab-block-button\"><a href=\"https:\/\/zewo.ch\/fr\/npo\/\" class=\"button primary\"><span class=\"button-arrow\"><\/span>Je repr\u00e9sente une OBNL<\/a><\/div>\n<\/div>\n\n\n\n<div class=\"wp-block-cgb-block-zewo-block-columns-container container bg-color-light-gray\"><div class=\"grid-x grid-margin-x\" data-columns=\"3\">\n\n\n<div class=\"cell small-12 medium-6\"><div class=\"wp-block-cgb-block-zewo-block-image-text-teaser ab-block-cta\"><div class=\"ab-cta-image-wrap bg-color-secondary\"><img decoding=\"async\" class=\"ab-cta-image\" src=\"https:\/\/zewo.ch\/wp-content\/uploads\/2019\/10\/spenden-bei-katastrophen.jpg\" alt=\"Spenden bei Katastrophen\"\/><\/div><div class=\"ab-cta-content\"><h2 class=\"ab-cta-title\">Aide en cas de catastrophe<\/h2><div class=\"ab-cta-text\">\n<p>Les&nbsp;temp\u00eates, les tremblements de terre, les guerres et les s\u00e9cheresses plongent&nbsp;les populations dans la d\u00e9tresse. En effectuant un don, vous aidez les enfants,&nbsp;les&nbsp;femmes et les hommes touch\u00e9s. Voici un aper\u00e7u des catastrophes pour&nbsp;lesquelles des OBNL certifi\u00e9es font actuellement appel aux dons.<\/p>\n<\/div><\/div><div class=\"ab-cta-button\"><a href=\"\/fr\/donner-pour-les-victimes-de-catastrophes\/\" target=\"_self\" rel=\"noopener noreferrer\" class=\"button primary button-teaser\"><span class=\"button-arrow\"><\/span>Aper\u00e7u des catastrophes <\/a><\/div><a href=\"\/fr\/donner-pour-les-victimes-de-catastrophes\/\" target=\"_self\" rel=\"noopener noreferrer\" class=\"button-teaser--is-full\"><\/a><\/div><\/div>\n\n\n\n<div class=\"cell small-12 medium-6\"><div class=\"wp-block-cgb-block-zewo-block-image-text-teaser ab-block-cta\"><div class=\"ab-cta-image-wrap bg-color-secondary\"><img decoding=\"async\" class=\"ab-cta-image\" src=\"https:\/\/zewo.ch\/wp-content\/uploads\/2019\/10\/National-Sammlungen.jpg\" alt=\"Nationale Sammlungen\"\/><\/div><div class=\"ab-cta-content\"><h2 class=\"ab-cta-title\">Qui organise une collecte cette\u00a0semaine?<\/h2><div class=\"ab-cta-text\">\n<p>La&nbsp;Zewo coordonne dans un calendrier les collectes de dons organis\u00e9es par les OBNL&nbsp;\u00e0 travers la Suisse. D\u00e9couvrez quelles OBNL certifi\u00e9es recueillent des fonds en&nbsp;ce&nbsp;moment.<\/p>\n<\/div><\/div><div class=\"ab-cta-button\"><a href=\"\/fr\/collectes-nationales-actuelles\/\" target=\"_self\" rel=\"noopener noreferrer\" class=\"button primary button-teaser\"><span class=\"button-arrow\"><\/span>Collectes nationales en\u00a0cours<\/a><\/div><a href=\"\/fr\/collectes-nationales-actuelles\/\" target=\"_self\" rel=\"noopener noreferrer\" class=\"button-teaser--is-full\"><\/a><\/div><\/div>\n\n\n\n<div class=\"cell small-12 medium-6\"><div class=\"wp-block-cgb-block-zewo-block-image-teaser ab-block-cta bg-color-secondary\"><div class=\"ab-cta-image-wrap bg-color-secondary\"><img decoding=\"async\" class=\"ab-cta-image\" src=\"https:\/\/zewo.ch\/wp-content\/uploads\/2019\/10\/frau-am-bildschirm-1.png\" alt=\"Finden Sie heraus, ob sich Ihre NPO pr\u00fcfen lassen kann.\"\/><\/div><div class=\"ab-cta-content\"><h2 class=\"ab-cta-title\">D\u00e9terminez si votre OBNL peut\u00a0solliciter un examen.<\/h2><\/div><div class=\"ab-cta-button\"><a href=\"\/fr\/comment-parvenir-au-label-de-qualite-zewo\/autotest\/\" target=\"_self\" rel=\"noopener noreferrer\" class=\"button primary button-teaser\"><span class=\"button-arrow\"><\/span>Faire l\u2019autotest<\/a><\/div><a href=\"\/fr\/comment-parvenir-au-label-de-qualite-zewo\/autotest\/\" target=\"_self\" rel=\"noopener noreferrer\" class=\"button-teaser--is-full\"><\/a><\/div><\/div>\n\n\n\n<div class=\"cell small-12 medium-6\"><div class=\"wp-block-cgb-block-zewo-block-image-teaser ab-block-cta bg-color-secondary\"><div class=\"ab-cta-image-wrap bg-color-secondary\"><img decoding=\"async\" class=\"ab-cta-image\" src=\"https:\/\/zewo.ch\/wp-content\/uploads\/2019\/05\/21-zewo-standards-1.png\" alt=\"Die 21 Zewo-Standards f\u00fcr Spenden sammelnde NPO\"\/><\/div><div class=\"ab-cta-content\"><h2 class=\"ab-cta-title\">Les 21 normes Zewo<\/h2><\/div><div class=\"ab-cta-button\"><a href=\"\/fr\/apercu-des-21-normes-zewo-condense-et-clair\/\" target=\"_self\" rel=\"noopener noreferrer\" class=\"button primary button-teaser\"><span class=\"button-arrow\"><\/span>En savoir plus<\/a><\/div><a href=\"\/fr\/apercu-des-21-normes-zewo-condense-et-clair\/\" target=\"_self\" rel=\"noopener noreferrer\" class=\"button-teaser--is-full\"><\/a><\/div><\/div>\n\n\n\n<div class=\"wp-block-cgb-block-zewo-block-columns-container container bg-color-light-gray\"><div class=\"grid-x grid-margin-x\" data-columns=\"2\"><\/div><\/div>\n\n\n\n<div class=\"cell small-12 medium-6\"><div class=\"wp-block-cgb-block-zewo-block-image-teaser ab-block-cta bg-color-secondary\"><div class=\"ab-cta-image-wrap bg-color-secondary\"><img decoding=\"async\" class=\"ab-cta-image\" src=\"https:\/\/zewo.ch\/wp-content\/uploads\/2019\/10\/pruefung-beantragen-1.png\" alt=\"Pr\u00fcfung beantragen\"\/><\/div><div class=\"ab-cta-content\"><h2 class=\"ab-cta-title\">Comment obtenir le label de\u00a0qualit\u00e9 Zewo?<\/h2><\/div><div class=\"ab-cta-button\"><a href=\"\/fr\/comment-parvenir-au-label-de-qualite-zewo\/demander-un-examen-complet\/\" target=\"_self\" rel=\"noopener noreferrer\" class=\"button primary button-teaser\"><span class=\"button-arrow\"><\/span>Demander\u00a0un examen <\/a><\/div><a href=\"\/fr\/comment-parvenir-au-label-de-qualite-zewo\/demander-un-examen-complet\/\" target=\"_self\" rel=\"noopener noreferrer\" class=\"button-teaser--is-full\"><\/a><\/div><\/div>\n<\/div><\/div>\n\n\n\n<h2 class=\"wp-block-heading\">Actualit\u00e9s pour les OBNL<\/h2>\n\n\n<div class=\"wp-block-cgb-block-zewo-block-columns-container container bg-color-light-gray margin-top-3 margin-bottom-2 wp-block--latest-posts\"><div class=\"grid-x grid-margin-x\"><div class=\"cell small-12 medium-6 large-4\"><div class=\"wp-block-cgb-block-zewo-block-image-text-teaser ab-block-cta\"><div class=\"ab-cta-image-wrap bg-color-secondary\"><img loading=\"lazy\" decoding=\"async\" width=\"600\" height=\"400\" src=\"https:\/\/zewo.ch\/wp-content\/uploads\/2026\/05\/Jahresbericht_2025_Newsletter_FR.png\" class=\"alm-thumbnail ab-cta-image wp-post-image\" alt=\"Image Rapport annuel Zewo 2025\" srcset=\"https:\/\/zewo.ch\/wp-content\/uploads\/2026\/05\/Jahresbericht_2025_Newsletter_FR.png 600w, https:\/\/zewo.ch\/wp-content\/uploads\/2026\/05\/Jahresbericht_2025_Newsletter_FR-300x200.png 300w\" sizes=\"auto, (min-width: 960px) 75vw, 100vw\" \/><\/div><div class=\"ab-cta-content\"><h2 class=\"ab-cta-title\">Rapport annuel 2025<\/h2><div class=\"ab-cta-text\">Le rapport annuel 2024 de la Zewo est paru ! Les derniers chiffres, donn\u00e9es et faits sur les activit\u00e9s de la fondation Zewo. \u00c0 lire d\u00e8s maintenant en ligne ou \u00e0 t\u00e9l\u00e9charger au format PDF.<\/div><\/div><div class=\"ab-cta-button\"><a href=\"https:\/\/zewo.ch\/fr\/news-rapport-annuel-2025\/\" target=\"_self\" rel=\"noopener noreferrer\" class=\"button primary button-teaser\"><span class=\"button-arrow\"><\/span>En savoir plus<\/a><span class=\"entry-meta\">12.5.26<\/span><\/div><a href=\"https:\/\/zewo.ch\/fr\/news-rapport-annuel-2025\/\" target=\"_self\" rel=\"noopener noreferrer\" class=\"button-teaser--is-full\"><\/a><\/div><\/div><div class=\"cell small-12 medium-6 large-4\"><div class=\"wp-block-cgb-block-zewo-block-image-text-teaser ab-block-cta\"><div class=\"ab-cta-image-wrap bg-color-secondary\"><img loading=\"lazy\" decoding=\"async\" width=\"600\" height=\"400\" src=\"https:\/\/zewo.ch\/wp-content\/uploads\/2026\/04\/Spendenmagazin_2026_Newsletter_DuF.png\" class=\"alm-thumbnail ab-cta-image wp-post-image\" alt=\"\" srcset=\"https:\/\/zewo.ch\/wp-content\/uploads\/2026\/04\/Spendenmagazin_2026_Newsletter_DuF.png 600w, https:\/\/zewo.ch\/wp-content\/uploads\/2026\/04\/Spendenmagazin_2026_Newsletter_DuF-300x200.png 300w\" sizes=\"auto, (min-width: 960px) 75vw, 100vw\" \/><\/div><div class=\"ab-cta-content\"><h2 class=\"ab-cta-title\">R\u00e9servez d\u00e8s maintenant votre annonce dans le magazine du don 2026<\/h2><div class=\"ab-cta-text\">Assurez-vous une forte pr\u00e9sence lors de la plus importante saison des dons de l&rsquo;ann\u00e9e en publiant une annonce dans le magazine du don 2026.<\/div><\/div><div class=\"ab-cta-button\"><a href=\"https:\/\/zewo.ch\/fr\/news-reservez-des-maintenant-votre-annonce-dans-le-magazine-du-don-2026\/\" target=\"_self\" rel=\"noopener noreferrer\" class=\"button primary button-teaser\"><span class=\"button-arrow\"><\/span>En savoir plus<\/a><span class=\"entry-meta\">7.5.26<\/span><\/div><a href=\"https:\/\/zewo.ch\/fr\/news-reservez-des-maintenant-votre-annonce-dans-le-magazine-du-don-2026\/\" target=\"_self\" rel=\"noopener noreferrer\" class=\"button-teaser--is-full\"><\/a><\/div><\/div><div class=\"cell small-12 medium-6 large-4\"><div class=\"wp-block-cgb-block-zewo-block-image-text-teaser ab-block-cta\"><div class=\"ab-cta-image-wrap bg-color-secondary\"><img loading=\"lazy\" decoding=\"async\" width=\"600\" height=\"400\" src=\"https:\/\/zewo.ch\/wp-content\/uploads\/2026\/04\/Spendenprognose_2025_F.png\" class=\"alm-thumbnail ab-cta-image wp-post-image\" alt=\"\" srcset=\"https:\/\/zewo.ch\/wp-content\/uploads\/2026\/04\/Spendenprognose_2025_F.png 600w, https:\/\/zewo.ch\/wp-content\/uploads\/2026\/04\/Spendenprognose_2025_F-300x200.png 300w\" sizes=\"auto, (min-width: 960px) 75vw, 100vw\" \/><\/div><div class=\"ab-cta-content\"><h2 class=\"ab-cta-title\">Pr\u00e9visions des dons 2025 : volume de dons stable \u2013 contexte en mutation<\/h2><div class=\"ab-cta-text\">Les dons en Suisse se maintiennent \u00e0 un niveau \u00e9lev\u00e9. Pour 2025, les pr\u00e9visions de la Zewo tablent sur un total d\u2019environ 2,3 milliards de francs, soit l\u00e9g\u00e8rement plus que l\u2019ann\u00e9e pr\u00e9c\u00e9dente. Dans le m\u00eame temps, la composition des dons \u00e9volue : alors que les contributions des m\u00e9nages priv\u00e9s et les legs reculent l\u00e9g\u00e8rement, les dons institutionnels augmentent nettement.<\/div><\/div><div class=\"ab-cta-button\"><a href=\"https:\/\/zewo.ch\/fr\/news-previsions-des-dons-2025-volume-de-dons-stable-contexte-en-mutation\/\" target=\"_self\" rel=\"noopener noreferrer\" class=\"button primary button-teaser\"><span class=\"button-arrow\"><\/span>En savoir plus<\/a><span class=\"entry-meta\">7.4.26<\/span><\/div><a href=\"https:\/\/zewo.ch\/fr\/news-previsions-des-dons-2025-volume-de-dons-stable-contexte-en-mutation\/\" target=\"_self\" rel=\"noopener noreferrer\" class=\"button-teaser--is-full\"><\/a><\/div><\/div><\/div><\/div>\n\n\n<div class=\"wp-block-cgb-block-zewo-block-wrapper ab-block-wrapper\">\n<div style=\"text-align:center\" class=\"wp-block-cgb-block-zewo-block-button alignwide ab-block-button\"><a href=\"\/fr\/zewo-blog\/\" class=\"button primary\"><span class=\"button-arrow\"><\/span>Plus d\u2019articles<\/a><\/div>\n<\/div>\n","protected":false},"excerpt":{"rendered":"<p>Votre don en bonnes mains Lorsque vous faites un don \u00e0 une organisation d\u2019utilit\u00e9 publique, v\u00e9rifiez si elle poss\u00e8de le label de qualit\u00e9 Zewo. Il distingue les organisations \u00e0 but non lucratif (OBNL) qui respectent les 21 normes Zewo. La Zewo audite et contr\u00f4le&nbsp;r\u00e9guli\u00e8rement ces OBNL. Les donatrices et donateurs ont ainsi l\u2019assurance que leur [&hellip;]<\/p>\n","protected":false},"author":38,"featured_media":512705,"parent":0,"menu_order":5,"comment_status":"closed","ping_status":"closed","template":"front-page.php","meta":{"_acf_changed":false,"footnotes":""},"folder":[6643],"class_list":["post-512341","page","type-page","status-publish","has-post-thumbnail","hentry"],"acf":[],"yoast_head":"<!-- This site is optimized with the Yoast SEO Premium plugin v27.5 (Yoast SEO v27.5) - https:\/\/yoast.com\/product\/yoast-seo-premium-wordpress\/ -->\n<title>Zewo<\/title>\n<meta name=\"description\" content=\"Lors de vos dons, faites attention au label de qualit\u00e9 Zewo. Il distingue les organisations qui remplissent les 21 normes de la Zewo.\" \/>\n<meta name=\"robots\" content=\"index, follow, max-snippet:-1, max-image-preview:large, max-video-preview:-1\" \/>\n<link rel=\"canonical\" href=\"https:\/\/zewo.ch\/fr\/\" \/>\n<meta property=\"og:locale\" content=\"fr_FR\" \/>\n<meta property=\"og:type\" content=\"article\" \/>\n<meta property=\"og:description\" content=\"Lors de vos dons, faites attention au label de qualit\u00e9 Zewo. Il distingue les organisations qui remplissent les 21 normes de la Zewo.\" \/>\n<meta property=\"og:url\" content=\"https:\/\/zewo.ch\/fr\/\" \/>\n<meta property=\"og:site_name\" content=\"Zewo\" \/>\n<meta property=\"article:publisher\" content=\"https:\/\/www.facebook.com\/Stiftung.ZEWO\/\" \/>\n<meta property=\"article:modified_time\" content=\"2024-03-27T14:29:21+00:00\" \/>\n<meta property=\"og:image\" content=\"https:\/\/zewo.ch\/wp-content\/uploads\/2019\/10\/Zewo-Hauptbild-2400x1600.jpg\" \/>\n\t<meta property=\"og:image:width\" content=\"2400\" \/>\n\t<meta property=\"og:image:height\" content=\"1600\" \/>\n\t<meta property=\"og:image:type\" content=\"image\/jpeg\" \/>\n<meta name=\"twitter:card\" content=\"summary_large_image\" \/>\n<meta name=\"twitter:site\" content=\"@stiftung_zewo\" \/>\n<meta name=\"twitter:label1\" content=\"Dur\u00e9e de lecture estim\u00e9e\" \/>\n\t<meta name=\"twitter:data1\" content=\"4 minutes\" \/>\n<script type=\"application\/ld+json\" class=\"yoast-schema-graph\">{\"@context\":\"https:\\\/\\\/schema.org\",\"@graph\":[{\"@type\":\"WebPage\",\"@id\":\"https:\\\/\\\/zewo.ch\\\/fr\\\/#webpage\",\"url\":\"https:\\\/\\\/zewo.ch\\\/fr\\\/#webpage\",\"name\":\"\",\"isPartOf\":{\"@id\":\"https:\\\/\\\/zewo.ch\\\/fr\\\/#website\"},\"primaryImageOfPage\":{\"@id\":\"https:\\\/\\\/zewo.ch\\\/fr\\\/#primaryimage\"},\"image\":{\"@id\":\"https:\\\/\\\/zewo.ch\\\/fr\\\/#primaryimage\"},\"thumbnailUrl\":\"https:\\\/\\\/zewo.ch\\\/wp-content\\\/uploads\\\/2019\\\/10\\\/Zewo-Hauptbild-2400x1600.jpg\",\"datePublished\":\"2019-10-01T14:03:54+00:00\",\"dateModified\":\"2024-03-27T14:29:21+00:00\",\"description\":\"Lors de vos dons, faites attention au label de qualit\u00e9 Zewo. Il distingue les organisations qui remplissent les 21 normes de la Zewo.\",\"breadcrumb\":{\"@id\":\"https:\\\/\\\/zewo.ch\\\/fr\\\/#breadcrumb\"},\"inLanguage\":\"fr-FR\",\"potentialAction\":[{\"@type\":\"ReadAction\",\"target\":[\"https:\\\/\\\/zewo.ch\\\/fr\\\/\"]}]},{\"@type\":\"ImageObject\",\"inLanguage\":\"fr-FR\",\"@id\":\"https:\\\/\\\/zewo.ch\\\/fr\\\/#primaryimage\",\"url\":\"https:\\\/\\\/zewo.ch\\\/wp-content\\\/uploads\\\/2019\\\/10\\\/Zewo-Hauptbild-2400x1600.jpg\",\"contentUrl\":\"https:\\\/\\\/zewo.ch\\\/wp-content\\\/uploads\\\/2019\\\/10\\\/Zewo-Hauptbild-2400x1600.jpg\",\"width\":2400,\"height\":1600,\"caption\":\"Hauptbild Zewo Website\"},{\"@type\":\"BreadcrumbList\",\"@id\":\"https:\\\/\\\/zewo.ch\\\/fr\\\/#breadcrumb\",\"itemListElement\":[{\"@type\":\"ListItem\",\"position\":1,\"name\":\"Home\",\"item\":\"https:\\\/\\\/zewo.ch\\\/fr\\\/\"},{\"@type\":\"ListItem\",\"position\":2,\"name\":\"Transparence des dons: label de qualit\u00e9 Zewo pour les organisations d&#8217;entraide\"}]},{\"@type\":\"WebSite\",\"@id\":\"https:\\\/\\\/zewo.ch\\\/fr\\\/#website\",\"url\":\"https:\\\/\\\/zewo.ch\\\/fr\\\/\",\"name\":\"Zewo\",\"description\":\"Votre don en bonnes mains.\",\"publisher\":{\"@id\":\"https:\\\/\\\/zewo.ch\\\/fr\\\/#organization\"},\"potentialAction\":[{\"@type\":\"SearchAction\",\"target\":{\"@type\":\"EntryPoint\",\"urlTemplate\":\"https:\\\/\\\/zewo.ch\\\/fr\\\/?s={search_term_string}\"},\"query-input\":{\"@type\":\"PropertyValueSpecification\",\"valueRequired\":true,\"valueName\":\"search_term_string\"}}],\"inLanguage\":\"fr-FR\"},{\"@type\":\"Organization\",\"@id\":\"https:\\\/\\\/zewo.ch\\\/fr\\\/#organization\",\"name\":\"Stiftung Zewo\",\"url\":\"https:\\\/\\\/zewo.ch\\\/fr\\\/\",\"logo\":{\"@type\":\"ImageObject\",\"inLanguage\":\"fr-FR\",\"@id\":\"https:\\\/\\\/zewo.ch\\\/fr\\\/#\\\/schema\\\/logo\\\/image\\\/\",\"url\":\"https:\\\/\\\/zewo.ch\\\/wp-content\\\/uploads\\\/2019\\\/08\\\/Zewo_Logo_Claim_D.svg\",\"contentUrl\":\"https:\\\/\\\/zewo.ch\\\/wp-content\\\/uploads\\\/2019\\\/08\\\/Zewo_Logo_Claim_D.svg\",\"width\":1,\"height\":1,\"caption\":\"Stiftung Zewo\"},\"image\":{\"@id\":\"https:\\\/\\\/zewo.ch\\\/fr\\\/#\\\/schema\\\/logo\\\/image\\\/\"},\"sameAs\":[\"https:\\\/\\\/www.facebook.com\\\/Stiftung.ZEWO\\\/\",\"https:\\\/\\\/x.com\\\/stiftung_zewo\",\"https:\\\/\\\/www.linkedin.com\\\/company\\\/stiftung-zewo\",\"https:\\\/\\\/www.youtube.com\\\/channel\\\/UCzjsVJro12OXcvvx1LQP8tw\",\"https:\\\/\\\/de.wikipedia.org\\\/wiki\\\/Zewo\"]}]}<\/script>\n<!-- \/ Yoast SEO Premium plugin. -->","yoast_head_json":{"title":"Zewo","description":"Lors de vos dons, faites attention au label de qualit\u00e9 Zewo. Il distingue les organisations qui remplissent les 21 normes de la Zewo.","robots":{"index":"index","follow":"follow","max-snippet":"max-snippet:-1","max-image-preview":"max-image-preview:large","max-video-preview":"max-video-preview:-1"},"canonical":"https:\/\/zewo.ch\/fr\/","og_locale":"fr_FR","og_type":"article","og_description":"Lors de vos dons, faites attention au label de qualit\u00e9 Zewo. Il distingue les organisations qui remplissent les 21 normes de la Zewo.","og_url":"https:\/\/zewo.ch\/fr\/","og_site_name":"Zewo","article_publisher":"https:\/\/www.facebook.com\/Stiftung.ZEWO\/","article_modified_time":"2024-03-27T14:29:21+00:00","og_image":[{"width":2400,"height":1600,"url":"https:\/\/zewo.ch\/wp-content\/uploads\/2019\/10\/Zewo-Hauptbild-2400x1600.jpg","type":"image\/jpeg"}],"twitter_card":"summary_large_image","twitter_site":"@stiftung_zewo","twitter_misc":{"Dur\u00e9e de lecture estim\u00e9e":"4 minutes"},"schema":{"@context":"https:\/\/schema.org","@graph":[{"@type":"WebPage","@id":"https:\/\/zewo.ch\/fr\/#webpage","url":"https:\/\/zewo.ch\/fr\/#webpage","name":"","isPartOf":{"@id":"https:\/\/zewo.ch\/fr\/#website"},"primaryImageOfPage":{"@id":"https:\/\/zewo.ch\/fr\/#primaryimage"},"image":{"@id":"https:\/\/zewo.ch\/fr\/#primaryimage"},"thumbnailUrl":"https:\/\/zewo.ch\/wp-content\/uploads\/2019\/10\/Zewo-Hauptbild-2400x1600.jpg","datePublished":"2019-10-01T14:03:54+00:00","dateModified":"2024-03-27T14:29:21+00:00","description":"Lors de vos dons, faites attention au label de qualit\u00e9 Zewo. Il distingue les organisations qui remplissent les 21 normes de la Zewo.","breadcrumb":{"@id":"https:\/\/zewo.ch\/fr\/#breadcrumb"},"inLanguage":"fr-FR","potentialAction":[{"@type":"ReadAction","target":["https:\/\/zewo.ch\/fr\/"]}]},{"@type":"ImageObject","inLanguage":"fr-FR","@id":"https:\/\/zewo.ch\/fr\/#primaryimage","url":"https:\/\/zewo.ch\/wp-content\/uploads\/2019\/10\/Zewo-Hauptbild-2400x1600.jpg","contentUrl":"https:\/\/zewo.ch\/wp-content\/uploads\/2019\/10\/Zewo-Hauptbild-2400x1600.jpg","width":2400,"height":1600,"caption":"Hauptbild Zewo Website"},{"@type":"BreadcrumbList","@id":"https:\/\/zewo.ch\/fr\/#breadcrumb","itemListElement":[{"@type":"ListItem","position":1,"name":"Home","item":"https:\/\/zewo.ch\/fr\/"},{"@type":"ListItem","position":2,"name":"Transparence des dons: label de qualit\u00e9 Zewo pour les organisations d&#8217;entraide"}]},{"@type":"WebSite","@id":"https:\/\/zewo.ch\/fr\/#website","url":"https:\/\/zewo.ch\/fr\/","name":"Zewo","description":"Votre don en bonnes mains.","publisher":{"@id":"https:\/\/zewo.ch\/fr\/#organization"},"potentialAction":[{"@type":"SearchAction","target":{"@type":"EntryPoint","urlTemplate":"https:\/\/zewo.ch\/fr\/?s={search_term_string}"},"query-input":{"@type":"PropertyValueSpecification","valueRequired":true,"valueName":"search_term_string"}}],"inLanguage":"fr-FR"},{"@type":"Organization","@id":"https:\/\/zewo.ch\/fr\/#organization","name":"Stiftung Zewo","url":"https:\/\/zewo.ch\/fr\/","logo":{"@type":"ImageObject","inLanguage":"fr-FR","@id":"https:\/\/zewo.ch\/fr\/#\/schema\/logo\/image\/","url":"https:\/\/zewo.ch\/wp-content\/uploads\/2019\/08\/Zewo_Logo_Claim_D.svg","contentUrl":"https:\/\/zewo.ch\/wp-content\/uploads\/2019\/08\/Zewo_Logo_Claim_D.svg","width":1,"height":1,"caption":"Stiftung Zewo"},"image":{"@id":"https:\/\/zewo.ch\/fr\/#\/schema\/logo\/image\/"},"sameAs":["https:\/\/www.facebook.com\/Stiftung.ZEWO\/","https:\/\/x.com\/stiftung_zewo","https:\/\/www.linkedin.com\/company\/stiftung-zewo","https:\/\/www.youtube.com\/channel\/UCzjsVJro12OXcvvx1LQP8tw","https:\/\/de.wikipedia.org\/wiki\/Zewo"]}]}},"publishpress_future_action":{"enabled":false,"date":"2026-05-20 18:26:27","action":"change-status","newStatus":"draft","terms":[],"taxonomy":"translation_priority","extraData":[]},"publishpress_future_workflow_manual_trigger":{"enabledWorkflows":[]},"_links":{"self":[{"href":"https:\/\/zewo.ch\/fr\/wp-json\/wp\/v2\/pages\/512341","targetHints":{"allow":["GET"]}}],"collection":[{"href":"https:\/\/zewo.ch\/fr\/wp-json\/wp\/v2\/pages"}],"about":[{"href":"https:\/\/zewo.ch\/fr\/wp-json\/wp\/v2\/types\/page"}],"author":[{"embeddable":true,"href":"https:\/\/zewo.ch\/fr\/wp-json\/wp\/v2\/users\/38"}],"replies":[{"embeddable":true,"href":"https:\/\/zewo.ch\/fr\/wp-json\/wp\/v2\/comments?post=512341"}],"version-history":[{"count":32,"href":"https:\/\/zewo.ch\/fr\/wp-json\/wp\/v2\/pages\/512341\/revisions"}],"predecessor-version":[{"id":5801459,"href":"https:\/\/zewo.ch\/fr\/wp-json\/wp\/v2\/pages\/512341\/revisions\/5801459"}],"wp:featuredmedia":[{"embeddable":true,"href":"https:\/\/zewo.ch\/fr\/wp-json\/wp\/v2\/media\/512705"}],"wp:attachment":[{"href":"https:\/\/zewo.ch\/fr\/wp-json\/wp\/v2\/media?parent=512341"}],"wp:term":[{"taxonomy":"folder","embeddable":true,"href":"https:\/\/zewo.ch\/fr\/wp-json\/wp\/v2\/folder?post=512341"}],"curies":[{"name":"wp","href":"https:\/\/api.w.org\/{rel}","templated":true}]}}