{"id":511563,"date":"2019-09-24T11:17:50","date_gmt":"2019-09-24T09:17:50","guid":{"rendered":"https:\/\/www.zewo.ch\/?page_id=511563"},"modified":"2026-01-05T14:37:52","modified_gmt":"2026-01-05T13:37:52","slug":"fusion-dobnl-certifies","status":"publish","type":"page","link":"https:\/\/zewo.ch\/fr\/fusion-dobnl-certifies\/","title":{"rendered":"Fusion ou dissolution"},"content":{"rendered":"\n<h2 class=\"wp-block-heading\">Un plus un \u00e9gal un<\/h2>\n\n\n\n<p><strong>Si deux OBNL certifi\u00e9es fusionnent, le label de qualit\u00e9 Zewo est maintenu. Elles peuvent alors choisir de poursuivre leur activit\u00e9 sous le nom de l\u2019OBNL qui reprend la seconde ou de fonctionner ensemble comme une nouvelle OBNL.<\/strong> <strong>Si une OBNL certifi\u00e9e est dissolue, elle n&rsquo;a plus besoin du label de qualit\u00e9 Zewo.<\/strong><\/p>\n\n\n\n<p>Les restructurations internes doivent imp\u00e9rativement \u00eatre annonc\u00e9es \u00e0 la Zewo. Naturellement, un processus de fusion en fait partie. Si la fonction de l\u2019OBNL conserve les m\u00eames fondements lors de la fusion, alors le label de qualit\u00e9 peut \u00eatre conserv\u00e9 et les contr\u00f4les continueront \u00e0 \u00eatre effectu\u00e9s r\u00e9guli\u00e8rement. Dans le cas contraire, la Zewo se r\u00e9serve le droit de proc\u00e9der \u00e0 un contr\u00f4le imm\u00e9diat. Si une OBNL certifi\u00e9e est int\u00e9gr\u00e9e \u00e0 une autre OBNL ne portant elle pas le label de qualit\u00e9 de la Zewo, <a href=\"https:\/\/zewo.ch\/fr\/sans-le-label-de-qualite-zewo\/\">alors la certification est invalid\u00e9e par la fusion.<\/a><\/p>\n\n\n\n<h2 class=\"wp-block-heading\" id=\"h-2026\">2026<\/h2>\n\n\n\n<h3 class=\"wp-block-heading\">Reprise par une organisation non certifi\u00e9e<\/h3>\n\n\n\n<ul class=\"wp-block-list\">\n<li>Reprise de \u00ab Blaues Kreuz Graub\u00fcnden \u00bb (sous-organisation) par \u00ab Blaues Kreuz Chur \u00bb (sous-organisation), qui ne porte pas le label de qualit\u00e9 Zewo.<\/li>\n<\/ul>\n\n\n\n<h3 class=\"wp-block-heading\">Dissolution en 2026<\/h3>\n\n\n\n<ul class=\"wp-block-list\">\n<li>Blaues Kreuz Kinder- und Jugendwerk (sous-organisation)<\/li>\n\n\n\n<li>Ligue genevoise contre le rhumatisme (sous-organisation)<\/li>\n<\/ul>\n\n\n\n<h2 class=\"wp-block-heading\" id=\"h-2025\">2025<\/h2>\n\n\n\n<h3 class=\"wp-block-heading\">Fusion en 2025<\/h3>\n\n\n\n<ul class=\"wp-block-list\">\n<li>Fusion de l&rsquo;organisation \u00ab Lungenliga Schaffhausen \u00bb (sous-organisation) et l&rsquo;organisation \u00ab Lungenliga Thurgau \u00bb (sous-organisation) pour former la \u00ab Lungenliga Thurgau-Schaffhausen \u00bb (sous-organisation), qui conserve le label de qualit\u00e9.<\/li>\n<\/ul>\n\n\n\n<h2 class=\"wp-block-heading\" id=\"h-2024\">2024<\/h2>\n\n\n\n<h3 class=\"wp-block-heading\">Fusion en 2024<\/h3>\n\n\n\n<ul class=\"wp-block-list\">\n<li>Fusion de l&rsquo;organisation \u00ab La Main Tendue Fribourg \u00bb (sous-organisation) et \u00ab La Main Tendue Nord Ouest \u00bb (sous-organisation), qui conserve le label de qualit\u00e9.<\/li>\n<\/ul>\n\n\n\n<h2 class=\"wp-block-heading\" id=\"1\">2022<\/h2>\n\n\n\n<h3 class=\"wp-block-heading\">Fusion en 2022<\/h3>\n\n\n\n<ul class=\"wp-block-list\">\n<li>Fusion de l&rsquo;organisation \u00ab Pain pour le prochain \u00bb et \u00ab Eper \u00bb, qui conserve le label de qualit\u00e9.<\/li>\n\n\n\n<li>Fusion de l&rsquo;organisation \u00ab Herzstiftung Olten \u00bb et \u00ab Schweizerische Herzstiftung \u00bb, qui conserve le label de qualit\u00e9.<\/li>\n<\/ul>\n\n\n\n<h3 class=\"wp-block-heading\">Dissolution en 2022<\/h3>\n\n\n\n<ul class=\"wp-block-list\">\n<li>St. Gallischer G\u00f6nnerverein SGGV (sous-organisation)<\/li>\n\n\n\n<li>FRAGILE Ticino (sous-organisation)<\/li>\n<\/ul>\n\n\n\n<h2 class=\"wp-block-heading\" id=\"1\">2021<\/h2>\n\n\n\n<h3 class=\"wp-block-heading\">Fusion en 2021<\/h3>\n\n\n\n<ul class=\"wp-block-list\">\n<li>Fusion de l&rsquo;organisation \u00ab Insieme Cerebral Winterthur \u00bb&nbsp;et de \u00ab Insieme Zwirnitr\u00e4ff \u00bb qui forment d\u00e9sormais la \u00ab Insieme-Winterthur-Z\u00fcriUnterland \u00bb et conservent le label de qualit\u00e9.<\/li>\n\n\n\n<li>Fusion de l&rsquo;organisation \u00ab Rheumaliga Aargau \u00bb, \u00ab Rheumaliga Zug \u00bb et \u00ab Rheumaliga Z\u00fcrich \u00bb, qui conservent le label de qualit\u00e9.<\/li>\n<\/ul>\n\n\n\n<h3 class=\"wp-block-heading\"><meta charset=\"utf-8\">Dissolution en 2021<\/h3>\n\n\n\n<ul class=\"wp-block-list\">\n<li>Association Bakame Livres pour enfants rwandais<\/li>\n<\/ul>\n\n\n\n<h2 class=\"wp-block-heading\" id=\"2\">2020<\/h2>\n\n\n\n<h3 class=\"wp-block-heading\">Fusion en 2020<\/h3>\n\n\n\n<ul class=\"wp-block-list\">\n<li>Fusion de l&rsquo;organisation \u00abOSEO R\u00e9gion B\u00e2le\u00bb et \u00abOSEO Zurich\u00bb, qui conservent le label de qualit\u00e9.<\/li>\n\n\n\n<li>Fusion de l&rsquo;organisation \u00abInterteam\u00bb et \u00abComundo\u00bb, qui conservent le label de qualit\u00e9.<\/li>\n\n\n\n<li>Fusion de l&rsquo;organisation \u00abLe Sida &amp; l&rsquo;Enfant\u00bb et \u00abSolidarMed\u00bb, qui conservent le label de qualit\u00e9.<\/li>\n\n\n\n<li>Fusion de l&rsquo;organisation \u00abKrebsliga Zug\u00bb (sous-organisation) et \u00abKrebsliga Zentralschweiz\u00bb (sous-organisation), qui conservent le label de qualit\u00e9.<\/li>\n<\/ul>\n\n\n\n<h3 class=\"wp-block-heading\">Dissolution en 2020<\/h3>\n\n\n\n<ul class=\"wp-block-list\">\n<li>Fondation Aide aux Enfants Foyers \u00abBambi\u00bb<\/li>\n<\/ul>\n\n\n\n<h2 class=\"wp-block-heading\" id=\"3\">2019<\/h2>\n\n\n\n<h3 class=\"wp-block-heading\">Fusion en 2019<\/h3>\n\n\n\n<ul class=\"wp-block-list\">\n<li>Fusion de l&rsquo;organisation \u00abRheumaliga St. Gallen, Graub\u00fcnden und F\u00fcrstentum Liechtenstein\u00bb\u00a0(sous-organisation) et de \u00abRheumaliga beider Appenzell\u00bb (sous-organisation) qui forment d\u00e9sormais la \u00abRheumaliga SG, GR, AI\/AR und F\u00fcrstentum Liechtenstein\u00bb (sous-organisation) et conservent le label de qualit\u00e9.<\/li>\n<\/ul>\n\n\n\n<h3 class=\"wp-block-heading\">Dissolution en 2019<\/h3>\n\n\n\n<ul class=\"wp-block-list\">\n<li>Verein Papageno<\/li>\n<\/ul>\n\n\n\n<h2 class=\"wp-block-heading\" id=\"4\">2018<\/h2>\n\n\n\n<h3 class=\"wp-block-heading\">Fusion en 2018<\/h3>\n\n\n\n<ul class=\"wp-block-list\">\n<li>Fusion de l&rsquo;organisation \u00abStiftung M\u00fctterhilfe\u00bb et \u00abArche Z\u00fcrich\u00bb, qui conservent le label de qualit\u00e9.<\/li>\n\n\n\n<li>Fusion de l&rsquo;organisation \u00abCroix-Rouge Jura bernois\u00bb et \u00abRotkreuz-Kantonalverband Bern\u00bb, qui conservent le label de qualit\u00e9. <\/li>\n\n\n\n<li>Fusion de l&rsquo;organisation \u00abSchweizerisches Rotes Kreuz Bern-Mittelland\u00bb et \u00abRotkreuz-Kantonalverband Bern\u00bb, qui conservent le label de qualit\u00e9.<\/li>\n\n\n\n<li>Fusion de l&rsquo;organisation \u00abSchweizerisches Rotes Kreuz Biel\/Bienne-Seeland\u00bb et \u00abRotkreuz-Kantonalverband Bern\u00bb, qui conservent le label de qualit\u00e9.<\/li>\n\n\n\n<li>Fusion de l&rsquo;organisation \u00abSchweizerisches Rotes Kreuz Bern-Emmental\u00bb et \u00abRotkreuz-Kantonalverband Bern\u00bb, qui conservent le label de qualit\u00e9.<\/li>\n\n\n\n<li>Fusion de l&rsquo;organisation \u00abSchweizerisches Rotes Kreuz Bern-Oberaargau\u00bb et \u00abRotkreuz-Kantonalverband Bern\u00bb, qui conservent le label de qualit\u00e9.<\/li>\n\n\n\n<li>Fusion de l&rsquo;organisation \u00abSchweizerisches Rotes Kreuz Bern-Oberland\u00bb et \u00abRotkreuz-Kantonalverband Bern\u00bb, qui conservent le label de qualit\u00e9.<\/li>\n<\/ul>\n\n\n\n<h3 class=\"wp-block-heading\">Fusion avec un OBNL sans label de qualit\u00e9 Zewo en 2018<\/h3>\n\n\n\n<ul class=\"wp-block-list\">\n<li>\u00abFondation Suisse pour les T\u00e9l\u00e9th\u00e8ses (FST)\u00bb fusion avec \u00abSchweizer Paraplegiker-Stiftung\u00bb<\/li>\n<\/ul>\n\n\n\n<h3 class=\"wp-block-heading\">Dissolution en 2018<\/h3>\n\n\n\n<ul id=\"block-e6f775ae-deca-427c-8f47-528631933612\" class=\"wp-block-list\">\n<li>Schweizerische Stiftung f\u00fcr Orgeln in Rum\u00e4nien<\/li>\n\n\n\n<li>Verein Nordliecht<\/li>\n<\/ul>\n\n\n\n<h2 class=\"wp-block-heading\" id=\"5\">2017<\/h2>\n\n\n\n<h3 class=\"wp-block-heading\">Fusion en 2017<\/h3>\n\n\n\n<ul class=\"wp-block-list\">\n<li>Fusion de l&rsquo;organisation \u00abVerein Wohnheim Schanzacker\u00bb et \u00abStiftung Altried\u00bb, qui conservent le label de qualit\u00e9.<\/li>\n<\/ul>\n\n\n\n<h3 class=\"wp-block-heading\">Dissolution en 2017<\/h3>\n\n\n\n<ul class=\"wp-block-list\">\n<li>Aids-Hilfe Zug (sous-organisation)<\/li>\n<\/ul>\n\n\n\n<h2 class=\"wp-block-heading\" id=\"6\">2016<\/h2>\n\n\n\n<h3 class=\"wp-block-heading\">Fusion en 2016<\/h3>\n\n\n\n<ul class=\"wp-block-list\">\n<li>Fusion de l&rsquo;organisation \u00abBlaues Kreuz Basel-Stadt\u00bb et de \u00abBlaues Kreuz Baselland\u00bb qui forment d\u00e9sormais l&rsquo;organisation \u00abBlaues Kreuz Kinder- und Jugendwerk\u00bb, qui conservent le label de qualit\u00e9.<\/li>\n\n\n\n<li>Fusion de l&rsquo;organisation \u00abWinterhilfe Stadt Z\u00fcrich\u00bb et \u00abWinterhilfe Z\u00fcrich\u00bb, qui conservent le label de qualit\u00e9.<\/li>\n<\/ul>\n\n\n\n<h3 class=\"wp-block-heading\">Fusion avec un OBNL sans label de qualit\u00e9 Zewo en 2016<\/h3>\n\n\n\n<ul class=\"wp-block-list\">\n<li>\u00abRokpa Schweiz\u00bb fusion avec \u00abRokpa International\u00bb<\/li>\n<\/ul>\n\n\n\n<h3 class=\"wp-block-heading\">Dissolution en 2016<\/h3>\n\n\n\n<ul class=\"wp-block-list\">\n<li>Stiftung der Diabetes-Gesellschaft Region Basel (sous-organisation)<\/li>\n<\/ul>\n\n\n\n<h2 class=\"wp-block-heading\" id=\"7\">2015<\/h2>\n\n\n\n<h3 class=\"wp-block-heading\">Fusion en 2015<\/h3>\n\n\n\n<ul class=\"wp-block-list\">\n<li>Fusion de l&rsquo;organisation \u00abHeim R\u00fctib\u00fchl\u00bb et \u00abMartin Stiftung Erlenbach\u00bb, qui conservent le label de qualit\u00e9.<\/li>\n\n\n\n<li>Fusion de l&rsquo;organisation \u00abParEpi\u00bb et \u00abEpi-Suisse\u00bb, qui conservent le label de qualit\u00e9.<\/li>\n<\/ul>\n\n\n\n<h3 class=\"wp-block-heading\">Dissolution en 2015<\/h3>\n\n\n\n<ul class=\"wp-block-list\">\n<li>Pro Filia St. Gallen, Appenzell, Glarus (sous-organisation)<\/li>\n<\/ul>\n\n\n\n<h2 class=\"wp-block-heading\" id=\"8\">2014<\/h2>\n\n\n\n<h3 class=\"wp-block-heading\">Dissolution en 2014<\/h3>\n\n\n\n<ul id=\"block-4ebcd3d1-dc97-4a38-999f-d8e642487025\" class=\"wp-block-list\">\n<li>FRAGILE Suisse Valais (sous-organisation)<\/li>\n\n\n\n<li>G\u00f6nnergemeinschaft Hogar Bambi&nbsp;(sous-organisation)<\/li>\n<\/ul>\n\n\n\n<h2 class=\"wp-block-heading\" id=\"9\">2013<\/h2>\n\n\n\n<h3 class=\"wp-block-heading\">Fusion en 2013<\/h3>\n\n\n\n<ul class=\"wp-block-list\">\n<li>Fusion de l&rsquo;organisation \u00abD\u00e9claration de Berne \u2013 Suisse Romande\u00bb et \u00abPublic Eye\u00bb, qui conservent le label de qualit\u00e9.<\/li>\n\n\n\n<li>Fusion de l&rsquo;organisation \u00abPflegekinder-Aktion Z\u00fcrich (Unterorganisation)\u00bb et \u00abPACH Pflege- und Adoptivkinder Schweiz\u00bb, qui conservent le label de qualit\u00e9.<\/li>\n<\/ul>\n\n\n\n<h2 class=\"wp-block-heading\" id=\"10\">2012<\/h2>\n\n\n\n<h3 class=\"wp-block-heading\">Fusion en 2012<\/h3>\n\n\n\n<ul class=\"wp-block-list\">\n<li>Fusion de l&rsquo;organisation \u00abKrebsliga Glarus\u00bb et de \u00abKrebsliga St.Gallen-Appenzell\u00bb qui forment d\u00e9sormais l&rsquo;organisation \u00abKrebsliga Ostschweiz\u00bb, qui conservent le label de qualit\u00e9.<\/li>\n\n\n\n<li>Fusion de l&rsquo;organisation \u00abSwiss Foundation Blood stem cells\u00bb&nbsp;et \u00abBlutspende SRK\u00bb, qui conservent le label de qualit\u00e9.<\/li>\n<\/ul>\n\n\n\n<div class=\"wp-block-cgb-block-zewo-block-columns-container container bg-color-light-gray\"><div class=\"grid-x grid-margin-x\" data-columns=\"3\">\n<div class=\"cell small-12 medium-6\"><div class=\"wp-block-cgb-block-zewo-block-image-text-teaser ab-block-cta\"><div class=\"ab-cta-image-wrap bg-color-secondary\"><img decoding=\"async\" class=\"ab-cta-image\" src=\"https:\/\/zewo.ch\/wp-content\/uploads\/2019\/08\/10-conseils.png\" alt=\"5 conseils pour donner\"\/><\/div><div class=\"ab-cta-content\"><h2 class=\"ab-cta-title\">Les 10 conseils pour donner<\/h2><div class=\"ab-cta-text\">\n<p>D\u00e8s maintenant, prendre acte des 10 principales r\u00e8gles et faire des dons efficaces.<\/p>\n<\/div><\/div><div class=\"ab-cta-button\"><a href=\"\/fr\/les-5-regles-essentielles-pour-les-dons\/\" target=\"_self\" rel=\"noopener noreferrer\" class=\"button primary button-teaser\"><span class=\"button-arrow\"><\/span>Lire d\u00e8s maintenant les conseils pour donner<\/a><\/div><a href=\"\/fr\/les-5-regles-essentielles-pour-les-dons\/\" target=\"_self\" rel=\"noopener noreferrer\" class=\"button-teaser--is-full\"><\/a><\/div><\/div>\n\n\n\n<div class=\"cell small-12 medium-6\"><div class=\"wp-block-cgb-block-zewo-block-image-text-teaser ab-block-cta\"><div class=\"ab-cta-image-wrap bg-color-secondary\"><img decoding=\"async\" class=\"ab-cta-image\" src=\"https:\/\/zewo.ch\/wp-content\/uploads\/2019\/05\/wachhund.png\" alt=\"Vorsicht \u2013 hier warnt die Zewo vor intransparenten NPO\"\/><\/div><div class=\"ab-cta-content\"><h2 class=\"ab-cta-title\">Zewo d\u00e9conseille de faire des dons<\/h2><div class=\"ab-cta-text\">\n<p>Ces OBNL ne sont pas transparentes.<\/p>\n<\/div><\/div><div class=\"ab-cta-button\"><a href=\"\/fr\/zewo-deconseille-de-faire-des-dons\/\" target=\"_self\" rel=\"noopener noreferrer\" class=\"button primary button-teaser\"><span class=\"button-arrow\"><\/span>Informez-vous<\/a><\/div><a href=\"\/fr\/zewo-deconseille-de-faire-des-dons\/\" target=\"_self\" rel=\"noopener noreferrer\" class=\"button-teaser--is-full\"><\/a><\/div><\/div>\n\n\n\n<div class=\"cell small-12 medium-6\"><div class=\"wp-block-cgb-block-zewo-block-image-text-teaser ab-block-cta\"><div class=\"ab-cta-image-wrap bg-color-secondary\"><img decoding=\"async\" class=\"ab-cta-image\" src=\"https:\/\/zewo.ch\/wp-content\/uploads\/2019\/05\/ha\u0308ufige-fragen-7.png\" alt=\"H\u00e4ufige Fragen und Antworten rund ums Spenden\"\/><\/div><div class=\"ab-cta-content\"><h2 class=\"ab-cta-title\">Questions fr\u00e9quemment pos\u00e9es autour du don<\/h2><div class=\"ab-cta-text\">\n<p>Le guide de la Zewo renseigne sur le don<\/p>\n<\/div><\/div><div class=\"ab-cta-button\"><a href=\"\/fr\/questions-et-reponses\/\" target=\"_self\" rel=\"noopener noreferrer\" class=\"button primary button-teaser\"><span class=\"button-arrow\"><\/span>R\u00e9ponses autour du don<\/a><\/div><a href=\"\/fr\/questions-et-reponses\/\" target=\"_self\" rel=\"noopener noreferrer\" class=\"button-teaser--is-full\"><\/a><\/div><\/div>\n<\/div><\/div>\n","protected":false},"excerpt":{"rendered":"<p>Un plus un \u00e9gal un Si deux OBNL certifi\u00e9es fusionnent, le label de qualit\u00e9 Zewo est maintenu. Elles peuvent alors choisir de poursuivre leur activit\u00e9 sous le nom de l\u2019OBNL qui reprend la seconde ou de fonctionner ensemble comme une nouvelle OBNL. Si une OBNL certifi\u00e9e est dissolue, elle n&rsquo;a plus besoin du label de [&hellip;]<\/p>\n","protected":false},"author":38,"featured_media":4498220,"parent":0,"menu_order":101,"comment_status":"closed","ping_status":"closed","template":"","meta":{"_acf_changed":false,"footnotes":""},"folder":[6643],"class_list":["post-511563","page","type-page","status-publish","has-post-thumbnail","hentry"],"acf":[],"yoast_head":"<!-- This site is optimized with the Yoast SEO Premium plugin v26.0 (Yoast SEO v26.0) - https:\/\/yoast.com\/wordpress\/plugins\/seo\/ -->\n<title>Zewo<\/title>\n<meta name=\"description\" content=\"Si deux OBNL certifi\u00e9es fusionnent, le label de qualit\u00e9 Zewo est maintenu. Elles peuvent alors choisir de poursuivre leur activit\u00e9 sous le nom de l\u2019OBNL qui reprend la seconde ou de fonctionner ensemble comme une nouvelle OBNL.\" \/>\n<meta name=\"robots\" content=\"index, follow, max-snippet:-1, max-image-preview:large, max-video-preview:-1\" \/>\n<link rel=\"canonical\" href=\"https:\/\/zewo.ch\/fr\/fusion-dobnl-certifies\/\" \/>\n<meta property=\"og:locale\" content=\"fr_FR\" \/>\n<meta property=\"og:type\" content=\"article\" \/>\n<meta property=\"og:description\" content=\"Si deux OBNL certifi\u00e9es fusionnent, le label de qualit\u00e9 Zewo est maintenu. Elles peuvent alors choisir de poursuivre leur activit\u00e9 sous le nom de l\u2019OBNL qui reprend la seconde ou de fonctionner ensemble comme une nouvelle OBNL.\" \/>\n<meta property=\"og:url\" content=\"https:\/\/zewo.ch\/fr\/fusion-dobnl-certifies\/\" \/>\n<meta property=\"og:site_name\" content=\"Zewo\" \/>\n<meta property=\"article:publisher\" content=\"https:\/\/www.facebook.com\/Stiftung.ZEWO\/\" \/>\n<meta property=\"article:modified_time\" content=\"2026-01-05T13:37:52+00:00\" \/>\n<meta property=\"og:image\" content=\"https:\/\/zewo.ch\/wp-content\/uploads\/2020\/02\/fusion-4.jpg\" \/>\n\t<meta property=\"og:image:width\" content=\"2200\" \/>\n\t<meta property=\"og:image:height\" content=\"440\" \/>\n\t<meta property=\"og:image:type\" content=\"image\/jpeg\" \/>\n<meta name=\"twitter:card\" content=\"summary_large_image\" \/>\n<meta name=\"twitter:site\" content=\"@stiftung_zewo\" \/>\n<meta name=\"twitter:label1\" content=\"Dur\u00e9e de lecture estim\u00e9e\" \/>\n\t<meta name=\"twitter:data1\" content=\"19 minutes\" \/>\n<script type=\"application\/ld+json\" class=\"yoast-schema-graph\">{\"@context\":\"https:\/\/schema.org\",\"@graph\":[{\"@type\":\"WebPage\",\"@id\":\"https:\/\/zewo.ch\/fr\/fusion-dobnl-certifies\/#webpage\",\"url\":\"https:\/\/zewo.ch\/fr\/fusion-dobnl-certifies\/#webpage\",\"name\":\"\",\"isPartOf\":{\"@id\":\"https:\/\/zewo.ch\/fr\/#website\"},\"primaryImageOfPage\":{\"@id\":\"https:\/\/zewo.ch\/fr\/fusion-dobnl-certifies\/#primaryimage\"},\"image\":{\"@id\":\"https:\/\/zewo.ch\/fr\/fusion-dobnl-certifies\/#primaryimage\"},\"thumbnailUrl\":\"https:\/\/zewo.ch\/wp-content\/uploads\/2020\/02\/fusion-4.jpg\",\"datePublished\":\"2019-09-24T09:17:50+00:00\",\"dateModified\":\"2026-01-05T13:37:52+00:00\",\"description\":\"Si deux OBNL certifi\u00e9es fusionnent, le label de qualit\u00e9 Zewo est maintenu. Elles peuvent alors choisir de poursuivre leur activit\u00e9 sous le nom de l\u2019OBNL qui reprend la seconde ou de fonctionner ensemble comme une nouvelle OBNL.\",\"breadcrumb\":{\"@id\":\"https:\/\/zewo.ch\/fr\/fusion-dobnl-certifies\/#breadcrumb\"},\"inLanguage\":\"fr-FR\",\"potentialAction\":[{\"@type\":\"ReadAction\",\"target\":[\"https:\/\/zewo.ch\/fr\/fusion-dobnl-certifies\/\"]}]},{\"@type\":\"ImageObject\",\"inLanguage\":\"fr-FR\",\"@id\":\"https:\/\/zewo.ch\/fr\/fusion-dobnl-certifies\/#primaryimage\",\"url\":\"https:\/\/zewo.ch\/wp-content\/uploads\/2020\/02\/fusion-4.jpg\",\"contentUrl\":\"https:\/\/zewo.ch\/wp-content\/uploads\/2020\/02\/fusion-4.jpg\",\"width\":2200,\"height\":440},{\"@type\":\"BreadcrumbList\",\"@id\":\"https:\/\/zewo.ch\/fr\/fusion-dobnl-certifies\/#breadcrumb\",\"itemListElement\":[{\"@type\":\"ListItem\",\"position\":1,\"name\":\"Home\",\"item\":\"https:\/\/zewo.ch\/fr\/\"},{\"@type\":\"ListItem\",\"position\":2,\"name\":\"Fusion ou dissolution\"}]},{\"@type\":\"WebSite\",\"@id\":\"https:\/\/zewo.ch\/fr\/#website\",\"url\":\"https:\/\/zewo.ch\/fr\/\",\"name\":\"Zewo\",\"description\":\"Votre don en bonnes mains.\",\"publisher\":{\"@id\":\"https:\/\/zewo.ch\/fr\/#organization\"},\"potentialAction\":[{\"@type\":\"SearchAction\",\"target\":{\"@type\":\"EntryPoint\",\"urlTemplate\":\"https:\/\/zewo.ch\/fr\/?s={search_term_string}\"},\"query-input\":{\"@type\":\"PropertyValueSpecification\",\"valueRequired\":true,\"valueName\":\"search_term_string\"}}],\"inLanguage\":\"fr-FR\"},{\"@type\":\"Organization\",\"@id\":\"https:\/\/zewo.ch\/fr\/#organization\",\"name\":\"Stiftung Zewo\",\"url\":\"https:\/\/zewo.ch\/fr\/\",\"logo\":{\"@type\":\"ImageObject\",\"inLanguage\":\"fr-FR\",\"@id\":\"https:\/\/zewo.ch\/fr\/#\/schema\/logo\/image\/\",\"url\":\"https:\/\/zewo.ch\/wp-content\/uploads\/2019\/08\/Zewo_Logo_Claim_D.svg\",\"contentUrl\":\"https:\/\/zewo.ch\/wp-content\/uploads\/2019\/08\/Zewo_Logo_Claim_D.svg\",\"width\":1,\"height\":1,\"caption\":\"Stiftung Zewo\"},\"image\":{\"@id\":\"https:\/\/zewo.ch\/fr\/#\/schema\/logo\/image\/\"},\"sameAs\":[\"https:\/\/www.facebook.com\/Stiftung.ZEWO\/\",\"https:\/\/x.com\/stiftung_zewo\",\"https:\/\/www.linkedin.com\/company\/stiftung-zewo\",\"https:\/\/www.youtube.com\/channel\/UCzjsVJro12OXcvvx1LQP8tw\",\"https:\/\/de.wikipedia.org\/wiki\/Zewo\"]}]}<\/script>\n<!-- \/ Yoast SEO Premium plugin. -->","yoast_head_json":{"title":"Zewo","description":"Si deux OBNL certifi\u00e9es fusionnent, le label de qualit\u00e9 Zewo est maintenu. Elles peuvent alors choisir de poursuivre leur activit\u00e9 sous le nom de l\u2019OBNL qui reprend la seconde ou de fonctionner ensemble comme une nouvelle OBNL.","robots":{"index":"index","follow":"follow","max-snippet":"max-snippet:-1","max-image-preview":"max-image-preview:large","max-video-preview":"max-video-preview:-1"},"canonical":"https:\/\/zewo.ch\/fr\/fusion-dobnl-certifies\/","og_locale":"fr_FR","og_type":"article","og_description":"Si deux OBNL certifi\u00e9es fusionnent, le label de qualit\u00e9 Zewo est maintenu. Elles peuvent alors choisir de poursuivre leur activit\u00e9 sous le nom de l\u2019OBNL qui reprend la seconde ou de fonctionner ensemble comme une nouvelle OBNL.","og_url":"https:\/\/zewo.ch\/fr\/fusion-dobnl-certifies\/","og_site_name":"Zewo","article_publisher":"https:\/\/www.facebook.com\/Stiftung.ZEWO\/","article_modified_time":"2026-01-05T13:37:52+00:00","og_image":[{"width":2200,"height":440,"url":"https:\/\/zewo.ch\/wp-content\/uploads\/2020\/02\/fusion-4.jpg","type":"image\/jpeg"}],"twitter_card":"summary_large_image","twitter_site":"@stiftung_zewo","twitter_misc":{"Dur\u00e9e de lecture estim\u00e9e":"19 minutes"},"schema":{"@context":"https:\/\/schema.org","@graph":[{"@type":"WebPage","@id":"https:\/\/zewo.ch\/fr\/fusion-dobnl-certifies\/#webpage","url":"https:\/\/zewo.ch\/fr\/fusion-dobnl-certifies\/#webpage","name":"","isPartOf":{"@id":"https:\/\/zewo.ch\/fr\/#website"},"primaryImageOfPage":{"@id":"https:\/\/zewo.ch\/fr\/fusion-dobnl-certifies\/#primaryimage"},"image":{"@id":"https:\/\/zewo.ch\/fr\/fusion-dobnl-certifies\/#primaryimage"},"thumbnailUrl":"https:\/\/zewo.ch\/wp-content\/uploads\/2020\/02\/fusion-4.jpg","datePublished":"2019-09-24T09:17:50+00:00","dateModified":"2026-01-05T13:37:52+00:00","description":"Si deux OBNL certifi\u00e9es fusionnent, le label de qualit\u00e9 Zewo est maintenu. Elles peuvent alors choisir de poursuivre leur activit\u00e9 sous le nom de l\u2019OBNL qui reprend la seconde ou de fonctionner ensemble comme une nouvelle OBNL.","breadcrumb":{"@id":"https:\/\/zewo.ch\/fr\/fusion-dobnl-certifies\/#breadcrumb"},"inLanguage":"fr-FR","potentialAction":[{"@type":"ReadAction","target":["https:\/\/zewo.ch\/fr\/fusion-dobnl-certifies\/"]}]},{"@type":"ImageObject","inLanguage":"fr-FR","@id":"https:\/\/zewo.ch\/fr\/fusion-dobnl-certifies\/#primaryimage","url":"https:\/\/zewo.ch\/wp-content\/uploads\/2020\/02\/fusion-4.jpg","contentUrl":"https:\/\/zewo.ch\/wp-content\/uploads\/2020\/02\/fusion-4.jpg","width":2200,"height":440},{"@type":"BreadcrumbList","@id":"https:\/\/zewo.ch\/fr\/fusion-dobnl-certifies\/#breadcrumb","itemListElement":[{"@type":"ListItem","position":1,"name":"Home","item":"https:\/\/zewo.ch\/fr\/"},{"@type":"ListItem","position":2,"name":"Fusion ou dissolution"}]},{"@type":"WebSite","@id":"https:\/\/zewo.ch\/fr\/#website","url":"https:\/\/zewo.ch\/fr\/","name":"Zewo","description":"Votre don en bonnes mains.","publisher":{"@id":"https:\/\/zewo.ch\/fr\/#organization"},"potentialAction":[{"@type":"SearchAction","target":{"@type":"EntryPoint","urlTemplate":"https:\/\/zewo.ch\/fr\/?s={search_term_string}"},"query-input":{"@type":"PropertyValueSpecification","valueRequired":true,"valueName":"search_term_string"}}],"inLanguage":"fr-FR"},{"@type":"Organization","@id":"https:\/\/zewo.ch\/fr\/#organization","name":"Stiftung Zewo","url":"https:\/\/zewo.ch\/fr\/","logo":{"@type":"ImageObject","inLanguage":"fr-FR","@id":"https:\/\/zewo.ch\/fr\/#\/schema\/logo\/image\/","url":"https:\/\/zewo.ch\/wp-content\/uploads\/2019\/08\/Zewo_Logo_Claim_D.svg","contentUrl":"https:\/\/zewo.ch\/wp-content\/uploads\/2019\/08\/Zewo_Logo_Claim_D.svg","width":1,"height":1,"caption":"Stiftung Zewo"},"image":{"@id":"https:\/\/zewo.ch\/fr\/#\/schema\/logo\/image\/"},"sameAs":["https:\/\/www.facebook.com\/Stiftung.ZEWO\/","https:\/\/x.com\/stiftung_zewo","https:\/\/www.linkedin.com\/company\/stiftung-zewo","https:\/\/www.youtube.com\/channel\/UCzjsVJro12OXcvvx1LQP8tw","https:\/\/de.wikipedia.org\/wiki\/Zewo"]}]}},"publishpress_future_action":{"enabled":false,"date":"2026-04-23 10:50:53","action":"change-status","newStatus":"draft","terms":[],"taxonomy":"translation_priority","extraData":[]},"publishpress_future_workflow_manual_trigger":{"enabledWorkflows":[]},"_links":{"self":[{"href":"https:\/\/zewo.ch\/fr\/wp-json\/wp\/v2\/pages\/511563","targetHints":{"allow":["GET"]}}],"collection":[{"href":"https:\/\/zewo.ch\/fr\/wp-json\/wp\/v2\/pages"}],"about":[{"href":"https:\/\/zewo.ch\/fr\/wp-json\/wp\/v2\/types\/page"}],"author":[{"embeddable":true,"href":"https:\/\/zewo.ch\/fr\/wp-json\/wp\/v2\/users\/38"}],"replies":[{"embeddable":true,"href":"https:\/\/zewo.ch\/fr\/wp-json\/wp\/v2\/comments?post=511563"}],"version-history":[{"count":55,"href":"https:\/\/zewo.ch\/fr\/wp-json\/wp\/v2\/pages\/511563\/revisions"}],"predecessor-version":[{"id":5935325,"href":"https:\/\/zewo.ch\/fr\/wp-json\/wp\/v2\/pages\/511563\/revisions\/5935325"}],"wp:featuredmedia":[{"embeddable":true,"href":"https:\/\/zewo.ch\/fr\/wp-json\/wp\/v2\/media\/4498220"}],"wp:attachment":[{"href":"https:\/\/zewo.ch\/fr\/wp-json\/wp\/v2\/media?parent=511563"}],"wp:term":[{"taxonomy":"folder","embeddable":true,"href":"https:\/\/zewo.ch\/fr\/wp-json\/wp\/v2\/folder?post=511563"}],"curies":[{"name":"wp","href":"https:\/\/api.w.org\/{rel}","templated":true}]}}