{"id":503136,"date":"2019-08-21T15:41:16","date_gmt":"2019-08-21T13:41:16","guid":{"rendered":"https:\/\/www.zewo.ch\/?page_id=503136"},"modified":"2023-09-21T11:48:56","modified_gmt":"2023-09-21T09:48:56","slug":"autotest","status":"publish","type":"page","link":"https:\/\/zewo.ch\/fr\/comment-parvenir-au-label-de-qualite-zewo\/autotest\/","title":{"rendered":"Autotest"},"content":{"rendered":"\n<h2 class=\"wp-block-heading\" id=\"h-valuer-les-conditions-pr-alables\">\u00c9valuer les conditions pr\u00e9alables<\/h2>\n\n\n\n<p><strong>Gr\u00e2ce \u00e0 cinq questions simples, \u00e9valuez si vous pouvez entamer les d\u00e9marches pour obtenir le label de qualit\u00e9 Zewo. Le test vous permettra de voir si vous disposez des bases n\u00e9cessaires pour passer les \u00e9tapes de l\u2019examen.<\/strong><\/p>\n\n\n\n<div class=\"wp-block-cgb-block-zewo-block-questionnaire\">\n<div class=\"wp-block-cgb-block-zewo-block-questionnaire-inner\">\n<div class=\"wp-block-cgb-block-zewo-block-questionnaire-question questionnaire-question\">\r\n<div class=\"questionnaire-question--text\">Votre organisation est-elle une personne morale dont le si\u00e8ge se trouve en Suisse?<\/div>\r\n<div class=\"questionnaire-question--actions\"><button class=\"questionnaire-question--actions-yes button success is--transparent\">Oui<\/button><button class=\"questionnaire-question--actions-no button secondary is--transparent\">Non<\/button><\/div>\r\n<\/div>\n\n\n\n<div class=\"wp-block-cgb-block-zewo-block-questionnaire-answer questionnaire-answer\">Fondez une entit\u00e9 morale telle que d\u00e9finie dans le droit suisse : une association ou une fondation par exemple.\r\n<br><br>D\u00e9finissez l&rsquo;objectif d&rsquo;int\u00e9r\u00eat public ainsi que les fondements de votre organisation dans les statuts de cette derni\u00e8re. Faites adopter les statuts au sein de l\u2019organe supr\u00eame de l\u2019organisation, c\u2019est \u00e0 dire l\u2019assembl\u00e9e g\u00e9n\u00e9rale, l\u2019assembl\u00e9e des d\u00e9l\u00e9gu\u00e9s ou le conseil de fondation.<br><br>Veillez \u00e0 ce que l\u2019organe directeur supr\u00eame &#8211; il s\u2019agit en r\u00e8gle g\u00e9n\u00e9rale du comit\u00e9 directeur pour les associations et du conseil de fondation pour les fondations &#8211; soit compos\u00e9 au minimum de cinq personnes ind\u00e9pendantes les unes des autres.<br><br>Veuillez noter que les fondations sont soumises \u00e0 la surveillance cantonale ou f\u00e9d\u00e9rale. Faites valider l\u2019acte de fondation et les statuts aupr\u00e8s de l\u2019autorit\u00e9 de surveillance comp\u00e9tente.<br><br>V\u00e9rifiez s&rsquo;il est n\u00e9cessaire de faire inscrire votre organisation au registre du commerce cantonal. Si oui, proc\u00e9dez \u00e0 l&rsquo;inscription. Pr\u00e9voyez \u00e9galement les autorisations de signature collectives.\r\n<br><br>Joignez les statuts d\u00e9finis ainsi que les documents fournis par les autorit\u00e9s comp\u00e9tentes \u00e0 votre dossier de demande.<\/div>\n<\/div>\n\n\n\n<div class=\"wp-block-cgb-block-zewo-block-questionnaire-inner\">\n<div class=\"wp-block-cgb-block-zewo-block-questionnaire-question questionnaire-question\">\r\n<div class=\"questionnaire-question--text\">Votre organisation est-elle exon\u00e9r\u00e9e d\u2019imp\u00f4ts pour cause d\u2019utilit\u00e9 publique?<\/div>\r\n<div class=\"questionnaire-question--actions\"><button class=\"questionnaire-question--actions-yes button success is--transparent\">Oui<\/button><button class=\"questionnaire-question--actions-no button secondary is--transparent\">Non<\/button><\/div>\r\n<\/div>\n\n\n\n<div class=\"wp-block-cgb-block-zewo-block-questionnaire-answer questionnaire-answer\">Effectuez une demande d\u2019exon\u00e9ration d\u2019imp\u00f4ts sur les entreprises et les b\u00e9n\u00e9fices aupr\u00e8s des autorit\u00e9s fiscales cantonales en raison de l\u2019utilit\u00e9 ou de la fonction publique de votre organisation.<br><br>Joignez l\u2019exon\u00e9ration d\u2019imp\u00f4ts cantonale \u00e0 votre demande.<\/div>\n<\/div>\n\n\n\n<div class=\"wp-block-cgb-block-zewo-block-questionnaire-inner\">\n<div class=\"wp-block-cgb-block-zewo-block-questionnaire-question questionnaire-question\">\r\n<div class=\"questionnaire-question--text\">Votre organisation exerce-t-elle d\u00e9j\u00e0 depuis deux ans une activit\u00e9 d\u2019utilit\u00e9 publique, et a-t-elle publi\u00e9, \u00e0 ce sujet, des rapports annuels complets?<\/div>\r\n<div class=\"questionnaire-question--actions\"><button class=\"questionnaire-question--actions-yes button success is--transparent\">Oui<\/button><button class=\"questionnaire-question--actions-no button secondary is--transparent\">Non<\/button><\/div>\r\n<\/div>\n\n\n\n<div class=\"wp-block-cgb-block-zewo-block-questionnaire-answer questionnaire-answer\">Faites \u00e9tat des comptes et des activit\u00e9s de votre organisations en r\u00e9alisant deux rapports annuels. Gardez bien en t\u00eate que le rapport annuel repr\u00e9sente l\u2019ensemble des activit\u00e9s de votre organisation au cours d&rsquo;une ann\u00e9e.<br><br>Joignez les rapports annuels des deux derni\u00e8res ann\u00e9es \u00e0 votre demande.<\/div>\n<\/div>\n\n\n\n<div class=\"wp-block-cgb-block-zewo-block-questionnaire-inner\">\n<div class=\"wp-block-cgb-block-zewo-block-questionnaire-question questionnaire-question\">\r\n<div class=\"questionnaire-question--text\">Votre organisation dispose-t-elle de comptes annuels r\u00e9vis\u00e9s selon Swiss GAAP RPC?<\/div>\r\n<div class=\"questionnaire-question--actions\"><button class=\"questionnaire-question--actions-yes button success is--transparent\">Oui<\/button><button class=\"questionnaire-question--actions-no button secondary is--transparent\">Non<\/button><\/div>\r\n<\/div>\n\n\n\n<div class=\"wp-block-cgb-block-zewo-block-questionnaire-answer questionnaire-answer\">R\u00e9digez vos comptes annuels selon les exigences Swiss GAAP RPC. Faites-les v\u00e9rifier par un organisme de r\u00e9vision ind\u00e9pendant. Ce dernier se charge de confirmer que les comptes annuels refl\u00e8tent bel et bien le patrimoine, la situation financi\u00e8re et la tr\u00e9sorerie de l\u2019organisation et r\u00e9pondent bien aux exigences Swiss GAAP RPC.<br><br>Joignez \u00e0 votre demande le rapport de r\u00e9vision qui confirme que les comptes annuels de votre organisation r\u00e9pondent aux directives Swiss GAAP RPC.<\/div>\n<\/div>\n\n\n\n<div class=\"wp-block-cgb-block-zewo-block-questionnaire-inner\">\n<div class=\"wp-block-cgb-block-zewo-block-questionnaire-question questionnaire-question\">\r\n<div class=\"questionnaire-question--text\">Votre organisation se consacre-t-elle principalement \u00e0 des t\u00e2ches sociales, humanitaires ou socioculturelles ou \u00e0 la protection de l\u2019environnement, des esp\u00e8ces et des animaux?<\/div>\r\n<div class=\"questionnaire-question--actions\"><button class=\"questionnaire-question--actions-yes button success is--transparent\">Oui<\/button><button class=\"questionnaire-question--actions-no button secondary is--transparent\">Non<\/button><\/div>\r\n<\/div>\n\n\n\n<div class=\"wp-block-cgb-block-zewo-block-questionnaire-answer questionnaire-answer\">Les organisations qui ne se consacrent pas \u00e0 un th\u00e8me d\u2019int\u00e9r\u00eat g\u00e9n\u00e9ral ne peuvent pas obtenir le label de qualit\u00e9 Zewo. Cela vaut par exemple pour agences de collectes de fonds ou les organisations qui op\u00e8rent pour les int\u00e9r\u00eats financiers de tiers.<\/div>\n<\/div>\n\n\n\n<div class=\"wp-block-cgb-block-zewo-block-questionnaire-final-answer questionnaire-final-answer\">Parfait ! Votre OBNL dispose d\u00e9j\u00e0 des principaux fondements n\u00e9cessaires pour se soumettre \u00e0 l\u2019examen de la Zewo.<br><br>Profitez d\u00e9sormais d\u2019une\u00a0<a href=\"https:\/\/zewo.ch\/fr\/comment-parvenir-au-label-de-qualite-zewo\/solliciter-une-estimation-sans-engagement\/\">estimation sans engagement<\/a> afin de vous pr\u00e9parer au mieux \u00e0 cet examen.<br><br>Ou consultez les\u00a0<a href=\"https:\/\/zewo.ch\/fr\/apercu-des-21-normes-zewo-condense-et-clair\/\">21 normes Zewo<\/a> ainsi que le\u00a0<a href=\"https:\/\/zewo.ch\/fr\/reglement-relatif-au-label-de-qualite-zewo-2016\/\">r\u00e8glement relatif au label de qualit\u00e9 Zewo.<\/a> Si vous estimez que votre OBNL r\u00e9pond aux exigences Zewo, vous pouvez effectuer une demande d\u2019examen.<\/div>\n<\/div>\n\n\n\n<div class=\"wp-block-cgb-block-zewo-block-columns-container container bg-color-light-gray\"><div class=\"grid-x grid-margin-x\" data-columns=\"2\">\n<div class=\"cell small-12 medium-6\"><div class=\"wp-block-cgb-block-zewo-block-image-teaser ab-block-cta bg-color-secondary\"><div class=\"ab-cta-image-wrap bg-color-secondary\"><img decoding=\"async\" class=\"ab-cta-image\" src=\"https:\/\/zewo.ch\/wp-content\/uploads\/2019\/07\/Pokal-1.png\" alt=\"Der Weg zum Zewo-G\u00fctesiegel\"\/><\/div><div class=\"ab-cta-content\"><h2 class=\"ab-cta-title\">Der Weg zum Zewo-G\u00fctesiegel<\/h2><\/div><div class=\"ab-cta-button\"><a href=\"\/de\/der-weg-zum-zewo-guetesiegel\/\" target=\"_self\" rel=\"noopener noreferrer\" class=\"button primary button-teaser\"><span class=\"button-arrow\"><\/span>Jetzt informieren<\/a><\/div><a href=\"\/de\/der-weg-zum-zewo-guetesiegel\/\" target=\"_self\" rel=\"noopener noreferrer\" class=\"button-teaser--is-full\"><\/a><\/div><\/div>\n\n\n<\/div><\/div>\n\n\n\n<div class=\"wp-block-group\"><div class=\"wp-block-group__inner-container is-layout-flow wp-block-group-is-layout-flow\"><\/div><\/div>\n\n\n\n<div class=\"wp-block-columns is-layout-flex wp-container-core-columns-is-layout-9d6595d7 wp-block-columns-is-layout-flex\">\n<div class=\"wp-block-column is-layout-flow wp-block-column-is-layout-flow\">\n<div class=\"cell small-12 medium-6\"><div class=\"wp-block-cgb-block-zewo-block-image-teaser ab-block-cta bg-color-secondary\"><div class=\"ab-cta-image-wrap bg-color-secondary\"><img decoding=\"async\" class=\"ab-cta-image\" src=\"https:\/\/zewo.ch\/wp-content\/uploads\/2019\/10\/pruefung-beantragen-1.png\" alt=\"Pr\u00fcfung beantragen\"\/><\/div><div class=\"ab-cta-content\"><h2 class=\"ab-cta-title\">Comment parvenir au label de qualit\u00e9 Zewo<\/h2><\/div><div class=\"ab-cta-button\"><a href=\"https:\/\/zewo.ch\/fr\/comment-parvenir-au-label-de-qualite-zewo\/\" target=\"_self\" rel=\"noopener noreferrer\" class=\"button primary button-teaser\"><span class=\"button-arrow\"><\/span>conna\u00eetre le processus<\/a><\/div><a href=\"https:\/\/zewo.ch\/fr\/comment-parvenir-au-label-de-qualite-zewo\/\" target=\"_self\" rel=\"noopener noreferrer\" class=\"button-teaser--is-full\"><\/a><\/div><\/div>\n<\/div>\n\n\n\n<div class=\"wp-block-column is-layout-flow wp-block-column-is-layout-flow\">\n<div class=\"cell small-12 medium-6\"><div class=\"wp-block-cgb-block-zewo-block-image-teaser ab-block-cta bg-color-secondary\"><div class=\"ab-cta-image-wrap bg-color-secondary\"><img decoding=\"async\" class=\"ab-cta-image\" src=\"https:\/\/zewo.ch\/wp-content\/uploads\/2019\/10\/einschaetzung.png\" alt=\"Einsch\u00e4tzung\"\/><\/div><div class=\"ab-cta-content\"><h2 class=\"ab-cta-title\"><strong>Votre NPO r\u00e9pond-elle aux normes ?<\/strong><\/h2><\/div><div class=\"ab-cta-button\"><a href=\"https:\/\/zewo.ch\/fr\/comment-parvenir-au-label-de-qualite-zewo\/solliciter-une-estimation-sans-engagement\/\" target=\"_self\" rel=\"noopener noreferrer\" class=\"button primary button-teaser\"><span class=\"button-arrow\"><\/span>demander une estimation<\/a><\/div><a href=\"https:\/\/zewo.ch\/fr\/comment-parvenir-au-label-de-qualite-zewo\/solliciter-une-estimation-sans-engagement\/\" target=\"_self\" rel=\"noopener noreferrer\" class=\"button-teaser--is-full\"><\/a><\/div><\/div>\n<\/div>\n<\/div>\n","protected":false},"excerpt":{"rendered":"<p>\u00c9valuer les conditions pr\u00e9alables Gr\u00e2ce \u00e0 cinq questions simples, \u00e9valuez si vous pouvez entamer les d\u00e9marches pour obtenir le label de qualit\u00e9 Zewo. Le test vous permettra de voir si vous disposez des bases n\u00e9cessaires pour passer les \u00e9tapes de l\u2019examen.<\/p>\n","protected":false},"author":6,"featured_media":666064,"parent":492853,"menu_order":3,"comment_status":"closed","ping_status":"closed","template":"","meta":{"_acf_changed":false,"footnotes":""},"folder":[6639],"class_list":["post-503136","page","type-page","status-publish","has-post-thumbnail","hentry"],"acf":[],"yoast_head":"<!-- This site is optimized with the Yoast SEO Premium plugin v26.0 (Yoast SEO v26.0) - https:\/\/yoast.com\/wordpress\/plugins\/seo\/ -->\n<title>Zewo<\/title>\n<meta name=\"description\" content=\"D\u00e9terminez en 5 \u00e9tapes simples si votre organisation satisfait aux principaux pr\u00e9alables au d\u00e9p\u00f4t d\u2019une demande.\" \/>\n<meta name=\"robots\" content=\"index, follow, max-snippet:-1, max-image-preview:large, max-video-preview:-1\" \/>\n<link rel=\"canonical\" href=\"https:\/\/zewo.ch\/fr\/comment-parvenir-au-label-de-qualite-zewo\/autotest\/\" \/>\n<meta property=\"og:locale\" content=\"fr_FR\" \/>\n<meta property=\"og:type\" content=\"article\" \/>\n<meta property=\"og:description\" content=\"D\u00e9terminez en 5 \u00e9tapes simples si votre organisation satisfait aux principaux pr\u00e9alables au d\u00e9p\u00f4t d\u2019une demande.\" \/>\n<meta property=\"og:url\" content=\"https:\/\/zewo.ch\/fr\/comment-parvenir-au-label-de-qualite-zewo\/autotest\/\" \/>\n<meta property=\"og:site_name\" content=\"Zewo\" \/>\n<meta property=\"article:publisher\" content=\"https:\/\/www.facebook.com\/Stiftung.ZEWO\/\" \/>\n<meta property=\"article:modified_time\" content=\"2023-09-21T09:48:56+00:00\" \/>\n<meta property=\"og:image\" content=\"https:\/\/zewo.ch\/wp-content\/uploads\/2019\/11\/shutterstock_1463233415_2_WP.jpg\" \/>\n\t<meta property=\"og:image:width\" content=\"2200\" \/>\n\t<meta property=\"og:image:height\" content=\"440\" \/>\n\t<meta property=\"og:image:type\" content=\"image\/jpeg\" \/>\n<meta name=\"twitter:card\" content=\"summary_large_image\" \/>\n<meta name=\"twitter:site\" content=\"@stiftung_zewo\" \/>\n<meta name=\"twitter:label1\" content=\"Dur\u00e9e de lecture estim\u00e9e\" \/>\n\t<meta name=\"twitter:data1\" content=\"3 minutes\" \/>\n<script type=\"application\/ld+json\" class=\"yoast-schema-graph\">{\"@context\":\"https:\/\/schema.org\",\"@graph\":[{\"@type\":\"WebPage\",\"@id\":\"https:\/\/zewo.ch\/fr\/comment-parvenir-au-label-de-qualite-zewo\/autotest\/#webpage\",\"url\":\"https:\/\/zewo.ch\/fr\/comment-parvenir-au-label-de-qualite-zewo\/autotest\/#webpage\",\"name\":\"\",\"isPartOf\":{\"@id\":\"https:\/\/zewo.ch\/fr\/#website\"},\"primaryImageOfPage\":{\"@id\":\"https:\/\/zewo.ch\/fr\/comment-parvenir-au-label-de-qualite-zewo\/autotest\/#primaryimage\"},\"image\":{\"@id\":\"https:\/\/zewo.ch\/fr\/comment-parvenir-au-label-de-qualite-zewo\/autotest\/#primaryimage\"},\"thumbnailUrl\":\"https:\/\/zewo.ch\/wp-content\/uploads\/2019\/11\/shutterstock_1463233415_2_WP.jpg\",\"datePublished\":\"2019-08-21T13:41:16+00:00\",\"dateModified\":\"2023-09-21T09:48:56+00:00\",\"description\":\"D\u00e9terminez en 5 \u00e9tapes simples si votre organisation satisfait aux principaux pr\u00e9alables au d\u00e9p\u00f4t d\u2019une demande.\",\"breadcrumb\":{\"@id\":\"https:\/\/zewo.ch\/fr\/comment-parvenir-au-label-de-qualite-zewo\/autotest\/#breadcrumb\"},\"inLanguage\":\"fr-FR\",\"potentialAction\":[{\"@type\":\"ReadAction\",\"target\":[\"https:\/\/zewo.ch\/fr\/comment-parvenir-au-label-de-qualite-zewo\/autotest\/\"]}]},{\"@type\":\"ImageObject\",\"inLanguage\":\"fr-FR\",\"@id\":\"https:\/\/zewo.ch\/fr\/comment-parvenir-au-label-de-qualite-zewo\/autotest\/#primaryimage\",\"url\":\"https:\/\/zewo.ch\/wp-content\/uploads\/2019\/11\/shutterstock_1463233415_2_WP.jpg\",\"contentUrl\":\"https:\/\/zewo.ch\/wp-content\/uploads\/2019\/11\/shutterstock_1463233415_2_WP.jpg\",\"width\":2200,\"height\":440,\"caption\":\"Header Pr\u00fcfung beantragen\"},{\"@type\":\"BreadcrumbList\",\"@id\":\"https:\/\/zewo.ch\/fr\/comment-parvenir-au-label-de-qualite-zewo\/autotest\/#breadcrumb\",\"itemListElement\":[{\"@type\":\"ListItem\",\"position\":1,\"name\":\"Home\",\"item\":\"https:\/\/zewo.ch\/fr\/\"},{\"@type\":\"ListItem\",\"position\":2,\"name\":\"Comment parvenir au label de qualit\u00e9 Zewo\",\"item\":\"https:\/\/zewo.ch\/fr\/der-weg-zum-zewo-guetesiegel\/\"},{\"@type\":\"ListItem\",\"position\":3,\"name\":\"Autotest\"}]},{\"@type\":\"WebSite\",\"@id\":\"https:\/\/zewo.ch\/fr\/#website\",\"url\":\"https:\/\/zewo.ch\/fr\/\",\"name\":\"Zewo\",\"description\":\"Votre don en bonnes mains.\",\"publisher\":{\"@id\":\"https:\/\/zewo.ch\/fr\/#organization\"},\"potentialAction\":[{\"@type\":\"SearchAction\",\"target\":{\"@type\":\"EntryPoint\",\"urlTemplate\":\"https:\/\/zewo.ch\/fr\/?s={search_term_string}\"},\"query-input\":{\"@type\":\"PropertyValueSpecification\",\"valueRequired\":true,\"valueName\":\"search_term_string\"}}],\"inLanguage\":\"fr-FR\"},{\"@type\":\"Organization\",\"@id\":\"https:\/\/zewo.ch\/fr\/#organization\",\"name\":\"Stiftung Zewo\",\"url\":\"https:\/\/zewo.ch\/fr\/\",\"logo\":{\"@type\":\"ImageObject\",\"inLanguage\":\"fr-FR\",\"@id\":\"https:\/\/zewo.ch\/fr\/#\/schema\/logo\/image\/\",\"url\":\"https:\/\/zewo.ch\/wp-content\/uploads\/2019\/08\/Zewo_Logo_Claim_D.svg\",\"contentUrl\":\"https:\/\/zewo.ch\/wp-content\/uploads\/2019\/08\/Zewo_Logo_Claim_D.svg\",\"width\":1,\"height\":1,\"caption\":\"Stiftung Zewo\"},\"image\":{\"@id\":\"https:\/\/zewo.ch\/fr\/#\/schema\/logo\/image\/\"},\"sameAs\":[\"https:\/\/www.facebook.com\/Stiftung.ZEWO\/\",\"https:\/\/x.com\/stiftung_zewo\",\"https:\/\/www.linkedin.com\/company\/stiftung-zewo\",\"https:\/\/www.youtube.com\/channel\/UCzjsVJro12OXcvvx1LQP8tw\",\"https:\/\/de.wikipedia.org\/wiki\/Zewo\"]}]}<\/script>\n<!-- \/ Yoast SEO Premium plugin. -->","yoast_head_json":{"title":"Zewo","description":"D\u00e9terminez en 5 \u00e9tapes simples si votre organisation satisfait aux principaux pr\u00e9alables au d\u00e9p\u00f4t d\u2019une demande.","robots":{"index":"index","follow":"follow","max-snippet":"max-snippet:-1","max-image-preview":"max-image-preview:large","max-video-preview":"max-video-preview:-1"},"canonical":"https:\/\/zewo.ch\/fr\/comment-parvenir-au-label-de-qualite-zewo\/autotest\/","og_locale":"fr_FR","og_type":"article","og_description":"D\u00e9terminez en 5 \u00e9tapes simples si votre organisation satisfait aux principaux pr\u00e9alables au d\u00e9p\u00f4t d\u2019une demande.","og_url":"https:\/\/zewo.ch\/fr\/comment-parvenir-au-label-de-qualite-zewo\/autotest\/","og_site_name":"Zewo","article_publisher":"https:\/\/www.facebook.com\/Stiftung.ZEWO\/","article_modified_time":"2023-09-21T09:48:56+00:00","og_image":[{"width":2200,"height":440,"url":"https:\/\/zewo.ch\/wp-content\/uploads\/2019\/11\/shutterstock_1463233415_2_WP.jpg","type":"image\/jpeg"}],"twitter_card":"summary_large_image","twitter_site":"@stiftung_zewo","twitter_misc":{"Dur\u00e9e de lecture estim\u00e9e":"3 minutes"},"schema":{"@context":"https:\/\/schema.org","@graph":[{"@type":"WebPage","@id":"https:\/\/zewo.ch\/fr\/comment-parvenir-au-label-de-qualite-zewo\/autotest\/#webpage","url":"https:\/\/zewo.ch\/fr\/comment-parvenir-au-label-de-qualite-zewo\/autotest\/#webpage","name":"","isPartOf":{"@id":"https:\/\/zewo.ch\/fr\/#website"},"primaryImageOfPage":{"@id":"https:\/\/zewo.ch\/fr\/comment-parvenir-au-label-de-qualite-zewo\/autotest\/#primaryimage"},"image":{"@id":"https:\/\/zewo.ch\/fr\/comment-parvenir-au-label-de-qualite-zewo\/autotest\/#primaryimage"},"thumbnailUrl":"https:\/\/zewo.ch\/wp-content\/uploads\/2019\/11\/shutterstock_1463233415_2_WP.jpg","datePublished":"2019-08-21T13:41:16+00:00","dateModified":"2023-09-21T09:48:56+00:00","description":"D\u00e9terminez en 5 \u00e9tapes simples si votre organisation satisfait aux principaux pr\u00e9alables au d\u00e9p\u00f4t d\u2019une demande.","breadcrumb":{"@id":"https:\/\/zewo.ch\/fr\/comment-parvenir-au-label-de-qualite-zewo\/autotest\/#breadcrumb"},"inLanguage":"fr-FR","potentialAction":[{"@type":"ReadAction","target":["https:\/\/zewo.ch\/fr\/comment-parvenir-au-label-de-qualite-zewo\/autotest\/"]}]},{"@type":"ImageObject","inLanguage":"fr-FR","@id":"https:\/\/zewo.ch\/fr\/comment-parvenir-au-label-de-qualite-zewo\/autotest\/#primaryimage","url":"https:\/\/zewo.ch\/wp-content\/uploads\/2019\/11\/shutterstock_1463233415_2_WP.jpg","contentUrl":"https:\/\/zewo.ch\/wp-content\/uploads\/2019\/11\/shutterstock_1463233415_2_WP.jpg","width":2200,"height":440,"caption":"Header Pr\u00fcfung beantragen"},{"@type":"BreadcrumbList","@id":"https:\/\/zewo.ch\/fr\/comment-parvenir-au-label-de-qualite-zewo\/autotest\/#breadcrumb","itemListElement":[{"@type":"ListItem","position":1,"name":"Home","item":"https:\/\/zewo.ch\/fr\/"},{"@type":"ListItem","position":2,"name":"Comment parvenir au label de qualit\u00e9 Zewo","item":"https:\/\/zewo.ch\/fr\/der-weg-zum-zewo-guetesiegel\/"},{"@type":"ListItem","position":3,"name":"Autotest"}]},{"@type":"WebSite","@id":"https:\/\/zewo.ch\/fr\/#website","url":"https:\/\/zewo.ch\/fr\/","name":"Zewo","description":"Votre don en bonnes mains.","publisher":{"@id":"https:\/\/zewo.ch\/fr\/#organization"},"potentialAction":[{"@type":"SearchAction","target":{"@type":"EntryPoint","urlTemplate":"https:\/\/zewo.ch\/fr\/?s={search_term_string}"},"query-input":{"@type":"PropertyValueSpecification","valueRequired":true,"valueName":"search_term_string"}}],"inLanguage":"fr-FR"},{"@type":"Organization","@id":"https:\/\/zewo.ch\/fr\/#organization","name":"Stiftung Zewo","url":"https:\/\/zewo.ch\/fr\/","logo":{"@type":"ImageObject","inLanguage":"fr-FR","@id":"https:\/\/zewo.ch\/fr\/#\/schema\/logo\/image\/","url":"https:\/\/zewo.ch\/wp-content\/uploads\/2019\/08\/Zewo_Logo_Claim_D.svg","contentUrl":"https:\/\/zewo.ch\/wp-content\/uploads\/2019\/08\/Zewo_Logo_Claim_D.svg","width":1,"height":1,"caption":"Stiftung Zewo"},"image":{"@id":"https:\/\/zewo.ch\/fr\/#\/schema\/logo\/image\/"},"sameAs":["https:\/\/www.facebook.com\/Stiftung.ZEWO\/","https:\/\/x.com\/stiftung_zewo","https:\/\/www.linkedin.com\/company\/stiftung-zewo","https:\/\/www.youtube.com\/channel\/UCzjsVJro12OXcvvx1LQP8tw","https:\/\/de.wikipedia.org\/wiki\/Zewo"]}]}},"publishpress_future_action":{"enabled":false,"date":"2026-04-25 11:09:40","action":"change-status","newStatus":"draft","terms":[],"taxonomy":"translation_priority","extraData":[]},"publishpress_future_workflow_manual_trigger":{"enabledWorkflows":[]},"_links":{"self":[{"href":"https:\/\/zewo.ch\/fr\/wp-json\/wp\/v2\/pages\/503136","targetHints":{"allow":["GET"]}}],"collection":[{"href":"https:\/\/zewo.ch\/fr\/wp-json\/wp\/v2\/pages"}],"about":[{"href":"https:\/\/zewo.ch\/fr\/wp-json\/wp\/v2\/types\/page"}],"author":[{"embeddable":true,"href":"https:\/\/zewo.ch\/fr\/wp-json\/wp\/v2\/users\/6"}],"replies":[{"embeddable":true,"href":"https:\/\/zewo.ch\/fr\/wp-json\/wp\/v2\/comments?post=503136"}],"version-history":[{"count":40,"href":"https:\/\/zewo.ch\/fr\/wp-json\/wp\/v2\/pages\/503136\/revisions"}],"predecessor-version":[{"id":5800175,"href":"https:\/\/zewo.ch\/fr\/wp-json\/wp\/v2\/pages\/503136\/revisions\/5800175"}],"up":[{"embeddable":true,"href":"https:\/\/zewo.ch\/fr\/wp-json\/wp\/v2\/pages\/492853"}],"wp:featuredmedia":[{"embeddable":true,"href":"https:\/\/zewo.ch\/fr\/wp-json\/wp\/v2\/media\/666064"}],"wp:attachment":[{"href":"https:\/\/zewo.ch\/fr\/wp-json\/wp\/v2\/media?parent=503136"}],"wp:term":[{"taxonomy":"folder","embeddable":true,"href":"https:\/\/zewo.ch\/fr\/wp-json\/wp\/v2\/folder?post=503136"}],"curies":[{"name":"wp","href":"https:\/\/api.w.org\/{rel}","templated":true}]}}