{"id":503097,"date":"2019-08-21T14:22:20","date_gmt":"2019-08-21T12:22:20","guid":{"rendered":"https:\/\/www.zewo.ch\/?page_id=503097"},"modified":"2025-02-13T14:37:37","modified_gmt":"2025-02-13T13:37:37","slug":"comment-nous-trouver","status":"publish","type":"page","link":"https:\/\/zewo.ch\/fr\/comment-nous-trouver\/","title":{"rendered":"Comment nous trouver?"},"content":{"rendered":"\n<h2 class=\"wp-block-heading\" id=\"h-utilisez-les-transports-publics\">Utilisez les transports publics<\/h2>\n\n\n\n<ul class=\"wp-block-list\"><li>Train S3, S5, S6, S7, S9, S12, S15, S16&nbsp;jusqu\u2019\u00e0 la gare de&nbsp;Bahnhof Hardbr\u00fccke<\/li><li>Bus Nr.&nbsp;33 et 72 jusqu\u2019\u00e0 Schiffbau<\/li><li>Tram Nr. 4&nbsp;et 8 jusqu\u2019\u00e0 Schiffbau<\/li><\/ul>\n\n\n\n<iframe loading=\"lazy\" src=\"https:\/\/www.google.com\/maps\/embed?pb=!1m18!1m12!1m3!1d2701.2239130568078!2d8.515950051961065!3d47.38806387906849!2m3!1f0!2f0!3f0!3m2!1i1024!2i768!4f13.1!3m3!1m2!1s0x47900a6f250bf5df%3A0xb8866d71760d9436!2sStiftung+Zewo!5e0!3m2!1sde!2sch!4v1560322960881!5m2!1sde!2sch\" width=\"600\" height=\"450\" frameborder=\"0\" style=\"border:0\" allowfullscreen=\"\"><\/iframe>\n\n\n\n<h3 class=\"wp-block-heading\" id=\"h-contact\">Contact<\/h3>\n\n\n\n<p>Lundi au vendredi<br>9h \u00e0 12h<br>14h \u00e0 17h<br><br>T\u00e9l\u00e9phone +41 44 366 99 55<br><br><strong>Adresse<br><\/strong>Fondation\u00a0Zewo<br>Pfingstweidstrasse 10<br>8005 Zurich<br><br><a href=\"mailto:info@zewo.ch\">info@zewo.ch<\/a><\/p>\n","protected":false},"excerpt":{"rendered":"<p>Utilisez les transports publics Train S3, S5, S6, S7, S9, S12, S15, S16&nbsp;jusqu\u2019\u00e0 la gare de&nbsp;Bahnhof Hardbr\u00fccke Bus Nr.&nbsp;33 et 72 jusqu\u2019\u00e0 Schiffbau Tram Nr. 4&nbsp;et 8 jusqu\u2019\u00e0 Schiffbau Contact Lundi au vendredi9h \u00e0 12h14h \u00e0 17h T\u00e9l\u00e9phone +41 44 366 99 55 AdresseFondation\u00a0ZewoPfingstweidstrasse 108005 Zurich info@zewo.ch<\/p>\n","protected":false},"author":38,"featured_media":511490,"parent":0,"menu_order":338,"comment_status":"closed","ping_status":"closed","template":"","meta":{"_acf_changed":false,"footnotes":""},"folder":[6643],"class_list":["post-503097","page","type-page","status-publish","has-post-thumbnail","hentry"],"acf":[],"yoast_head":"<!-- This site is optimized with the Yoast SEO Premium plugin v26.0 (Yoast SEO v26.0) - https:\/\/yoast.com\/wordpress\/plugins\/seo\/ -->\n<title>Zewo<\/title>\n<meta name=\"description\" content=\"Comment nous trouver. Vous trouverez ici notre adresse et les meilleures liaisons de transport public vers notre bureau.\" \/>\n<meta name=\"robots\" content=\"index, follow, max-snippet:-1, max-image-preview:large, max-video-preview:-1\" \/>\n<link rel=\"canonical\" href=\"https:\/\/zewo.ch\/fr\/comment-nous-trouver\/\" \/>\n<meta property=\"og:locale\" content=\"fr_FR\" \/>\n<meta property=\"og:type\" content=\"article\" \/>\n<meta property=\"og:description\" content=\"Comment nous trouver. Vous trouverez ici notre adresse et les meilleures liaisons de transport public vers notre bureau.\" \/>\n<meta property=\"og:url\" content=\"https:\/\/zewo.ch\/fr\/comment-nous-trouver\/\" \/>\n<meta property=\"og:site_name\" content=\"Zewo\" \/>\n<meta property=\"article:publisher\" content=\"https:\/\/www.facebook.com\/Stiftung.ZEWO\/\" \/>\n<meta property=\"article:modified_time\" content=\"2025-02-13T13:37:37+00:00\" \/>\n<meta property=\"og:image\" content=\"https:\/\/zewo.ch\/wp-content\/uploads\/2019\/09\/ZEWO_Aussenaufnahme_2200px.jpg\" \/>\n\t<meta property=\"og:image:width\" content=\"2200\" \/>\n\t<meta property=\"og:image:height\" content=\"440\" \/>\n\t<meta property=\"og:image:type\" content=\"image\/jpeg\" \/>\n<meta name=\"twitter:card\" content=\"summary_large_image\" \/>\n<meta name=\"twitter:site\" content=\"@stiftung_zewo\" \/>\n<meta name=\"twitter:label1\" content=\"Dur\u00e9e de lecture estim\u00e9e\" \/>\n\t<meta name=\"twitter:data1\" content=\"1 minute\" \/>\n<script type=\"application\/ld+json\" class=\"yoast-schema-graph\">{\"@context\":\"https:\/\/schema.org\",\"@graph\":[{\"@type\":\"WebPage\",\"@id\":\"https:\/\/zewo.ch\/fr\/comment-nous-trouver\/#webpage\",\"url\":\"https:\/\/zewo.ch\/fr\/comment-nous-trouver\/#webpage\",\"name\":\"\",\"isPartOf\":{\"@id\":\"https:\/\/zewo.ch\/fr\/#website\"},\"primaryImageOfPage\":{\"@id\":\"https:\/\/zewo.ch\/fr\/comment-nous-trouver\/#primaryimage\"},\"image\":{\"@id\":\"https:\/\/zewo.ch\/fr\/comment-nous-trouver\/#primaryimage\"},\"thumbnailUrl\":\"https:\/\/zewo.ch\/wp-content\/uploads\/2019\/09\/ZEWO_Aussenaufnahme_2200px.jpg\",\"datePublished\":\"2019-08-21T12:22:20+00:00\",\"dateModified\":\"2025-02-13T13:37:37+00:00\",\"description\":\"Comment nous trouver. Vous trouverez ici notre adresse et les meilleures liaisons de transport public vers notre bureau.\",\"breadcrumb\":{\"@id\":\"https:\/\/zewo.ch\/fr\/comment-nous-trouver\/#breadcrumb\"},\"inLanguage\":\"fr-FR\",\"potentialAction\":[{\"@type\":\"ReadAction\",\"target\":[\"https:\/\/zewo.ch\/fr\/comment-nous-trouver\/\"]}]},{\"@type\":\"ImageObject\",\"inLanguage\":\"fr-FR\",\"@id\":\"https:\/\/zewo.ch\/fr\/comment-nous-trouver\/#primaryimage\",\"url\":\"https:\/\/zewo.ch\/wp-content\/uploads\/2019\/09\/ZEWO_Aussenaufnahme_2200px.jpg\",\"contentUrl\":\"https:\/\/zewo.ch\/wp-content\/uploads\/2019\/09\/ZEWO_Aussenaufnahme_2200px.jpg\",\"width\":2200,\"height\":440,\"caption\":\"Gesch\u00e4ftsstelle der Stiftung Zewo\"},{\"@type\":\"BreadcrumbList\",\"@id\":\"https:\/\/zewo.ch\/fr\/comment-nous-trouver\/#breadcrumb\",\"itemListElement\":[{\"@type\":\"ListItem\",\"position\":1,\"name\":\"Home\",\"item\":\"https:\/\/zewo.ch\/fr\/\"},{\"@type\":\"ListItem\",\"position\":2,\"name\":\"Comment nous trouver?\"}]},{\"@type\":\"WebSite\",\"@id\":\"https:\/\/zewo.ch\/fr\/#website\",\"url\":\"https:\/\/zewo.ch\/fr\/\",\"name\":\"Zewo\",\"description\":\"Votre don en bonnes mains.\",\"publisher\":{\"@id\":\"https:\/\/zewo.ch\/fr\/#organization\"},\"potentialAction\":[{\"@type\":\"SearchAction\",\"target\":{\"@type\":\"EntryPoint\",\"urlTemplate\":\"https:\/\/zewo.ch\/fr\/?s={search_term_string}\"},\"query-input\":{\"@type\":\"PropertyValueSpecification\",\"valueRequired\":true,\"valueName\":\"search_term_string\"}}],\"inLanguage\":\"fr-FR\"},{\"@type\":\"Organization\",\"@id\":\"https:\/\/zewo.ch\/fr\/#organization\",\"name\":\"Stiftung Zewo\",\"url\":\"https:\/\/zewo.ch\/fr\/\",\"logo\":{\"@type\":\"ImageObject\",\"inLanguage\":\"fr-FR\",\"@id\":\"https:\/\/zewo.ch\/fr\/#\/schema\/logo\/image\/\",\"url\":\"https:\/\/zewo.ch\/wp-content\/uploads\/2019\/08\/Zewo_Logo_Claim_D.svg\",\"contentUrl\":\"https:\/\/zewo.ch\/wp-content\/uploads\/2019\/08\/Zewo_Logo_Claim_D.svg\",\"width\":1,\"height\":1,\"caption\":\"Stiftung Zewo\"},\"image\":{\"@id\":\"https:\/\/zewo.ch\/fr\/#\/schema\/logo\/image\/\"},\"sameAs\":[\"https:\/\/www.facebook.com\/Stiftung.ZEWO\/\",\"https:\/\/x.com\/stiftung_zewo\",\"https:\/\/www.linkedin.com\/company\/stiftung-zewo\",\"https:\/\/www.youtube.com\/channel\/UCzjsVJro12OXcvvx1LQP8tw\",\"https:\/\/de.wikipedia.org\/wiki\/Zewo\"]}]}<\/script>\n<!-- \/ Yoast SEO Premium plugin. -->","yoast_head_json":{"title":"Zewo","description":"Comment nous trouver. Vous trouverez ici notre adresse et les meilleures liaisons de transport public vers notre bureau.","robots":{"index":"index","follow":"follow","max-snippet":"max-snippet:-1","max-image-preview":"max-image-preview:large","max-video-preview":"max-video-preview:-1"},"canonical":"https:\/\/zewo.ch\/fr\/comment-nous-trouver\/","og_locale":"fr_FR","og_type":"article","og_description":"Comment nous trouver. Vous trouverez ici notre adresse et les meilleures liaisons de transport public vers notre bureau.","og_url":"https:\/\/zewo.ch\/fr\/comment-nous-trouver\/","og_site_name":"Zewo","article_publisher":"https:\/\/www.facebook.com\/Stiftung.ZEWO\/","article_modified_time":"2025-02-13T13:37:37+00:00","og_image":[{"width":2200,"height":440,"url":"https:\/\/zewo.ch\/wp-content\/uploads\/2019\/09\/ZEWO_Aussenaufnahme_2200px.jpg","type":"image\/jpeg"}],"twitter_card":"summary_large_image","twitter_site":"@stiftung_zewo","twitter_misc":{"Dur\u00e9e de lecture estim\u00e9e":"1 minute"},"schema":{"@context":"https:\/\/schema.org","@graph":[{"@type":"WebPage","@id":"https:\/\/zewo.ch\/fr\/comment-nous-trouver\/#webpage","url":"https:\/\/zewo.ch\/fr\/comment-nous-trouver\/#webpage","name":"","isPartOf":{"@id":"https:\/\/zewo.ch\/fr\/#website"},"primaryImageOfPage":{"@id":"https:\/\/zewo.ch\/fr\/comment-nous-trouver\/#primaryimage"},"image":{"@id":"https:\/\/zewo.ch\/fr\/comment-nous-trouver\/#primaryimage"},"thumbnailUrl":"https:\/\/zewo.ch\/wp-content\/uploads\/2019\/09\/ZEWO_Aussenaufnahme_2200px.jpg","datePublished":"2019-08-21T12:22:20+00:00","dateModified":"2025-02-13T13:37:37+00:00","description":"Comment nous trouver. Vous trouverez ici notre adresse et les meilleures liaisons de transport public vers notre bureau.","breadcrumb":{"@id":"https:\/\/zewo.ch\/fr\/comment-nous-trouver\/#breadcrumb"},"inLanguage":"fr-FR","potentialAction":[{"@type":"ReadAction","target":["https:\/\/zewo.ch\/fr\/comment-nous-trouver\/"]}]},{"@type":"ImageObject","inLanguage":"fr-FR","@id":"https:\/\/zewo.ch\/fr\/comment-nous-trouver\/#primaryimage","url":"https:\/\/zewo.ch\/wp-content\/uploads\/2019\/09\/ZEWO_Aussenaufnahme_2200px.jpg","contentUrl":"https:\/\/zewo.ch\/wp-content\/uploads\/2019\/09\/ZEWO_Aussenaufnahme_2200px.jpg","width":2200,"height":440,"caption":"Gesch\u00e4ftsstelle der Stiftung Zewo"},{"@type":"BreadcrumbList","@id":"https:\/\/zewo.ch\/fr\/comment-nous-trouver\/#breadcrumb","itemListElement":[{"@type":"ListItem","position":1,"name":"Home","item":"https:\/\/zewo.ch\/fr\/"},{"@type":"ListItem","position":2,"name":"Comment nous trouver?"}]},{"@type":"WebSite","@id":"https:\/\/zewo.ch\/fr\/#website","url":"https:\/\/zewo.ch\/fr\/","name":"Zewo","description":"Votre don en bonnes mains.","publisher":{"@id":"https:\/\/zewo.ch\/fr\/#organization"},"potentialAction":[{"@type":"SearchAction","target":{"@type":"EntryPoint","urlTemplate":"https:\/\/zewo.ch\/fr\/?s={search_term_string}"},"query-input":{"@type":"PropertyValueSpecification","valueRequired":true,"valueName":"search_term_string"}}],"inLanguage":"fr-FR"},{"@type":"Organization","@id":"https:\/\/zewo.ch\/fr\/#organization","name":"Stiftung Zewo","url":"https:\/\/zewo.ch\/fr\/","logo":{"@type":"ImageObject","inLanguage":"fr-FR","@id":"https:\/\/zewo.ch\/fr\/#\/schema\/logo\/image\/","url":"https:\/\/zewo.ch\/wp-content\/uploads\/2019\/08\/Zewo_Logo_Claim_D.svg","contentUrl":"https:\/\/zewo.ch\/wp-content\/uploads\/2019\/08\/Zewo_Logo_Claim_D.svg","width":1,"height":1,"caption":"Stiftung Zewo"},"image":{"@id":"https:\/\/zewo.ch\/fr\/#\/schema\/logo\/image\/"},"sameAs":["https:\/\/www.facebook.com\/Stiftung.ZEWO\/","https:\/\/x.com\/stiftung_zewo","https:\/\/www.linkedin.com\/company\/stiftung-zewo","https:\/\/www.youtube.com\/channel\/UCzjsVJro12OXcvvx1LQP8tw","https:\/\/de.wikipedia.org\/wiki\/Zewo"]}]}},"publishpress_future_action":{"enabled":false,"date":"2026-04-22 23:35:35","action":"change-status","newStatus":"draft","terms":[],"taxonomy":"translation_priority","extraData":[]},"publishpress_future_workflow_manual_trigger":{"enabledWorkflows":[]},"_links":{"self":[{"href":"https:\/\/zewo.ch\/fr\/wp-json\/wp\/v2\/pages\/503097","targetHints":{"allow":["GET"]}}],"collection":[{"href":"https:\/\/zewo.ch\/fr\/wp-json\/wp\/v2\/pages"}],"about":[{"href":"https:\/\/zewo.ch\/fr\/wp-json\/wp\/v2\/types\/page"}],"author":[{"embeddable":true,"href":"https:\/\/zewo.ch\/fr\/wp-json\/wp\/v2\/users\/38"}],"replies":[{"embeddable":true,"href":"https:\/\/zewo.ch\/fr\/wp-json\/wp\/v2\/comments?post=503097"}],"version-history":[{"count":8,"href":"https:\/\/zewo.ch\/fr\/wp-json\/wp\/v2\/pages\/503097\/revisions"}],"predecessor-version":[{"id":5795150,"href":"https:\/\/zewo.ch\/fr\/wp-json\/wp\/v2\/pages\/503097\/revisions\/5795150"}],"wp:featuredmedia":[{"embeddable":true,"href":"https:\/\/zewo.ch\/fr\/wp-json\/wp\/v2\/media\/511490"}],"wp:attachment":[{"href":"https:\/\/zewo.ch\/fr\/wp-json\/wp\/v2\/media?parent=503097"}],"wp:term":[{"taxonomy":"folder","embeddable":true,"href":"https:\/\/zewo.ch\/fr\/wp-json\/wp\/v2\/folder?post=503097"}],"curies":[{"name":"wp","href":"https:\/\/api.w.org\/{rel}","templated":true}]}}