{"id":502590,"date":"2019-08-19T15:57:36","date_gmt":"2019-08-19T13:57:36","guid":{"rendered":"https:\/\/www.zewo.ch\/?page_id=502590"},"modified":"2022-02-17T10:09:04","modified_gmt":"2022-02-17T09:09:04","slug":"sabonner-a-la-newsletter","status":"publish","type":"page","link":"https:\/\/zewo.ch\/fr\/sabonner-a-la-newsletter\/","title":{"rendered":"S\u2019abonner \u00e0 la newsletter"},"content":{"rendered":"\n<h2 class=\"wp-block-heading\" id=\"h-rester-la-page\">Rester \u00e0 la page<\/h2>\n\n\n\n<p><strong>Une charge minimum pour une utilit\u00e9 maximum. Gr\u00e2ce aux news OBNL, vous ne raterez aucune information concernant les questions quotidiennes de votre OBNL. Vous recevrez un e-mail qui vous dirigera vers les publications, les <a href=\"https:\/\/zewo.ch\/fr\/chiffres-cles-et-indices-de-reference-pour-les-oeuvres-de-bienfaisance\/\">chiffres cl\u00e9s<\/a> actuels ou les <a href=\"https:\/\/zewo.ch\/fr\/statistiques-des-dons\/\">statistiques<\/a> et vous informera des <a href=\"https:\/\/zewo.ch\/fr\/publications\/\">\u00e9v\u00e9nements<\/a> importants, ainsi que des <a href=\"\/fr\/avantages-pour-les-organisations-titulaires-du-label-de-qualite-zewo\/\">offres sp\u00e9ciales qui peuvent vous int\u00e9resser. <\/a><\/strong><\/p>\n\n\n\n<p>Remplissez simplement le formulaire ci-dessous et abonnez-vous en un clic aux news en direct des OBNL. Ainsi, vous resterez inform\u00e9 sur l\u2019actualit\u00e9 de la Zewo, le label de qualit\u00e9 et les normes. Un service qui n\u2019a pas de prix&#8230; Et totalement gratuit.<\/p>\n\n\n\n<h3 class=\"wp-block-heading\" id=\"h-abonnez-vous-aux-news\">Abonnez-vous aux news<\/h3>\n\n\n<script>(function() {\n\twindow.mc4wp = window.mc4wp || {\n\t\tlisteners: [],\n\t\tforms: {\n\t\t\ton: function(evt, cb) {\n\t\t\t\twindow.mc4wp.listeners.push(\n\t\t\t\t\t{\n\t\t\t\t\t\tevent   : evt,\n\t\t\t\t\t\tcallback: cb\n\t\t\t\t\t}\n\t\t\t\t);\n\t\t\t}\n\t\t}\n\t}\n})();\n<\/script><!-- Mailchimp for WordPress v4.10.7 - https:\/\/wordpress.org\/plugins\/mailchimp-for-wp\/ --><form id=\"mc4wp-form-1\" class=\"mc4wp-form mc4wp-form-502599\" method=\"post\" data-id=\"502599\" data-name=\"Bulletin Zewo\" ><div class=\"mc4wp-form-fields\"><p>\r\n    <input type=\"text\" name=\"FNAME\" placeholder=\"Pr\u00e9nom*\"\r\n    required=\"\">\r\n<\/p>\r\n<p>\r\n    <input type=\"text\" name=\"LNAME\" placeholder=\"Nom*\"\r\n    required=\"\">\r\n<\/p>\r\n<p>\r\n    <input type=\"email\" name=\"EMAIL\" placeholder=\"E-Mail*\"\r\n    required=\"\">\r\n<\/p>\r\n<p>\r\n    <input type=\"text\" name=\"ORAGNI\" placeholder=\"Organisation\">\r\n<\/p>\r\n<p>\r\n    <input type=\"submit\" class=\"button\" value=\"S'inscrire\">\r\n<\/p>\r\n\r\n<p>\r\n    <label>\r\n        <input name=\"AGREE_TO_TERMS\" type=\"checkbox\" value=\"1\" required=\"\"> <a href=\"\/fr\/mentions-legales-et-protection-des-donnees\/\" target=\"_blank\" rel=\"noopener noreferrer\">J&rsquo;accepte la politique de protection des donn\u00e9es. <\/a>\r\n    <\/label>\r\n<\/p>\r\n<\/div><label style=\"display: none !important;\">Laissez ce champ vide si vous \u00eates humain\u00a0: <input type=\"text\" name=\"_mc4wp_honeypot\" value=\"\" tabindex=\"-1\" autocomplete=\"off\" \/><\/label><input type=\"hidden\" name=\"_mc4wp_timestamp\" value=\"1776329680\" \/><input type=\"hidden\" name=\"_mc4wp_form_id\" value=\"502599\" \/><input type=\"hidden\" name=\"_mc4wp_form_element_id\" value=\"mc4wp-form-1\" \/><div class=\"mc4wp-response\"><\/div><\/form><!-- \/ Mailchimp for WordPress Plugin -->\n\n\n<div class=\"wp-block-cgb-block-zewo-block-columns-container container bg-color-light-gray\"><div class=\"grid-x grid-margin-x\" data-columns=\"3\">\n<div class=\"cell small-12 medium-6\"><div class=\"wp-block-cgb-block-zewo-block-image-text-teaser ab-block-cta\"><div class=\"ab-cta-image-wrap bg-color-secondary\"><img decoding=\"async\" class=\"ab-cta-image\" src=\"https:\/\/zewo.ch\/wp-content\/uploads\/2019\/08\/Zewo-News-Box.png\" alt=\"Zewo Newsews\"\/><\/div><div class=\"ab-cta-content\"><h2 class=\"ab-cta-title\">Zewo News<\/h2><div class=\"ab-cta-text\">\n<p>Connaissez-vous Zewo news avec des informations sur la certification, le label de qualit\u00e9 et les dons?<\/p>\n<\/div><\/div><div class=\"ab-cta-button\"><a href=\"\/fr\/zewo-news\/\" target=\"_self\" rel=\"noopener noreferrer\" class=\"button primary button-teaser\"><span class=\"button-arrow\"><\/span>Lire maintenant<\/a><\/div><a href=\"\/fr\/zewo-news\/\" target=\"_self\" rel=\"noopener noreferrer\" class=\"button-teaser--is-full\"><\/a><\/div><\/div>\n\n\n\n<div class=\"cell small-12 medium-6\"><div class=\"wp-block-cgb-block-zewo-block-image-text-teaser ab-block-cta\"><div class=\"ab-cta-image-wrap bg-color-secondary\"><img decoding=\"async\" class=\"ab-cta-image\" src=\"https:\/\/zewo.ch\/wp-content\/uploads\/2019\/08\/Spendenland-CH-2017-900px.png\" alt=\"Spendenland Schweiz\"\/><\/div><div class=\"ab-cta-content\"><h2 class=\"ab-cta-title\">Statistiques des dons<\/h2><div class=\"ab-cta-text\">\n<p>La Suisse, un pays donateur<\/p>\n<\/div><\/div><div class=\"ab-cta-button\"><a href=\"\/fr\/statistiques-des-dons\/\" target=\"_self\" rel=\"noopener noreferrer\" class=\"button primary button-teaser\"><span class=\"button-arrow\"><\/span>En savoir plus<\/a><\/div><a href=\"\/fr\/statistiques-des-dons\/\" target=\"_self\" rel=\"noopener noreferrer\" class=\"button-teaser--is-full\"><\/a><\/div><\/div>\n\n\n<\/div><\/div>\n","protected":false},"excerpt":{"rendered":"<p>Rester \u00e0 la page Une charge minimum pour une utilit\u00e9 maximum. Gr\u00e2ce aux news OBNL, vous ne raterez aucune information concernant les questions quotidiennes de votre OBNL. Vous recevrez un e-mail qui vous dirigera vers les publications, les chiffres cl\u00e9s actuels ou les statistiques et vous informera des \u00e9v\u00e9nements importants, ainsi que des offres sp\u00e9ciales [&hellip;]<\/p>\n","protected":false},"author":6,"featured_media":666035,"parent":0,"menu_order":302,"comment_status":"closed","ping_status":"closed","template":"","meta":{"_acf_changed":false,"footnotes":""},"folder":[6643],"class_list":["post-502590","page","type-page","status-publish","has-post-thumbnail","hentry"],"acf":[],"yoast_head":"<!-- This site is optimized with the Yoast SEO Premium plugin v26.0 (Yoast SEO v26.0) - https:\/\/yoast.com\/wordpress\/plugins\/seo\/ -->\n<title>Zewo<\/title>\n<meta name=\"description\" content=\"Informez-vous sur les nouveaut\u00e9s, les tenants et aboutissants et les opinions concernant des th\u00e8mes pertinents ayant trait aux normes de la Zewo.\" \/>\n<meta name=\"robots\" content=\"index, follow, max-snippet:-1, max-image-preview:large, max-video-preview:-1\" \/>\n<link rel=\"canonical\" href=\"https:\/\/zewo.ch\/fr\/sabonner-a-la-newsletter\/\" \/>\n<meta property=\"og:locale\" content=\"fr_FR\" \/>\n<meta property=\"og:type\" content=\"article\" \/>\n<meta property=\"og:description\" content=\"Informez-vous sur les nouveaut\u00e9s, les tenants et aboutissants et les opinions concernant des th\u00e8mes pertinents ayant trait aux normes de la Zewo.\" \/>\n<meta property=\"og:url\" content=\"https:\/\/zewo.ch\/fr\/sabonner-a-la-newsletter\/\" \/>\n<meta property=\"og:site_name\" content=\"Zewo\" \/>\n<meta property=\"article:publisher\" content=\"https:\/\/www.facebook.com\/Stiftung.ZEWO\/\" \/>\n<meta property=\"article:modified_time\" content=\"2022-02-17T09:09:04+00:00\" \/>\n<meta property=\"og:image\" content=\"https:\/\/zewo.ch\/wp-content\/uploads\/2019\/11\/shutterstock_641494546_WP.jpg\" \/>\n\t<meta property=\"og:image:width\" content=\"2200\" \/>\n\t<meta property=\"og:image:height\" content=\"440\" \/>\n\t<meta property=\"og:image:type\" content=\"image\/jpeg\" \/>\n<meta name=\"twitter:card\" content=\"summary_large_image\" \/>\n<meta name=\"twitter:site\" content=\"@stiftung_zewo\" \/>\n<meta name=\"twitter:label1\" content=\"Dur\u00e9e de lecture estim\u00e9e\" \/>\n\t<meta name=\"twitter:data1\" content=\"1 minute\" \/>\n<script type=\"application\/ld+json\" class=\"yoast-schema-graph\">{\"@context\":\"https:\/\/schema.org\",\"@graph\":[{\"@type\":\"WebPage\",\"@id\":\"https:\/\/zewo.ch\/fr\/sabonner-a-la-newsletter\/#webpage\",\"url\":\"https:\/\/zewo.ch\/fr\/sabonner-a-la-newsletter\/#webpage\",\"name\":\"\",\"isPartOf\":{\"@id\":\"https:\/\/zewo.ch\/fr\/#website\"},\"primaryImageOfPage\":{\"@id\":\"https:\/\/zewo.ch\/fr\/sabonner-a-la-newsletter\/#primaryimage\"},\"image\":{\"@id\":\"https:\/\/zewo.ch\/fr\/sabonner-a-la-newsletter\/#primaryimage\"},\"thumbnailUrl\":\"https:\/\/zewo.ch\/wp-content\/uploads\/2019\/11\/shutterstock_641494546_WP.jpg\",\"datePublished\":\"2019-08-19T13:57:36+00:00\",\"dateModified\":\"2022-02-17T09:09:04+00:00\",\"description\":\"Informez-vous sur les nouveaut\u00e9s, les tenants et aboutissants et les opinions concernant des th\u00e8mes pertinents ayant trait aux normes de la Zewo.\",\"breadcrumb\":{\"@id\":\"https:\/\/zewo.ch\/fr\/sabonner-a-la-newsletter\/#breadcrumb\"},\"inLanguage\":\"fr-FR\",\"potentialAction\":[{\"@type\":\"ReadAction\",\"target\":[\"https:\/\/zewo.ch\/fr\/sabonner-a-la-newsletter\/\"]}]},{\"@type\":\"ImageObject\",\"inLanguage\":\"fr-FR\",\"@id\":\"https:\/\/zewo.ch\/fr\/sabonner-a-la-newsletter\/#primaryimage\",\"url\":\"https:\/\/zewo.ch\/wp-content\/uploads\/2019\/11\/shutterstock_641494546_WP.jpg\",\"contentUrl\":\"https:\/\/zewo.ch\/wp-content\/uploads\/2019\/11\/shutterstock_641494546_WP.jpg\",\"width\":2200,\"height\":440},{\"@type\":\"BreadcrumbList\",\"@id\":\"https:\/\/zewo.ch\/fr\/sabonner-a-la-newsletter\/#breadcrumb\",\"itemListElement\":[{\"@type\":\"ListItem\",\"position\":1,\"name\":\"Home\",\"item\":\"https:\/\/zewo.ch\/fr\/\"},{\"@type\":\"ListItem\",\"position\":2,\"name\":\"S\u2019abonner \u00e0 la newsletter\"}]},{\"@type\":\"WebSite\",\"@id\":\"https:\/\/zewo.ch\/fr\/#website\",\"url\":\"https:\/\/zewo.ch\/fr\/\",\"name\":\"Zewo\",\"description\":\"Votre don en bonnes mains.\",\"publisher\":{\"@id\":\"https:\/\/zewo.ch\/fr\/#organization\"},\"potentialAction\":[{\"@type\":\"SearchAction\",\"target\":{\"@type\":\"EntryPoint\",\"urlTemplate\":\"https:\/\/zewo.ch\/fr\/?s={search_term_string}\"},\"query-input\":{\"@type\":\"PropertyValueSpecification\",\"valueRequired\":true,\"valueName\":\"search_term_string\"}}],\"inLanguage\":\"fr-FR\"},{\"@type\":\"Organization\",\"@id\":\"https:\/\/zewo.ch\/fr\/#organization\",\"name\":\"Stiftung Zewo\",\"url\":\"https:\/\/zewo.ch\/fr\/\",\"logo\":{\"@type\":\"ImageObject\",\"inLanguage\":\"fr-FR\",\"@id\":\"https:\/\/zewo.ch\/fr\/#\/schema\/logo\/image\/\",\"url\":\"https:\/\/zewo.ch\/wp-content\/uploads\/2019\/08\/Zewo_Logo_Claim_D.svg\",\"contentUrl\":\"https:\/\/zewo.ch\/wp-content\/uploads\/2019\/08\/Zewo_Logo_Claim_D.svg\",\"width\":1,\"height\":1,\"caption\":\"Stiftung Zewo\"},\"image\":{\"@id\":\"https:\/\/zewo.ch\/fr\/#\/schema\/logo\/image\/\"},\"sameAs\":[\"https:\/\/www.facebook.com\/Stiftung.ZEWO\/\",\"https:\/\/x.com\/stiftung_zewo\",\"https:\/\/www.linkedin.com\/company\/stiftung-zewo\",\"https:\/\/www.youtube.com\/channel\/UCzjsVJro12OXcvvx1LQP8tw\",\"https:\/\/de.wikipedia.org\/wiki\/Zewo\"]}]}<\/script>\n<!-- \/ Yoast SEO Premium plugin. -->","yoast_head_json":{"title":"Zewo","description":"Informez-vous sur les nouveaut\u00e9s, les tenants et aboutissants et les opinions concernant des th\u00e8mes pertinents ayant trait aux normes de la Zewo.","robots":{"index":"index","follow":"follow","max-snippet":"max-snippet:-1","max-image-preview":"max-image-preview:large","max-video-preview":"max-video-preview:-1"},"canonical":"https:\/\/zewo.ch\/fr\/sabonner-a-la-newsletter\/","og_locale":"fr_FR","og_type":"article","og_description":"Informez-vous sur les nouveaut\u00e9s, les tenants et aboutissants et les opinions concernant des th\u00e8mes pertinents ayant trait aux normes de la Zewo.","og_url":"https:\/\/zewo.ch\/fr\/sabonner-a-la-newsletter\/","og_site_name":"Zewo","article_publisher":"https:\/\/www.facebook.com\/Stiftung.ZEWO\/","article_modified_time":"2022-02-17T09:09:04+00:00","og_image":[{"width":2200,"height":440,"url":"https:\/\/zewo.ch\/wp-content\/uploads\/2019\/11\/shutterstock_641494546_WP.jpg","type":"image\/jpeg"}],"twitter_card":"summary_large_image","twitter_site":"@stiftung_zewo","twitter_misc":{"Dur\u00e9e de lecture estim\u00e9e":"1 minute"},"schema":{"@context":"https:\/\/schema.org","@graph":[{"@type":"WebPage","@id":"https:\/\/zewo.ch\/fr\/sabonner-a-la-newsletter\/#webpage","url":"https:\/\/zewo.ch\/fr\/sabonner-a-la-newsletter\/#webpage","name":"","isPartOf":{"@id":"https:\/\/zewo.ch\/fr\/#website"},"primaryImageOfPage":{"@id":"https:\/\/zewo.ch\/fr\/sabonner-a-la-newsletter\/#primaryimage"},"image":{"@id":"https:\/\/zewo.ch\/fr\/sabonner-a-la-newsletter\/#primaryimage"},"thumbnailUrl":"https:\/\/zewo.ch\/wp-content\/uploads\/2019\/11\/shutterstock_641494546_WP.jpg","datePublished":"2019-08-19T13:57:36+00:00","dateModified":"2022-02-17T09:09:04+00:00","description":"Informez-vous sur les nouveaut\u00e9s, les tenants et aboutissants et les opinions concernant des th\u00e8mes pertinents ayant trait aux normes de la Zewo.","breadcrumb":{"@id":"https:\/\/zewo.ch\/fr\/sabonner-a-la-newsletter\/#breadcrumb"},"inLanguage":"fr-FR","potentialAction":[{"@type":"ReadAction","target":["https:\/\/zewo.ch\/fr\/sabonner-a-la-newsletter\/"]}]},{"@type":"ImageObject","inLanguage":"fr-FR","@id":"https:\/\/zewo.ch\/fr\/sabonner-a-la-newsletter\/#primaryimage","url":"https:\/\/zewo.ch\/wp-content\/uploads\/2019\/11\/shutterstock_641494546_WP.jpg","contentUrl":"https:\/\/zewo.ch\/wp-content\/uploads\/2019\/11\/shutterstock_641494546_WP.jpg","width":2200,"height":440},{"@type":"BreadcrumbList","@id":"https:\/\/zewo.ch\/fr\/sabonner-a-la-newsletter\/#breadcrumb","itemListElement":[{"@type":"ListItem","position":1,"name":"Home","item":"https:\/\/zewo.ch\/fr\/"},{"@type":"ListItem","position":2,"name":"S\u2019abonner \u00e0 la newsletter"}]},{"@type":"WebSite","@id":"https:\/\/zewo.ch\/fr\/#website","url":"https:\/\/zewo.ch\/fr\/","name":"Zewo","description":"Votre don en bonnes mains.","publisher":{"@id":"https:\/\/zewo.ch\/fr\/#organization"},"potentialAction":[{"@type":"SearchAction","target":{"@type":"EntryPoint","urlTemplate":"https:\/\/zewo.ch\/fr\/?s={search_term_string}"},"query-input":{"@type":"PropertyValueSpecification","valueRequired":true,"valueName":"search_term_string"}}],"inLanguage":"fr-FR"},{"@type":"Organization","@id":"https:\/\/zewo.ch\/fr\/#organization","name":"Stiftung Zewo","url":"https:\/\/zewo.ch\/fr\/","logo":{"@type":"ImageObject","inLanguage":"fr-FR","@id":"https:\/\/zewo.ch\/fr\/#\/schema\/logo\/image\/","url":"https:\/\/zewo.ch\/wp-content\/uploads\/2019\/08\/Zewo_Logo_Claim_D.svg","contentUrl":"https:\/\/zewo.ch\/wp-content\/uploads\/2019\/08\/Zewo_Logo_Claim_D.svg","width":1,"height":1,"caption":"Stiftung Zewo"},"image":{"@id":"https:\/\/zewo.ch\/fr\/#\/schema\/logo\/image\/"},"sameAs":["https:\/\/www.facebook.com\/Stiftung.ZEWO\/","https:\/\/x.com\/stiftung_zewo","https:\/\/www.linkedin.com\/company\/stiftung-zewo","https:\/\/www.youtube.com\/channel\/UCzjsVJro12OXcvvx1LQP8tw","https:\/\/de.wikipedia.org\/wiki\/Zewo"]}]}},"publishpress_future_action":{"enabled":false,"date":"2026-04-23 10:54:40","action":"change-status","newStatus":"draft","terms":[],"taxonomy":"translation_priority","extraData":[]},"publishpress_future_workflow_manual_trigger":{"enabledWorkflows":[]},"_links":{"self":[{"href":"https:\/\/zewo.ch\/fr\/wp-json\/wp\/v2\/pages\/502590","targetHints":{"allow":["GET"]}}],"collection":[{"href":"https:\/\/zewo.ch\/fr\/wp-json\/wp\/v2\/pages"}],"about":[{"href":"https:\/\/zewo.ch\/fr\/wp-json\/wp\/v2\/types\/page"}],"author":[{"embeddable":true,"href":"https:\/\/zewo.ch\/fr\/wp-json\/wp\/v2\/users\/6"}],"replies":[{"embeddable":true,"href":"https:\/\/zewo.ch\/fr\/wp-json\/wp\/v2\/comments?post=502590"}],"version-history":[{"count":15,"href":"https:\/\/zewo.ch\/fr\/wp-json\/wp\/v2\/pages\/502590\/revisions"}],"predecessor-version":[{"id":5786861,"href":"https:\/\/zewo.ch\/fr\/wp-json\/wp\/v2\/pages\/502590\/revisions\/5786861"}],"wp:featuredmedia":[{"embeddable":true,"href":"https:\/\/zewo.ch\/fr\/wp-json\/wp\/v2\/media\/666035"}],"wp:attachment":[{"href":"https:\/\/zewo.ch\/fr\/wp-json\/wp\/v2\/media?parent=502590"}],"wp:term":[{"taxonomy":"folder","embeddable":true,"href":"https:\/\/zewo.ch\/fr\/wp-json\/wp\/v2\/folder?post=502590"}],"curies":[{"name":"wp","href":"https:\/\/api.w.org\/{rel}","templated":true}]}}