{"id":501449,"date":"2019-08-15T14:55:01","date_gmt":"2019-08-15T12:55:01","guid":{"rendered":"https:\/\/www.zewo.ch\/?page_id=501449"},"modified":"2024-03-27T15:41:50","modified_gmt":"2024-03-27T14:41:50","slug":"medias","status":"publish","type":"page","link":"https:\/\/zewo.ch\/fr\/medias\/","title":{"rendered":"M\u00e9dias"},"content":{"rendered":"\n<h2 class=\"wp-block-heading\">Renseignements sur les dons<\/h2>\n\n\n\n<p><strong>La Zewo r\u00e9pond volontiers aux questions des m\u00e9dias. En tant qu\u2019organisme de certification des OBNL, la fondation dispose d&rsquo;un aper\u00e7u g\u00e9n\u00e9ral des collectes de dons en Suisse. Elle garantit qualit\u00e9 et transparence en mati\u00e8re de dons.<\/strong><\/p>\n\n\n\n<p>Vous\ncherchez des conseils \u00e0 fournir aux donateurs ? Vous souhaitez en savoir plus\nsur le traitement rigoureux des dons ? Ou vous cherchez \u00e0 conna\u00eetre la face\ncach\u00e9e des collectes de dons ? En vous tournant vers la Zewo, vous frappez \u00e0 la\nbonne porte.<\/p>\n\n\n\n<p>L\u2019organisme suisse de certification\u00a0<a href=\"\/fr\/comment-parvenir-au-label-de-qualite-zewo\/demander-un-examen-complet\/\">contr\u00f4le<\/a>\u00a0les OBNL d\u2019utilit\u00e9 publique effectuant des collectes de dons. Les OBNL qui r\u00e9pondent aux\u00a0<a href=\"\/fr\/apercu-des-21-normes-zewo-condense-et-clair\/\">21 normes<\/a> Zewo re\u00e7oivent <a href=\"\/fr\/label-de-qualite\/\">le\u00a0label de qualit\u00e9<\/a> de la fondation. Cela garantit que chez vous, les dons sont en bonnes mains car vous les utilisez efficacement et en ad\u00e9quation avec vos objectifs. Les\u00a0<a href=\"\/fr\/npo-recherche\/\">OBNL certifi\u00e9es<\/a>\u00a0sont r\u00e9guli\u00e8rement contr\u00f4l\u00e9es par la Zewo. De plus, <a href=\"\/fr\/zewo-deconseille-de-faire-des-dons\/\">la fondation\u00a0d\u00e9conseille de faire des dons <\/a>en cas de collectes qui s\u2019\u00e9cartent fortement des normes Zewo.<\/p>\n\n\n\n<h3 class=\"wp-block-heading\">Faits, chiffres et donn\u00e9es<\/h3>\n\n\n\n<p>Les <a href=\"\/fr\/statistiques-des-dons\/\">statistiques de dons<\/a> r\u00e9alis\u00e9es chaque ann\u00e9e par la Zewo d\u00e9voilent les montants r\u00e9colt\u00e9s par les OBNL gr\u00e2ce aux collectes de fonds. Le tout est compl\u00e9t\u00e9 gr\u00e2ce \u00e0 des \u00e9tudes scientifiques. La Zewo dispose ainsi r\u00e9guli\u00e8rement de <a href=\"\/fr\/chiffres-cles-et-indices-de-reference-pour-les-oeuvres-de-bienfaisance\/\">chiffres cl\u00e9s en mati\u00e8re de co\u00fbts, de r\u00e9serves<\/a>&nbsp;et de <a href=\"\/fr\/remunerations-dans-les-oeuvres-de-bienfaisance-suisse\/\">r\u00e9mun\u00e9rations des OBNL<\/a>.<\/p>\n\n\n\n<h3 class=\"wp-block-heading\" id=\"1\">Informations aux m\u00e9dias<\/h3>\n\n\n\n<p>La\ndirectrice de la Zewo vous fournira volontiers tous les renseignements relatifs\naux dons.<\/p>\n\n\n\n<figure class=\"wp-block-image\"><img loading=\"lazy\" decoding=\"async\" width=\"1024\" height=\"683\" src=\"https:\/\/zewo.ch\/wp-content\/uploads\/2019\/09\/Martina-Ziegerer-Stiftung-Zewo-Web-1024x683.jpg\" alt=\"Martina Ziegerer, Stiftung Zewo\" class=\"wp-image-511646\" srcset=\"https:\/\/zewo.ch\/wp-content\/uploads\/2019\/09\/Martina-Ziegerer-Stiftung-Zewo-Web-1024x683.jpg 1024w, https:\/\/zewo.ch\/wp-content\/uploads\/2019\/09\/Martina-Ziegerer-Stiftung-Zewo-Web-300x200.jpg 300w, https:\/\/zewo.ch\/wp-content\/uploads\/2019\/09\/Martina-Ziegerer-Stiftung-Zewo-Web-768x512.jpg 768w, https:\/\/zewo.ch\/wp-content\/uploads\/2019\/09\/Martina-Ziegerer-Stiftung-Zewo-Web.jpg 1500w\" sizes=\"auto, (min-width: 960px) 75vw, 100vw\" \/><\/figure>\n\n\n\n<p><strong>Martina Ziegerer, directrice, <\/strong>est l\u00e0 pour vous renseigner.<br><strong>T\u00e9l\u00e9phone <\/strong>044 366 99 55<br><strong>E-Mail<\/strong> <a href=\"mailto:medienanfrage@zewo.ch\">medienanfrage@zewo.ch<\/a><\/p>\n\n\n\n<h3 class=\"wp-block-heading\">T\u00e9l\u00e9charger photo<\/h3>\n\n\n\n<ul class=\"wp-block-list\"><li><a rel=\"noreferrer noopener\" aria-label=\" (\u00f6ffnet in neuem Tab)\" href=\"https:\/\/zewo.ch\/fr\/equipe\/martina-ziegerer-zewo-2\/\" target=\"_blank\">pour impression (high-res)<\/a> <\/li><li><a href=\"https:\/\/zewo.ch\/fr\/medias\/martina-ziegerer-stiftung-zewo-web-2\/\" target=\"_blank\" rel=\"noreferrer noopener\" aria-label=\" (\u00f6ffnet in neuem Tab)\">pour Internet (low-res)<\/a><\/li><\/ul>\n\n\n\n<ul class=\"wp-block-cgb-block-zewo-block-links container container-columns-1\">\n<li class=\"wp-block-cgb-block-zewo-block-link ab-block-link\"><a href=\"https:\/\/zewo.ch\/fr\/statistiques-des-dons\/\" class=\"button\"><span>Les Statistiques des dons<\/span><span class=\"button-arrow--long\"><\/span><\/a><\/li>\n<\/ul>\n\n\n\n<h2 class=\"wp-block-heading\" id=\"2\">Blog News Feed<\/h2>\n\n\n<div class=\"wp-block-cgb-block-zewo-block-columns-container container bg-color-light-gray margin-top-3 margin-bottom-2 wp-block--latest-posts\"><div class=\"grid-x grid-margin-x\"><div class=\"cell small-12 medium-6 large-4\"><div class=\"wp-block-cgb-block-zewo-block-image-text-teaser ab-block-cta\"><div class=\"ab-cta-image-wrap bg-color-secondary\"><img loading=\"lazy\" decoding=\"async\" width=\"600\" height=\"400\" src=\"https:\/\/zewo.ch\/wp-content\/uploads\/2026\/04\/Spendenprognose_2025_F.png\" class=\"alm-thumbnail ab-cta-image wp-post-image\" alt=\"\" srcset=\"https:\/\/zewo.ch\/wp-content\/uploads\/2026\/04\/Spendenprognose_2025_F.png 600w, https:\/\/zewo.ch\/wp-content\/uploads\/2026\/04\/Spendenprognose_2025_F-300x200.png 300w\" sizes=\"auto, (min-width: 960px) 75vw, 100vw\" \/><\/div><div class=\"ab-cta-content\"><h2 class=\"ab-cta-title\">Pr\u00e9visions des dons 2025 : volume de dons stable \u2013 contexte en mutation<\/h2><div class=\"ab-cta-text\">Les dons en Suisse se maintiennent \u00e0 un niveau \u00e9lev\u00e9. Pour 2025, les pr\u00e9visions de la Zewo tablent sur un total d\u2019environ 2,3 milliards de francs, soit l\u00e9g\u00e8rement plus que l\u2019ann\u00e9e pr\u00e9c\u00e9dente. Dans le m\u00eame temps, la composition des dons \u00e9volue : alors que les contributions des m\u00e9nages priv\u00e9s et les legs reculent l\u00e9g\u00e8rement, les dons institutionnels augmentent nettement.<\/div><\/div><div class=\"ab-cta-button\"><a href=\"https:\/\/zewo.ch\/fr\/news-previsions-des-dons-2025-volume-de-dons-stable-contexte-en-mutation\/\" target=\"_self\" rel=\"noopener noreferrer\" class=\"button primary button-teaser\"><span class=\"button-arrow\"><\/span>En savoir plus<\/a><span class=\"entry-meta\">7.4.26<\/span><\/div><a href=\"https:\/\/zewo.ch\/fr\/news-previsions-des-dons-2025-volume-de-dons-stable-contexte-en-mutation\/\" target=\"_self\" rel=\"noopener noreferrer\" class=\"button-teaser--is-full\"><\/a><\/div><\/div><div class=\"cell small-12 medium-6 large-4\"><div class=\"wp-block-cgb-block-zewo-block-image-text-teaser ab-block-cta\"><div class=\"ab-cta-image-wrap bg-color-secondary\"><img loading=\"lazy\" decoding=\"async\" width=\"600\" height=\"400\" src=\"https:\/\/zewo.ch\/wp-content\/uploads\/2026\/01\/Bild_QA-Expert_Suisse_FR.png\" class=\"alm-thumbnail ab-cta-image wp-post-image\" alt=\"Bild Q&amp;A Expert Suisse FR\" srcset=\"https:\/\/zewo.ch\/wp-content\/uploads\/2026\/01\/Bild_QA-Expert_Suisse_FR.png 600w, https:\/\/zewo.ch\/wp-content\/uploads\/2026\/01\/Bild_QA-Expert_Suisse_FR-300x200.png 300w\" sizes=\"auto, (min-width: 960px) 75vw, 100vw\" \/><\/div><div class=\"ab-cta-content\"><h2 class=\"ab-cta-title\">\u00c9tablir et v\u00e9rifier les comptes annuels en toute s\u00e9curit\u00e9 : Q&amp;A actualis\u00e9s sur la norme Swiss GAAP RPC 21<\/h2><div class=\"ab-cta-text\">La Fondation Zewo et EXPERTsuisse ont r\u00e9vis\u00e9 et actualis\u00e9 le Q&#038;A sur la pr\u00e9sentation et la v\u00e9rification des comptes annuels selon la norme Swiss GAAP RPC 21 (version janvier 2026).\nCe document contient des questions et r\u00e9ponses pratiques sur l&rsquo;\u00e9tablissement et la v\u00e9rification des comptes annuels des organisations d&rsquo;entraide selon Swiss GAAP RPC 21. \n\nIl constitue un outil de travail actuel et fiable pour l&rsquo;\u00e9tablissement et la v\u00e9rification de vos comptes annuels 2025.<\/div><\/div><div class=\"ab-cta-button\"><a href=\"https:\/\/zewo.ch\/fr\/news-nouvelles-questions-reponses-au-sujet-de-la-norme-la-zewo-13-rapport-annuel\/\" target=\"_self\" rel=\"noopener noreferrer\" class=\"button primary button-teaser\"><span class=\"button-arrow\"><\/span>En savoir plus<\/a><span class=\"entry-meta\">13.1.26<\/span><\/div><a href=\"https:\/\/zewo.ch\/fr\/news-nouvelles-questions-reponses-au-sujet-de-la-norme-la-zewo-13-rapport-annuel\/\" target=\"_self\" rel=\"noopener noreferrer\" class=\"button-teaser--is-full\"><\/a><\/div><\/div><div class=\"cell small-12 medium-6 large-4\"><div class=\"wp-block-cgb-block-zewo-block-image-text-teaser ab-block-cta\"><div class=\"ab-cta-image-wrap bg-color-secondary\"><img loading=\"lazy\" decoding=\"async\" width=\"550\" height=\"400\" src=\"https:\/\/zewo.ch\/wp-content\/uploads\/2025\/11\/Spendenreport-2025-FR_Komm.png\" class=\"alm-thumbnail ab-cta-image wp-post-image\" alt=\"Image Rapport sur les dons\" srcset=\"https:\/\/zewo.ch\/wp-content\/uploads\/2025\/11\/Spendenreport-2025-FR_Komm.png 550w, https:\/\/zewo.ch\/wp-content\/uploads\/2025\/11\/Spendenreport-2025-FR_Komm-300x218.png 300w\" sizes=\"auto, (min-width: 960px) 75vw, 100vw\" \/><\/div><div class=\"ab-cta-content\"><h2 class=\"ab-cta-title\">Le rapport sur les dons 2025 est l\u00e0 \u2013 les tendances, les d\u00e9fis et les opportunit\u00e9s<\/h2><div class=\"ab-cta-text\">La g\u00e9n\u00e9rosit\u00e9 des donateurs reste \u00e9lev\u00e9e en Suisse, mais les organisations d&rsquo;entraide sont confront\u00e9es \u00e0 de nouveaux d\u00e9fis. Le rapport sur les dons 2025 montre comment les organisations font face \u00e0 ces difficult\u00e9s et tirent parti de la vague de solidarit\u00e9. <\/div><\/div><div class=\"ab-cta-button\"><a href=\"https:\/\/zewo.ch\/fr\/news-le-rapport-sur-les-dons-2025-est-la-les-tendances-les-defis-et-les-opportunites\/\" target=\"_self\" rel=\"noopener noreferrer\" class=\"button primary button-teaser\"><span class=\"button-arrow\"><\/span>En savoir plus<\/a><span class=\"entry-meta\">27.11.25<\/span><\/div><a href=\"https:\/\/zewo.ch\/fr\/news-le-rapport-sur-les-dons-2025-est-la-les-tendances-les-defis-et-les-opportunites\/\" target=\"_self\" rel=\"noopener noreferrer\" class=\"button-teaser--is-full\"><\/a><\/div><\/div><\/div><\/div>\n\n\n<h2 class=\"wp-block-heading\" id=\"3\">Twitter News Feed<\/h2>\n\n\n\n<a class=\"twitter-timeline\" href=\"https:\/\/twitter.com\/Stiftung_Zewo?ref_src=twsrc%5Etfw\">Tweets by Stiftung_Zewo<\/a> <script async=\"\" src=\"https:\/\/platform.twitter.com\/widgets.js\" charset=\"utf-8\"><\/script>\n","protected":false},"excerpt":{"rendered":"<p>Renseignements sur les dons La Zewo r\u00e9pond volontiers aux questions des m\u00e9dias. En tant qu\u2019organisme de certification des OBNL, la fondation dispose d&rsquo;un aper\u00e7u g\u00e9n\u00e9ral des collectes de dons en Suisse. Elle garantit qualit\u00e9 et transparence en mati\u00e8re de dons. Vous cherchez des conseils \u00e0 fournir aux donateurs ? Vous souhaitez en savoir plus sur [&hellip;]<\/p>\n","protected":false},"author":38,"featured_media":0,"parent":0,"menu_order":339,"comment_status":"closed","ping_status":"closed","template":"","meta":{"_acf_changed":false,"footnotes":""},"folder":[6643],"class_list":["post-501449","page","type-page","status-publish","hentry"],"acf":[],"yoast_head":"<!-- This site is optimized with the Yoast SEO Premium plugin v26.0 (Yoast SEO v26.0) - https:\/\/yoast.com\/wordpress\/plugins\/seo\/ -->\n<title>Zewo<\/title>\n<meta name=\"description\" content=\"Vous avez des questions sur les dons ? La Zewo, le service de certification pour les NPO qui collectent des dons en Suisse, r\u00e9pond aux questions des m\u00e9dias.\" \/>\n<meta name=\"robots\" content=\"index, follow, max-snippet:-1, max-image-preview:large, max-video-preview:-1\" \/>\n<link rel=\"canonical\" href=\"https:\/\/zewo.ch\/fr\/medias\/\" \/>\n<meta property=\"og:locale\" content=\"fr_FR\" \/>\n<meta property=\"og:type\" content=\"article\" \/>\n<meta property=\"og:description\" content=\"Vous avez des questions sur les dons ? La Zewo, le service de certification pour les NPO qui collectent des dons en Suisse, r\u00e9pond aux questions des m\u00e9dias.\" \/>\n<meta property=\"og:url\" content=\"https:\/\/zewo.ch\/fr\/medias\/\" \/>\n<meta property=\"og:site_name\" content=\"Zewo\" \/>\n<meta property=\"article:publisher\" content=\"https:\/\/www.facebook.com\/Stiftung.ZEWO\/\" \/>\n<meta property=\"article:modified_time\" content=\"2024-03-27T14:41:50+00:00\" \/>\n<meta property=\"og:image\" content=\"https:\/\/zewo.ch\/wp-content\/uploads\/2019\/09\/Martina-Ziegerer-Stiftung-Zewo-Web-1024x683.jpg\" \/>\n<meta name=\"twitter:card\" content=\"summary_large_image\" \/>\n<meta name=\"twitter:site\" content=\"@stiftung_zewo\" \/>\n<meta name=\"twitter:label1\" content=\"Dur\u00e9e de lecture estim\u00e9e\" \/>\n\t<meta name=\"twitter:data1\" content=\"2 minutes\" \/>\n<script type=\"application\/ld+json\" class=\"yoast-schema-graph\">{\"@context\":\"https:\/\/schema.org\",\"@graph\":[{\"@type\":\"WebPage\",\"@id\":\"https:\/\/zewo.ch\/fr\/medias\/#webpage\",\"url\":\"https:\/\/zewo.ch\/fr\/medias\/#webpage\",\"name\":\"\",\"isPartOf\":{\"@id\":\"https:\/\/zewo.ch\/fr\/#website\"},\"primaryImageOfPage\":{\"@id\":\"https:\/\/zewo.ch\/fr\/medias\/#primaryimage\"},\"image\":{\"@id\":\"https:\/\/zewo.ch\/fr\/medias\/#primaryimage\"},\"thumbnailUrl\":\"https:\/\/zewo.ch\/wp-content\/uploads\/2019\/09\/Martina-Ziegerer-Stiftung-Zewo-Web-1024x683.jpg\",\"datePublished\":\"2019-08-15T12:55:01+00:00\",\"dateModified\":\"2024-03-27T14:41:50+00:00\",\"description\":\"Vous avez des questions sur les dons ? La Zewo, le service de certification pour les NPO qui collectent des dons en Suisse, r\u00e9pond aux questions des m\u00e9dias.\",\"breadcrumb\":{\"@id\":\"https:\/\/zewo.ch\/fr\/medias\/#breadcrumb\"},\"inLanguage\":\"fr-FR\",\"potentialAction\":[{\"@type\":\"ReadAction\",\"target\":[\"https:\/\/zewo.ch\/fr\/medias\/\"]}]},{\"@type\":\"ImageObject\",\"inLanguage\":\"fr-FR\",\"@id\":\"https:\/\/zewo.ch\/fr\/medias\/#primaryimage\",\"url\":\"https:\/\/zewo.ch\/wp-content\/uploads\/2019\/09\/Martina-Ziegerer-Stiftung-Zewo-Web-1024x683.jpg\",\"contentUrl\":\"https:\/\/zewo.ch\/wp-content\/uploads\/2019\/09\/Martina-Ziegerer-Stiftung-Zewo-Web-1024x683.jpg\"},{\"@type\":\"BreadcrumbList\",\"@id\":\"https:\/\/zewo.ch\/fr\/medias\/#breadcrumb\",\"itemListElement\":[{\"@type\":\"ListItem\",\"position\":1,\"name\":\"Home\",\"item\":\"https:\/\/zewo.ch\/fr\/\"},{\"@type\":\"ListItem\",\"position\":2,\"name\":\"M\u00e9dias\"}]},{\"@type\":\"WebSite\",\"@id\":\"https:\/\/zewo.ch\/fr\/#website\",\"url\":\"https:\/\/zewo.ch\/fr\/\",\"name\":\"Zewo\",\"description\":\"Votre don en bonnes mains.\",\"publisher\":{\"@id\":\"https:\/\/zewo.ch\/fr\/#organization\"},\"potentialAction\":[{\"@type\":\"SearchAction\",\"target\":{\"@type\":\"EntryPoint\",\"urlTemplate\":\"https:\/\/zewo.ch\/fr\/?s={search_term_string}\"},\"query-input\":{\"@type\":\"PropertyValueSpecification\",\"valueRequired\":true,\"valueName\":\"search_term_string\"}}],\"inLanguage\":\"fr-FR\"},{\"@type\":\"Organization\",\"@id\":\"https:\/\/zewo.ch\/fr\/#organization\",\"name\":\"Stiftung Zewo\",\"url\":\"https:\/\/zewo.ch\/fr\/\",\"logo\":{\"@type\":\"ImageObject\",\"inLanguage\":\"fr-FR\",\"@id\":\"https:\/\/zewo.ch\/fr\/#\/schema\/logo\/image\/\",\"url\":\"https:\/\/zewo.ch\/wp-content\/uploads\/2019\/08\/Zewo_Logo_Claim_D.svg\",\"contentUrl\":\"https:\/\/zewo.ch\/wp-content\/uploads\/2019\/08\/Zewo_Logo_Claim_D.svg\",\"width\":1,\"height\":1,\"caption\":\"Stiftung Zewo\"},\"image\":{\"@id\":\"https:\/\/zewo.ch\/fr\/#\/schema\/logo\/image\/\"},\"sameAs\":[\"https:\/\/www.facebook.com\/Stiftung.ZEWO\/\",\"https:\/\/x.com\/stiftung_zewo\",\"https:\/\/www.linkedin.com\/company\/stiftung-zewo\",\"https:\/\/www.youtube.com\/channel\/UCzjsVJro12OXcvvx1LQP8tw\",\"https:\/\/de.wikipedia.org\/wiki\/Zewo\"]}]}<\/script>\n<!-- \/ Yoast SEO Premium plugin. -->","yoast_head_json":{"title":"Zewo","description":"Vous avez des questions sur les dons ? La Zewo, le service de certification pour les NPO qui collectent des dons en Suisse, r\u00e9pond aux questions des m\u00e9dias.","robots":{"index":"index","follow":"follow","max-snippet":"max-snippet:-1","max-image-preview":"max-image-preview:large","max-video-preview":"max-video-preview:-1"},"canonical":"https:\/\/zewo.ch\/fr\/medias\/","og_locale":"fr_FR","og_type":"article","og_description":"Vous avez des questions sur les dons ? La Zewo, le service de certification pour les NPO qui collectent des dons en Suisse, r\u00e9pond aux questions des m\u00e9dias.","og_url":"https:\/\/zewo.ch\/fr\/medias\/","og_site_name":"Zewo","article_publisher":"https:\/\/www.facebook.com\/Stiftung.ZEWO\/","article_modified_time":"2024-03-27T14:41:50+00:00","og_image":[{"url":"https:\/\/zewo.ch\/wp-content\/uploads\/2019\/09\/Martina-Ziegerer-Stiftung-Zewo-Web-1024x683.jpg","type":"","width":"","height":""}],"twitter_card":"summary_large_image","twitter_site":"@stiftung_zewo","twitter_misc":{"Dur\u00e9e de lecture estim\u00e9e":"2 minutes"},"schema":{"@context":"https:\/\/schema.org","@graph":[{"@type":"WebPage","@id":"https:\/\/zewo.ch\/fr\/medias\/#webpage","url":"https:\/\/zewo.ch\/fr\/medias\/#webpage","name":"","isPartOf":{"@id":"https:\/\/zewo.ch\/fr\/#website"},"primaryImageOfPage":{"@id":"https:\/\/zewo.ch\/fr\/medias\/#primaryimage"},"image":{"@id":"https:\/\/zewo.ch\/fr\/medias\/#primaryimage"},"thumbnailUrl":"https:\/\/zewo.ch\/wp-content\/uploads\/2019\/09\/Martina-Ziegerer-Stiftung-Zewo-Web-1024x683.jpg","datePublished":"2019-08-15T12:55:01+00:00","dateModified":"2024-03-27T14:41:50+00:00","description":"Vous avez des questions sur les dons ? La Zewo, le service de certification pour les NPO qui collectent des dons en Suisse, r\u00e9pond aux questions des m\u00e9dias.","breadcrumb":{"@id":"https:\/\/zewo.ch\/fr\/medias\/#breadcrumb"},"inLanguage":"fr-FR","potentialAction":[{"@type":"ReadAction","target":["https:\/\/zewo.ch\/fr\/medias\/"]}]},{"@type":"ImageObject","inLanguage":"fr-FR","@id":"https:\/\/zewo.ch\/fr\/medias\/#primaryimage","url":"https:\/\/zewo.ch\/wp-content\/uploads\/2019\/09\/Martina-Ziegerer-Stiftung-Zewo-Web-1024x683.jpg","contentUrl":"https:\/\/zewo.ch\/wp-content\/uploads\/2019\/09\/Martina-Ziegerer-Stiftung-Zewo-Web-1024x683.jpg"},{"@type":"BreadcrumbList","@id":"https:\/\/zewo.ch\/fr\/medias\/#breadcrumb","itemListElement":[{"@type":"ListItem","position":1,"name":"Home","item":"https:\/\/zewo.ch\/fr\/"},{"@type":"ListItem","position":2,"name":"M\u00e9dias"}]},{"@type":"WebSite","@id":"https:\/\/zewo.ch\/fr\/#website","url":"https:\/\/zewo.ch\/fr\/","name":"Zewo","description":"Votre don en bonnes mains.","publisher":{"@id":"https:\/\/zewo.ch\/fr\/#organization"},"potentialAction":[{"@type":"SearchAction","target":{"@type":"EntryPoint","urlTemplate":"https:\/\/zewo.ch\/fr\/?s={search_term_string}"},"query-input":{"@type":"PropertyValueSpecification","valueRequired":true,"valueName":"search_term_string"}}],"inLanguage":"fr-FR"},{"@type":"Organization","@id":"https:\/\/zewo.ch\/fr\/#organization","name":"Stiftung Zewo","url":"https:\/\/zewo.ch\/fr\/","logo":{"@type":"ImageObject","inLanguage":"fr-FR","@id":"https:\/\/zewo.ch\/fr\/#\/schema\/logo\/image\/","url":"https:\/\/zewo.ch\/wp-content\/uploads\/2019\/08\/Zewo_Logo_Claim_D.svg","contentUrl":"https:\/\/zewo.ch\/wp-content\/uploads\/2019\/08\/Zewo_Logo_Claim_D.svg","width":1,"height":1,"caption":"Stiftung Zewo"},"image":{"@id":"https:\/\/zewo.ch\/fr\/#\/schema\/logo\/image\/"},"sameAs":["https:\/\/www.facebook.com\/Stiftung.ZEWO\/","https:\/\/x.com\/stiftung_zewo","https:\/\/www.linkedin.com\/company\/stiftung-zewo","https:\/\/www.youtube.com\/channel\/UCzjsVJro12OXcvvx1LQP8tw","https:\/\/de.wikipedia.org\/wiki\/Zewo"]}]}},"publishpress_future_action":{"enabled":false,"date":"2026-04-23 10:51:48","action":"change-status","newStatus":"draft","terms":[],"taxonomy":"translation_priority","extraData":[]},"publishpress_future_workflow_manual_trigger":{"enabledWorkflows":[]},"_links":{"self":[{"href":"https:\/\/zewo.ch\/fr\/wp-json\/wp\/v2\/pages\/501449","targetHints":{"allow":["GET"]}}],"collection":[{"href":"https:\/\/zewo.ch\/fr\/wp-json\/wp\/v2\/pages"}],"about":[{"href":"https:\/\/zewo.ch\/fr\/wp-json\/wp\/v2\/types\/page"}],"author":[{"embeddable":true,"href":"https:\/\/zewo.ch\/fr\/wp-json\/wp\/v2\/users\/38"}],"replies":[{"embeddable":true,"href":"https:\/\/zewo.ch\/fr\/wp-json\/wp\/v2\/comments?post=501449"}],"version-history":[{"count":16,"href":"https:\/\/zewo.ch\/fr\/wp-json\/wp\/v2\/pages\/501449\/revisions"}],"predecessor-version":[{"id":4667594,"href":"https:\/\/zewo.ch\/fr\/wp-json\/wp\/v2\/pages\/501449\/revisions\/4667594"}],"wp:attachment":[{"href":"https:\/\/zewo.ch\/fr\/wp-json\/wp\/v2\/media?parent=501449"}],"wp:term":[{"taxonomy":"folder","embeddable":true,"href":"https:\/\/zewo.ch\/fr\/wp-json\/wp\/v2\/folder?post=501449"}],"curies":[{"name":"wp","href":"https:\/\/api.w.org\/{rel}","templated":true}]}}