{"id":501397,"date":"2019-08-15T14:06:21","date_gmt":"2019-08-15T12:06:21","guid":{"rendered":"https:\/\/www.zewo.ch\/?page_id=501397"},"modified":"2025-10-29T11:53:07","modified_gmt":"2025-10-29T10:53:07","slug":"label-de-qualite","status":"publish","type":"page","link":"https:\/\/zewo.ch\/fr\/label-de-qualite\/","title":{"rendered":"Label de qualit\u00e9 Zewo"},"content":{"rendered":"\n<h2 class=\"wp-block-heading\">Votre don en bonnes mains<\/h2>\n\n\n\n<p><strong>Lors de vos dons, suivez le label de qualit\u00e9 Zewo. Il distingue les organisations s\u00e9rieuses qui utilisent les dons efficacement et conform\u00e9ment \u00e0 la fois \u00e0 leur but et \u00e0 leurs ressources financi\u00e8res.<\/strong><\/p>\n\n\n\n<p>Les OBNL d&rsquo;utilit\u00e9 publique portant le label de qualit\u00e9 ont pass\u00e9 avec succ\u00e8s les&nbsp;<a href=\"https:\/\/zewo.ch\/fr\/comment-parvenir-au-label-de-qualite-zewo\/\">proc\u00e9dures d\u2019examen<\/a>&nbsp;de la Zewo. Elles satisfont aux <a href=\"https:\/\/zewo.ch\/fr\/apercu-des-21-normes-zewo-condense-et-clair\/\">normes Zewo<\/a> et se soumettent r\u00e9guli\u00e8rement au contr\u00f4le de l\u2019organisation. Les dons effectu\u00e9s aupr\u00e8s des OBNL certifi\u00e9s sont en bonnes mains.<\/p>\n\n\n\n<figure class=\"wp-block-image is-resized\"><img loading=\"lazy\" decoding=\"async\" width=\"750\" height=\"211\" src=\"https:\/\/zewo.ch\/wp-content\/uploads\/2019\/08\/ZEWO_Logo_Claim_F_4c.png\" alt=\"ZEWO Logo Claim F\" class=\"wp-image-499483\" style=\"width:563px;height:158px\" srcset=\"https:\/\/zewo.ch\/wp-content\/uploads\/2019\/08\/ZEWO_Logo_Claim_F_4c.png 750w, https:\/\/zewo.ch\/wp-content\/uploads\/2019\/08\/ZEWO_Logo_Claim_F_4c-300x84.png 300w\" sizes=\"auto, (min-width: 960px) 75vw, 100vw\" \/><\/figure>\n\n\n\n<p>Les donatrices et donateurs peuvent consulter le label de qualit\u00e9 Zewo dans les documents suivants des OBNL certifi\u00e9es:<\/p>\n\n\n\n<ul class=\"wp-block-list\">\n<li>Appels aux dons<\/li>\n\n\n\n<li>Bulletins de versement<\/li>\n\n\n\n<li>Annonces<\/li>\n\n\n\n<li>Affiches<\/li>\n\n\n\n<li>Brochures<\/li>\n\n\n\n<li>Papier \u00e0 en-t\u00eate<\/li>\n\n\n\n<li>Rapport annuel<\/li>\n\n\n\n<li>Site Internet<\/li>\n\n\n\n<li>Spots publicitaires<\/li>\n<\/ul>\n\n\n\n<h2 class=\"wp-block-heading\" id=\"h-manuel-du-label-de-qualite\">Manuel du label de qualit\u00e9<\/h2>\n\n\n\n<p>Gr\u00e2ce \u00e0 ce <a href=\"https:\/\/zewo.ch\/fr\/zewo-gu%cc%88tesiegel-mit-slogan_label-de-qualite-zewo-avec-le-slogan\/\" target=\"_blank\" rel=\"noreferrer noopener\" aria-label=\" (\u00f6ffnet in neuem Tab)\">manuel<\/a>, les OBNL peuvent s\u2019informer sur les m\u00e9thodes correctes pour employer le label de qualit\u00e9 avec ou sans slogan.<\/p>\n\n\n\n<iframe loading=\"lazy\" width=\"620px\" height=\"323px\" src=\"https:\/\/www.yumpu.com\/de\/embed\/view\/dIU5qCHbYrkiDMFG\" frameborder=\"0\" allowfullscreen=\"true\"  allowtransparency=\"true\"><\/iframe>\n\n\n\n<h2 class=\"wp-block-heading\">Repr\u00e9sentation du label<\/h2>\n\n\n\n<p>Le label de qualit\u00e9 Zewo est une marque de qualit\u00e9 prot\u00e9g\u00e9e. Seules les OBNL certifi\u00e9es ayant obtenu l\u2019autorisation de la Zewo peuvent utiliser le sigle du label. Vous pourrez t\u00e9l\u00e9charger ici l\u2019ensemble des documents n\u00e9cessaires pour l\u2019impression, la publication en ligne et l\u2019utilisation au sein du pack Office.<\/p>\n\n\n\n<h3 class=\"wp-block-heading\" id=\"h-label-de-qualite-zewo-pour-qualite-impression-eps\"><strong>Label de qualit\u00e9 Zewo pour qualit\u00e9 impression (EPS)<\/strong><\/h3>\n\n\n\n<ul class=\"wp-block-list list-icons\">\n<li><a href=\"https:\/\/zewo.ch\/fr\/zewo_logo_claim_d_print-2\/\" rel=\"noreferrer noopener\">Logo avec slogan allemand<\/a><\/li>\n\n\n\n<li><a href=\"https:\/\/zewo.ch\/fr\/zewo_logo_claim_f_print-2\/\">Logo avec slogan fran\u00e7ais<\/a><\/li>\n\n\n\n<li><a href=\"https:\/\/zewo.ch\/fr\/zewo_logo_claim_e_print-2\/\">Logo avec slogan anglais<\/a><\/li>\n\n\n\n<li><a href=\"https:\/\/zewo.ch\/fr\/zewo_logo_claim_i_print-2\/\">Logo avec slogan italien<\/a><\/li>\n\n\n\n<li><a href=\"https:\/\/zewo.ch\/fr\/zewo-logo-print-2\/\">Logo sans slogan<\/a><\/li>\n<\/ul>\n\n\n\n<h3 class=\"wp-block-heading\" id=\"h-label-de-qualite-zewo-pour-resolution-web-svg\"><strong>Label de qualit\u00e9 Zewo pour r\u00e9solution Web (SVG)<\/strong><\/h3>\n\n\n\n<ul class=\"wp-block-list list-icons\">\n<li><a aria-label=\" (\u00f6ffnet in neuem Tab)\" href=\"https:\/\/zewo.ch\/fr\/zewo_logo_claim_d-2\/\" target=\"_blank\" rel=\"noreferrer noopener\">Logo avec slogan allemand<\/a><\/li>\n\n\n\n<li><a aria-label=\" (\u00f6ffnet in neuem Tab)\" href=\"https:\/\/zewo.ch\/fr\/zewo_logo_claim_f-2\/\" target=\"_blank\" rel=\"noreferrer noopener\">Logo avec slogan fran\u00e7ais<\/a><\/li>\n\n\n\n<li><a aria-label=\" (\u00f6ffnet in neuem Tab)\" href=\"https:\/\/zewo.ch\/fr\/zewo_logo_claim_e-2\/\" target=\"_blank\" rel=\"noreferrer noopener\">Logo avec slogan anglais<\/a><\/li>\n\n\n\n<li><a aria-label=\" (\u00f6ffnet in neuem Tab)\" href=\"https:\/\/zewo.ch\/fr\/zewo_logo_claim_i-2\/\" target=\"_blank\" rel=\"noreferrer noopener\">Logo avec slogan italien<\/a><\/li>\n\n\n\n<li><a href=\"https:\/\/zewo.ch\/fr\/zewo-logo-web-2\/\">Logo sans slogan<\/a><\/li>\n<\/ul>\n\n\n\n<h3 class=\"wp-block-heading\" id=\"h-label-de-qualite-pour-office-png\"><strong>Label de qualit\u00e9 pour Office (PNG)<\/strong><\/h3>\n\n\n\n<p>Utilisable dans Word, Excel, PowerPoint, Outlook et autres applications similaires.<\/p>\n\n\n\n<ul class=\"wp-block-list list-icons\">\n<li><a aria-label=\"Logo mit Claim Deutsch\u2028 (\u00f6ffnet in neuem Tab)\" href=\"https:\/\/zewo.ch\/fr\/zewo_logo_claim_d_office-2\/\">Logo avec slogan allemand<\/a><\/li>\n\n\n\n<li><a href=\"https:\/\/zewo.ch\/fr\/zewo_logo-claim_f_office-2\/\">Logo avec slogan fran\u00e7ais<\/a><\/li>\n\n\n\n<li><a href=\"https:\/\/zewo.ch\/fr\/zewo_logo_claim_e_office-2\/\">Logo avec slogan anglais<\/a><\/li>\n\n\n\n<li><a aria-label=\"Logo mit Claim Italienisch\u2028 (\u00f6ffnet in neuem Tab)\" href=\"https:\/\/zewo.ch\/fr\/zewo_logo-claim_i_office-2\/\">Logo avec slogan italien<\/a><\/li>\n\n\n\n<li><a href=\"https:\/\/zewo.ch\/fr\/zewo_logo_office-2\/\">Logo sans slogan<\/a><\/li>\n<\/ul>\n\n\n\n<div style=\"height:21px\" aria-hidden=\"true\" class=\"wp-block-spacer\"><\/div>\n\n\n\n<ul class=\"wp-block-cgb-block-zewo-block-links container container-columns-1\">\n<li class=\"wp-block-cgb-block-zewo-block-link ab-block-link\"><a href=\"https:\/\/zewo.ch\/fr\/label-de-qualite\/\" class=\"button\"><span>Cliquez ici pour les mod\u00e8les en allemande<\/span><span class=\"button-arrow--long\"><\/span><\/a><\/li>\n<\/ul>\n\n\n\n<div class=\"wp-block-cgb-block-zewo-block-button ab-block-button\"><a href=\"https:\/\/zewo.ch\/fr\/votre-boosteur-de-dons\/\" class=\"button primary\"><span class=\"button-arrow\"><\/span>Autres mod\u00e8les &#8211; id\u00e9aux pour votre communication en ligne<\/a><\/div>\n\n\n\n<div style=\"height:19px\" aria-hidden=\"true\" class=\"wp-block-spacer\"><\/div>\n\n\n\n<h2 class=\"wp-block-heading\" id=\"2\">Le label de qualit\u00e9 Zewo en quelques chiffres<\/h2>\n\n\n\n<div class=\"wp-block-columns has-2-columns is-layout-flex wp-container-core-columns-is-layout-9d6595d7 wp-block-columns-is-layout-flex\">\n<div class=\"wp-block-column is-layout-flow wp-block-column-is-layout-flow\"><div class=\"wp-block-image\">\n<figure class=\"alignleft is-resized\"><img loading=\"lazy\" decoding=\"async\" width=\"501\" height=\"536\" src=\"https:\/\/zewo.ch\/wp-content\/uploads\/2019\/08\/Stiftung-Zewo-HG-transp.png\" alt=\"Stiftung Zewo Logo Transparent\" class=\"wp-image-501412\" style=\"width:175px\" srcset=\"https:\/\/zewo.ch\/wp-content\/uploads\/2019\/08\/Stiftung-Zewo-HG-transp.png 501w, https:\/\/zewo.ch\/wp-content\/uploads\/2019\/08\/Stiftung-Zewo-HG-transp-280x300.png 280w\" sizes=\"auto, (min-width: 960px) 75vw, 100vw\" \/><\/figure><\/div><\/div>\n\n\n\n<div class=\"wp-block-column is-layout-flow wp-block-column-is-layout-flow\">\n<p class=\"has-medium-font-size\"><strong>2009 : Une v\u00e9ritable image de marque<\/strong><\/p>\n\n\n\n<p>Voici\n\u00e0 quoi ressemble le label de qualit\u00e9 de la Zewo aujourd&rsquo;hui. Ce dernier est\nprot\u00e9g\u00e9 par la loi en termes de droit des marques. Seules les OBNL autoris\u00e9es\npar la Zewo peuvent l\u2019utiliser. Le sigle indique que l\u2019organisation a \u00e9t\u00e9\ncontr\u00f4l\u00e9e et jug\u00e9e correcte, et le label repr\u00e9sente ainsi une image de marque.\nEn 2017, la mention \u00ab&nbsp;Votre dons en bonnes mains&nbsp;\u00bb y a \u00e9t\u00e9 ajout\u00e9e.<\/p>\n\n\n\n<p>Des\nversions ant\u00e9rieures sont aujourd&rsquo;hui encore utilis\u00e9es, bien que tr\u00e8s rarement.\nCelles-ci sont \u00e9galement prot\u00e9g\u00e9es par la loi en termes de droit des marques.<\/p>\n<\/div>\n<\/div>\n\n\n\n<div class=\"wp-block-columns has-2-columns is-layout-flex wp-container-core-columns-is-layout-9d6595d7 wp-block-columns-is-layout-flex\">\n<div class=\"wp-block-column is-layout-flow wp-block-column-is-layout-flow\">\n<div class=\"wp-block-image\"><figure class=\"alignleft\"><img loading=\"lazy\" decoding=\"async\" width=\"175\" height=\"171\" src=\"https:\/\/zewo.ch\/wp-content\/uploads\/2019\/05\/zewo_warm_red175.jpg\" alt=\"\" class=\"wp-image-58991\"\/><\/figure><\/div>\n<\/div>\n\n\n\n<div class=\"wp-block-column is-layout-flow wp-block-column-is-layout-flow\">\n<p class=\"has-medium-font-size\"><strong>2001 : Le label prend des couleurs<\/strong><\/p>\n\n\n\n<p>Alors que la Zewo devient une fondation ind\u00e9pendante, elle d\u00e9cide de moderniser son label et de lui apporter quelques couleurs, tout en y ajoutant une mention expliquant sa signification. <\/p>\n<\/div>\n<\/div>\n\n\n\n<div class=\"wp-block-columns has-2-columns is-layout-flex wp-container-core-columns-is-layout-9d6595d7 wp-block-columns-is-layout-flex\">\n<div class=\"wp-block-column is-layout-flow wp-block-column-is-layout-flow\">\n<div class=\"wp-block-image\"><figure class=\"alignleft is-resized\"><img decoding=\"async\" src=\"https:\/\/zewo.ch\/wp-content\/uploads\/2019\/05\/GS-1990.jpg\" alt=\"\" class=\"wp-image-58977\" width=\"175\"\/><\/figure><\/div>\n<\/div>\n\n\n\n<div class=\"wp-block-column is-layout-flow wp-block-column-is-layout-flow\">\n<p class=\"has-medium-font-size\"><strong>1990 : L\u00e9gers remaniements <\/strong><\/p>\n\n\n\n<p>La \u00ab&nbsp;Zentralauskunftsstelle f\u00fcr Wohlfahrtsunternehmungen&nbsp;\u00bb d\u00e9cide d\u2019utiliser exclusivement l\u2019abr\u00e9viation \u00ab&nbsp;Zewo&nbsp;\u00bb, et ce dans toutes les r\u00e9gions linguistiques de Suisse. Elle effectue de plus quelques remaniements quant au label de qualit\u00e9. Celui-ci est d\u00e9sormais bidimensionel. &nbsp;<\/p>\n<\/div>\n<\/div>\n\n\n\n<div class=\"wp-block-columns has-2-columns is-layout-flex wp-container-core-columns-is-layout-9d6595d7 wp-block-columns-is-layout-flex\">\n<div class=\"wp-block-column is-layout-flow wp-block-column-is-layout-flow\">\n<div class=\"wp-block-image\"><figure class=\"alignleft\"><img loading=\"lazy\" decoding=\"async\" width=\"175\" height=\"167\" src=\"https:\/\/zewo.ch\/wp-content\/uploads\/2019\/05\/GS-1940.jpg\" alt=\"\" class=\"wp-image-58974\"\/><\/figure><\/div>\n<\/div>\n\n\n\n<div class=\"wp-block-column is-layout-flow wp-block-column-is-layout-flow\">\n<p class=\"has-medium-font-size\"><strong>1940 : Premier label de qualit\u00e9 Zewo<\/strong><\/p>\n\n\n\n<p>Quelques ann\u00e9es seulement apr\u00e8s la cr\u00e9ation de l\u2019association, la <strong>Zentralauskunftsstelle f\u00fcr Wohlfahrtsunternehmungen, Zewo<\/strong>, d\u00e9clare officiellement le premier label de qualit\u00e9. Il offre ainsi plus de coh\u00e9sion et de protection.<\/p>\n<\/div>\n<\/div>\n\n\n\n<p>Toutes les versions pr\u00e9c\u00e9dentes du label de qualit\u00e9 Zewo sont prot\u00e9g\u00e9es par le droit des marques et encore utilis\u00e9es sporadiquement.<\/p>\n\n\n\n<div class=\"wp-block-cgb-block-zewo-block-columns-container container bg-color-light-gray\"><div class=\"grid-x grid-margin-x\" data-columns=\"2\">\n<div class=\"cell small-12 medium-6\"><div class=\"wp-block-cgb-block-zewo-block-image-teaser ab-block-cta bg-color-secondary\"><div class=\"ab-cta-image-wrap bg-color-secondary\"><img decoding=\"async\" class=\"ab-cta-image\" src=\"https:\/\/zewo.ch\/wp-content\/uploads\/2019\/05\/21-zewo-standards-1.png\" alt=\"Die 21 Zewo-Standards f\u00fcr Spenden sammelnde NPO\"\/><\/div><div class=\"ab-cta-content\"><h2 class=\"ab-cta-title\">Les 21 normes Zewo<\/h2><\/div><div class=\"ab-cta-button\"><a href=\"\/fr\/apercu-des-21-normes-zewo-condense-et-clair\/\" target=\"_self\" rel=\"noopener noreferrer\" class=\"button primary button-teaser\"><span class=\"button-arrow\"><\/span>En savoir plus<\/a><\/div><a href=\"\/fr\/apercu-des-21-normes-zewo-condense-et-clair\/\" target=\"_self\" rel=\"noopener noreferrer\" class=\"button-teaser--is-full\"><\/a><\/div><\/div>\n\n\n\n<div class=\"wp-block-cgb-block-zewo-block-columns-container container bg-color-light-gray\"><div class=\"grid-x grid-margin-x\" data-columns=\"2\"><\/div><\/div>\n\n\n\n<div class=\"cell small-12 medium-6\"><div class=\"wp-block-cgb-block-zewo-block-image-teaser ab-block-cta bg-color-secondary\"><div class=\"ab-cta-content\"><h2 class=\"ab-cta-title\">Comment parvenir au label de qualit\u00e9 Zewo<strong> <\/strong><\/h2><\/div><div class=\"ab-cta-button\"><a href=\"\/fr\/comment-parvenir-au-label-de-qualite-zewo\/\" target=\"_self\" rel=\"noopener noreferrer\" class=\"button primary button-teaser\"><span class=\"button-arrow\"><\/span>Aper\u00e7u de la proc\u00e9dure<\/a><\/div><a href=\"\/fr\/comment-parvenir-au-label-de-qualite-zewo\/\" target=\"_self\" rel=\"noopener noreferrer\" class=\"button-teaser--is-full\"><\/a><\/div><\/div>\n<\/div><\/div>\n","protected":false},"excerpt":{"rendered":"<p>Votre don en bonnes mains Lors de vos dons, suivez le label de qualit\u00e9 Zewo. Il distingue les organisations s\u00e9rieuses qui utilisent les dons efficacement et conform\u00e9ment \u00e0 la fois \u00e0 leur but et \u00e0 leurs ressources financi\u00e8res. Les OBNL d&rsquo;utilit\u00e9 publique portant le label de qualit\u00e9 ont pass\u00e9 avec succ\u00e8s les&nbsp;proc\u00e9dures d\u2019examen&nbsp;de la Zewo. [&hellip;]<\/p>\n","protected":false},"author":38,"featured_media":0,"parent":0,"menu_order":419,"comment_status":"closed","ping_status":"closed","template":"","meta":{"_acf_changed":false,"footnotes":""},"folder":[6643],"class_list":["post-501397","page","type-page","status-publish","hentry"],"acf":[],"yoast_head":"<!-- This site is optimized with the Yoast SEO Premium plugin v26.0 (Yoast SEO v26.0) - https:\/\/yoast.com\/wordpress\/plugins\/seo\/ -->\n<title>Zewo<\/title>\n<meta name=\"description\" content=\"Lors de vos dons, suivez le label de qualit\u00e9 Zewo. Il distingue les ONG qui utilisent les dons de mani\u00e8re cibl\u00e9e, \u00e9conomique et efficace.\" \/>\n<meta name=\"robots\" content=\"index, follow, max-snippet:-1, max-image-preview:large, max-video-preview:-1\" \/>\n<link rel=\"canonical\" href=\"https:\/\/zewo.ch\/fr\/label-de-qualite\/\" \/>\n<meta property=\"og:locale\" content=\"fr_FR\" \/>\n<meta property=\"og:type\" content=\"article\" \/>\n<meta property=\"og:description\" content=\"Lors de vos dons, suivez le label de qualit\u00e9 Zewo. Il distingue les ONG qui utilisent les dons de mani\u00e8re cibl\u00e9e, \u00e9conomique et efficace.\" \/>\n<meta property=\"og:url\" content=\"https:\/\/zewo.ch\/fr\/label-de-qualite\/\" \/>\n<meta property=\"og:site_name\" content=\"Zewo\" \/>\n<meta property=\"article:publisher\" content=\"https:\/\/www.facebook.com\/Stiftung.ZEWO\/\" \/>\n<meta property=\"article:modified_time\" content=\"2025-10-29T10:53:07+00:00\" \/>\n<meta property=\"og:image\" content=\"https:\/\/zewo.ch\/wp-content\/uploads\/2019\/08\/ZEWO_Logo_Claim_F_4c.png\" \/>\n\t<meta property=\"og:image:width\" content=\"750\" \/>\n\t<meta property=\"og:image:height\" content=\"211\" \/>\n\t<meta property=\"og:image:type\" content=\"image\/png\" \/>\n<meta name=\"twitter:card\" content=\"summary_large_image\" \/>\n<meta name=\"twitter:site\" content=\"@stiftung_zewo\" \/>\n<meta name=\"twitter:label1\" content=\"Dur\u00e9e de lecture estim\u00e9e\" \/>\n\t<meta name=\"twitter:data1\" content=\"12 minutes\" \/>\n<script type=\"application\/ld+json\" class=\"yoast-schema-graph\">{\"@context\":\"https:\/\/schema.org\",\"@graph\":[{\"@type\":\"WebPage\",\"@id\":\"https:\/\/zewo.ch\/fr\/label-de-qualite\/#webpage\",\"url\":\"https:\/\/zewo.ch\/fr\/label-de-qualite\/#webpage\",\"name\":\"\",\"isPartOf\":{\"@id\":\"https:\/\/zewo.ch\/fr\/#website\"},\"primaryImageOfPage\":{\"@id\":\"https:\/\/zewo.ch\/fr\/label-de-qualite\/#primaryimage\"},\"image\":{\"@id\":\"https:\/\/zewo.ch\/fr\/label-de-qualite\/#primaryimage\"},\"thumbnailUrl\":\"https:\/\/zewo.ch\/wp-content\/uploads\/2019\/08\/ZEWO_Logo_Claim_F_4c.png\",\"datePublished\":\"2019-08-15T12:06:21+00:00\",\"dateModified\":\"2025-10-29T10:53:07+00:00\",\"description\":\"Lors de vos dons, suivez le label de qualit\u00e9 Zewo. Il distingue les ONG qui utilisent les dons de mani\u00e8re cibl\u00e9e, \u00e9conomique et efficace.\",\"breadcrumb\":{\"@id\":\"https:\/\/zewo.ch\/fr\/label-de-qualite\/#breadcrumb\"},\"inLanguage\":\"fr-FR\",\"potentialAction\":[{\"@type\":\"ReadAction\",\"target\":[\"https:\/\/zewo.ch\/fr\/label-de-qualite\/\"]}]},{\"@type\":\"ImageObject\",\"inLanguage\":\"fr-FR\",\"@id\":\"https:\/\/zewo.ch\/fr\/label-de-qualite\/#primaryimage\",\"url\":\"https:\/\/zewo.ch\/wp-content\/uploads\/2019\/08\/ZEWO_Logo_Claim_F_4c.png\",\"contentUrl\":\"https:\/\/zewo.ch\/wp-content\/uploads\/2019\/08\/ZEWO_Logo_Claim_F_4c.png\"},{\"@type\":\"BreadcrumbList\",\"@id\":\"https:\/\/zewo.ch\/fr\/label-de-qualite\/#breadcrumb\",\"itemListElement\":[{\"@type\":\"ListItem\",\"position\":1,\"name\":\"Home\",\"item\":\"https:\/\/zewo.ch\/fr\/\"},{\"@type\":\"ListItem\",\"position\":2,\"name\":\"Label de qualit\u00e9 Zewo\"}]},{\"@type\":\"WebSite\",\"@id\":\"https:\/\/zewo.ch\/fr\/#website\",\"url\":\"https:\/\/zewo.ch\/fr\/\",\"name\":\"Zewo\",\"description\":\"Votre don en bonnes mains.\",\"publisher\":{\"@id\":\"https:\/\/zewo.ch\/fr\/#organization\"},\"potentialAction\":[{\"@type\":\"SearchAction\",\"target\":{\"@type\":\"EntryPoint\",\"urlTemplate\":\"https:\/\/zewo.ch\/fr\/?s={search_term_string}\"},\"query-input\":{\"@type\":\"PropertyValueSpecification\",\"valueRequired\":true,\"valueName\":\"search_term_string\"}}],\"inLanguage\":\"fr-FR\"},{\"@type\":\"Organization\",\"@id\":\"https:\/\/zewo.ch\/fr\/#organization\",\"name\":\"Stiftung Zewo\",\"url\":\"https:\/\/zewo.ch\/fr\/\",\"logo\":{\"@type\":\"ImageObject\",\"inLanguage\":\"fr-FR\",\"@id\":\"https:\/\/zewo.ch\/fr\/#\/schema\/logo\/image\/\",\"url\":\"https:\/\/zewo.ch\/wp-content\/uploads\/2019\/08\/Zewo_Logo_Claim_D.svg\",\"contentUrl\":\"https:\/\/zewo.ch\/wp-content\/uploads\/2019\/08\/Zewo_Logo_Claim_D.svg\",\"width\":1,\"height\":1,\"caption\":\"Stiftung Zewo\"},\"image\":{\"@id\":\"https:\/\/zewo.ch\/fr\/#\/schema\/logo\/image\/\"},\"sameAs\":[\"https:\/\/www.facebook.com\/Stiftung.ZEWO\/\",\"https:\/\/x.com\/stiftung_zewo\",\"https:\/\/www.linkedin.com\/company\/stiftung-zewo\",\"https:\/\/www.youtube.com\/channel\/UCzjsVJro12OXcvvx1LQP8tw\",\"https:\/\/de.wikipedia.org\/wiki\/Zewo\"]}]}<\/script>\n<!-- \/ Yoast SEO Premium plugin. -->","yoast_head_json":{"title":"Zewo","description":"Lors de vos dons, suivez le label de qualit\u00e9 Zewo. Il distingue les ONG qui utilisent les dons de mani\u00e8re cibl\u00e9e, \u00e9conomique et efficace.","robots":{"index":"index","follow":"follow","max-snippet":"max-snippet:-1","max-image-preview":"max-image-preview:large","max-video-preview":"max-video-preview:-1"},"canonical":"https:\/\/zewo.ch\/fr\/label-de-qualite\/","og_locale":"fr_FR","og_type":"article","og_description":"Lors de vos dons, suivez le label de qualit\u00e9 Zewo. Il distingue les ONG qui utilisent les dons de mani\u00e8re cibl\u00e9e, \u00e9conomique et efficace.","og_url":"https:\/\/zewo.ch\/fr\/label-de-qualite\/","og_site_name":"Zewo","article_publisher":"https:\/\/www.facebook.com\/Stiftung.ZEWO\/","article_modified_time":"2025-10-29T10:53:07+00:00","og_image":[{"width":750,"height":211,"url":"https:\/\/zewo.ch\/wp-content\/uploads\/2019\/08\/ZEWO_Logo_Claim_F_4c.png","type":"image\/png"}],"twitter_card":"summary_large_image","twitter_site":"@stiftung_zewo","twitter_misc":{"Dur\u00e9e de lecture estim\u00e9e":"12 minutes"},"schema":{"@context":"https:\/\/schema.org","@graph":[{"@type":"WebPage","@id":"https:\/\/zewo.ch\/fr\/label-de-qualite\/#webpage","url":"https:\/\/zewo.ch\/fr\/label-de-qualite\/#webpage","name":"","isPartOf":{"@id":"https:\/\/zewo.ch\/fr\/#website"},"primaryImageOfPage":{"@id":"https:\/\/zewo.ch\/fr\/label-de-qualite\/#primaryimage"},"image":{"@id":"https:\/\/zewo.ch\/fr\/label-de-qualite\/#primaryimage"},"thumbnailUrl":"https:\/\/zewo.ch\/wp-content\/uploads\/2019\/08\/ZEWO_Logo_Claim_F_4c.png","datePublished":"2019-08-15T12:06:21+00:00","dateModified":"2025-10-29T10:53:07+00:00","description":"Lors de vos dons, suivez le label de qualit\u00e9 Zewo. Il distingue les ONG qui utilisent les dons de mani\u00e8re cibl\u00e9e, \u00e9conomique et efficace.","breadcrumb":{"@id":"https:\/\/zewo.ch\/fr\/label-de-qualite\/#breadcrumb"},"inLanguage":"fr-FR","potentialAction":[{"@type":"ReadAction","target":["https:\/\/zewo.ch\/fr\/label-de-qualite\/"]}]},{"@type":"ImageObject","inLanguage":"fr-FR","@id":"https:\/\/zewo.ch\/fr\/label-de-qualite\/#primaryimage","url":"https:\/\/zewo.ch\/wp-content\/uploads\/2019\/08\/ZEWO_Logo_Claim_F_4c.png","contentUrl":"https:\/\/zewo.ch\/wp-content\/uploads\/2019\/08\/ZEWO_Logo_Claim_F_4c.png"},{"@type":"BreadcrumbList","@id":"https:\/\/zewo.ch\/fr\/label-de-qualite\/#breadcrumb","itemListElement":[{"@type":"ListItem","position":1,"name":"Home","item":"https:\/\/zewo.ch\/fr\/"},{"@type":"ListItem","position":2,"name":"Label de qualit\u00e9 Zewo"}]},{"@type":"WebSite","@id":"https:\/\/zewo.ch\/fr\/#website","url":"https:\/\/zewo.ch\/fr\/","name":"Zewo","description":"Votre don en bonnes mains.","publisher":{"@id":"https:\/\/zewo.ch\/fr\/#organization"},"potentialAction":[{"@type":"SearchAction","target":{"@type":"EntryPoint","urlTemplate":"https:\/\/zewo.ch\/fr\/?s={search_term_string}"},"query-input":{"@type":"PropertyValueSpecification","valueRequired":true,"valueName":"search_term_string"}}],"inLanguage":"fr-FR"},{"@type":"Organization","@id":"https:\/\/zewo.ch\/fr\/#organization","name":"Stiftung Zewo","url":"https:\/\/zewo.ch\/fr\/","logo":{"@type":"ImageObject","inLanguage":"fr-FR","@id":"https:\/\/zewo.ch\/fr\/#\/schema\/logo\/image\/","url":"https:\/\/zewo.ch\/wp-content\/uploads\/2019\/08\/Zewo_Logo_Claim_D.svg","contentUrl":"https:\/\/zewo.ch\/wp-content\/uploads\/2019\/08\/Zewo_Logo_Claim_D.svg","width":1,"height":1,"caption":"Stiftung Zewo"},"image":{"@id":"https:\/\/zewo.ch\/fr\/#\/schema\/logo\/image\/"},"sameAs":["https:\/\/www.facebook.com\/Stiftung.ZEWO\/","https:\/\/x.com\/stiftung_zewo","https:\/\/www.linkedin.com\/company\/stiftung-zewo","https:\/\/www.youtube.com\/channel\/UCzjsVJro12OXcvvx1LQP8tw","https:\/\/de.wikipedia.org\/wiki\/Zewo"]}]}},"publishpress_future_action":{"enabled":false,"date":"2026-05-05 16:33:56","action":"change-status","newStatus":"draft","terms":[],"taxonomy":"translation_priority","extraData":[]},"publishpress_future_workflow_manual_trigger":{"enabledWorkflows":[]},"_links":{"self":[{"href":"https:\/\/zewo.ch\/fr\/wp-json\/wp\/v2\/pages\/501397","targetHints":{"allow":["GET"]}}],"collection":[{"href":"https:\/\/zewo.ch\/fr\/wp-json\/wp\/v2\/pages"}],"about":[{"href":"https:\/\/zewo.ch\/fr\/wp-json\/wp\/v2\/types\/page"}],"author":[{"embeddable":true,"href":"https:\/\/zewo.ch\/fr\/wp-json\/wp\/v2\/users\/38"}],"replies":[{"embeddable":true,"href":"https:\/\/zewo.ch\/fr\/wp-json\/wp\/v2\/comments?post=501397"}],"version-history":[{"count":38,"href":"https:\/\/zewo.ch\/fr\/wp-json\/wp\/v2\/pages\/501397\/revisions"}],"predecessor-version":[{"id":5934097,"href":"https:\/\/zewo.ch\/fr\/wp-json\/wp\/v2\/pages\/501397\/revisions\/5934097"}],"wp:attachment":[{"href":"https:\/\/zewo.ch\/fr\/wp-json\/wp\/v2\/media?parent=501397"}],"wp:term":[{"taxonomy":"folder","embeddable":true,"href":"https:\/\/zewo.ch\/fr\/wp-json\/wp\/v2\/folder?post=501397"}],"curies":[{"name":"wp","href":"https:\/\/api.w.org\/{rel}","templated":true}]}}