{"id":500647,"date":"2019-08-13T11:48:35","date_gmt":"2019-08-13T09:48:35","guid":{"rendered":"https:\/\/www.zewo.ch\/?page_id=500647"},"modified":"2026-04-08T09:12:24","modified_gmt":"2026-04-08T07:12:24","slug":"evenements-et-cours","status":"publish","type":"page","link":"https:\/\/zewo.ch\/fr\/evenements-et-cours\/","title":{"rendered":"\u00c9v\u00e9nements et cours"},"content":{"rendered":"\n<h2 class=\"wp-block-heading\">Conseils, tendances et formations<\/h2>\n\n\n\n<p><strong>Formation continue et travail en r\u00e9seau. Vous trouverez ici les formations et \u00e9v\u00e9nements des OBNL qui sont faits pour vous. Jetez-y un \u0153il et restez \u00e0 la page.<\/strong><\/p>\n\n\n\n<p>La Zewo regroupe ici les \u00e9v\u00e9nements qu\u2019elle organise elle-m\u00eame ou soutient activement. Elle inclut \u00e9galement certains \u00e9v\u00e8nements s\u00e9lectionn\u00e9s, qui pourraient int\u00e9resser les OBNL certifi\u00e9es.<\/p>\n\n\n\n<p><\/p>\n\n\n\n<p><\/p>\n\n\n\n<h2 class=\"wp-block-heading\" id=\"h-evenements-actuels\">\u00c9v\u00e9nements actuels<\/h2>\n\n\n\n<div class=\"wp-block-cgb-block-zewo-block-columns-container container bg-color-light-gray\"><div class=\"grid-x grid-margin-x\" data-columns=\"2\">\n<div class=\"cell small-12 medium-6\"><div class=\"wp-block-cgb-block-zewo-block-image-text-teaser ab-block-cta\"><div class=\"ab-cta-image-wrap bg-color-secondary\"><img decoding=\"async\" class=\"ab-cta-image\" src=\"https:\/\/zewo.ch\/wp-content\/uploads\/2021\/12\/heg.jpg\" alt=\"HEG CAS Recherche de fonds\"\/><\/div><div class=\"ab-cta-content\"><h2 class=\"ab-cta-title\">Formation courte:<br\/>Les fondamentaux de la recherche de fonds<\/h2><div class=\"ab-cta-text\">\n<p>Les participants d\u00e9couvrent les aspects essentiels de la pratique de la collecte de fonds : du contexte et des bases strat\u00e9giques aux diff\u00e9rents groupes de bailleurs de fonds et de donateurs, en passant par des approches cibl\u00e9es pour des demandes de financement convaincantes. <\/p>\n\n\n\n<p>Le cours est fortement ax\u00e9 sur la pratique et propose des contributions, des exercices et une applicabilit\u00e9 directe au contexte professionnel de chacun.<br><br><strong>Dates de la formation:<\/strong> 17 mars et 5 mai 2026<br><strong>Dur\u00e9e: <\/strong>1 jour<br><strong>D\u00e9lai d&rsquo;inscription : <\/strong>2 mars 2026<br><strong>Lieu<\/strong> : HEG-Gen\u00e8ve<\/p>\n<\/div><\/div><div class=\"ab-cta-button\"><a href=\"https:\/\/www.hesge.ch\/heg\/formations\/formation-continue\/formations-courtes\/les-fondamentaux-la-recherche-fonds#apercu-de-la-formation\" target=\"_self\" rel=\"noopener noreferrer\" class=\"button primary button-teaser\"><span class=\"button-arrow\"><\/span>S&rsquo;inscrire d\u00e8s maintenant<\/a><\/div><a href=\"https:\/\/www.hesge.ch\/heg\/formations\/formation-continue\/formations-courtes\/les-fondamentaux-la-recherche-fonds#apercu-de-la-formation\" target=\"_self\" rel=\"noopener noreferrer\" class=\"button-teaser--is-full\"><\/a><\/div><\/div>\n<\/div><\/div>\n\n\n\n<h2 class=\"wp-block-heading\" id=\"h-evenements-passes\">\u00c9v\u00e9nements pass\u00e9s<\/h2>\n\n\n\n<div class=\"wp-block-cgb-block-zewo-block-columns-container container bg-color-light-gray\"><div class=\"grid-x grid-margin-x\" data-columns=\"2\">\n<div class=\"cell small-12 medium-6\"><div class=\"wp-block-cgb-block-zewo-block-image-text-teaser ab-block-cta\"><div class=\"ab-cta-image-wrap bg-color-secondary\"><img decoding=\"async\" class=\"ab-cta-image\" src=\"https:\/\/zewo.ch\/wp-content\/uploads\/2021\/12\/heg.jpg\" alt=\"HEG CAS Recherche de fonds\"\/><\/div><div class=\"ab-cta-content\"><h2 class=\"ab-cta-title\">CAS en Recherche de fonds, la seule formation certifiante en fundraising en Suisse romande<\/h2><div class=\"ab-cta-text\">\n<p>Le CAS Recherche de fonds permet d\u2019acqu\u00e9rir la m\u00e9thodologie et les comp\u00e9tences n\u00e9cessaires \u00e0 la recherche professionnelle de fonds et \u00e0 la fid\u00e9lisation des partenaires.<\/p>\n\n\n\n<p>Dans un contexte o\u00f9 les organisations, associations ou fondations font face \u00e0 de nouveaux d\u00e9fis en termes d\u2019acquisition et de fid\u00e9lisation de partenaires, l\u2019instabilit\u00e9 des bailleurs de fonds sur les diff\u00e9rents projets sociaux, culturels, environnementaux, humanitaires ou sportifs implique une pression budg\u00e9taire sur les acteurs de la soci\u00e9t\u00e9 civile dans leur recherche de financement.<\/p>\n\n\n\n<p><strong>D\u00e9but de la formation : <\/strong>26 janvier 2026 <br><strong>Dur\u00e9e: <\/strong>5 mois<br><strong>D\u00e9lai d&rsquo;inscription : <\/strong>30 novembre 2025<br><strong>Lieu<\/strong> : HEG-Gen\u00e8ve<\/p>\n<\/div><\/div><div class=\"ab-cta-button\"><a href=\"https:\/\/www.hesge.ch\/heg\/formations\/formation-continue\/formations-diplomantes\/certificate-advanced-studies-cas\/recherche-fonds#apercu-de-la-formation\" target=\"_self\" rel=\"noopener noreferrer\" class=\"button primary button-teaser\"><span class=\"button-arrow\"><\/span>S&rsquo;inscrire d\u00e8s maintenant<\/a><\/div><a href=\"https:\/\/www.hesge.ch\/heg\/formations\/formation-continue\/formations-diplomantes\/certificate-advanced-studies-cas\/recherche-fonds#apercu-de-la-formation\" target=\"_self\" rel=\"noopener noreferrer\" class=\"button-teaser--is-full\"><\/a><\/div><\/div>\n\n\n\n<div class=\"cell small-12 medium-6\"><div class=\"wp-block-cgb-block-zewo-block-image-text-teaser ab-block-cta\"><div class=\"ab-cta-image-wrap bg-color-secondary\"><img decoding=\"async\" class=\"ab-cta-image\" src=\"https:\/\/zewo.ch\/wp-content\/uploads\/2025\/10\/Events_Romandie_25_new.png\" alt=\"Bild Events Romandie\"\/><\/div><div class=\"ab-cta-content\"><h2 class=\"ab-cta-title\">Les rencontres Zewo <strong>\u2013<\/strong> NPO en Suisse romande 2025<\/h2><div class=\"ab-cta-text\">\n<p>En 2025, la fondation Zewo organise des \u00e9v\u00e9nements en Suisse romande pour consolider ses relations avec vous, organisations d&rsquo;entraide romandes, et pour \u00e9changer sur des th\u00e8mes centraux li\u00e9s \u00e0 la collecte de fonds et \u00e0 vos besoins concrets. Ces rencontres s&rsquo;adressent aussi bien aux organisations certifi\u00e9es que non certifi\u00e9es.<\/p>\n\n\n\n<p class=\"has-black-color has-text-color has-link-color wp-elements-e9d29f650f8d9e9538a78e0d1031729e\">Prochaines rencontres\u00a0:<br><strong>Jeudi 30 octobre 2025, \u00e0 Lausanne<br>Mardi 11 novembre 2025, \u00e0 Gen\u00e8ve<\/strong> <\/p>\n\n\n\n<p>Th\u00e8me: <br><strong>L\u2019impact, un ingr\u00e9dient essentiel de la confiance<\/strong><\/p>\n<\/div><\/div><\/div><\/div>\n\n\n\n<div class=\"cell small-12 medium-6\"><div class=\"wp-block-cgb-block-zewo-block-image-text-teaser ab-block-cta\"><div class=\"ab-cta-image-wrap bg-color-secondary\"><img decoding=\"async\" class=\"ab-cta-image\" src=\"https:\/\/zewo.ch\/wp-content\/uploads\/2021\/04\/NPF_2021-1.jpg\" alt=\"NPO Finanzforum\"\/><\/div><div class=\"ab-cta-content\"><h2 class=\"ab-cta-title\">The essentials of international development cooperation<br\/>June 19-21, 2025<\/h2><div class=\"ab-cta-text\">\n<p><strong>Situation du personnel qualifi\u00e9 dans le domaine social<\/strong><br>10 mars 2025 &#8211; 12h00, en ligne<\/p>\n\n\n\n<p><strong>Strat\u00e9gie d&rsquo;investissement des NPO : comment proc\u00e9der \u00e0 la gestion et au pilotage des actifs immobilis\u00e9s ?<\/strong><br>12 mars 2025, 14h00 &#8211; 16h30, UZH Foundation, Zurich<\/p>\n<\/div><\/div><div class=\"ab-cta-button\"><a href=\"https:\/\/npofinanzforum.ch\/veranstaltungen\/fachgruppenanlaesse\/\" target=\"_blank\" rel=\"noopener noreferrer\" class=\"button primary button-teaser\"><span class=\"button-arrow\"><\/span>S&rsquo;inscrire maintenant<\/a><\/div><a href=\"https:\/\/npofinanzforum.ch\/veranstaltungen\/fachgruppenanlaesse\/\" target=\"_blank\" rel=\"noopener noreferrer\" class=\"button-teaser--is-full\"><\/a><\/div><\/div>\n\n\n\n<div class=\"cell small-12 medium-6\"><div class=\"wp-block-cgb-block-zewo-block-image-text-teaser ab-block-cta\"><div class=\"ab-cta-image-wrap bg-color-secondary\"><img decoding=\"async\" class=\"ab-cta-image\" src=\"https:\/\/zewo.ch\/wp-content\/uploads\/2024\/03\/Foto_NADEL_Basics_DevCoop.jpg\" alt=\"Foto NADEL Kurs Basics Development &amp; Cooperation\"\/><\/div><div class=\"ab-cta-content\"><h2 class=\"ab-cta-title\">The essentials of international development cooperation<br\/>June 19-21, 2025<\/h2><div class=\"ab-cta-text\">\n<p>Are you working on a small development project or initiative? Are you looking to align your efforts with global sustainable development goals while gaining insights into current trends and challenges?<\/p>\n\n\n\n<p>This three-day course offers you essential tools and concepts, bridging theory with practice, and providing opportunities to engage with experienced practitioners.<\/p>\n<\/div><\/div><div class=\"ab-cta-button\"><a target=\"_blank\" rel=\"noopener noreferrer\" class=\"button primary button-teaser\"><span class=\"button-arrow\"><\/span>Read more<\/a><\/div><a target=\"_blank\" rel=\"noopener noreferrer\" class=\"button-teaser--is-full\"><\/a><\/div><\/div>\n\n\n\n<div class=\"cell small-12 medium-6\"><div class=\"wp-block-cgb-block-zewo-block-image-text-teaser ab-block-cta\"><div class=\"ab-cta-image-wrap bg-color-secondary\"><img decoding=\"async\" class=\"ab-cta-image\" src=\"https:\/\/zewo.ch\/wp-content\/uploads\/2024\/07\/roteblume.jpg\" alt=\"\"\/><\/div><div class=\"ab-cta-content\"><h2 class=\"ab-cta-title\">La Journ\u00e9e suisse des Fondations 2024 : Vive la r\u00e9silience!<\/h2><div class=\"ab-cta-text\">\n<p>Par une formation ax\u00e9e sur la pratique et la mise en application, vous d\u00e9velopperez des comp\u00e9tences en ayant une vision Quels changements juridiques concernent les professionnels de la finance dans les NPO et quelles en sont les cons\u00e9quences ? Le NPO Finanzforum vous invite \u00e0 une conf\u00e9rence pour d\u00e9battre de cette question passionnante.<\/p>\n<\/div><\/div><div class=\"ab-cta-button\"><a href=\"https:\/\/zewo.ch\/fr\/la-journee-suisse-des-fondations-2024-vive-la-resilience\/\" target=\"_self\" rel=\"noopener noreferrer\" class=\"button primary button-teaser\"><span class=\"button-arrow\"><\/span>Informez-vous<\/a><\/div><a href=\"https:\/\/zewo.ch\/fr\/la-journee-suisse-des-fondations-2024-vive-la-resilience\/\" target=\"_self\" rel=\"noopener noreferrer\" class=\"button-teaser--is-full\"><\/a><\/div><\/div>\n\n\n\n<div class=\"cell small-12 medium-6\"><div class=\"wp-block-cgb-block-zewo-block-image-text-teaser ab-block-cta\"><div class=\"ab-cta-image-wrap bg-color-secondary\"><img decoding=\"async\" class=\"ab-cta-image\" src=\"https:\/\/zewo.ch\/wp-content\/uploads\/2021\/04\/NPF_2021-1.jpg\" alt=\"NPO Finanzforum\"\/><\/div><div class=\"ab-cta-content\"><h2 class=\"ab-cta-title\">Conf\u00e9rence financi\u00e8re NPO sur le th\u00e8me du droit et des finances le 31 ao\u00fbt 2023<\/h2><div class=\"ab-cta-text\">\n<p>Par une formation ax\u00e9e sur la pratique et la mise en application, vous d\u00e9velopperez des comp\u00e9tences en ayant une vision Quels changements juridiques concernent les professionnels de la finance dans les NPO et quelles en sont les cons\u00e9quences ? Le NPO Finanzforum vous invite \u00e0 une conf\u00e9rence pour d\u00e9battre de cette question passionnante.<\/p>\n<\/div><\/div><div class=\"ab-cta-button\"><a href=\"https:\/\/zewo.ch\/fr\/actualites-juridiques-et-financieres\/\" target=\"_self\" rel=\"noopener noreferrer\" class=\"button primary button-teaser\"><span class=\"button-arrow\"><\/span>Inscriptions d\u00e8s maintenant<\/a><\/div><a href=\"https:\/\/zewo.ch\/fr\/actualites-juridiques-et-financieres\/\" target=\"_self\" rel=\"noopener noreferrer\" class=\"button-teaser--is-full\"><\/a><\/div><\/div>\n\n\n\n<div class=\"cell small-12 medium-6\"><div class=\"wp-block-cgb-block-zewo-block-image-text-teaser ab-block-cta\"><div class=\"ab-cta-image-wrap bg-color-secondary\"><img decoding=\"async\" class=\"ab-cta-image\" src=\"https:\/\/zewo.ch\/wp-content\/uploads\/2021\/12\/heg.jpg\" alt=\"HEG CAS Recherche de fonds\"\/><\/div><div class=\"ab-cta-content\"><h2 class=\"ab-cta-title\">Participez au CAS en Recherche de fonds pour devenir plus efficace en 5\u00a0mois !<\/h2><div class=\"ab-cta-text\">\n<p>Par une formation ax\u00e9e sur la pratique et la mise en application, vous d\u00e9velopperez des comp\u00e9tences en ayant une vision strat\u00e9gique du fundraising et une meilleure prise de recul. Vous acquerrez la m\u00e9thodologie n\u00e9cessaire et serez form\u00e9s \u00e0 la recherche active de fonds \u00e0 l\u2019aide des diff\u00e9rents outils \u00e0 disposition. Il reste quelques places disponibles pour rejoindre la <strong>vol\u00e9e 2022<\/strong> de la formation qui d\u00e9bute le 24 janvier \u00e0 la Haute \u00e9cole de Gestion de Gen\u00e8ve, ne ratez pas le d\u00e9lai d\u2019inscription fix\u00e9 au <strong>20 d\u00e9cembre<\/strong>.<\/p>\n<\/div><\/div><div class=\"ab-cta-button\"><a href=\"https:\/\/www.hesge.ch\/heg\/formations\/formation-continue\/formations-diplomantes\/certificate-advanced-studies-cas\/recherche-fonds\" target=\"_self\" rel=\"noopener noreferrer\" class=\"button primary button-teaser\"><span class=\"button-arrow\"><\/span>Inscriptions d\u00e8s maintenant<\/a><\/div><a href=\"https:\/\/www.hesge.ch\/heg\/formations\/formation-continue\/formations-diplomantes\/certificate-advanced-studies-cas\/recherche-fonds\" target=\"_self\" rel=\"noopener noreferrer\" class=\"button-teaser--is-full\"><\/a><\/div><\/div>\n\n\n\n<div class=\"cell small-12 medium-6\"><div class=\"wp-block-cgb-block-zewo-block-image-text-teaser ab-block-cta\"><div class=\"ab-cta-image-wrap bg-color-secondary\"><img decoding=\"async\" class=\"ab-cta-image\" src=\"https:\/\/zewo.ch\/wp-content\/uploads\/2021\/04\/NPF_2021-1.jpg\" alt=\"NPO Finanzforum\"\/><\/div><div class=\"ab-cta-content\"><h2 class=\"ab-cta-title\">l&rsquo;information sur la gestion des liquidit\u00e9s dans un environnement de taux d&rsquo;int\u00e9r\u00eat n\u00e9gatifs<\/h2><div class=\"ab-cta-text\">\n<p>La gestion des liquidit\u00e9s dans un contexte de taux d&rsquo;int\u00e9r\u00eat n\u00e9gatifs devient de plus en plus un d\u00e9fi, y compris pour les OBNL.&nbsp;C&rsquo;est pourquoi le NPO Finance Forum, en collaboration avec Zewo, ProFonds et Swissfundraising, vous invite \u00e0 une r\u00e9union d&rsquo;information <strong>le 9 novembre 2021 \u00e0 Berne<\/strong> chez PostFinance<\/p>\n<\/div><\/div><div class=\"ab-cta-button\"><a href=\"https:\/\/npofinanzforum.ch\/anmeldung-anlass-liquiditaetsbewirtschaftung-im-negativzinsumfeld-fuer-npo\/\" target=\"_self\" rel=\"noopener noreferrer\" class=\"button primary button-teaser\"><span class=\"button-arrow\"><\/span>Inscriptions d\u00e8s maintenant<\/a><\/div><a href=\"https:\/\/npofinanzforum.ch\/anmeldung-anlass-liquiditaetsbewirtschaftung-im-negativzinsumfeld-fuer-npo\/\" target=\"_self\" rel=\"noopener noreferrer\" class=\"button-teaser--is-full\"><\/a><\/div><\/div>\n<\/div><\/div>\n\n\n\n<div class=\"wp-block-cgb-block-zewo-block-columns-container container bg-color-light-gray\"><div class=\"grid-x grid-margin-x\" data-columns=\"2\">\n<div class=\"wp-block-cgb-block-zewo-block-columns-container container bg-color-light-gray\"><div class=\"grid-x grid-margin-x\" data-columns=\"2\"><\/div><\/div>\n<\/div><\/div>\n\n\n\n<div class=\"wp-block-cgb-block-zewo-block-columns-container container bg-color-light-gray\"><div class=\"grid-x grid-margin-x\" data-columns=\"2\">\n<div class=\"cell small-12 medium-6\"><div class=\"wp-block-cgb-block-zewo-block-image-teaser ab-block-cta bg-color-secondary\"><div class=\"ab-cta-image-wrap bg-color-secondary\"><img decoding=\"async\" class=\"ab-cta-image\" src=\"https:\/\/zewo.ch\/wp-content\/uploads\/2019\/05\/21-zewo-standards-1.png\" alt=\"Die 21 Zewo-Standards f\u00fcr Spenden sammelnde NPO\"\/><\/div><div class=\"ab-cta-content\"><h2 class=\"ab-cta-title\">Les 21 normes Zewo<\/h2><\/div><div class=\"ab-cta-button\"><a href=\"\/fr\/apercu-des-21-normes-zewo-condense-et-clair\/\" target=\"_self\" rel=\"noopener noreferrer\" class=\"button primary button-teaser\"><span class=\"button-arrow\"><\/span>En savoir plus<\/a><\/div><a href=\"\/fr\/apercu-des-21-normes-zewo-condense-et-clair\/\" target=\"_self\" rel=\"noopener noreferrer\" class=\"button-teaser--is-full\"><\/a><\/div><\/div>\n\n\n\n<div class=\"wp-block-cgb-block-zewo-block-columns-container container bg-color-light-gray\"><div class=\"grid-x grid-margin-x\" data-columns=\"2\"><\/div><\/div>\n\n\n\n<div class=\"cell small-12 medium-6\"><div class=\"wp-block-cgb-block-zewo-block-image-teaser ab-block-cta bg-color-secondary\"><div class=\"ab-cta-content\"><h2 class=\"ab-cta-title\">Comment parvenir au label de qualit\u00e9 Zewo<strong> <\/strong><\/h2><\/div><div class=\"ab-cta-button\"><a href=\"\/fr\/comment-parvenir-au-label-de-qualite-zewo\/\" target=\"_self\" rel=\"noopener noreferrer\" class=\"button primary button-teaser\"><span class=\"button-arrow\"><\/span>Aper\u00e7u de la proc\u00e9dure<\/a><\/div><a href=\"\/fr\/comment-parvenir-au-label-de-qualite-zewo\/\" target=\"_self\" rel=\"noopener noreferrer\" class=\"button-teaser--is-full\"><\/a><\/div><\/div>\n<\/div><\/div>\n","protected":false},"excerpt":{"rendered":"<p>Conseils, tendances et formations Formation continue et travail en r\u00e9seau. Vous trouverez ici les formations et \u00e9v\u00e9nements des OBNL qui sont faits pour vous. Jetez-y un \u0153il et restez \u00e0 la page. La Zewo regroupe ici les \u00e9v\u00e9nements qu\u2019elle organise elle-m\u00eame ou soutient activement. Elle inclut \u00e9galement certains \u00e9v\u00e8nements s\u00e9lectionn\u00e9s, qui pourraient int\u00e9resser les OBNL [&hellip;]<\/p>\n","protected":false},"author":6,"featured_media":666035,"parent":0,"menu_order":322,"comment_status":"closed","ping_status":"closed","template":"","meta":{"_acf_changed":false,"footnotes":""},"folder":[6639],"class_list":["post-500647","page","type-page","status-publish","has-post-thumbnail","hentry"],"acf":[],"yoast_head":"<!-- This site is optimized with the Yoast SEO Premium plugin v26.0 (Yoast SEO v26.0) - https:\/\/yoast.com\/wordpress\/plugins\/seo\/ -->\n<title>Zewo<\/title>\n<meta name=\"description\" content=\"Formations et cours pour les organisations d&#039;entraide certifi\u00e9es\" \/>\n<meta name=\"robots\" content=\"index, follow, max-snippet:-1, max-image-preview:large, max-video-preview:-1\" \/>\n<link rel=\"canonical\" href=\"https:\/\/zewo.ch\/fr\/evenements-et-cours\/\" \/>\n<meta property=\"og:locale\" content=\"fr_FR\" \/>\n<meta property=\"og:type\" content=\"article\" \/>\n<meta property=\"og:description\" content=\"Formations et cours pour les organisations d&#039;entraide certifi\u00e9es\" \/>\n<meta property=\"og:url\" content=\"https:\/\/zewo.ch\/fr\/evenements-et-cours\/\" \/>\n<meta property=\"og:site_name\" content=\"Zewo\" \/>\n<meta property=\"article:publisher\" content=\"https:\/\/www.facebook.com\/Stiftung.ZEWO\/\" \/>\n<meta property=\"article:modified_time\" content=\"2026-04-08T07:12:24+00:00\" \/>\n<meta property=\"og:image\" content=\"https:\/\/zewo.ch\/wp-content\/uploads\/2019\/11\/shutterstock_641494546_WP.jpg\" \/>\n\t<meta property=\"og:image:width\" content=\"2200\" \/>\n\t<meta property=\"og:image:height\" content=\"440\" \/>\n\t<meta property=\"og:image:type\" content=\"image\/jpeg\" \/>\n<meta name=\"twitter:card\" content=\"summary_large_image\" \/>\n<meta name=\"twitter:site\" content=\"@stiftung_zewo\" \/>\n<meta name=\"twitter:label1\" content=\"Dur\u00e9e de lecture estim\u00e9e\" \/>\n\t<meta name=\"twitter:data1\" content=\"19 minutes\" \/>\n<script type=\"application\/ld+json\" class=\"yoast-schema-graph\">{\"@context\":\"https:\/\/schema.org\",\"@graph\":[{\"@type\":\"WebPage\",\"@id\":\"https:\/\/zewo.ch\/fr\/evenements-et-cours\/#webpage\",\"url\":\"https:\/\/zewo.ch\/fr\/evenements-et-cours\/#webpage\",\"name\":\"\",\"isPartOf\":{\"@id\":\"https:\/\/zewo.ch\/fr\/#website\"},\"primaryImageOfPage\":{\"@id\":\"https:\/\/zewo.ch\/fr\/evenements-et-cours\/#primaryimage\"},\"image\":{\"@id\":\"https:\/\/zewo.ch\/fr\/evenements-et-cours\/#primaryimage\"},\"thumbnailUrl\":\"https:\/\/zewo.ch\/wp-content\/uploads\/2019\/11\/shutterstock_641494546_WP.jpg\",\"datePublished\":\"2019-08-13T09:48:35+00:00\",\"dateModified\":\"2026-04-08T07:12:24+00:00\",\"description\":\"Formations et cours pour les organisations d'entraide certifi\u00e9es\",\"breadcrumb\":{\"@id\":\"https:\/\/zewo.ch\/fr\/evenements-et-cours\/#breadcrumb\"},\"inLanguage\":\"fr-FR\",\"potentialAction\":[{\"@type\":\"ReadAction\",\"target\":[\"https:\/\/zewo.ch\/fr\/evenements-et-cours\/\"]}]},{\"@type\":\"ImageObject\",\"inLanguage\":\"fr-FR\",\"@id\":\"https:\/\/zewo.ch\/fr\/evenements-et-cours\/#primaryimage\",\"url\":\"https:\/\/zewo.ch\/wp-content\/uploads\/2019\/11\/shutterstock_641494546_WP.jpg\",\"contentUrl\":\"https:\/\/zewo.ch\/wp-content\/uploads\/2019\/11\/shutterstock_641494546_WP.jpg\",\"width\":2200,\"height\":440},{\"@type\":\"BreadcrumbList\",\"@id\":\"https:\/\/zewo.ch\/fr\/evenements-et-cours\/#breadcrumb\",\"itemListElement\":[{\"@type\":\"ListItem\",\"position\":1,\"name\":\"Home\",\"item\":\"https:\/\/zewo.ch\/fr\/\"},{\"@type\":\"ListItem\",\"position\":2,\"name\":\"\u00c9v\u00e9nements et cours\"}]},{\"@type\":\"WebSite\",\"@id\":\"https:\/\/zewo.ch\/fr\/#website\",\"url\":\"https:\/\/zewo.ch\/fr\/\",\"name\":\"Zewo\",\"description\":\"Votre don en bonnes mains.\",\"publisher\":{\"@id\":\"https:\/\/zewo.ch\/fr\/#organization\"},\"potentialAction\":[{\"@type\":\"SearchAction\",\"target\":{\"@type\":\"EntryPoint\",\"urlTemplate\":\"https:\/\/zewo.ch\/fr\/?s={search_term_string}\"},\"query-input\":{\"@type\":\"PropertyValueSpecification\",\"valueRequired\":true,\"valueName\":\"search_term_string\"}}],\"inLanguage\":\"fr-FR\"},{\"@type\":\"Organization\",\"@id\":\"https:\/\/zewo.ch\/fr\/#organization\",\"name\":\"Stiftung Zewo\",\"url\":\"https:\/\/zewo.ch\/fr\/\",\"logo\":{\"@type\":\"ImageObject\",\"inLanguage\":\"fr-FR\",\"@id\":\"https:\/\/zewo.ch\/fr\/#\/schema\/logo\/image\/\",\"url\":\"https:\/\/zewo.ch\/wp-content\/uploads\/2019\/08\/Zewo_Logo_Claim_D.svg\",\"contentUrl\":\"https:\/\/zewo.ch\/wp-content\/uploads\/2019\/08\/Zewo_Logo_Claim_D.svg\",\"width\":1,\"height\":1,\"caption\":\"Stiftung Zewo\"},\"image\":{\"@id\":\"https:\/\/zewo.ch\/fr\/#\/schema\/logo\/image\/\"},\"sameAs\":[\"https:\/\/www.facebook.com\/Stiftung.ZEWO\/\",\"https:\/\/x.com\/stiftung_zewo\",\"https:\/\/www.linkedin.com\/company\/stiftung-zewo\",\"https:\/\/www.youtube.com\/channel\/UCzjsVJro12OXcvvx1LQP8tw\",\"https:\/\/de.wikipedia.org\/wiki\/Zewo\"]}]}<\/script>\n<!-- \/ Yoast SEO Premium plugin. -->","yoast_head_json":{"title":"Zewo","description":"Formations et cours pour les organisations d'entraide certifi\u00e9es","robots":{"index":"index","follow":"follow","max-snippet":"max-snippet:-1","max-image-preview":"max-image-preview:large","max-video-preview":"max-video-preview:-1"},"canonical":"https:\/\/zewo.ch\/fr\/evenements-et-cours\/","og_locale":"fr_FR","og_type":"article","og_description":"Formations et cours pour les organisations d'entraide certifi\u00e9es","og_url":"https:\/\/zewo.ch\/fr\/evenements-et-cours\/","og_site_name":"Zewo","article_publisher":"https:\/\/www.facebook.com\/Stiftung.ZEWO\/","article_modified_time":"2026-04-08T07:12:24+00:00","og_image":[{"width":2200,"height":440,"url":"https:\/\/zewo.ch\/wp-content\/uploads\/2019\/11\/shutterstock_641494546_WP.jpg","type":"image\/jpeg"}],"twitter_card":"summary_large_image","twitter_site":"@stiftung_zewo","twitter_misc":{"Dur\u00e9e de lecture estim\u00e9e":"19 minutes"},"schema":{"@context":"https:\/\/schema.org","@graph":[{"@type":"WebPage","@id":"https:\/\/zewo.ch\/fr\/evenements-et-cours\/#webpage","url":"https:\/\/zewo.ch\/fr\/evenements-et-cours\/#webpage","name":"","isPartOf":{"@id":"https:\/\/zewo.ch\/fr\/#website"},"primaryImageOfPage":{"@id":"https:\/\/zewo.ch\/fr\/evenements-et-cours\/#primaryimage"},"image":{"@id":"https:\/\/zewo.ch\/fr\/evenements-et-cours\/#primaryimage"},"thumbnailUrl":"https:\/\/zewo.ch\/wp-content\/uploads\/2019\/11\/shutterstock_641494546_WP.jpg","datePublished":"2019-08-13T09:48:35+00:00","dateModified":"2026-04-08T07:12:24+00:00","description":"Formations et cours pour les organisations d'entraide certifi\u00e9es","breadcrumb":{"@id":"https:\/\/zewo.ch\/fr\/evenements-et-cours\/#breadcrumb"},"inLanguage":"fr-FR","potentialAction":[{"@type":"ReadAction","target":["https:\/\/zewo.ch\/fr\/evenements-et-cours\/"]}]},{"@type":"ImageObject","inLanguage":"fr-FR","@id":"https:\/\/zewo.ch\/fr\/evenements-et-cours\/#primaryimage","url":"https:\/\/zewo.ch\/wp-content\/uploads\/2019\/11\/shutterstock_641494546_WP.jpg","contentUrl":"https:\/\/zewo.ch\/wp-content\/uploads\/2019\/11\/shutterstock_641494546_WP.jpg","width":2200,"height":440},{"@type":"BreadcrumbList","@id":"https:\/\/zewo.ch\/fr\/evenements-et-cours\/#breadcrumb","itemListElement":[{"@type":"ListItem","position":1,"name":"Home","item":"https:\/\/zewo.ch\/fr\/"},{"@type":"ListItem","position":2,"name":"\u00c9v\u00e9nements et cours"}]},{"@type":"WebSite","@id":"https:\/\/zewo.ch\/fr\/#website","url":"https:\/\/zewo.ch\/fr\/","name":"Zewo","description":"Votre don en bonnes mains.","publisher":{"@id":"https:\/\/zewo.ch\/fr\/#organization"},"potentialAction":[{"@type":"SearchAction","target":{"@type":"EntryPoint","urlTemplate":"https:\/\/zewo.ch\/fr\/?s={search_term_string}"},"query-input":{"@type":"PropertyValueSpecification","valueRequired":true,"valueName":"search_term_string"}}],"inLanguage":"fr-FR"},{"@type":"Organization","@id":"https:\/\/zewo.ch\/fr\/#organization","name":"Stiftung Zewo","url":"https:\/\/zewo.ch\/fr\/","logo":{"@type":"ImageObject","inLanguage":"fr-FR","@id":"https:\/\/zewo.ch\/fr\/#\/schema\/logo\/image\/","url":"https:\/\/zewo.ch\/wp-content\/uploads\/2019\/08\/Zewo_Logo_Claim_D.svg","contentUrl":"https:\/\/zewo.ch\/wp-content\/uploads\/2019\/08\/Zewo_Logo_Claim_D.svg","width":1,"height":1,"caption":"Stiftung Zewo"},"image":{"@id":"https:\/\/zewo.ch\/fr\/#\/schema\/logo\/image\/"},"sameAs":["https:\/\/www.facebook.com\/Stiftung.ZEWO\/","https:\/\/x.com\/stiftung_zewo","https:\/\/www.linkedin.com\/company\/stiftung-zewo","https:\/\/www.youtube.com\/channel\/UCzjsVJro12OXcvvx1LQP8tw","https:\/\/de.wikipedia.org\/wiki\/Zewo"]}]}},"publishpress_future_action":{"enabled":false,"date":"2026-04-22 06:10:17","action":"change-status","newStatus":"draft","terms":[],"taxonomy":"translation_priority","extraData":[]},"publishpress_future_workflow_manual_trigger":{"enabledWorkflows":[]},"_links":{"self":[{"href":"https:\/\/zewo.ch\/fr\/wp-json\/wp\/v2\/pages\/500647","targetHints":{"allow":["GET"]}}],"collection":[{"href":"https:\/\/zewo.ch\/fr\/wp-json\/wp\/v2\/pages"}],"about":[{"href":"https:\/\/zewo.ch\/fr\/wp-json\/wp\/v2\/types\/page"}],"author":[{"embeddable":true,"href":"https:\/\/zewo.ch\/fr\/wp-json\/wp\/v2\/users\/6"}],"replies":[{"embeddable":true,"href":"https:\/\/zewo.ch\/fr\/wp-json\/wp\/v2\/comments?post=500647"}],"version-history":[{"count":45,"href":"https:\/\/zewo.ch\/fr\/wp-json\/wp\/v2\/pages\/500647\/revisions"}],"predecessor-version":[{"id":5939334,"href":"https:\/\/zewo.ch\/fr\/wp-json\/wp\/v2\/pages\/500647\/revisions\/5939334"}],"wp:featuredmedia":[{"embeddable":true,"href":"https:\/\/zewo.ch\/fr\/wp-json\/wp\/v2\/media\/666035"}],"wp:attachment":[{"href":"https:\/\/zewo.ch\/fr\/wp-json\/wp\/v2\/media?parent=500647"}],"wp:term":[{"taxonomy":"folder","embeddable":true,"href":"https:\/\/zewo.ch\/fr\/wp-json\/wp\/v2\/folder?post=500647"}],"curies":[{"name":"wp","href":"https:\/\/api.w.org\/{rel}","templated":true}]}}