{"id":499917,"date":"2019-08-09T16:04:43","date_gmt":"2019-08-09T14:04:43","guid":{"rendered":"https:\/\/www.zewo.ch\/?page_id=499917"},"modified":"2026-04-29T11:35:26","modified_gmt":"2026-04-29T09:35:26","slug":"congres-zewo","status":"publish","type":"page","link":"https:\/\/zewo.ch\/fr\/congres-zewo\/","title":{"rendered":"Congr\u00e8s Zewo"},"content":{"rendered":"\n<h2 class=\"wp-block-heading\" id=\"h-nous-nous-rejouissons-de-vous-revoir-au-congres-zewo-2026-reservez-la-dates-maintenant\">Nous nous r\u00e9jouissons de vous revoir au Congr\u00e8s Zewo 2026 \u2013 r\u00e9servez la dates maintenant!<\/h2>\n\n\n\n<figure class=\"wp-block-image size-full is-resized\"><img loading=\"lazy\" decoding=\"async\" width=\"600\" height=\"400\" src=\"https:\/\/zewo.ch\/wp-content\/uploads\/2026\/02\/Tagung_savethedate2026_FR.jpg\" alt=\"Image Save the date Zewo Tagung\" class=\"wp-image-5938430\" style=\"width:840px;height:auto\" srcset=\"https:\/\/zewo.ch\/wp-content\/uploads\/2026\/02\/Tagung_savethedate2026_FR.jpg 600w, https:\/\/zewo.ch\/wp-content\/uploads\/2026\/02\/Tagung_savethedate2026_FR-300x200.jpg 300w\" sizes=\"auto, (min-width: 960px) 75vw, 100vw\" \/><\/figure>\n\n\n\n<div style=\"height:35px\" aria-hidden=\"true\" class=\"wp-block-spacer\"><\/div>\n\n\n\n<h2 class=\"wp-block-heading\" id=\"h-save-the-date-les-prochains-congres-zewo\">Save the date \u2013 les prochains Congr\u00e8s Zewo<\/h2>\n\n\n\n<p>Notez d\u00e8s maintenant les dates des Congr\u00e8s Zewo 2027 et 2028 pour pouvoir participer \u00e0 ces \u00e9v\u00e9nements inspirants d\u00e9di\u00e9s aux NPO :<\/p>\n\n\n\n<p><strong>7 septembre 2027 au Casino de Berne<\/strong><br><strong>31 ao\u00fbt 2028 au Volkshaus de Zurich<\/strong><\/p>\n\n\n\n<div style=\"height:47px\" aria-hidden=\"true\" class=\"wp-block-spacer\"><\/div>\n\n\n\n<h2 class=\"wp-block-heading\" id=\"archive\">Congr\u00e8s Zewo pr\u00e9c\u00e9dents<\/h2>\n\n\n\n<ul class=\"wp-block-cgb-block-zewo-block-links container container-columns-1\">\n<li class=\"wp-block-cgb-block-zewo-block-link ab-block-link\"><a href=\"https:\/\/zewo.ch\/fr\/archives-congres-zewo\/\" class=\"button\"><span>Vers les Congr\u00e8s Zewo pr\u00e9c\u00e9dents<\/span><span class=\"button-arrow--long\"><\/span><\/a><\/li>\n<\/ul>\n\n\n\n<div class=\"wp-block-cgb-block-zewo-block-button ab-block-button\"><a href=\"https:\/\/zewo.ch\/fr\/evenements-et-cours\/\" class=\"button primary\"><span class=\"button-arrow\"><\/span>R\u00e9tour \u00e0 l&rsquo;ap\u00e9r\u00e7u<\/a><\/div>\n","protected":false},"excerpt":{"rendered":"<p>Nous nous r\u00e9jouissons de vous revoir au Congr\u00e8s Zewo 2026 \u2013 r\u00e9servez la dates maintenant! Save the date \u2013 les prochains Congr\u00e8s Zewo Notez d\u00e8s maintenant les dates des Congr\u00e8s Zewo 2027 et 2028 pour pouvoir participer \u00e0 ces \u00e9v\u00e9nements inspirants d\u00e9di\u00e9s aux NPO : 7 septembre 2027 au Casino de Berne31 ao\u00fbt 2028 au [&hellip;]<\/p>\n","protected":false},"author":38,"featured_media":5920203,"parent":0,"menu_order":325,"comment_status":"closed","ping_status":"closed","template":"","meta":{"_acf_changed":false,"footnotes":""},"folder":[6643],"class_list":["post-499917","page","type-page","status-publish","has-post-thumbnail","hentry"],"acf":[],"yoast_head":"<!-- This site is optimized with the Yoast SEO Premium plugin v27.5 (Yoast SEO v27.5) - https:\/\/yoast.com\/product\/yoast-seo-premium-wordpress\/ -->\n<title>Zewo<\/title>\n<meta name=\"description\" content=\"D\u00e9couvrez comment les ONG gardent le cap face aux crises. Inspirez-vous au Congr\u00e8s Zewo 2025 \u2013 inscrivez-vous d\u00e8s maintenant\u202f!\" \/>\n<meta name=\"robots\" content=\"index, follow, max-snippet:-1, max-image-preview:large, max-video-preview:-1\" \/>\n<link rel=\"canonical\" href=\"https:\/\/zewo.ch\/fr\/congres-zewo\/\" \/>\n<meta property=\"og:locale\" content=\"fr_FR\" \/>\n<meta property=\"og:type\" content=\"article\" \/>\n<meta property=\"og:description\" content=\"D\u00e9couvrez comment les ONG gardent le cap face aux crises. Inspirez-vous au Congr\u00e8s Zewo 2025 \u2013 inscrivez-vous d\u00e8s maintenant\u202f!\" \/>\n<meta property=\"og:url\" content=\"https:\/\/zewo.ch\/fr\/congres-zewo\/\" \/>\n<meta property=\"og:site_name\" content=\"Zewo\" \/>\n<meta property=\"article:publisher\" content=\"https:\/\/www.facebook.com\/Stiftung.ZEWO\/\" \/>\n<meta property=\"article:modified_time\" content=\"2026-04-29T09:35:26+00:00\" \/>\n<meta property=\"og:image\" content=\"https:\/\/zewo.ch\/wp-content\/uploads\/2024\/06\/Volkshaus_opt2-scaled.jpg\" \/>\n\t<meta property=\"og:image:width\" content=\"2560\" \/>\n\t<meta property=\"og:image:height\" content=\"1059\" \/>\n\t<meta property=\"og:image:type\" content=\"image\/jpeg\" \/>\n<meta name=\"twitter:card\" content=\"summary_large_image\" \/>\n<meta name=\"twitter:site\" content=\"@stiftung_zewo\" \/>\n<meta name=\"twitter:label1\" content=\"Dur\u00e9e de lecture estim\u00e9e\" \/>\n\t<meta name=\"twitter:data1\" content=\"1 minute\" \/>\n<script type=\"application\/ld+json\" class=\"yoast-schema-graph\">{\"@context\":\"https:\\\/\\\/schema.org\",\"@graph\":[{\"@type\":\"WebPage\",\"@id\":\"https:\\\/\\\/zewo.ch\\\/fr\\\/congres-zewo\\\/#webpage\",\"url\":\"https:\\\/\\\/zewo.ch\\\/fr\\\/congres-zewo\\\/#webpage\",\"name\":\"\",\"isPartOf\":{\"@id\":\"https:\\\/\\\/zewo.ch\\\/fr\\\/#website\"},\"primaryImageOfPage\":{\"@id\":\"https:\\\/\\\/zewo.ch\\\/fr\\\/congres-zewo\\\/#primaryimage\"},\"image\":{\"@id\":\"https:\\\/\\\/zewo.ch\\\/fr\\\/congres-zewo\\\/#primaryimage\"},\"thumbnailUrl\":\"https:\\\/\\\/zewo.ch\\\/wp-content\\\/uploads\\\/2024\\\/06\\\/Volkshaus_opt2-scaled.jpg\",\"datePublished\":\"2019-08-09T14:04:43+00:00\",\"dateModified\":\"2026-04-29T09:35:26+00:00\",\"description\":\"D\u00e9couvrez comment les ONG gardent le cap face aux crises. Inspirez-vous au Congr\u00e8s Zewo 2025 \u2013 inscrivez-vous d\u00e8s maintenant\u202f!\",\"breadcrumb\":{\"@id\":\"https:\\\/\\\/zewo.ch\\\/fr\\\/congres-zewo\\\/#breadcrumb\"},\"inLanguage\":\"fr-FR\",\"potentialAction\":[{\"@type\":\"ReadAction\",\"target\":[\"https:\\\/\\\/zewo.ch\\\/fr\\\/congres-zewo\\\/\"]}]},{\"@type\":\"ImageObject\",\"inLanguage\":\"fr-FR\",\"@id\":\"https:\\\/\\\/zewo.ch\\\/fr\\\/congres-zewo\\\/#primaryimage\",\"url\":\"https:\\\/\\\/zewo.ch\\\/wp-content\\\/uploads\\\/2024\\\/06\\\/Volkshaus_opt2-scaled.jpg\",\"contentUrl\":\"https:\\\/\\\/zewo.ch\\\/wp-content\\\/uploads\\\/2024\\\/06\\\/Volkshaus_opt2-scaled.jpg\",\"width\":2560,\"height\":1059,\"caption\":\"Header Zewo Tagung Volkshaus Z\u00fcrich\"},{\"@type\":\"BreadcrumbList\",\"@id\":\"https:\\\/\\\/zewo.ch\\\/fr\\\/congres-zewo\\\/#breadcrumb\",\"itemListElement\":[{\"@type\":\"ListItem\",\"position\":1,\"name\":\"Home\",\"item\":\"https:\\\/\\\/zewo.ch\\\/fr\\\/\"},{\"@type\":\"ListItem\",\"position\":2,\"name\":\"Congr\u00e8s Zewo\"}]},{\"@type\":\"WebSite\",\"@id\":\"https:\\\/\\\/zewo.ch\\\/fr\\\/#website\",\"url\":\"https:\\\/\\\/zewo.ch\\\/fr\\\/\",\"name\":\"Zewo\",\"description\":\"Votre don en bonnes mains.\",\"publisher\":{\"@id\":\"https:\\\/\\\/zewo.ch\\\/fr\\\/#organization\"},\"potentialAction\":[{\"@type\":\"SearchAction\",\"target\":{\"@type\":\"EntryPoint\",\"urlTemplate\":\"https:\\\/\\\/zewo.ch\\\/fr\\\/?s={search_term_string}\"},\"query-input\":{\"@type\":\"PropertyValueSpecification\",\"valueRequired\":true,\"valueName\":\"search_term_string\"}}],\"inLanguage\":\"fr-FR\"},{\"@type\":\"Organization\",\"@id\":\"https:\\\/\\\/zewo.ch\\\/fr\\\/#organization\",\"name\":\"Stiftung Zewo\",\"url\":\"https:\\\/\\\/zewo.ch\\\/fr\\\/\",\"logo\":{\"@type\":\"ImageObject\",\"inLanguage\":\"fr-FR\",\"@id\":\"https:\\\/\\\/zewo.ch\\\/fr\\\/#\\\/schema\\\/logo\\\/image\\\/\",\"url\":\"https:\\\/\\\/zewo.ch\\\/wp-content\\\/uploads\\\/2019\\\/08\\\/Zewo_Logo_Claim_D.svg\",\"contentUrl\":\"https:\\\/\\\/zewo.ch\\\/wp-content\\\/uploads\\\/2019\\\/08\\\/Zewo_Logo_Claim_D.svg\",\"width\":1,\"height\":1,\"caption\":\"Stiftung Zewo\"},\"image\":{\"@id\":\"https:\\\/\\\/zewo.ch\\\/fr\\\/#\\\/schema\\\/logo\\\/image\\\/\"},\"sameAs\":[\"https:\\\/\\\/www.facebook.com\\\/Stiftung.ZEWO\\\/\",\"https:\\\/\\\/x.com\\\/stiftung_zewo\",\"https:\\\/\\\/www.linkedin.com\\\/company\\\/stiftung-zewo\",\"https:\\\/\\\/www.youtube.com\\\/channel\\\/UCzjsVJro12OXcvvx1LQP8tw\",\"https:\\\/\\\/de.wikipedia.org\\\/wiki\\\/Zewo\"]}]}<\/script>\n<!-- \/ Yoast SEO Premium plugin. -->","yoast_head_json":{"title":"Zewo","description":"D\u00e9couvrez comment les ONG gardent le cap face aux crises. Inspirez-vous au Congr\u00e8s Zewo 2025 \u2013 inscrivez-vous d\u00e8s maintenant\u202f!","robots":{"index":"index","follow":"follow","max-snippet":"max-snippet:-1","max-image-preview":"max-image-preview:large","max-video-preview":"max-video-preview:-1"},"canonical":"https:\/\/zewo.ch\/fr\/congres-zewo\/","og_locale":"fr_FR","og_type":"article","og_description":"D\u00e9couvrez comment les ONG gardent le cap face aux crises. Inspirez-vous au Congr\u00e8s Zewo 2025 \u2013 inscrivez-vous d\u00e8s maintenant\u202f!","og_url":"https:\/\/zewo.ch\/fr\/congres-zewo\/","og_site_name":"Zewo","article_publisher":"https:\/\/www.facebook.com\/Stiftung.ZEWO\/","article_modified_time":"2026-04-29T09:35:26+00:00","og_image":[{"width":2560,"height":1059,"url":"https:\/\/zewo.ch\/wp-content\/uploads\/2024\/06\/Volkshaus_opt2-scaled.jpg","type":"image\/jpeg"}],"twitter_card":"summary_large_image","twitter_site":"@stiftung_zewo","twitter_misc":{"Dur\u00e9e de lecture estim\u00e9e":"1 minute"},"schema":{"@context":"https:\/\/schema.org","@graph":[{"@type":"WebPage","@id":"https:\/\/zewo.ch\/fr\/congres-zewo\/#webpage","url":"https:\/\/zewo.ch\/fr\/congres-zewo\/#webpage","name":"","isPartOf":{"@id":"https:\/\/zewo.ch\/fr\/#website"},"primaryImageOfPage":{"@id":"https:\/\/zewo.ch\/fr\/congres-zewo\/#primaryimage"},"image":{"@id":"https:\/\/zewo.ch\/fr\/congres-zewo\/#primaryimage"},"thumbnailUrl":"https:\/\/zewo.ch\/wp-content\/uploads\/2024\/06\/Volkshaus_opt2-scaled.jpg","datePublished":"2019-08-09T14:04:43+00:00","dateModified":"2026-04-29T09:35:26+00:00","description":"D\u00e9couvrez comment les ONG gardent le cap face aux crises. Inspirez-vous au Congr\u00e8s Zewo 2025 \u2013 inscrivez-vous d\u00e8s maintenant\u202f!","breadcrumb":{"@id":"https:\/\/zewo.ch\/fr\/congres-zewo\/#breadcrumb"},"inLanguage":"fr-FR","potentialAction":[{"@type":"ReadAction","target":["https:\/\/zewo.ch\/fr\/congres-zewo\/"]}]},{"@type":"ImageObject","inLanguage":"fr-FR","@id":"https:\/\/zewo.ch\/fr\/congres-zewo\/#primaryimage","url":"https:\/\/zewo.ch\/wp-content\/uploads\/2024\/06\/Volkshaus_opt2-scaled.jpg","contentUrl":"https:\/\/zewo.ch\/wp-content\/uploads\/2024\/06\/Volkshaus_opt2-scaled.jpg","width":2560,"height":1059,"caption":"Header Zewo Tagung Volkshaus Z\u00fcrich"},{"@type":"BreadcrumbList","@id":"https:\/\/zewo.ch\/fr\/congres-zewo\/#breadcrumb","itemListElement":[{"@type":"ListItem","position":1,"name":"Home","item":"https:\/\/zewo.ch\/fr\/"},{"@type":"ListItem","position":2,"name":"Congr\u00e8s Zewo"}]},{"@type":"WebSite","@id":"https:\/\/zewo.ch\/fr\/#website","url":"https:\/\/zewo.ch\/fr\/","name":"Zewo","description":"Votre don en bonnes mains.","publisher":{"@id":"https:\/\/zewo.ch\/fr\/#organization"},"potentialAction":[{"@type":"SearchAction","target":{"@type":"EntryPoint","urlTemplate":"https:\/\/zewo.ch\/fr\/?s={search_term_string}"},"query-input":{"@type":"PropertyValueSpecification","valueRequired":true,"valueName":"search_term_string"}}],"inLanguage":"fr-FR"},{"@type":"Organization","@id":"https:\/\/zewo.ch\/fr\/#organization","name":"Stiftung Zewo","url":"https:\/\/zewo.ch\/fr\/","logo":{"@type":"ImageObject","inLanguage":"fr-FR","@id":"https:\/\/zewo.ch\/fr\/#\/schema\/logo\/image\/","url":"https:\/\/zewo.ch\/wp-content\/uploads\/2019\/08\/Zewo_Logo_Claim_D.svg","contentUrl":"https:\/\/zewo.ch\/wp-content\/uploads\/2019\/08\/Zewo_Logo_Claim_D.svg","width":1,"height":1,"caption":"Stiftung Zewo"},"image":{"@id":"https:\/\/zewo.ch\/fr\/#\/schema\/logo\/image\/"},"sameAs":["https:\/\/www.facebook.com\/Stiftung.ZEWO\/","https:\/\/x.com\/stiftung_zewo","https:\/\/www.linkedin.com\/company\/stiftung-zewo","https:\/\/www.youtube.com\/channel\/UCzjsVJro12OXcvvx1LQP8tw","https:\/\/de.wikipedia.org\/wiki\/Zewo"]}]}},"publishpress_future_action":{"enabled":false,"date":"2026-05-13 17:08:29","action":"change-status","newStatus":"draft","terms":[],"taxonomy":"translation_priority","extraData":[]},"publishpress_future_workflow_manual_trigger":{"enabledWorkflows":[]},"_links":{"self":[{"href":"https:\/\/zewo.ch\/fr\/wp-json\/wp\/v2\/pages\/499917","targetHints":{"allow":["GET"]}}],"collection":[{"href":"https:\/\/zewo.ch\/fr\/wp-json\/wp\/v2\/pages"}],"about":[{"href":"https:\/\/zewo.ch\/fr\/wp-json\/wp\/v2\/types\/page"}],"author":[{"embeddable":true,"href":"https:\/\/zewo.ch\/fr\/wp-json\/wp\/v2\/users\/38"}],"replies":[{"embeddable":true,"href":"https:\/\/zewo.ch\/fr\/wp-json\/wp\/v2\/comments?post=499917"}],"version-history":[{"count":140,"href":"https:\/\/zewo.ch\/fr\/wp-json\/wp\/v2\/pages\/499917\/revisions"}],"predecessor-version":[{"id":5939914,"href":"https:\/\/zewo.ch\/fr\/wp-json\/wp\/v2\/pages\/499917\/revisions\/5939914"}],"wp:featuredmedia":[{"embeddable":true,"href":"https:\/\/zewo.ch\/fr\/wp-json\/wp\/v2\/media\/5920203"}],"wp:attachment":[{"href":"https:\/\/zewo.ch\/fr\/wp-json\/wp\/v2\/media?parent=499917"}],"wp:term":[{"taxonomy":"folder","embeddable":true,"href":"https:\/\/zewo.ch\/fr\/wp-json\/wp\/v2\/folder?post=499917"}],"curies":[{"name":"wp","href":"https:\/\/api.w.org\/{rel}","templated":true}]}}