{"id":499897,"date":"2019-08-09T15:39:16","date_gmt":"2019-08-09T13:39:16","guid":{"rendered":"https:\/\/www.zewo.ch\/?page_id=499897"},"modified":"2025-02-27T10:06:46","modified_gmt":"2025-02-27T09:06:46","slug":"remunerations-dans-les-oeuvres-de-bienfaisance-suisse","status":"publish","type":"page","link":"https:\/\/zewo.ch\/fr\/remunerations-dans-les-oeuvres-de-bienfaisance-suisse\/","title":{"rendered":"R\u00e9mun\u00e9rations dans les organisations d&rsquo;entraide suisse"},"content":{"rendered":"\n<h2 class=\"wp-block-heading\" id=\"h-combien-gagnent-les-cheffes-et-chefs-d-obnl\">Combien gagnent les cheffes et chefs d\u2019OBNL ?<\/h2>\n\n\n\n<figure class=\"wp-block-image size-full\"><img loading=\"lazy\" decoding=\"async\" width=\"846\" height=\"645\" src=\"https:\/\/zewo.ch\/wp-content\/uploads\/2024\/09\/Design-ohne-Titel-4.png\" alt=\"\" class=\"wp-image-5922406\" srcset=\"https:\/\/zewo.ch\/wp-content\/uploads\/2024\/09\/Design-ohne-Titel-4.png 846w, https:\/\/zewo.ch\/wp-content\/uploads\/2024\/09\/Design-ohne-Titel-4-300x229.png 300w, https:\/\/zewo.ch\/wp-content\/uploads\/2024\/09\/Design-ohne-Titel-4-768x586.png 768w\" sizes=\"auto, (min-width: 960px) 75vw, 100vw\" \/><\/figure>\n\n\n\n<p><strong>L\u2019engagement b\u00e9n\u00e9vole est de mise dans les comit\u00e9s directeurs et conseils de fondation, il n\u2019est pas une exception. La r\u00e9mun\u00e9ration des membres de direction op\u00e9rationnels reste quant \u00e0 elle mesur\u00e9e, et ce malgr\u00e9 la professionnalisation grandissante de ces fonctions. Voici les conclusions de la seconde \u00e9tude relative aux r\u00e9mun\u00e9rations men\u00e9e par l\u2019Universit\u00e9 de Fribourg sur mandat de la Zewo.<\/strong><\/p>\n\n\n\n<p>Presque deux tiers des membres de comit\u00e9s et de conseils de fondation des organisations titulaires du label de qualit\u00e9 Zewo exercent leur fonction \u00e0 titre honorifique. Ils ne per\u00e7oivent\u00a0pas de\u00a0r\u00e9mun\u00e9ration sous forme de forfaits de fonction, jetons de pr\u00e9sence ou\u00a0sommes forfaitaires. Seulement\u00a037%\u00a0des organisations\u00a0\u00e0 but non lucratif r\u00e9mun\u00e8rent l\u2019activit\u00e9 au sein de l\u2019organe directeur supr\u00eame.\u00a0L\u2019investissement personnel en termes de temps et la taille de l\u2019organisation ont le plus grand impact sur la r\u00e9mun\u00e9ration. Les r\u00e9mun\u00e9rations moyennes des directrices et directeurs n\u2019ont\u00a0gu\u00e8re \u00e9volu\u00e9 par rapport \u00e0 la\u00a0premi\u00e8re \u00e9tude de 2012.<\/p>\n\n\n\n<p>Sur mandat de la Fondation Zewo, l\u2019Institut pour le management des associations \u00e0 but non lucratif (VMI) de l\u2019Universit\u00e9 de Fribourg a analys\u00e9 les r\u00e9mun\u00e9rations vers\u00e9es dans les\u00a0organisations certifi\u00e9es. 275 organisations ont r\u00e9pondu \u00e0 l\u2019enqu\u00eate repr\u00e9sentative.\u00a0L\u2019\u00e9tude permet de mettre \u00e0 jour l&rsquo;image globale des indemnisations vers\u00e9es \u00e0 l\u2019organe directeur et des r\u00e9mun\u00e9rations des\u00a0directrices et directeurs.<\/p>\n\n\n\n<ul class=\"wp-block-cgb-block-zewo-block-links container container-columns-1\">\n<li class=\"wp-block-cgb-block-zewo-block-link ab-block-link\"><a href=\"\/fr\/apercu-des-21-normes-zewo-condense-et-clair\/\" class=\"button\"><span>Les 21 normes Zewo examinent la r\u00e9mun\u00e9ration sous la norme 8.<\/span><span class=\"button-arrow--long\"><\/span><\/a><\/li>\n<\/ul>\n\n\n\n<h3 class=\"wp-block-heading\" id=\"h-commander-l-etude-sur-les-remunerations\">Commander l\u2019\u00e9tude sur les r\u00e9mun\u00e9rations<\/h3>\n\n\n\n<ul class=\"wp-block-list\">\n<li><strong>Prix sp\u00e9cial pour les participants \u00e0 l\u2019\u00e9tude:<\/strong><br>CHF 15.\u2013&nbsp;hors TVA et frais d\u2019envoi<\/li>\n\n\n\n<li><strong>Prix avec label de qualit\u00e9:&nbsp;<\/strong><br>CHF 80.\u2013&nbsp;hors TVA et frais d\u2019envoi<\/li>\n\n\n\n<li><strong>Prix r\u00e9gulier:&nbsp;<\/strong><br>CHF 120.\u2013&nbsp;hors TVA et frais d\u2019envoi<\/li>\n<\/ul>\n\n\n\n<div class=\"wpcf7 no-js\" id=\"wpcf7-f500577-o1\" lang=\"de-DE\" dir=\"ltr\" data-wpcf7-id=\"500577\">\n<div class=\"screen-reader-response\"><p role=\"status\" aria-live=\"polite\" aria-atomic=\"true\"><\/p> <ul><\/ul><\/div>\n<form action=\"\/fr\/wp-json\/wp\/v2\/pages\/499897#wpcf7-f500577-o1\" method=\"post\" class=\"wpcf7-form init\" aria-label=\"Kontaktformular\" novalidate=\"novalidate\" data-status=\"init\">\n<fieldset class=\"hidden-fields-container\"><input type=\"hidden\" name=\"_wpcf7\" value=\"500577\" \/><input type=\"hidden\" name=\"_wpcf7_version\" value=\"6.1.2\" \/><input type=\"hidden\" name=\"_wpcf7_locale\" value=\"de_DE\" \/><input type=\"hidden\" name=\"_wpcf7_unit_tag\" value=\"wpcf7-f500577-o1\" \/><input type=\"hidden\" name=\"_wpcf7_container_post\" value=\"0\" \/><input type=\"hidden\" name=\"_wpcf7_posted_data_hash\" value=\"\" \/><input type=\"hidden\" name=\"_wpcf7_recaptcha_response\" value=\"\" \/>\n<\/fieldset>\n<div class=\"custom-field\">\n\t<p><label for=\"gender\"> Titre: <\/label><br \/>\n<span class=\"wpcf7-form-control-wrap\" data-name=\"id:gender\"><span class=\"wpcf7-form-control wpcf7-radio\"><span class=\"wpcf7-list-item first\"><label><input type=\"radio\" name=\"id:gender\" value=\"Madame\" \/><span class=\"wpcf7-list-item-label\">Madame<\/span><\/label><\/span><span class=\"wpcf7-list-item last\"><label><input type=\"radio\" name=\"id:gender\" value=\"Monsieur\" \/><span class=\"wpcf7-list-item-label\">Monsieur<\/span><\/label><\/span><\/span><\/span>\n\t<\/p>\n<\/div>\n<div class=\"form-field\">\n\t<p><label> Pr\u00e9nom* <\/label><br \/>\n<span class=\"wpcf7-form-control-wrap\" data-name=\"f-name\"><input size=\"40\" maxlength=\"400\" class=\"wpcf7-form-control wpcf7-text wpcf7-validates-as-required\" aria-required=\"true\" aria-invalid=\"false\" value=\"\" type=\"text\" name=\"f-name\" \/><\/span>\n\t<\/p>\n<\/div>\n<div class=\"form-field\">\n\t<p><label> Nom* <\/label><br \/>\n<span class=\"wpcf7-form-control-wrap\" data-name=\"f-surname\"><input size=\"40\" maxlength=\"400\" class=\"wpcf7-form-control wpcf7-text wpcf7-validates-as-required\" aria-required=\"true\" aria-invalid=\"false\" value=\"\" type=\"text\" name=\"f-surname\" \/><\/span>\n\t<\/p>\n<\/div>\n<div class=\"form-field\">\n\t<p><label> E-Mail* <\/label><br \/>\n<span class=\"wpcf7-form-control-wrap\" data-name=\"f-email\"><input size=\"40\" maxlength=\"400\" class=\"wpcf7-form-control wpcf7-email wpcf7-validates-as-required wpcf7-text wpcf7-validates-as-email\" aria-required=\"true\" aria-invalid=\"false\" value=\"\" type=\"email\" name=\"f-email\" \/><\/span>\n\t<\/p>\n<\/div>\n<div class=\"form-field\">\n\t<p><label> T\u00e9l\u00e9phone <\/label><br \/>\n<span class=\"wpcf7-form-control-wrap\" data-name=\"f-phone\"><input size=\"40\" maxlength=\"400\" class=\"wpcf7-form-control wpcf7-text\" aria-invalid=\"false\" value=\"\" type=\"text\" name=\"f-phone\" \/><\/span>\n\t<\/p>\n<\/div>\n<div class=\"form-field\">\n\t<p><label> Organisation <\/label><br \/>\n<span class=\"wpcf7-form-control-wrap\" data-name=\"f-company\"><input size=\"40\" maxlength=\"400\" class=\"wpcf7-form-control wpcf7-text\" aria-invalid=\"false\" value=\"\" type=\"text\" name=\"f-company\" \/><\/span>\n\t<\/p>\n<\/div>\n<div class=\"form-field\">\n\t<p><label> Adresse* <\/label><br \/>\n<span class=\"wpcf7-form-control-wrap\" data-name=\"f-strasse\"><input size=\"40\" maxlength=\"400\" class=\"wpcf7-form-control wpcf7-text wpcf7-validates-as-required\" aria-required=\"true\" aria-invalid=\"false\" value=\"\" type=\"text\" name=\"f-strasse\" \/><\/span>\n\t<\/p>\n<\/div>\n<div class=\"form-field\">\n\t<p><label> ZIP \/ lieu* <\/label><br \/>\n<span class=\"wpcf7-form-control-wrap\" data-name=\"f-address\"><input size=\"40\" maxlength=\"400\" class=\"wpcf7-form-control wpcf7-text wpcf7-validates-as-required\" aria-required=\"true\" aria-invalid=\"false\" value=\"\" type=\"text\" name=\"f-address\" \/><\/span>\n\t<\/p>\n<\/div>\n<div class=\"custom-field\">\n\t<p><span class=\"wpcf7-form-control-wrap\" data-name=\"id:group\"><span class=\"wpcf7-form-control wpcf7-radio\"><span class=\"wpcf7-list-item first last\"><label><input type=\"radio\" name=\"id:group\" value=\"Pour les organisations qui ont particip\u00e9 \u00e0 l\u2019\u00e9tude CHF 15.\u2013 (hors TVA et frais d\u2019envoi)\" \/><span class=\"wpcf7-list-item-label\">Pour les organisations qui ont particip\u00e9 \u00e0 l\u2019\u00e9tude CHF 15.\u2013 (hors TVA et frais d\u2019envoi)<\/span><\/label><\/span><\/span><\/span>\n\t<\/p>\n<\/div>\n<div class=\"custom-field\">\n\t<p><span class=\"wpcf7-form-control-wrap\" data-name=\"id:group\"><span class=\"wpcf7-form-control wpcf7-radio\"><span class=\"wpcf7-list-item first last\"><label><input type=\"radio\" name=\"id:group\" value=\"Prix avec label de qualit\u00e9 CHF 80.\u2013  (hors TVA et frais d\u2019envoi)\" \/><span class=\"wpcf7-list-item-label\">Prix avec label de qualit\u00e9 CHF 80.\u2013  (hors TVA et frais d\u2019envoi)<\/span><\/label><\/span><\/span><\/span>\n\t<\/p>\n<\/div>\n<div class=\"custom-field\">\n\t<p><span class=\"wpcf7-form-control-wrap\" data-name=\"id:group\"><span class=\"wpcf7-form-control wpcf7-radio\"><span class=\"wpcf7-list-item first last\"><label><input type=\"radio\" name=\"id:group\" value=\"Prix normal CHF 120.\u2013 (hors TVA et frais d\u2019envoi)\" \/><span class=\"wpcf7-list-item-label\">Prix normal CHF 120.\u2013 (hors TVA et frais d\u2019envoi)<\/span><\/label><\/span><\/span><\/span>\n\t<\/p>\n<\/div>\n<div class=\"form-field\">\n\t<p><label> Message <\/label><br \/>\n<span class=\"wpcf7-form-control-wrap\" data-name=\"f-message\"><textarea cols=\"40\" rows=\"10\" maxlength=\"2000\" class=\"wpcf7-form-control wpcf7-textarea\" aria-invalid=\"false\" name=\"f-message\"><\/textarea><\/span>\n\t<\/p>\n<\/div>\n<p><button id='submit' class='wpcf7-form-control wpcf7-submit button is--transparent'><span class=\"button-arrow\"><\/span>Envoyer<\/button>\n<\/p><div class=\"wpcf7-response-output\" aria-hidden=\"true\"><\/div>\n<\/form>\n<\/div>\n\n\n\n\n<p><\/p>\n\n\n\n<h3 class=\"wp-block-heading\" id=\"Calculateur-de-r\u00e9mun\u00e9ration:-offre-pour-les-organisations-d'entraide-certifi\u00e9es\">Calculateur de r\u00e9mun\u00e9ration: offre pour les organisations d&rsquo;entraide certifi\u00e9es<\/h3>\n\n\n\n<p>Vous r\u00e9visez votre r\u00e8glement de r\u00e9mun\u00e9ration, une nouvelle pr\u00e9sidence ou direction est pr\u00e9vue ou vous souhaitez revoir la politique de r\u00e9mun\u00e9ration de votre organisation ? Profitez de la possibilit\u00e9 de conna\u00eetre les r\u00e9mun\u00e9rations vers\u00e9es par des organisations comparables et faites \u00e9valuer la r\u00e9mun\u00e9ration de votre organisation \u00e0 l&rsquo;aide des calculateurs de r\u00e9mun\u00e9ration Zewo.<\/p>\n\n\n\n<p>Pour les organisations d&rsquo;entraide certifi\u00e9es Zewo, le calcul des r\u00e9mun\u00e9rations est <strong>gratuit<\/strong>.<\/p>\n\n\n\n<p>Pour les organisations d&rsquo;entraide non certifi\u00e9es, la Zewo facture 80 francs (hors TVA) pour le calcul des r\u00e9mun\u00e9rations de la pr\u00e9sidence et\/ou de la direction.<\/p>\n\n\n\n<p>Nous vous prions d&rsquo;inscrire les informations n\u00e9cessaires dans le tableau correspondant et de nous le renvoyer d\u00fbment rempli par e-mail \u00e0 <a href=\"mailto:info@zewo.ch\" target=\"_blank\" rel=\"noreferrer noopener\">info@zewo.ch<\/a> ou par courrier \u00e0 : <strong>Fondation Zewo, Pfingstweidstrasse 10, 8005 Zurich<\/strong>.<\/p>\n\n\n\n<div class=\"wp-block-cgb-block-zewo-block-button ab-block-button\"><a href=\"https:\/\/zewo.ch\/wp-content\/uploads\/2023\/10\/Gutschein-Verguetungsrechner_FRANZ_Formular.pdf\" target=\"_blank\" rel=\"noopener noreferrer\" class=\"button secondary\"><span class=\"button-arrow\"><\/span>Calculateur de r\u00e9mun\u00e9ration <\/a><\/div>\n","protected":false},"excerpt":{"rendered":"<p>Combien gagnent les cheffes et chefs d\u2019OBNL ? L\u2019engagement b\u00e9n\u00e9vole est de mise dans les comit\u00e9s directeurs et conseils de fondation, il n\u2019est pas une exception. La r\u00e9mun\u00e9ration des membres de direction op\u00e9rationnels reste quant \u00e0 elle mesur\u00e9e, et ce malgr\u00e9 la professionnalisation grandissante de ces fonctions. Voici les conclusions de la seconde \u00e9tude relative [&hellip;]<\/p>\n","protected":false},"author":38,"featured_media":666046,"parent":0,"menu_order":303,"comment_status":"closed","ping_status":"closed","template":"","meta":{"_acf_changed":false,"footnotes":""},"folder":[6643],"class_list":["post-499897","page","type-page","status-publish","has-post-thumbnail","hentry"],"acf":[],"yoast_head":"<!-- This site is optimized with the Yoast SEO Premium plugin v26.0 (Yoast SEO v26.0) - https:\/\/yoast.com\/wordpress\/plugins\/seo\/ -->\n<title>Zewo<\/title>\n<meta name=\"description\" content=\"Combien gagnent les membres de comit\u00e9, de conseil de fondation et de direction des \u0153uvres de bienfaisance suisses?\" \/>\n<meta name=\"robots\" content=\"index, follow, max-snippet:-1, max-image-preview:large, max-video-preview:-1\" \/>\n<link rel=\"canonical\" href=\"https:\/\/zewo.ch\/fr\/remunerations-dans-les-oeuvres-de-bienfaisance-suisse\/\" \/>\n<meta property=\"og:locale\" content=\"fr_FR\" \/>\n<meta property=\"og:type\" content=\"article\" \/>\n<meta property=\"og:description\" content=\"Combien gagnent les membres de comit\u00e9, de conseil de fondation et de direction des \u0153uvres de bienfaisance suisses?\" \/>\n<meta property=\"og:url\" content=\"https:\/\/zewo.ch\/fr\/remunerations-dans-les-oeuvres-de-bienfaisance-suisse\/\" \/>\n<meta property=\"og:site_name\" content=\"Zewo\" \/>\n<meta property=\"article:publisher\" content=\"https:\/\/www.facebook.com\/Stiftung.ZEWO\/\" \/>\n<meta property=\"article:modified_time\" content=\"2025-02-27T09:06:46+00:00\" \/>\n<meta property=\"og:image\" content=\"https:\/\/zewo.ch\/wp-content\/uploads\/2019\/11\/shutterstock_407666296_WP.jpg\" \/>\n\t<meta property=\"og:image:width\" content=\"2200\" \/>\n\t<meta property=\"og:image:height\" content=\"440\" \/>\n\t<meta property=\"og:image:type\" content=\"image\/jpeg\" \/>\n<meta name=\"twitter:card\" content=\"summary_large_image\" \/>\n<meta name=\"twitter:site\" content=\"@stiftung_zewo\" \/>\n<meta name=\"twitter:label1\" content=\"Dur\u00e9e de lecture estim\u00e9e\" \/>\n\t<meta name=\"twitter:data1\" content=\"3 minutes\" \/>\n<script type=\"application\/ld+json\" class=\"yoast-schema-graph\">{\"@context\":\"https:\/\/schema.org\",\"@graph\":[{\"@type\":\"WebPage\",\"@id\":\"https:\/\/zewo.ch\/fr\/remunerations-dans-les-oeuvres-de-bienfaisance-suisse\/#webpage\",\"url\":\"https:\/\/zewo.ch\/fr\/remunerations-dans-les-oeuvres-de-bienfaisance-suisse\/#webpage\",\"name\":\"\",\"isPartOf\":{\"@id\":\"https:\/\/zewo.ch\/fr\/#website\"},\"primaryImageOfPage\":{\"@id\":\"https:\/\/zewo.ch\/fr\/remunerations-dans-les-oeuvres-de-bienfaisance-suisse\/#primaryimage\"},\"image\":{\"@id\":\"https:\/\/zewo.ch\/fr\/remunerations-dans-les-oeuvres-de-bienfaisance-suisse\/#primaryimage\"},\"thumbnailUrl\":\"https:\/\/zewo.ch\/wp-content\/uploads\/2019\/11\/shutterstock_407666296_WP.jpg\",\"datePublished\":\"2019-08-09T13:39:16+00:00\",\"dateModified\":\"2025-02-27T09:06:46+00:00\",\"description\":\"Combien gagnent les membres de comit\u00e9, de conseil de fondation et de direction des \u0153uvres de bienfaisance suisses?\",\"breadcrumb\":{\"@id\":\"https:\/\/zewo.ch\/fr\/remunerations-dans-les-oeuvres-de-bienfaisance-suisse\/#breadcrumb\"},\"inLanguage\":\"fr-FR\",\"potentialAction\":[{\"@type\":\"ReadAction\",\"target\":[\"https:\/\/zewo.ch\/fr\/remunerations-dans-les-oeuvres-de-bienfaisance-suisse\/\"]}]},{\"@type\":\"ImageObject\",\"inLanguage\":\"fr-FR\",\"@id\":\"https:\/\/zewo.ch\/fr\/remunerations-dans-les-oeuvres-de-bienfaisance-suisse\/#primaryimage\",\"url\":\"https:\/\/zewo.ch\/wp-content\/uploads\/2019\/11\/shutterstock_407666296_WP.jpg\",\"contentUrl\":\"https:\/\/zewo.ch\/wp-content\/uploads\/2019\/11\/shutterstock_407666296_WP.jpg\",\"width\":2200,\"height\":440},{\"@type\":\"BreadcrumbList\",\"@id\":\"https:\/\/zewo.ch\/fr\/remunerations-dans-les-oeuvres-de-bienfaisance-suisse\/#breadcrumb\",\"itemListElement\":[{\"@type\":\"ListItem\",\"position\":1,\"name\":\"Home\",\"item\":\"https:\/\/zewo.ch\/fr\/\"},{\"@type\":\"ListItem\",\"position\":2,\"name\":\"R\u00e9mun\u00e9rations dans les organisations d&#8217;entraide suisse\"}]},{\"@type\":\"WebSite\",\"@id\":\"https:\/\/zewo.ch\/fr\/#website\",\"url\":\"https:\/\/zewo.ch\/fr\/\",\"name\":\"Zewo\",\"description\":\"Votre don en bonnes mains.\",\"publisher\":{\"@id\":\"https:\/\/zewo.ch\/fr\/#organization\"},\"potentialAction\":[{\"@type\":\"SearchAction\",\"target\":{\"@type\":\"EntryPoint\",\"urlTemplate\":\"https:\/\/zewo.ch\/fr\/?s={search_term_string}\"},\"query-input\":{\"@type\":\"PropertyValueSpecification\",\"valueRequired\":true,\"valueName\":\"search_term_string\"}}],\"inLanguage\":\"fr-FR\"},{\"@type\":\"Organization\",\"@id\":\"https:\/\/zewo.ch\/fr\/#organization\",\"name\":\"Stiftung Zewo\",\"url\":\"https:\/\/zewo.ch\/fr\/\",\"logo\":{\"@type\":\"ImageObject\",\"inLanguage\":\"fr-FR\",\"@id\":\"https:\/\/zewo.ch\/fr\/#\/schema\/logo\/image\/\",\"url\":\"https:\/\/zewo.ch\/wp-content\/uploads\/2019\/08\/Zewo_Logo_Claim_D.svg\",\"contentUrl\":\"https:\/\/zewo.ch\/wp-content\/uploads\/2019\/08\/Zewo_Logo_Claim_D.svg\",\"width\":1,\"height\":1,\"caption\":\"Stiftung Zewo\"},\"image\":{\"@id\":\"https:\/\/zewo.ch\/fr\/#\/schema\/logo\/image\/\"},\"sameAs\":[\"https:\/\/www.facebook.com\/Stiftung.ZEWO\/\",\"https:\/\/x.com\/stiftung_zewo\",\"https:\/\/www.linkedin.com\/company\/stiftung-zewo\",\"https:\/\/www.youtube.com\/channel\/UCzjsVJro12OXcvvx1LQP8tw\",\"https:\/\/de.wikipedia.org\/wiki\/Zewo\"]}]}<\/script>\n<!-- \/ Yoast SEO Premium plugin. -->","yoast_head_json":{"title":"Zewo","description":"Combien gagnent les membres de comit\u00e9, de conseil de fondation et de direction des \u0153uvres de bienfaisance suisses?","robots":{"index":"index","follow":"follow","max-snippet":"max-snippet:-1","max-image-preview":"max-image-preview:large","max-video-preview":"max-video-preview:-1"},"canonical":"https:\/\/zewo.ch\/fr\/remunerations-dans-les-oeuvres-de-bienfaisance-suisse\/","og_locale":"fr_FR","og_type":"article","og_description":"Combien gagnent les membres de comit\u00e9, de conseil de fondation et de direction des \u0153uvres de bienfaisance suisses?","og_url":"https:\/\/zewo.ch\/fr\/remunerations-dans-les-oeuvres-de-bienfaisance-suisse\/","og_site_name":"Zewo","article_publisher":"https:\/\/www.facebook.com\/Stiftung.ZEWO\/","article_modified_time":"2025-02-27T09:06:46+00:00","og_image":[{"width":2200,"height":440,"url":"https:\/\/zewo.ch\/wp-content\/uploads\/2019\/11\/shutterstock_407666296_WP.jpg","type":"image\/jpeg"}],"twitter_card":"summary_large_image","twitter_site":"@stiftung_zewo","twitter_misc":{"Dur\u00e9e de lecture estim\u00e9e":"3 minutes"},"schema":{"@context":"https:\/\/schema.org","@graph":[{"@type":"WebPage","@id":"https:\/\/zewo.ch\/fr\/remunerations-dans-les-oeuvres-de-bienfaisance-suisse\/#webpage","url":"https:\/\/zewo.ch\/fr\/remunerations-dans-les-oeuvres-de-bienfaisance-suisse\/#webpage","name":"","isPartOf":{"@id":"https:\/\/zewo.ch\/fr\/#website"},"primaryImageOfPage":{"@id":"https:\/\/zewo.ch\/fr\/remunerations-dans-les-oeuvres-de-bienfaisance-suisse\/#primaryimage"},"image":{"@id":"https:\/\/zewo.ch\/fr\/remunerations-dans-les-oeuvres-de-bienfaisance-suisse\/#primaryimage"},"thumbnailUrl":"https:\/\/zewo.ch\/wp-content\/uploads\/2019\/11\/shutterstock_407666296_WP.jpg","datePublished":"2019-08-09T13:39:16+00:00","dateModified":"2025-02-27T09:06:46+00:00","description":"Combien gagnent les membres de comit\u00e9, de conseil de fondation et de direction des \u0153uvres de bienfaisance suisses?","breadcrumb":{"@id":"https:\/\/zewo.ch\/fr\/remunerations-dans-les-oeuvres-de-bienfaisance-suisse\/#breadcrumb"},"inLanguage":"fr-FR","potentialAction":[{"@type":"ReadAction","target":["https:\/\/zewo.ch\/fr\/remunerations-dans-les-oeuvres-de-bienfaisance-suisse\/"]}]},{"@type":"ImageObject","inLanguage":"fr-FR","@id":"https:\/\/zewo.ch\/fr\/remunerations-dans-les-oeuvres-de-bienfaisance-suisse\/#primaryimage","url":"https:\/\/zewo.ch\/wp-content\/uploads\/2019\/11\/shutterstock_407666296_WP.jpg","contentUrl":"https:\/\/zewo.ch\/wp-content\/uploads\/2019\/11\/shutterstock_407666296_WP.jpg","width":2200,"height":440},{"@type":"BreadcrumbList","@id":"https:\/\/zewo.ch\/fr\/remunerations-dans-les-oeuvres-de-bienfaisance-suisse\/#breadcrumb","itemListElement":[{"@type":"ListItem","position":1,"name":"Home","item":"https:\/\/zewo.ch\/fr\/"},{"@type":"ListItem","position":2,"name":"R\u00e9mun\u00e9rations dans les organisations d&#8217;entraide suisse"}]},{"@type":"WebSite","@id":"https:\/\/zewo.ch\/fr\/#website","url":"https:\/\/zewo.ch\/fr\/","name":"Zewo","description":"Votre don en bonnes mains.","publisher":{"@id":"https:\/\/zewo.ch\/fr\/#organization"},"potentialAction":[{"@type":"SearchAction","target":{"@type":"EntryPoint","urlTemplate":"https:\/\/zewo.ch\/fr\/?s={search_term_string}"},"query-input":{"@type":"PropertyValueSpecification","valueRequired":true,"valueName":"search_term_string"}}],"inLanguage":"fr-FR"},{"@type":"Organization","@id":"https:\/\/zewo.ch\/fr\/#organization","name":"Stiftung Zewo","url":"https:\/\/zewo.ch\/fr\/","logo":{"@type":"ImageObject","inLanguage":"fr-FR","@id":"https:\/\/zewo.ch\/fr\/#\/schema\/logo\/image\/","url":"https:\/\/zewo.ch\/wp-content\/uploads\/2019\/08\/Zewo_Logo_Claim_D.svg","contentUrl":"https:\/\/zewo.ch\/wp-content\/uploads\/2019\/08\/Zewo_Logo_Claim_D.svg","width":1,"height":1,"caption":"Stiftung Zewo"},"image":{"@id":"https:\/\/zewo.ch\/fr\/#\/schema\/logo\/image\/"},"sameAs":["https:\/\/www.facebook.com\/Stiftung.ZEWO\/","https:\/\/x.com\/stiftung_zewo","https:\/\/www.linkedin.com\/company\/stiftung-zewo","https:\/\/www.youtube.com\/channel\/UCzjsVJro12OXcvvx1LQP8tw","https:\/\/de.wikipedia.org\/wiki\/Zewo"]}]}},"publishpress_future_action":{"enabled":false,"date":"2026-04-25 11:09:40","action":"change-status","newStatus":"draft","terms":[],"taxonomy":"translation_priority","extraData":[]},"publishpress_future_workflow_manual_trigger":{"enabledWorkflows":[]},"_links":{"self":[{"href":"https:\/\/zewo.ch\/fr\/wp-json\/wp\/v2\/pages\/499897","targetHints":{"allow":["GET"]}}],"collection":[{"href":"https:\/\/zewo.ch\/fr\/wp-json\/wp\/v2\/pages"}],"about":[{"href":"https:\/\/zewo.ch\/fr\/wp-json\/wp\/v2\/types\/page"}],"author":[{"embeddable":true,"href":"https:\/\/zewo.ch\/fr\/wp-json\/wp\/v2\/users\/38"}],"replies":[{"embeddable":true,"href":"https:\/\/zewo.ch\/fr\/wp-json\/wp\/v2\/comments?post=499897"}],"version-history":[{"count":30,"href":"https:\/\/zewo.ch\/fr\/wp-json\/wp\/v2\/pages\/499897\/revisions"}],"predecessor-version":[{"id":5926684,"href":"https:\/\/zewo.ch\/fr\/wp-json\/wp\/v2\/pages\/499897\/revisions\/5926684"}],"wp:featuredmedia":[{"embeddable":true,"href":"https:\/\/zewo.ch\/fr\/wp-json\/wp\/v2\/media\/666046"}],"wp:attachment":[{"href":"https:\/\/zewo.ch\/fr\/wp-json\/wp\/v2\/media?parent=499897"}],"wp:term":[{"taxonomy":"folder","embeddable":true,"href":"https:\/\/zewo.ch\/fr\/wp-json\/wp\/v2\/folder?post=499897"}],"curies":[{"name":"wp","href":"https:\/\/api.w.org\/{rel}","templated":true}]}}