{"id":499786,"date":"2019-08-09T14:25:52","date_gmt":"2019-08-09T12:25:52","guid":{"rendered":"https:\/\/www.zewo.ch\/?page_id=499786"},"modified":"2026-04-02T14:54:24","modified_gmt":"2026-04-02T12:54:24","slug":"statistiques-des-dons","status":"publish","type":"page","link":"https:\/\/zewo.ch\/fr\/statistiques-des-dons\/","title":{"rendered":"Statistiques des dons"},"content":{"rendered":"\n<h2 class=\"wp-block-heading\" id=\"h-previsions-des-dons-2025-les-dons-restent-a-un-niveau-eleve\">Pr\u00e9visions des dons 2025 &#8211; Les dons restent \u00e0 un niveau \u00e9lev\u00e9<\/h2>\n\n\n\n<p>La pr\u00e9vision Zewo des dons re\u00e7us en 2025 le montrent : la confiance dans les organisations d\u2019entraide et la culture du don ancr\u00e9e dans la population se maintiennent malgr\u00e9 un contexte difficile. Pour la sixi\u00e8me ann\u00e9e cons\u00e9cutive, le volume des dons devrait d\u00e9passer les deux milliards de francs. Les dons priv\u00e9s enregistrent une l\u00e9g\u00e8re baisse, mais celle-ci est compens\u00e9e par une forte augmentation des dons institutionnels.<\/p>\n\n\n\n<figure class=\"wp-block-image size-large\"><img loading=\"lazy\" decoding=\"async\" width=\"1024\" height=\"646\" src=\"https:\/\/zewo.ch\/wp-content\/uploads\/2026\/04\/Grafik_Prognose_2025_F-1024x646.png\" alt=\"\" class=\"wp-image-5939141\" srcset=\"https:\/\/zewo.ch\/wp-content\/uploads\/2026\/04\/Grafik_Prognose_2025_F-1024x646.png 1024w, https:\/\/zewo.ch\/wp-content\/uploads\/2026\/04\/Grafik_Prognose_2025_F-300x189.png 300w, https:\/\/zewo.ch\/wp-content\/uploads\/2026\/04\/Grafik_Prognose_2025_F-768x484.png 768w, https:\/\/zewo.ch\/wp-content\/uploads\/2026\/04\/Grafik_Prognose_2025_F-1536x968.png 1536w, https:\/\/zewo.ch\/wp-content\/uploads\/2026\/04\/Grafik_Prognose_2025_F.png 2040w\" sizes=\"auto, (min-width: 960px) 75vw, 100vw\" \/><\/figure>\n\n\n\n<ul class=\"wp-block-list\">\n<li><strong>Maintien d&rsquo;un volume de dons \u00e9lev\u00e9 <\/strong>: le total des dons en 2025 devrait s&rsquo;\u00e9lever \u00e0 2,3 milliards de francs, ce qui repr\u00e9sente une l\u00e9g\u00e8re augmentation par rapport \u00e0 2024.<\/li>\n\n\n\n<li><strong>Le label de qualit\u00e9 Zewo renforce la confiance :<\/strong> une part importante des dons &#8211; 1,47 milliard de francs &#8211; sera vraisemblablement vers\u00e9e \u00e0 des organisations d\u2019entraide certifi\u00e9es. Ainsi, le volume des dons pour les organisations certifi\u00e9es Zewo reste stable.<\/li>\n\n\n\n<li><strong>Origine des dons : <\/strong>En ce qui concerne les dons provenant des m\u00e9nages priv\u00e9s, les organisations d\u2019entraide certifi\u00e9es devraient enregistrer une l\u00e9g\u00e8re baisse en 2025. Les dons destin\u00e9s aux organisations actives au niveau national ont l\u00e9g\u00e8rement diminu\u00e9, tandis que ceux destin\u00e9s aux organisations actives \u00e0 l&rsquo;\u00e9tranger ont l\u00e9g\u00e8rement augment\u00e9. Avec 760 millions de francs, les dons priv\u00e9s restent la principale source de dons. Les legs devraient baisser l\u00e9g\u00e8rement, tandis que les dons institutionnels des fondations donatrices, des plateformes de dons ou des communes devraient augmenter fortement.<\/li>\n\n\n\n<li><strong>Perspectives :<\/strong>&nbsp;les pr\u00e9visions des dons, r\u00e9alis\u00e9es par <a href=\"https:\/\/www.vmi.ch\/de\/\" target=\"_blank\" rel=\"noreferrer noopener\">l\u2019institut pour le management des associations de l\u2019Universit\u00e9 de Fribourg (VMI)<\/a>, se basent sur les donn\u00e9es de 44 organisations d\u2019entraide certifi\u00e9es Zewo, soigneusement s\u00e9lectionn\u00e9es et pond\u00e9r\u00e9es. La statistique d\u00e9finitive des dons pour 2025 sera publi\u00e9e au cours du deuxi\u00e8me semestre 2026, d\u00e8s que toutes les donn\u00e9es seront disponibles.<\/li>\n<\/ul>\n\n\n\n<p>Zewo contribue \u00e0 renforcer la confiance dans les organisations d\u2019entraide. Le label de qualit\u00e9 Zewo permet aux donatrices et donateurs de distinguer les organisations qui remplissent les 21 normes Zewo et utilisent les dons de mani\u00e8re responsable.<\/p>\n\n\n\n<h2 class=\"wp-block-heading\" id=\"h-statistiques-des-dons-2024-la-propension-a-donner-reste-forte\">Statistiques des dons 2024 &#8211; La propension \u00e0 donner reste forte<\/h2>\n\n\n\n<p>Le volume des dons en Suisse est rest\u00e9 stable en 2024, atteignant \u00e0 nouveau <strong>2,25 milliards de francs<\/strong>. La barre des deux milliards a ainsi \u00e9t\u00e9 franchie pour la cinqui\u00e8me fois cons\u00e9cutive, un niveau qui a doubl\u00e9 au cours des 20 derni\u00e8res ann\u00e9es.<\/p>\n\n\n\n<h2 class=\"wp-block-heading\">Les dons en Suisse \u2013 les faits marquants :<\/h2>\n\n\n\n<ul class=\"wp-block-list\">\n<li><strong>2,25 milliards de francs<\/strong> : le volume des dons en Suisse reste stable en 2024 et d\u00e9passe ainsi pour la cinqui\u00e8me fois cons\u00e9cutive les 2 milliards de francs.<\/li>\n\n\n\n<li><strong>Tendance \u00e0 long terme<\/strong> : le volume des dons a doubl\u00e9 au cours des 20 derni\u00e8res ann\u00e9es.<\/li>\n\n\n\n<li><strong>Organisations certifi\u00e9es Zewo<\/strong> : elles ont re\u00e7u 2 millions de francs de dons de plus que l&rsquo;ann\u00e9e pr\u00e9c\u00e9dente.<\/li>\n\n\n\n<li><strong>Facteurs d\u00e9terminants<\/strong> : augmentation du montant moyen des dons et des contributions des fondations donatrices.<\/li>\n\n\n\n<li><strong>D\u00e9fi<\/strong> : le recul du nombre de donateurs actifs p\u00e8se sur les recettes.<\/li>\n\n\n\n<li><strong>Organisations d&rsquo;entraide actives \u00e0 l&rsquo;international<\/strong> : fortement touch\u00e9es par les coupes dans les fonds publics destin\u00e9s \u00e0 la coop\u00e9ration au d\u00e9veloppement, elles r\u00e9agissent par des r\u00e9ductions de projets et des suppressions d&#8217;emplois et misent sur une intensification de la collecte de fonds et une meilleure efficacit\u00e9 pour compenser.<\/li>\n\n\n\n<li><strong>Les dons num\u00e9riques continuent de se d\u00e9velopper :<\/strong> Twint reste le moyen de paiement le plus utilis\u00e9, mais les montants moyens diminuent.<\/li>\n\n\n\n<li><strong>Montant moyen des dons<\/strong> : les dons par virement postal ou bancaire s&rsquo;\u00e9l\u00e8vent \u00e0 198 francs, contre seulement 95 francs pour les moyens de paiement num\u00e9riques.<\/li>\n<\/ul>\n\n\n\n<p>Vous souhaitez en savoir plus sur les statistiques des dons de la Zewo ? Alors consultez notre <strong>magazine en ligne<\/strong> ou t\u00e9l\u00e9chargez les statistiques compl\u00e8tes sous forme de <strong>fichier PDF<\/strong>.<\/p>\n\n\n\n<div style=\"height:40px\" aria-hidden=\"true\" class=\"wp-block-spacer\"><\/div>\n\n\n\n<h2 class=\"wp-block-heading\" id=\"h-magazine-en-ligne\">Magazine en ligne<\/h2>\n\n\n\n<div style=\"position:relative;overflow:hidden;height:536px;max-width:100%;\" data-page-width=\"452\" data-page-height=\"640\"><iframe style=\"position:absolute;top:0;left:0;width:100%;height:100%;\"   src=\"https:\/\/www.yumpu.com\/fr\/embed\/view\/DX7KgGTrHk3oV4iB\" frameborder=\"0\" allowfullscreen=\"true\"  allowtransparency=\"true\"><\/iframe><\/div>\n\n\n\n<div style=\"height:40px\" aria-hidden=\"true\" class=\"wp-block-spacer\"><\/div>\n\n\n\n<h2 class=\"wp-block-heading\" id=\"T\u00e9l\u00e9charger-les-statistiquest-des-dons-Zewo-2024\">T\u00e9l\u00e9charger les statistiques des dons Zewo 2024<\/h2>\n\n\n\n<p>T\u00e9l\u00e9chargez les derni\u00e8res statistiques la Zewo sur les dons vers\u00e9s aux organisations d&rsquo;entraide en Suisse (\u00e9dition septembre 2025) :<\/p>\n\n\n\n<div class=\"wp-block-cgb-block-zewo-block-button ab-block-button\"><a href=\"https:\/\/zewo.ch\/wp-content\/uploads\/2025\/09\/Spendenstatistik_Zewo_2024-FR-2.pdf\" class=\"button primary\"><span class=\"button-arrow\"><\/span>Statistiques des dons 2024<\/a><\/div>\n\n\n\n<div style=\"height:40px\" aria-hidden=\"true\" class=\"wp-block-spacer\"><\/div>\n\n\n\n<h2 class=\"wp-block-heading\" id=\"statistique-de-dons-anterieurs\">Archive statistiques des dons<\/h2>\n\n\n\n<div class=\"cell small-12 medium-6\"><div class=\"wp-block-cgb-block-zewo-block-image-text-teaser ab-block-cta\"><div class=\"ab-cta-image-wrap bg-color-secondary\"><img decoding=\"async\" class=\"ab-cta-image\" src=\"https:\/\/zewo.ch\/wp-content\/uploads\/2023\/10\/headerarchiv-1.png\" alt=\"\"\/><\/div><div class=\"ab-cta-content\"><h2 class=\"ab-cta-title\">\u00c9ditions \u00e0 partir de 2004<\/h2><div class=\"ab-cta-text\"><\/div><\/div><div class=\"ab-cta-button\"><a href=\"https:\/\/zewo.ch\/fr\/archives-statistiques-sur-les-dons\/\" target=\"_self\" rel=\"noopener noreferrer\" class=\"button primary button-teaser\"><span class=\"button-arrow\"><\/span>Cliquez ici pour acc\u00e9der aux \u00e9ditions pr\u00e9c\u00e9dentes<\/a><\/div><a href=\"https:\/\/zewo.ch\/fr\/archives-statistiques-sur-les-dons\/\" target=\"_self\" rel=\"noopener noreferrer\" class=\"button-teaser--is-full\"><\/a><\/div><\/div>\n\n\n\n<div class=\"wp-block-cgb-block-zewo-block-columns-container container bg-color-light-gray\"><div class=\"grid-x grid-margin-x\" data-columns=\"2\">\n<div class=\"cell small-12 medium-6\"><div class=\"wp-block-cgb-block-zewo-block-image-teaser ab-block-cta bg-color-secondary\"><div class=\"ab-cta-image-wrap bg-color-secondary\"><img decoding=\"async\" class=\"ab-cta-image\" src=\"https:\/\/zewo.ch\/wp-content\/uploads\/2019\/05\/21-zewo-standards-1.png\" alt=\"Die 21 Zewo-Standards f\u00fcr Spenden sammelnde NPO\"\/><\/div><div class=\"ab-cta-content\"><h2 class=\"ab-cta-title\">Les 21 normes Zewo<\/h2><\/div><div class=\"ab-cta-button\"><a href=\"\/fr\/apercu-des-21-normes-zewo-condense-et-clair\/\" target=\"_self\" rel=\"noopener noreferrer\" class=\"button primary button-teaser\"><span class=\"button-arrow\"><\/span>En savoir plus<\/a><\/div><a href=\"\/fr\/apercu-des-21-normes-zewo-condense-et-clair\/\" target=\"_self\" rel=\"noopener noreferrer\" class=\"button-teaser--is-full\"><\/a><\/div><\/div>\n\n\n\n<div class=\"wp-block-cgb-block-zewo-block-columns-container container bg-color-light-gray\"><div class=\"grid-x grid-margin-x\" data-columns=\"2\"><\/div><\/div>\n\n\n\n<div class=\"cell small-12 medium-6\"><div class=\"wp-block-cgb-block-zewo-block-image-teaser ab-block-cta bg-color-secondary\"><div class=\"ab-cta-content\"><h2 class=\"ab-cta-title\">Comment parvenir au label de qualit\u00e9 Zewo<strong> <\/strong><\/h2><\/div><div class=\"ab-cta-button\"><a href=\"\/fr\/comment-parvenir-au-label-de-qualite-zewo\/\" target=\"_self\" rel=\"noopener noreferrer\" class=\"button primary button-teaser\"><span class=\"button-arrow\"><\/span>Aper\u00e7u de la proc\u00e9dure<\/a><\/div><a href=\"\/fr\/comment-parvenir-au-label-de-qualite-zewo\/\" target=\"_self\" rel=\"noopener noreferrer\" class=\"button-teaser--is-full\"><\/a><\/div><\/div>\n<\/div><\/div>\n","protected":false},"excerpt":{"rendered":"<p>Pr\u00e9visions des dons 2025 &#8211; Les dons restent \u00e0 un niveau \u00e9lev\u00e9 La pr\u00e9vision Zewo des dons re\u00e7us en 2025 le montrent : la confiance dans les organisations d\u2019entraide et la culture du don ancr\u00e9e dans la population se maintiennent malgr\u00e9 un contexte difficile. Pour la sixi\u00e8me ann\u00e9e cons\u00e9cutive, le volume des dons devrait d\u00e9passer [&hellip;]<\/p>\n","protected":false},"author":38,"featured_media":666053,"parent":0,"menu_order":255,"comment_status":"closed","ping_status":"closed","template":"","meta":{"_acf_changed":false,"footnotes":""},"folder":[6643],"class_list":["post-499786","page","type-page","status-publish","has-post-thumbnail","hentry"],"acf":[],"yoast_head":"<!-- This site is optimized with the Yoast SEO Premium plugin v26.0 (Yoast SEO v26.0) - https:\/\/yoast.com\/wordpress\/plugins\/seo\/ -->\n<title>Zewo<\/title>\n<meta name=\"description\" content=\"Grande solidarit\u00e9 durant l\u2019ann\u00e9e du Covid 2020. Les organisations d&#039;entraide re\u00e7oivent plus de 2 milliards de francs de dons\" \/>\n<meta name=\"robots\" content=\"index, follow, max-snippet:-1, max-image-preview:large, max-video-preview:-1\" \/>\n<link rel=\"canonical\" href=\"https:\/\/zewo.ch\/fr\/statistiques-des-dons\/\" \/>\n<meta property=\"og:locale\" content=\"fr_FR\" \/>\n<meta property=\"og:type\" content=\"article\" \/>\n<meta property=\"og:description\" content=\"Grande solidarit\u00e9 durant l\u2019ann\u00e9e du Covid 2020. Les organisations d&#039;entraide re\u00e7oivent plus de 2 milliards de francs de dons\" \/>\n<meta property=\"og:url\" content=\"https:\/\/zewo.ch\/fr\/statistiques-des-dons\/\" \/>\n<meta property=\"og:site_name\" content=\"Zewo\" \/>\n<meta property=\"article:publisher\" content=\"https:\/\/www.facebook.com\/Stiftung.ZEWO\/\" \/>\n<meta property=\"article:modified_time\" content=\"2026-04-02T12:54:24+00:00\" \/>\n<meta property=\"og:image\" content=\"https:\/\/zewo.ch\/wp-content\/uploads\/2019\/11\/shutterstock_699875911_1_WP.jpg\" \/>\n\t<meta property=\"og:image:width\" content=\"2200\" \/>\n\t<meta property=\"og:image:height\" content=\"440\" \/>\n\t<meta property=\"og:image:type\" content=\"image\/jpeg\" \/>\n<meta name=\"twitter:card\" content=\"summary_large_image\" \/>\n<meta name=\"twitter:site\" content=\"@stiftung_zewo\" \/>\n<meta name=\"twitter:label1\" content=\"Dur\u00e9e de lecture estim\u00e9e\" \/>\n\t<meta name=\"twitter:data1\" content=\"13 minutes\" \/>\n<script type=\"application\/ld+json\" class=\"yoast-schema-graph\">{\"@context\":\"https:\/\/schema.org\",\"@graph\":[{\"@type\":\"WebPage\",\"@id\":\"https:\/\/zewo.ch\/fr\/statistiques-des-dons\/#webpage\",\"url\":\"https:\/\/zewo.ch\/fr\/statistiques-des-dons\/#webpage\",\"name\":\"\",\"isPartOf\":{\"@id\":\"https:\/\/zewo.ch\/fr\/#website\"},\"primaryImageOfPage\":{\"@id\":\"https:\/\/zewo.ch\/fr\/statistiques-des-dons\/#primaryimage\"},\"image\":{\"@id\":\"https:\/\/zewo.ch\/fr\/statistiques-des-dons\/#primaryimage\"},\"thumbnailUrl\":\"https:\/\/zewo.ch\/wp-content\/uploads\/2019\/11\/shutterstock_699875911_1_WP.jpg\",\"datePublished\":\"2019-08-09T12:25:52+00:00\",\"dateModified\":\"2026-04-02T12:54:24+00:00\",\"description\":\"Grande solidarit\u00e9 durant l\u2019ann\u00e9e du Covid 2020. Les organisations d'entraide re\u00e7oivent plus de 2 milliards de francs de dons\",\"breadcrumb\":{\"@id\":\"https:\/\/zewo.ch\/fr\/statistiques-des-dons\/#breadcrumb\"},\"inLanguage\":\"fr-FR\",\"potentialAction\":[{\"@type\":\"ReadAction\",\"target\":[\"https:\/\/zewo.ch\/fr\/statistiques-des-dons\/\"]}]},{\"@type\":\"ImageObject\",\"inLanguage\":\"fr-FR\",\"@id\":\"https:\/\/zewo.ch\/fr\/statistiques-des-dons\/#primaryimage\",\"url\":\"https:\/\/zewo.ch\/wp-content\/uploads\/2019\/11\/shutterstock_699875911_1_WP.jpg\",\"contentUrl\":\"https:\/\/zewo.ch\/wp-content\/uploads\/2019\/11\/shutterstock_699875911_1_WP.jpg\",\"width\":2200,\"height\":440},{\"@type\":\"BreadcrumbList\",\"@id\":\"https:\/\/zewo.ch\/fr\/statistiques-des-dons\/#breadcrumb\",\"itemListElement\":[{\"@type\":\"ListItem\",\"position\":1,\"name\":\"Home\",\"item\":\"https:\/\/zewo.ch\/fr\/\"},{\"@type\":\"ListItem\",\"position\":2,\"name\":\"Statistiques des dons\"}]},{\"@type\":\"WebSite\",\"@id\":\"https:\/\/zewo.ch\/fr\/#website\",\"url\":\"https:\/\/zewo.ch\/fr\/\",\"name\":\"Zewo\",\"description\":\"Votre don en bonnes mains.\",\"publisher\":{\"@id\":\"https:\/\/zewo.ch\/fr\/#organization\"},\"potentialAction\":[{\"@type\":\"SearchAction\",\"target\":{\"@type\":\"EntryPoint\",\"urlTemplate\":\"https:\/\/zewo.ch\/fr\/?s={search_term_string}\"},\"query-input\":{\"@type\":\"PropertyValueSpecification\",\"valueRequired\":true,\"valueName\":\"search_term_string\"}}],\"inLanguage\":\"fr-FR\"},{\"@type\":\"Organization\",\"@id\":\"https:\/\/zewo.ch\/fr\/#organization\",\"name\":\"Stiftung Zewo\",\"url\":\"https:\/\/zewo.ch\/fr\/\",\"logo\":{\"@type\":\"ImageObject\",\"inLanguage\":\"fr-FR\",\"@id\":\"https:\/\/zewo.ch\/fr\/#\/schema\/logo\/image\/\",\"url\":\"https:\/\/zewo.ch\/wp-content\/uploads\/2019\/08\/Zewo_Logo_Claim_D.svg\",\"contentUrl\":\"https:\/\/zewo.ch\/wp-content\/uploads\/2019\/08\/Zewo_Logo_Claim_D.svg\",\"width\":1,\"height\":1,\"caption\":\"Stiftung Zewo\"},\"image\":{\"@id\":\"https:\/\/zewo.ch\/fr\/#\/schema\/logo\/image\/\"},\"sameAs\":[\"https:\/\/www.facebook.com\/Stiftung.ZEWO\/\",\"https:\/\/x.com\/stiftung_zewo\",\"https:\/\/www.linkedin.com\/company\/stiftung-zewo\",\"https:\/\/www.youtube.com\/channel\/UCzjsVJro12OXcvvx1LQP8tw\",\"https:\/\/de.wikipedia.org\/wiki\/Zewo\"]}]}<\/script>\n<!-- \/ Yoast SEO Premium plugin. -->","yoast_head_json":{"title":"Zewo","description":"Grande solidarit\u00e9 durant l\u2019ann\u00e9e du Covid 2020. Les organisations d'entraide re\u00e7oivent plus de 2 milliards de francs de dons","robots":{"index":"index","follow":"follow","max-snippet":"max-snippet:-1","max-image-preview":"max-image-preview:large","max-video-preview":"max-video-preview:-1"},"canonical":"https:\/\/zewo.ch\/fr\/statistiques-des-dons\/","og_locale":"fr_FR","og_type":"article","og_description":"Grande solidarit\u00e9 durant l\u2019ann\u00e9e du Covid 2020. Les organisations d'entraide re\u00e7oivent plus de 2 milliards de francs de dons","og_url":"https:\/\/zewo.ch\/fr\/statistiques-des-dons\/","og_site_name":"Zewo","article_publisher":"https:\/\/www.facebook.com\/Stiftung.ZEWO\/","article_modified_time":"2026-04-02T12:54:24+00:00","og_image":[{"width":2200,"height":440,"url":"https:\/\/zewo.ch\/wp-content\/uploads\/2019\/11\/shutterstock_699875911_1_WP.jpg","type":"image\/jpeg"}],"twitter_card":"summary_large_image","twitter_site":"@stiftung_zewo","twitter_misc":{"Dur\u00e9e de lecture estim\u00e9e":"13 minutes"},"schema":{"@context":"https:\/\/schema.org","@graph":[{"@type":"WebPage","@id":"https:\/\/zewo.ch\/fr\/statistiques-des-dons\/#webpage","url":"https:\/\/zewo.ch\/fr\/statistiques-des-dons\/#webpage","name":"","isPartOf":{"@id":"https:\/\/zewo.ch\/fr\/#website"},"primaryImageOfPage":{"@id":"https:\/\/zewo.ch\/fr\/statistiques-des-dons\/#primaryimage"},"image":{"@id":"https:\/\/zewo.ch\/fr\/statistiques-des-dons\/#primaryimage"},"thumbnailUrl":"https:\/\/zewo.ch\/wp-content\/uploads\/2019\/11\/shutterstock_699875911_1_WP.jpg","datePublished":"2019-08-09T12:25:52+00:00","dateModified":"2026-04-02T12:54:24+00:00","description":"Grande solidarit\u00e9 durant l\u2019ann\u00e9e du Covid 2020. Les organisations d'entraide re\u00e7oivent plus de 2 milliards de francs de dons","breadcrumb":{"@id":"https:\/\/zewo.ch\/fr\/statistiques-des-dons\/#breadcrumb"},"inLanguage":"fr-FR","potentialAction":[{"@type":"ReadAction","target":["https:\/\/zewo.ch\/fr\/statistiques-des-dons\/"]}]},{"@type":"ImageObject","inLanguage":"fr-FR","@id":"https:\/\/zewo.ch\/fr\/statistiques-des-dons\/#primaryimage","url":"https:\/\/zewo.ch\/wp-content\/uploads\/2019\/11\/shutterstock_699875911_1_WP.jpg","contentUrl":"https:\/\/zewo.ch\/wp-content\/uploads\/2019\/11\/shutterstock_699875911_1_WP.jpg","width":2200,"height":440},{"@type":"BreadcrumbList","@id":"https:\/\/zewo.ch\/fr\/statistiques-des-dons\/#breadcrumb","itemListElement":[{"@type":"ListItem","position":1,"name":"Home","item":"https:\/\/zewo.ch\/fr\/"},{"@type":"ListItem","position":2,"name":"Statistiques des dons"}]},{"@type":"WebSite","@id":"https:\/\/zewo.ch\/fr\/#website","url":"https:\/\/zewo.ch\/fr\/","name":"Zewo","description":"Votre don en bonnes mains.","publisher":{"@id":"https:\/\/zewo.ch\/fr\/#organization"},"potentialAction":[{"@type":"SearchAction","target":{"@type":"EntryPoint","urlTemplate":"https:\/\/zewo.ch\/fr\/?s={search_term_string}"},"query-input":{"@type":"PropertyValueSpecification","valueRequired":true,"valueName":"search_term_string"}}],"inLanguage":"fr-FR"},{"@type":"Organization","@id":"https:\/\/zewo.ch\/fr\/#organization","name":"Stiftung Zewo","url":"https:\/\/zewo.ch\/fr\/","logo":{"@type":"ImageObject","inLanguage":"fr-FR","@id":"https:\/\/zewo.ch\/fr\/#\/schema\/logo\/image\/","url":"https:\/\/zewo.ch\/wp-content\/uploads\/2019\/08\/Zewo_Logo_Claim_D.svg","contentUrl":"https:\/\/zewo.ch\/wp-content\/uploads\/2019\/08\/Zewo_Logo_Claim_D.svg","width":1,"height":1,"caption":"Stiftung Zewo"},"image":{"@id":"https:\/\/zewo.ch\/fr\/#\/schema\/logo\/image\/"},"sameAs":["https:\/\/www.facebook.com\/Stiftung.ZEWO\/","https:\/\/x.com\/stiftung_zewo","https:\/\/www.linkedin.com\/company\/stiftung-zewo","https:\/\/www.youtube.com\/channel\/UCzjsVJro12OXcvvx1LQP8tw","https:\/\/de.wikipedia.org\/wiki\/Zewo"]}]}},"publishpress_future_action":{"enabled":false,"date":"2026-04-23 10:51:48","action":"change-status","newStatus":"draft","terms":[],"taxonomy":"translation_priority","extraData":[]},"publishpress_future_workflow_manual_trigger":{"enabledWorkflows":[]},"_links":{"self":[{"href":"https:\/\/zewo.ch\/fr\/wp-json\/wp\/v2\/pages\/499786","targetHints":{"allow":["GET"]}}],"collection":[{"href":"https:\/\/zewo.ch\/fr\/wp-json\/wp\/v2\/pages"}],"about":[{"href":"https:\/\/zewo.ch\/fr\/wp-json\/wp\/v2\/types\/page"}],"author":[{"embeddable":true,"href":"https:\/\/zewo.ch\/fr\/wp-json\/wp\/v2\/users\/38"}],"replies":[{"embeddable":true,"href":"https:\/\/zewo.ch\/fr\/wp-json\/wp\/v2\/comments?post=499786"}],"version-history":[{"count":58,"href":"https:\/\/zewo.ch\/fr\/wp-json\/wp\/v2\/pages\/499786\/revisions"}],"predecessor-version":[{"id":5939147,"href":"https:\/\/zewo.ch\/fr\/wp-json\/wp\/v2\/pages\/499786\/revisions\/5939147"}],"wp:featuredmedia":[{"embeddable":true,"href":"https:\/\/zewo.ch\/fr\/wp-json\/wp\/v2\/media\/666053"}],"wp:attachment":[{"href":"https:\/\/zewo.ch\/fr\/wp-json\/wp\/v2\/media?parent=499786"}],"wp:term":[{"taxonomy":"folder","embeddable":true,"href":"https:\/\/zewo.ch\/fr\/wp-json\/wp\/v2\/folder?post=499786"}],"curies":[{"name":"wp","href":"https:\/\/api.w.org\/{rel}","templated":true}]}}