{"id":499757,"date":"2019-08-09T13:47:09","date_gmt":"2019-08-09T11:47:09","guid":{"rendered":"https:\/\/www.zewo.ch\/?page_id=499757"},"modified":"2025-12-04T08:54:02","modified_gmt":"2025-12-04T07:54:02","slug":"liens","status":"publish","type":"page","link":"https:\/\/zewo.ch\/fr\/liens\/","title":{"rendered":"Liens"},"content":{"rendered":"\n<h2 class=\"wp-block-heading\">Bien connect\u00e9<\/h2>\n\n\n\n<p><strong>Ces organisations peuvent aussi vous int\u00e9resser.<\/strong><\/p>\n\n\n\n<h3 class=\"wp-block-heading\" id=\"1\">OBNL certifi\u00e9es<\/h3>\n\n\n\n<ul class=\"wp-block-cgb-block-zewo-block-links container container-columns-1\">\n<li class=\"wp-block-cgb-block-zewo-block-link ab-block-link\"><a href=\"https:\/\/zewo.ch\/fr\/npo-recherche\/\" class=\"button\"><span>NPO recherche<\/span><span class=\"button-arrow--long\"><\/span><\/a><\/li>\n\n\n\n<p><\/p>\n<\/ul>\n\n\n\n<h3 class=\"wp-block-heading\" id=\"2\">Centre d&rsquo;information<\/h3>\n\n\n\n<ul class=\"wp-block-cgb-block-zewo-block-links container container-columns-1\">\n<li class=\"wp-block-cgb-block-zewo-block-link ab-block-link\"><a href=\"http:\/\/www.cinfo.ch\/fr\" target=\"_blank\" rel=\"noopener noreferrer\" class=\"button\"><span>cinfo &#8211; Centre d&rsquo;information, de conseil et de formation sp\u00e9cialis\u00e9 dans les professions de la coop\u00e9ration internationale<\/span><span class=\"button-arrow--long\"><\/span><\/a><\/li>\n\n\n\n<li class=\"wp-block-cgb-block-zewo-block-link ab-block-link\"><a href=\"http:\/\/www.infosekta.ch\/\" target=\"_blank\" rel=\"noopener noreferrer\" class=\"button\"><span>infoSekta Informations- und Beratungsstelle f\u00fcr Sekten- und Kultfragen<\/span><span class=\"button-arrow--long\"><\/span><\/a><\/li>\n<\/ul>\n\n\n\n<h3 class=\"wp-block-heading\" id=\"3\">Autorit\u00e9s<\/h3>\n\n\n\n<ul class=\"wp-block-cgb-block-zewo-block-links container container-columns-1\">\n<li class=\"wp-block-cgb-block-zewo-block-link ab-block-link\"><a href=\"https:\/\/www.bsv.admin.ch\/fr\/\" target=\"_blank\" rel=\"noopener noreferrer\" class=\"button\"><span>Office f\u00e9d\u00e9ral des assurances sociales (OFAS)<\/span><span class=\"button-arrow--long\"><\/span><\/a><\/li>\n\n\n\n<li class=\"wp-block-cgb-block-zewo-block-link ab-block-link\"><a href=\"https:\/\/www.deza.eda.admin.ch\/fr\" target=\"_blank\" rel=\"noopener noreferrer\" class=\"button\"><span>Direction du d\u00e9veloppement et de la coop\u00e9ration (DDC)<\/span><span class=\"button-arrow--long\"><\/span><\/a><\/li>\n\n\n\n<li class=\"wp-block-cgb-block-zewo-block-link ab-block-link\"><a href=\"https:\/\/www.esa.admin.ch\/fr\" target=\"_blank\" rel=\"noopener noreferrer\" class=\"button\"><span>Surveillance f\u00e9d\u00e9rale des fondations<\/span><span class=\"button-arrow--long\"><\/span><\/a><\/li>\n\n\n\n<li class=\"wp-block-cgb-block-zewo-block-link ab-block-link\"><a href=\"https:\/\/www.edoeb.admin.ch\/fr\" target=\"_blank\" rel=\"noopener noreferrer\" class=\"button\"><span>Pr\u00e9pos\u00e9 f\u00e9d\u00e9ral \u00e0 la protection des donn\u00e9es et \u00e0 la transparence (PFPDT)<\/span><span class=\"button-arrow--long\"><\/span><\/a><\/li>\n\n\n\n<li class=\"wp-block-cgb-block-zewo-block-link ab-block-link\"><a href=\"https:\/\/www.faire-werbung.ch\/fr\/\" target=\"_blank\" rel=\"noopener noreferrer\" class=\"button\"><span>Commission suisse pour la loyaut\u00e9<\/span><span class=\"button-arrow--long\"><\/span><\/a><\/li>\n<\/ul>\n\n\n\n<h3 class=\"wp-block-heading\" id=\"4\">Associations professionnelles et sectorielles<\/h3>\n\n\n\n<ul class=\"wp-block-cgb-block-zewo-block-links container container-columns-1\">\n<li class=\"wp-block-cgb-block-zewo-block-link ab-block-link\"><a href=\"https:\/\/www.profonds.org\/fr\/\" target=\"_blank\" rel=\"noopener noreferrer\" class=\"button\"><span>proFonds, association fa\u00eeti\u00e8re des fondations et des associations d&rsquo;utilit\u00e9 publique<\/span><span class=\"button-arrow--long\"><\/span><\/a><\/li>\n\n\n\n<li class=\"wp-block-cgb-block-zewo-block-link ab-block-link\"><a href=\"https:\/\/swissfundraising.org\/fr\/\" target=\"_blank\" rel=\"noopener noreferrer\" class=\"button\"><span>Swissfundraising <\/span><span class=\"button-arrow--long\"><\/span><\/a><\/li>\n\n\n\n<li class=\"wp-block-cgb-block-zewo-block-link ab-block-link\"><a href=\"https:\/\/www.fer.ch\/fr\/standards\/swiss-gaap-rpc-21-etablissement-des-comptes-des-organisations-d-utilite-publique-a-but-non-lucratif\/\" target=\"_blank\" rel=\"noopener noreferrer\" class=\"button\"><span>Fondation RPC<\/span><span class=\"button-arrow--long\"><\/span><\/a><\/li>\n\n\n\n<li class=\"wp-block-cgb-block-zewo-block-link ab-block-link\"><a href=\"https:\/\/www.swissfoundations.ch\/fr\" target=\"_blank\" rel=\"noopener noreferrer\" class=\"button\"><span>SwissFoundations<\/span><span class=\"button-arrow--long\"><\/span><\/a><\/li>\n<\/ul>\n\n\n\n<h3 class=\"wp-block-heading\" id=\"5\">Enseignement et recherche<\/h3>\n\n\n\n<ul class=\"wp-block-cgb-block-zewo-block-links container container-columns-1\">\n<li class=\"wp-block-cgb-block-zewo-block-link ab-block-link\"><a href=\"http:\/\/www.unil.ch\/idheap\/home.html\" target=\"_blank\" rel=\"noopener noreferrer\" class=\"button\"><span>Institut des hautes \u00e9tudes en administration publique<\/span><span class=\"button-arrow--long\"><\/span><\/a><\/li>\n\n\n\n<li class=\"wp-block-cgb-block-zewo-block-link ab-block-link\"><a href=\"https:\/\/www.nadel.ethz.ch\/\" target=\"_blank\" rel=\"noopener noreferrer\" class=\"button\"><span>Nachdipliomstudium f\u00fcr Entwicklungsl\u00e4nder (NADEL \u2013 Center for Global Cooperation and Sustainable Development), ETH Z\u00fcrich<\/span><span class=\"button-arrow--long\"><\/span><\/a><\/li>\n\n\n\n<li class=\"wp-block-cgb-block-zewo-block-link ab-block-link\"><a href=\"https:\/\/www.seval.ch\/fr\/\" target=\"_blank\" rel=\"noopener noreferrer\" class=\"button\"><span>SEVAL &#8211; Schweizerische Evaluationsgesellschaft<\/span><span class=\"button-arrow--long\"><\/span><\/a><\/li>\n\n\n\n<li class=\"wp-block-cgb-block-zewo-block-link ab-block-link\"><a href=\"http:\/\/www.zuw.unibe.ch\/content\/index_ger.html\" target=\"_blank\" rel=\"noopener noreferrer\" class=\"button\"><span>Zentrum f\u00fcr universit\u00e4re Weiterbildung der Universit\u00e4t Bern<\/span><span class=\"button-arrow--long\"><\/span><\/a><\/li>\n\n\n\n<li class=\"wp-block-cgb-block-zewo-block-link ab-block-link\"><a href=\"http:\/\/www.unil.ch\/idheap\/home.html\" target=\"_blank\" rel=\"noopener noreferrer\" class=\"button\"><span>Cours de sensibilisation \u00e0 l&rsquo;\u00e9valuation des politiques publiques<\/span><span class=\"button-arrow--long\"><\/span><\/a><\/li>\n<\/ul>\n\n\n\n<h3 class=\"wp-block-heading\" id=\"6\">Travail b\u00e9n\u00e9vole<\/h3>\n\n\n\n<ul class=\"wp-block-cgb-block-zewo-block-links container container-columns-1\">\n<li class=\"wp-block-cgb-block-zewo-block-link ab-block-link\"><a href=\"https:\/\/www.benevol.ch\/fr\/benevol-suisse\/benevol-suisse.html\" target=\"_blank\" rel=\"noopener noreferrer\" class=\"button\"><span>Benevol Schweiz<\/span><span class=\"button-arrow--long\"><\/span><\/a><\/li>\n\n\n\n<li class=\"wp-block-cgb-block-zewo-block-link ab-block-link\"><a href=\"https:\/\/dossier-freiwillig-engagiert.ch\/\" target=\"_blank\" rel=\"noopener noreferrer\" class=\"button\"><span>Dossier b\u00e9n\u00e9volat Suisse<\/span><span class=\"button-arrow--long\"><\/span><\/a><\/li>\n\n\n\n<li class=\"wp-block-cgb-block-zewo-block-link ab-block-link\"><a href=\"https:\/\/www.vitamineb.ch\/\" target=\"_blank\" rel=\"noopener noreferrer\" class=\"button\"><span>Vitam B au service des associations<\/span><span class=\"button-arrow--long\"><\/span><\/a><\/li>\n<\/ul>\n\n\n\n<h3 class=\"wp-block-heading\" id=\"7\">R\u00e9seau international<\/h3>\n\n\n\n<figure class=\"wp-block-image size-large is-resized\"><img loading=\"lazy\" decoding=\"async\" width=\"1024\" height=\"576\" src=\"https:\/\/zewo.ch\/wp-content\/uploads\/2024\/03\/Logo_CMW_fullcolor-1024x576.png\" alt=\"Logo CMW\" class=\"wp-image-5917205\" style=\"width:300px\" srcset=\"https:\/\/zewo.ch\/wp-content\/uploads\/2024\/03\/Logo_CMW_fullcolor-1024x576.png 1024w, https:\/\/zewo.ch\/wp-content\/uploads\/2024\/03\/Logo_CMW_fullcolor-300x169.png 300w, https:\/\/zewo.ch\/wp-content\/uploads\/2024\/03\/Logo_CMW_fullcolor-768x432.png 768w, https:\/\/zewo.ch\/wp-content\/uploads\/2024\/03\/Logo_CMW_fullcolor-1536x864.png 1536w, https:\/\/zewo.ch\/wp-content\/uploads\/2024\/03\/Logo_CMW_fullcolor.png 1920w\" sizes=\"auto, (min-width: 960px) 75vw, 100vw\" \/><\/figure>\n\n\n\n<p><strong>Charity Monitoring Worldwide CMW (ehemals ICFO)<\/strong><\/p>\n\n\n\n<p>La fondation Zewo est membre de Charity Monitoring Worldwide (CMW), un r\u00e9seau mondial de certification des organisations d&rsquo;entraide. Ce r\u00e9seau renforce la confiance dans les organisations d&rsquo;entraide gr\u00e2ce \u00e0 un audit ind\u00e9pendant. Il s&rsquo;engage en faveur de la transparence et de normes de gouvernance \u00e9lev\u00e9es afin de garantir que les dons sont collect\u00e9s correctement et utilis\u00e9s efficacement.<\/p>\n\n\n\n<ul class=\"wp-block-cgb-block-zewo-block-links container container-columns-1\">\n<li class=\"wp-block-cgb-block-zewo-block-link ab-block-link\"><a href=\"https:\/\/www.charitymonitoringworldwide.org\/\" target=\"_blank\" rel=\"noopener noreferrer\" class=\"button\"><span>Charity Monitoring Worldwide CMW (ehemals ICFO)<\/span><span class=\"button-arrow--long\"><\/span><\/a><\/li>\n<\/ul>\n\n\n\n<h3 class=\"wp-block-heading\" id=\"8\">Organisations de consommateurs<\/h3>\n\n\n\n<ul class=\"wp-block-cgb-block-zewo-block-links container container-columns-1\">\n<li class=\"wp-block-cgb-block-zewo-block-link ab-block-link\"><a href=\"http:\/\/www.acsi.ch\/\" target=\"_blank\" rel=\"noopener noreferrer\" class=\"button\"><span>Associazione consumatrici delle svizzera italiana ACSI, Lugano<\/span><span class=\"button-arrow--long\"><\/span><\/a><\/li>\n\n\n\n<li class=\"wp-block-cgb-block-zewo-block-link ab-block-link\"><a href=\"http:\/\/www.frc.ch\/\" target=\"_blank\" rel=\"noopener noreferrer\" class=\"button\"><span>FRC &#8211; Conseil F\u00e9d\u00e9ration des Consommateurs, Lausanne<\/span><span class=\"button-arrow--long\"><\/span><\/a><\/li>\n\n\n\n<li class=\"wp-block-cgb-block-zewo-block-link ab-block-link\"><a href=\"https:\/\/konsum.ch\/\" target=\"_blank\" rel=\"noopener noreferrer\" class=\"button\"><span>Konsumentenforum kf, Bern<\/span><span class=\"button-arrow--long\"><\/span><\/a><\/li>\n\n\n\n<li class=\"wp-block-cgb-block-zewo-block-link ab-block-link\"><a href=\"https:\/\/www.konsumentenschutz.ch\/\" target=\"_blank\" rel=\"noopener noreferrer\" class=\"button\"><span>Stiftung f\u00fcr Konsumentenschutz, Bern<\/span><span class=\"button-arrow--long\"><\/span><\/a><\/li>\n<\/ul>\n\n\n\n<h3 class=\"wp-block-heading\" id=\"9\">Partenaires scientifiques<\/h3>\n\n\n\n<ul class=\"wp-block-cgb-block-zewo-block-links container container-columns-1\">\n<li class=\"wp-block-cgb-block-zewo-block-link ab-block-link\"><a href=\"https:\/\/www.vmi.ch\/\" target=\"_blank\" rel=\"noopener noreferrer\" class=\"button\"><span>VMI Verbandsmanagement Institut<\/span><span class=\"button-arrow--long\"><\/span><\/a><\/li>\n\n\n\n<li class=\"wp-block-cgb-block-zewo-block-link ab-block-link\"><a href=\"https:\/\/www.foeg.uzh.ch\/de\" target=\"_blank\" rel=\"noopener noreferrer\" class=\"button\"><span>Forschungsinstitut \u00d6ffentlichkeit und Gesellschaft f\u00f6g<\/span><span class=\"button-arrow--long\"><\/span><\/a><\/li>\n<\/ul>\n\n\n\n<h3 class=\"wp-block-heading\" id=\"h-autres-partenaires\">Autres partenaires<\/h3>\n\n\n\nNotre organisation s&rsquo;appuie sur SondageOnline.com pour <a href=\"https:\/\/www.sondageonline.com\/\" target=\"_blank\" rel=\"noopener noreferrer\">cr\u00e9er des sondages en ligne<\/a>.\n\n\n\n<div class=\"wp-block-cgb-block-zewo-block-columns-container container bg-color-light-gray\"><div class=\"grid-x grid-margin-x\" data-columns=\"2\">\n<div class=\"cell small-12 medium-6\"><div class=\"wp-block-cgb-block-zewo-block-image-teaser ab-block-cta bg-color-secondary\"><div class=\"ab-cta-image-wrap bg-color-secondary\"><img decoding=\"async\" class=\"ab-cta-image\" src=\"https:\/\/zewo.ch\/wp-content\/uploads\/2019\/05\/21-zewo-standards-1.png\" alt=\"Die 21 Zewo-Standards f\u00fcr Spenden sammelnde NPO\"\/><\/div><div class=\"ab-cta-content\"><h2 class=\"ab-cta-title\">Les 21 normes Zewo<\/h2><\/div><div class=\"ab-cta-button\"><a href=\"\/fr\/apercu-des-21-normes-zewo-condense-et-clair\/\" target=\"_self\" rel=\"noopener noreferrer\" class=\"button primary button-teaser\"><span class=\"button-arrow\"><\/span>En savoir plus<\/a><\/div><a href=\"\/fr\/apercu-des-21-normes-zewo-condense-et-clair\/\" target=\"_self\" rel=\"noopener noreferrer\" class=\"button-teaser--is-full\"><\/a><\/div><\/div>\n\n\n\n<div class=\"wp-block-cgb-block-zewo-block-columns-container container bg-color-light-gray\"><div class=\"grid-x grid-margin-x\" data-columns=\"2\"><\/div><\/div>\n\n\n\n<div class=\"cell small-12 medium-6\"><div class=\"wp-block-cgb-block-zewo-block-image-teaser ab-block-cta bg-color-secondary\"><div class=\"ab-cta-content\"><h2 class=\"ab-cta-title\">Comment parvenir au label de qualit\u00e9 Zewo<strong> <\/strong><\/h2><\/div><div class=\"ab-cta-button\"><a href=\"\/fr\/comment-parvenir-au-label-de-qualite-zewo\/\" target=\"_self\" rel=\"noopener noreferrer\" class=\"button primary button-teaser\"><span class=\"button-arrow\"><\/span>Aper\u00e7u de la proc\u00e9dure<\/a><\/div><a href=\"\/fr\/comment-parvenir-au-label-de-qualite-zewo\/\" target=\"_self\" rel=\"noopener noreferrer\" class=\"button-teaser--is-full\"><\/a><\/div><\/div>\n<\/div><\/div>\n","protected":false},"excerpt":{"rendered":"<p>Bien connect\u00e9 Ces organisations peuvent aussi vous int\u00e9resser. OBNL certifi\u00e9es Centre d&rsquo;information Autorit\u00e9s Associations professionnelles et sectorielles Enseignement et recherche Travail b\u00e9n\u00e9vole R\u00e9seau international Charity Monitoring Worldwide CMW (ehemals ICFO) La fondation Zewo est membre de Charity Monitoring Worldwide (CMW), un r\u00e9seau mondial de certification des organisations d&rsquo;entraide. Ce r\u00e9seau renforce la confiance dans les [&hellip;]<\/p>\n","protected":false},"author":38,"featured_media":5802049,"parent":0,"menu_order":413,"comment_status":"closed","ping_status":"closed","template":"","meta":{"_acf_changed":false,"footnotes":""},"folder":[6643],"class_list":["post-499757","page","type-page","status-publish","has-post-thumbnail","hentry"],"acf":[],"yoast_head":"<!-- This site is optimized with the Yoast SEO Premium plugin v26.0 (Yoast SEO v26.0) - https:\/\/yoast.com\/wordpress\/plugins\/seo\/ -->\n<title>Zewo<\/title>\n<meta name=\"description\" content=\"Bien connect\u00e9. Ces organisations peuvent aussi vous int\u00e9resser.\" \/>\n<meta name=\"robots\" content=\"index, follow, max-snippet:-1, max-image-preview:large, max-video-preview:-1\" \/>\n<link rel=\"canonical\" href=\"https:\/\/zewo.ch\/fr\/liens\/\" \/>\n<meta property=\"og:locale\" content=\"fr_FR\" \/>\n<meta property=\"og:type\" content=\"article\" \/>\n<meta property=\"og:description\" content=\"Bien connect\u00e9. Ces organisations peuvent aussi vous int\u00e9resser.\" \/>\n<meta property=\"og:url\" content=\"https:\/\/zewo.ch\/fr\/liens\/\" \/>\n<meta property=\"og:site_name\" content=\"Zewo\" \/>\n<meta property=\"article:publisher\" content=\"https:\/\/www.facebook.com\/Stiftung.ZEWO\/\" \/>\n<meta property=\"article:modified_time\" content=\"2025-12-04T07:54:02+00:00\" \/>\n<meta property=\"og:image\" content=\"https:\/\/zewo.ch\/wp-content\/uploads\/2023\/11\/netzwerkHeader.jpg\" \/>\n\t<meta property=\"og:image:width\" content=\"2200\" \/>\n\t<meta property=\"og:image:height\" content=\"650\" \/>\n\t<meta property=\"og:image:type\" content=\"image\/jpeg\" \/>\n<meta name=\"twitter:card\" content=\"summary_large_image\" \/>\n<meta name=\"twitter:site\" content=\"@stiftung_zewo\" \/>\n<meta name=\"twitter:label1\" content=\"Dur\u00e9e de lecture estim\u00e9e\" \/>\n\t<meta name=\"twitter:data1\" content=\"6 minutes\" \/>\n<script type=\"application\/ld+json\" class=\"yoast-schema-graph\">{\"@context\":\"https:\/\/schema.org\",\"@graph\":[{\"@type\":\"WebPage\",\"@id\":\"https:\/\/zewo.ch\/fr\/liens\/#webpage\",\"url\":\"https:\/\/zewo.ch\/fr\/liens\/#webpage\",\"name\":\"\",\"isPartOf\":{\"@id\":\"https:\/\/zewo.ch\/fr\/#website\"},\"primaryImageOfPage\":{\"@id\":\"https:\/\/zewo.ch\/fr\/liens\/#primaryimage\"},\"image\":{\"@id\":\"https:\/\/zewo.ch\/fr\/liens\/#primaryimage\"},\"thumbnailUrl\":\"https:\/\/zewo.ch\/wp-content\/uploads\/2023\/11\/netzwerkHeader.jpg\",\"datePublished\":\"2019-08-09T11:47:09+00:00\",\"dateModified\":\"2025-12-04T07:54:02+00:00\",\"description\":\"Bien connect\u00e9. Ces organisations peuvent aussi vous int\u00e9resser.\",\"breadcrumb\":{\"@id\":\"https:\/\/zewo.ch\/fr\/liens\/#breadcrumb\"},\"inLanguage\":\"fr-FR\",\"potentialAction\":[{\"@type\":\"ReadAction\",\"target\":[\"https:\/\/zewo.ch\/fr\/liens\/\"]}]},{\"@type\":\"ImageObject\",\"inLanguage\":\"fr-FR\",\"@id\":\"https:\/\/zewo.ch\/fr\/liens\/#primaryimage\",\"url\":\"https:\/\/zewo.ch\/wp-content\/uploads\/2023\/11\/netzwerkHeader.jpg\",\"contentUrl\":\"https:\/\/zewo.ch\/wp-content\/uploads\/2023\/11\/netzwerkHeader.jpg\",\"width\":2200,\"height\":650},{\"@type\":\"BreadcrumbList\",\"@id\":\"https:\/\/zewo.ch\/fr\/liens\/#breadcrumb\",\"itemListElement\":[{\"@type\":\"ListItem\",\"position\":1,\"name\":\"Home\",\"item\":\"https:\/\/zewo.ch\/fr\/\"},{\"@type\":\"ListItem\",\"position\":2,\"name\":\"Liens\"}]},{\"@type\":\"WebSite\",\"@id\":\"https:\/\/zewo.ch\/fr\/#website\",\"url\":\"https:\/\/zewo.ch\/fr\/\",\"name\":\"Zewo\",\"description\":\"Votre don en bonnes mains.\",\"publisher\":{\"@id\":\"https:\/\/zewo.ch\/fr\/#organization\"},\"potentialAction\":[{\"@type\":\"SearchAction\",\"target\":{\"@type\":\"EntryPoint\",\"urlTemplate\":\"https:\/\/zewo.ch\/fr\/?s={search_term_string}\"},\"query-input\":{\"@type\":\"PropertyValueSpecification\",\"valueRequired\":true,\"valueName\":\"search_term_string\"}}],\"inLanguage\":\"fr-FR\"},{\"@type\":\"Organization\",\"@id\":\"https:\/\/zewo.ch\/fr\/#organization\",\"name\":\"Stiftung Zewo\",\"url\":\"https:\/\/zewo.ch\/fr\/\",\"logo\":{\"@type\":\"ImageObject\",\"inLanguage\":\"fr-FR\",\"@id\":\"https:\/\/zewo.ch\/fr\/#\/schema\/logo\/image\/\",\"url\":\"https:\/\/zewo.ch\/wp-content\/uploads\/2019\/08\/Zewo_Logo_Claim_D.svg\",\"contentUrl\":\"https:\/\/zewo.ch\/wp-content\/uploads\/2019\/08\/Zewo_Logo_Claim_D.svg\",\"width\":1,\"height\":1,\"caption\":\"Stiftung Zewo\"},\"image\":{\"@id\":\"https:\/\/zewo.ch\/fr\/#\/schema\/logo\/image\/\"},\"sameAs\":[\"https:\/\/www.facebook.com\/Stiftung.ZEWO\/\",\"https:\/\/x.com\/stiftung_zewo\",\"https:\/\/www.linkedin.com\/company\/stiftung-zewo\",\"https:\/\/www.youtube.com\/channel\/UCzjsVJro12OXcvvx1LQP8tw\",\"https:\/\/de.wikipedia.org\/wiki\/Zewo\"]}]}<\/script>\n<!-- \/ Yoast SEO Premium plugin. -->","yoast_head_json":{"title":"Zewo","description":"Bien connect\u00e9. Ces organisations peuvent aussi vous int\u00e9resser.","robots":{"index":"index","follow":"follow","max-snippet":"max-snippet:-1","max-image-preview":"max-image-preview:large","max-video-preview":"max-video-preview:-1"},"canonical":"https:\/\/zewo.ch\/fr\/liens\/","og_locale":"fr_FR","og_type":"article","og_description":"Bien connect\u00e9. Ces organisations peuvent aussi vous int\u00e9resser.","og_url":"https:\/\/zewo.ch\/fr\/liens\/","og_site_name":"Zewo","article_publisher":"https:\/\/www.facebook.com\/Stiftung.ZEWO\/","article_modified_time":"2025-12-04T07:54:02+00:00","og_image":[{"width":2200,"height":650,"url":"https:\/\/zewo.ch\/wp-content\/uploads\/2023\/11\/netzwerkHeader.jpg","type":"image\/jpeg"}],"twitter_card":"summary_large_image","twitter_site":"@stiftung_zewo","twitter_misc":{"Dur\u00e9e de lecture estim\u00e9e":"6 minutes"},"schema":{"@context":"https:\/\/schema.org","@graph":[{"@type":"WebPage","@id":"https:\/\/zewo.ch\/fr\/liens\/#webpage","url":"https:\/\/zewo.ch\/fr\/liens\/#webpage","name":"","isPartOf":{"@id":"https:\/\/zewo.ch\/fr\/#website"},"primaryImageOfPage":{"@id":"https:\/\/zewo.ch\/fr\/liens\/#primaryimage"},"image":{"@id":"https:\/\/zewo.ch\/fr\/liens\/#primaryimage"},"thumbnailUrl":"https:\/\/zewo.ch\/wp-content\/uploads\/2023\/11\/netzwerkHeader.jpg","datePublished":"2019-08-09T11:47:09+00:00","dateModified":"2025-12-04T07:54:02+00:00","description":"Bien connect\u00e9. Ces organisations peuvent aussi vous int\u00e9resser.","breadcrumb":{"@id":"https:\/\/zewo.ch\/fr\/liens\/#breadcrumb"},"inLanguage":"fr-FR","potentialAction":[{"@type":"ReadAction","target":["https:\/\/zewo.ch\/fr\/liens\/"]}]},{"@type":"ImageObject","inLanguage":"fr-FR","@id":"https:\/\/zewo.ch\/fr\/liens\/#primaryimage","url":"https:\/\/zewo.ch\/wp-content\/uploads\/2023\/11\/netzwerkHeader.jpg","contentUrl":"https:\/\/zewo.ch\/wp-content\/uploads\/2023\/11\/netzwerkHeader.jpg","width":2200,"height":650},{"@type":"BreadcrumbList","@id":"https:\/\/zewo.ch\/fr\/liens\/#breadcrumb","itemListElement":[{"@type":"ListItem","position":1,"name":"Home","item":"https:\/\/zewo.ch\/fr\/"},{"@type":"ListItem","position":2,"name":"Liens"}]},{"@type":"WebSite","@id":"https:\/\/zewo.ch\/fr\/#website","url":"https:\/\/zewo.ch\/fr\/","name":"Zewo","description":"Votre don en bonnes mains.","publisher":{"@id":"https:\/\/zewo.ch\/fr\/#organization"},"potentialAction":[{"@type":"SearchAction","target":{"@type":"EntryPoint","urlTemplate":"https:\/\/zewo.ch\/fr\/?s={search_term_string}"},"query-input":{"@type":"PropertyValueSpecification","valueRequired":true,"valueName":"search_term_string"}}],"inLanguage":"fr-FR"},{"@type":"Organization","@id":"https:\/\/zewo.ch\/fr\/#organization","name":"Stiftung Zewo","url":"https:\/\/zewo.ch\/fr\/","logo":{"@type":"ImageObject","inLanguage":"fr-FR","@id":"https:\/\/zewo.ch\/fr\/#\/schema\/logo\/image\/","url":"https:\/\/zewo.ch\/wp-content\/uploads\/2019\/08\/Zewo_Logo_Claim_D.svg","contentUrl":"https:\/\/zewo.ch\/wp-content\/uploads\/2019\/08\/Zewo_Logo_Claim_D.svg","width":1,"height":1,"caption":"Stiftung Zewo"},"image":{"@id":"https:\/\/zewo.ch\/fr\/#\/schema\/logo\/image\/"},"sameAs":["https:\/\/www.facebook.com\/Stiftung.ZEWO\/","https:\/\/x.com\/stiftung_zewo","https:\/\/www.linkedin.com\/company\/stiftung-zewo","https:\/\/www.youtube.com\/channel\/UCzjsVJro12OXcvvx1LQP8tw","https:\/\/de.wikipedia.org\/wiki\/Zewo"]}]}},"publishpress_future_action":{"enabled":false,"date":"2026-04-25 15:00:26","action":"change-status","newStatus":"draft","terms":[],"taxonomy":"translation_priority","extraData":[]},"publishpress_future_workflow_manual_trigger":{"enabledWorkflows":[]},"_links":{"self":[{"href":"https:\/\/zewo.ch\/fr\/wp-json\/wp\/v2\/pages\/499757","targetHints":{"allow":["GET"]}}],"collection":[{"href":"https:\/\/zewo.ch\/fr\/wp-json\/wp\/v2\/pages"}],"about":[{"href":"https:\/\/zewo.ch\/fr\/wp-json\/wp\/v2\/types\/page"}],"author":[{"embeddable":true,"href":"https:\/\/zewo.ch\/fr\/wp-json\/wp\/v2\/users\/38"}],"replies":[{"embeddable":true,"href":"https:\/\/zewo.ch\/fr\/wp-json\/wp\/v2\/comments?post=499757"}],"version-history":[{"count":49,"href":"https:\/\/zewo.ch\/fr\/wp-json\/wp\/v2\/pages\/499757\/revisions"}],"predecessor-version":[{"id":5934943,"href":"https:\/\/zewo.ch\/fr\/wp-json\/wp\/v2\/pages\/499757\/revisions\/5934943"}],"wp:featuredmedia":[{"embeddable":true,"href":"https:\/\/zewo.ch\/fr\/wp-json\/wp\/v2\/media\/5802049"}],"wp:attachment":[{"href":"https:\/\/zewo.ch\/fr\/wp-json\/wp\/v2\/media?parent=499757"}],"wp:term":[{"taxonomy":"folder","embeddable":true,"href":"https:\/\/zewo.ch\/fr\/wp-json\/wp\/v2\/folder?post=499757"}],"curies":[{"name":"wp","href":"https:\/\/api.w.org\/{rel}","templated":true}]}}