{"id":499713,"date":"2019-08-09T11:49:23","date_gmt":"2019-08-09T09:49:23","guid":{"rendered":"https:\/\/www.zewo.ch\/?page_id=499713"},"modified":"2025-02-10T11:44:02","modified_gmt":"2025-02-10T10:44:02","slug":"comite-de-certification","status":"publish","type":"page","link":"https:\/\/zewo.ch\/fr\/comite-de-certification\/","title":{"rendered":"Comit\u00e9 de certification"},"content":{"rendered":"\n<h2 class=\"wp-block-heading\" id=\"h-une-equipe-de-reviseurs-pour-soutenir-la-zewo\">Une \u00e9quipe de r\u00e9viseurs pour soutenir la Zewo<\/h2>\n\n\n\n<p><strong>La Zewo travaille en \u00e9troite collaboration avec des r\u00e9viseurs rigoureux, comp\u00e9tents et exp\u00e9riment\u00e9s pour l\u2019examen des comptes annuels des OBNL. <\/strong><\/p>\n\n\n\n<p>La\nZewo exige de la part des OBNL certifi\u00e9es la publication d\u2019un rapport annuel\nclair et pertinent. Il est alors imp\u00e9ratif de respecter les exigences <a href=\"https:\/\/www.fer.ch\/fr\/standards\/swiss-gaap-rpc-21-etablissement-des-comptes-des-organisations-d-utilite-publique-a-but-non-lucratif\/\" target=\"_blank\" rel=\"noreferrer noopener\">Swiss GAAP RPC 21<\/a> sp\u00e9cialement d\u00e9finies\npour la pr\u00e9sentation des comptes des OBNL. Ceci combin\u00e9 aux donn\u00e9es exig\u00e9es par\nla Zewo a pour but de permettre aux donatrices et donateurs de se faire une\nid\u00e9e du patrimoine, de la situation financi\u00e8re et de la tr\u00e9sorerie des OBNL.<\/p>\n\n\n\n<p>La Zewo v\u00e9rifie que les comptes annuels des OBNL respectent bien ces exigences lors de la premi\u00e8re certification et de son renouvellement. Les r\u00e9viseurs du comit\u00e9 de certification sont l\u00e0 pour l\u2019y aider. Le comit\u00e9 se compose des membres du <a href=\"https:\/\/zewo.ch\/fr\/conseil-de-fondation\/\">conseil de fondation<\/a>&nbsp;de la Zewo ci-dessous :<\/p>\n\n\n\n<p><\/p>\n\n\n\n<h3 class=\"wp-block-heading\" id=\"h-christof-battig\">\ufeffChristof B\u00e4ttig<\/h3>\n\n\n\n<p>Expert-comptable dipl\u00f4m\u00e9, Emmenbr\u00fccke<\/p>\n\n\n\n<h3 class=\"wp-block-heading\" id=\"h-andreas-bechtiger\">Andreas Bechtiger\ufeff<\/h3>\n\n\n\n<p>Expert-comptable dipl\u00f4m\u00e9, Oberrieden<\/p>\n\n\n\n<h3 class=\"wp-block-heading\" id=\"h-michael-brugger\">Michael Br\u00fcgger\ufeff<\/h3>\n\n\n\n<p>Expert-comptable dipl\u00f4m\u00e9, Seedorf BE<\/p>\n\n\n\n<h3 class=\"wp-block-heading\" id=\"h-laurence-gillieron\">Laurence Gilli\u00e9ron<\/h3>\n\n\n\n<p>Experte-comptable dipl\u00f4m\u00e9e, Berne<\/p>\n\n\n\n<h3 class=\"wp-block-heading\" id=\"h-michael-herzog\">Michael Herzog\ufeff<\/h3>\n\n\n\n<p>Expert-comptable dipl\u00f4m\u00e9, Zurich<\/p>\n\n\n\n<div class=\"wp-block-cgb-block-zewo-block-columns-container container bg-color-light-gray\"><div class=\"grid-x grid-margin-x\" data-columns=\"2\">\n<div class=\"cell small-12 medium-6\"><div class=\"wp-block-cgb-block-zewo-block-image-teaser ab-block-cta bg-color-secondary\"><div class=\"ab-cta-image-wrap bg-color-secondary\"><img decoding=\"async\" class=\"ab-cta-image\" src=\"https:\/\/zewo.ch\/wp-content\/uploads\/2019\/05\/21-zewo-standards-1.png\" alt=\"Die 21 Zewo-Standards f\u00fcr Spenden sammelnde NPO\"\/><\/div><div class=\"ab-cta-content\"><h2 class=\"ab-cta-title\">Les 21 normes Zewo<\/h2><\/div><div class=\"ab-cta-button\"><a href=\"\/fr\/apercu-des-21-normes-zewo-condense-et-clair\/\" target=\"_self\" rel=\"noopener noreferrer\" class=\"button primary button-teaser\"><span class=\"button-arrow\"><\/span>En savoir plus<\/a><\/div><a href=\"\/fr\/apercu-des-21-normes-zewo-condense-et-clair\/\" target=\"_self\" rel=\"noopener noreferrer\" class=\"button-teaser--is-full\"><\/a><\/div><\/div>\n\n\n\n<div class=\"wp-block-cgb-block-zewo-block-columns-container container bg-color-light-gray\"><div class=\"grid-x grid-margin-x\" data-columns=\"2\"><\/div><\/div>\n\n\n\n<div class=\"cell small-12 medium-6\"><div class=\"wp-block-cgb-block-zewo-block-image-teaser ab-block-cta bg-color-secondary\"><div class=\"ab-cta-content\"><h2 class=\"ab-cta-title\">Comment parvenir au label de qualit\u00e9 Zewo<strong> <\/strong><\/h2><\/div><div class=\"ab-cta-button\"><a href=\"\/fr\/comment-parvenir-au-label-de-qualite-zewo\/\" target=\"_self\" rel=\"noopener noreferrer\" class=\"button primary button-teaser\"><span class=\"button-arrow\"><\/span>Aper\u00e7u de la proc\u00e9dure<\/a><\/div><a href=\"\/fr\/comment-parvenir-au-label-de-qualite-zewo\/\" target=\"_self\" rel=\"noopener noreferrer\" class=\"button-teaser--is-full\"><\/a><\/div><\/div>\n<\/div><\/div>\n","protected":false},"excerpt":{"rendered":"<p>Une \u00e9quipe de r\u00e9viseurs pour soutenir la Zewo La Zewo travaille en \u00e9troite collaboration avec des r\u00e9viseurs rigoureux, comp\u00e9tents et exp\u00e9riment\u00e9s pour l\u2019examen des comptes annuels des OBNL. La Zewo exige de la part des OBNL certifi\u00e9es la publication d\u2019un rapport annuel clair et pertinent. Il est alors imp\u00e9ratif de respecter les exigences Swiss GAAP [&hellip;]<\/p>\n","protected":false},"author":38,"featured_media":0,"parent":0,"menu_order":397,"comment_status":"closed","ping_status":"closed","template":"","meta":{"_acf_changed":false,"footnotes":""},"folder":[6643],"class_list":["post-499713","page","type-page","status-publish","hentry"],"acf":[],"yoast_head":"<!-- This site is optimized with the Yoast SEO Premium plugin v26.0 (Yoast SEO v26.0) - https:\/\/yoast.com\/wordpress\/plugins\/seo\/ -->\n<title>Zewo<\/title>\n<meta name=\"description\" content=\"Exp\u00e9riment\u00e9 et comp\u00e9tent. Des sp\u00e9cialistes de la r\u00e9vision aident la Zewo pour la certification des organisations d&#039;entraide.\" \/>\n<meta name=\"robots\" content=\"index, follow, max-snippet:-1, max-image-preview:large, max-video-preview:-1\" \/>\n<link rel=\"canonical\" href=\"https:\/\/zewo.ch\/fr\/comite-de-certification\/\" \/>\n<meta property=\"og:locale\" content=\"fr_FR\" \/>\n<meta property=\"og:type\" content=\"article\" \/>\n<meta property=\"og:description\" content=\"Exp\u00e9riment\u00e9 et comp\u00e9tent. Des sp\u00e9cialistes de la r\u00e9vision aident la Zewo pour la certification des organisations d&#039;entraide.\" \/>\n<meta property=\"og:url\" content=\"https:\/\/zewo.ch\/fr\/comite-de-certification\/\" \/>\n<meta property=\"og:site_name\" content=\"Zewo\" \/>\n<meta property=\"article:publisher\" content=\"https:\/\/www.facebook.com\/Stiftung.ZEWO\/\" \/>\n<meta property=\"article:modified_time\" content=\"2025-02-10T10:44:02+00:00\" \/>\n<meta name=\"twitter:card\" content=\"summary_large_image\" \/>\n<meta name=\"twitter:site\" content=\"@stiftung_zewo\" \/>\n<meta name=\"twitter:label1\" content=\"Dur\u00e9e de lecture estim\u00e9e\" \/>\n\t<meta name=\"twitter:data1\" content=\"3 minutes\" \/>\n<script type=\"application\/ld+json\" class=\"yoast-schema-graph\">{\"@context\":\"https:\/\/schema.org\",\"@graph\":[{\"@type\":\"WebPage\",\"@id\":\"https:\/\/zewo.ch\/fr\/comite-de-certification\/#webpage\",\"url\":\"https:\/\/zewo.ch\/fr\/comite-de-certification\/#webpage\",\"name\":\"\",\"isPartOf\":{\"@id\":\"https:\/\/zewo.ch\/fr\/#website\"},\"datePublished\":\"2019-08-09T09:49:23+00:00\",\"dateModified\":\"2025-02-10T10:44:02+00:00\",\"description\":\"Exp\u00e9riment\u00e9 et comp\u00e9tent. Des sp\u00e9cialistes de la r\u00e9vision aident la Zewo pour la certification des organisations d'entraide.\",\"breadcrumb\":{\"@id\":\"https:\/\/zewo.ch\/fr\/comite-de-certification\/#breadcrumb\"},\"inLanguage\":\"fr-FR\",\"potentialAction\":[{\"@type\":\"ReadAction\",\"target\":[\"https:\/\/zewo.ch\/fr\/comite-de-certification\/\"]}]},{\"@type\":\"BreadcrumbList\",\"@id\":\"https:\/\/zewo.ch\/fr\/comite-de-certification\/#breadcrumb\",\"itemListElement\":[{\"@type\":\"ListItem\",\"position\":1,\"name\":\"Home\",\"item\":\"https:\/\/zewo.ch\/fr\/\"},{\"@type\":\"ListItem\",\"position\":2,\"name\":\"Comit\u00e9 de certification\"}]},{\"@type\":\"WebSite\",\"@id\":\"https:\/\/zewo.ch\/fr\/#website\",\"url\":\"https:\/\/zewo.ch\/fr\/\",\"name\":\"Zewo\",\"description\":\"Votre don en bonnes mains.\",\"publisher\":{\"@id\":\"https:\/\/zewo.ch\/fr\/#organization\"},\"potentialAction\":[{\"@type\":\"SearchAction\",\"target\":{\"@type\":\"EntryPoint\",\"urlTemplate\":\"https:\/\/zewo.ch\/fr\/?s={search_term_string}\"},\"query-input\":{\"@type\":\"PropertyValueSpecification\",\"valueRequired\":true,\"valueName\":\"search_term_string\"}}],\"inLanguage\":\"fr-FR\"},{\"@type\":\"Organization\",\"@id\":\"https:\/\/zewo.ch\/fr\/#organization\",\"name\":\"Stiftung Zewo\",\"url\":\"https:\/\/zewo.ch\/fr\/\",\"logo\":{\"@type\":\"ImageObject\",\"inLanguage\":\"fr-FR\",\"@id\":\"https:\/\/zewo.ch\/fr\/#\/schema\/logo\/image\/\",\"url\":\"https:\/\/zewo.ch\/wp-content\/uploads\/2019\/08\/Zewo_Logo_Claim_D.svg\",\"contentUrl\":\"https:\/\/zewo.ch\/wp-content\/uploads\/2019\/08\/Zewo_Logo_Claim_D.svg\",\"width\":1,\"height\":1,\"caption\":\"Stiftung Zewo\"},\"image\":{\"@id\":\"https:\/\/zewo.ch\/fr\/#\/schema\/logo\/image\/\"},\"sameAs\":[\"https:\/\/www.facebook.com\/Stiftung.ZEWO\/\",\"https:\/\/x.com\/stiftung_zewo\",\"https:\/\/www.linkedin.com\/company\/stiftung-zewo\",\"https:\/\/www.youtube.com\/channel\/UCzjsVJro12OXcvvx1LQP8tw\",\"https:\/\/de.wikipedia.org\/wiki\/Zewo\"]}]}<\/script>\n<!-- \/ Yoast SEO Premium plugin. -->","yoast_head_json":{"title":"Zewo","description":"Exp\u00e9riment\u00e9 et comp\u00e9tent. Des sp\u00e9cialistes de la r\u00e9vision aident la Zewo pour la certification des organisations d'entraide.","robots":{"index":"index","follow":"follow","max-snippet":"max-snippet:-1","max-image-preview":"max-image-preview:large","max-video-preview":"max-video-preview:-1"},"canonical":"https:\/\/zewo.ch\/fr\/comite-de-certification\/","og_locale":"fr_FR","og_type":"article","og_description":"Exp\u00e9riment\u00e9 et comp\u00e9tent. Des sp\u00e9cialistes de la r\u00e9vision aident la Zewo pour la certification des organisations d'entraide.","og_url":"https:\/\/zewo.ch\/fr\/comite-de-certification\/","og_site_name":"Zewo","article_publisher":"https:\/\/www.facebook.com\/Stiftung.ZEWO\/","article_modified_time":"2025-02-10T10:44:02+00:00","twitter_card":"summary_large_image","twitter_site":"@stiftung_zewo","twitter_misc":{"Dur\u00e9e de lecture estim\u00e9e":"3 minutes"},"schema":{"@context":"https:\/\/schema.org","@graph":[{"@type":"WebPage","@id":"https:\/\/zewo.ch\/fr\/comite-de-certification\/#webpage","url":"https:\/\/zewo.ch\/fr\/comite-de-certification\/#webpage","name":"","isPartOf":{"@id":"https:\/\/zewo.ch\/fr\/#website"},"datePublished":"2019-08-09T09:49:23+00:00","dateModified":"2025-02-10T10:44:02+00:00","description":"Exp\u00e9riment\u00e9 et comp\u00e9tent. Des sp\u00e9cialistes de la r\u00e9vision aident la Zewo pour la certification des organisations d'entraide.","breadcrumb":{"@id":"https:\/\/zewo.ch\/fr\/comite-de-certification\/#breadcrumb"},"inLanguage":"fr-FR","potentialAction":[{"@type":"ReadAction","target":["https:\/\/zewo.ch\/fr\/comite-de-certification\/"]}]},{"@type":"BreadcrumbList","@id":"https:\/\/zewo.ch\/fr\/comite-de-certification\/#breadcrumb","itemListElement":[{"@type":"ListItem","position":1,"name":"Home","item":"https:\/\/zewo.ch\/fr\/"},{"@type":"ListItem","position":2,"name":"Comit\u00e9 de certification"}]},{"@type":"WebSite","@id":"https:\/\/zewo.ch\/fr\/#website","url":"https:\/\/zewo.ch\/fr\/","name":"Zewo","description":"Votre don en bonnes mains.","publisher":{"@id":"https:\/\/zewo.ch\/fr\/#organization"},"potentialAction":[{"@type":"SearchAction","target":{"@type":"EntryPoint","urlTemplate":"https:\/\/zewo.ch\/fr\/?s={search_term_string}"},"query-input":{"@type":"PropertyValueSpecification","valueRequired":true,"valueName":"search_term_string"}}],"inLanguage":"fr-FR"},{"@type":"Organization","@id":"https:\/\/zewo.ch\/fr\/#organization","name":"Stiftung Zewo","url":"https:\/\/zewo.ch\/fr\/","logo":{"@type":"ImageObject","inLanguage":"fr-FR","@id":"https:\/\/zewo.ch\/fr\/#\/schema\/logo\/image\/","url":"https:\/\/zewo.ch\/wp-content\/uploads\/2019\/08\/Zewo_Logo_Claim_D.svg","contentUrl":"https:\/\/zewo.ch\/wp-content\/uploads\/2019\/08\/Zewo_Logo_Claim_D.svg","width":1,"height":1,"caption":"Stiftung Zewo"},"image":{"@id":"https:\/\/zewo.ch\/fr\/#\/schema\/logo\/image\/"},"sameAs":["https:\/\/www.facebook.com\/Stiftung.ZEWO\/","https:\/\/x.com\/stiftung_zewo","https:\/\/www.linkedin.com\/company\/stiftung-zewo","https:\/\/www.youtube.com\/channel\/UCzjsVJro12OXcvvx1LQP8tw","https:\/\/de.wikipedia.org\/wiki\/Zewo"]}]}},"publishpress_future_action":{"enabled":false,"date":"2026-04-23 11:10:29","action":"change-status","newStatus":"draft","terms":[],"taxonomy":"translation_priority","extraData":[]},"publishpress_future_workflow_manual_trigger":{"enabledWorkflows":[]},"_links":{"self":[{"href":"https:\/\/zewo.ch\/fr\/wp-json\/wp\/v2\/pages\/499713","targetHints":{"allow":["GET"]}}],"collection":[{"href":"https:\/\/zewo.ch\/fr\/wp-json\/wp\/v2\/pages"}],"about":[{"href":"https:\/\/zewo.ch\/fr\/wp-json\/wp\/v2\/types\/page"}],"author":[{"embeddable":true,"href":"https:\/\/zewo.ch\/fr\/wp-json\/wp\/v2\/users\/38"}],"replies":[{"embeddable":true,"href":"https:\/\/zewo.ch\/fr\/wp-json\/wp\/v2\/comments?post=499713"}],"version-history":[{"count":6,"href":"https:\/\/zewo.ch\/fr\/wp-json\/wp\/v2\/pages\/499713\/revisions"}],"predecessor-version":[{"id":5926490,"href":"https:\/\/zewo.ch\/fr\/wp-json\/wp\/v2\/pages\/499713\/revisions\/5926490"}],"wp:attachment":[{"href":"https:\/\/zewo.ch\/fr\/wp-json\/wp\/v2\/media?parent=499713"}],"wp:term":[{"taxonomy":"folder","embeddable":true,"href":"https:\/\/zewo.ch\/fr\/wp-json\/wp\/v2\/folder?post=499713"}],"curies":[{"name":"wp","href":"https:\/\/api.w.org\/{rel}","templated":true}]}}