{"id":499682,"date":"2019-08-09T10:55:27","date_gmt":"2019-08-09T08:55:27","guid":{"rendered":"https:\/\/www.zewo.ch\/?page_id=499682"},"modified":"2019-11-13T15:45:59","modified_gmt":"2019-11-13T14:45:59","slug":"fondation-zewo","status":"publish","type":"page","link":"https:\/\/zewo.ch\/fr\/fondation-zewo\/","title":{"rendered":"Fondation Zewo"},"content":{"rendered":"\n<h2 class=\"wp-block-heading\">Avantage pour les OBNL titulaires du label de qualit\u00e9 Zewo<\/h2>\n\n\n\n<figure class=\"wp-block-image is-resized\"><img loading=\"lazy\" decoding=\"async\" src=\"https:\/\/zewo.ch\/wp-content\/uploads\/2019\/08\/ZEWO_Logo_Claim_F_4c.png\" alt=\"ZEWO Logo Claim F\" class=\"wp-image-499483\" width=\"563\" height=\"158\" srcset=\"https:\/\/zewo.ch\/wp-content\/uploads\/2019\/08\/ZEWO_Logo_Claim_F_4c.png 750w, https:\/\/zewo.ch\/wp-content\/uploads\/2019\/08\/ZEWO_Logo_Claim_F_4c-300x84.png 300w\" sizes=\"auto, (min-width: 960px) 75vw, 100vw\" \/><\/figure>\n\n\n\n<p>Les organisations titulaires du label de qualit\u00e9 Zewo b\u00e9n\u00e9ficient <strong>d\u2019un prix pr\u00e9f\u00e9rentiel pour le congr\u00e8s Zewo annuel<\/strong>. Sur les publications de la Fondation Zewo (en allemand) \u00abStructure de co\u00fbts et efficience des collectes de fonds des organisations d\u2019utilit\u00e9 publique\u00bb, \u00abMesure de l\u2019efficacit\u00e9 des organisations d\u2019utilit\u00e9 publique\u00bb, les organisations titulaires du label de qualit\u00e9 Zewo <strong>b\u00e9n\u00e9ficient d\u2019un prix r\u00e9duit<\/strong>. <\/p>\n\n\n\n<h2 class=\"wp-block-heading\">Contact<\/h2>\n\n\n\n<p><strong>Fondation Zewo<\/strong><br>Pfingstweidstrasse 10<br>8005 Z\u00fcrich<br>T\u00e9l. 044 366 99 55<br>Fax 044 366 99 50<br><a href=\"mailto:info@zewo.ch\">info@zewo.ch<\/a><br><a rel=\"noreferrer noopener\" aria-label=\" (\u00f6ffnet in neuem Tab)\" href=\"https:\/\/zewo.ch\/fr\/\" target=\"_blank\">zewo.ch<\/a><\/p>\n\n\n\n<div class=\"wp-block-cgb-block-zewo-block-button ab-block-button\"><a href=\"https:\/\/zewo.ch\/fr\/avantages-pour-les-organisations-titulaires-du-label-de-qualite-zewo\/\" class=\"button primary\"><span class=\"button-arrow\"><\/span>Retour \u00e0 l&rsquo;aper\u00e7u<\/a><\/div>\n","protected":false},"excerpt":{"rendered":"<p>Avantage pour les OBNL titulaires du label de qualit\u00e9 Zewo Les organisations titulaires du label de qualit\u00e9 Zewo b\u00e9n\u00e9ficient d\u2019un prix pr\u00e9f\u00e9rentiel pour le congr\u00e8s Zewo annuel. Sur les publications de la Fondation Zewo (en allemand) \u00abStructure de co\u00fbts et efficience des collectes de fonds des organisations d\u2019utilit\u00e9 publique\u00bb, \u00abMesure de l\u2019efficacit\u00e9 des organisations d\u2019utilit\u00e9 [&hellip;]<\/p>\n","protected":false},"author":38,"featured_media":0,"parent":0,"menu_order":294,"comment_status":"closed","ping_status":"closed","template":"","meta":{"_acf_changed":false,"footnotes":""},"folder":[6643],"class_list":["post-499682","page","type-page","status-publish","hentry"],"acf":[],"yoast_head":"<!-- This site is optimized with the Yoast SEO Premium plugin v26.0 (Yoast SEO v26.0) - https:\/\/yoast.com\/wordpress\/plugins\/seo\/ -->\n<title>Zewo<\/title>\n<meta name=\"description\" content=\"Les organisations titulaires du label de qualit\u00e9 Zewo b\u00e9n\u00e9ficient d\u2019un rabais pour le congr\u00e8s Zewo annuel et sur les publications de la Fondation Zewo.\" \/>\n<meta name=\"robots\" content=\"index, follow, max-snippet:-1, max-image-preview:large, max-video-preview:-1\" \/>\n<link rel=\"canonical\" href=\"https:\/\/zewo.ch\/fr\/fondation-zewo\/\" \/>\n<meta property=\"og:locale\" content=\"fr_FR\" \/>\n<meta property=\"og:type\" content=\"article\" \/>\n<meta property=\"og:description\" content=\"Les organisations titulaires du label de qualit\u00e9 Zewo b\u00e9n\u00e9ficient d\u2019un rabais pour le congr\u00e8s Zewo annuel et sur les publications de la Fondation Zewo.\" \/>\n<meta property=\"og:url\" content=\"https:\/\/zewo.ch\/fr\/fondation-zewo\/\" \/>\n<meta property=\"og:site_name\" content=\"Zewo\" \/>\n<meta property=\"article:publisher\" content=\"https:\/\/www.facebook.com\/Stiftung.ZEWO\/\" \/>\n<meta property=\"article:modified_time\" content=\"2019-11-13T14:45:59+00:00\" \/>\n<meta property=\"og:image\" content=\"https:\/\/zewo.ch\/wp-content\/uploads\/2019\/08\/ZEWO_Logo_Claim_F_4c.png\" \/>\n<meta name=\"twitter:card\" content=\"summary_large_image\" \/>\n<meta name=\"twitter:site\" content=\"@stiftung_zewo\" \/>\n<script type=\"application\/ld+json\" class=\"yoast-schema-graph\">{\"@context\":\"https:\/\/schema.org\",\"@graph\":[{\"@type\":\"WebPage\",\"@id\":\"https:\/\/zewo.ch\/fr\/fondation-zewo\/#webpage\",\"url\":\"https:\/\/zewo.ch\/fr\/fondation-zewo\/#webpage\",\"name\":\"\",\"isPartOf\":{\"@id\":\"https:\/\/zewo.ch\/fr\/#website\"},\"primaryImageOfPage\":{\"@id\":\"https:\/\/zewo.ch\/fr\/fondation-zewo\/#primaryimage\"},\"image\":{\"@id\":\"https:\/\/zewo.ch\/fr\/fondation-zewo\/#primaryimage\"},\"thumbnailUrl\":\"https:\/\/zewo.ch\/wp-content\/uploads\/2019\/08\/ZEWO_Logo_Claim_F_4c.png\",\"datePublished\":\"2019-08-09T08:55:27+00:00\",\"dateModified\":\"2019-11-13T14:45:59+00:00\",\"description\":\"Les organisations titulaires du label de qualit\u00e9 Zewo b\u00e9n\u00e9ficient d\u2019un rabais pour le congr\u00e8s Zewo annuel et sur les publications de la Fondation Zewo.\",\"breadcrumb\":{\"@id\":\"https:\/\/zewo.ch\/fr\/fondation-zewo\/#breadcrumb\"},\"inLanguage\":\"fr-FR\",\"potentialAction\":[{\"@type\":\"ReadAction\",\"target\":[\"https:\/\/zewo.ch\/fr\/fondation-zewo\/\"]}]},{\"@type\":\"ImageObject\",\"inLanguage\":\"fr-FR\",\"@id\":\"https:\/\/zewo.ch\/fr\/fondation-zewo\/#primaryimage\",\"url\":\"https:\/\/zewo.ch\/wp-content\/uploads\/2019\/08\/ZEWO_Logo_Claim_F_4c.png\",\"contentUrl\":\"https:\/\/zewo.ch\/wp-content\/uploads\/2019\/08\/ZEWO_Logo_Claim_F_4c.png\"},{\"@type\":\"BreadcrumbList\",\"@id\":\"https:\/\/zewo.ch\/fr\/fondation-zewo\/#breadcrumb\",\"itemListElement\":[{\"@type\":\"ListItem\",\"position\":1,\"name\":\"Home\",\"item\":\"https:\/\/zewo.ch\/fr\/\"},{\"@type\":\"ListItem\",\"position\":2,\"name\":\"Fondation Zewo\"}]},{\"@type\":\"WebSite\",\"@id\":\"https:\/\/zewo.ch\/fr\/#website\",\"url\":\"https:\/\/zewo.ch\/fr\/\",\"name\":\"Zewo\",\"description\":\"Votre don en bonnes mains.\",\"publisher\":{\"@id\":\"https:\/\/zewo.ch\/fr\/#organization\"},\"potentialAction\":[{\"@type\":\"SearchAction\",\"target\":{\"@type\":\"EntryPoint\",\"urlTemplate\":\"https:\/\/zewo.ch\/fr\/?s={search_term_string}\"},\"query-input\":{\"@type\":\"PropertyValueSpecification\",\"valueRequired\":true,\"valueName\":\"search_term_string\"}}],\"inLanguage\":\"fr-FR\"},{\"@type\":\"Organization\",\"@id\":\"https:\/\/zewo.ch\/fr\/#organization\",\"name\":\"Stiftung Zewo\",\"url\":\"https:\/\/zewo.ch\/fr\/\",\"logo\":{\"@type\":\"ImageObject\",\"inLanguage\":\"fr-FR\",\"@id\":\"https:\/\/zewo.ch\/fr\/#\/schema\/logo\/image\/\",\"url\":\"https:\/\/zewo.ch\/wp-content\/uploads\/2019\/08\/Zewo_Logo_Claim_D.svg\",\"contentUrl\":\"https:\/\/zewo.ch\/wp-content\/uploads\/2019\/08\/Zewo_Logo_Claim_D.svg\",\"width\":1,\"height\":1,\"caption\":\"Stiftung Zewo\"},\"image\":{\"@id\":\"https:\/\/zewo.ch\/fr\/#\/schema\/logo\/image\/\"},\"sameAs\":[\"https:\/\/www.facebook.com\/Stiftung.ZEWO\/\",\"https:\/\/x.com\/stiftung_zewo\",\"https:\/\/www.linkedin.com\/company\/stiftung-zewo\",\"https:\/\/www.youtube.com\/channel\/UCzjsVJro12OXcvvx1LQP8tw\",\"https:\/\/de.wikipedia.org\/wiki\/Zewo\"]}]}<\/script>\n<!-- \/ Yoast SEO Premium plugin. -->","yoast_head_json":{"title":"Zewo","description":"Les organisations titulaires du label de qualit\u00e9 Zewo b\u00e9n\u00e9ficient d\u2019un rabais pour le congr\u00e8s Zewo annuel et sur les publications de la Fondation Zewo.","robots":{"index":"index","follow":"follow","max-snippet":"max-snippet:-1","max-image-preview":"max-image-preview:large","max-video-preview":"max-video-preview:-1"},"canonical":"https:\/\/zewo.ch\/fr\/fondation-zewo\/","og_locale":"fr_FR","og_type":"article","og_description":"Les organisations titulaires du label de qualit\u00e9 Zewo b\u00e9n\u00e9ficient d\u2019un rabais pour le congr\u00e8s Zewo annuel et sur les publications de la Fondation Zewo.","og_url":"https:\/\/zewo.ch\/fr\/fondation-zewo\/","og_site_name":"Zewo","article_publisher":"https:\/\/www.facebook.com\/Stiftung.ZEWO\/","article_modified_time":"2019-11-13T14:45:59+00:00","og_image":[{"url":"https:\/\/zewo.ch\/wp-content\/uploads\/2019\/08\/ZEWO_Logo_Claim_F_4c.png","type":"","width":"","height":""}],"twitter_card":"summary_large_image","twitter_site":"@stiftung_zewo","schema":{"@context":"https:\/\/schema.org","@graph":[{"@type":"WebPage","@id":"https:\/\/zewo.ch\/fr\/fondation-zewo\/#webpage","url":"https:\/\/zewo.ch\/fr\/fondation-zewo\/#webpage","name":"","isPartOf":{"@id":"https:\/\/zewo.ch\/fr\/#website"},"primaryImageOfPage":{"@id":"https:\/\/zewo.ch\/fr\/fondation-zewo\/#primaryimage"},"image":{"@id":"https:\/\/zewo.ch\/fr\/fondation-zewo\/#primaryimage"},"thumbnailUrl":"https:\/\/zewo.ch\/wp-content\/uploads\/2019\/08\/ZEWO_Logo_Claim_F_4c.png","datePublished":"2019-08-09T08:55:27+00:00","dateModified":"2019-11-13T14:45:59+00:00","description":"Les organisations titulaires du label de qualit\u00e9 Zewo b\u00e9n\u00e9ficient d\u2019un rabais pour le congr\u00e8s Zewo annuel et sur les publications de la Fondation Zewo.","breadcrumb":{"@id":"https:\/\/zewo.ch\/fr\/fondation-zewo\/#breadcrumb"},"inLanguage":"fr-FR","potentialAction":[{"@type":"ReadAction","target":["https:\/\/zewo.ch\/fr\/fondation-zewo\/"]}]},{"@type":"ImageObject","inLanguage":"fr-FR","@id":"https:\/\/zewo.ch\/fr\/fondation-zewo\/#primaryimage","url":"https:\/\/zewo.ch\/wp-content\/uploads\/2019\/08\/ZEWO_Logo_Claim_F_4c.png","contentUrl":"https:\/\/zewo.ch\/wp-content\/uploads\/2019\/08\/ZEWO_Logo_Claim_F_4c.png"},{"@type":"BreadcrumbList","@id":"https:\/\/zewo.ch\/fr\/fondation-zewo\/#breadcrumb","itemListElement":[{"@type":"ListItem","position":1,"name":"Home","item":"https:\/\/zewo.ch\/fr\/"},{"@type":"ListItem","position":2,"name":"Fondation Zewo"}]},{"@type":"WebSite","@id":"https:\/\/zewo.ch\/fr\/#website","url":"https:\/\/zewo.ch\/fr\/","name":"Zewo","description":"Votre don en bonnes mains.","publisher":{"@id":"https:\/\/zewo.ch\/fr\/#organization"},"potentialAction":[{"@type":"SearchAction","target":{"@type":"EntryPoint","urlTemplate":"https:\/\/zewo.ch\/fr\/?s={search_term_string}"},"query-input":{"@type":"PropertyValueSpecification","valueRequired":true,"valueName":"search_term_string"}}],"inLanguage":"fr-FR"},{"@type":"Organization","@id":"https:\/\/zewo.ch\/fr\/#organization","name":"Stiftung Zewo","url":"https:\/\/zewo.ch\/fr\/","logo":{"@type":"ImageObject","inLanguage":"fr-FR","@id":"https:\/\/zewo.ch\/fr\/#\/schema\/logo\/image\/","url":"https:\/\/zewo.ch\/wp-content\/uploads\/2019\/08\/Zewo_Logo_Claim_D.svg","contentUrl":"https:\/\/zewo.ch\/wp-content\/uploads\/2019\/08\/Zewo_Logo_Claim_D.svg","width":1,"height":1,"caption":"Stiftung Zewo"},"image":{"@id":"https:\/\/zewo.ch\/fr\/#\/schema\/logo\/image\/"},"sameAs":["https:\/\/www.facebook.com\/Stiftung.ZEWO\/","https:\/\/x.com\/stiftung_zewo","https:\/\/www.linkedin.com\/company\/stiftung-zewo","https:\/\/www.youtube.com\/channel\/UCzjsVJro12OXcvvx1LQP8tw","https:\/\/de.wikipedia.org\/wiki\/Zewo"]}]}},"publishpress_future_action":{"enabled":false,"date":"2026-04-23 06:45:35","action":"change-status","newStatus":"draft","terms":[],"taxonomy":"translation_priority","extraData":[]},"publishpress_future_workflow_manual_trigger":{"enabledWorkflows":[]},"_links":{"self":[{"href":"https:\/\/zewo.ch\/fr\/wp-json\/wp\/v2\/pages\/499682","targetHints":{"allow":["GET"]}}],"collection":[{"href":"https:\/\/zewo.ch\/fr\/wp-json\/wp\/v2\/pages"}],"about":[{"href":"https:\/\/zewo.ch\/fr\/wp-json\/wp\/v2\/types\/page"}],"author":[{"embeddable":true,"href":"https:\/\/zewo.ch\/fr\/wp-json\/wp\/v2\/users\/38"}],"replies":[{"embeddable":true,"href":"https:\/\/zewo.ch\/fr\/wp-json\/wp\/v2\/comments?post=499682"}],"version-history":[{"count":7,"href":"https:\/\/zewo.ch\/fr\/wp-json\/wp\/v2\/pages\/499682\/revisions"}],"predecessor-version":[{"id":562644,"href":"https:\/\/zewo.ch\/fr\/wp-json\/wp\/v2\/pages\/499682\/revisions\/562644"}],"wp:attachment":[{"href":"https:\/\/zewo.ch\/fr\/wp-json\/wp\/v2\/media?parent=499682"}],"wp:term":[{"taxonomy":"folder","embeddable":true,"href":"https:\/\/zewo.ch\/fr\/wp-json\/wp\/v2\/folder?post=499682"}],"curies":[{"name":"wp","href":"https:\/\/api.w.org\/{rel}","templated":true}]}}