{"id":499644,"date":"2019-08-09T09:40:32","date_gmt":"2019-08-09T07:40:32","guid":{"rendered":"https:\/\/www.zewo.ch\/?page_id=499644"},"modified":"2025-11-21T13:44:51","modified_gmt":"2025-11-21T12:44:51","slug":"tamedia","status":"publish","type":"page","link":"https:\/\/zewo.ch\/fr\/tamedia\/","title":{"rendered":"Tamedia"},"content":{"rendered":"\n<h2 class=\"wp-block-heading\" id=\"h-remise-pour-les-obnl-titulaires-du-label-de-qualite-zewo\">Remise pour les OBNL titulaires du label de qualit\u00e9 Zewo<\/h2>\n\n\n\n<figure class=\"wp-block-image is-resized\"><img loading=\"lazy\" decoding=\"async\" width=\"787\" height=\"473\" src=\"https:\/\/zewo.ch\/wp-content\/uploads\/2019\/06\/Tamedia_tamedia_beside_Logo_Red_CMYK-1.png\" alt=\"Tamedia Logo Transparent\" class=\"wp-image-165190\" style=\"width:394px;height:237px\" srcset=\"https:\/\/zewo.ch\/wp-content\/uploads\/2019\/06\/Tamedia_tamedia_beside_Logo_Red_CMYK-1.png 787w, https:\/\/zewo.ch\/wp-content\/uploads\/2019\/06\/Tamedia_tamedia_beside_Logo_Red_CMYK-1-300x180.png 300w, https:\/\/zewo.ch\/wp-content\/uploads\/2019\/06\/Tamedia_tamedia_beside_Logo_Red_CMYK-1-768x462.png 768w\" sizes=\"auto, (min-width: 960px) 75vw, 100vw\" \/><\/figure>\n\n\n\n<p>Tous les m\u00e9dias du groupe Tamedia accordent aux organisations titulaires du label de qualit\u00e9 la Zewo une <strong>remise uniforme de 50 %<\/strong> sur la publicit\u00e9 imprim\u00e9e et num\u00e9rique (\u00e0 l&rsquo;exception des r\u00e9servations de performance CPC).<\/p>\n\n\n\n<h2 class=\"wp-block-heading\" id=\"h-contact\">Contact<\/h2>\n\n\n\n<p>Annonces Print<br><strong>Tamedia AdvertisingAG<\/strong><br>Werdstrasse 21<br>Case postale<br>8021 Zurich<br>T\u00e9l. 044 0248 40 30<br><a href=\"https:\/\/www.tamedia.ch\/fr\/home\" target=\"_blank\" rel=\"noreferrer noopener\">www.tamedia.ch<\/a><br><strong><a href=\"mailto:inserate@tages-anzeiger.ch\"><\/a><\/strong><a href=\"mailto:inserate.zeitungen@tamedia.ch\" target=\"_blank\" rel=\"noreferrer noopener\">inserate.zeitungen@tamedia.ch<\/a><\/p>\n\n\n\n<p><\/p>\n\n\n\n<p>Annonces Digital<br><strong>Goldbach Audience AG<\/strong><br>Seestrasse 39<br>8700 K\u00fcsnacht<br>T\u00e9l. 044 914 93 30<br><a label=\" (\u00f6ffnet in neuem Tab)\" href=\"https:\/\/www.tamedia.ch\/fr\/home\" target=\"_blank\" rel=\"noreferrer noopener\">www.tamedia.ch<\/a><br><a href=\"mailto:digitalnext@goldbach.com\">digitalnext@goldbach.com<\/a><\/p>\n\n\n\n<div class=\"wp-block-cgb-block-zewo-block-button ab-block-button\"><a href=\"https:\/\/zewo.ch\/fr\/avantages-pour-les-organisations-titulaires-du-label-de-qualite-zewo\/\" class=\"button primary\"><span class=\"button-arrow\"><\/span>Retour \u00e0 l&rsquo;aper\u00e7u<\/a><\/div>\n","protected":false},"excerpt":{"rendered":"<p>Remise pour les OBNL titulaires du label de qualit\u00e9 Zewo Tous les m\u00e9dias du groupe Tamedia accordent aux organisations titulaires du label de qualit\u00e9 la Zewo une remise uniforme de 50 % sur la publicit\u00e9 imprim\u00e9e et num\u00e9rique (\u00e0 l&rsquo;exception des r\u00e9servations de performance CPC). Contact Annonces PrintTamedia AdvertisingAGWerdstrasse 21Case postale8021 ZurichT\u00e9l. 044 0248 40 [&hellip;]<\/p>\n","protected":false},"author":38,"featured_media":0,"parent":0,"menu_order":287,"comment_status":"closed","ping_status":"closed","template":"","meta":{"_acf_changed":false,"footnotes":""},"folder":[6643],"class_list":["post-499644","page","type-page","status-publish","hentry"],"acf":[],"yoast_head":"<!-- This site is optimized with the Yoast SEO Premium plugin v26.0 (Yoast SEO v26.0) - https:\/\/yoast.com\/wordpress\/plugins\/seo\/ -->\n<title>Zewo<\/title>\n<meta name=\"description\" content=\"Tous les m\u00e9dias du groupe m\u00e9diatique Tamedia accordent aux organisations portant le label de qualit\u00e9 Zewo un rabais sur les annonces presse ou la publicit\u00e9.\" \/>\n<meta name=\"robots\" content=\"index, follow, max-snippet:-1, max-image-preview:large, max-video-preview:-1\" \/>\n<link rel=\"canonical\" href=\"https:\/\/zewo.ch\/fr\/tamedia\/\" \/>\n<meta property=\"og:locale\" content=\"fr_FR\" \/>\n<meta property=\"og:type\" content=\"article\" \/>\n<meta property=\"og:description\" content=\"Tous les m\u00e9dias du groupe m\u00e9diatique Tamedia accordent aux organisations portant le label de qualit\u00e9 Zewo un rabais sur les annonces presse ou la publicit\u00e9.\" \/>\n<meta property=\"og:url\" content=\"https:\/\/zewo.ch\/fr\/tamedia\/\" \/>\n<meta property=\"og:site_name\" content=\"Zewo\" \/>\n<meta property=\"article:publisher\" content=\"https:\/\/www.facebook.com\/Stiftung.ZEWO\/\" \/>\n<meta property=\"article:modified_time\" content=\"2025-11-21T12:44:51+00:00\" \/>\n<meta property=\"og:image\" content=\"https:\/\/zewo.ch\/wp-content\/uploads\/2019\/06\/Tamedia_tamedia_beside_Logo_Red_CMYK-1.png\" \/>\n\t<meta property=\"og:image:width\" content=\"787\" \/>\n\t<meta property=\"og:image:height\" content=\"473\" \/>\n\t<meta property=\"og:image:type\" content=\"image\/png\" \/>\n<meta name=\"twitter:card\" content=\"summary_large_image\" \/>\n<meta name=\"twitter:site\" content=\"@stiftung_zewo\" \/>\n<meta name=\"twitter:label1\" content=\"Dur\u00e9e de lecture estim\u00e9e\" \/>\n\t<meta name=\"twitter:data1\" content=\"1 minute\" \/>\n<script type=\"application\/ld+json\" class=\"yoast-schema-graph\">{\"@context\":\"https:\/\/schema.org\",\"@graph\":[{\"@type\":\"WebPage\",\"@id\":\"https:\/\/zewo.ch\/fr\/tamedia\/#webpage\",\"url\":\"https:\/\/zewo.ch\/fr\/tamedia\/#webpage\",\"name\":\"\",\"isPartOf\":{\"@id\":\"https:\/\/zewo.ch\/fr\/#website\"},\"primaryImageOfPage\":{\"@id\":\"https:\/\/zewo.ch\/fr\/tamedia\/#primaryimage\"},\"image\":{\"@id\":\"https:\/\/zewo.ch\/fr\/tamedia\/#primaryimage\"},\"thumbnailUrl\":\"https:\/\/zewo.ch\/wp-content\/uploads\/2019\/06\/Tamedia_tamedia_beside_Logo_Red_CMYK-1.png\",\"datePublished\":\"2019-08-09T07:40:32+00:00\",\"dateModified\":\"2025-11-21T12:44:51+00:00\",\"description\":\"Tous les m\u00e9dias du groupe m\u00e9diatique Tamedia accordent aux organisations portant le label de qualit\u00e9 Zewo un rabais sur les annonces presse ou la publicit\u00e9.\",\"breadcrumb\":{\"@id\":\"https:\/\/zewo.ch\/fr\/tamedia\/#breadcrumb\"},\"inLanguage\":\"fr-FR\",\"potentialAction\":[{\"@type\":\"ReadAction\",\"target\":[\"https:\/\/zewo.ch\/fr\/tamedia\/\"]}]},{\"@type\":\"ImageObject\",\"inLanguage\":\"fr-FR\",\"@id\":\"https:\/\/zewo.ch\/fr\/tamedia\/#primaryimage\",\"url\":\"https:\/\/zewo.ch\/wp-content\/uploads\/2019\/06\/Tamedia_tamedia_beside_Logo_Red_CMYK-1.png\",\"contentUrl\":\"https:\/\/zewo.ch\/wp-content\/uploads\/2019\/06\/Tamedia_tamedia_beside_Logo_Red_CMYK-1.png\"},{\"@type\":\"BreadcrumbList\",\"@id\":\"https:\/\/zewo.ch\/fr\/tamedia\/#breadcrumb\",\"itemListElement\":[{\"@type\":\"ListItem\",\"position\":1,\"name\":\"Home\",\"item\":\"https:\/\/zewo.ch\/fr\/\"},{\"@type\":\"ListItem\",\"position\":2,\"name\":\"Tamedia\"}]},{\"@type\":\"WebSite\",\"@id\":\"https:\/\/zewo.ch\/fr\/#website\",\"url\":\"https:\/\/zewo.ch\/fr\/\",\"name\":\"Zewo\",\"description\":\"Votre don en bonnes mains.\",\"publisher\":{\"@id\":\"https:\/\/zewo.ch\/fr\/#organization\"},\"potentialAction\":[{\"@type\":\"SearchAction\",\"target\":{\"@type\":\"EntryPoint\",\"urlTemplate\":\"https:\/\/zewo.ch\/fr\/?s={search_term_string}\"},\"query-input\":{\"@type\":\"PropertyValueSpecification\",\"valueRequired\":true,\"valueName\":\"search_term_string\"}}],\"inLanguage\":\"fr-FR\"},{\"@type\":\"Organization\",\"@id\":\"https:\/\/zewo.ch\/fr\/#organization\",\"name\":\"Stiftung Zewo\",\"url\":\"https:\/\/zewo.ch\/fr\/\",\"logo\":{\"@type\":\"ImageObject\",\"inLanguage\":\"fr-FR\",\"@id\":\"https:\/\/zewo.ch\/fr\/#\/schema\/logo\/image\/\",\"url\":\"https:\/\/zewo.ch\/wp-content\/uploads\/2019\/08\/Zewo_Logo_Claim_D.svg\",\"contentUrl\":\"https:\/\/zewo.ch\/wp-content\/uploads\/2019\/08\/Zewo_Logo_Claim_D.svg\",\"width\":1,\"height\":1,\"caption\":\"Stiftung Zewo\"},\"image\":{\"@id\":\"https:\/\/zewo.ch\/fr\/#\/schema\/logo\/image\/\"},\"sameAs\":[\"https:\/\/www.facebook.com\/Stiftung.ZEWO\/\",\"https:\/\/x.com\/stiftung_zewo\",\"https:\/\/www.linkedin.com\/company\/stiftung-zewo\",\"https:\/\/www.youtube.com\/channel\/UCzjsVJro12OXcvvx1LQP8tw\",\"https:\/\/de.wikipedia.org\/wiki\/Zewo\"]}]}<\/script>\n<!-- \/ Yoast SEO Premium plugin. -->","yoast_head_json":{"title":"Zewo","description":"Tous les m\u00e9dias du groupe m\u00e9diatique Tamedia accordent aux organisations portant le label de qualit\u00e9 Zewo un rabais sur les annonces presse ou la publicit\u00e9.","robots":{"index":"index","follow":"follow","max-snippet":"max-snippet:-1","max-image-preview":"max-image-preview:large","max-video-preview":"max-video-preview:-1"},"canonical":"https:\/\/zewo.ch\/fr\/tamedia\/","og_locale":"fr_FR","og_type":"article","og_description":"Tous les m\u00e9dias du groupe m\u00e9diatique Tamedia accordent aux organisations portant le label de qualit\u00e9 Zewo un rabais sur les annonces presse ou la publicit\u00e9.","og_url":"https:\/\/zewo.ch\/fr\/tamedia\/","og_site_name":"Zewo","article_publisher":"https:\/\/www.facebook.com\/Stiftung.ZEWO\/","article_modified_time":"2025-11-21T12:44:51+00:00","og_image":[{"width":787,"height":473,"url":"https:\/\/zewo.ch\/wp-content\/uploads\/2019\/06\/Tamedia_tamedia_beside_Logo_Red_CMYK-1.png","type":"image\/png"}],"twitter_card":"summary_large_image","twitter_site":"@stiftung_zewo","twitter_misc":{"Dur\u00e9e de lecture estim\u00e9e":"1 minute"},"schema":{"@context":"https:\/\/schema.org","@graph":[{"@type":"WebPage","@id":"https:\/\/zewo.ch\/fr\/tamedia\/#webpage","url":"https:\/\/zewo.ch\/fr\/tamedia\/#webpage","name":"","isPartOf":{"@id":"https:\/\/zewo.ch\/fr\/#website"},"primaryImageOfPage":{"@id":"https:\/\/zewo.ch\/fr\/tamedia\/#primaryimage"},"image":{"@id":"https:\/\/zewo.ch\/fr\/tamedia\/#primaryimage"},"thumbnailUrl":"https:\/\/zewo.ch\/wp-content\/uploads\/2019\/06\/Tamedia_tamedia_beside_Logo_Red_CMYK-1.png","datePublished":"2019-08-09T07:40:32+00:00","dateModified":"2025-11-21T12:44:51+00:00","description":"Tous les m\u00e9dias du groupe m\u00e9diatique Tamedia accordent aux organisations portant le label de qualit\u00e9 Zewo un rabais sur les annonces presse ou la publicit\u00e9.","breadcrumb":{"@id":"https:\/\/zewo.ch\/fr\/tamedia\/#breadcrumb"},"inLanguage":"fr-FR","potentialAction":[{"@type":"ReadAction","target":["https:\/\/zewo.ch\/fr\/tamedia\/"]}]},{"@type":"ImageObject","inLanguage":"fr-FR","@id":"https:\/\/zewo.ch\/fr\/tamedia\/#primaryimage","url":"https:\/\/zewo.ch\/wp-content\/uploads\/2019\/06\/Tamedia_tamedia_beside_Logo_Red_CMYK-1.png","contentUrl":"https:\/\/zewo.ch\/wp-content\/uploads\/2019\/06\/Tamedia_tamedia_beside_Logo_Red_CMYK-1.png"},{"@type":"BreadcrumbList","@id":"https:\/\/zewo.ch\/fr\/tamedia\/#breadcrumb","itemListElement":[{"@type":"ListItem","position":1,"name":"Home","item":"https:\/\/zewo.ch\/fr\/"},{"@type":"ListItem","position":2,"name":"Tamedia"}]},{"@type":"WebSite","@id":"https:\/\/zewo.ch\/fr\/#website","url":"https:\/\/zewo.ch\/fr\/","name":"Zewo","description":"Votre don en bonnes mains.","publisher":{"@id":"https:\/\/zewo.ch\/fr\/#organization"},"potentialAction":[{"@type":"SearchAction","target":{"@type":"EntryPoint","urlTemplate":"https:\/\/zewo.ch\/fr\/?s={search_term_string}"},"query-input":{"@type":"PropertyValueSpecification","valueRequired":true,"valueName":"search_term_string"}}],"inLanguage":"fr-FR"},{"@type":"Organization","@id":"https:\/\/zewo.ch\/fr\/#organization","name":"Stiftung Zewo","url":"https:\/\/zewo.ch\/fr\/","logo":{"@type":"ImageObject","inLanguage":"fr-FR","@id":"https:\/\/zewo.ch\/fr\/#\/schema\/logo\/image\/","url":"https:\/\/zewo.ch\/wp-content\/uploads\/2019\/08\/Zewo_Logo_Claim_D.svg","contentUrl":"https:\/\/zewo.ch\/wp-content\/uploads\/2019\/08\/Zewo_Logo_Claim_D.svg","width":1,"height":1,"caption":"Stiftung Zewo"},"image":{"@id":"https:\/\/zewo.ch\/fr\/#\/schema\/logo\/image\/"},"sameAs":["https:\/\/www.facebook.com\/Stiftung.ZEWO\/","https:\/\/x.com\/stiftung_zewo","https:\/\/www.linkedin.com\/company\/stiftung-zewo","https:\/\/www.youtube.com\/channel\/UCzjsVJro12OXcvvx1LQP8tw","https:\/\/de.wikipedia.org\/wiki\/Zewo"]}]}},"publishpress_future_action":{"enabled":false,"date":"2026-04-29 11:57:56","action":"change-status","newStatus":"draft","terms":[],"taxonomy":"translation_priority","extraData":[]},"publishpress_future_workflow_manual_trigger":{"enabledWorkflows":[]},"_links":{"self":[{"href":"https:\/\/zewo.ch\/fr\/wp-json\/wp\/v2\/pages\/499644","targetHints":{"allow":["GET"]}}],"collection":[{"href":"https:\/\/zewo.ch\/fr\/wp-json\/wp\/v2\/pages"}],"about":[{"href":"https:\/\/zewo.ch\/fr\/wp-json\/wp\/v2\/types\/page"}],"author":[{"embeddable":true,"href":"https:\/\/zewo.ch\/fr\/wp-json\/wp\/v2\/users\/38"}],"replies":[{"embeddable":true,"href":"https:\/\/zewo.ch\/fr\/wp-json\/wp\/v2\/comments?post=499644"}],"version-history":[{"count":10,"href":"https:\/\/zewo.ch\/fr\/wp-json\/wp\/v2\/pages\/499644\/revisions"}],"predecessor-version":[{"id":5934580,"href":"https:\/\/zewo.ch\/fr\/wp-json\/wp\/v2\/pages\/499644\/revisions\/5934580"}],"wp:attachment":[{"href":"https:\/\/zewo.ch\/fr\/wp-json\/wp\/v2\/media?parent=499644"}],"wp:term":[{"taxonomy":"folder","embeddable":true,"href":"https:\/\/zewo.ch\/fr\/wp-json\/wp\/v2\/folder?post=499644"}],"curies":[{"name":"wp","href":"https:\/\/api.w.org\/{rel}","templated":true}]}}