{"id":499635,"date":"2019-08-09T09:31:10","date_gmt":"2019-08-09T07:31:10","guid":{"rendered":"https:\/\/www.zewo.ch\/?page_id=499635"},"modified":"2022-11-29T13:29:08","modified_gmt":"2022-11-29T12:29:08","slug":"swissfundraising","status":"publish","type":"page","link":"https:\/\/zewo.ch\/fr\/swissfundraising\/","title":{"rendered":"Swissfundraising"},"content":{"rendered":"\n<h2 class=\"wp-block-heading\" id=\"h-offre-sp-ciale-pour-les-obnl-titulaires-du-label-de-qualit-zewo\">Offre sp\u00e9ciale pour les OBNL titulaires du label de qualit\u00e9 Zewo<\/h2>\n\n\n\n<figure class=\"wp-block-image\"><img loading=\"lazy\" decoding=\"async\" width=\"1024\" height=\"223\" src=\"https:\/\/zewo.ch\/wp-content\/uploads\/2019\/06\/swissfundraising-1024x223.png\" alt=\"swissfundraising Logo transparent\" class=\"wp-image-165171\" srcset=\"https:\/\/zewo.ch\/wp-content\/uploads\/2019\/06\/swissfundraising-1024x223.png 1024w, https:\/\/zewo.ch\/wp-content\/uploads\/2019\/06\/swissfundraising-300x65.png 300w, https:\/\/zewo.ch\/wp-content\/uploads\/2019\/06\/swissfundraising-768x167.png 768w\" sizes=\"auto, (min-width: 960px) 75vw, 100vw\" \/><\/figure>\n\n\n\n<p>Un suppl\u00e9ment de journal dans le SonntagsZeitung, le NZZ am Sonntag et Le Matin Dimanche sur les dons para\u00eet en novembre \u00e0 l\u2019initiative conjointe de Swissfundraising et de Zewo. Cette plateforme attractive est mise \u00e0 la disposition exclusive des organisations titulaires du label de qualit\u00e9 Zewo.<\/p>\n\n\n\n<h2 class=\"wp-block-heading\" id=\"h-contact\">Contact<\/h2>\n\n\n\n<p><strong>Swissfundraising<\/strong><br>Roger Tinner <br>Rosenbergstrasse 85<br>Postfach 20<br>9001 St. Gallen<br>T\u00e9l. 071 777 20 11<br><a rel=\"noreferrer noopener\" aria-label=\"info@swissfundraising.org (\u00f6ffnet in neuem Tab)\" href=\"mailto:info@swissfundraising.org\" target=\"_blank\">info@swissfundraising.org<\/a><br><a href=\"https:\/\/swissfundraising.org\/fr\/\" target=\"_blank\" rel=\"noreferrer noopener\" aria-label=\" (\u00f6ffnet in neuem Tab)\">www.swissfundraising.org<\/a><\/p>\n\n\n\n<ul class=\"wp-block-cgb-block-zewo-block-links container container-columns-1\"><\/ul>\n\n\n\n<div class=\"wp-block-cgb-block-zewo-block-button ab-block-button\"><a href=\"https:\/\/zewo.ch\/fr\/avantages-pour-les-organisations-titulaires-du-label-de-qualite-zewo\/\" class=\"button primary\"><span class=\"button-arrow\"><\/span>Retour \u00e0 l&rsquo;aper\u00e7u<\/a><\/div>\n","protected":false},"excerpt":{"rendered":"<p>Offre sp\u00e9ciale pour les OBNL titulaires du label de qualit\u00e9 Zewo Un suppl\u00e9ment de journal dans le SonntagsZeitung, le NZZ am Sonntag et Le Matin Dimanche sur les dons para\u00eet en novembre \u00e0 l\u2019initiative conjointe de Swissfundraising et de Zewo. Cette plateforme attractive est mise \u00e0 la disposition exclusive des organisations titulaires du label de [&hellip;]<\/p>\n","protected":false},"author":38,"featured_media":0,"parent":0,"menu_order":281,"comment_status":"closed","ping_status":"closed","template":"","meta":{"_acf_changed":false,"footnotes":""},"folder":[6643],"class_list":["post-499635","page","type-page","status-publish","hentry"],"acf":[],"yoast_head":"<!-- This site is optimized with the Yoast SEO Premium plugin v26.0 (Yoast SEO v26.0) - https:\/\/yoast.com\/wordpress\/plugins\/seo\/ -->\n<title>Zewo<\/title>\n<meta name=\"description\" content=\"Un suppl\u00e9ment de journal sur les dons para\u00eet \u00e0 l\u2019initiative conjointe de Swissfundraising et de Zewo. Il est exclusivement destin\u00e9 aux organisations de Zewo.\" \/>\n<meta name=\"robots\" content=\"index, follow, max-snippet:-1, max-image-preview:large, max-video-preview:-1\" \/>\n<link rel=\"canonical\" href=\"https:\/\/zewo.ch\/fr\/swissfundraising\/\" \/>\n<meta property=\"og:locale\" content=\"fr_FR\" \/>\n<meta property=\"og:type\" content=\"article\" \/>\n<meta property=\"og:description\" content=\"Un suppl\u00e9ment de journal sur les dons para\u00eet \u00e0 l\u2019initiative conjointe de Swissfundraising et de Zewo. Il est exclusivement destin\u00e9 aux organisations de Zewo.\" \/>\n<meta property=\"og:url\" content=\"https:\/\/zewo.ch\/fr\/swissfundraising\/\" \/>\n<meta property=\"og:site_name\" content=\"Zewo\" \/>\n<meta property=\"article:publisher\" content=\"https:\/\/www.facebook.com\/Stiftung.ZEWO\/\" \/>\n<meta property=\"article:modified_time\" content=\"2022-11-29T12:29:08+00:00\" \/>\n<meta property=\"og:image\" content=\"https:\/\/zewo.ch\/wp-content\/uploads\/2019\/06\/swissfundraising-1024x223.png\" \/>\n<meta name=\"twitter:card\" content=\"summary_large_image\" \/>\n<meta name=\"twitter:site\" content=\"@stiftung_zewo\" \/>\n<meta name=\"twitter:label1\" content=\"Dur\u00e9e de lecture estim\u00e9e\" \/>\n\t<meta name=\"twitter:data1\" content=\"1 minute\" \/>\n<script type=\"application\/ld+json\" class=\"yoast-schema-graph\">{\"@context\":\"https:\/\/schema.org\",\"@graph\":[{\"@type\":\"WebPage\",\"@id\":\"https:\/\/zewo.ch\/fr\/swissfundraising\/#webpage\",\"url\":\"https:\/\/zewo.ch\/fr\/swissfundraising\/#webpage\",\"name\":\"\",\"isPartOf\":{\"@id\":\"https:\/\/zewo.ch\/fr\/#website\"},\"primaryImageOfPage\":{\"@id\":\"https:\/\/zewo.ch\/fr\/swissfundraising\/#primaryimage\"},\"image\":{\"@id\":\"https:\/\/zewo.ch\/fr\/swissfundraising\/#primaryimage\"},\"thumbnailUrl\":\"https:\/\/zewo.ch\/wp-content\/uploads\/2019\/06\/swissfundraising-1024x223.png\",\"datePublished\":\"2019-08-09T07:31:10+00:00\",\"dateModified\":\"2022-11-29T12:29:08+00:00\",\"description\":\"Un suppl\u00e9ment de journal sur les dons para\u00eet \u00e0 l\u2019initiative conjointe de Swissfundraising et de Zewo. Il est exclusivement destin\u00e9 aux organisations de Zewo.\",\"breadcrumb\":{\"@id\":\"https:\/\/zewo.ch\/fr\/swissfundraising\/#breadcrumb\"},\"inLanguage\":\"fr-FR\",\"potentialAction\":[{\"@type\":\"ReadAction\",\"target\":[\"https:\/\/zewo.ch\/fr\/swissfundraising\/\"]}]},{\"@type\":\"ImageObject\",\"inLanguage\":\"fr-FR\",\"@id\":\"https:\/\/zewo.ch\/fr\/swissfundraising\/#primaryimage\",\"url\":\"https:\/\/zewo.ch\/wp-content\/uploads\/2019\/06\/swissfundraising-1024x223.png\",\"contentUrl\":\"https:\/\/zewo.ch\/wp-content\/uploads\/2019\/06\/swissfundraising-1024x223.png\"},{\"@type\":\"BreadcrumbList\",\"@id\":\"https:\/\/zewo.ch\/fr\/swissfundraising\/#breadcrumb\",\"itemListElement\":[{\"@type\":\"ListItem\",\"position\":1,\"name\":\"Home\",\"item\":\"https:\/\/zewo.ch\/fr\/\"},{\"@type\":\"ListItem\",\"position\":2,\"name\":\"Swissfundraising\"}]},{\"@type\":\"WebSite\",\"@id\":\"https:\/\/zewo.ch\/fr\/#website\",\"url\":\"https:\/\/zewo.ch\/fr\/\",\"name\":\"Zewo\",\"description\":\"Votre don en bonnes mains.\",\"publisher\":{\"@id\":\"https:\/\/zewo.ch\/fr\/#organization\"},\"potentialAction\":[{\"@type\":\"SearchAction\",\"target\":{\"@type\":\"EntryPoint\",\"urlTemplate\":\"https:\/\/zewo.ch\/fr\/?s={search_term_string}\"},\"query-input\":{\"@type\":\"PropertyValueSpecification\",\"valueRequired\":true,\"valueName\":\"search_term_string\"}}],\"inLanguage\":\"fr-FR\"},{\"@type\":\"Organization\",\"@id\":\"https:\/\/zewo.ch\/fr\/#organization\",\"name\":\"Stiftung Zewo\",\"url\":\"https:\/\/zewo.ch\/fr\/\",\"logo\":{\"@type\":\"ImageObject\",\"inLanguage\":\"fr-FR\",\"@id\":\"https:\/\/zewo.ch\/fr\/#\/schema\/logo\/image\/\",\"url\":\"https:\/\/zewo.ch\/wp-content\/uploads\/2019\/08\/Zewo_Logo_Claim_D.svg\",\"contentUrl\":\"https:\/\/zewo.ch\/wp-content\/uploads\/2019\/08\/Zewo_Logo_Claim_D.svg\",\"width\":1,\"height\":1,\"caption\":\"Stiftung Zewo\"},\"image\":{\"@id\":\"https:\/\/zewo.ch\/fr\/#\/schema\/logo\/image\/\"},\"sameAs\":[\"https:\/\/www.facebook.com\/Stiftung.ZEWO\/\",\"https:\/\/x.com\/stiftung_zewo\",\"https:\/\/www.linkedin.com\/company\/stiftung-zewo\",\"https:\/\/www.youtube.com\/channel\/UCzjsVJro12OXcvvx1LQP8tw\",\"https:\/\/de.wikipedia.org\/wiki\/Zewo\"]}]}<\/script>\n<!-- \/ Yoast SEO Premium plugin. -->","yoast_head_json":{"title":"Zewo","description":"Un suppl\u00e9ment de journal sur les dons para\u00eet \u00e0 l\u2019initiative conjointe de Swissfundraising et de Zewo. Il est exclusivement destin\u00e9 aux organisations de Zewo.","robots":{"index":"index","follow":"follow","max-snippet":"max-snippet:-1","max-image-preview":"max-image-preview:large","max-video-preview":"max-video-preview:-1"},"canonical":"https:\/\/zewo.ch\/fr\/swissfundraising\/","og_locale":"fr_FR","og_type":"article","og_description":"Un suppl\u00e9ment de journal sur les dons para\u00eet \u00e0 l\u2019initiative conjointe de Swissfundraising et de Zewo. Il est exclusivement destin\u00e9 aux organisations de Zewo.","og_url":"https:\/\/zewo.ch\/fr\/swissfundraising\/","og_site_name":"Zewo","article_publisher":"https:\/\/www.facebook.com\/Stiftung.ZEWO\/","article_modified_time":"2022-11-29T12:29:08+00:00","og_image":[{"url":"https:\/\/zewo.ch\/wp-content\/uploads\/2019\/06\/swissfundraising-1024x223.png","type":"","width":"","height":""}],"twitter_card":"summary_large_image","twitter_site":"@stiftung_zewo","twitter_misc":{"Dur\u00e9e de lecture estim\u00e9e":"1 minute"},"schema":{"@context":"https:\/\/schema.org","@graph":[{"@type":"WebPage","@id":"https:\/\/zewo.ch\/fr\/swissfundraising\/#webpage","url":"https:\/\/zewo.ch\/fr\/swissfundraising\/#webpage","name":"","isPartOf":{"@id":"https:\/\/zewo.ch\/fr\/#website"},"primaryImageOfPage":{"@id":"https:\/\/zewo.ch\/fr\/swissfundraising\/#primaryimage"},"image":{"@id":"https:\/\/zewo.ch\/fr\/swissfundraising\/#primaryimage"},"thumbnailUrl":"https:\/\/zewo.ch\/wp-content\/uploads\/2019\/06\/swissfundraising-1024x223.png","datePublished":"2019-08-09T07:31:10+00:00","dateModified":"2022-11-29T12:29:08+00:00","description":"Un suppl\u00e9ment de journal sur les dons para\u00eet \u00e0 l\u2019initiative conjointe de Swissfundraising et de Zewo. Il est exclusivement destin\u00e9 aux organisations de Zewo.","breadcrumb":{"@id":"https:\/\/zewo.ch\/fr\/swissfundraising\/#breadcrumb"},"inLanguage":"fr-FR","potentialAction":[{"@type":"ReadAction","target":["https:\/\/zewo.ch\/fr\/swissfundraising\/"]}]},{"@type":"ImageObject","inLanguage":"fr-FR","@id":"https:\/\/zewo.ch\/fr\/swissfundraising\/#primaryimage","url":"https:\/\/zewo.ch\/wp-content\/uploads\/2019\/06\/swissfundraising-1024x223.png","contentUrl":"https:\/\/zewo.ch\/wp-content\/uploads\/2019\/06\/swissfundraising-1024x223.png"},{"@type":"BreadcrumbList","@id":"https:\/\/zewo.ch\/fr\/swissfundraising\/#breadcrumb","itemListElement":[{"@type":"ListItem","position":1,"name":"Home","item":"https:\/\/zewo.ch\/fr\/"},{"@type":"ListItem","position":2,"name":"Swissfundraising"}]},{"@type":"WebSite","@id":"https:\/\/zewo.ch\/fr\/#website","url":"https:\/\/zewo.ch\/fr\/","name":"Zewo","description":"Votre don en bonnes mains.","publisher":{"@id":"https:\/\/zewo.ch\/fr\/#organization"},"potentialAction":[{"@type":"SearchAction","target":{"@type":"EntryPoint","urlTemplate":"https:\/\/zewo.ch\/fr\/?s={search_term_string}"},"query-input":{"@type":"PropertyValueSpecification","valueRequired":true,"valueName":"search_term_string"}}],"inLanguage":"fr-FR"},{"@type":"Organization","@id":"https:\/\/zewo.ch\/fr\/#organization","name":"Stiftung Zewo","url":"https:\/\/zewo.ch\/fr\/","logo":{"@type":"ImageObject","inLanguage":"fr-FR","@id":"https:\/\/zewo.ch\/fr\/#\/schema\/logo\/image\/","url":"https:\/\/zewo.ch\/wp-content\/uploads\/2019\/08\/Zewo_Logo_Claim_D.svg","contentUrl":"https:\/\/zewo.ch\/wp-content\/uploads\/2019\/08\/Zewo_Logo_Claim_D.svg","width":1,"height":1,"caption":"Stiftung Zewo"},"image":{"@id":"https:\/\/zewo.ch\/fr\/#\/schema\/logo\/image\/"},"sameAs":["https:\/\/www.facebook.com\/Stiftung.ZEWO\/","https:\/\/x.com\/stiftung_zewo","https:\/\/www.linkedin.com\/company\/stiftung-zewo","https:\/\/www.youtube.com\/channel\/UCzjsVJro12OXcvvx1LQP8tw","https:\/\/de.wikipedia.org\/wiki\/Zewo"]}]}},"publishpress_future_action":{"enabled":false,"date":"2026-04-22 23:15:35","action":"change-status","newStatus":"draft","terms":[],"taxonomy":"translation_priority","extraData":[]},"publishpress_future_workflow_manual_trigger":{"enabledWorkflows":[]},"_links":{"self":[{"href":"https:\/\/zewo.ch\/fr\/wp-json\/wp\/v2\/pages\/499635","targetHints":{"allow":["GET"]}}],"collection":[{"href":"https:\/\/zewo.ch\/fr\/wp-json\/wp\/v2\/pages"}],"about":[{"href":"https:\/\/zewo.ch\/fr\/wp-json\/wp\/v2\/types\/page"}],"author":[{"embeddable":true,"href":"https:\/\/zewo.ch\/fr\/wp-json\/wp\/v2\/users\/38"}],"replies":[{"embeddable":true,"href":"https:\/\/zewo.ch\/fr\/wp-json\/wp\/v2\/comments?post=499635"}],"version-history":[{"count":7,"href":"https:\/\/zewo.ch\/fr\/wp-json\/wp\/v2\/pages\/499635\/revisions"}],"predecessor-version":[{"id":5791892,"href":"https:\/\/zewo.ch\/fr\/wp-json\/wp\/v2\/pages\/499635\/revisions\/5791892"}],"wp:attachment":[{"href":"https:\/\/zewo.ch\/fr\/wp-json\/wp\/v2\/media?parent=499635"}],"wp:term":[{"taxonomy":"folder","embeddable":true,"href":"https:\/\/zewo.ch\/fr\/wp-json\/wp\/v2\/folder?post=499635"}],"curies":[{"name":"wp","href":"https:\/\/api.w.org\/{rel}","templated":true}]}}