{"id":499627,"date":"2019-08-09T09:22:41","date_gmt":"2019-08-09T07:22:41","guid":{"rendered":"https:\/\/www.zewo.ch\/?page_id=499627"},"modified":"2025-06-23T08:51:52","modified_gmt":"2025-06-23T06:51:52","slug":"swisscom-directories","status":"publish","type":"page","link":"https:\/\/zewo.ch\/fr\/swisscom-directories\/","title":{"rendered":"Swisscom Directories AG"},"content":{"rendered":"\n<h2 class=\"wp-block-heading\" id=\"h-remise-pour-les-obnl-titulaires-du-label-de-qualite-zewo\">Remise pour les OBNL titulaires du label de qualit\u00e9 Zewo<\/h2>\n\n\n\n<figure class=\"wp-block-image size-full is-resized\"><img loading=\"lazy\" decoding=\"async\" width=\"640\" height=\"282\" src=\"https:\/\/zewo.ch\/wp-content\/uploads\/2025\/06\/multisourcepng-1.png\" alt=\"\" class=\"wp-image-5928832\" style=\"width:224px\" srcset=\"https:\/\/zewo.ch\/wp-content\/uploads\/2025\/06\/multisourcepng-1.png 640w, https:\/\/zewo.ch\/wp-content\/uploads\/2025\/06\/multisourcepng-1-300x132.png 300w\" sizes=\"auto, (min-width: 960px) 75vw, 100vw\" \/><\/figure>\n\n\n\n<p>Swisscom Directories SA propose, avec <strong>multisource<\/strong>, une solution performante et modulaire pour la gestion, la validation et l\u2019enrichissement des donn\u00e9es de donateurs. Gr\u00e2ce \u00e0 l\u2019acc\u00e8s \u00e0 des r\u00e9pertoires officiels, \u00e0 des donn\u00e9es de <strong>d\u00e9m\u00e9nagement<\/strong> <strong>et de d\u00e9c\u00e8s<\/strong>, ainsi qu\u2019\u00e0 des <strong>caract\u00e9ristiques d\u00e9mographiques<\/strong>, les organisations \u00e0 but non lucratif gardent la ma\u00eetrise de leurs donn\u00e9es clients \u2013 avec une utilisation flexible et un h\u00e9bergement enti\u00e8rement en Suisse. <\/p>\n\n\n\n<p>Les organisations certifi\u00e9es Zewo<strong> profitent d\u2019un rabais de 50% sur le prix de base annuel.<\/strong><\/p>\n\n\n\n<h2 class=\"wp-block-heading\" id=\"h-contact\">Contact<\/h2>\n\n\n\n<p><strong>Swisscom Directories<\/strong> <strong>SA<\/strong><br>F\u00f6rrlibuckstrasse 62<br>8005 Zurich<br><a href=\"http:\/\/www.multisource.ch\" target=\"_blank\" rel=\"noreferrer noopener\">www.multisour<\/a><a href=\"http:\/\/www.multisource.ch\">ce.ch<\/a><\/p>\n\n\n\n<div class=\"wp-block-cgb-block-zewo-block-button ab-block-button\"><a href=\"https:\/\/zewo.ch\/fr\/avantages-pour-les-organisations-titulaires-du-label-de-qualite-zewo\/\" class=\"button primary\"><span class=\"button-arrow\"><\/span>Retour \u00e0 l&rsquo;aper\u00e7u<\/a><\/div>\n","protected":false},"excerpt":{"rendered":"<p>Remise pour les OBNL titulaires du label de qualit\u00e9 Zewo Swisscom Directories SA propose, avec multisource, une solution performante et modulaire pour la gestion, la validation et l\u2019enrichissement des donn\u00e9es de donateurs. Gr\u00e2ce \u00e0 l\u2019acc\u00e8s \u00e0 des r\u00e9pertoires officiels, \u00e0 des donn\u00e9es de d\u00e9m\u00e9nagement et de d\u00e9c\u00e8s, ainsi qu\u2019\u00e0 des caract\u00e9ristiques d\u00e9mographiques, les organisations \u00e0 [&hellip;]<\/p>\n","protected":false},"author":38,"featured_media":0,"parent":0,"menu_order":280,"comment_status":"closed","ping_status":"closed","template":"","meta":{"_acf_changed":false,"footnotes":""},"folder":[6643],"class_list":["post-499627","page","type-page","status-publish","hentry"],"acf":[],"yoast_head":"<!-- This site is optimized with the Yoast SEO Premium plugin v26.0 (Yoast SEO v26.0) - https:\/\/yoast.com\/wordpress\/plugins\/seo\/ -->\n<title>Zewo<\/title>\n<meta name=\"description\" content=\"Swisscom Directories AG offre aux institutions \u00e0 but non lucratif portant le label de qualit\u00e9 Zewo une r\u00e9duction sur le produit Multisource BASIC.\" \/>\n<meta name=\"robots\" content=\"index, follow, max-snippet:-1, max-image-preview:large, max-video-preview:-1\" \/>\n<link rel=\"canonical\" href=\"https:\/\/zewo.ch\/fr\/swisscom-directories\/\" \/>\n<meta property=\"og:locale\" content=\"fr_FR\" \/>\n<meta property=\"og:type\" content=\"article\" \/>\n<meta property=\"og:description\" content=\"Swisscom Directories AG offre aux institutions \u00e0 but non lucratif portant le label de qualit\u00e9 Zewo une r\u00e9duction sur le produit Multisource BASIC.\" \/>\n<meta property=\"og:url\" content=\"https:\/\/zewo.ch\/fr\/swisscom-directories\/\" \/>\n<meta property=\"og:site_name\" content=\"Zewo\" \/>\n<meta property=\"article:publisher\" content=\"https:\/\/www.facebook.com\/Stiftung.ZEWO\/\" \/>\n<meta property=\"article:modified_time\" content=\"2025-06-23T06:51:52+00:00\" \/>\n<meta property=\"og:image\" content=\"https:\/\/zewo.ch\/wp-content\/uploads\/2025\/06\/multisourcepng-1.png\" \/>\n<meta name=\"twitter:card\" content=\"summary_large_image\" \/>\n<meta name=\"twitter:site\" content=\"@stiftung_zewo\" \/>\n<meta name=\"twitter:label1\" content=\"Dur\u00e9e de lecture estim\u00e9e\" \/>\n\t<meta name=\"twitter:data1\" content=\"1 minute\" \/>\n<script type=\"application\/ld+json\" class=\"yoast-schema-graph\">{\"@context\":\"https:\/\/schema.org\",\"@graph\":[{\"@type\":\"WebPage\",\"@id\":\"https:\/\/zewo.ch\/fr\/swisscom-directories\/#webpage\",\"url\":\"https:\/\/zewo.ch\/fr\/swisscom-directories\/#webpage\",\"name\":\"\",\"isPartOf\":{\"@id\":\"https:\/\/zewo.ch\/fr\/#website\"},\"primaryImageOfPage\":{\"@id\":\"https:\/\/zewo.ch\/fr\/swisscom-directories\/#primaryimage\"},\"image\":{\"@id\":\"https:\/\/zewo.ch\/fr\/swisscom-directories\/#primaryimage\"},\"thumbnailUrl\":\"https:\/\/zewo.ch\/wp-content\/uploads\/2025\/06\/multisourcepng-1.png\",\"datePublished\":\"2019-08-09T07:22:41+00:00\",\"dateModified\":\"2025-06-23T06:51:52+00:00\",\"description\":\"Swisscom Directories AG offre aux institutions \u00e0 but non lucratif portant le label de qualit\u00e9 Zewo une r\u00e9duction sur le produit Multisource BASIC.\",\"breadcrumb\":{\"@id\":\"https:\/\/zewo.ch\/fr\/swisscom-directories\/#breadcrumb\"},\"inLanguage\":\"fr-FR\",\"potentialAction\":[{\"@type\":\"ReadAction\",\"target\":[\"https:\/\/zewo.ch\/fr\/swisscom-directories\/\"]}]},{\"@type\":\"ImageObject\",\"inLanguage\":\"fr-FR\",\"@id\":\"https:\/\/zewo.ch\/fr\/swisscom-directories\/#primaryimage\",\"url\":\"https:\/\/zewo.ch\/wp-content\/uploads\/2025\/06\/multisourcepng-1.png\",\"contentUrl\":\"https:\/\/zewo.ch\/wp-content\/uploads\/2025\/06\/multisourcepng-1.png\"},{\"@type\":\"BreadcrumbList\",\"@id\":\"https:\/\/zewo.ch\/fr\/swisscom-directories\/#breadcrumb\",\"itemListElement\":[{\"@type\":\"ListItem\",\"position\":1,\"name\":\"Home\",\"item\":\"https:\/\/zewo.ch\/fr\/\"},{\"@type\":\"ListItem\",\"position\":2,\"name\":\"Swisscom Directories AG\"}]},{\"@type\":\"WebSite\",\"@id\":\"https:\/\/zewo.ch\/fr\/#website\",\"url\":\"https:\/\/zewo.ch\/fr\/\",\"name\":\"Zewo\",\"description\":\"Votre don en bonnes mains.\",\"publisher\":{\"@id\":\"https:\/\/zewo.ch\/fr\/#organization\"},\"potentialAction\":[{\"@type\":\"SearchAction\",\"target\":{\"@type\":\"EntryPoint\",\"urlTemplate\":\"https:\/\/zewo.ch\/fr\/?s={search_term_string}\"},\"query-input\":{\"@type\":\"PropertyValueSpecification\",\"valueRequired\":true,\"valueName\":\"search_term_string\"}}],\"inLanguage\":\"fr-FR\"},{\"@type\":\"Organization\",\"@id\":\"https:\/\/zewo.ch\/fr\/#organization\",\"name\":\"Stiftung Zewo\",\"url\":\"https:\/\/zewo.ch\/fr\/\",\"logo\":{\"@type\":\"ImageObject\",\"inLanguage\":\"fr-FR\",\"@id\":\"https:\/\/zewo.ch\/fr\/#\/schema\/logo\/image\/\",\"url\":\"https:\/\/zewo.ch\/wp-content\/uploads\/2019\/08\/Zewo_Logo_Claim_D.svg\",\"contentUrl\":\"https:\/\/zewo.ch\/wp-content\/uploads\/2019\/08\/Zewo_Logo_Claim_D.svg\",\"width\":1,\"height\":1,\"caption\":\"Stiftung Zewo\"},\"image\":{\"@id\":\"https:\/\/zewo.ch\/fr\/#\/schema\/logo\/image\/\"},\"sameAs\":[\"https:\/\/www.facebook.com\/Stiftung.ZEWO\/\",\"https:\/\/x.com\/stiftung_zewo\",\"https:\/\/www.linkedin.com\/company\/stiftung-zewo\",\"https:\/\/www.youtube.com\/channel\/UCzjsVJro12OXcvvx1LQP8tw\",\"https:\/\/de.wikipedia.org\/wiki\/Zewo\"]}]}<\/script>\n<!-- \/ Yoast SEO Premium plugin. -->","yoast_head_json":{"title":"Zewo","description":"Swisscom Directories AG offre aux institutions \u00e0 but non lucratif portant le label de qualit\u00e9 Zewo une r\u00e9duction sur le produit Multisource BASIC.","robots":{"index":"index","follow":"follow","max-snippet":"max-snippet:-1","max-image-preview":"max-image-preview:large","max-video-preview":"max-video-preview:-1"},"canonical":"https:\/\/zewo.ch\/fr\/swisscom-directories\/","og_locale":"fr_FR","og_type":"article","og_description":"Swisscom Directories AG offre aux institutions \u00e0 but non lucratif portant le label de qualit\u00e9 Zewo une r\u00e9duction sur le produit Multisource BASIC.","og_url":"https:\/\/zewo.ch\/fr\/swisscom-directories\/","og_site_name":"Zewo","article_publisher":"https:\/\/www.facebook.com\/Stiftung.ZEWO\/","article_modified_time":"2025-06-23T06:51:52+00:00","og_image":[{"url":"https:\/\/zewo.ch\/wp-content\/uploads\/2025\/06\/multisourcepng-1.png","type":"","width":"","height":""}],"twitter_card":"summary_large_image","twitter_site":"@stiftung_zewo","twitter_misc":{"Dur\u00e9e de lecture estim\u00e9e":"1 minute"},"schema":{"@context":"https:\/\/schema.org","@graph":[{"@type":"WebPage","@id":"https:\/\/zewo.ch\/fr\/swisscom-directories\/#webpage","url":"https:\/\/zewo.ch\/fr\/swisscom-directories\/#webpage","name":"","isPartOf":{"@id":"https:\/\/zewo.ch\/fr\/#website"},"primaryImageOfPage":{"@id":"https:\/\/zewo.ch\/fr\/swisscom-directories\/#primaryimage"},"image":{"@id":"https:\/\/zewo.ch\/fr\/swisscom-directories\/#primaryimage"},"thumbnailUrl":"https:\/\/zewo.ch\/wp-content\/uploads\/2025\/06\/multisourcepng-1.png","datePublished":"2019-08-09T07:22:41+00:00","dateModified":"2025-06-23T06:51:52+00:00","description":"Swisscom Directories AG offre aux institutions \u00e0 but non lucratif portant le label de qualit\u00e9 Zewo une r\u00e9duction sur le produit Multisource BASIC.","breadcrumb":{"@id":"https:\/\/zewo.ch\/fr\/swisscom-directories\/#breadcrumb"},"inLanguage":"fr-FR","potentialAction":[{"@type":"ReadAction","target":["https:\/\/zewo.ch\/fr\/swisscom-directories\/"]}]},{"@type":"ImageObject","inLanguage":"fr-FR","@id":"https:\/\/zewo.ch\/fr\/swisscom-directories\/#primaryimage","url":"https:\/\/zewo.ch\/wp-content\/uploads\/2025\/06\/multisourcepng-1.png","contentUrl":"https:\/\/zewo.ch\/wp-content\/uploads\/2025\/06\/multisourcepng-1.png"},{"@type":"BreadcrumbList","@id":"https:\/\/zewo.ch\/fr\/swisscom-directories\/#breadcrumb","itemListElement":[{"@type":"ListItem","position":1,"name":"Home","item":"https:\/\/zewo.ch\/fr\/"},{"@type":"ListItem","position":2,"name":"Swisscom Directories AG"}]},{"@type":"WebSite","@id":"https:\/\/zewo.ch\/fr\/#website","url":"https:\/\/zewo.ch\/fr\/","name":"Zewo","description":"Votre don en bonnes mains.","publisher":{"@id":"https:\/\/zewo.ch\/fr\/#organization"},"potentialAction":[{"@type":"SearchAction","target":{"@type":"EntryPoint","urlTemplate":"https:\/\/zewo.ch\/fr\/?s={search_term_string}"},"query-input":{"@type":"PropertyValueSpecification","valueRequired":true,"valueName":"search_term_string"}}],"inLanguage":"fr-FR"},{"@type":"Organization","@id":"https:\/\/zewo.ch\/fr\/#organization","name":"Stiftung Zewo","url":"https:\/\/zewo.ch\/fr\/","logo":{"@type":"ImageObject","inLanguage":"fr-FR","@id":"https:\/\/zewo.ch\/fr\/#\/schema\/logo\/image\/","url":"https:\/\/zewo.ch\/wp-content\/uploads\/2019\/08\/Zewo_Logo_Claim_D.svg","contentUrl":"https:\/\/zewo.ch\/wp-content\/uploads\/2019\/08\/Zewo_Logo_Claim_D.svg","width":1,"height":1,"caption":"Stiftung Zewo"},"image":{"@id":"https:\/\/zewo.ch\/fr\/#\/schema\/logo\/image\/"},"sameAs":["https:\/\/www.facebook.com\/Stiftung.ZEWO\/","https:\/\/x.com\/stiftung_zewo","https:\/\/www.linkedin.com\/company\/stiftung-zewo","https:\/\/www.youtube.com\/channel\/UCzjsVJro12OXcvvx1LQP8tw","https:\/\/de.wikipedia.org\/wiki\/Zewo"]}]}},"publishpress_future_action":{"enabled":false,"date":"2026-04-23 14:20:33","action":"change-status","newStatus":"draft","terms":[],"taxonomy":"translation_priority","extraData":[]},"publishpress_future_workflow_manual_trigger":{"enabledWorkflows":[]},"_links":{"self":[{"href":"https:\/\/zewo.ch\/fr\/wp-json\/wp\/v2\/pages\/499627","targetHints":{"allow":["GET"]}}],"collection":[{"href":"https:\/\/zewo.ch\/fr\/wp-json\/wp\/v2\/pages"}],"about":[{"href":"https:\/\/zewo.ch\/fr\/wp-json\/wp\/v2\/types\/page"}],"author":[{"embeddable":true,"href":"https:\/\/zewo.ch\/fr\/wp-json\/wp\/v2\/users\/38"}],"replies":[{"embeddable":true,"href":"https:\/\/zewo.ch\/fr\/wp-json\/wp\/v2\/comments?post=499627"}],"version-history":[{"count":15,"href":"https:\/\/zewo.ch\/fr\/wp-json\/wp\/v2\/pages\/499627\/revisions"}],"predecessor-version":[{"id":5929198,"href":"https:\/\/zewo.ch\/fr\/wp-json\/wp\/v2\/pages\/499627\/revisions\/5929198"}],"wp:attachment":[{"href":"https:\/\/zewo.ch\/fr\/wp-json\/wp\/v2\/media?parent=499627"}],"wp:term":[{"taxonomy":"folder","embeddable":true,"href":"https:\/\/zewo.ch\/fr\/wp-json\/wp\/v2\/folder?post=499627"}],"curies":[{"name":"wp","href":"https:\/\/api.w.org\/{rel}","templated":true}]}}