{"id":499623,"date":"2019-08-09T09:14:26","date_gmt":"2019-08-09T07:14:26","guid":{"rendered":"https:\/\/www.zewo.ch\/?page_id=499623"},"modified":"2022-03-21T15:51:39","modified_gmt":"2022-03-21T14:51:39","slug":"radio-srf-1-et-radio-srf-musikwelle","status":"publish","type":"page","link":"https:\/\/zewo.ch\/fr\/radio-srf-1-et-radio-srf-musikwelle\/","title":{"rendered":"Radio SRF 1 et Radio SRF Musikwelle"},"content":{"rendered":"\n<h2 class=\"wp-block-heading\" id=\"h-offre-pour-les-obnl-titulaires-du-label-de-qualit-zewo\">Offre pour les OBNL titulaires du label de qualit\u00e9 Zewo<\/h2>\n\n\n\n<figure class=\"wp-block-image is-resized\"><img loading=\"lazy\" decoding=\"async\" src=\"https:\/\/zewo.ch\/wp-content\/uploads\/2019\/05\/Schweizer_Radio_und_Fernsehen_Logo.svg_-1024x279.png\" alt=\"SRF Logo transparent\" class=\"wp-image-129938\" width=\"512\" height=\"140\" srcset=\"https:\/\/zewo.ch\/wp-content\/uploads\/2019\/05\/Schweizer_Radio_und_Fernsehen_Logo.svg_-1024x279.png 1024w, https:\/\/zewo.ch\/wp-content\/uploads\/2019\/05\/Schweizer_Radio_und_Fernsehen_Logo.svg_-300x82.png 300w, https:\/\/zewo.ch\/wp-content\/uploads\/2019\/05\/Schweizer_Radio_und_Fernsehen_Logo.svg_-768x209.png 768w, https:\/\/zewo.ch\/wp-content\/uploads\/2019\/05\/Schweizer_Radio_und_Fernsehen_Logo.svg_.png 2000w\" sizes=\"auto, (min-width: 960px) 75vw, 100vw\" \/><\/figure>\n\n\n\n<p>Radio SRF 1 et Radio SRF Musikwelle soutient les campagnes nationales des organisations titulaires du label de qualit\u00e9 Zewo. L\u2019offre se compose de la production d\u2019un trailer avec citation intro ou outro du nom de l\u2019organisation et diffusion gratuite. Les titulaires du label de qualit\u00e9 n\u2019ont \u00e0 payer que les co\u00fbts de production. Radio SRF 1 prend en charge la structure r\u00e9dactionnelle du spot. <\/p>\n\n\n\n<h2 class=\"wp-block-heading\" id=\"h-contact\">Contact<\/h2>\n\n\n\n<p><strong>SRF Schweizer Radio und Fernsehen<\/strong><br>Karin Lehmann-Fassbind<br>Fernsehstrasse 1-4<br>8052 Zurich<br>T\u00e9l. 058 135 12 93<br><a href=\"mailto:karin.lehmann-fassbind@srf.ch\">karin.lehmann-fassbind@srf.ch<\/a><br><a aria-label=\" (\u00f6ffnet in neuem Tab)\" rel=\"noreferrer noopener\" href=\"http:\/\/www.srf.ch\" target=\"_blank\">www.srf.ch<\/a><\/p>\n\n\n\n<div class=\"wp-block-cgb-block-zewo-block-button ab-block-button\"><a href=\"https:\/\/zewo.ch\/fr\/avantages-pour-les-organisations-titulaires-du-label-de-qualite-zewo\/\" class=\"button primary\"><span class=\"button-arrow\"><\/span>Retour \u00e0 l&rsquo;aper\u00e7u<\/a><\/div>\n","protected":false},"excerpt":{"rendered":"<p>Offre pour les OBNL titulaires du label de qualit\u00e9 Zewo Radio SRF 1 et Radio SRF Musikwelle soutient les campagnes nationales des organisations titulaires du label de qualit\u00e9 Zewo. L\u2019offre se compose de la production d\u2019un trailer avec citation intro ou outro du nom de l\u2019organisation et diffusion gratuite. Les titulaires du label de qualit\u00e9 [&hellip;]<\/p>\n","protected":false},"author":38,"featured_media":0,"parent":0,"menu_order":286,"comment_status":"closed","ping_status":"closed","template":"","meta":{"_acf_changed":false,"footnotes":""},"folder":[6643],"class_list":["post-499623","page","type-page","status-publish","hentry"],"acf":[],"yoast_head":"<!-- This site is optimized with the Yoast SEO Premium plugin v26.0 (Yoast SEO v26.0) - https:\/\/yoast.com\/wordpress\/plugins\/seo\/ -->\n<title>Zewo<\/title>\n<meta name=\"description\" content=\"Radio SRF 1 et Radio SRF Musikwelle soutient les campagnes nationalesdes organisations titulaires du label de qualit\u00e9 Zewo.\" \/>\n<meta name=\"robots\" content=\"index, follow, max-snippet:-1, max-image-preview:large, max-video-preview:-1\" \/>\n<link rel=\"canonical\" href=\"https:\/\/zewo.ch\/fr\/radio-srf-1-et-radio-srf-musikwelle\/\" \/>\n<meta property=\"og:locale\" content=\"fr_FR\" \/>\n<meta property=\"og:type\" content=\"article\" \/>\n<meta property=\"og:description\" content=\"Radio SRF 1 et Radio SRF Musikwelle soutient les campagnes nationalesdes organisations titulaires du label de qualit\u00e9 Zewo.\" \/>\n<meta property=\"og:url\" content=\"https:\/\/zewo.ch\/fr\/radio-srf-1-et-radio-srf-musikwelle\/\" \/>\n<meta property=\"og:site_name\" content=\"Zewo\" \/>\n<meta property=\"article:publisher\" content=\"https:\/\/www.facebook.com\/Stiftung.ZEWO\/\" \/>\n<meta property=\"article:modified_time\" content=\"2022-03-21T14:51:39+00:00\" \/>\n<meta property=\"og:image\" content=\"https:\/\/zewo.ch\/wp-content\/uploads\/2019\/05\/Schweizer_Radio_und_Fernsehen_Logo.svg_-1024x279.png\" \/>\n<meta name=\"twitter:card\" content=\"summary_large_image\" \/>\n<meta name=\"twitter:site\" content=\"@stiftung_zewo\" \/>\n<meta name=\"twitter:label1\" content=\"Dur\u00e9e de lecture estim\u00e9e\" \/>\n\t<meta name=\"twitter:data1\" content=\"1 minute\" \/>\n<script type=\"application\/ld+json\" class=\"yoast-schema-graph\">{\"@context\":\"https:\/\/schema.org\",\"@graph\":[{\"@type\":\"WebPage\",\"@id\":\"https:\/\/zewo.ch\/fr\/radio-srf-1-et-radio-srf-musikwelle\/#webpage\",\"url\":\"https:\/\/zewo.ch\/fr\/radio-srf-1-et-radio-srf-musikwelle\/#webpage\",\"name\":\"\",\"isPartOf\":{\"@id\":\"https:\/\/zewo.ch\/fr\/#website\"},\"primaryImageOfPage\":{\"@id\":\"https:\/\/zewo.ch\/fr\/radio-srf-1-et-radio-srf-musikwelle\/#primaryimage\"},\"image\":{\"@id\":\"https:\/\/zewo.ch\/fr\/radio-srf-1-et-radio-srf-musikwelle\/#primaryimage\"},\"thumbnailUrl\":\"https:\/\/zewo.ch\/wp-content\/uploads\/2019\/05\/Schweizer_Radio_und_Fernsehen_Logo.svg_-1024x279.png\",\"datePublished\":\"2019-08-09T07:14:26+00:00\",\"dateModified\":\"2022-03-21T14:51:39+00:00\",\"description\":\"Radio SRF 1 et Radio SRF Musikwelle soutient les campagnes nationalesdes organisations titulaires du label de qualit\u00e9 Zewo.\",\"breadcrumb\":{\"@id\":\"https:\/\/zewo.ch\/fr\/radio-srf-1-et-radio-srf-musikwelle\/#breadcrumb\"},\"inLanguage\":\"fr-FR\",\"potentialAction\":[{\"@type\":\"ReadAction\",\"target\":[\"https:\/\/zewo.ch\/fr\/radio-srf-1-et-radio-srf-musikwelle\/\"]}]},{\"@type\":\"ImageObject\",\"inLanguage\":\"fr-FR\",\"@id\":\"https:\/\/zewo.ch\/fr\/radio-srf-1-et-radio-srf-musikwelle\/#primaryimage\",\"url\":\"https:\/\/zewo.ch\/wp-content\/uploads\/2019\/05\/Schweizer_Radio_und_Fernsehen_Logo.svg_-1024x279.png\",\"contentUrl\":\"https:\/\/zewo.ch\/wp-content\/uploads\/2019\/05\/Schweizer_Radio_und_Fernsehen_Logo.svg_-1024x279.png\"},{\"@type\":\"BreadcrumbList\",\"@id\":\"https:\/\/zewo.ch\/fr\/radio-srf-1-et-radio-srf-musikwelle\/#breadcrumb\",\"itemListElement\":[{\"@type\":\"ListItem\",\"position\":1,\"name\":\"Home\",\"item\":\"https:\/\/zewo.ch\/fr\/\"},{\"@type\":\"ListItem\",\"position\":2,\"name\":\"Radio SRF 1 et Radio SRF Musikwelle\"}]},{\"@type\":\"WebSite\",\"@id\":\"https:\/\/zewo.ch\/fr\/#website\",\"url\":\"https:\/\/zewo.ch\/fr\/\",\"name\":\"Zewo\",\"description\":\"Votre don en bonnes mains.\",\"publisher\":{\"@id\":\"https:\/\/zewo.ch\/fr\/#organization\"},\"potentialAction\":[{\"@type\":\"SearchAction\",\"target\":{\"@type\":\"EntryPoint\",\"urlTemplate\":\"https:\/\/zewo.ch\/fr\/?s={search_term_string}\"},\"query-input\":{\"@type\":\"PropertyValueSpecification\",\"valueRequired\":true,\"valueName\":\"search_term_string\"}}],\"inLanguage\":\"fr-FR\"},{\"@type\":\"Organization\",\"@id\":\"https:\/\/zewo.ch\/fr\/#organization\",\"name\":\"Stiftung Zewo\",\"url\":\"https:\/\/zewo.ch\/fr\/\",\"logo\":{\"@type\":\"ImageObject\",\"inLanguage\":\"fr-FR\",\"@id\":\"https:\/\/zewo.ch\/fr\/#\/schema\/logo\/image\/\",\"url\":\"https:\/\/zewo.ch\/wp-content\/uploads\/2019\/08\/Zewo_Logo_Claim_D.svg\",\"contentUrl\":\"https:\/\/zewo.ch\/wp-content\/uploads\/2019\/08\/Zewo_Logo_Claim_D.svg\",\"width\":1,\"height\":1,\"caption\":\"Stiftung Zewo\"},\"image\":{\"@id\":\"https:\/\/zewo.ch\/fr\/#\/schema\/logo\/image\/\"},\"sameAs\":[\"https:\/\/www.facebook.com\/Stiftung.ZEWO\/\",\"https:\/\/x.com\/stiftung_zewo\",\"https:\/\/www.linkedin.com\/company\/stiftung-zewo\",\"https:\/\/www.youtube.com\/channel\/UCzjsVJro12OXcvvx1LQP8tw\",\"https:\/\/de.wikipedia.org\/wiki\/Zewo\"]}]}<\/script>\n<!-- \/ Yoast SEO Premium plugin. -->","yoast_head_json":{"title":"Zewo","description":"Radio SRF 1 et Radio SRF Musikwelle soutient les campagnes nationalesdes organisations titulaires du label de qualit\u00e9 Zewo.","robots":{"index":"index","follow":"follow","max-snippet":"max-snippet:-1","max-image-preview":"max-image-preview:large","max-video-preview":"max-video-preview:-1"},"canonical":"https:\/\/zewo.ch\/fr\/radio-srf-1-et-radio-srf-musikwelle\/","og_locale":"fr_FR","og_type":"article","og_description":"Radio SRF 1 et Radio SRF Musikwelle soutient les campagnes nationalesdes organisations titulaires du label de qualit\u00e9 Zewo.","og_url":"https:\/\/zewo.ch\/fr\/radio-srf-1-et-radio-srf-musikwelle\/","og_site_name":"Zewo","article_publisher":"https:\/\/www.facebook.com\/Stiftung.ZEWO\/","article_modified_time":"2022-03-21T14:51:39+00:00","og_image":[{"url":"https:\/\/zewo.ch\/wp-content\/uploads\/2019\/05\/Schweizer_Radio_und_Fernsehen_Logo.svg_-1024x279.png","type":"","width":"","height":""}],"twitter_card":"summary_large_image","twitter_site":"@stiftung_zewo","twitter_misc":{"Dur\u00e9e de lecture estim\u00e9e":"1 minute"},"schema":{"@context":"https:\/\/schema.org","@graph":[{"@type":"WebPage","@id":"https:\/\/zewo.ch\/fr\/radio-srf-1-et-radio-srf-musikwelle\/#webpage","url":"https:\/\/zewo.ch\/fr\/radio-srf-1-et-radio-srf-musikwelle\/#webpage","name":"","isPartOf":{"@id":"https:\/\/zewo.ch\/fr\/#website"},"primaryImageOfPage":{"@id":"https:\/\/zewo.ch\/fr\/radio-srf-1-et-radio-srf-musikwelle\/#primaryimage"},"image":{"@id":"https:\/\/zewo.ch\/fr\/radio-srf-1-et-radio-srf-musikwelle\/#primaryimage"},"thumbnailUrl":"https:\/\/zewo.ch\/wp-content\/uploads\/2019\/05\/Schweizer_Radio_und_Fernsehen_Logo.svg_-1024x279.png","datePublished":"2019-08-09T07:14:26+00:00","dateModified":"2022-03-21T14:51:39+00:00","description":"Radio SRF 1 et Radio SRF Musikwelle soutient les campagnes nationalesdes organisations titulaires du label de qualit\u00e9 Zewo.","breadcrumb":{"@id":"https:\/\/zewo.ch\/fr\/radio-srf-1-et-radio-srf-musikwelle\/#breadcrumb"},"inLanguage":"fr-FR","potentialAction":[{"@type":"ReadAction","target":["https:\/\/zewo.ch\/fr\/radio-srf-1-et-radio-srf-musikwelle\/"]}]},{"@type":"ImageObject","inLanguage":"fr-FR","@id":"https:\/\/zewo.ch\/fr\/radio-srf-1-et-radio-srf-musikwelle\/#primaryimage","url":"https:\/\/zewo.ch\/wp-content\/uploads\/2019\/05\/Schweizer_Radio_und_Fernsehen_Logo.svg_-1024x279.png","contentUrl":"https:\/\/zewo.ch\/wp-content\/uploads\/2019\/05\/Schweizer_Radio_und_Fernsehen_Logo.svg_-1024x279.png"},{"@type":"BreadcrumbList","@id":"https:\/\/zewo.ch\/fr\/radio-srf-1-et-radio-srf-musikwelle\/#breadcrumb","itemListElement":[{"@type":"ListItem","position":1,"name":"Home","item":"https:\/\/zewo.ch\/fr\/"},{"@type":"ListItem","position":2,"name":"Radio SRF 1 et Radio SRF Musikwelle"}]},{"@type":"WebSite","@id":"https:\/\/zewo.ch\/fr\/#website","url":"https:\/\/zewo.ch\/fr\/","name":"Zewo","description":"Votre don en bonnes mains.","publisher":{"@id":"https:\/\/zewo.ch\/fr\/#organization"},"potentialAction":[{"@type":"SearchAction","target":{"@type":"EntryPoint","urlTemplate":"https:\/\/zewo.ch\/fr\/?s={search_term_string}"},"query-input":{"@type":"PropertyValueSpecification","valueRequired":true,"valueName":"search_term_string"}}],"inLanguage":"fr-FR"},{"@type":"Organization","@id":"https:\/\/zewo.ch\/fr\/#organization","name":"Stiftung Zewo","url":"https:\/\/zewo.ch\/fr\/","logo":{"@type":"ImageObject","inLanguage":"fr-FR","@id":"https:\/\/zewo.ch\/fr\/#\/schema\/logo\/image\/","url":"https:\/\/zewo.ch\/wp-content\/uploads\/2019\/08\/Zewo_Logo_Claim_D.svg","contentUrl":"https:\/\/zewo.ch\/wp-content\/uploads\/2019\/08\/Zewo_Logo_Claim_D.svg","width":1,"height":1,"caption":"Stiftung Zewo"},"image":{"@id":"https:\/\/zewo.ch\/fr\/#\/schema\/logo\/image\/"},"sameAs":["https:\/\/www.facebook.com\/Stiftung.ZEWO\/","https:\/\/x.com\/stiftung_zewo","https:\/\/www.linkedin.com\/company\/stiftung-zewo","https:\/\/www.youtube.com\/channel\/UCzjsVJro12OXcvvx1LQP8tw","https:\/\/de.wikipedia.org\/wiki\/Zewo"]}]}},"publishpress_future_action":{"enabled":false,"date":"2026-04-25 16:37:09","action":"change-status","newStatus":"draft","terms":[],"taxonomy":"translation_priority","extraData":[]},"publishpress_future_workflow_manual_trigger":{"enabledWorkflows":[]},"_links":{"self":[{"href":"https:\/\/zewo.ch\/fr\/wp-json\/wp\/v2\/pages\/499623","targetHints":{"allow":["GET"]}}],"collection":[{"href":"https:\/\/zewo.ch\/fr\/wp-json\/wp\/v2\/pages"}],"about":[{"href":"https:\/\/zewo.ch\/fr\/wp-json\/wp\/v2\/types\/page"}],"author":[{"embeddable":true,"href":"https:\/\/zewo.ch\/fr\/wp-json\/wp\/v2\/users\/38"}],"replies":[{"embeddable":true,"href":"https:\/\/zewo.ch\/fr\/wp-json\/wp\/v2\/comments?post=499623"}],"version-history":[{"count":5,"href":"https:\/\/zewo.ch\/fr\/wp-json\/wp\/v2\/pages\/499623\/revisions"}],"predecessor-version":[{"id":5787521,"href":"https:\/\/zewo.ch\/fr\/wp-json\/wp\/v2\/pages\/499623\/revisions\/5787521"}],"wp:attachment":[{"href":"https:\/\/zewo.ch\/fr\/wp-json\/wp\/v2\/media?parent=499623"}],"wp:term":[{"taxonomy":"folder","embeddable":true,"href":"https:\/\/zewo.ch\/fr\/wp-json\/wp\/v2\/folder?post=499623"}],"curies":[{"name":"wp","href":"https:\/\/api.w.org\/{rel}","templated":true}]}}