{"id":499603,"date":"2019-08-09T08:48:07","date_gmt":"2019-08-09T06:48:07","guid":{"rendered":"https:\/\/www.zewo.ch\/?page_id=499603"},"modified":"2024-03-26T13:58:20","modified_gmt":"2024-03-26T12:58:20","slug":"la-poste-suisse-promopost","status":"publish","type":"page","link":"https:\/\/zewo.ch\/fr\/la-poste-suisse-promopost\/","title":{"rendered":"La Poste Suisse \u2013 PromoPost"},"content":{"rendered":"\n<h2 class=\"wp-block-heading\" id=\"h-offre-speciale-pour-les-obnl-titulaires-du-label-de-qualite-zewo\">Offre sp\u00e9ciale pour les OBNL titulaires du label de qualit\u00e9 Zewo<\/h2>\n\n\n\n<figure class=\"wp-block-image is-resized\"><img loading=\"lazy\" decoding=\"async\" width=\"1024\" height=\"372\" src=\"https:\/\/zewo.ch\/wp-content\/uploads\/2019\/05\/showimage-1-1024x372.png\" alt=\"Die Schweizerische Post Logo\" class=\"wp-image-123998\" style=\"width:398px;height:auto\" srcset=\"https:\/\/zewo.ch\/wp-content\/uploads\/2019\/05\/showimage-1-1024x372.png 1024w, https:\/\/zewo.ch\/wp-content\/uploads\/2019\/05\/showimage-1-300x109.png 300w, https:\/\/zewo.ch\/wp-content\/uploads\/2019\/05\/showimage-1-768x279.png 768w, https:\/\/zewo.ch\/wp-content\/uploads\/2019\/05\/showimage-1.png 2000w\" sizes=\"auto, (min-width: 960px) 75vw, 100vw\" \/><\/figure>\n\n\n\n<p>Les organisations titulaires du label de qualit\u00e9 Zewo ont la possibilit\u00e9 de faire d\u00e9poser leurs envois non adress\u00e9s par PromoPost <strong>dans toutes les bo\u00eetes aux lettres <\/strong>(avec ou sans autocollant Stop Publicit\u00e9). Lors de collectes de dons, elles peuvent ainsi contacter les m\u00e9nages recevant peu de publicit\u00e9s. <\/p>\n\n\n\n<p>Sont exclues de cette possibilit\u00e9 les envois avec des contenus commerciaux (offres de boutique par exemple). <\/p>\n\n\n\n<h2 class=\"wp-block-heading\" id=\"h-contact\">Contact<\/h2>\n\n\n\n<p><strong>La Poste Suisse<\/strong><br>Num\u00e9ro de service T\u00e9l. 058 667 85 91<br><a href=\"mailto:promopost@post.ch\">promopost@post.ch<\/a><br><a aria-label=\" (\u00f6ffnet in neuem Tab)\" rel=\"noreferrer noopener\" href=\"https:\/\/www.post.ch\/fr\/expedier-des-lettres\/flyer\/promopost?shortcut=promopost\" target=\"_blank\">www.post.ch\/promopost<\/a><\/p>\n\n\n\n<div class=\"wp-block-cgb-block-zewo-block-button ab-block-button\"><a href=\"https:\/\/zewo.ch\/fr\/avantages-pour-les-organisations-titulaires-du-label-de-qualite-zewo\/\" class=\"button primary\"><span class=\"button-arrow\"><\/span>Retour \u00e0 l&rsquo;aper\u00e7u<\/a><\/div>\n","protected":false},"excerpt":{"rendered":"<p>Offre sp\u00e9ciale pour les OBNL titulaires du label de qualit\u00e9 Zewo Les organisations titulaires du label de qualit\u00e9 Zewo ont la possibilit\u00e9 de faire d\u00e9poser leurs envois non adress\u00e9s par PromoPost dans toutes les bo\u00eetes aux lettres (avec ou sans autocollant Stop Publicit\u00e9). Lors de collectes de dons, elles peuvent ainsi contacter les m\u00e9nages recevant [&hellip;]<\/p>\n","protected":false},"author":38,"featured_media":0,"parent":0,"menu_order":273,"comment_status":"closed","ping_status":"closed","template":"","meta":{"_acf_changed":false,"footnotes":""},"folder":[6643],"class_list":["post-499603","page","type-page","status-publish","hentry"],"acf":[],"yoast_head":"<!-- This site is optimized with the Yoast SEO Premium plugin v26.0 (Yoast SEO v26.0) - https:\/\/yoast.com\/wordpress\/plugins\/seo\/ -->\n<title>Zewo<\/title>\n<meta name=\"description\" content=\"Les organisations titulaires du label de qualit\u00e9 Zewo ont la possibilit\u00e9 de faire d\u00e9poser leurs envois dans toutes les bo\u00eetes aux lettres.\" \/>\n<meta name=\"robots\" content=\"index, follow, max-snippet:-1, max-image-preview:large, max-video-preview:-1\" \/>\n<link rel=\"canonical\" href=\"https:\/\/zewo.ch\/fr\/la-poste-suisse-promopost\/\" \/>\n<meta property=\"og:locale\" content=\"fr_FR\" \/>\n<meta property=\"og:type\" content=\"article\" \/>\n<meta property=\"og:description\" content=\"Les organisations titulaires du label de qualit\u00e9 Zewo ont la possibilit\u00e9 de faire d\u00e9poser leurs envois dans toutes les bo\u00eetes aux lettres.\" \/>\n<meta property=\"og:url\" content=\"https:\/\/zewo.ch\/fr\/la-poste-suisse-promopost\/\" \/>\n<meta property=\"og:site_name\" content=\"Zewo\" \/>\n<meta property=\"article:publisher\" content=\"https:\/\/www.facebook.com\/Stiftung.ZEWO\/\" \/>\n<meta property=\"article:modified_time\" content=\"2024-03-26T12:58:20+00:00\" \/>\n<meta property=\"og:image\" content=\"https:\/\/zewo.ch\/wp-content\/uploads\/2019\/05\/showimage-1-1024x372.png\" \/>\n<meta name=\"twitter:card\" content=\"summary_large_image\" \/>\n<meta name=\"twitter:site\" content=\"@stiftung_zewo\" \/>\n<meta name=\"twitter:label1\" content=\"Dur\u00e9e de lecture estim\u00e9e\" \/>\n\t<meta name=\"twitter:data1\" content=\"1 minute\" \/>\n<script type=\"application\/ld+json\" class=\"yoast-schema-graph\">{\"@context\":\"https:\/\/schema.org\",\"@graph\":[{\"@type\":\"WebPage\",\"@id\":\"https:\/\/zewo.ch\/fr\/la-poste-suisse-promopost\/#webpage\",\"url\":\"https:\/\/zewo.ch\/fr\/la-poste-suisse-promopost\/#webpage\",\"name\":\"\",\"isPartOf\":{\"@id\":\"https:\/\/zewo.ch\/fr\/#website\"},\"primaryImageOfPage\":{\"@id\":\"https:\/\/zewo.ch\/fr\/la-poste-suisse-promopost\/#primaryimage\"},\"image\":{\"@id\":\"https:\/\/zewo.ch\/fr\/la-poste-suisse-promopost\/#primaryimage\"},\"thumbnailUrl\":\"https:\/\/zewo.ch\/wp-content\/uploads\/2019\/05\/showimage-1-1024x372.png\",\"datePublished\":\"2019-08-09T06:48:07+00:00\",\"dateModified\":\"2024-03-26T12:58:20+00:00\",\"description\":\"Les organisations titulaires du label de qualit\u00e9 Zewo ont la possibilit\u00e9 de faire d\u00e9poser leurs envois dans toutes les bo\u00eetes aux lettres.\",\"breadcrumb\":{\"@id\":\"https:\/\/zewo.ch\/fr\/la-poste-suisse-promopost\/#breadcrumb\"},\"inLanguage\":\"fr-FR\",\"potentialAction\":[{\"@type\":\"ReadAction\",\"target\":[\"https:\/\/zewo.ch\/fr\/la-poste-suisse-promopost\/\"]}]},{\"@type\":\"ImageObject\",\"inLanguage\":\"fr-FR\",\"@id\":\"https:\/\/zewo.ch\/fr\/la-poste-suisse-promopost\/#primaryimage\",\"url\":\"https:\/\/zewo.ch\/wp-content\/uploads\/2019\/05\/showimage-1-1024x372.png\",\"contentUrl\":\"https:\/\/zewo.ch\/wp-content\/uploads\/2019\/05\/showimage-1-1024x372.png\"},{\"@type\":\"BreadcrumbList\",\"@id\":\"https:\/\/zewo.ch\/fr\/la-poste-suisse-promopost\/#breadcrumb\",\"itemListElement\":[{\"@type\":\"ListItem\",\"position\":1,\"name\":\"Home\",\"item\":\"https:\/\/zewo.ch\/fr\/\"},{\"@type\":\"ListItem\",\"position\":2,\"name\":\"La Poste Suisse \u2013 PromoPost\"}]},{\"@type\":\"WebSite\",\"@id\":\"https:\/\/zewo.ch\/fr\/#website\",\"url\":\"https:\/\/zewo.ch\/fr\/\",\"name\":\"Zewo\",\"description\":\"Votre don en bonnes mains.\",\"publisher\":{\"@id\":\"https:\/\/zewo.ch\/fr\/#organization\"},\"potentialAction\":[{\"@type\":\"SearchAction\",\"target\":{\"@type\":\"EntryPoint\",\"urlTemplate\":\"https:\/\/zewo.ch\/fr\/?s={search_term_string}\"},\"query-input\":{\"@type\":\"PropertyValueSpecification\",\"valueRequired\":true,\"valueName\":\"search_term_string\"}}],\"inLanguage\":\"fr-FR\"},{\"@type\":\"Organization\",\"@id\":\"https:\/\/zewo.ch\/fr\/#organization\",\"name\":\"Stiftung Zewo\",\"url\":\"https:\/\/zewo.ch\/fr\/\",\"logo\":{\"@type\":\"ImageObject\",\"inLanguage\":\"fr-FR\",\"@id\":\"https:\/\/zewo.ch\/fr\/#\/schema\/logo\/image\/\",\"url\":\"https:\/\/zewo.ch\/wp-content\/uploads\/2019\/08\/Zewo_Logo_Claim_D.svg\",\"contentUrl\":\"https:\/\/zewo.ch\/wp-content\/uploads\/2019\/08\/Zewo_Logo_Claim_D.svg\",\"width\":1,\"height\":1,\"caption\":\"Stiftung Zewo\"},\"image\":{\"@id\":\"https:\/\/zewo.ch\/fr\/#\/schema\/logo\/image\/\"},\"sameAs\":[\"https:\/\/www.facebook.com\/Stiftung.ZEWO\/\",\"https:\/\/x.com\/stiftung_zewo\",\"https:\/\/www.linkedin.com\/company\/stiftung-zewo\",\"https:\/\/www.youtube.com\/channel\/UCzjsVJro12OXcvvx1LQP8tw\",\"https:\/\/de.wikipedia.org\/wiki\/Zewo\"]}]}<\/script>\n<!-- \/ Yoast SEO Premium plugin. -->","yoast_head_json":{"title":"Zewo","description":"Les organisations titulaires du label de qualit\u00e9 Zewo ont la possibilit\u00e9 de faire d\u00e9poser leurs envois dans toutes les bo\u00eetes aux lettres.","robots":{"index":"index","follow":"follow","max-snippet":"max-snippet:-1","max-image-preview":"max-image-preview:large","max-video-preview":"max-video-preview:-1"},"canonical":"https:\/\/zewo.ch\/fr\/la-poste-suisse-promopost\/","og_locale":"fr_FR","og_type":"article","og_description":"Les organisations titulaires du label de qualit\u00e9 Zewo ont la possibilit\u00e9 de faire d\u00e9poser leurs envois dans toutes les bo\u00eetes aux lettres.","og_url":"https:\/\/zewo.ch\/fr\/la-poste-suisse-promopost\/","og_site_name":"Zewo","article_publisher":"https:\/\/www.facebook.com\/Stiftung.ZEWO\/","article_modified_time":"2024-03-26T12:58:20+00:00","og_image":[{"url":"https:\/\/zewo.ch\/wp-content\/uploads\/2019\/05\/showimage-1-1024x372.png","type":"","width":"","height":""}],"twitter_card":"summary_large_image","twitter_site":"@stiftung_zewo","twitter_misc":{"Dur\u00e9e de lecture estim\u00e9e":"1 minute"},"schema":{"@context":"https:\/\/schema.org","@graph":[{"@type":"WebPage","@id":"https:\/\/zewo.ch\/fr\/la-poste-suisse-promopost\/#webpage","url":"https:\/\/zewo.ch\/fr\/la-poste-suisse-promopost\/#webpage","name":"","isPartOf":{"@id":"https:\/\/zewo.ch\/fr\/#website"},"primaryImageOfPage":{"@id":"https:\/\/zewo.ch\/fr\/la-poste-suisse-promopost\/#primaryimage"},"image":{"@id":"https:\/\/zewo.ch\/fr\/la-poste-suisse-promopost\/#primaryimage"},"thumbnailUrl":"https:\/\/zewo.ch\/wp-content\/uploads\/2019\/05\/showimage-1-1024x372.png","datePublished":"2019-08-09T06:48:07+00:00","dateModified":"2024-03-26T12:58:20+00:00","description":"Les organisations titulaires du label de qualit\u00e9 Zewo ont la possibilit\u00e9 de faire d\u00e9poser leurs envois dans toutes les bo\u00eetes aux lettres.","breadcrumb":{"@id":"https:\/\/zewo.ch\/fr\/la-poste-suisse-promopost\/#breadcrumb"},"inLanguage":"fr-FR","potentialAction":[{"@type":"ReadAction","target":["https:\/\/zewo.ch\/fr\/la-poste-suisse-promopost\/"]}]},{"@type":"ImageObject","inLanguage":"fr-FR","@id":"https:\/\/zewo.ch\/fr\/la-poste-suisse-promopost\/#primaryimage","url":"https:\/\/zewo.ch\/wp-content\/uploads\/2019\/05\/showimage-1-1024x372.png","contentUrl":"https:\/\/zewo.ch\/wp-content\/uploads\/2019\/05\/showimage-1-1024x372.png"},{"@type":"BreadcrumbList","@id":"https:\/\/zewo.ch\/fr\/la-poste-suisse-promopost\/#breadcrumb","itemListElement":[{"@type":"ListItem","position":1,"name":"Home","item":"https:\/\/zewo.ch\/fr\/"},{"@type":"ListItem","position":2,"name":"La Poste Suisse \u2013 PromoPost"}]},{"@type":"WebSite","@id":"https:\/\/zewo.ch\/fr\/#website","url":"https:\/\/zewo.ch\/fr\/","name":"Zewo","description":"Votre don en bonnes mains.","publisher":{"@id":"https:\/\/zewo.ch\/fr\/#organization"},"potentialAction":[{"@type":"SearchAction","target":{"@type":"EntryPoint","urlTemplate":"https:\/\/zewo.ch\/fr\/?s={search_term_string}"},"query-input":{"@type":"PropertyValueSpecification","valueRequired":true,"valueName":"search_term_string"}}],"inLanguage":"fr-FR"},{"@type":"Organization","@id":"https:\/\/zewo.ch\/fr\/#organization","name":"Stiftung Zewo","url":"https:\/\/zewo.ch\/fr\/","logo":{"@type":"ImageObject","inLanguage":"fr-FR","@id":"https:\/\/zewo.ch\/fr\/#\/schema\/logo\/image\/","url":"https:\/\/zewo.ch\/wp-content\/uploads\/2019\/08\/Zewo_Logo_Claim_D.svg","contentUrl":"https:\/\/zewo.ch\/wp-content\/uploads\/2019\/08\/Zewo_Logo_Claim_D.svg","width":1,"height":1,"caption":"Stiftung Zewo"},"image":{"@id":"https:\/\/zewo.ch\/fr\/#\/schema\/logo\/image\/"},"sameAs":["https:\/\/www.facebook.com\/Stiftung.ZEWO\/","https:\/\/x.com\/stiftung_zewo","https:\/\/www.linkedin.com\/company\/stiftung-zewo","https:\/\/www.youtube.com\/channel\/UCzjsVJro12OXcvvx1LQP8tw","https:\/\/de.wikipedia.org\/wiki\/Zewo"]}]}},"publishpress_future_action":{"enabled":false,"date":"2026-04-29 18:46:03","action":"change-status","newStatus":"draft","terms":[],"taxonomy":"translation_priority","extraData":[]},"publishpress_future_workflow_manual_trigger":{"enabledWorkflows":[]},"_links":{"self":[{"href":"https:\/\/zewo.ch\/fr\/wp-json\/wp\/v2\/pages\/499603","targetHints":{"allow":["GET"]}}],"collection":[{"href":"https:\/\/zewo.ch\/fr\/wp-json\/wp\/v2\/pages"}],"about":[{"href":"https:\/\/zewo.ch\/fr\/wp-json\/wp\/v2\/types\/page"}],"author":[{"embeddable":true,"href":"https:\/\/zewo.ch\/fr\/wp-json\/wp\/v2\/users\/38"}],"replies":[{"embeddable":true,"href":"https:\/\/zewo.ch\/fr\/wp-json\/wp\/v2\/comments?post=499603"}],"version-history":[{"count":8,"href":"https:\/\/zewo.ch\/fr\/wp-json\/wp\/v2\/pages\/499603\/revisions"}],"predecessor-version":[{"id":5917215,"href":"https:\/\/zewo.ch\/fr\/wp-json\/wp\/v2\/pages\/499603\/revisions\/5917215"}],"wp:attachment":[{"href":"https:\/\/zewo.ch\/fr\/wp-json\/wp\/v2\/media?parent=499603"}],"wp:term":[{"taxonomy":"folder","embeddable":true,"href":"https:\/\/zewo.ch\/fr\/wp-json\/wp\/v2\/folder?post=499603"}],"curies":[{"name":"wp","href":"https:\/\/api.w.org\/{rel}","templated":true}]}}