{"id":499599,"date":"2019-08-09T08:39:30","date_gmt":"2019-08-09T06:39:30","guid":{"rendered":"https:\/\/www.zewo.ch\/?page_id=499599"},"modified":"2026-01-27T16:28:26","modified_gmt":"2026-01-27T15:28:26","slug":"la-poste-suisse-postmail","status":"publish","type":"page","link":"https:\/\/zewo.ch\/fr\/la-poste-suisse-postmail\/","title":{"rendered":"Swiss Post Advertising"},"content":{"rendered":"\n<h2 class=\"wp-block-heading\" id=\"h-remise-et-offre-pour-les-obnl-titulaires-du-label-de-qualite-zewo\">Remise et offre pour les OBNL titulaires du label de qualit\u00e9 Zewo<\/h2>\n\n\n\n<figure class=\"wp-block-image size-full\"><img loading=\"lazy\" decoding=\"async\" width=\"300\" height=\"300\" src=\"https:\/\/zewo.ch\/wp-content\/uploads\/2023\/11\/Post_Logo_digital_RGB-002.png\" alt=\"Logo Post\" class=\"wp-image-5801715\" srcset=\"https:\/\/zewo.ch\/wp-content\/uploads\/2023\/11\/Post_Logo_digital_RGB-002.png 300w, https:\/\/zewo.ch\/wp-content\/uploads\/2023\/11\/Post_Logo_digital_RGB-002-150x150.png 150w\" sizes=\"auto, (min-width: 960px) 75vw, 100vw\" \/><\/figure>\n\n\n\n<p>Les organisations titulaires du label de qualit\u00e9 de la Zewo b\u00e9n\u00e9ficient d&rsquo;une r\u00e9duction sur les r\u00e9servations publicitaires. Cela s&rsquo;applique aux produits suivants :<\/p>\n\n\n\n<h3 class=\"wp-block-heading\">Postcard Creator Business<\/h3>\n\n\n\n<p>R\u00e9alisez facilement et rapidement vos mailings de cartes postales gr\u00e2ce \u00e0 l&rsquo;outil de cr\u00e9ation en ligne de Swiss Post Advertising. Les organisations titulaires du label de qualit\u00e9 Zewo b\u00e9n\u00e9ficient d&rsquo;une <strong>r\u00e9duction de 10 %<\/strong> sur le prix de production des mailings PostCard Creator avec le code suivant : <strong>zewo311226.<\/strong><\/p>\n\n\n\n<p>Le code promotionnel est valable jusqu&rsquo;au 31 d\u00e9cembre 2026.<\/p>\n\n\n\n<p><a href=\"https:\/\/advertising.post.ch\/fr\/offres\/publipostage\/publipostages-carte-postale\" target=\"_blank\" rel=\"noreferrer noopener\">Cr\u00e9er et imprimer des publipostages en ligne: PostCard Creator Business<\/a><\/p>\n\n\n\n<h3 class=\"wp-block-heading\">Flyer-Service<\/h3>\n\n\n\n<p>Imprimez et distribuez vos flyers rapidement et facilement gr\u00e2ce \u00e0 l&rsquo;outil en ligne de Swiss Post Advertising. Les organisations titulaires du label de qualit\u00e9 Zewo b\u00e9n\u00e9ficient d&rsquo;<strong>une r\u00e9duction de 10 % <\/strong>sur le prix de production des mailings de flyers avec le code suivant : <strong>zewo311226.<\/strong><\/p>\n\n\n\n<p>Le code promotionnel est valable jusqu&rsquo;au 31 d\u00e9cembre 2026.<\/p>\n\n\n\n<p><a href=\"https:\/\/advertising.post.ch\/fr\/offres\/publipostage\/flyer-service\" target=\"_blank\" rel=\"noreferrer noopener\">Faire imprimer et distribuer des flyers en fonction du groupe cible<\/a><\/p>\n\n\n\n<h3 class=\"wp-block-heading\">PromoPost<\/h3>\n\n\n\n<p>Les organisations titulaires du label de qualit\u00e9 Zewo ont la possibilit\u00e9 de faire distribuer leurs envois non adress\u00e9s dans toutes les bo\u00eetes aux lettres (avec ou sans autocollant \u00ab Stop publicit\u00e9 \u00bb) gr\u00e2ce \u00e0 PromoPost. Vous pouvez ainsi atteindre les m\u00e9nages peu sensibles \u00e0 la publicit\u00e9 lors de vos collectes de dons. Les envois \u00e0 contenu commercial (p. ex. offres de boutiques) sont exclus. Vous pouvez consulter les crit\u00e8res <a href=\"https:\/\/advertising.post.ch\/fr\/offres\/publipostage\/promopost\" target=\"_blank\" rel=\"noreferrer noopener\">ici<\/a>.<\/p>\n\n\n\n<p><a href=\"https:\/\/advertising.post.ch\/fr\/offres\/publipostage\/promopost\" target=\"_blank\" rel=\"noreferrer noopener\">PromoPost: planifier un publipostage avec pr\u00e9cision<\/a><\/p>\n\n\n\n<h2 class=\"wp-block-heading\" id=\"h-contact\">Contact<\/h2>\n\n\n\n<p>Swiss Post Advertising<br><a href=\"mailto:advertising@post.ch\">advertising@post.ch<\/a> <br>+41 58 667 85 91<br><a href=\"https:\/\/advertising.post.ch\/fr\" target=\"_blank\" rel=\"noreferrer noopener\"><\/a><a href=\"https:\/\/advertising.post.ch\/fr\">Swiss Post Advertising: votre publicit\u00e9 pour la Suisse va droit au but<\/a><\/p>\n\n\n\n<div class=\"wp-block-cgb-block-zewo-block-button ab-block-button\"><a href=\"https:\/\/zewo.ch\/fr\/avantages-pour-les-organisations-titulaires-du-label-de-qualite-zewo\/\" class=\"button primary\"><span class=\"button-arrow\"><\/span>Retour \u00e0 l&rsquo;aper\u00e7u<\/a><\/div>\n\n\n\n<p><\/p>\n","protected":false},"excerpt":{"rendered":"<p>Remise et offre pour les OBNL titulaires du label de qualit\u00e9 Zewo Les organisations titulaires du label de qualit\u00e9 de la Zewo b\u00e9n\u00e9ficient d&rsquo;une r\u00e9duction sur les r\u00e9servations publicitaires. Cela s&rsquo;applique aux produits suivants : Postcard Creator Business R\u00e9alisez facilement et rapidement vos mailings de cartes postales gr\u00e2ce \u00e0 l&rsquo;outil de cr\u00e9ation en ligne de [&hellip;]<\/p>\n","protected":false},"author":38,"featured_media":0,"parent":0,"menu_order":273,"comment_status":"closed","ping_status":"closed","template":"","meta":{"_acf_changed":false,"footnotes":""},"folder":[6643],"class_list":["post-499599","page","type-page","status-publish","hentry"],"acf":[],"yoast_head":"<!-- This site is optimized with the Yoast SEO Premium plugin v26.0 (Yoast SEO v26.0) - https:\/\/yoast.com\/wordpress\/plugins\/seo\/ -->\n<title>Zewo<\/title>\n<meta name=\"description\" content=\"La Poste Suisse soutient les organisations certifi\u00e9es Zewo avec des rabais pour une communication efficace sur les dons. En savoir plus.\" \/>\n<meta name=\"robots\" content=\"index, follow, max-snippet:-1, max-image-preview:large, max-video-preview:-1\" \/>\n<link rel=\"canonical\" href=\"https:\/\/zewo.ch\/fr\/la-poste-suisse-postmail\/\" \/>\n<meta property=\"og:locale\" content=\"fr_FR\" \/>\n<meta property=\"og:type\" content=\"article\" \/>\n<meta property=\"og:description\" content=\"La Poste Suisse soutient les organisations certifi\u00e9es Zewo avec des rabais pour une communication efficace sur les dons. En savoir plus.\" \/>\n<meta property=\"og:url\" content=\"https:\/\/zewo.ch\/fr\/la-poste-suisse-postmail\/\" \/>\n<meta property=\"og:site_name\" content=\"Zewo\" \/>\n<meta property=\"article:publisher\" content=\"https:\/\/www.facebook.com\/Stiftung.ZEWO\/\" \/>\n<meta property=\"article:modified_time\" content=\"2026-01-27T15:28:26+00:00\" \/>\n<meta property=\"og:image\" content=\"https:\/\/zewo.ch\/wp-content\/uploads\/2023\/11\/Post_Logo_digital_RGB-002.png\" \/>\n\t<meta property=\"og:image:width\" content=\"300\" \/>\n\t<meta property=\"og:image:height\" content=\"300\" \/>\n\t<meta property=\"og:image:type\" content=\"image\/png\" \/>\n<meta name=\"twitter:card\" content=\"summary_large_image\" \/>\n<meta name=\"twitter:site\" content=\"@stiftung_zewo\" \/>\n<meta name=\"twitter:label1\" content=\"Dur\u00e9e de lecture estim\u00e9e\" \/>\n\t<meta name=\"twitter:data1\" content=\"2 minutes\" \/>\n<script type=\"application\/ld+json\" class=\"yoast-schema-graph\">{\"@context\":\"https:\/\/schema.org\",\"@graph\":[{\"@type\":\"WebPage\",\"@id\":\"https:\/\/zewo.ch\/fr\/la-poste-suisse-postmail\/#webpage\",\"url\":\"https:\/\/zewo.ch\/fr\/la-poste-suisse-postmail\/#webpage\",\"name\":\"\",\"isPartOf\":{\"@id\":\"https:\/\/zewo.ch\/fr\/#website\"},\"primaryImageOfPage\":{\"@id\":\"https:\/\/zewo.ch\/fr\/la-poste-suisse-postmail\/#primaryimage\"},\"image\":{\"@id\":\"https:\/\/zewo.ch\/fr\/la-poste-suisse-postmail\/#primaryimage\"},\"thumbnailUrl\":\"https:\/\/zewo.ch\/wp-content\/uploads\/2023\/11\/Post_Logo_digital_RGB-002.png\",\"datePublished\":\"2019-08-09T06:39:30+00:00\",\"dateModified\":\"2026-01-27T15:28:26+00:00\",\"description\":\"La Poste Suisse soutient les organisations certifi\u00e9es Zewo avec des rabais pour une communication efficace sur les dons. En savoir plus.\",\"breadcrumb\":{\"@id\":\"https:\/\/zewo.ch\/fr\/la-poste-suisse-postmail\/#breadcrumb\"},\"inLanguage\":\"fr-FR\",\"potentialAction\":[{\"@type\":\"ReadAction\",\"target\":[\"https:\/\/zewo.ch\/fr\/la-poste-suisse-postmail\/\"]}]},{\"@type\":\"ImageObject\",\"inLanguage\":\"fr-FR\",\"@id\":\"https:\/\/zewo.ch\/fr\/la-poste-suisse-postmail\/#primaryimage\",\"url\":\"https:\/\/zewo.ch\/wp-content\/uploads\/2023\/11\/Post_Logo_digital_RGB-002.png\",\"contentUrl\":\"https:\/\/zewo.ch\/wp-content\/uploads\/2023\/11\/Post_Logo_digital_RGB-002.png\"},{\"@type\":\"BreadcrumbList\",\"@id\":\"https:\/\/zewo.ch\/fr\/la-poste-suisse-postmail\/#breadcrumb\",\"itemListElement\":[{\"@type\":\"ListItem\",\"position\":1,\"name\":\"Home\",\"item\":\"https:\/\/zewo.ch\/fr\/\"},{\"@type\":\"ListItem\",\"position\":2,\"name\":\"Swiss Post Advertising\"}]},{\"@type\":\"WebSite\",\"@id\":\"https:\/\/zewo.ch\/fr\/#website\",\"url\":\"https:\/\/zewo.ch\/fr\/\",\"name\":\"Zewo\",\"description\":\"Votre don en bonnes mains.\",\"publisher\":{\"@id\":\"https:\/\/zewo.ch\/fr\/#organization\"},\"potentialAction\":[{\"@type\":\"SearchAction\",\"target\":{\"@type\":\"EntryPoint\",\"urlTemplate\":\"https:\/\/zewo.ch\/fr\/?s={search_term_string}\"},\"query-input\":{\"@type\":\"PropertyValueSpecification\",\"valueRequired\":true,\"valueName\":\"search_term_string\"}}],\"inLanguage\":\"fr-FR\"},{\"@type\":\"Organization\",\"@id\":\"https:\/\/zewo.ch\/fr\/#organization\",\"name\":\"Stiftung Zewo\",\"url\":\"https:\/\/zewo.ch\/fr\/\",\"logo\":{\"@type\":\"ImageObject\",\"inLanguage\":\"fr-FR\",\"@id\":\"https:\/\/zewo.ch\/fr\/#\/schema\/logo\/image\/\",\"url\":\"https:\/\/zewo.ch\/wp-content\/uploads\/2019\/08\/Zewo_Logo_Claim_D.svg\",\"contentUrl\":\"https:\/\/zewo.ch\/wp-content\/uploads\/2019\/08\/Zewo_Logo_Claim_D.svg\",\"width\":1,\"height\":1,\"caption\":\"Stiftung Zewo\"},\"image\":{\"@id\":\"https:\/\/zewo.ch\/fr\/#\/schema\/logo\/image\/\"},\"sameAs\":[\"https:\/\/www.facebook.com\/Stiftung.ZEWO\/\",\"https:\/\/x.com\/stiftung_zewo\",\"https:\/\/www.linkedin.com\/company\/stiftung-zewo\",\"https:\/\/www.youtube.com\/channel\/UCzjsVJro12OXcvvx1LQP8tw\",\"https:\/\/de.wikipedia.org\/wiki\/Zewo\"]}]}<\/script>\n<!-- \/ Yoast SEO Premium plugin. -->","yoast_head_json":{"title":"Zewo","description":"La Poste Suisse soutient les organisations certifi\u00e9es Zewo avec des rabais pour une communication efficace sur les dons. En savoir plus.","robots":{"index":"index","follow":"follow","max-snippet":"max-snippet:-1","max-image-preview":"max-image-preview:large","max-video-preview":"max-video-preview:-1"},"canonical":"https:\/\/zewo.ch\/fr\/la-poste-suisse-postmail\/","og_locale":"fr_FR","og_type":"article","og_description":"La Poste Suisse soutient les organisations certifi\u00e9es Zewo avec des rabais pour une communication efficace sur les dons. En savoir plus.","og_url":"https:\/\/zewo.ch\/fr\/la-poste-suisse-postmail\/","og_site_name":"Zewo","article_publisher":"https:\/\/www.facebook.com\/Stiftung.ZEWO\/","article_modified_time":"2026-01-27T15:28:26+00:00","og_image":[{"width":300,"height":300,"url":"https:\/\/zewo.ch\/wp-content\/uploads\/2023\/11\/Post_Logo_digital_RGB-002.png","type":"image\/png"}],"twitter_card":"summary_large_image","twitter_site":"@stiftung_zewo","twitter_misc":{"Dur\u00e9e de lecture estim\u00e9e":"2 minutes"},"schema":{"@context":"https:\/\/schema.org","@graph":[{"@type":"WebPage","@id":"https:\/\/zewo.ch\/fr\/la-poste-suisse-postmail\/#webpage","url":"https:\/\/zewo.ch\/fr\/la-poste-suisse-postmail\/#webpage","name":"","isPartOf":{"@id":"https:\/\/zewo.ch\/fr\/#website"},"primaryImageOfPage":{"@id":"https:\/\/zewo.ch\/fr\/la-poste-suisse-postmail\/#primaryimage"},"image":{"@id":"https:\/\/zewo.ch\/fr\/la-poste-suisse-postmail\/#primaryimage"},"thumbnailUrl":"https:\/\/zewo.ch\/wp-content\/uploads\/2023\/11\/Post_Logo_digital_RGB-002.png","datePublished":"2019-08-09T06:39:30+00:00","dateModified":"2026-01-27T15:28:26+00:00","description":"La Poste Suisse soutient les organisations certifi\u00e9es Zewo avec des rabais pour une communication efficace sur les dons. En savoir plus.","breadcrumb":{"@id":"https:\/\/zewo.ch\/fr\/la-poste-suisse-postmail\/#breadcrumb"},"inLanguage":"fr-FR","potentialAction":[{"@type":"ReadAction","target":["https:\/\/zewo.ch\/fr\/la-poste-suisse-postmail\/"]}]},{"@type":"ImageObject","inLanguage":"fr-FR","@id":"https:\/\/zewo.ch\/fr\/la-poste-suisse-postmail\/#primaryimage","url":"https:\/\/zewo.ch\/wp-content\/uploads\/2023\/11\/Post_Logo_digital_RGB-002.png","contentUrl":"https:\/\/zewo.ch\/wp-content\/uploads\/2023\/11\/Post_Logo_digital_RGB-002.png"},{"@type":"BreadcrumbList","@id":"https:\/\/zewo.ch\/fr\/la-poste-suisse-postmail\/#breadcrumb","itemListElement":[{"@type":"ListItem","position":1,"name":"Home","item":"https:\/\/zewo.ch\/fr\/"},{"@type":"ListItem","position":2,"name":"Swiss Post Advertising"}]},{"@type":"WebSite","@id":"https:\/\/zewo.ch\/fr\/#website","url":"https:\/\/zewo.ch\/fr\/","name":"Zewo","description":"Votre don en bonnes mains.","publisher":{"@id":"https:\/\/zewo.ch\/fr\/#organization"},"potentialAction":[{"@type":"SearchAction","target":{"@type":"EntryPoint","urlTemplate":"https:\/\/zewo.ch\/fr\/?s={search_term_string}"},"query-input":{"@type":"PropertyValueSpecification","valueRequired":true,"valueName":"search_term_string"}}],"inLanguage":"fr-FR"},{"@type":"Organization","@id":"https:\/\/zewo.ch\/fr\/#organization","name":"Stiftung Zewo","url":"https:\/\/zewo.ch\/fr\/","logo":{"@type":"ImageObject","inLanguage":"fr-FR","@id":"https:\/\/zewo.ch\/fr\/#\/schema\/logo\/image\/","url":"https:\/\/zewo.ch\/wp-content\/uploads\/2019\/08\/Zewo_Logo_Claim_D.svg","contentUrl":"https:\/\/zewo.ch\/wp-content\/uploads\/2019\/08\/Zewo_Logo_Claim_D.svg","width":1,"height":1,"caption":"Stiftung Zewo"},"image":{"@id":"https:\/\/zewo.ch\/fr\/#\/schema\/logo\/image\/"},"sameAs":["https:\/\/www.facebook.com\/Stiftung.ZEWO\/","https:\/\/x.com\/stiftung_zewo","https:\/\/www.linkedin.com\/company\/stiftung-zewo","https:\/\/www.youtube.com\/channel\/UCzjsVJro12OXcvvx1LQP8tw","https:\/\/de.wikipedia.org\/wiki\/Zewo"]}]}},"publishpress_future_action":{"enabled":false,"date":"2026-04-23 14:20:29","action":"change-status","newStatus":"draft","terms":[],"taxonomy":"translation_priority","extraData":[]},"publishpress_future_workflow_manual_trigger":{"enabledWorkflows":[]},"_links":{"self":[{"href":"https:\/\/zewo.ch\/fr\/wp-json\/wp\/v2\/pages\/499599","targetHints":{"allow":["GET"]}}],"collection":[{"href":"https:\/\/zewo.ch\/fr\/wp-json\/wp\/v2\/pages"}],"about":[{"href":"https:\/\/zewo.ch\/fr\/wp-json\/wp\/v2\/types\/page"}],"author":[{"embeddable":true,"href":"https:\/\/zewo.ch\/fr\/wp-json\/wp\/v2\/users\/38"}],"replies":[{"embeddable":true,"href":"https:\/\/zewo.ch\/fr\/wp-json\/wp\/v2\/comments?post=499599"}],"version-history":[{"count":11,"href":"https:\/\/zewo.ch\/fr\/wp-json\/wp\/v2\/pages\/499599\/revisions"}],"predecessor-version":[{"id":5937790,"href":"https:\/\/zewo.ch\/fr\/wp-json\/wp\/v2\/pages\/499599\/revisions\/5937790"}],"wp:attachment":[{"href":"https:\/\/zewo.ch\/fr\/wp-json\/wp\/v2\/media?parent=499599"}],"wp:term":[{"taxonomy":"folder","embeddable":true,"href":"https:\/\/zewo.ch\/fr\/wp-json\/wp\/v2\/folder?post=499599"}],"curies":[{"name":"wp","href":"https:\/\/api.w.org\/{rel}","templated":true}]}}