{"id":499595,"date":"2019-08-09T08:32:03","date_gmt":"2019-08-09T06:32:03","guid":{"rendered":"https:\/\/www.zewo.ch\/?page_id=499595"},"modified":"2023-11-09T13:33:36","modified_gmt":"2023-11-09T12:33:36","slug":"neue-zurcher-zeitung-nzz","status":"publish","type":"page","link":"https:\/\/zewo.ch\/fr\/neue-zurcher-zeitung-nzz\/","title":{"rendered":"Neue Z\u00fcrcher Zeitung NZZ"},"content":{"rendered":"\n<h2 class=\"wp-block-heading\" id=\"h-remise-pour-les-obnl-titulaires-du-label-de-qualit-zewo\">Remise pour les OBNL titulaires du label de qualit\u00e9 Zewo<\/h2>\n\n\n\n<figure class=\"wp-block-image is-resized\"><img loading=\"lazy\" decoding=\"async\" src=\"https:\/\/zewo.ch\/wp-content\/uploads\/2019\/05\/demo_packshot_nzz_falz_international_rgb_72dpi-960x463-1.jpg\" alt=\"NZZ gerollt\" class=\"wp-image-123979\" width=\"480\" height=\"232\"\/><\/figure>\n\n\n\n<p>Les organisations titulaires du label de qualit\u00e9 Zewo b\u00e9n\u00e9ficient des rabais suivants sur les annonces presse: <\/p>\n\n\n\n<ul class=\"wp-block-list\"><li><strong>50% dans la NZZ <\/strong><\/li><li><strong>50% dans la NZZ am Sonntag<\/strong><\/li><\/ul>\n\n\n\n<h2 class=\"wp-block-heading\" id=\"h-contact\">Contact<\/h2>\n\n\n\n<p><strong>NZZone<\/strong><br>T\u00e9l. 044 258 16 98<br><a href=\"mailto:contact@nzzone.ch\">contact@nzzone.ch<\/a><br><a href=\"https:\/\/www.nzzone.ch\/fr\/\">www.nzzone.ch<\/a><\/p>\n\n\n\n<div class=\"wp-block-cgb-block-zewo-block-button ab-block-button\"><a href=\"https:\/\/zewo.ch\/fr\/avantages-pour-les-organisations-titulaires-du-label-de-qualite-zewo\/\" class=\"button primary\"><span class=\"button-arrow\"><\/span>Retour \u00e0 l&rsquo;aper\u00e7u<\/a><\/div>\n","protected":false},"excerpt":{"rendered":"<p>Remise pour les OBNL titulaires du label de qualit\u00e9 Zewo Les organisations titulaires du label de qualit\u00e9 Zewo b\u00e9n\u00e9ficient des rabais suivants sur les annonces presse: 50% dans la NZZ 50% dans la NZZ am Sonntag Contact NZZoneT\u00e9l. 044 258 16 98contact@nzzone.chwww.nzzone.ch<\/p>\n","protected":false},"author":38,"featured_media":0,"parent":0,"menu_order":272,"comment_status":"closed","ping_status":"closed","template":"","meta":{"_acf_changed":false,"footnotes":""},"folder":[6643],"class_list":["post-499595","page","type-page","status-publish","hentry"],"acf":[],"yoast_head":"<!-- This site is optimized with the Yoast SEO Premium plugin v26.0 (Yoast SEO v26.0) - https:\/\/yoast.com\/wordpress\/plugins\/seo\/ -->\n<title>Zewo<\/title>\n<meta name=\"description\" content=\"Les organisations titulaires du label de qualit\u00e9 Zewo b\u00e9n\u00e9ficient des rabais sur les annonces presse.\" \/>\n<meta name=\"robots\" content=\"index, follow, max-snippet:-1, max-image-preview:large, max-video-preview:-1\" \/>\n<link rel=\"canonical\" href=\"https:\/\/zewo.ch\/fr\/neue-zurcher-zeitung-nzz\/\" \/>\n<meta property=\"og:locale\" content=\"fr_FR\" \/>\n<meta property=\"og:type\" content=\"article\" \/>\n<meta property=\"og:description\" content=\"Les organisations titulaires du label de qualit\u00e9 Zewo b\u00e9n\u00e9ficient des rabais sur les annonces presse.\" \/>\n<meta property=\"og:url\" content=\"https:\/\/zewo.ch\/fr\/neue-zurcher-zeitung-nzz\/\" \/>\n<meta property=\"og:site_name\" content=\"Zewo\" \/>\n<meta property=\"article:publisher\" content=\"https:\/\/www.facebook.com\/Stiftung.ZEWO\/\" \/>\n<meta property=\"article:modified_time\" content=\"2023-11-09T12:33:36+00:00\" \/>\n<meta property=\"og:image\" content=\"https:\/\/zewo.ch\/wp-content\/uploads\/2019\/05\/demo_packshot_nzz_falz_international_rgb_72dpi-960x463-1.jpg\" \/>\n<meta name=\"twitter:card\" content=\"summary_large_image\" \/>\n<meta name=\"twitter:site\" content=\"@stiftung_zewo\" \/>\n<meta name=\"twitter:label1\" content=\"Dur\u00e9e de lecture estim\u00e9e\" \/>\n\t<meta name=\"twitter:data1\" content=\"1 minute\" \/>\n<script type=\"application\/ld+json\" class=\"yoast-schema-graph\">{\"@context\":\"https:\/\/schema.org\",\"@graph\":[{\"@type\":\"WebPage\",\"@id\":\"https:\/\/zewo.ch\/fr\/neue-zurcher-zeitung-nzz\/#webpage\",\"url\":\"https:\/\/zewo.ch\/fr\/neue-zurcher-zeitung-nzz\/#webpage\",\"name\":\"\",\"isPartOf\":{\"@id\":\"https:\/\/zewo.ch\/fr\/#website\"},\"primaryImageOfPage\":{\"@id\":\"https:\/\/zewo.ch\/fr\/neue-zurcher-zeitung-nzz\/#primaryimage\"},\"image\":{\"@id\":\"https:\/\/zewo.ch\/fr\/neue-zurcher-zeitung-nzz\/#primaryimage\"},\"thumbnailUrl\":\"https:\/\/zewo.ch\/wp-content\/uploads\/2019\/05\/demo_packshot_nzz_falz_international_rgb_72dpi-960x463-1.jpg\",\"datePublished\":\"2019-08-09T06:32:03+00:00\",\"dateModified\":\"2023-11-09T12:33:36+00:00\",\"description\":\"Les organisations titulaires du label de qualit\u00e9 Zewo b\u00e9n\u00e9ficient des rabais sur les annonces presse.\",\"breadcrumb\":{\"@id\":\"https:\/\/zewo.ch\/fr\/neue-zurcher-zeitung-nzz\/#breadcrumb\"},\"inLanguage\":\"fr-FR\",\"potentialAction\":[{\"@type\":\"ReadAction\",\"target\":[\"https:\/\/zewo.ch\/fr\/neue-zurcher-zeitung-nzz\/\"]}]},{\"@type\":\"ImageObject\",\"inLanguage\":\"fr-FR\",\"@id\":\"https:\/\/zewo.ch\/fr\/neue-zurcher-zeitung-nzz\/#primaryimage\",\"url\":\"https:\/\/zewo.ch\/wp-content\/uploads\/2019\/05\/demo_packshot_nzz_falz_international_rgb_72dpi-960x463-1.jpg\",\"contentUrl\":\"https:\/\/zewo.ch\/wp-content\/uploads\/2019\/05\/demo_packshot_nzz_falz_international_rgb_72dpi-960x463-1.jpg\"},{\"@type\":\"BreadcrumbList\",\"@id\":\"https:\/\/zewo.ch\/fr\/neue-zurcher-zeitung-nzz\/#breadcrumb\",\"itemListElement\":[{\"@type\":\"ListItem\",\"position\":1,\"name\":\"Home\",\"item\":\"https:\/\/zewo.ch\/fr\/\"},{\"@type\":\"ListItem\",\"position\":2,\"name\":\"Neue Z\u00fcrcher Zeitung NZZ\"}]},{\"@type\":\"WebSite\",\"@id\":\"https:\/\/zewo.ch\/fr\/#website\",\"url\":\"https:\/\/zewo.ch\/fr\/\",\"name\":\"Zewo\",\"description\":\"Votre don en bonnes mains.\",\"publisher\":{\"@id\":\"https:\/\/zewo.ch\/fr\/#organization\"},\"potentialAction\":[{\"@type\":\"SearchAction\",\"target\":{\"@type\":\"EntryPoint\",\"urlTemplate\":\"https:\/\/zewo.ch\/fr\/?s={search_term_string}\"},\"query-input\":{\"@type\":\"PropertyValueSpecification\",\"valueRequired\":true,\"valueName\":\"search_term_string\"}}],\"inLanguage\":\"fr-FR\"},{\"@type\":\"Organization\",\"@id\":\"https:\/\/zewo.ch\/fr\/#organization\",\"name\":\"Stiftung Zewo\",\"url\":\"https:\/\/zewo.ch\/fr\/\",\"logo\":{\"@type\":\"ImageObject\",\"inLanguage\":\"fr-FR\",\"@id\":\"https:\/\/zewo.ch\/fr\/#\/schema\/logo\/image\/\",\"url\":\"https:\/\/zewo.ch\/wp-content\/uploads\/2019\/08\/Zewo_Logo_Claim_D.svg\",\"contentUrl\":\"https:\/\/zewo.ch\/wp-content\/uploads\/2019\/08\/Zewo_Logo_Claim_D.svg\",\"width\":1,\"height\":1,\"caption\":\"Stiftung Zewo\"},\"image\":{\"@id\":\"https:\/\/zewo.ch\/fr\/#\/schema\/logo\/image\/\"},\"sameAs\":[\"https:\/\/www.facebook.com\/Stiftung.ZEWO\/\",\"https:\/\/x.com\/stiftung_zewo\",\"https:\/\/www.linkedin.com\/company\/stiftung-zewo\",\"https:\/\/www.youtube.com\/channel\/UCzjsVJro12OXcvvx1LQP8tw\",\"https:\/\/de.wikipedia.org\/wiki\/Zewo\"]}]}<\/script>\n<!-- \/ Yoast SEO Premium plugin. -->","yoast_head_json":{"title":"Zewo","description":"Les organisations titulaires du label de qualit\u00e9 Zewo b\u00e9n\u00e9ficient des rabais sur les annonces presse.","robots":{"index":"index","follow":"follow","max-snippet":"max-snippet:-1","max-image-preview":"max-image-preview:large","max-video-preview":"max-video-preview:-1"},"canonical":"https:\/\/zewo.ch\/fr\/neue-zurcher-zeitung-nzz\/","og_locale":"fr_FR","og_type":"article","og_description":"Les organisations titulaires du label de qualit\u00e9 Zewo b\u00e9n\u00e9ficient des rabais sur les annonces presse.","og_url":"https:\/\/zewo.ch\/fr\/neue-zurcher-zeitung-nzz\/","og_site_name":"Zewo","article_publisher":"https:\/\/www.facebook.com\/Stiftung.ZEWO\/","article_modified_time":"2023-11-09T12:33:36+00:00","og_image":[{"url":"https:\/\/zewo.ch\/wp-content\/uploads\/2019\/05\/demo_packshot_nzz_falz_international_rgb_72dpi-960x463-1.jpg","type":"","width":"","height":""}],"twitter_card":"summary_large_image","twitter_site":"@stiftung_zewo","twitter_misc":{"Dur\u00e9e de lecture estim\u00e9e":"1 minute"},"schema":{"@context":"https:\/\/schema.org","@graph":[{"@type":"WebPage","@id":"https:\/\/zewo.ch\/fr\/neue-zurcher-zeitung-nzz\/#webpage","url":"https:\/\/zewo.ch\/fr\/neue-zurcher-zeitung-nzz\/#webpage","name":"","isPartOf":{"@id":"https:\/\/zewo.ch\/fr\/#website"},"primaryImageOfPage":{"@id":"https:\/\/zewo.ch\/fr\/neue-zurcher-zeitung-nzz\/#primaryimage"},"image":{"@id":"https:\/\/zewo.ch\/fr\/neue-zurcher-zeitung-nzz\/#primaryimage"},"thumbnailUrl":"https:\/\/zewo.ch\/wp-content\/uploads\/2019\/05\/demo_packshot_nzz_falz_international_rgb_72dpi-960x463-1.jpg","datePublished":"2019-08-09T06:32:03+00:00","dateModified":"2023-11-09T12:33:36+00:00","description":"Les organisations titulaires du label de qualit\u00e9 Zewo b\u00e9n\u00e9ficient des rabais sur les annonces presse.","breadcrumb":{"@id":"https:\/\/zewo.ch\/fr\/neue-zurcher-zeitung-nzz\/#breadcrumb"},"inLanguage":"fr-FR","potentialAction":[{"@type":"ReadAction","target":["https:\/\/zewo.ch\/fr\/neue-zurcher-zeitung-nzz\/"]}]},{"@type":"ImageObject","inLanguage":"fr-FR","@id":"https:\/\/zewo.ch\/fr\/neue-zurcher-zeitung-nzz\/#primaryimage","url":"https:\/\/zewo.ch\/wp-content\/uploads\/2019\/05\/demo_packshot_nzz_falz_international_rgb_72dpi-960x463-1.jpg","contentUrl":"https:\/\/zewo.ch\/wp-content\/uploads\/2019\/05\/demo_packshot_nzz_falz_international_rgb_72dpi-960x463-1.jpg"},{"@type":"BreadcrumbList","@id":"https:\/\/zewo.ch\/fr\/neue-zurcher-zeitung-nzz\/#breadcrumb","itemListElement":[{"@type":"ListItem","position":1,"name":"Home","item":"https:\/\/zewo.ch\/fr\/"},{"@type":"ListItem","position":2,"name":"Neue Z\u00fcrcher Zeitung NZZ"}]},{"@type":"WebSite","@id":"https:\/\/zewo.ch\/fr\/#website","url":"https:\/\/zewo.ch\/fr\/","name":"Zewo","description":"Votre don en bonnes mains.","publisher":{"@id":"https:\/\/zewo.ch\/fr\/#organization"},"potentialAction":[{"@type":"SearchAction","target":{"@type":"EntryPoint","urlTemplate":"https:\/\/zewo.ch\/fr\/?s={search_term_string}"},"query-input":{"@type":"PropertyValueSpecification","valueRequired":true,"valueName":"search_term_string"}}],"inLanguage":"fr-FR"},{"@type":"Organization","@id":"https:\/\/zewo.ch\/fr\/#organization","name":"Stiftung Zewo","url":"https:\/\/zewo.ch\/fr\/","logo":{"@type":"ImageObject","inLanguage":"fr-FR","@id":"https:\/\/zewo.ch\/fr\/#\/schema\/logo\/image\/","url":"https:\/\/zewo.ch\/wp-content\/uploads\/2019\/08\/Zewo_Logo_Claim_D.svg","contentUrl":"https:\/\/zewo.ch\/wp-content\/uploads\/2019\/08\/Zewo_Logo_Claim_D.svg","width":1,"height":1,"caption":"Stiftung Zewo"},"image":{"@id":"https:\/\/zewo.ch\/fr\/#\/schema\/logo\/image\/"},"sameAs":["https:\/\/www.facebook.com\/Stiftung.ZEWO\/","https:\/\/x.com\/stiftung_zewo","https:\/\/www.linkedin.com\/company\/stiftung-zewo","https:\/\/www.youtube.com\/channel\/UCzjsVJro12OXcvvx1LQP8tw","https:\/\/de.wikipedia.org\/wiki\/Zewo"]}]}},"publishpress_future_action":{"enabled":false,"date":"2026-04-25 12:50:17","action":"change-status","newStatus":"draft","terms":[],"taxonomy":"translation_priority","extraData":[]},"publishpress_future_workflow_manual_trigger":{"enabledWorkflows":[]},"_links":{"self":[{"href":"https:\/\/zewo.ch\/fr\/wp-json\/wp\/v2\/pages\/499595","targetHints":{"allow":["GET"]}}],"collection":[{"href":"https:\/\/zewo.ch\/fr\/wp-json\/wp\/v2\/pages"}],"about":[{"href":"https:\/\/zewo.ch\/fr\/wp-json\/wp\/v2\/types\/page"}],"author":[{"embeddable":true,"href":"https:\/\/zewo.ch\/fr\/wp-json\/wp\/v2\/users\/38"}],"replies":[{"embeddable":true,"href":"https:\/\/zewo.ch\/fr\/wp-json\/wp\/v2\/comments?post=499595"}],"version-history":[{"count":6,"href":"https:\/\/zewo.ch\/fr\/wp-json\/wp\/v2\/pages\/499595\/revisions"}],"predecessor-version":[{"id":5801633,"href":"https:\/\/zewo.ch\/fr\/wp-json\/wp\/v2\/pages\/499595\/revisions\/5801633"}],"wp:attachment":[{"href":"https:\/\/zewo.ch\/fr\/wp-json\/wp\/v2\/media?parent=499595"}],"wp:term":[{"taxonomy":"folder","embeddable":true,"href":"https:\/\/zewo.ch\/fr\/wp-json\/wp\/v2\/folder?post=499595"}],"curies":[{"name":"wp","href":"https:\/\/api.w.org\/{rel}","templated":true}]}}