{"id":499586,"date":"2019-08-09T08:21:00","date_gmt":"2019-08-09T06:21:00","guid":{"rendered":"https:\/\/www.zewo.ch\/?page_id=499586"},"modified":"2021-03-23T10:03:34","modified_gmt":"2021-03-23T09:03:34","slug":"keystone-sda","status":"publish","type":"page","link":"https:\/\/zewo.ch\/fr\/keystone-sda\/","title":{"rendered":"Keystone-SDA"},"content":{"rendered":"\n<h2 class=\"wp-block-heading\">Remise pour les OBNL titulaires du label de qualit\u00e9 Zewo<\/h2>\n\n\n\n<figure class=\"wp-block-image is-resized\"><img loading=\"lazy\" decoding=\"async\" src=\"https:\/\/zewo.ch\/wp-content\/uploads\/2019\/05\/Keystone-SDA-Logo-244431-detailnp.png\" alt=\"\" class=\"wp-image-123925\" width=\"285\" height=\"160\" srcset=\"https:\/\/zewo.ch\/wp-content\/uploads\/2019\/05\/Keystone-SDA-Logo-244431-detailnp.png 617w, https:\/\/zewo.ch\/wp-content\/uploads\/2019\/05\/Keystone-SDA-Logo-244431-detailnp-300x169.png 300w\" sizes=\"auto, (min-width: 960px) 75vw, 100vw\" \/><\/figure>\n\n\n\n<p>Entrez dans le monde vari\u00e9 des images de Keystone-ATS. Pour vos besoins de communication, plus de 18 millions d&rsquo;images de la Suisse et du monde entier sont disponibles sur le portail d&rsquo;images <a href=\"http:\/\/visual.keystone-ats.ch\" target=\"_blank\" rel=\"noreferrer noopener\">visual.keystone-ats.ch<\/a>.<\/p>\n\n\n\n<p>Demandez vos identifiants \u00e0 <a href=\"mailto:sales@keystone-ats.ch\">sales@keystone-ats.ch<\/a> et b\u00e9n\u00e9ficiez en tant qu&rsquo;organisation du label de qualit\u00e9 Zewo d&rsquo;<strong>une<\/strong> <strong>r\u00e9duction de 35 % sur les droits de licence pour l&rsquo;utilisation des images<\/strong>.<\/p>\n\n\n\n<h2 class=\"wp-block-heading\">Contact<\/h2>\n\n\n\n<p>KEYSTONE-SDA-ATS SA\u00a0<br>Ventes, T\u00e9l. 058 909 52 00<br><a href=\"mailto:sales@keystone-ats.ch\">sales@keystone-ats.ch<\/a>\u00a0<br><a href=\"https:\/\/www.keystone-ats.ch\/fr\/\" target=\"_blank\" rel=\"noreferrer noopener\">www.keystone-ats.ch<\/a><\/p>\n\n\n\n<div class=\"wp-block-cgb-block-zewo-block-button ab-block-button\"><a href=\"https:\/\/zewo.ch\/fr\/avantages-pour-les-organisations-titulaires-du-label-de-qualite-zewo\/\" class=\"button primary\"><span class=\"button-arrow\"><\/span>Retour \u00e0 l&rsquo;aper\u00e7u<\/a><\/div>\n","protected":false},"excerpt":{"rendered":"<p>Remise pour les OBNL titulaires du label de qualit\u00e9 Zewo Entrez dans le monde vari\u00e9 des images de Keystone-ATS. Pour vos besoins de communication, plus de 18 millions d&rsquo;images de la Suisse et du monde entier sont disponibles sur le portail d&rsquo;images visual.keystone-ats.ch. Demandez vos identifiants \u00e0 sales@keystone-ats.ch et b\u00e9n\u00e9ficiez en tant qu&rsquo;organisation du label [&hellip;]<\/p>\n","protected":false},"author":38,"featured_media":0,"parent":0,"menu_order":270,"comment_status":"closed","ping_status":"closed","template":"","meta":{"_acf_changed":false,"footnotes":""},"folder":[6643],"class_list":["post-499586","page","type-page","status-publish","hentry"],"acf":[],"yoast_head":"<!-- This site is optimized with the Yoast SEO Premium plugin v26.0 (Yoast SEO v26.0) - https:\/\/yoast.com\/wordpress\/plugins\/seo\/ -->\n<title>Zewo<\/title>\n<meta name=\"description\" content=\"Avec une offre de plus de dix millions de photos, Keystone est la plus grande agence de Suisse. Les organisations titulaires du label de qualit\u00e9 Zewo b\u00e9n\u00e9ficient d\u2019un rabais sur les licences.\" \/>\n<meta name=\"robots\" content=\"index, follow, max-snippet:-1, max-image-preview:large, max-video-preview:-1\" \/>\n<link rel=\"canonical\" href=\"https:\/\/zewo.ch\/fr\/keystone-sda\/\" \/>\n<meta property=\"og:locale\" content=\"fr_FR\" \/>\n<meta property=\"og:type\" content=\"article\" \/>\n<meta property=\"og:description\" content=\"Avec une offre de plus de dix millions de photos, Keystone est la plus grande agence de Suisse. Les organisations titulaires du label de qualit\u00e9 Zewo b\u00e9n\u00e9ficient d\u2019un rabais sur les licences.\" \/>\n<meta property=\"og:url\" content=\"https:\/\/zewo.ch\/fr\/keystone-sda\/\" \/>\n<meta property=\"og:site_name\" content=\"Zewo\" \/>\n<meta property=\"article:publisher\" content=\"https:\/\/www.facebook.com\/Stiftung.ZEWO\/\" \/>\n<meta property=\"article:modified_time\" content=\"2021-03-23T09:03:34+00:00\" \/>\n<meta property=\"og:image\" content=\"https:\/\/zewo.ch\/wp-content\/uploads\/2019\/05\/Keystone-SDA-Logo-244431-detailnp.png\" \/>\n<meta name=\"twitter:card\" content=\"summary_large_image\" \/>\n<meta name=\"twitter:site\" content=\"@stiftung_zewo\" \/>\n<script type=\"application\/ld+json\" class=\"yoast-schema-graph\">{\"@context\":\"https:\/\/schema.org\",\"@graph\":[{\"@type\":\"WebPage\",\"@id\":\"https:\/\/zewo.ch\/fr\/keystone-sda\/#webpage\",\"url\":\"https:\/\/zewo.ch\/fr\/keystone-sda\/#webpage\",\"name\":\"\",\"isPartOf\":{\"@id\":\"https:\/\/zewo.ch\/fr\/#website\"},\"primaryImageOfPage\":{\"@id\":\"https:\/\/zewo.ch\/fr\/keystone-sda\/#primaryimage\"},\"image\":{\"@id\":\"https:\/\/zewo.ch\/fr\/keystone-sda\/#primaryimage\"},\"thumbnailUrl\":\"https:\/\/zewo.ch\/wp-content\/uploads\/2019\/05\/Keystone-SDA-Logo-244431-detailnp.png\",\"datePublished\":\"2019-08-09T06:21:00+00:00\",\"dateModified\":\"2021-03-23T09:03:34+00:00\",\"description\":\"Avec une offre de plus de dix millions de photos, Keystone est la plus grande agence de Suisse. Les organisations titulaires du label de qualit\u00e9 Zewo b\u00e9n\u00e9ficient d\u2019un rabais sur les licences.\",\"breadcrumb\":{\"@id\":\"https:\/\/zewo.ch\/fr\/keystone-sda\/#breadcrumb\"},\"inLanguage\":\"fr-FR\",\"potentialAction\":[{\"@type\":\"ReadAction\",\"target\":[\"https:\/\/zewo.ch\/fr\/keystone-sda\/\"]}]},{\"@type\":\"ImageObject\",\"inLanguage\":\"fr-FR\",\"@id\":\"https:\/\/zewo.ch\/fr\/keystone-sda\/#primaryimage\",\"url\":\"https:\/\/zewo.ch\/wp-content\/uploads\/2019\/05\/Keystone-SDA-Logo-244431-detailnp.png\",\"contentUrl\":\"https:\/\/zewo.ch\/wp-content\/uploads\/2019\/05\/Keystone-SDA-Logo-244431-detailnp.png\"},{\"@type\":\"BreadcrumbList\",\"@id\":\"https:\/\/zewo.ch\/fr\/keystone-sda\/#breadcrumb\",\"itemListElement\":[{\"@type\":\"ListItem\",\"position\":1,\"name\":\"Home\",\"item\":\"https:\/\/zewo.ch\/fr\/\"},{\"@type\":\"ListItem\",\"position\":2,\"name\":\"Keystone-SDA\"}]},{\"@type\":\"WebSite\",\"@id\":\"https:\/\/zewo.ch\/fr\/#website\",\"url\":\"https:\/\/zewo.ch\/fr\/\",\"name\":\"Zewo\",\"description\":\"Votre don en bonnes mains.\",\"publisher\":{\"@id\":\"https:\/\/zewo.ch\/fr\/#organization\"},\"potentialAction\":[{\"@type\":\"SearchAction\",\"target\":{\"@type\":\"EntryPoint\",\"urlTemplate\":\"https:\/\/zewo.ch\/fr\/?s={search_term_string}\"},\"query-input\":{\"@type\":\"PropertyValueSpecification\",\"valueRequired\":true,\"valueName\":\"search_term_string\"}}],\"inLanguage\":\"fr-FR\"},{\"@type\":\"Organization\",\"@id\":\"https:\/\/zewo.ch\/fr\/#organization\",\"name\":\"Stiftung Zewo\",\"url\":\"https:\/\/zewo.ch\/fr\/\",\"logo\":{\"@type\":\"ImageObject\",\"inLanguage\":\"fr-FR\",\"@id\":\"https:\/\/zewo.ch\/fr\/#\/schema\/logo\/image\/\",\"url\":\"https:\/\/zewo.ch\/wp-content\/uploads\/2019\/08\/Zewo_Logo_Claim_D.svg\",\"contentUrl\":\"https:\/\/zewo.ch\/wp-content\/uploads\/2019\/08\/Zewo_Logo_Claim_D.svg\",\"width\":1,\"height\":1,\"caption\":\"Stiftung Zewo\"},\"image\":{\"@id\":\"https:\/\/zewo.ch\/fr\/#\/schema\/logo\/image\/\"},\"sameAs\":[\"https:\/\/www.facebook.com\/Stiftung.ZEWO\/\",\"https:\/\/x.com\/stiftung_zewo\",\"https:\/\/www.linkedin.com\/company\/stiftung-zewo\",\"https:\/\/www.youtube.com\/channel\/UCzjsVJro12OXcvvx1LQP8tw\",\"https:\/\/de.wikipedia.org\/wiki\/Zewo\"]}]}<\/script>\n<!-- \/ Yoast SEO Premium plugin. -->","yoast_head_json":{"title":"Zewo","description":"Avec une offre de plus de dix millions de photos, Keystone est la plus grande agence de Suisse. Les organisations titulaires du label de qualit\u00e9 Zewo b\u00e9n\u00e9ficient d\u2019un rabais sur les licences.","robots":{"index":"index","follow":"follow","max-snippet":"max-snippet:-1","max-image-preview":"max-image-preview:large","max-video-preview":"max-video-preview:-1"},"canonical":"https:\/\/zewo.ch\/fr\/keystone-sda\/","og_locale":"fr_FR","og_type":"article","og_description":"Avec une offre de plus de dix millions de photos, Keystone est la plus grande agence de Suisse. Les organisations titulaires du label de qualit\u00e9 Zewo b\u00e9n\u00e9ficient d\u2019un rabais sur les licences.","og_url":"https:\/\/zewo.ch\/fr\/keystone-sda\/","og_site_name":"Zewo","article_publisher":"https:\/\/www.facebook.com\/Stiftung.ZEWO\/","article_modified_time":"2021-03-23T09:03:34+00:00","og_image":[{"url":"https:\/\/zewo.ch\/wp-content\/uploads\/2019\/05\/Keystone-SDA-Logo-244431-detailnp.png","type":"","width":"","height":""}],"twitter_card":"summary_large_image","twitter_site":"@stiftung_zewo","schema":{"@context":"https:\/\/schema.org","@graph":[{"@type":"WebPage","@id":"https:\/\/zewo.ch\/fr\/keystone-sda\/#webpage","url":"https:\/\/zewo.ch\/fr\/keystone-sda\/#webpage","name":"","isPartOf":{"@id":"https:\/\/zewo.ch\/fr\/#website"},"primaryImageOfPage":{"@id":"https:\/\/zewo.ch\/fr\/keystone-sda\/#primaryimage"},"image":{"@id":"https:\/\/zewo.ch\/fr\/keystone-sda\/#primaryimage"},"thumbnailUrl":"https:\/\/zewo.ch\/wp-content\/uploads\/2019\/05\/Keystone-SDA-Logo-244431-detailnp.png","datePublished":"2019-08-09T06:21:00+00:00","dateModified":"2021-03-23T09:03:34+00:00","description":"Avec une offre de plus de dix millions de photos, Keystone est la plus grande agence de Suisse. Les organisations titulaires du label de qualit\u00e9 Zewo b\u00e9n\u00e9ficient d\u2019un rabais sur les licences.","breadcrumb":{"@id":"https:\/\/zewo.ch\/fr\/keystone-sda\/#breadcrumb"},"inLanguage":"fr-FR","potentialAction":[{"@type":"ReadAction","target":["https:\/\/zewo.ch\/fr\/keystone-sda\/"]}]},{"@type":"ImageObject","inLanguage":"fr-FR","@id":"https:\/\/zewo.ch\/fr\/keystone-sda\/#primaryimage","url":"https:\/\/zewo.ch\/wp-content\/uploads\/2019\/05\/Keystone-SDA-Logo-244431-detailnp.png","contentUrl":"https:\/\/zewo.ch\/wp-content\/uploads\/2019\/05\/Keystone-SDA-Logo-244431-detailnp.png"},{"@type":"BreadcrumbList","@id":"https:\/\/zewo.ch\/fr\/keystone-sda\/#breadcrumb","itemListElement":[{"@type":"ListItem","position":1,"name":"Home","item":"https:\/\/zewo.ch\/fr\/"},{"@type":"ListItem","position":2,"name":"Keystone-SDA"}]},{"@type":"WebSite","@id":"https:\/\/zewo.ch\/fr\/#website","url":"https:\/\/zewo.ch\/fr\/","name":"Zewo","description":"Votre don en bonnes mains.","publisher":{"@id":"https:\/\/zewo.ch\/fr\/#organization"},"potentialAction":[{"@type":"SearchAction","target":{"@type":"EntryPoint","urlTemplate":"https:\/\/zewo.ch\/fr\/?s={search_term_string}"},"query-input":{"@type":"PropertyValueSpecification","valueRequired":true,"valueName":"search_term_string"}}],"inLanguage":"fr-FR"},{"@type":"Organization","@id":"https:\/\/zewo.ch\/fr\/#organization","name":"Stiftung Zewo","url":"https:\/\/zewo.ch\/fr\/","logo":{"@type":"ImageObject","inLanguage":"fr-FR","@id":"https:\/\/zewo.ch\/fr\/#\/schema\/logo\/image\/","url":"https:\/\/zewo.ch\/wp-content\/uploads\/2019\/08\/Zewo_Logo_Claim_D.svg","contentUrl":"https:\/\/zewo.ch\/wp-content\/uploads\/2019\/08\/Zewo_Logo_Claim_D.svg","width":1,"height":1,"caption":"Stiftung Zewo"},"image":{"@id":"https:\/\/zewo.ch\/fr\/#\/schema\/logo\/image\/"},"sameAs":["https:\/\/www.facebook.com\/Stiftung.ZEWO\/","https:\/\/x.com\/stiftung_zewo","https:\/\/www.linkedin.com\/company\/stiftung-zewo","https:\/\/www.youtube.com\/channel\/UCzjsVJro12OXcvvx1LQP8tw","https:\/\/de.wikipedia.org\/wiki\/Zewo"]}]}},"publishpress_future_action":{"enabled":false,"date":"2026-04-25 12:50:43","action":"change-status","newStatus":"draft","terms":[],"taxonomy":"translation_priority","extraData":[]},"publishpress_future_workflow_manual_trigger":{"enabledWorkflows":[]},"_links":{"self":[{"href":"https:\/\/zewo.ch\/fr\/wp-json\/wp\/v2\/pages\/499586","targetHints":{"allow":["GET"]}}],"collection":[{"href":"https:\/\/zewo.ch\/fr\/wp-json\/wp\/v2\/pages"}],"about":[{"href":"https:\/\/zewo.ch\/fr\/wp-json\/wp\/v2\/types\/page"}],"author":[{"embeddable":true,"href":"https:\/\/zewo.ch\/fr\/wp-json\/wp\/v2\/users\/38"}],"replies":[{"embeddable":true,"href":"https:\/\/zewo.ch\/fr\/wp-json\/wp\/v2\/comments?post=499586"}],"version-history":[{"count":9,"href":"https:\/\/zewo.ch\/fr\/wp-json\/wp\/v2\/pages\/499586\/revisions"}],"predecessor-version":[{"id":4666966,"href":"https:\/\/zewo.ch\/fr\/wp-json\/wp\/v2\/pages\/499586\/revisions\/4666966"}],"wp:attachment":[{"href":"https:\/\/zewo.ch\/fr\/wp-json\/wp\/v2\/media?parent=499586"}],"wp:term":[{"taxonomy":"folder","embeddable":true,"href":"https:\/\/zewo.ch\/fr\/wp-json\/wp\/v2\/folder?post=499586"}],"curies":[{"name":"wp","href":"https:\/\/api.w.org\/{rel}","templated":true}]}}