{"id":499559,"date":"2019-08-08T17:06:32","date_gmt":"2019-08-08T15:06:32","guid":{"rendered":"https:\/\/www.zewo.ch\/?page_id=499559"},"modified":"2022-03-09T15:20:46","modified_gmt":"2022-03-09T14:20:46","slug":"google-ad-grants","status":"publish","type":"page","link":"https:\/\/zewo.ch\/fr\/google-ad-grants\/","title":{"rendered":"Google Ad Grants"},"content":{"rendered":"\n<h2 class=\"wp-block-heading\" id=\"h-offre-attractive-pour-les-obnl-titulaires-du-label-de-qualit-zewo\">Offre attractive pour les OBNL titulaires du label de qualit\u00e9 Zewo<\/h2>\n\n\n\n<figure class=\"wp-block-image\"><img loading=\"lazy\" decoding=\"async\" width=\"1024\" height=\"285\" src=\"https:\/\/zewo.ch\/wp-content\/uploads\/2019\/05\/google-ad-grants-1024x285-1024x285.png\" alt=\"\" class=\"wp-image-123867\" srcset=\"https:\/\/zewo.ch\/wp-content\/uploads\/2019\/05\/google-ad-grants-1024x285.png 1024w, https:\/\/zewo.ch\/wp-content\/uploads\/2019\/05\/google-ad-grants-1024x285-300x83.png 300w, https:\/\/zewo.ch\/wp-content\/uploads\/2019\/05\/google-ad-grants-1024x285-768x214.png 768w\" sizes=\"auto, (min-width: 960px) 75vw, 100vw\" \/><\/figure>\n\n\n\n<p>Google, le c\u00e9l\u00e8bre moteur de recherche Internet, propose une plateforme publicitaire gratuite avec son programme Google Ad Grants. Les OBNL suisses placent cette <strong>publicit\u00e9 gratuite <\/strong>pour une dur\u00e9e d\u2019au moins trois mois sur Google. Vous trouverez plus d\u2019informations et le formulaire d\u2019inscription en ligne. <\/p>\n\n\n\n<ul class=\"wp-block-cgb-block-zewo-block-links container container-columns-1\">\n<li class=\"wp-block-cgb-block-zewo-block-link ab-block-link\"><a href=\"https:\/\/www.google.ch\/intl\/fr_ch\/grants\/eligibility\/\" target=\"_blank\" rel=\"noopener noreferrer\" class=\"button\"><span>Conditions de participation et inscription<\/span><span class=\"button-arrow--long\"><\/span><\/a><\/li>\n\n\n\n<li class=\"wp-block-cgb-block-zewo-block-link ab-block-link\"><a href=\"https:\/\/www.google.ch\/intl\/fr_ch\/grants\/benefits\/\" target=\"_blank\" rel=\"noopener noreferrer\" class=\"button\"><span>Avantages<\/span><span class=\"button-arrow--long\"><\/span><\/a><\/li>\n\n\n\n<p>&nbsp;&nbsp;&nbsp;&nbsp;<\/p>\n\n\n\n<div class=\"wp-block-cgb-block-zewo-block-button ab-block-button\"><a href=\"https:\/\/zewo.ch\/fr\/avantages-pour-les-organisations-titulaires-du-label-de-qualite-zewo\/\" class=\"button primary\"><span class=\"button-arrow\"><\/span>Retour \u00e0 l&rsquo;aper\u00e7u<\/a><\/div>\n<\/ul>\n","protected":false},"excerpt":{"rendered":"<p>Offre attractive pour les OBNL titulaires du label de qualit\u00e9 Zewo Google, le c\u00e9l\u00e8bre moteur de recherche Internet, propose une plateforme publicitaire gratuite avec son programme Google Ad Grants. Les OBNL suisses placent cette publicit\u00e9 gratuite pour une dur\u00e9e d\u2019au moins trois mois sur Google. Vous trouverez plus d\u2019informations et le formulaire d\u2019inscription en ligne.<\/p>\n","protected":false},"author":38,"featured_media":0,"parent":0,"menu_order":266,"comment_status":"closed","ping_status":"closed","template":"","meta":{"_acf_changed":false,"footnotes":""},"folder":[6643],"class_list":["post-499559","page","type-page","status-publish","hentry"],"acf":[],"yoast_head":"<!-- This site is optimized with the Yoast SEO Premium plugin v26.0 (Yoast SEO v26.0) - https:\/\/yoast.com\/wordpress\/plugins\/seo\/ -->\n<title>Zewo<\/title>\n<meta name=\"description\" content=\"Google, le c\u00e9l\u00e8bre moteur de recherche Internet, propose une plateforme publicitaire gratuite avec son programme Google Ad Grants. Les b\u00e9n\u00e9ficiaires suisses placent cette publicit\u00e9 gratuite sur Google.\" \/>\n<meta name=\"robots\" content=\"index, follow, max-snippet:-1, max-image-preview:large, max-video-preview:-1\" \/>\n<link rel=\"canonical\" href=\"https:\/\/zewo.ch\/fr\/google-ad-grants\/\" \/>\n<meta property=\"og:locale\" content=\"fr_FR\" \/>\n<meta property=\"og:type\" content=\"article\" \/>\n<meta property=\"og:description\" content=\"Google, le c\u00e9l\u00e8bre moteur de recherche Internet, propose une plateforme publicitaire gratuite avec son programme Google Ad Grants. Les b\u00e9n\u00e9ficiaires suisses placent cette publicit\u00e9 gratuite sur Google.\" \/>\n<meta property=\"og:url\" content=\"https:\/\/zewo.ch\/fr\/google-ad-grants\/\" \/>\n<meta property=\"og:site_name\" content=\"Zewo\" \/>\n<meta property=\"article:publisher\" content=\"https:\/\/www.facebook.com\/Stiftung.ZEWO\/\" \/>\n<meta property=\"article:modified_time\" content=\"2022-03-09T14:20:46+00:00\" \/>\n<meta property=\"og:image\" content=\"https:\/\/zewo.ch\/wp-content\/uploads\/2019\/05\/google-ad-grants-1024x285-1024x285.png\" \/>\n<meta name=\"twitter:card\" content=\"summary_large_image\" \/>\n<meta name=\"twitter:site\" content=\"@stiftung_zewo\" \/>\n<meta name=\"twitter:label1\" content=\"Dur\u00e9e de lecture estim\u00e9e\" \/>\n\t<meta name=\"twitter:data1\" content=\"1 minute\" \/>\n<script type=\"application\/ld+json\" class=\"yoast-schema-graph\">{\"@context\":\"https:\/\/schema.org\",\"@graph\":[{\"@type\":\"WebPage\",\"@id\":\"https:\/\/zewo.ch\/fr\/google-ad-grants\/#webpage\",\"url\":\"https:\/\/zewo.ch\/fr\/google-ad-grants\/#webpage\",\"name\":\"\",\"isPartOf\":{\"@id\":\"https:\/\/zewo.ch\/fr\/#website\"},\"primaryImageOfPage\":{\"@id\":\"https:\/\/zewo.ch\/fr\/google-ad-grants\/#primaryimage\"},\"image\":{\"@id\":\"https:\/\/zewo.ch\/fr\/google-ad-grants\/#primaryimage\"},\"thumbnailUrl\":\"https:\/\/zewo.ch\/wp-content\/uploads\/2019\/05\/google-ad-grants-1024x285-1024x285.png\",\"datePublished\":\"2019-08-08T15:06:32+00:00\",\"dateModified\":\"2022-03-09T14:20:46+00:00\",\"description\":\"Google, le c\u00e9l\u00e8bre moteur de recherche Internet, propose une plateforme publicitaire gratuite avec son programme Google Ad Grants. Les b\u00e9n\u00e9ficiaires suisses placent cette publicit\u00e9 gratuite sur Google.\",\"breadcrumb\":{\"@id\":\"https:\/\/zewo.ch\/fr\/google-ad-grants\/#breadcrumb\"},\"inLanguage\":\"fr-FR\",\"potentialAction\":[{\"@type\":\"ReadAction\",\"target\":[\"https:\/\/zewo.ch\/fr\/google-ad-grants\/\"]}]},{\"@type\":\"ImageObject\",\"inLanguage\":\"fr-FR\",\"@id\":\"https:\/\/zewo.ch\/fr\/google-ad-grants\/#primaryimage\",\"url\":\"https:\/\/zewo.ch\/wp-content\/uploads\/2019\/05\/google-ad-grants-1024x285-1024x285.png\",\"contentUrl\":\"https:\/\/zewo.ch\/wp-content\/uploads\/2019\/05\/google-ad-grants-1024x285-1024x285.png\"},{\"@type\":\"BreadcrumbList\",\"@id\":\"https:\/\/zewo.ch\/fr\/google-ad-grants\/#breadcrumb\",\"itemListElement\":[{\"@type\":\"ListItem\",\"position\":1,\"name\":\"Home\",\"item\":\"https:\/\/zewo.ch\/fr\/\"},{\"@type\":\"ListItem\",\"position\":2,\"name\":\"Google Ad Grants\"}]},{\"@type\":\"WebSite\",\"@id\":\"https:\/\/zewo.ch\/fr\/#website\",\"url\":\"https:\/\/zewo.ch\/fr\/\",\"name\":\"Zewo\",\"description\":\"Votre don en bonnes mains.\",\"publisher\":{\"@id\":\"https:\/\/zewo.ch\/fr\/#organization\"},\"potentialAction\":[{\"@type\":\"SearchAction\",\"target\":{\"@type\":\"EntryPoint\",\"urlTemplate\":\"https:\/\/zewo.ch\/fr\/?s={search_term_string}\"},\"query-input\":{\"@type\":\"PropertyValueSpecification\",\"valueRequired\":true,\"valueName\":\"search_term_string\"}}],\"inLanguage\":\"fr-FR\"},{\"@type\":\"Organization\",\"@id\":\"https:\/\/zewo.ch\/fr\/#organization\",\"name\":\"Stiftung Zewo\",\"url\":\"https:\/\/zewo.ch\/fr\/\",\"logo\":{\"@type\":\"ImageObject\",\"inLanguage\":\"fr-FR\",\"@id\":\"https:\/\/zewo.ch\/fr\/#\/schema\/logo\/image\/\",\"url\":\"https:\/\/zewo.ch\/wp-content\/uploads\/2019\/08\/Zewo_Logo_Claim_D.svg\",\"contentUrl\":\"https:\/\/zewo.ch\/wp-content\/uploads\/2019\/08\/Zewo_Logo_Claim_D.svg\",\"width\":1,\"height\":1,\"caption\":\"Stiftung Zewo\"},\"image\":{\"@id\":\"https:\/\/zewo.ch\/fr\/#\/schema\/logo\/image\/\"},\"sameAs\":[\"https:\/\/www.facebook.com\/Stiftung.ZEWO\/\",\"https:\/\/x.com\/stiftung_zewo\",\"https:\/\/www.linkedin.com\/company\/stiftung-zewo\",\"https:\/\/www.youtube.com\/channel\/UCzjsVJro12OXcvvx1LQP8tw\",\"https:\/\/de.wikipedia.org\/wiki\/Zewo\"]}]}<\/script>\n<!-- \/ Yoast SEO Premium plugin. -->","yoast_head_json":{"title":"Zewo","description":"Google, le c\u00e9l\u00e8bre moteur de recherche Internet, propose une plateforme publicitaire gratuite avec son programme Google Ad Grants. Les b\u00e9n\u00e9ficiaires suisses placent cette publicit\u00e9 gratuite sur Google.","robots":{"index":"index","follow":"follow","max-snippet":"max-snippet:-1","max-image-preview":"max-image-preview:large","max-video-preview":"max-video-preview:-1"},"canonical":"https:\/\/zewo.ch\/fr\/google-ad-grants\/","og_locale":"fr_FR","og_type":"article","og_description":"Google, le c\u00e9l\u00e8bre moteur de recherche Internet, propose une plateforme publicitaire gratuite avec son programme Google Ad Grants. Les b\u00e9n\u00e9ficiaires suisses placent cette publicit\u00e9 gratuite sur Google.","og_url":"https:\/\/zewo.ch\/fr\/google-ad-grants\/","og_site_name":"Zewo","article_publisher":"https:\/\/www.facebook.com\/Stiftung.ZEWO\/","article_modified_time":"2022-03-09T14:20:46+00:00","og_image":[{"url":"https:\/\/zewo.ch\/wp-content\/uploads\/2019\/05\/google-ad-grants-1024x285-1024x285.png","type":"","width":"","height":""}],"twitter_card":"summary_large_image","twitter_site":"@stiftung_zewo","twitter_misc":{"Dur\u00e9e de lecture estim\u00e9e":"1 minute"},"schema":{"@context":"https:\/\/schema.org","@graph":[{"@type":"WebPage","@id":"https:\/\/zewo.ch\/fr\/google-ad-grants\/#webpage","url":"https:\/\/zewo.ch\/fr\/google-ad-grants\/#webpage","name":"","isPartOf":{"@id":"https:\/\/zewo.ch\/fr\/#website"},"primaryImageOfPage":{"@id":"https:\/\/zewo.ch\/fr\/google-ad-grants\/#primaryimage"},"image":{"@id":"https:\/\/zewo.ch\/fr\/google-ad-grants\/#primaryimage"},"thumbnailUrl":"https:\/\/zewo.ch\/wp-content\/uploads\/2019\/05\/google-ad-grants-1024x285-1024x285.png","datePublished":"2019-08-08T15:06:32+00:00","dateModified":"2022-03-09T14:20:46+00:00","description":"Google, le c\u00e9l\u00e8bre moteur de recherche Internet, propose une plateforme publicitaire gratuite avec son programme Google Ad Grants. Les b\u00e9n\u00e9ficiaires suisses placent cette publicit\u00e9 gratuite sur Google.","breadcrumb":{"@id":"https:\/\/zewo.ch\/fr\/google-ad-grants\/#breadcrumb"},"inLanguage":"fr-FR","potentialAction":[{"@type":"ReadAction","target":["https:\/\/zewo.ch\/fr\/google-ad-grants\/"]}]},{"@type":"ImageObject","inLanguage":"fr-FR","@id":"https:\/\/zewo.ch\/fr\/google-ad-grants\/#primaryimage","url":"https:\/\/zewo.ch\/wp-content\/uploads\/2019\/05\/google-ad-grants-1024x285-1024x285.png","contentUrl":"https:\/\/zewo.ch\/wp-content\/uploads\/2019\/05\/google-ad-grants-1024x285-1024x285.png"},{"@type":"BreadcrumbList","@id":"https:\/\/zewo.ch\/fr\/google-ad-grants\/#breadcrumb","itemListElement":[{"@type":"ListItem","position":1,"name":"Home","item":"https:\/\/zewo.ch\/fr\/"},{"@type":"ListItem","position":2,"name":"Google Ad Grants"}]},{"@type":"WebSite","@id":"https:\/\/zewo.ch\/fr\/#website","url":"https:\/\/zewo.ch\/fr\/","name":"Zewo","description":"Votre don en bonnes mains.","publisher":{"@id":"https:\/\/zewo.ch\/fr\/#organization"},"potentialAction":[{"@type":"SearchAction","target":{"@type":"EntryPoint","urlTemplate":"https:\/\/zewo.ch\/fr\/?s={search_term_string}"},"query-input":{"@type":"PropertyValueSpecification","valueRequired":true,"valueName":"search_term_string"}}],"inLanguage":"fr-FR"},{"@type":"Organization","@id":"https:\/\/zewo.ch\/fr\/#organization","name":"Stiftung Zewo","url":"https:\/\/zewo.ch\/fr\/","logo":{"@type":"ImageObject","inLanguage":"fr-FR","@id":"https:\/\/zewo.ch\/fr\/#\/schema\/logo\/image\/","url":"https:\/\/zewo.ch\/wp-content\/uploads\/2019\/08\/Zewo_Logo_Claim_D.svg","contentUrl":"https:\/\/zewo.ch\/wp-content\/uploads\/2019\/08\/Zewo_Logo_Claim_D.svg","width":1,"height":1,"caption":"Stiftung Zewo"},"image":{"@id":"https:\/\/zewo.ch\/fr\/#\/schema\/logo\/image\/"},"sameAs":["https:\/\/www.facebook.com\/Stiftung.ZEWO\/","https:\/\/x.com\/stiftung_zewo","https:\/\/www.linkedin.com\/company\/stiftung-zewo","https:\/\/www.youtube.com\/channel\/UCzjsVJro12OXcvvx1LQP8tw","https:\/\/de.wikipedia.org\/wiki\/Zewo"]}]}},"publishpress_future_action":{"enabled":false,"date":"2026-04-22 18:32:29","action":"change-status","newStatus":"draft","terms":[],"taxonomy":"translation_priority","extraData":[]},"publishpress_future_workflow_manual_trigger":{"enabledWorkflows":[]},"_links":{"self":[{"href":"https:\/\/zewo.ch\/fr\/wp-json\/wp\/v2\/pages\/499559","targetHints":{"allow":["GET"]}}],"collection":[{"href":"https:\/\/zewo.ch\/fr\/wp-json\/wp\/v2\/pages"}],"about":[{"href":"https:\/\/zewo.ch\/fr\/wp-json\/wp\/v2\/types\/page"}],"author":[{"embeddable":true,"href":"https:\/\/zewo.ch\/fr\/wp-json\/wp\/v2\/users\/38"}],"replies":[{"embeddable":true,"href":"https:\/\/zewo.ch\/fr\/wp-json\/wp\/v2\/comments?post=499559"}],"version-history":[{"count":9,"href":"https:\/\/zewo.ch\/fr\/wp-json\/wp\/v2\/pages\/499559\/revisions"}],"predecessor-version":[{"id":5787418,"href":"https:\/\/zewo.ch\/fr\/wp-json\/wp\/v2\/pages\/499559\/revisions\/5787418"}],"wp:attachment":[{"href":"https:\/\/zewo.ch\/fr\/wp-json\/wp\/v2\/media?parent=499559"}],"wp:term":[{"taxonomy":"folder","embeddable":true,"href":"https:\/\/zewo.ch\/fr\/wp-json\/wp\/v2\/folder?post=499559"}],"curies":[{"name":"wp","href":"https:\/\/api.w.org\/{rel}","templated":true}]}}