{"id":499553,"date":"2019-08-08T17:03:33","date_gmt":"2019-08-08T15:03:33","guid":{"rendered":"https:\/\/www.zewo.ch\/?page_id=499553"},"modified":"2025-01-14T09:24:25","modified_gmt":"2025-01-14T08:24:25","slug":"goldbach-media","status":"publish","type":"page","link":"https:\/\/zewo.ch\/fr\/goldbach-media\/","title":{"rendered":"Goldbach Group AG"},"content":{"rendered":"\n<h2 class=\"wp-block-heading\" id=\"h-remise-pour-les-npo-titulaires-du-label-de-qualite-zewo\">Remise pour les NPO titulaires du label de qualit\u00e9 Zewo<\/h2>\n\n\n\n<figure class=\"wp-block-image is-resized\"><img loading=\"lazy\" decoding=\"async\" width=\"1024\" height=\"790\" src=\"https:\/\/zewo.ch\/wp-content\/uploads\/2019\/05\/d223a1850a4413c4c42b.jpg-1024x790.png\" alt=\"\" class=\"wp-image-123899\" style=\"width:512px;height:395px\" srcset=\"https:\/\/zewo.ch\/wp-content\/uploads\/2019\/05\/d223a1850a4413c4c42b.jpg-1024x790.png 1024w, https:\/\/zewo.ch\/wp-content\/uploads\/2019\/05\/d223a1850a4413c4c42b.jpg-300x231.png 300w, https:\/\/zewo.ch\/wp-content\/uploads\/2019\/05\/d223a1850a4413c4c42b.jpg-768x592.png 768w, https:\/\/zewo.ch\/wp-content\/uploads\/2019\/05\/d223a1850a4413c4c42b.jpg.png 1481w\" sizes=\"auto, (min-width: 960px) 75vw, 100vw\" \/><\/figure>\n\n\n\n<p>Goldbach Group AG offre aux organisations d&rsquo;utilit\u00e9 publique titulaires du label de qualit\u00e9 Zewo une r\u00e9duction de prix de 50% sur la publicit\u00e9.<\/p>\n\n\n\n<p>Vous pouvez profiter de ce rabais sur les produits suivants:<\/p>\n\n\n\n<ul class=\"wp-block-list\">\n<li>Publicit\u00e9 t\u00e9l\u00e9vis\u00e9e<\/li>\n\n\n\n<li>R\u00e9seau OOH &amp; DOOH (publicit\u00e9 ext\u00e9rieure num\u00e9rique)<\/li>\n\n\n\n<li>Publicit\u00e9 radio<\/li>\n\n\n\n<li>Publicit\u00e9 online<\/li>\n<\/ul>\n\n\n\n<h2 class=\"wp-block-heading\" id=\"h-contact\">Contact<\/h2>\n\n\n\n<p><strong>Goldbach Group AG<\/strong><br>Seestrasse 39<br>8700 K\u00fcsnacht<br>T\u00e9l. 044 914 92 00<br><a href=\"mailto:info.ch@goldbach.com\" target=\"_blank\" rel=\"noreferrer noopener\">info.ch@goldbach.com<\/a><br><a href=\"https:\/\/goldbach.com\/ch\/fr\/home\" target=\"_blank\" rel=\"noreferrer noopener\">www.goldbach.com<\/a><\/p>\n\n\n\n<div class=\"wp-block-cgb-block-zewo-block-button ab-block-button\"><a href=\"https:\/\/zewo.ch\/fr\/avantages-pour-les-organisations-titulaires-du-label-de-qualite-zewo\/\" class=\"button primary\"><span class=\"button-arrow\"><\/span>Retour \u00e0 l&rsquo;aper\u00e7u<\/a><\/div>\n","protected":false},"excerpt":{"rendered":"<p>Remise pour les NPO titulaires du label de qualit\u00e9 Zewo Goldbach Group AG offre aux organisations d&rsquo;utilit\u00e9 publique titulaires du label de qualit\u00e9 Zewo une r\u00e9duction de prix de 50% sur la publicit\u00e9. Vous pouvez profiter de ce rabais sur les produits suivants: Contact Goldbach Group AGSeestrasse 398700 K\u00fcsnachtT\u00e9l. 044 914 92 00info.ch@goldbach.comwww.goldbach.com<\/p>\n","protected":false},"author":38,"featured_media":0,"parent":0,"menu_order":265,"comment_status":"closed","ping_status":"closed","template":"","meta":{"_acf_changed":false,"footnotes":""},"folder":[6643],"class_list":["post-499553","page","type-page","status-publish","hentry"],"acf":[],"yoast_head":"<!-- This site is optimized with the Yoast SEO Premium plugin v26.0 (Yoast SEO v26.0) - https:\/\/yoast.com\/wordpress\/plugins\/seo\/ -->\n<title>Zewo<\/title>\n<meta name=\"description\" content=\"Goldbach Media accorde aux organisations titulaires du label de qualit\u00e9 Zewo un rabais sur la publicit\u00e9 radiophonique et t\u00e9l\u00e9vis\u00e9e.\" \/>\n<meta name=\"robots\" content=\"index, follow, max-snippet:-1, max-image-preview:large, max-video-preview:-1\" \/>\n<link rel=\"canonical\" href=\"https:\/\/zewo.ch\/fr\/goldbach-media\/\" \/>\n<meta property=\"og:locale\" content=\"fr_FR\" \/>\n<meta property=\"og:type\" content=\"article\" \/>\n<meta property=\"og:description\" content=\"Goldbach Media accorde aux organisations titulaires du label de qualit\u00e9 Zewo un rabais sur la publicit\u00e9 radiophonique et t\u00e9l\u00e9vis\u00e9e.\" \/>\n<meta property=\"og:url\" content=\"https:\/\/zewo.ch\/fr\/goldbach-media\/\" \/>\n<meta property=\"og:site_name\" content=\"Zewo\" \/>\n<meta property=\"article:publisher\" content=\"https:\/\/www.facebook.com\/Stiftung.ZEWO\/\" \/>\n<meta property=\"article:modified_time\" content=\"2025-01-14T08:24:25+00:00\" \/>\n<meta property=\"og:image\" content=\"https:\/\/zewo.ch\/wp-content\/uploads\/2019\/05\/d223a1850a4413c4c42b.jpg-1024x790.png\" \/>\n<meta name=\"twitter:card\" content=\"summary_large_image\" \/>\n<meta name=\"twitter:site\" content=\"@stiftung_zewo\" \/>\n<meta name=\"twitter:label1\" content=\"Dur\u00e9e de lecture estim\u00e9e\" \/>\n\t<meta name=\"twitter:data1\" content=\"1 minute\" \/>\n<script type=\"application\/ld+json\" class=\"yoast-schema-graph\">{\"@context\":\"https:\/\/schema.org\",\"@graph\":[{\"@type\":\"WebPage\",\"@id\":\"https:\/\/zewo.ch\/fr\/goldbach-media\/#webpage\",\"url\":\"https:\/\/zewo.ch\/fr\/goldbach-media\/#webpage\",\"name\":\"\",\"isPartOf\":{\"@id\":\"https:\/\/zewo.ch\/fr\/#website\"},\"primaryImageOfPage\":{\"@id\":\"https:\/\/zewo.ch\/fr\/goldbach-media\/#primaryimage\"},\"image\":{\"@id\":\"https:\/\/zewo.ch\/fr\/goldbach-media\/#primaryimage\"},\"thumbnailUrl\":\"https:\/\/zewo.ch\/wp-content\/uploads\/2019\/05\/d223a1850a4413c4c42b.jpg-1024x790.png\",\"datePublished\":\"2019-08-08T15:03:33+00:00\",\"dateModified\":\"2025-01-14T08:24:25+00:00\",\"description\":\"Goldbach Media accorde aux organisations titulaires du label de qualit\u00e9 Zewo un rabais sur la publicit\u00e9 radiophonique et t\u00e9l\u00e9vis\u00e9e.\",\"breadcrumb\":{\"@id\":\"https:\/\/zewo.ch\/fr\/goldbach-media\/#breadcrumb\"},\"inLanguage\":\"fr-FR\",\"potentialAction\":[{\"@type\":\"ReadAction\",\"target\":[\"https:\/\/zewo.ch\/fr\/goldbach-media\/\"]}]},{\"@type\":\"ImageObject\",\"inLanguage\":\"fr-FR\",\"@id\":\"https:\/\/zewo.ch\/fr\/goldbach-media\/#primaryimage\",\"url\":\"https:\/\/zewo.ch\/wp-content\/uploads\/2019\/05\/d223a1850a4413c4c42b.jpg-1024x790.png\",\"contentUrl\":\"https:\/\/zewo.ch\/wp-content\/uploads\/2019\/05\/d223a1850a4413c4c42b.jpg-1024x790.png\"},{\"@type\":\"BreadcrumbList\",\"@id\":\"https:\/\/zewo.ch\/fr\/goldbach-media\/#breadcrumb\",\"itemListElement\":[{\"@type\":\"ListItem\",\"position\":1,\"name\":\"Home\",\"item\":\"https:\/\/zewo.ch\/fr\/\"},{\"@type\":\"ListItem\",\"position\":2,\"name\":\"Goldbach Group AG\"}]},{\"@type\":\"WebSite\",\"@id\":\"https:\/\/zewo.ch\/fr\/#website\",\"url\":\"https:\/\/zewo.ch\/fr\/\",\"name\":\"Zewo\",\"description\":\"Votre don en bonnes mains.\",\"publisher\":{\"@id\":\"https:\/\/zewo.ch\/fr\/#organization\"},\"potentialAction\":[{\"@type\":\"SearchAction\",\"target\":{\"@type\":\"EntryPoint\",\"urlTemplate\":\"https:\/\/zewo.ch\/fr\/?s={search_term_string}\"},\"query-input\":{\"@type\":\"PropertyValueSpecification\",\"valueRequired\":true,\"valueName\":\"search_term_string\"}}],\"inLanguage\":\"fr-FR\"},{\"@type\":\"Organization\",\"@id\":\"https:\/\/zewo.ch\/fr\/#organization\",\"name\":\"Stiftung Zewo\",\"url\":\"https:\/\/zewo.ch\/fr\/\",\"logo\":{\"@type\":\"ImageObject\",\"inLanguage\":\"fr-FR\",\"@id\":\"https:\/\/zewo.ch\/fr\/#\/schema\/logo\/image\/\",\"url\":\"https:\/\/zewo.ch\/wp-content\/uploads\/2019\/08\/Zewo_Logo_Claim_D.svg\",\"contentUrl\":\"https:\/\/zewo.ch\/wp-content\/uploads\/2019\/08\/Zewo_Logo_Claim_D.svg\",\"width\":1,\"height\":1,\"caption\":\"Stiftung Zewo\"},\"image\":{\"@id\":\"https:\/\/zewo.ch\/fr\/#\/schema\/logo\/image\/\"},\"sameAs\":[\"https:\/\/www.facebook.com\/Stiftung.ZEWO\/\",\"https:\/\/x.com\/stiftung_zewo\",\"https:\/\/www.linkedin.com\/company\/stiftung-zewo\",\"https:\/\/www.youtube.com\/channel\/UCzjsVJro12OXcvvx1LQP8tw\",\"https:\/\/de.wikipedia.org\/wiki\/Zewo\"]}]}<\/script>\n<!-- \/ Yoast SEO Premium plugin. -->","yoast_head_json":{"title":"Zewo","description":"Goldbach Media accorde aux organisations titulaires du label de qualit\u00e9 Zewo un rabais sur la publicit\u00e9 radiophonique et t\u00e9l\u00e9vis\u00e9e.","robots":{"index":"index","follow":"follow","max-snippet":"max-snippet:-1","max-image-preview":"max-image-preview:large","max-video-preview":"max-video-preview:-1"},"canonical":"https:\/\/zewo.ch\/fr\/goldbach-media\/","og_locale":"fr_FR","og_type":"article","og_description":"Goldbach Media accorde aux organisations titulaires du label de qualit\u00e9 Zewo un rabais sur la publicit\u00e9 radiophonique et t\u00e9l\u00e9vis\u00e9e.","og_url":"https:\/\/zewo.ch\/fr\/goldbach-media\/","og_site_name":"Zewo","article_publisher":"https:\/\/www.facebook.com\/Stiftung.ZEWO\/","article_modified_time":"2025-01-14T08:24:25+00:00","og_image":[{"url":"https:\/\/zewo.ch\/wp-content\/uploads\/2019\/05\/d223a1850a4413c4c42b.jpg-1024x790.png","type":"","width":"","height":""}],"twitter_card":"summary_large_image","twitter_site":"@stiftung_zewo","twitter_misc":{"Dur\u00e9e de lecture estim\u00e9e":"1 minute"},"schema":{"@context":"https:\/\/schema.org","@graph":[{"@type":"WebPage","@id":"https:\/\/zewo.ch\/fr\/goldbach-media\/#webpage","url":"https:\/\/zewo.ch\/fr\/goldbach-media\/#webpage","name":"","isPartOf":{"@id":"https:\/\/zewo.ch\/fr\/#website"},"primaryImageOfPage":{"@id":"https:\/\/zewo.ch\/fr\/goldbach-media\/#primaryimage"},"image":{"@id":"https:\/\/zewo.ch\/fr\/goldbach-media\/#primaryimage"},"thumbnailUrl":"https:\/\/zewo.ch\/wp-content\/uploads\/2019\/05\/d223a1850a4413c4c42b.jpg-1024x790.png","datePublished":"2019-08-08T15:03:33+00:00","dateModified":"2025-01-14T08:24:25+00:00","description":"Goldbach Media accorde aux organisations titulaires du label de qualit\u00e9 Zewo un rabais sur la publicit\u00e9 radiophonique et t\u00e9l\u00e9vis\u00e9e.","breadcrumb":{"@id":"https:\/\/zewo.ch\/fr\/goldbach-media\/#breadcrumb"},"inLanguage":"fr-FR","potentialAction":[{"@type":"ReadAction","target":["https:\/\/zewo.ch\/fr\/goldbach-media\/"]}]},{"@type":"ImageObject","inLanguage":"fr-FR","@id":"https:\/\/zewo.ch\/fr\/goldbach-media\/#primaryimage","url":"https:\/\/zewo.ch\/wp-content\/uploads\/2019\/05\/d223a1850a4413c4c42b.jpg-1024x790.png","contentUrl":"https:\/\/zewo.ch\/wp-content\/uploads\/2019\/05\/d223a1850a4413c4c42b.jpg-1024x790.png"},{"@type":"BreadcrumbList","@id":"https:\/\/zewo.ch\/fr\/goldbach-media\/#breadcrumb","itemListElement":[{"@type":"ListItem","position":1,"name":"Home","item":"https:\/\/zewo.ch\/fr\/"},{"@type":"ListItem","position":2,"name":"Goldbach Group AG"}]},{"@type":"WebSite","@id":"https:\/\/zewo.ch\/fr\/#website","url":"https:\/\/zewo.ch\/fr\/","name":"Zewo","description":"Votre don en bonnes mains.","publisher":{"@id":"https:\/\/zewo.ch\/fr\/#organization"},"potentialAction":[{"@type":"SearchAction","target":{"@type":"EntryPoint","urlTemplate":"https:\/\/zewo.ch\/fr\/?s={search_term_string}"},"query-input":{"@type":"PropertyValueSpecification","valueRequired":true,"valueName":"search_term_string"}}],"inLanguage":"fr-FR"},{"@type":"Organization","@id":"https:\/\/zewo.ch\/fr\/#organization","name":"Stiftung Zewo","url":"https:\/\/zewo.ch\/fr\/","logo":{"@type":"ImageObject","inLanguage":"fr-FR","@id":"https:\/\/zewo.ch\/fr\/#\/schema\/logo\/image\/","url":"https:\/\/zewo.ch\/wp-content\/uploads\/2019\/08\/Zewo_Logo_Claim_D.svg","contentUrl":"https:\/\/zewo.ch\/wp-content\/uploads\/2019\/08\/Zewo_Logo_Claim_D.svg","width":1,"height":1,"caption":"Stiftung Zewo"},"image":{"@id":"https:\/\/zewo.ch\/fr\/#\/schema\/logo\/image\/"},"sameAs":["https:\/\/www.facebook.com\/Stiftung.ZEWO\/","https:\/\/x.com\/stiftung_zewo","https:\/\/www.linkedin.com\/company\/stiftung-zewo","https:\/\/www.youtube.com\/channel\/UCzjsVJro12OXcvvx1LQP8tw","https:\/\/de.wikipedia.org\/wiki\/Zewo"]}]}},"publishpress_future_action":{"enabled":false,"date":"2026-04-24 10:31:38","action":"change-status","newStatus":"draft","terms":[],"taxonomy":"translation_priority","extraData":[]},"publishpress_future_workflow_manual_trigger":{"enabledWorkflows":[]},"_links":{"self":[{"href":"https:\/\/zewo.ch\/fr\/wp-json\/wp\/v2\/pages\/499553","targetHints":{"allow":["GET"]}}],"collection":[{"href":"https:\/\/zewo.ch\/fr\/wp-json\/wp\/v2\/pages"}],"about":[{"href":"https:\/\/zewo.ch\/fr\/wp-json\/wp\/v2\/types\/page"}],"author":[{"embeddable":true,"href":"https:\/\/zewo.ch\/fr\/wp-json\/wp\/v2\/users\/38"}],"replies":[{"embeddable":true,"href":"https:\/\/zewo.ch\/fr\/wp-json\/wp\/v2\/comments?post=499553"}],"version-history":[{"count":10,"href":"https:\/\/zewo.ch\/fr\/wp-json\/wp\/v2\/pages\/499553\/revisions"}],"predecessor-version":[{"id":5926225,"href":"https:\/\/zewo.ch\/fr\/wp-json\/wp\/v2\/pages\/499553\/revisions\/5926225"}],"wp:attachment":[{"href":"https:\/\/zewo.ch\/fr\/wp-json\/wp\/v2\/media?parent=499553"}],"wp:term":[{"taxonomy":"folder","embeddable":true,"href":"https:\/\/zewo.ch\/fr\/wp-json\/wp\/v2\/folder?post=499553"}],"curies":[{"name":"wp","href":"https:\/\/api.w.org\/{rel}","templated":true}]}}