{"id":499549,"date":"2019-08-08T16:56:45","date_gmt":"2019-08-08T14:56:45","guid":{"rendered":"https:\/\/www.zewo.ch\/?page_id=499549"},"modified":"2024-12-04T17:30:01","modified_gmt":"2024-12-04T16:30:01","slug":"gassmann-media","status":"publish","type":"page","link":"https:\/\/zewo.ch\/fr\/gassmann-media\/","title":{"rendered":"Gassmann Media"},"content":{"rendered":"\n<h2 class=\"wp-block-heading\" id=\"h-avantage-pour-les-obnl-titulaires-du-label-de-qualite-zewo\">Avantage pour les OBNL titulaires du label de qualit\u00e9 Zewo<\/h2>\n\n\n\n<figure class=\"wp-block-image is-resized\"><img loading=\"lazy\" decoding=\"async\" width=\"800\" height=\"242\" src=\"https:\/\/zewo.ch\/wp-content\/uploads\/2019\/05\/Logo_groupe_Gassmann_rgb.jpg\" alt=\"Logo Gassmann Media\" class=\"wp-image-94667\" style=\"width:472px;height:auto\" srcset=\"https:\/\/zewo.ch\/wp-content\/uploads\/2019\/05\/Logo_groupe_Gassmann_rgb.jpg 800w, https:\/\/zewo.ch\/wp-content\/uploads\/2019\/05\/Logo_groupe_Gassmann_rgb-300x91.jpg 300w, https:\/\/zewo.ch\/wp-content\/uploads\/2019\/05\/Logo_groupe_Gassmann_rgb-768x232.jpg 768w\" sizes=\"auto, (min-width: 960px) 75vw, 100vw\" \/><\/figure>\n\n\n\n<p>Les organisations titulaires du label de qualit\u00e9 Zewo b\u00e9n\u00e9ficient d&rsquo;une <strong>r\u00e9duction de 50%<\/strong> (hors campagnes commerciales et petites annonces). <\/p>\n\n\n\n<ul class=\"wp-block-list\">\n<li>Bieler Tagblatt<\/li>\n\n\n\n<li>Journal du Jura<\/li>\n\n\n\n<li>Amtlicher Anzeiger Biel\/Leubringen<\/li>\n\n\n\n<li>Nidauer Anzeiger<\/li>\n\n\n\n<li>Biel Bienne<\/li>\n<\/ul>\n\n\n\n<h2 class=\"wp-block-heading\" id=\"h-contact\">Contact<\/h2>\n\n\n\n<p><strong>Gassmann Media AG<\/strong><br>Robert-Walser-Platz 7<br>Postfach 1344<br>2501 Biel \/ Bienne<br>T\u00e9l. 032 344 83 83<br><a href=\"mailto:service@gassmann.ch\">service@gassmann.ch<\/a><br><a aria-label=\" (\u00f6ffnet in neuem Tab)\" href=\"https:\/\/www.gassmann.ch\/fr\" target=\"_blank\" rel=\"noreferrer noopener\">www.gassmann.ch<\/a><br><\/p>\n\n\n\n<div class=\"wp-block-cgb-block-zewo-block-button ab-block-button\"><a href=\"https:\/\/zewo.ch\/fr\/avantages-pour-les-organisations-titulaires-du-label-de-qualite-zewo\/\" class=\"button primary\"><span class=\"button-arrow\"><\/span>Retour \u00e0 l&rsquo;aper\u00e7u<\/a><\/div>\n","protected":false},"excerpt":{"rendered":"<p>Avantage pour les OBNL titulaires du label de qualit\u00e9 Zewo Les organisations titulaires du label de qualit\u00e9 Zewo b\u00e9n\u00e9ficient d&rsquo;une r\u00e9duction de 50% (hors campagnes commerciales et petites annonces). Contact Gassmann Media AGRobert-Walser-Platz 7Postfach 13442501 Biel \/ BienneT\u00e9l. 032 344 83 83service@gassmann.chwww.gassmann.ch<\/p>\n","protected":false},"author":38,"featured_media":0,"parent":0,"menu_order":263,"comment_status":"closed","ping_status":"closed","template":"","meta":{"_acf_changed":false,"footnotes":""},"folder":[6643],"class_list":["post-499549","page","type-page","status-publish","hentry"],"acf":[],"yoast_head":"<!-- This site is optimized with the Yoast SEO Premium plugin v26.0 (Yoast SEO v26.0) - https:\/\/yoast.com\/wordpress\/plugins\/seo\/ -->\n<title>Zewo<\/title>\n<meta name=\"description\" content=\"Les organisations titulaires du label de qualit\u00e9 Zewo b\u00e9n\u00e9ficient d&#039;une r\u00e9duction chez Gassmann Media.\" \/>\n<meta name=\"robots\" content=\"index, follow, max-snippet:-1, max-image-preview:large, max-video-preview:-1\" \/>\n<link rel=\"canonical\" href=\"https:\/\/zewo.ch\/fr\/gassmann-media\/\" \/>\n<meta property=\"og:locale\" content=\"fr_FR\" \/>\n<meta property=\"og:type\" content=\"article\" \/>\n<meta property=\"og:description\" content=\"Les organisations titulaires du label de qualit\u00e9 Zewo b\u00e9n\u00e9ficient d&#039;une r\u00e9duction chez Gassmann Media.\" \/>\n<meta property=\"og:url\" content=\"https:\/\/zewo.ch\/fr\/gassmann-media\/\" \/>\n<meta property=\"og:site_name\" content=\"Zewo\" \/>\n<meta property=\"article:publisher\" content=\"https:\/\/www.facebook.com\/Stiftung.ZEWO\/\" \/>\n<meta property=\"article:modified_time\" content=\"2024-12-04T16:30:01+00:00\" \/>\n<meta property=\"og:image\" content=\"https:\/\/zewo.ch\/wp-content\/uploads\/2019\/05\/Logo_groupe_Gassmann_rgb.jpg\" \/>\n<meta name=\"twitter:card\" content=\"summary_large_image\" \/>\n<meta name=\"twitter:site\" content=\"@stiftung_zewo\" \/>\n<meta name=\"twitter:label1\" content=\"Dur\u00e9e de lecture estim\u00e9e\" \/>\n\t<meta name=\"twitter:data1\" content=\"1 minute\" \/>\n<script type=\"application\/ld+json\" class=\"yoast-schema-graph\">{\"@context\":\"https:\/\/schema.org\",\"@graph\":[{\"@type\":\"WebPage\",\"@id\":\"https:\/\/zewo.ch\/fr\/gassmann-media\/#webpage\",\"url\":\"https:\/\/zewo.ch\/fr\/gassmann-media\/#webpage\",\"name\":\"\",\"isPartOf\":{\"@id\":\"https:\/\/zewo.ch\/fr\/#website\"},\"primaryImageOfPage\":{\"@id\":\"https:\/\/zewo.ch\/fr\/gassmann-media\/#primaryimage\"},\"image\":{\"@id\":\"https:\/\/zewo.ch\/fr\/gassmann-media\/#primaryimage\"},\"thumbnailUrl\":\"https:\/\/zewo.ch\/wp-content\/uploads\/2019\/05\/Logo_groupe_Gassmann_rgb.jpg\",\"datePublished\":\"2019-08-08T14:56:45+00:00\",\"dateModified\":\"2024-12-04T16:30:01+00:00\",\"description\":\"Les organisations titulaires du label de qualit\u00e9 Zewo b\u00e9n\u00e9ficient d'une r\u00e9duction chez Gassmann Media.\",\"breadcrumb\":{\"@id\":\"https:\/\/zewo.ch\/fr\/gassmann-media\/#breadcrumb\"},\"inLanguage\":\"fr-FR\",\"potentialAction\":[{\"@type\":\"ReadAction\",\"target\":[\"https:\/\/zewo.ch\/fr\/gassmann-media\/\"]}]},{\"@type\":\"ImageObject\",\"inLanguage\":\"fr-FR\",\"@id\":\"https:\/\/zewo.ch\/fr\/gassmann-media\/#primaryimage\",\"url\":\"https:\/\/zewo.ch\/wp-content\/uploads\/2019\/05\/Logo_groupe_Gassmann_rgb.jpg\",\"contentUrl\":\"https:\/\/zewo.ch\/wp-content\/uploads\/2019\/05\/Logo_groupe_Gassmann_rgb.jpg\"},{\"@type\":\"BreadcrumbList\",\"@id\":\"https:\/\/zewo.ch\/fr\/gassmann-media\/#breadcrumb\",\"itemListElement\":[{\"@type\":\"ListItem\",\"position\":1,\"name\":\"Home\",\"item\":\"https:\/\/zewo.ch\/fr\/\"},{\"@type\":\"ListItem\",\"position\":2,\"name\":\"Gassmann Media\"}]},{\"@type\":\"WebSite\",\"@id\":\"https:\/\/zewo.ch\/fr\/#website\",\"url\":\"https:\/\/zewo.ch\/fr\/\",\"name\":\"Zewo\",\"description\":\"Votre don en bonnes mains.\",\"publisher\":{\"@id\":\"https:\/\/zewo.ch\/fr\/#organization\"},\"potentialAction\":[{\"@type\":\"SearchAction\",\"target\":{\"@type\":\"EntryPoint\",\"urlTemplate\":\"https:\/\/zewo.ch\/fr\/?s={search_term_string}\"},\"query-input\":{\"@type\":\"PropertyValueSpecification\",\"valueRequired\":true,\"valueName\":\"search_term_string\"}}],\"inLanguage\":\"fr-FR\"},{\"@type\":\"Organization\",\"@id\":\"https:\/\/zewo.ch\/fr\/#organization\",\"name\":\"Stiftung Zewo\",\"url\":\"https:\/\/zewo.ch\/fr\/\",\"logo\":{\"@type\":\"ImageObject\",\"inLanguage\":\"fr-FR\",\"@id\":\"https:\/\/zewo.ch\/fr\/#\/schema\/logo\/image\/\",\"url\":\"https:\/\/zewo.ch\/wp-content\/uploads\/2019\/08\/Zewo_Logo_Claim_D.svg\",\"contentUrl\":\"https:\/\/zewo.ch\/wp-content\/uploads\/2019\/08\/Zewo_Logo_Claim_D.svg\",\"width\":1,\"height\":1,\"caption\":\"Stiftung Zewo\"},\"image\":{\"@id\":\"https:\/\/zewo.ch\/fr\/#\/schema\/logo\/image\/\"},\"sameAs\":[\"https:\/\/www.facebook.com\/Stiftung.ZEWO\/\",\"https:\/\/x.com\/stiftung_zewo\",\"https:\/\/www.linkedin.com\/company\/stiftung-zewo\",\"https:\/\/www.youtube.com\/channel\/UCzjsVJro12OXcvvx1LQP8tw\",\"https:\/\/de.wikipedia.org\/wiki\/Zewo\"]}]}<\/script>\n<!-- \/ Yoast SEO Premium plugin. -->","yoast_head_json":{"title":"Zewo","description":"Les organisations titulaires du label de qualit\u00e9 Zewo b\u00e9n\u00e9ficient d'une r\u00e9duction chez Gassmann Media.","robots":{"index":"index","follow":"follow","max-snippet":"max-snippet:-1","max-image-preview":"max-image-preview:large","max-video-preview":"max-video-preview:-1"},"canonical":"https:\/\/zewo.ch\/fr\/gassmann-media\/","og_locale":"fr_FR","og_type":"article","og_description":"Les organisations titulaires du label de qualit\u00e9 Zewo b\u00e9n\u00e9ficient d'une r\u00e9duction chez Gassmann Media.","og_url":"https:\/\/zewo.ch\/fr\/gassmann-media\/","og_site_name":"Zewo","article_publisher":"https:\/\/www.facebook.com\/Stiftung.ZEWO\/","article_modified_time":"2024-12-04T16:30:01+00:00","og_image":[{"url":"https:\/\/zewo.ch\/wp-content\/uploads\/2019\/05\/Logo_groupe_Gassmann_rgb.jpg","type":"","width":"","height":""}],"twitter_card":"summary_large_image","twitter_site":"@stiftung_zewo","twitter_misc":{"Dur\u00e9e de lecture estim\u00e9e":"1 minute"},"schema":{"@context":"https:\/\/schema.org","@graph":[{"@type":"WebPage","@id":"https:\/\/zewo.ch\/fr\/gassmann-media\/#webpage","url":"https:\/\/zewo.ch\/fr\/gassmann-media\/#webpage","name":"","isPartOf":{"@id":"https:\/\/zewo.ch\/fr\/#website"},"primaryImageOfPage":{"@id":"https:\/\/zewo.ch\/fr\/gassmann-media\/#primaryimage"},"image":{"@id":"https:\/\/zewo.ch\/fr\/gassmann-media\/#primaryimage"},"thumbnailUrl":"https:\/\/zewo.ch\/wp-content\/uploads\/2019\/05\/Logo_groupe_Gassmann_rgb.jpg","datePublished":"2019-08-08T14:56:45+00:00","dateModified":"2024-12-04T16:30:01+00:00","description":"Les organisations titulaires du label de qualit\u00e9 Zewo b\u00e9n\u00e9ficient d'une r\u00e9duction chez Gassmann Media.","breadcrumb":{"@id":"https:\/\/zewo.ch\/fr\/gassmann-media\/#breadcrumb"},"inLanguage":"fr-FR","potentialAction":[{"@type":"ReadAction","target":["https:\/\/zewo.ch\/fr\/gassmann-media\/"]}]},{"@type":"ImageObject","inLanguage":"fr-FR","@id":"https:\/\/zewo.ch\/fr\/gassmann-media\/#primaryimage","url":"https:\/\/zewo.ch\/wp-content\/uploads\/2019\/05\/Logo_groupe_Gassmann_rgb.jpg","contentUrl":"https:\/\/zewo.ch\/wp-content\/uploads\/2019\/05\/Logo_groupe_Gassmann_rgb.jpg"},{"@type":"BreadcrumbList","@id":"https:\/\/zewo.ch\/fr\/gassmann-media\/#breadcrumb","itemListElement":[{"@type":"ListItem","position":1,"name":"Home","item":"https:\/\/zewo.ch\/fr\/"},{"@type":"ListItem","position":2,"name":"Gassmann Media"}]},{"@type":"WebSite","@id":"https:\/\/zewo.ch\/fr\/#website","url":"https:\/\/zewo.ch\/fr\/","name":"Zewo","description":"Votre don en bonnes mains.","publisher":{"@id":"https:\/\/zewo.ch\/fr\/#organization"},"potentialAction":[{"@type":"SearchAction","target":{"@type":"EntryPoint","urlTemplate":"https:\/\/zewo.ch\/fr\/?s={search_term_string}"},"query-input":{"@type":"PropertyValueSpecification","valueRequired":true,"valueName":"search_term_string"}}],"inLanguage":"fr-FR"},{"@type":"Organization","@id":"https:\/\/zewo.ch\/fr\/#organization","name":"Stiftung Zewo","url":"https:\/\/zewo.ch\/fr\/","logo":{"@type":"ImageObject","inLanguage":"fr-FR","@id":"https:\/\/zewo.ch\/fr\/#\/schema\/logo\/image\/","url":"https:\/\/zewo.ch\/wp-content\/uploads\/2019\/08\/Zewo_Logo_Claim_D.svg","contentUrl":"https:\/\/zewo.ch\/wp-content\/uploads\/2019\/08\/Zewo_Logo_Claim_D.svg","width":1,"height":1,"caption":"Stiftung Zewo"},"image":{"@id":"https:\/\/zewo.ch\/fr\/#\/schema\/logo\/image\/"},"sameAs":["https:\/\/www.facebook.com\/Stiftung.ZEWO\/","https:\/\/x.com\/stiftung_zewo","https:\/\/www.linkedin.com\/company\/stiftung-zewo","https:\/\/www.youtube.com\/channel\/UCzjsVJro12OXcvvx1LQP8tw","https:\/\/de.wikipedia.org\/wiki\/Zewo"]}]}},"publishpress_future_action":{"enabled":false,"date":"2026-04-23 03:21:43","action":"change-status","newStatus":"draft","terms":[],"taxonomy":"translation_priority","extraData":[]},"publishpress_future_workflow_manual_trigger":{"enabledWorkflows":[]},"_links":{"self":[{"href":"https:\/\/zewo.ch\/fr\/wp-json\/wp\/v2\/pages\/499549","targetHints":{"allow":["GET"]}}],"collection":[{"href":"https:\/\/zewo.ch\/fr\/wp-json\/wp\/v2\/pages"}],"about":[{"href":"https:\/\/zewo.ch\/fr\/wp-json\/wp\/v2\/types\/page"}],"author":[{"embeddable":true,"href":"https:\/\/zewo.ch\/fr\/wp-json\/wp\/v2\/users\/38"}],"replies":[{"embeddable":true,"href":"https:\/\/zewo.ch\/fr\/wp-json\/wp\/v2\/comments?post=499549"}],"version-history":[{"count":9,"href":"https:\/\/zewo.ch\/fr\/wp-json\/wp\/v2\/pages\/499549\/revisions"}],"predecessor-version":[{"id":5925774,"href":"https:\/\/zewo.ch\/fr\/wp-json\/wp\/v2\/pages\/499549\/revisions\/5925774"}],"wp:attachment":[{"href":"https:\/\/zewo.ch\/fr\/wp-json\/wp\/v2\/media?parent=499549"}],"wp:term":[{"taxonomy":"folder","embeddable":true,"href":"https:\/\/zewo.ch\/fr\/wp-json\/wp\/v2\/folder?post=499549"}],"curies":[{"name":"wp","href":"https:\/\/api.w.org\/{rel}","templated":true}]}}