{"id":499538,"date":"2019-08-08T16:49:14","date_gmt":"2019-08-08T14:49:14","guid":{"rendered":"https:\/\/www.zewo.ch\/?page_id=499538"},"modified":"2025-11-21T08:23:52","modified_gmt":"2025-11-21T07:23:52","slug":"apg-sga","status":"publish","type":"page","link":"https:\/\/zewo.ch\/fr\/apg-sga\/","title":{"rendered":"APG|SGA"},"content":{"rendered":"\n<h2 class=\"wp-block-heading\" id=\"h-remise-pour-les-obnl-titulaires-du-label-de-qualite-zewo\">Remise pour les OBNL titulaires du label de qualit\u00e9 Zewo<\/h2>\n\n\n\n<figure class=\"wp-block-image size-large is-resized\"><img loading=\"lazy\" decoding=\"async\" width=\"1024\" height=\"322\" src=\"https:\/\/zewo.ch\/wp-content\/uploads\/2025\/11\/Logo-APG-SGA-Out-of-Home-Media-farbig-rgb-002-1024x322.png\" alt=\"\" class=\"wp-image-5934518\" style=\"width:460px\" srcset=\"https:\/\/zewo.ch\/wp-content\/uploads\/2025\/11\/Logo-APG-SGA-Out-of-Home-Media-farbig-rgb-002-1024x322.png 1024w, https:\/\/zewo.ch\/wp-content\/uploads\/2025\/11\/Logo-APG-SGA-Out-of-Home-Media-farbig-rgb-002-300x94.png 300w, https:\/\/zewo.ch\/wp-content\/uploads\/2025\/11\/Logo-APG-SGA-Out-of-Home-Media-farbig-rgb-002-768x241.png 768w, https:\/\/zewo.ch\/wp-content\/uploads\/2025\/11\/Logo-APG-SGA-Out-of-Home-Media-farbig-rgb-002.png 1136w\" sizes=\"auto, (min-width: 960px) 75vw, 100vw\" \/><\/figure>\n\n\n\n<p>APG|SGA est le leader de la publicit\u00e9 ext\u00e9rieure en Suisse et offre des avantages en faveur d&rsquo;organisations portant le label Zewo. <\/p>\n\n\n\n<p>Il s&rsquo;agit notamment de :<\/p>\n\n\n\n<p><strong>50 % de r\u00e9duction <\/strong>(commission du conseiller comprise) sur toutes les r\u00e9servations.<\/p>\n\n\n\n<p>Exceptions: MegaPoster, F4, offres sp\u00e9ciales, ordres\/contrats longue dur\u00e9e (plus de 10 semaines), produits en dispo locale, ainsi que certaines entreprises (comme p.ex. les entreprises de transport ZVV, VBZ, BLT, BVB).<\/p>\n\n\n\n<h2 class=\"wp-block-heading\" id=\"h-contact\">Contact<\/h2>\n\n\n\n<p><strong>APG|SGA<\/strong>, Allgemeine Plakatgesellschaft AG<br>Giessh\u00fcbelstrasse 4<br>Postfach<br>8045 Z\u00fcrich<br>T\u00e9l. 058 220 70 00<br><a href=\"mailto:zuerich@apgsga.ch\">zuerich@apgsga.ch<\/a><br><a aria-label=\" (\u00f6ffnet in neuem Tab)\" href=\"https:\/\/www.apgsga.ch\/fr\/\" target=\"_blank\" rel=\"noreferrer noopener\">www.apgsga.ch<\/a><\/p>\n\n\n\n<div class=\"wp-block-cgb-block-zewo-block-button ab-block-button\"><a href=\"https:\/\/zewo.ch\/fr\/avantages-pour-les-organisations-titulaires-du-label-de-qualite-zewo\/\" class=\"button primary\"><span class=\"button-arrow\"><\/span>Retour \u00e0 l&rsquo;aper\u00e7u<\/a><\/div>\n","protected":false},"excerpt":{"rendered":"<p>Remise pour les OBNL titulaires du label de qualit\u00e9 Zewo APG|SGA est le leader de la publicit\u00e9 ext\u00e9rieure en Suisse et offre des avantages en faveur d&rsquo;organisations portant le label Zewo. Il s&rsquo;agit notamment de : 50 % de r\u00e9duction (commission du conseiller comprise) sur toutes les r\u00e9servations. Exceptions: MegaPoster, F4, offres sp\u00e9ciales, ordres\/contrats longue [&hellip;]<\/p>\n","protected":false},"author":38,"featured_media":0,"parent":0,"menu_order":261,"comment_status":"closed","ping_status":"closed","template":"","meta":{"_acf_changed":false,"footnotes":""},"folder":[6643],"class_list":["post-499538","page","type-page","status-publish","hentry"],"acf":[],"yoast_head":"<!-- This site is optimized with the Yoast SEO Premium plugin v26.0 (Yoast SEO v26.0) - https:\/\/yoast.com\/wordpress\/plugins\/seo\/ -->\n<title>Zewo<\/title>\n<meta name=\"description\" content=\"APG|SGA est le leader de la publicit\u00e9 ext\u00e9rieure en Suisse et offre des avantages en faveur d\u2019organisations portant le label Zewo.\" \/>\n<meta name=\"robots\" content=\"index, follow, max-snippet:-1, max-image-preview:large, max-video-preview:-1\" \/>\n<link rel=\"canonical\" href=\"https:\/\/zewo.ch\/fr\/apg-sga\/\" \/>\n<meta property=\"og:locale\" content=\"fr_FR\" \/>\n<meta property=\"og:type\" content=\"article\" \/>\n<meta property=\"og:description\" content=\"APG|SGA est le leader de la publicit\u00e9 ext\u00e9rieure en Suisse et offre des avantages en faveur d\u2019organisations portant le label Zewo.\" \/>\n<meta property=\"og:url\" content=\"https:\/\/zewo.ch\/fr\/apg-sga\/\" \/>\n<meta property=\"og:site_name\" content=\"Zewo\" \/>\n<meta property=\"article:publisher\" content=\"https:\/\/www.facebook.com\/Stiftung.ZEWO\/\" \/>\n<meta property=\"article:modified_time\" content=\"2025-11-21T07:23:52+00:00\" \/>\n<meta property=\"og:image\" content=\"https:\/\/zewo.ch\/wp-content\/uploads\/2025\/11\/Logo-APG-SGA-Out-of-Home-Media-farbig-rgb-002.png\" \/>\n\t<meta property=\"og:image:width\" content=\"1136\" \/>\n\t<meta property=\"og:image:height\" content=\"357\" \/>\n\t<meta property=\"og:image:type\" content=\"image\/png\" \/>\n<meta name=\"twitter:card\" content=\"summary_large_image\" \/>\n<meta name=\"twitter:site\" content=\"@stiftung_zewo\" \/>\n<meta name=\"twitter:label1\" content=\"Dur\u00e9e de lecture estim\u00e9e\" \/>\n\t<meta name=\"twitter:data1\" content=\"1 minute\" \/>\n<script type=\"application\/ld+json\" class=\"yoast-schema-graph\">{\"@context\":\"https:\/\/schema.org\",\"@graph\":[{\"@type\":\"WebPage\",\"@id\":\"https:\/\/zewo.ch\/fr\/apg-sga\/#webpage\",\"url\":\"https:\/\/zewo.ch\/fr\/apg-sga\/#webpage\",\"name\":\"\",\"isPartOf\":{\"@id\":\"https:\/\/zewo.ch\/fr\/#website\"},\"primaryImageOfPage\":{\"@id\":\"https:\/\/zewo.ch\/fr\/apg-sga\/#primaryimage\"},\"image\":{\"@id\":\"https:\/\/zewo.ch\/fr\/apg-sga\/#primaryimage\"},\"thumbnailUrl\":\"https:\/\/zewo.ch\/wp-content\/uploads\/2025\/11\/Logo-APG-SGA-Out-of-Home-Media-farbig-rgb-002-1024x322.png\",\"datePublished\":\"2019-08-08T14:49:14+00:00\",\"dateModified\":\"2025-11-21T07:23:52+00:00\",\"description\":\"APG|SGA est le leader de la publicit\u00e9 ext\u00e9rieure en Suisse et offre des avantages en faveur d\u2019organisations portant le label Zewo.\",\"breadcrumb\":{\"@id\":\"https:\/\/zewo.ch\/fr\/apg-sga\/#breadcrumb\"},\"inLanguage\":\"fr-FR\",\"potentialAction\":[{\"@type\":\"ReadAction\",\"target\":[\"https:\/\/zewo.ch\/fr\/apg-sga\/\"]}]},{\"@type\":\"ImageObject\",\"inLanguage\":\"fr-FR\",\"@id\":\"https:\/\/zewo.ch\/fr\/apg-sga\/#primaryimage\",\"url\":\"https:\/\/zewo.ch\/wp-content\/uploads\/2025\/11\/Logo-APG-SGA-Out-of-Home-Media-farbig-rgb-002-1024x322.png\",\"contentUrl\":\"https:\/\/zewo.ch\/wp-content\/uploads\/2025\/11\/Logo-APG-SGA-Out-of-Home-Media-farbig-rgb-002-1024x322.png\"},{\"@type\":\"BreadcrumbList\",\"@id\":\"https:\/\/zewo.ch\/fr\/apg-sga\/#breadcrumb\",\"itemListElement\":[{\"@type\":\"ListItem\",\"position\":1,\"name\":\"Home\",\"item\":\"https:\/\/zewo.ch\/fr\/\"},{\"@type\":\"ListItem\",\"position\":2,\"name\":\"APG|SGA\"}]},{\"@type\":\"WebSite\",\"@id\":\"https:\/\/zewo.ch\/fr\/#website\",\"url\":\"https:\/\/zewo.ch\/fr\/\",\"name\":\"Zewo\",\"description\":\"Votre don en bonnes mains.\",\"publisher\":{\"@id\":\"https:\/\/zewo.ch\/fr\/#organization\"},\"potentialAction\":[{\"@type\":\"SearchAction\",\"target\":{\"@type\":\"EntryPoint\",\"urlTemplate\":\"https:\/\/zewo.ch\/fr\/?s={search_term_string}\"},\"query-input\":{\"@type\":\"PropertyValueSpecification\",\"valueRequired\":true,\"valueName\":\"search_term_string\"}}],\"inLanguage\":\"fr-FR\"},{\"@type\":\"Organization\",\"@id\":\"https:\/\/zewo.ch\/fr\/#organization\",\"name\":\"Stiftung Zewo\",\"url\":\"https:\/\/zewo.ch\/fr\/\",\"logo\":{\"@type\":\"ImageObject\",\"inLanguage\":\"fr-FR\",\"@id\":\"https:\/\/zewo.ch\/fr\/#\/schema\/logo\/image\/\",\"url\":\"https:\/\/zewo.ch\/wp-content\/uploads\/2019\/08\/Zewo_Logo_Claim_D.svg\",\"contentUrl\":\"https:\/\/zewo.ch\/wp-content\/uploads\/2019\/08\/Zewo_Logo_Claim_D.svg\",\"width\":1,\"height\":1,\"caption\":\"Stiftung Zewo\"},\"image\":{\"@id\":\"https:\/\/zewo.ch\/fr\/#\/schema\/logo\/image\/\"},\"sameAs\":[\"https:\/\/www.facebook.com\/Stiftung.ZEWO\/\",\"https:\/\/x.com\/stiftung_zewo\",\"https:\/\/www.linkedin.com\/company\/stiftung-zewo\",\"https:\/\/www.youtube.com\/channel\/UCzjsVJro12OXcvvx1LQP8tw\",\"https:\/\/de.wikipedia.org\/wiki\/Zewo\"]}]}<\/script>\n<!-- \/ Yoast SEO Premium plugin. -->","yoast_head_json":{"title":"Zewo","description":"APG|SGA est le leader de la publicit\u00e9 ext\u00e9rieure en Suisse et offre des avantages en faveur d\u2019organisations portant le label Zewo.","robots":{"index":"index","follow":"follow","max-snippet":"max-snippet:-1","max-image-preview":"max-image-preview:large","max-video-preview":"max-video-preview:-1"},"canonical":"https:\/\/zewo.ch\/fr\/apg-sga\/","og_locale":"fr_FR","og_type":"article","og_description":"APG|SGA est le leader de la publicit\u00e9 ext\u00e9rieure en Suisse et offre des avantages en faveur d\u2019organisations portant le label Zewo.","og_url":"https:\/\/zewo.ch\/fr\/apg-sga\/","og_site_name":"Zewo","article_publisher":"https:\/\/www.facebook.com\/Stiftung.ZEWO\/","article_modified_time":"2025-11-21T07:23:52+00:00","og_image":[{"width":1136,"height":357,"url":"https:\/\/zewo.ch\/wp-content\/uploads\/2025\/11\/Logo-APG-SGA-Out-of-Home-Media-farbig-rgb-002.png","type":"image\/png"}],"twitter_card":"summary_large_image","twitter_site":"@stiftung_zewo","twitter_misc":{"Dur\u00e9e de lecture estim\u00e9e":"1 minute"},"schema":{"@context":"https:\/\/schema.org","@graph":[{"@type":"WebPage","@id":"https:\/\/zewo.ch\/fr\/apg-sga\/#webpage","url":"https:\/\/zewo.ch\/fr\/apg-sga\/#webpage","name":"","isPartOf":{"@id":"https:\/\/zewo.ch\/fr\/#website"},"primaryImageOfPage":{"@id":"https:\/\/zewo.ch\/fr\/apg-sga\/#primaryimage"},"image":{"@id":"https:\/\/zewo.ch\/fr\/apg-sga\/#primaryimage"},"thumbnailUrl":"https:\/\/zewo.ch\/wp-content\/uploads\/2025\/11\/Logo-APG-SGA-Out-of-Home-Media-farbig-rgb-002-1024x322.png","datePublished":"2019-08-08T14:49:14+00:00","dateModified":"2025-11-21T07:23:52+00:00","description":"APG|SGA est le leader de la publicit\u00e9 ext\u00e9rieure en Suisse et offre des avantages en faveur d\u2019organisations portant le label Zewo.","breadcrumb":{"@id":"https:\/\/zewo.ch\/fr\/apg-sga\/#breadcrumb"},"inLanguage":"fr-FR","potentialAction":[{"@type":"ReadAction","target":["https:\/\/zewo.ch\/fr\/apg-sga\/"]}]},{"@type":"ImageObject","inLanguage":"fr-FR","@id":"https:\/\/zewo.ch\/fr\/apg-sga\/#primaryimage","url":"https:\/\/zewo.ch\/wp-content\/uploads\/2025\/11\/Logo-APG-SGA-Out-of-Home-Media-farbig-rgb-002-1024x322.png","contentUrl":"https:\/\/zewo.ch\/wp-content\/uploads\/2025\/11\/Logo-APG-SGA-Out-of-Home-Media-farbig-rgb-002-1024x322.png"},{"@type":"BreadcrumbList","@id":"https:\/\/zewo.ch\/fr\/apg-sga\/#breadcrumb","itemListElement":[{"@type":"ListItem","position":1,"name":"Home","item":"https:\/\/zewo.ch\/fr\/"},{"@type":"ListItem","position":2,"name":"APG|SGA"}]},{"@type":"WebSite","@id":"https:\/\/zewo.ch\/fr\/#website","url":"https:\/\/zewo.ch\/fr\/","name":"Zewo","description":"Votre don en bonnes mains.","publisher":{"@id":"https:\/\/zewo.ch\/fr\/#organization"},"potentialAction":[{"@type":"SearchAction","target":{"@type":"EntryPoint","urlTemplate":"https:\/\/zewo.ch\/fr\/?s={search_term_string}"},"query-input":{"@type":"PropertyValueSpecification","valueRequired":true,"valueName":"search_term_string"}}],"inLanguage":"fr-FR"},{"@type":"Organization","@id":"https:\/\/zewo.ch\/fr\/#organization","name":"Stiftung Zewo","url":"https:\/\/zewo.ch\/fr\/","logo":{"@type":"ImageObject","inLanguage":"fr-FR","@id":"https:\/\/zewo.ch\/fr\/#\/schema\/logo\/image\/","url":"https:\/\/zewo.ch\/wp-content\/uploads\/2019\/08\/Zewo_Logo_Claim_D.svg","contentUrl":"https:\/\/zewo.ch\/wp-content\/uploads\/2019\/08\/Zewo_Logo_Claim_D.svg","width":1,"height":1,"caption":"Stiftung Zewo"},"image":{"@id":"https:\/\/zewo.ch\/fr\/#\/schema\/logo\/image\/"},"sameAs":["https:\/\/www.facebook.com\/Stiftung.ZEWO\/","https:\/\/x.com\/stiftung_zewo","https:\/\/www.linkedin.com\/company\/stiftung-zewo","https:\/\/www.youtube.com\/channel\/UCzjsVJro12OXcvvx1LQP8tw","https:\/\/de.wikipedia.org\/wiki\/Zewo"]}]}},"publishpress_future_action":{"enabled":false,"date":"2026-04-23 14:19:33","action":"change-status","newStatus":"draft","terms":[],"taxonomy":"translation_priority","extraData":[]},"publishpress_future_workflow_manual_trigger":{"enabledWorkflows":[]},"_links":{"self":[{"href":"https:\/\/zewo.ch\/fr\/wp-json\/wp\/v2\/pages\/499538","targetHints":{"allow":["GET"]}}],"collection":[{"href":"https:\/\/zewo.ch\/fr\/wp-json\/wp\/v2\/pages"}],"about":[{"href":"https:\/\/zewo.ch\/fr\/wp-json\/wp\/v2\/types\/page"}],"author":[{"embeddable":true,"href":"https:\/\/zewo.ch\/fr\/wp-json\/wp\/v2\/users\/38"}],"replies":[{"embeddable":true,"href":"https:\/\/zewo.ch\/fr\/wp-json\/wp\/v2\/comments?post=499538"}],"version-history":[{"count":19,"href":"https:\/\/zewo.ch\/fr\/wp-json\/wp\/v2\/pages\/499538\/revisions"}],"predecessor-version":[{"id":5934526,"href":"https:\/\/zewo.ch\/fr\/wp-json\/wp\/v2\/pages\/499538\/revisions\/5934526"}],"wp:attachment":[{"href":"https:\/\/zewo.ch\/fr\/wp-json\/wp\/v2\/media?parent=499538"}],"wp:term":[{"taxonomy":"folder","embeddable":true,"href":"https:\/\/zewo.ch\/fr\/wp-json\/wp\/v2\/folder?post=499538"}],"curies":[{"name":"wp","href":"https:\/\/api.w.org\/{rel}","templated":true}]}}