{"id":499532,"date":"2019-08-08T16:41:54","date_gmt":"2019-08-08T14:41:54","guid":{"rendered":"https:\/\/www.zewo.ch\/?page_id=499532"},"modified":"2025-10-14T10:43:58","modified_gmt":"2025-10-14T08:43:58","slug":"agefi","status":"publish","type":"page","link":"https:\/\/zewo.ch\/fr\/agefi\/","title":{"rendered":"AGEFI"},"content":{"rendered":"\n<h2 class=\"wp-block-heading\">Remise pour les OBNL titulaires du label de qualit\u00e9 Zewo<\/h2>\n\n\n\n<figure class=\"wp-block-image size-large\"><img loading=\"lazy\" decoding=\"async\" width=\"1024\" height=\"667\" src=\"https:\/\/zewo.ch\/wp-content\/uploads\/2021\/03\/Agefi-Article-1024x667.jpg\" alt=\"Agefi Article\" class=\"wp-image-4666705\" srcset=\"https:\/\/zewo.ch\/wp-content\/uploads\/2021\/03\/Agefi-Article-1024x667.jpg 1024w, https:\/\/zewo.ch\/wp-content\/uploads\/2021\/03\/Agefi-Article-300x195.jpg 300w, https:\/\/zewo.ch\/wp-content\/uploads\/2021\/03\/Agefi-Article-768x500.jpg 768w, https:\/\/zewo.ch\/wp-content\/uploads\/2021\/03\/Agefi-Article-1536x1001.jpg 1536w, https:\/\/zewo.ch\/wp-content\/uploads\/2021\/03\/Agefi-Article-2048x1334.jpg 2048w\" sizes=\"auto, (min-width: 960px) 75vw, 100vw\" \/><\/figure>\n\n\n\n<p>L\u2019AGEFI et ses publications financi\u00e8res &amp; \u00e9conomiques, ainsi que ses autres publications magazines, accorde \u00e0 toutes les organisations et \u0153uvres de bienfaisance titulaires du label de qualit\u00e9 Zewo, les rabais suivants sur les annonces presse (hors publicit\u00e9s politiques): <\/p>\n\n\n\n<ul class=\"wp-block-list\"><li><strong>AGEFI quotidien 50%<\/strong><\/li><li><strong>AGEFI INDICES 50%<\/strong><\/li><li><strong>AGEFI LIFE 50%<\/strong><\/li><\/ul>\n\n\n\n<h2 class=\"wp-block-heading\">Contact<\/h2>\n\n\n\n<p><strong>Nouvelle Agence \u00c9conomique et Financi\u00e8re SA<br><\/strong>Route de la Chocolati\u00e8re 21<br>Case Postale 61 <br>1026 Echandens-Denges <br>T\u00e9l.\u2009021 331 41 41<br><a href=\"mailto:service-clients@agefi.com\">service-clients@agefi.com<\/a><a href=\"mailto:n.fouchault@agefi.com\"><br><\/a>www.agefi.com<\/p>\n\n\n\n<div class=\"wp-block-cgb-block-zewo-block-button ab-block-button\"><a href=\"\/fr\/avantages-pour-les-organisations-titulaires-du-label-de-qualite-zewo\/\" class=\"button primary\"><span class=\"button-arrow\"><\/span>Retour \u00e0 l&rsquo;aper\u00e7u<\/a><\/div>\n","protected":false},"excerpt":{"rendered":"<p>Remise pour les OBNL titulaires du label de qualit\u00e9 Zewo L\u2019AGEFI et ses publications financi\u00e8res &amp; \u00e9conomiques, ainsi que ses autres publications magazines, accorde \u00e0 toutes les organisations et \u0153uvres de bienfaisance titulaires du label de qualit\u00e9 Zewo, les rabais suivants sur les annonces presse (hors publicit\u00e9s politiques): AGEFI quotidien 50% AGEFI INDICES 50% AGEFI [&hellip;]<\/p>\n","protected":false},"author":38,"featured_media":0,"parent":0,"menu_order":260,"comment_status":"closed","ping_status":"closed","template":"","meta":{"_acf_changed":false,"footnotes":""},"folder":[6643],"class_list":["post-499532","page","type-page","status-publish","hentry"],"acf":[],"yoast_head":"<!-- This site is optimized with the Yoast SEO Premium plugin v27.5 (Yoast SEO v27.5) - https:\/\/yoast.com\/product\/yoast-seo-premium-wordpress\/ -->\n<title>Zewo<\/title>\n<meta name=\"description\" content=\"L\u2019AGEFI et ses publications financi\u00e8res &amp; \u00e9conomiques offre diff\u00e9rents rabais aux organisations titulaires du label de qualit\u00e9 Zewo.\" \/>\n<meta name=\"robots\" content=\"index, follow, max-snippet:-1, max-image-preview:large, max-video-preview:-1\" \/>\n<link rel=\"canonical\" href=\"https:\/\/zewo.ch\/fr\/agefi\/\" \/>\n<meta property=\"og:locale\" content=\"fr_FR\" \/>\n<meta property=\"og:type\" content=\"article\" \/>\n<meta property=\"og:description\" content=\"L\u2019AGEFI et ses publications financi\u00e8res &amp; \u00e9conomiques offre diff\u00e9rents rabais aux organisations titulaires du label de qualit\u00e9 Zewo.\" \/>\n<meta property=\"og:url\" content=\"https:\/\/zewo.ch\/fr\/agefi\/\" \/>\n<meta property=\"og:site_name\" content=\"Zewo\" \/>\n<meta property=\"article:publisher\" content=\"https:\/\/www.facebook.com\/Stiftung.ZEWO\/\" \/>\n<meta property=\"article:modified_time\" content=\"2025-10-14T08:43:58+00:00\" \/>\n<meta property=\"og:image\" content=\"https:\/\/zewo.ch\/wp-content\/uploads\/2021\/03\/Agefi-Article.jpg\" \/>\n\t<meta property=\"og:image:width\" content=\"2278\" \/>\n\t<meta property=\"og:image:height\" content=\"1484\" \/>\n\t<meta property=\"og:image:type\" content=\"image\/jpeg\" \/>\n<meta name=\"twitter:card\" content=\"summary_large_image\" \/>\n<meta name=\"twitter:site\" content=\"@stiftung_zewo\" \/>\n<meta name=\"twitter:label1\" content=\"Dur\u00e9e de lecture estim\u00e9e\" \/>\n\t<meta name=\"twitter:data1\" content=\"1 minute\" \/>\n<script type=\"application\/ld+json\" class=\"yoast-schema-graph\">{\"@context\":\"https:\\\/\\\/schema.org\",\"@graph\":[{\"@type\":\"WebPage\",\"@id\":\"https:\\\/\\\/zewo.ch\\\/fr\\\/agefi\\\/#webpage\",\"url\":\"https:\\\/\\\/zewo.ch\\\/fr\\\/agefi\\\/#webpage\",\"name\":\"\",\"isPartOf\":{\"@id\":\"https:\\\/\\\/zewo.ch\\\/fr\\\/#website\"},\"primaryImageOfPage\":{\"@id\":\"https:\\\/\\\/zewo.ch\\\/fr\\\/agefi\\\/#primaryimage\"},\"image\":{\"@id\":\"https:\\\/\\\/zewo.ch\\\/fr\\\/agefi\\\/#primaryimage\"},\"thumbnailUrl\":\"https:\\\/\\\/zewo.ch\\\/wp-content\\\/uploads\\\/2021\\\/03\\\/Agefi-Article-1024x667.jpg\",\"datePublished\":\"2019-08-08T14:41:54+00:00\",\"dateModified\":\"2025-10-14T08:43:58+00:00\",\"description\":\"L\u2019AGEFI et ses publications financi\u00e8res & \u00e9conomiques offre diff\u00e9rents rabais aux organisations titulaires du label de qualit\u00e9 Zewo.\",\"breadcrumb\":{\"@id\":\"https:\\\/\\\/zewo.ch\\\/fr\\\/agefi\\\/#breadcrumb\"},\"inLanguage\":\"fr-FR\",\"potentialAction\":[{\"@type\":\"ReadAction\",\"target\":[\"https:\\\/\\\/zewo.ch\\\/fr\\\/agefi\\\/\"]}]},{\"@type\":\"ImageObject\",\"inLanguage\":\"fr-FR\",\"@id\":\"https:\\\/\\\/zewo.ch\\\/fr\\\/agefi\\\/#primaryimage\",\"url\":\"https:\\\/\\\/zewo.ch\\\/wp-content\\\/uploads\\\/2021\\\/03\\\/Agefi-Article-1024x667.jpg\",\"contentUrl\":\"https:\\\/\\\/zewo.ch\\\/wp-content\\\/uploads\\\/2021\\\/03\\\/Agefi-Article-1024x667.jpg\"},{\"@type\":\"BreadcrumbList\",\"@id\":\"https:\\\/\\\/zewo.ch\\\/fr\\\/agefi\\\/#breadcrumb\",\"itemListElement\":[{\"@type\":\"ListItem\",\"position\":1,\"name\":\"Home\",\"item\":\"https:\\\/\\\/zewo.ch\\\/fr\\\/\"},{\"@type\":\"ListItem\",\"position\":2,\"name\":\"AGEFI\"}]},{\"@type\":\"WebSite\",\"@id\":\"https:\\\/\\\/zewo.ch\\\/fr\\\/#website\",\"url\":\"https:\\\/\\\/zewo.ch\\\/fr\\\/\",\"name\":\"Zewo\",\"description\":\"Votre don en bonnes mains.\",\"publisher\":{\"@id\":\"https:\\\/\\\/zewo.ch\\\/fr\\\/#organization\"},\"potentialAction\":[{\"@type\":\"SearchAction\",\"target\":{\"@type\":\"EntryPoint\",\"urlTemplate\":\"https:\\\/\\\/zewo.ch\\\/fr\\\/?s={search_term_string}\"},\"query-input\":{\"@type\":\"PropertyValueSpecification\",\"valueRequired\":true,\"valueName\":\"search_term_string\"}}],\"inLanguage\":\"fr-FR\"},{\"@type\":\"Organization\",\"@id\":\"https:\\\/\\\/zewo.ch\\\/fr\\\/#organization\",\"name\":\"Stiftung Zewo\",\"url\":\"https:\\\/\\\/zewo.ch\\\/fr\\\/\",\"logo\":{\"@type\":\"ImageObject\",\"inLanguage\":\"fr-FR\",\"@id\":\"https:\\\/\\\/zewo.ch\\\/fr\\\/#\\\/schema\\\/logo\\\/image\\\/\",\"url\":\"https:\\\/\\\/zewo.ch\\\/wp-content\\\/uploads\\\/2019\\\/08\\\/Zewo_Logo_Claim_D.svg\",\"contentUrl\":\"https:\\\/\\\/zewo.ch\\\/wp-content\\\/uploads\\\/2019\\\/08\\\/Zewo_Logo_Claim_D.svg\",\"width\":1,\"height\":1,\"caption\":\"Stiftung Zewo\"},\"image\":{\"@id\":\"https:\\\/\\\/zewo.ch\\\/fr\\\/#\\\/schema\\\/logo\\\/image\\\/\"},\"sameAs\":[\"https:\\\/\\\/www.facebook.com\\\/Stiftung.ZEWO\\\/\",\"https:\\\/\\\/x.com\\\/stiftung_zewo\",\"https:\\\/\\\/www.linkedin.com\\\/company\\\/stiftung-zewo\",\"https:\\\/\\\/www.youtube.com\\\/channel\\\/UCzjsVJro12OXcvvx1LQP8tw\",\"https:\\\/\\\/de.wikipedia.org\\\/wiki\\\/Zewo\"]}]}<\/script>\n<!-- \/ Yoast SEO Premium plugin. -->","yoast_head_json":{"title":"Zewo","description":"L\u2019AGEFI et ses publications financi\u00e8res & \u00e9conomiques offre diff\u00e9rents rabais aux organisations titulaires du label de qualit\u00e9 Zewo.","robots":{"index":"index","follow":"follow","max-snippet":"max-snippet:-1","max-image-preview":"max-image-preview:large","max-video-preview":"max-video-preview:-1"},"canonical":"https:\/\/zewo.ch\/fr\/agefi\/","og_locale":"fr_FR","og_type":"article","og_description":"L\u2019AGEFI et ses publications financi\u00e8res & \u00e9conomiques offre diff\u00e9rents rabais aux organisations titulaires du label de qualit\u00e9 Zewo.","og_url":"https:\/\/zewo.ch\/fr\/agefi\/","og_site_name":"Zewo","article_publisher":"https:\/\/www.facebook.com\/Stiftung.ZEWO\/","article_modified_time":"2025-10-14T08:43:58+00:00","og_image":[{"width":2278,"height":1484,"url":"https:\/\/zewo.ch\/wp-content\/uploads\/2021\/03\/Agefi-Article.jpg","type":"image\/jpeg"}],"twitter_card":"summary_large_image","twitter_site":"@stiftung_zewo","twitter_misc":{"Dur\u00e9e de lecture estim\u00e9e":"1 minute"},"schema":{"@context":"https:\/\/schema.org","@graph":[{"@type":"WebPage","@id":"https:\/\/zewo.ch\/fr\/agefi\/#webpage","url":"https:\/\/zewo.ch\/fr\/agefi\/#webpage","name":"","isPartOf":{"@id":"https:\/\/zewo.ch\/fr\/#website"},"primaryImageOfPage":{"@id":"https:\/\/zewo.ch\/fr\/agefi\/#primaryimage"},"image":{"@id":"https:\/\/zewo.ch\/fr\/agefi\/#primaryimage"},"thumbnailUrl":"https:\/\/zewo.ch\/wp-content\/uploads\/2021\/03\/Agefi-Article-1024x667.jpg","datePublished":"2019-08-08T14:41:54+00:00","dateModified":"2025-10-14T08:43:58+00:00","description":"L\u2019AGEFI et ses publications financi\u00e8res & \u00e9conomiques offre diff\u00e9rents rabais aux organisations titulaires du label de qualit\u00e9 Zewo.","breadcrumb":{"@id":"https:\/\/zewo.ch\/fr\/agefi\/#breadcrumb"},"inLanguage":"fr-FR","potentialAction":[{"@type":"ReadAction","target":["https:\/\/zewo.ch\/fr\/agefi\/"]}]},{"@type":"ImageObject","inLanguage":"fr-FR","@id":"https:\/\/zewo.ch\/fr\/agefi\/#primaryimage","url":"https:\/\/zewo.ch\/wp-content\/uploads\/2021\/03\/Agefi-Article-1024x667.jpg","contentUrl":"https:\/\/zewo.ch\/wp-content\/uploads\/2021\/03\/Agefi-Article-1024x667.jpg"},{"@type":"BreadcrumbList","@id":"https:\/\/zewo.ch\/fr\/agefi\/#breadcrumb","itemListElement":[{"@type":"ListItem","position":1,"name":"Home","item":"https:\/\/zewo.ch\/fr\/"},{"@type":"ListItem","position":2,"name":"AGEFI"}]},{"@type":"WebSite","@id":"https:\/\/zewo.ch\/fr\/#website","url":"https:\/\/zewo.ch\/fr\/","name":"Zewo","description":"Votre don en bonnes mains.","publisher":{"@id":"https:\/\/zewo.ch\/fr\/#organization"},"potentialAction":[{"@type":"SearchAction","target":{"@type":"EntryPoint","urlTemplate":"https:\/\/zewo.ch\/fr\/?s={search_term_string}"},"query-input":{"@type":"PropertyValueSpecification","valueRequired":true,"valueName":"search_term_string"}}],"inLanguage":"fr-FR"},{"@type":"Organization","@id":"https:\/\/zewo.ch\/fr\/#organization","name":"Stiftung Zewo","url":"https:\/\/zewo.ch\/fr\/","logo":{"@type":"ImageObject","inLanguage":"fr-FR","@id":"https:\/\/zewo.ch\/fr\/#\/schema\/logo\/image\/","url":"https:\/\/zewo.ch\/wp-content\/uploads\/2019\/08\/Zewo_Logo_Claim_D.svg","contentUrl":"https:\/\/zewo.ch\/wp-content\/uploads\/2019\/08\/Zewo_Logo_Claim_D.svg","width":1,"height":1,"caption":"Stiftung Zewo"},"image":{"@id":"https:\/\/zewo.ch\/fr\/#\/schema\/logo\/image\/"},"sameAs":["https:\/\/www.facebook.com\/Stiftung.ZEWO\/","https:\/\/x.com\/stiftung_zewo","https:\/\/www.linkedin.com\/company\/stiftung-zewo","https:\/\/www.youtube.com\/channel\/UCzjsVJro12OXcvvx1LQP8tw","https:\/\/de.wikipedia.org\/wiki\/Zewo"]}]}},"publishpress_future_action":{"enabled":false,"date":"2026-05-09 11:27:04","action":"change-status","newStatus":"draft","terms":[],"taxonomy":"translation_priority","extraData":[]},"publishpress_future_workflow_manual_trigger":{"enabledWorkflows":[]},"_links":{"self":[{"href":"https:\/\/zewo.ch\/fr\/wp-json\/wp\/v2\/pages\/499532","targetHints":{"allow":["GET"]}}],"collection":[{"href":"https:\/\/zewo.ch\/fr\/wp-json\/wp\/v2\/pages"}],"about":[{"href":"https:\/\/zewo.ch\/fr\/wp-json\/wp\/v2\/types\/page"}],"author":[{"embeddable":true,"href":"https:\/\/zewo.ch\/fr\/wp-json\/wp\/v2\/users\/38"}],"replies":[{"embeddable":true,"href":"https:\/\/zewo.ch\/fr\/wp-json\/wp\/v2\/comments?post=499532"}],"version-history":[{"count":10,"href":"https:\/\/zewo.ch\/fr\/wp-json\/wp\/v2\/pages\/499532\/revisions"}],"predecessor-version":[{"id":5933367,"href":"https:\/\/zewo.ch\/fr\/wp-json\/wp\/v2\/pages\/499532\/revisions\/5933367"}],"wp:attachment":[{"href":"https:\/\/zewo.ch\/fr\/wp-json\/wp\/v2\/media?parent=499532"}],"wp:term":[{"taxonomy":"folder","embeddable":true,"href":"https:\/\/zewo.ch\/fr\/wp-json\/wp\/v2\/folder?post=499532"}],"curies":[{"name":"wp","href":"https:\/\/api.w.org\/{rel}","templated":true}]}}