{"id":499073,"date":"2019-08-06T11:08:26","date_gmt":"2019-08-06T09:08:26","guid":{"rendered":"https:\/\/www.zewo.ch\/?page_id=499073"},"modified":"2026-04-01T09:02:21","modified_gmt":"2026-04-01T07:02:21","slug":"dons","status":"publish","type":"page","link":"https:\/\/zewo.ch\/fr\/dons\/","title":{"rendered":"Qui souhaitez-vous soutenir par un don?"},"content":{"rendered":"\n<h2 class=\"wp-block-heading\" id=\"h-liste-d-organisations-d-entraide-dignes-de-confiance\">Liste d&rsquo;organisations d&rsquo;entraide dignes de confiance<\/h2>\n\n\n\n<p>Beaucoup de personnes consid\u00e8rent que donner est une affaire de c\u0153ur. Mais si l\u2019on se laisse uniquement guider par ses \u00e9motions, on risque la d\u00e9ception. Avant de faire un don, assurez-vous donc que l&rsquo;organisation s\u00e9lectionn\u00e9e m\u00e9rite votre confiance. Le label de qualit\u00e9 Zewo en est un bon indicateur. Les organisations d&rsquo;entraide qui portent ce label font l&rsquo;objet d&rsquo;inspections r\u00e9guli\u00e8res de la part de la Zewo. Sur la <a href=\"https:\/\/zewo.ch\/fr\/liste-des-organisations-titulaires-du-label-de-qualite-zewo\/\" target=\"_blank\" rel=\"noreferrer noopener\">liste des organisations audit\u00e9es par la Zewo<\/a>, vous trouverez des organisations s\u00e9rieuses et dignes de confiance.<\/p>\n\n\n\n<figure class=\"wp-block-image size-full\"><img loading=\"lazy\" decoding=\"async\" width=\"600\" height=\"400\" src=\"https:\/\/zewo.ch\/wp-content\/uploads\/2025\/09\/Verzeichnis_GS_F-1.png\" alt=\"\" class=\"wp-image-5933134\" srcset=\"https:\/\/zewo.ch\/wp-content\/uploads\/2025\/09\/Verzeichnis_GS_F-1.png 600w, https:\/\/zewo.ch\/wp-content\/uploads\/2025\/09\/Verzeichnis_GS_F-1-300x200.png 300w\" sizes=\"auto, (min-width: 960px) 75vw, 100vw\" \/><\/figure>\n\n\n\n<h2 class=\"wp-block-heading\" id=\"h-trouver-l-organisation-d-entraide-adaptee\">Trouver l&rsquo;organisation d&rsquo;entraide adapt\u00e9e<\/h2>\n\n\n\n<p>Vous ne pouvez pas soutenir toutes les organisations figurant sur la liste de la Zewo qui d\u00e9pendent des dons. Avant de proc\u00e9der \u00e0 un don, r\u00e9fl\u00e9chissez donc aux personnes auxquelles vous souhaitez venir en aide. Par exemple les enfants d&rsquo;un pays en particulier, l&rsquo;environnement et la nature, ou une population confront\u00e9e \u00e0 une situation d&rsquo;urgence. Gr\u00e2ce \u00e0 la <a aria-label=\"undefined (opens in a new tab)\" href=\"https:\/\/zewo.ch\/fr\/npo-recherche\/\" target=\"_blank\" rel=\"noreferrer noopener\">recherche rapide<\/a>, vous pouvez r\u00e9duire la s\u00e9lection d&rsquo;organisations clic par clic et trouver rapidement l&rsquo;organisation qui correspond le mieux \u00e0 vos pr\u00e9occupations. Ainsi, vous faites non seulement vos dons en toute s\u00e9curit\u00e9, mais aussi de mani\u00e8re cibl\u00e9e et directe.<\/p>\n\n\n\n<h2 class=\"wp-block-heading\" id=\"h-comment-aider-au-mieux\">Comment aider au mieux?<\/h2>\n\n\n\n<p>Il existe de nombreuses fa\u00e7ons de venir en aide et de faire des dons. En tant que parrain ou marraine, vous pouvez soutenir financi\u00e8rement un projet sur le long terme. En tant que membre, vous vous engagez non seulement financi\u00e8rement, mais aussi sur le plan id\u00e9ologique pour une bonne cause. Et en tant que b\u00e9n\u00e9vole, vous consacrez votre temps \u00e0 une cause charitable. Gr\u00e2ce \u00e0 ces nombreuses possibilit\u00e9s d&rsquo;aide et de don, et \u00e0 un soutien g\u00e9n\u00e9reux, les organisations d&rsquo;entraide suisses re\u00e7oivent chaque ann\u00e9e environ 2,5 milliard de francs&nbsp;suisses. R\u00e9pondez au <a aria-label=\"undefined (opens in a new tab)\" href=\"https:\/\/zewo.ch\/fr\/dons-quel-est-mon-profil\/\" target=\"_blank\" rel=\"noreferrer noopener\">quiz<\/a> de la Zewo pour savoir quel type de don vous correspond le mieux. Faites le test, et d\u00e9couvrez votre profil de donateur ou donatrice.<\/p>\n\n\n\n<h2 class=\"wp-block-heading\" id=\"h-faire-attention-aux-organisations-non-fiables\">Faire attention aux organisations non fiables<\/h2>\n\n\n\n<p>Malheureusement, les organisations s\u00e9rieuses ne sont pas les seules \u00e0 appeler aux dons. Veillez donc \u00e0 vous informer et \u00e0 <a href=\"https:\/\/zewo.ch\/fr\/zewo-deconseille-de-faire-des-dons\/\" target=\"_blank\" rel=\"noreferrer noopener\">faire preuve de prudence<\/a>. Mais si vous suivez les <a aria-label=\"undefined (opens in a new tab)\" rel=\"noreferrer noopener\" href=\"\/fr\/les-5-regles-essentielles-pour-les-dons\/\" target=\"_blank\">conseils<\/a> de la Zewo, vous pouvez \u00eatre assur\u00e9 que votre don arrivera \u00e0 bon port, et sera utilis\u00e9 conform\u00e9ment \u00e0 vos intentions. Avec la Zewo, le don est un plaisir pour tous.<\/p>\n\n\n\n<div class=\"wp-block-cgb-block-zewo-block-columns-container container bg-color-light-gray\"><div class=\"grid-x grid-margin-x\" data-columns=\"3\">\n<div class=\"cell small-12 medium-6\"><div class=\"wp-block-cgb-block-zewo-block-image-text-teaser ab-block-cta\"><div class=\"ab-cta-image-wrap bg-color-secondary\"><img decoding=\"async\" class=\"ab-cta-image\" src=\"https:\/\/zewo.ch\/wp-content\/uploads\/2019\/05\/Mit-Spenden-Steuern-sparen.png\" alt=\"Mit gutem Gewissen Steuern sparen\"\/><\/div><div class=\"ab-cta-content\"><h2 class=\"ab-cta-title\"><strong>\u00c9conomiser des imp\u00f4ts en toute bonne conscience<\/strong><\/h2><div class=\"ab-cta-text\">\n<p>\u00c0 quelles d\u00e9ductions avez-vous droit? Consultez le r\u00e9capitulatif des dispositions en vigueur dans votre canton pour les personnes qui effectuent des dons. <\/p>\n<\/div><\/div><div class=\"ab-cta-button\"><a href=\"\/fr\/deduire-les-dons-de-ses-impots\/\" target=\"_self\" rel=\"noopener noreferrer\" class=\"button primary button-teaser\"><span class=\"button-arrow\"><\/span>Voir le r\u00e9capitulatif<\/a><\/div><a href=\"\/fr\/deduire-les-dons-de-ses-impots\/\" target=\"_self\" rel=\"noopener noreferrer\" class=\"button-teaser--is-full\"><\/a><\/div><\/div>\n\n\n\n<div class=\"cell small-12 medium-6\"><div class=\"wp-block-cgb-block-zewo-block-image-text-teaser ab-block-cta\"><div class=\"ab-cta-image-wrap bg-color-secondary\"><img decoding=\"async\" class=\"ab-cta-image\" src=\"https:\/\/zewo.ch\/wp-content\/uploads\/2019\/10\/National-Sammlungen.jpg\" alt=\"Nationale Sammlungen\"\/><\/div><div class=\"ab-cta-content\"><h2 class=\"ab-cta-title\">Qui organise une collecte cette\u00a0semaine?<\/h2><div class=\"ab-cta-text\">\n<p>La&nbsp;Zewo coordonne dans un calendrier les collectes de dons organis\u00e9es par les OBNL&nbsp;\u00e0 travers la Suisse. D\u00e9couvrez quelles OBNL certifi\u00e9es recueillent des fonds en&nbsp;ce&nbsp;moment.<\/p>\n<\/div><\/div><div class=\"ab-cta-button\"><a href=\"\/fr\/collectes-nationales-actuelles\/\" target=\"_self\" rel=\"noopener noreferrer\" class=\"button primary button-teaser\"><span class=\"button-arrow\"><\/span>Collectes nationales en\u00a0cours<\/a><\/div><a href=\"\/fr\/collectes-nationales-actuelles\/\" target=\"_self\" rel=\"noopener noreferrer\" class=\"button-teaser--is-full\"><\/a><\/div><\/div>\n\n\n\n<div class=\"cell small-12 medium-6\"><div class=\"wp-block-cgb-block-zewo-block-image-text-teaser ab-block-cta\"><div class=\"ab-cta-image-wrap bg-color-secondary\"><img decoding=\"async\" class=\"ab-cta-image\" src=\"https:\/\/zewo.ch\/wp-content\/uploads\/2020\/01\/adressliste.png\" alt=\"Verzeichnis der zer\"\/><\/div><div class=\"ab-cta-content\"><h2 class=\"ab-cta-title\">Liste des organisations titulaires du label de qualit\u00e9 de la Zewo<\/h2><div class=\"ab-cta-text\">\n<p>Ces organisations portent le label de qualit\u00e9 de la Zewo. Elles sont dignes de confiance.<\/p>\n<\/div><\/div><div class=\"ab-cta-button\"><a href=\"https:\/\/zewo.ch\/wp-content\/uploads\/Liste_organisations_certifiees_Zewo_F.pdf\" target=\"_self\" rel=\"noopener noreferrer\" class=\"button primary button-teaser\"><span class=\"button-arrow\"><\/span>T\u00e9l\u00e9charger maintenant<\/a><\/div><a href=\"https:\/\/zewo.ch\/wp-content\/uploads\/Liste_organisations_certifiees_Zewo_F.pdf\" target=\"_self\" rel=\"noopener noreferrer\" class=\"button-teaser--is-full\"><\/a><\/div><\/div>\n<\/div><\/div>\n\n\n\n<div class=\"wp-block-cgb-block-zewo-block-wrapper ab-block-wrapper\">\n<div style=\"text-align:center\" class=\"wp-block-cgb-block-zewo-block-button alignwide ab-block-button\"><a href=\"\/fr\/les-5-regles-essentielles-pour-les-dons\/\" class=\"button primary\"><span class=\"button-arrow\"><\/span>Tous les conseils pour bien donner<\/a><\/div>\n<\/div>\n\n\n\n<h2 class=\"wp-block-heading\" id=\"h-autres-sujets-qui-pourraient-vous-interesser\">Autres sujets qui pourraient vous int\u00e9resser<\/h2>\n\n\n\n<ul class=\"wp-block-cgb-block-zewo-block-links container container-columns-1\">\n<li class=\"wp-block-cgb-block-zewo-block-link ab-block-link\"><a href=\"https:\/\/zewo.ch\/fr\/cadeaux-qui-ont-un-sens\/\" class=\"button\"><span>Cadeaux qui ont un sens<\/span><span class=\"button-arrow--long\"><\/span><\/a><\/li>\n\n\n\n<li class=\"wp-block-cgb-block-zewo-block-link ab-block-link\"><a href=\"https:\/\/zewo.ch\/fr\/questions-et-reponses\/\" class=\"button\"><span>Avez-vous des questions ?<\/span><span class=\"button-arrow--long\"><\/span><\/a><\/li>\n\n\n\n<li class=\"wp-block-cgb-block-zewo-block-link ab-block-link\"><a href=\"https:\/\/zewo.ch\/fr\/zewo-deconseille-de-faire-des-dons\/\" class=\"button\"><span>Zewo d\u00e9conseille de faire des dons<\/span><span class=\"button-arrow--long\"><\/span><\/a><\/li>\n\n\n\n<li class=\"wp-block-cgb-block-zewo-block-link ab-block-link\"><a href=\"https:\/\/zewo.ch\/fr\/dons-quel-est-mon-profil\/\" class=\"button\"><span>Dons: quel est mon profil?<\/span><span class=\"button-arrow--long\"><\/span><\/a><\/li>\n<\/ul>\n","protected":false},"excerpt":{"rendered":"<p>Liste d&rsquo;organisations d&rsquo;entraide dignes de confiance Beaucoup de personnes consid\u00e8rent que donner est une affaire de c\u0153ur. Mais si l\u2019on se laisse uniquement guider par ses \u00e9motions, on risque la d\u00e9ception. Avant de faire un don, assurez-vous donc que l&rsquo;organisation s\u00e9lectionn\u00e9e m\u00e9rite votre confiance. Le label de qualit\u00e9 Zewo en est un bon indicateur. Les [&hellip;]<\/p>\n","protected":false},"author":6,"featured_media":512499,"parent":0,"menu_order":72,"comment_status":"closed","ping_status":"closed","template":"front-page.php","meta":{"_acf_changed":false,"footnotes":""},"folder":[6643],"class_list":["post-499073","page","type-page","status-publish","has-post-thumbnail","hentry"],"acf":[],"yoast_head":"<!-- This site is optimized with the Yoast SEO Premium plugin v26.0 (Yoast SEO v26.0) - https:\/\/yoast.com\/wordpress\/plugins\/seo\/ -->\n<title>Zewo<\/title>\n<meta name=\"description\" content=\"Sur la liste de la Zewo, vous trouverez toutes les organisations certifi\u00e9es. Pour affiner la s\u00e9lection, utilisez la fonction de recherche rapide.\" \/>\n<meta name=\"robots\" content=\"index, follow, max-snippet:-1, max-image-preview:large, max-video-preview:-1\" \/>\n<link rel=\"canonical\" href=\"https:\/\/zewo.ch\/fr\/dons\/\" \/>\n<meta property=\"og:locale\" content=\"fr_FR\" \/>\n<meta property=\"og:type\" content=\"article\" \/>\n<meta property=\"og:description\" content=\"Sur la liste de la Zewo, vous trouverez toutes les organisations certifi\u00e9es. Pour affiner la s\u00e9lection, utilisez la fonction de recherche rapide.\" \/>\n<meta property=\"og:url\" content=\"https:\/\/zewo.ch\/fr\/dons\/\" \/>\n<meta property=\"og:site_name\" content=\"Zewo\" \/>\n<meta property=\"article:publisher\" content=\"https:\/\/www.facebook.com\/Stiftung.ZEWO\/\" \/>\n<meta property=\"article:modified_time\" content=\"2026-04-01T07:02:21+00:00\" \/>\n<meta property=\"og:image\" content=\"https:\/\/zewo.ch\/wp-content\/uploads\/2019\/10\/Frau-im-Maisfeld.jpg\" \/>\n\t<meta property=\"og:image:width\" content=\"2200\" \/>\n\t<meta property=\"og:image:height\" content=\"1500\" \/>\n\t<meta property=\"og:image:type\" content=\"image\/jpeg\" \/>\n<meta name=\"twitter:card\" content=\"summary_large_image\" \/>\n<meta name=\"twitter:site\" content=\"@stiftung_zewo\" \/>\n<meta name=\"twitter:label1\" content=\"Dur\u00e9e de lecture estim\u00e9e\" \/>\n\t<meta name=\"twitter:data1\" content=\"11 minutes\" \/>\n<script type=\"application\/ld+json\" class=\"yoast-schema-graph\">{\"@context\":\"https:\/\/schema.org\",\"@graph\":[{\"@type\":\"WebPage\",\"@id\":\"https:\/\/zewo.ch\/fr\/dons\/#webpage\",\"url\":\"https:\/\/zewo.ch\/fr\/dons\/#webpage\",\"name\":\"\",\"isPartOf\":{\"@id\":\"https:\/\/zewo.ch\/fr\/#website\"},\"primaryImageOfPage\":{\"@id\":\"https:\/\/zewo.ch\/fr\/dons\/#primaryimage\"},\"image\":{\"@id\":\"https:\/\/zewo.ch\/fr\/dons\/#primaryimage\"},\"thumbnailUrl\":\"https:\/\/zewo.ch\/wp-content\/uploads\/2019\/10\/Frau-im-Maisfeld.jpg\",\"datePublished\":\"2019-08-06T09:08:26+00:00\",\"dateModified\":\"2026-04-01T07:02:21+00:00\",\"description\":\"Sur la liste de la Zewo, vous trouverez toutes les organisations certifi\u00e9es. Pour affiner la s\u00e9lection, utilisez la fonction de recherche rapide.\",\"breadcrumb\":{\"@id\":\"https:\/\/zewo.ch\/fr\/dons\/#breadcrumb\"},\"inLanguage\":\"fr-FR\",\"potentialAction\":[{\"@type\":\"ReadAction\",\"target\":[\"https:\/\/zewo.ch\/fr\/dons\/\"]}]},{\"@type\":\"ImageObject\",\"inLanguage\":\"fr-FR\",\"@id\":\"https:\/\/zewo.ch\/fr\/dons\/#primaryimage\",\"url\":\"https:\/\/zewo.ch\/wp-content\/uploads\/2019\/10\/Frau-im-Maisfeld.jpg\",\"contentUrl\":\"https:\/\/zewo.ch\/wp-content\/uploads\/2019\/10\/Frau-im-Maisfeld.jpg\",\"width\":2200,\"height\":1500,\"caption\":\"Frau im Maisfeld\"},{\"@type\":\"BreadcrumbList\",\"@id\":\"https:\/\/zewo.ch\/fr\/dons\/#breadcrumb\",\"itemListElement\":[{\"@type\":\"ListItem\",\"position\":1,\"name\":\"Home\",\"item\":\"https:\/\/zewo.ch\/fr\/\"},{\"@type\":\"ListItem\",\"position\":2,\"name\":\"Qui souhaitez-vous soutenir par un don?\"}]},{\"@type\":\"WebSite\",\"@id\":\"https:\/\/zewo.ch\/fr\/#website\",\"url\":\"https:\/\/zewo.ch\/fr\/\",\"name\":\"Zewo\",\"description\":\"Votre don en bonnes mains.\",\"publisher\":{\"@id\":\"https:\/\/zewo.ch\/fr\/#organization\"},\"potentialAction\":[{\"@type\":\"SearchAction\",\"target\":{\"@type\":\"EntryPoint\",\"urlTemplate\":\"https:\/\/zewo.ch\/fr\/?s={search_term_string}\"},\"query-input\":{\"@type\":\"PropertyValueSpecification\",\"valueRequired\":true,\"valueName\":\"search_term_string\"}}],\"inLanguage\":\"fr-FR\"},{\"@type\":\"Organization\",\"@id\":\"https:\/\/zewo.ch\/fr\/#organization\",\"name\":\"Stiftung Zewo\",\"url\":\"https:\/\/zewo.ch\/fr\/\",\"logo\":{\"@type\":\"ImageObject\",\"inLanguage\":\"fr-FR\",\"@id\":\"https:\/\/zewo.ch\/fr\/#\/schema\/logo\/image\/\",\"url\":\"https:\/\/zewo.ch\/wp-content\/uploads\/2019\/08\/Zewo_Logo_Claim_D.svg\",\"contentUrl\":\"https:\/\/zewo.ch\/wp-content\/uploads\/2019\/08\/Zewo_Logo_Claim_D.svg\",\"width\":1,\"height\":1,\"caption\":\"Stiftung Zewo\"},\"image\":{\"@id\":\"https:\/\/zewo.ch\/fr\/#\/schema\/logo\/image\/\"},\"sameAs\":[\"https:\/\/www.facebook.com\/Stiftung.ZEWO\/\",\"https:\/\/x.com\/stiftung_zewo\",\"https:\/\/www.linkedin.com\/company\/stiftung-zewo\",\"https:\/\/www.youtube.com\/channel\/UCzjsVJro12OXcvvx1LQP8tw\",\"https:\/\/de.wikipedia.org\/wiki\/Zewo\"]}]}<\/script>\n<!-- \/ Yoast SEO Premium plugin. -->","yoast_head_json":{"title":"Zewo","description":"Sur la liste de la Zewo, vous trouverez toutes les organisations certifi\u00e9es. Pour affiner la s\u00e9lection, utilisez la fonction de recherche rapide.","robots":{"index":"index","follow":"follow","max-snippet":"max-snippet:-1","max-image-preview":"max-image-preview:large","max-video-preview":"max-video-preview:-1"},"canonical":"https:\/\/zewo.ch\/fr\/dons\/","og_locale":"fr_FR","og_type":"article","og_description":"Sur la liste de la Zewo, vous trouverez toutes les organisations certifi\u00e9es. Pour affiner la s\u00e9lection, utilisez la fonction de recherche rapide.","og_url":"https:\/\/zewo.ch\/fr\/dons\/","og_site_name":"Zewo","article_publisher":"https:\/\/www.facebook.com\/Stiftung.ZEWO\/","article_modified_time":"2026-04-01T07:02:21+00:00","og_image":[{"width":2200,"height":1500,"url":"https:\/\/zewo.ch\/wp-content\/uploads\/2019\/10\/Frau-im-Maisfeld.jpg","type":"image\/jpeg"}],"twitter_card":"summary_large_image","twitter_site":"@stiftung_zewo","twitter_misc":{"Dur\u00e9e de lecture estim\u00e9e":"11 minutes"},"schema":{"@context":"https:\/\/schema.org","@graph":[{"@type":"WebPage","@id":"https:\/\/zewo.ch\/fr\/dons\/#webpage","url":"https:\/\/zewo.ch\/fr\/dons\/#webpage","name":"","isPartOf":{"@id":"https:\/\/zewo.ch\/fr\/#website"},"primaryImageOfPage":{"@id":"https:\/\/zewo.ch\/fr\/dons\/#primaryimage"},"image":{"@id":"https:\/\/zewo.ch\/fr\/dons\/#primaryimage"},"thumbnailUrl":"https:\/\/zewo.ch\/wp-content\/uploads\/2019\/10\/Frau-im-Maisfeld.jpg","datePublished":"2019-08-06T09:08:26+00:00","dateModified":"2026-04-01T07:02:21+00:00","description":"Sur la liste de la Zewo, vous trouverez toutes les organisations certifi\u00e9es. Pour affiner la s\u00e9lection, utilisez la fonction de recherche rapide.","breadcrumb":{"@id":"https:\/\/zewo.ch\/fr\/dons\/#breadcrumb"},"inLanguage":"fr-FR","potentialAction":[{"@type":"ReadAction","target":["https:\/\/zewo.ch\/fr\/dons\/"]}]},{"@type":"ImageObject","inLanguage":"fr-FR","@id":"https:\/\/zewo.ch\/fr\/dons\/#primaryimage","url":"https:\/\/zewo.ch\/wp-content\/uploads\/2019\/10\/Frau-im-Maisfeld.jpg","contentUrl":"https:\/\/zewo.ch\/wp-content\/uploads\/2019\/10\/Frau-im-Maisfeld.jpg","width":2200,"height":1500,"caption":"Frau im Maisfeld"},{"@type":"BreadcrumbList","@id":"https:\/\/zewo.ch\/fr\/dons\/#breadcrumb","itemListElement":[{"@type":"ListItem","position":1,"name":"Home","item":"https:\/\/zewo.ch\/fr\/"},{"@type":"ListItem","position":2,"name":"Qui souhaitez-vous soutenir par un don?"}]},{"@type":"WebSite","@id":"https:\/\/zewo.ch\/fr\/#website","url":"https:\/\/zewo.ch\/fr\/","name":"Zewo","description":"Votre don en bonnes mains.","publisher":{"@id":"https:\/\/zewo.ch\/fr\/#organization"},"potentialAction":[{"@type":"SearchAction","target":{"@type":"EntryPoint","urlTemplate":"https:\/\/zewo.ch\/fr\/?s={search_term_string}"},"query-input":{"@type":"PropertyValueSpecification","valueRequired":true,"valueName":"search_term_string"}}],"inLanguage":"fr-FR"},{"@type":"Organization","@id":"https:\/\/zewo.ch\/fr\/#organization","name":"Stiftung Zewo","url":"https:\/\/zewo.ch\/fr\/","logo":{"@type":"ImageObject","inLanguage":"fr-FR","@id":"https:\/\/zewo.ch\/fr\/#\/schema\/logo\/image\/","url":"https:\/\/zewo.ch\/wp-content\/uploads\/2019\/08\/Zewo_Logo_Claim_D.svg","contentUrl":"https:\/\/zewo.ch\/wp-content\/uploads\/2019\/08\/Zewo_Logo_Claim_D.svg","width":1,"height":1,"caption":"Stiftung Zewo"},"image":{"@id":"https:\/\/zewo.ch\/fr\/#\/schema\/logo\/image\/"},"sameAs":["https:\/\/www.facebook.com\/Stiftung.ZEWO\/","https:\/\/x.com\/stiftung_zewo","https:\/\/www.linkedin.com\/company\/stiftung-zewo","https:\/\/www.youtube.com\/channel\/UCzjsVJro12OXcvvx1LQP8tw","https:\/\/de.wikipedia.org\/wiki\/Zewo"]}]}},"publishpress_future_action":{"enabled":false,"date":"2026-04-22 20:52:08","action":"change-status","newStatus":"draft","terms":[],"taxonomy":"translation_priority","extraData":[]},"publishpress_future_workflow_manual_trigger":{"enabledWorkflows":[]},"_links":{"self":[{"href":"https:\/\/zewo.ch\/fr\/wp-json\/wp\/v2\/pages\/499073","targetHints":{"allow":["GET"]}}],"collection":[{"href":"https:\/\/zewo.ch\/fr\/wp-json\/wp\/v2\/pages"}],"about":[{"href":"https:\/\/zewo.ch\/fr\/wp-json\/wp\/v2\/types\/page"}],"author":[{"embeddable":true,"href":"https:\/\/zewo.ch\/fr\/wp-json\/wp\/v2\/users\/6"}],"replies":[{"embeddable":true,"href":"https:\/\/zewo.ch\/fr\/wp-json\/wp\/v2\/comments?post=499073"}],"version-history":[{"count":43,"href":"https:\/\/zewo.ch\/fr\/wp-json\/wp\/v2\/pages\/499073\/revisions"}],"predecessor-version":[{"id":5939001,"href":"https:\/\/zewo.ch\/fr\/wp-json\/wp\/v2\/pages\/499073\/revisions\/5939001"}],"wp:featuredmedia":[{"embeddable":true,"href":"https:\/\/zewo.ch\/fr\/wp-json\/wp\/v2\/media\/512499"}],"wp:attachment":[{"href":"https:\/\/zewo.ch\/fr\/wp-json\/wp\/v2\/media?parent=499073"}],"wp:term":[{"taxonomy":"folder","embeddable":true,"href":"https:\/\/zewo.ch\/fr\/wp-json\/wp\/v2\/folder?post=499073"}],"curies":[{"name":"wp","href":"https:\/\/api.w.org\/{rel}","templated":true}]}}