{"id":498881,"date":"2019-07-31T15:58:22","date_gmt":"2019-07-31T13:58:22","guid":{"rendered":"https:\/\/www.zewo.ch\/?page_id=498881"},"modified":"2019-11-18T14:44:07","modified_gmt":"2019-11-18T13:44:07","slug":"lheritage-pour-une-bonne-cause","status":"publish","type":"page","link":"https:\/\/zewo.ch\/fr\/lheritage-pour-une-bonne-cause\/","title":{"rendered":"L\u2019h\u00e9ritage pour une bonne cause"},"content":{"rendered":"\n<h2 class=\"wp-block-heading\">Penser aux OBNL dans son testament<\/h2>\n\n\n\n<p><strong>Songez-vous \u00e0 l\u00e9guer une partie de vos biens pour soutenir une bonne cause ? Vous pouvez l\u2019inclure dans votre testament. Veillez aux points suivants<\/strong>.<\/p>\n\n\n\n<p>Pour d\u00e9cider vous-m\u00eame de l\u2019avenir de votre h\u00e9ritage, vous devez planifier les choses. Tout particuli\u00e8rement si vous souhaitez l\u00e9guer une partie de vos biens \u00e0 une \u0153uvre de bienfaisance. Le testament pr\u00e9voit la r\u00e9partition des biens entre les b\u00e9n\u00e9ficiaires. Il est donc possible d\u2019attribuer un montant, un objet en particulier ou une part de l\u2019h\u00e9ritage \u00e0 un b\u00e9n\u00e9ficiaire donn\u00e9. N\u00e9anmoins, certaines contraintes familiales s\u2019appliquent obligatoirement. Les personnes de confiance nomm\u00e9es dans votre testament se chargeront de mettre en application vos derni\u00e8res volont\u00e9s.<\/p>\n\n\n\n<h3 class=\"wp-block-heading\" id=\"1\">R\u00e9diger son testament soi-m\u00eame ou le faire \u00e9tablir?<\/h3>\n\n\n\n<p>Le testament olographe est la mani\u00e8re la plus simple et la moins ch\u00e8re de consigner ses derni\u00e8res volont\u00e9s. Pour qu\u2019il soit valable, quelques points doivent \u00eatre pris en compte:<\/p>\n\n\n\n<ul class=\"wp-block-list\"><li>Le testament doit \u00eatre r\u00e9dig\u00e9 \u00e0 la main du d\u00e9but \u00e0 la fin.<\/li><li>Le lieu et la date doivent absolument y figurer. C\u2019est la derni\u00e8re version qui s\u2019applique.<\/li><li>Le testament doit \u00eatre sign\u00e9.<\/li><li>Si un suppl\u00e9ment s\u2019y ajoute, le lieu, la date et la signature en font \u00e9galement partie. <\/li><\/ul>\n\n\n\n<p>Il est \u00e9galement possible de faire r\u00e9diger le testament par un fonctionnaire public. Une telle d\u00e9marche est recommand\u00e9e en cas d\u2019incertitudes ou de situations compliqu\u00e9es. Un testament public est sign\u00e9 en pr\u00e9sence de deux t\u00e9moins. <\/p>\n\n\n\n<h3 class=\"wp-block-heading\" id=\"2\">Montant fixe ou part?<\/h3>\n\n\n\n<p>Il y a\ndiff\u00e9rentes fa\u00e7ons de l\u00e9guer quelque chose \u00e0 une OBNL d\u2019utilit\u00e9 publique. Si un montant d\u00e9termin\u00e9 lui est destin\u00e9, il s\u2019agit\nd\u2019un legs par d\u00e9cision.\nSi l\u2019OBNL est institu\u00e9e\ncomme h\u00e9riti\u00e8re avec une part d\u00e9termin\u00e9e, elle devient partie int\u00e9grante de la\ncommunaut\u00e9 h\u00e9r\u00e9ditaire.\nDans ce cas, elle a,\navec les autres h\u00e9ritiers, un aper\u00e7u de l\u2019ensemble de la succession. En r\u00e8gle g\u00e9n\u00e9rale, une OBNL pr\u00e9f\u00e8re un montant\nfixe.<\/p>\n\n\n\n<p>Un legs\npeut \u00eatre assorti de conditions. Par exemple, il\npeut \u00eatre soumis \u00e0 la restriction que l\u2019h\u00e9ritage doit \u00eatre utilis\u00e9 pour une\nbonne cause bien particuli\u00e8re. Il ne doit\ncependant pas \u00eatre formul\u00e9 de fa\u00e7on trop \u00e9troite. En effet, les situations changent. Il est recommand\u00e9 de s\u2019accorder avec l\u2019OBNL sur un intitul\u00e9 r\u00e9aliste.\n\nEnfin,\nle testament doit \u00eatre conserv\u00e9 en lieu s\u00fbr. Par exemple, aupr\u00e8s du\nservice officiel comp\u00e9tent, de l\u2019ex\u00e9cuteur testamentaire, de la banque ou d\u2019une\npersonne de confiance. Les OBNL sont heureuses lorsqu\u2019elles savent qu\u2019elles\nsont prises en compte dans un testament. Id\u00e9alement, les autres\nh\u00e9ritiers sont \u00e9galement au courant et d\u2019accord.\n\n\n\n<\/p>\n\n\n\n<h3 class=\"wp-block-heading\" id=\"3\">Mod\u00e8le de texte de testament simple<\/h3>\n\n\n\n<p><em>Je soussign\u00e9, Anne Dupont-Martin, n\u00e9e le \u2026\u2026, \u00e9nonce ci-dessous mes derni\u00e8res volont\u00e9s:<\/em><br><em>Mon h\u00e9ritage reviendra \u00e0 mes h\u00e9ritiers l\u00e9gaux, \u00e0 savoir mon \u00e9poux Pierre Dupont et mes enfants L\u00e9a Dupont et Christian Dupont, conform\u00e9ment \u00e0 la loi.<\/em><br><em>Je l\u00e8gue \u00e0 ma s\u0153ur Suzanne Martin ma vaisselle en argent.<\/em><br><em>Je l\u00e8gue \u00e0 l\u2019organisation d\u2019utilit\u00e9 publique xyz le montant de 100&nbsp;000 <\/em>francs.<br><em>J\u2019institue mon \u00e9poux Pierre Dupont comme mon ex\u00e9cuteur testamentaire.<\/em><br><em>Zurich, le 10 janvier 2019.<\/em><br><em>Anne Dupont-Martin<\/em><\/p>\n\n\n\n<h3 class=\"wp-block-heading\">Cr\u00e9er sa propre fondation: uniquement pour les multimillionnaires<\/h3>\n\n\n\n<p>Une fondation inscrit la volont\u00e9 de l\u2019individu dans la dur\u00e9e. Le conseil de fondation et l\u2019Autorit\u00e9 de surveillance des fondations veillent \u00e0 ce que les fonds soient utilis\u00e9s conform\u00e9ment au but. Les frais aff\u00e9rents ne sont toutefois justifi\u00e9s que lorsqu\u2019il s\u2019agit d\u2019une fortune de plusieurs millions de francs.<\/p>\n\n\n\n<h3 class=\"5 wp-block-heading\">Des sp\u00e9cialistes \u00e0 votre service pour vous conseiller<\/h3>\n\n\n\n<p>La situation est complexe ou vous d\u00e9sirez prendre conseil? Dans ce cas, il est recommand\u00e9 de faire appel \u00e0 des professionnels. Un cabinet d\u2019avocats, une \u00e9tude de notaire ou une banque sont par exemple envisageables. Pour l\u2019authentification publique de documents de succession, les notaires sont comp\u00e9tents.<\/p>\n\n\n\n<p><br><\/p>\n\n\n\n<div class=\"wp-block-cgb-block-zewo-block-columns-container container bg-color-light-gray\"><div class=\"grid-x grid-margin-x\" data-columns=\"3\">\n<div class=\"cell small-12 medium-6\"><div class=\"wp-block-cgb-block-zewo-block-image-text-teaser ab-block-cta\"><div class=\"ab-cta-image-wrap bg-color-secondary\"><img decoding=\"async\" class=\"ab-cta-image\" src=\"https:\/\/zewo.ch\/wp-content\/uploads\/2019\/08\/10-conseils.png\" alt=\"5 conseils pour donner\"\/><\/div><div class=\"ab-cta-content\"><h2 class=\"ab-cta-title\">Les 10 conseils pour donner<\/h2><div class=\"ab-cta-text\">\n<p>D\u00e8s maintenant, prendre acte des 10 principales r\u00e8gles et faire des dons efficaces.<\/p>\n<\/div><\/div><div class=\"ab-cta-button\"><a href=\"\/fr\/les-5-regles-essentielles-pour-les-dons\/\" target=\"_self\" rel=\"noopener noreferrer\" class=\"button primary button-teaser\"><span class=\"button-arrow\"><\/span>Lire d\u00e8s maintenant les conseils pour donner<\/a><\/div><a href=\"\/fr\/les-5-regles-essentielles-pour-les-dons\/\" target=\"_self\" rel=\"noopener noreferrer\" class=\"button-teaser--is-full\"><\/a><\/div><\/div>\n\n\n\n<div class=\"cell small-12 medium-6\"><div class=\"wp-block-cgb-block-zewo-block-image-text-teaser ab-block-cta\"><div class=\"ab-cta-image-wrap bg-color-secondary\"><img decoding=\"async\" class=\"ab-cta-image\" src=\"https:\/\/zewo.ch\/wp-content\/uploads\/2019\/05\/ha\u0308ufige-fragen-7.png\" alt=\"H\u00e4ufige Fragen und Antworten rund ums Spenden\"\/><\/div><div class=\"ab-cta-content\"><h2 class=\"ab-cta-title\">Questions fr\u00e9quemment pos\u00e9es autour du don<\/h2><div class=\"ab-cta-text\">\n<p>Le guide de la Zewo renseigne sur le don<\/p>\n<\/div><\/div><div class=\"ab-cta-button\"><a href=\"\/fr\/questions-et-reponses\/\" target=\"_self\" rel=\"noopener noreferrer\" class=\"button primary button-teaser\"><span class=\"button-arrow\"><\/span>R\u00e9ponses autour du don<\/a><\/div><a href=\"\/fr\/questions-et-reponses\/\" target=\"_self\" rel=\"noopener noreferrer\" class=\"button-teaser--is-full\"><\/a><\/div><\/div>\n\n\n\n<div class=\"cell small-12 medium-6\"><div class=\"wp-block-cgb-block-zewo-block-image-text-teaser ab-block-cta\"><div class=\"ab-cta-image-wrap bg-color-secondary\"><img decoding=\"async\" class=\"ab-cta-image\" src=\"https:\/\/zewo.ch\/wp-content\/uploads\/2019\/08\/spendentyp-f.png\" alt=\"Dons: quel est mon profil?\"\/><\/div><div class=\"ab-cta-content\"><h2 class=\"ab-cta-title\">Dons: quel est mon profil?<\/h2><div class=\"ab-cta-text\">\n<p>Nombreux\u00a0sont les moyens de soutenir une bonne cause. Quel est celui qui vous correspond\u00a0le mieux? D\u00e9couvrez votre profil en mati\u00e8re de dons.<\/p>\n<\/div><\/div><div class=\"ab-cta-button\"><a href=\"\/fr\/dons-quel-est-mon-profil\/\" target=\"_self\" rel=\"noopener noreferrer\" class=\"button primary button-teaser\"><span class=\"button-arrow\"><\/span>Quiz sur le don<\/a><\/div><a href=\"\/fr\/dons-quel-est-mon-profil\/\" target=\"_self\" rel=\"noopener noreferrer\" class=\"button-teaser--is-full\"><\/a><\/div><\/div>\n<\/div><\/div>\n","protected":false},"excerpt":{"rendered":"<p>Penser aux OBNL dans son testament Songez-vous \u00e0 l\u00e9guer une partie de vos biens pour soutenir une bonne cause ? Vous pouvez l\u2019inclure dans votre testament. Veillez aux points suivants. Pour d\u00e9cider vous-m\u00eame de l\u2019avenir de votre h\u00e9ritage, vous devez planifier les choses. Tout particuli\u00e8rement si vous souhaitez l\u00e9guer une partie de vos biens \u00e0 [&hellip;]<\/p>\n","protected":false},"author":38,"featured_media":58956,"parent":0,"menu_order":116,"comment_status":"closed","ping_status":"closed","template":"","meta":{"_acf_changed":false,"footnotes":""},"folder":[6643],"class_list":["post-498881","page","type-page","status-publish","has-post-thumbnail","hentry"],"acf":[],"yoast_head":"<!-- This site is optimized with the Yoast SEO Premium plugin v26.0 (Yoast SEO v26.0) - https:\/\/yoast.com\/wordpress\/plugins\/seo\/ -->\n<title>Zewo<\/title>\n<meta name=\"description\" content=\"De plus en plus de personnes d\u00e9sirent, avec un h\u00e9ritage, soutenir une bonne cause. Un certain nombre de points doivent \u00eatre pris en consid\u00e9ration.\" \/>\n<meta name=\"robots\" content=\"index, follow, max-snippet:-1, max-image-preview:large, max-video-preview:-1\" \/>\n<link rel=\"canonical\" href=\"https:\/\/zewo.ch\/fr\/lheritage-pour-une-bonne-cause\/\" \/>\n<meta property=\"og:locale\" content=\"fr_FR\" \/>\n<meta property=\"og:type\" content=\"article\" \/>\n<meta property=\"og:description\" content=\"De plus en plus de personnes d\u00e9sirent, avec un h\u00e9ritage, soutenir une bonne cause. Un certain nombre de points doivent \u00eatre pris en consid\u00e9ration.\" \/>\n<meta property=\"og:url\" content=\"https:\/\/zewo.ch\/fr\/lheritage-pour-une-bonne-cause\/\" \/>\n<meta property=\"og:site_name\" content=\"Zewo\" \/>\n<meta property=\"article:publisher\" content=\"https:\/\/www.facebook.com\/Stiftung.ZEWO\/\" \/>\n<meta property=\"article:modified_time\" content=\"2019-11-18T13:44:07+00:00\" \/>\n<meta property=\"og:image\" content=\"https:\/\/zewo.ch\/wp-content\/uploads\/2019\/05\/verma\u0308chtnis.jpg\" \/>\n\t<meta property=\"og:image:width\" content=\"2200\" \/>\n\t<meta property=\"og:image:height\" content=\"650\" \/>\n\t<meta property=\"og:image:type\" content=\"image\/jpeg\" \/>\n<meta name=\"twitter:card\" content=\"summary_large_image\" \/>\n<meta name=\"twitter:site\" content=\"@stiftung_zewo\" \/>\n<meta name=\"twitter:label1\" content=\"Dur\u00e9e de lecture estim\u00e9e\" \/>\n\t<meta name=\"twitter:data1\" content=\"4 minutes\" \/>\n<script type=\"application\/ld+json\" class=\"yoast-schema-graph\">{\"@context\":\"https:\/\/schema.org\",\"@graph\":[{\"@type\":\"WebPage\",\"@id\":\"https:\/\/zewo.ch\/fr\/lheritage-pour-une-bonne-cause\/#webpage\",\"url\":\"https:\/\/zewo.ch\/fr\/lheritage-pour-une-bonne-cause\/#webpage\",\"name\":\"\",\"isPartOf\":{\"@id\":\"https:\/\/zewo.ch\/fr\/#website\"},\"primaryImageOfPage\":{\"@id\":\"https:\/\/zewo.ch\/fr\/lheritage-pour-une-bonne-cause\/#primaryimage\"},\"image\":{\"@id\":\"https:\/\/zewo.ch\/fr\/lheritage-pour-une-bonne-cause\/#primaryimage\"},\"thumbnailUrl\":\"https:\/\/zewo.ch\/wp-content\/uploads\/2019\/05\/verma\u0308chtnis.jpg\",\"datePublished\":\"2019-07-31T13:58:22+00:00\",\"dateModified\":\"2019-11-18T13:44:07+00:00\",\"description\":\"De plus en plus de personnes d\u00e9sirent, avec un h\u00e9ritage, soutenir une bonne cause. Un certain nombre de points doivent \u00eatre pris en consid\u00e9ration.\",\"breadcrumb\":{\"@id\":\"https:\/\/zewo.ch\/fr\/lheritage-pour-une-bonne-cause\/#breadcrumb\"},\"inLanguage\":\"fr-FR\",\"potentialAction\":[{\"@type\":\"ReadAction\",\"target\":[\"https:\/\/zewo.ch\/fr\/lheritage-pour-une-bonne-cause\/\"]}]},{\"@type\":\"ImageObject\",\"inLanguage\":\"fr-FR\",\"@id\":\"https:\/\/zewo.ch\/fr\/lheritage-pour-une-bonne-cause\/#primaryimage\",\"url\":\"https:\/\/zewo.ch\/wp-content\/uploads\/2019\/05\/verma\u0308chtnis.jpg\",\"contentUrl\":\"https:\/\/zewo.ch\/wp-content\/uploads\/2019\/05\/verma\u0308chtnis.jpg\",\"width\":2200,\"height\":650,\"caption\":\"Verm\u00e4chtnis \u2013 Frau mit Pustblume\"},{\"@type\":\"BreadcrumbList\",\"@id\":\"https:\/\/zewo.ch\/fr\/lheritage-pour-une-bonne-cause\/#breadcrumb\",\"itemListElement\":[{\"@type\":\"ListItem\",\"position\":1,\"name\":\"Home\",\"item\":\"https:\/\/zewo.ch\/fr\/\"},{\"@type\":\"ListItem\",\"position\":2,\"name\":\"L\u2019h\u00e9ritage pour une bonne cause\"}]},{\"@type\":\"WebSite\",\"@id\":\"https:\/\/zewo.ch\/fr\/#website\",\"url\":\"https:\/\/zewo.ch\/fr\/\",\"name\":\"Zewo\",\"description\":\"Votre don en bonnes mains.\",\"publisher\":{\"@id\":\"https:\/\/zewo.ch\/fr\/#organization\"},\"potentialAction\":[{\"@type\":\"SearchAction\",\"target\":{\"@type\":\"EntryPoint\",\"urlTemplate\":\"https:\/\/zewo.ch\/fr\/?s={search_term_string}\"},\"query-input\":{\"@type\":\"PropertyValueSpecification\",\"valueRequired\":true,\"valueName\":\"search_term_string\"}}],\"inLanguage\":\"fr-FR\"},{\"@type\":\"Organization\",\"@id\":\"https:\/\/zewo.ch\/fr\/#organization\",\"name\":\"Stiftung Zewo\",\"url\":\"https:\/\/zewo.ch\/fr\/\",\"logo\":{\"@type\":\"ImageObject\",\"inLanguage\":\"fr-FR\",\"@id\":\"https:\/\/zewo.ch\/fr\/#\/schema\/logo\/image\/\",\"url\":\"https:\/\/zewo.ch\/wp-content\/uploads\/2019\/08\/Zewo_Logo_Claim_D.svg\",\"contentUrl\":\"https:\/\/zewo.ch\/wp-content\/uploads\/2019\/08\/Zewo_Logo_Claim_D.svg\",\"width\":1,\"height\":1,\"caption\":\"Stiftung Zewo\"},\"image\":{\"@id\":\"https:\/\/zewo.ch\/fr\/#\/schema\/logo\/image\/\"},\"sameAs\":[\"https:\/\/www.facebook.com\/Stiftung.ZEWO\/\",\"https:\/\/x.com\/stiftung_zewo\",\"https:\/\/www.linkedin.com\/company\/stiftung-zewo\",\"https:\/\/www.youtube.com\/channel\/UCzjsVJro12OXcvvx1LQP8tw\",\"https:\/\/de.wikipedia.org\/wiki\/Zewo\"]}]}<\/script>\n<!-- \/ Yoast SEO Premium plugin. -->","yoast_head_json":{"title":"Zewo","description":"De plus en plus de personnes d\u00e9sirent, avec un h\u00e9ritage, soutenir une bonne cause. Un certain nombre de points doivent \u00eatre pris en consid\u00e9ration.","robots":{"index":"index","follow":"follow","max-snippet":"max-snippet:-1","max-image-preview":"max-image-preview:large","max-video-preview":"max-video-preview:-1"},"canonical":"https:\/\/zewo.ch\/fr\/lheritage-pour-une-bonne-cause\/","og_locale":"fr_FR","og_type":"article","og_description":"De plus en plus de personnes d\u00e9sirent, avec un h\u00e9ritage, soutenir une bonne cause. Un certain nombre de points doivent \u00eatre pris en consid\u00e9ration.","og_url":"https:\/\/zewo.ch\/fr\/lheritage-pour-une-bonne-cause\/","og_site_name":"Zewo","article_publisher":"https:\/\/www.facebook.com\/Stiftung.ZEWO\/","article_modified_time":"2019-11-18T13:44:07+00:00","og_image":[{"width":2200,"height":650,"url":"https:\/\/zewo.ch\/wp-content\/uploads\/2019\/05\/verma\u0308chtnis.jpg","type":"image\/jpeg"}],"twitter_card":"summary_large_image","twitter_site":"@stiftung_zewo","twitter_misc":{"Dur\u00e9e de lecture estim\u00e9e":"4 minutes"},"schema":{"@context":"https:\/\/schema.org","@graph":[{"@type":"WebPage","@id":"https:\/\/zewo.ch\/fr\/lheritage-pour-une-bonne-cause\/#webpage","url":"https:\/\/zewo.ch\/fr\/lheritage-pour-une-bonne-cause\/#webpage","name":"","isPartOf":{"@id":"https:\/\/zewo.ch\/fr\/#website"},"primaryImageOfPage":{"@id":"https:\/\/zewo.ch\/fr\/lheritage-pour-une-bonne-cause\/#primaryimage"},"image":{"@id":"https:\/\/zewo.ch\/fr\/lheritage-pour-une-bonne-cause\/#primaryimage"},"thumbnailUrl":"https:\/\/zewo.ch\/wp-content\/uploads\/2019\/05\/verma\u0308chtnis.jpg","datePublished":"2019-07-31T13:58:22+00:00","dateModified":"2019-11-18T13:44:07+00:00","description":"De plus en plus de personnes d\u00e9sirent, avec un h\u00e9ritage, soutenir une bonne cause. Un certain nombre de points doivent \u00eatre pris en consid\u00e9ration.","breadcrumb":{"@id":"https:\/\/zewo.ch\/fr\/lheritage-pour-une-bonne-cause\/#breadcrumb"},"inLanguage":"fr-FR","potentialAction":[{"@type":"ReadAction","target":["https:\/\/zewo.ch\/fr\/lheritage-pour-une-bonne-cause\/"]}]},{"@type":"ImageObject","inLanguage":"fr-FR","@id":"https:\/\/zewo.ch\/fr\/lheritage-pour-une-bonne-cause\/#primaryimage","url":"https:\/\/zewo.ch\/wp-content\/uploads\/2019\/05\/verma\u0308chtnis.jpg","contentUrl":"https:\/\/zewo.ch\/wp-content\/uploads\/2019\/05\/verma\u0308chtnis.jpg","width":2200,"height":650,"caption":"Verm\u00e4chtnis \u2013 Frau mit Pustblume"},{"@type":"BreadcrumbList","@id":"https:\/\/zewo.ch\/fr\/lheritage-pour-une-bonne-cause\/#breadcrumb","itemListElement":[{"@type":"ListItem","position":1,"name":"Home","item":"https:\/\/zewo.ch\/fr\/"},{"@type":"ListItem","position":2,"name":"L\u2019h\u00e9ritage pour une bonne cause"}]},{"@type":"WebSite","@id":"https:\/\/zewo.ch\/fr\/#website","url":"https:\/\/zewo.ch\/fr\/","name":"Zewo","description":"Votre don en bonnes mains.","publisher":{"@id":"https:\/\/zewo.ch\/fr\/#organization"},"potentialAction":[{"@type":"SearchAction","target":{"@type":"EntryPoint","urlTemplate":"https:\/\/zewo.ch\/fr\/?s={search_term_string}"},"query-input":{"@type":"PropertyValueSpecification","valueRequired":true,"valueName":"search_term_string"}}],"inLanguage":"fr-FR"},{"@type":"Organization","@id":"https:\/\/zewo.ch\/fr\/#organization","name":"Stiftung Zewo","url":"https:\/\/zewo.ch\/fr\/","logo":{"@type":"ImageObject","inLanguage":"fr-FR","@id":"https:\/\/zewo.ch\/fr\/#\/schema\/logo\/image\/","url":"https:\/\/zewo.ch\/wp-content\/uploads\/2019\/08\/Zewo_Logo_Claim_D.svg","contentUrl":"https:\/\/zewo.ch\/wp-content\/uploads\/2019\/08\/Zewo_Logo_Claim_D.svg","width":1,"height":1,"caption":"Stiftung Zewo"},"image":{"@id":"https:\/\/zewo.ch\/fr\/#\/schema\/logo\/image\/"},"sameAs":["https:\/\/www.facebook.com\/Stiftung.ZEWO\/","https:\/\/x.com\/stiftung_zewo","https:\/\/www.linkedin.com\/company\/stiftung-zewo","https:\/\/www.youtube.com\/channel\/UCzjsVJro12OXcvvx1LQP8tw","https:\/\/de.wikipedia.org\/wiki\/Zewo"]}]}},"publishpress_future_action":{"enabled":false,"date":"2026-04-25 10:17:24","action":"change-status","newStatus":"draft","terms":[],"taxonomy":"translation_priority","extraData":[]},"publishpress_future_workflow_manual_trigger":{"enabledWorkflows":[]},"_links":{"self":[{"href":"https:\/\/zewo.ch\/fr\/wp-json\/wp\/v2\/pages\/498881","targetHints":{"allow":["GET"]}}],"collection":[{"href":"https:\/\/zewo.ch\/fr\/wp-json\/wp\/v2\/pages"}],"about":[{"href":"https:\/\/zewo.ch\/fr\/wp-json\/wp\/v2\/types\/page"}],"author":[{"embeddable":true,"href":"https:\/\/zewo.ch\/fr\/wp-json\/wp\/v2\/users\/38"}],"replies":[{"embeddable":true,"href":"https:\/\/zewo.ch\/fr\/wp-json\/wp\/v2\/comments?post=498881"}],"version-history":[{"count":8,"href":"https:\/\/zewo.ch\/fr\/wp-json\/wp\/v2\/pages\/498881\/revisions"}],"predecessor-version":[{"id":520940,"href":"https:\/\/zewo.ch\/fr\/wp-json\/wp\/v2\/pages\/498881\/revisions\/520940"}],"wp:featuredmedia":[{"embeddable":true,"href":"https:\/\/zewo.ch\/fr\/wp-json\/wp\/v2\/media\/58956"}],"wp:attachment":[{"href":"https:\/\/zewo.ch\/fr\/wp-json\/wp\/v2\/media?parent=498881"}],"wp:term":[{"taxonomy":"folder","embeddable":true,"href":"https:\/\/zewo.ch\/fr\/wp-json\/wp\/v2\/folder?post=498881"}],"curies":[{"name":"wp","href":"https:\/\/api.w.org\/{rel}","templated":true}]}}