{"id":498868,"date":"2019-07-31T15:53:55","date_gmt":"2019-07-31T13:53:55","guid":{"rendered":"https:\/\/www.zewo.ch\/?page_id=498868"},"modified":"2025-07-31T14:41:24","modified_gmt":"2025-07-31T12:41:24","slug":"les-regles-essentielles-pour-les-dons","status":"publish","type":"page","link":"https:\/\/zewo.ch\/fr\/les-regles-essentielles-pour-les-dons\/","title":{"rendered":"10 conseils pour avoir l\u2019assurance que votre don arrive \u00e0 destination"},"content":{"rendered":"\n<p><strong>\u00c0 quoi faut-il faire attention? Quelles formes d\u2019aide sont utiles? Pourquoi est-ce important de rechercher le label de qualit\u00e9 Zewo? D\u00e9couvrez nos recommandations.<\/strong><\/p>\n\n\n\n<h2 class=\"wp-block-heading\" id=\"h-choisissez-la-facon-de-donner-qui-vous-convient-le-mieux\">Choisissez la fa\u00e7on de donner qui vous convient le mieux<\/h2>\n\n\n\n<p>Il y a diff\u00e9rentes mani\u00e8res de soutenir une bonne cause. Vous pouvez, par exemple, vous engager \u00e0 titre b\u00e9n\u00e9vole et consacrer r\u00e9guli\u00e8rement du temps \u00e0 une cause charitable. Faire un don en nature \u00e0 une \u0153uvre de bienfaisance qui a express\u00e9ment besoin de produits sp\u00e9cifiques. Ou donner de l\u2019argent \u00e0 une organisation d\u2019utilit\u00e9 publique, afin qu\u2019elle puisse apporter son aide l\u00e0 o\u00f9 c\u2019est n\u00e9cessaire. Gr\u00e2ce \u00e0 la <a href=\"\/fr\/npo-recherche\/\" target=\"_blank\" rel=\"noreferrer noopener\">fonction de recherche disponible sur zewo.ch<\/a>, vous trouverez en quelques clics quelle \u0153uvre de bienfaisance est heureuse de recevoir quel type de don.<\/p>\n\n\n\n<h2 class=\"wp-block-heading\" id=\"h-reflechissez-a-ce-qui-vous-tient-a-coeur\">R\u00e9fl\u00e9chissez \u00e0 ce qui vous tient \u00e0 c\u0153ur<\/h2>\n\n\n\n<p>Lorsque vous faites un don, ne vous laissez pas uniquement guider par vos \u00e9motions. V\u00e9rifiez \u00e9galement les informations factuelles \u00e0 votre disposition. Consultez sur zewo.ch <a href=\"\/fr\/zewo-deconseille-de-faire-des-dons\/\" target=\"_blank\" rel=\"noreferrer noopener\">la liste des organisations \u00e0 qui la Zewo d\u00e9conseille de faire des dons<\/a>. Et si vous ne connaissez pas une \u0153uvre de bienfaisance, renseignez-vous avant de lui verser un don.<\/p>\n\n\n\n<h2 class=\"wp-block-heading\" id=\"h-soutenez-uniquement-les-organisations-dignes-de-confiance\">Soutenez uniquement les organisations dignes de confiance<\/h2>\n\n\n\n<p>Recherchez toujours le label de qualit\u00e9 Zewo quand vous faites un don. Les \u0153uvres de bienfaisance qui le portent sont dignes de confiance. Elles satisfont \u00e0 des exigences rigoureuses et la Zewo s\u2019assure r\u00e9guli\u00e8rement qu\u2019elles g\u00e8rent les dons avec conscience.<\/p>\n\n\n\n<h2 class=\"wp-block-heading\" id=\"h-favorisez-un-veritable-changement\">Favorisez un v\u00e9ritable changement<\/h2>\n\n\n\n<p>Pour que vos dons aient le plus d\u2019impact, s\u00e9lectionnez avec soin un petit nombre d\u2019\u0153uvres de bienfaisance et r\u00e9partissez votre budget entre elles. Apportez-leur un soutien r\u00e9gulier: il faut du temps pour faire \u00e9voluer les choses. Si vous changez souvent d\u2019organisation b\u00e9n\u00e9ficiaire, vous recevrez beaucoup d\u2019appels aux dons. En effet, les \u0153uvres de bienfaisance seront nombreuses \u00e0 conna\u00eetre votre g\u00e9n\u00e9rosit\u00e9 et votre propension \u00e0 donner. Ne vous dispersez donc pas. Cela r\u00e9duira aussi le volume de courrier dans votre bo\u00eete aux lettres et votre bo\u00eete mail.<\/p>\n\n\n\n<h2 class=\"wp-block-heading\" id=\"h-versez-votre-don-sans-deductions\">Versez votre don sans d\u00e9ductions<\/h2>\n\n\n\n<p>e-banking, ordre de paiement, guichet de la Poste: la plupart des gens effectuent leurs dons avec leurs modes de paiement habituels. Pour les contributions r\u00e9guli\u00e8res, mettez en place un ordre de virement permanent ou un pr\u00e9l\u00e8vement automatique. Aujourd\u2019hui, beaucoup de personnes ont une application de paiement sur leur t\u00e9l\u00e9phone portable. Ces solutions permettent de saisir des paiements et de transf\u00e9rer de l\u2019argent. Les dons en ligne peuvent se faire par carte de cr\u00e9dit et les organisations ont parfois recours aux SMS pour les dons spontan\u00e9s. Si vous utilisez une carte de cr\u00e9dit, une application de paiement, un ordre de paiement ou si vous proc\u00e9dez \u00e0 un versement au guichet de la Poste, faites attention aux frais, commissions ou charges \u00e9ventuellement associ\u00e9s.<\/p>\n\n\n\n<h2 class=\"wp-block-heading\" id=\"h-effectuez-votre-don-directement-sur-le-site-web-de-l-organisation\">Effectuez votre don directement sur le site web de l\u2019organisation<\/h2>\n\n\n\n<p>La plupart des \u0153uvres de bienfaisance ont un site web sur lequel vous pouvez directement faire un don. Ainsi, votre argent leur arrive sans d\u00e9tour. Avec les plateformes Internet g\u00e9r\u00e9es par des tiers, une partie de votre don est souvent conserv\u00e9e par l\u2019op\u00e9rateur. Sachez aussi que ces plateformes peuvent difficilement contr\u00f4ler le s\u00e9rieux d\u2019une organisation caritative et s\u2019assurer qu\u2019elle utilise les dons dans le but indiqu\u00e9. Lorsque vous faites un don sur Internet, v\u00e9rifiez \u00e9galement si l\u2019organisation respecte les normes Zewo et poss\u00e8de le label de qualit\u00e9.<\/p>\n\n\n\n<h2 class=\"wp-block-heading\" id=\"h-donnez-comme-d-habitude-avec-le-nouveau-qr-code\">Donnez comme d\u2019habitude avec le nouveau QR-Code<\/h2>\n\n\n\n<p>Apr\u00e8s le 30 septembre 2022, les banques et la Poste ne traiteront plus les bulletins de versement classiques. Les bulletins de versement rouges et orange sont progressivement remplac\u00e9s par un QR-Code noir et blanc dans la section paiement d\u2019une QR-facture. Le nouveau QR-Code fonctionne \u00e9galement pour les dons. Il contient toutes les informations n\u00e9cessaires au transfert de la somme. Vous pouvez donc l\u2019utiliser pour faire vos dons comme vous en avez l\u2019habitude.<\/p>\n\n\n\n<h2 class=\"wp-block-heading\" id=\"h-veillez-a-la-protection-des-donnees\">Veillez \u00e0 la protection des donn\u00e9es<\/h2>\n\n\n\n<p>Les organisations certifi\u00e9es respectent la confidentialit\u00e9 et ne communiquent pas vos donn\u00e9es \u00e0 d\u2019autres \u0153uvres de bienfaisance. En tant que donatrice ou donateur, vous recevrez une fois par an une attestation de don pour votre d\u00e9claration d\u2019imp\u00f4ts. De plus, vous serez r\u00e9guli\u00e8rement inform\u00e9 des progr\u00e8s que votre don a permis et des domaines n\u00e9cessitant une aide suppl\u00e9mentaire. Si vous recevez trop de courrier, contactez l\u2019organisation. Les \u0153uvres de bienfaisance certifi\u00e9es tiennent compte de vos souhaits. Lorsque vous faites un don sur Internet, vous d\u00e9terminez vous-m\u00eame qui a le droit d\u2019utiliser vos donn\u00e9es. Lisez la politique de confidentialit\u00e9 pr\u00e9sent\u00e9e sur le site web de l\u2019\u0153uvre de bienfaisance et faites le choix qui vous convient.<\/p>\n\n\n\n<h2 class=\"wp-block-heading\" id=\"h-un-cadeau-n-implique-rien-en-retour\">Un cadeau n\u2019implique rien en retour<\/h2>\n\n\n\n<p>Parmi les personnes qui font des dons, certaines appr\u00e9cient de recevoir de petits cadeaux, surtout s\u2019ils sont utiles. D\u2019autres sont agac\u00e9es par ces futilit\u00e9s. Gardez \u00e0 l\u2019esprit qu\u2019un cadeau ne vous oblige pas \u00e0 faire un don en retour. Conservez-le ou donnez-le \u00e0 quelqu\u2019un si vous n\u2019en avez pas l\u2019utilit\u00e9. Vous ne souhaitez plus recevoir de cadeaux? Indiquez-le \u00e0 l\u2019\u0153uvre de bienfaisance. Les organisations certifi\u00e9es \u00e9coutent vos demandes.<\/p>\n\n\n\n<h2 class=\"wp-block-heading\" id=\"h-ne-parrainez-pas-un-seul-enfant\">Ne parrainez pas un seul enfant<\/h2>\n\n\n\n<p><a href=\"\/fr\/ouvrez-les-yeux-en-ce-qui-concerne-les-parrainages\/\" target=\"_blank\" rel=\"noreferrer noopener\">Les parrainages<\/a> d\u2019un enfant en particulier, qui vous \u00e9crit des lettres et \u00e0 qui vous pouvez rendre visite, sont des outils marketing probl\u00e9matiques. Ils v\u00e9hiculent une fausse image, car l\u2019aide ne b\u00e9n\u00e9ficie pas directement \u00e0 l\u2019enfant que vous parrainez. Vous ne pouvez pas influer sur son d\u00e9veloppement ni juger, en une visite, de l\u2019impact de votre don. Faites preuve de coh\u00e9rence. Parrainez plut\u00f4t un projet qui b\u00e9n\u00e9ficie \u00e0 toute une communaut\u00e9. Pour leur d\u00e9veloppement, les enfants ont besoin d\u2019un environnement intact, de soins m\u00e9dicaux de base, d\u2019eau potable, d\u2019une alimentation saine et de structures d\u2019\u00e9ducation.<\/p>\n\n\n\n<div class=\"wp-block-cgb-block-zewo-block-columns-container container bg-color-light-gray\"><div class=\"grid-x grid-margin-x\" data-columns=\"3\">\n<div class=\"cell small-12 medium-6\"><div class=\"wp-block-cgb-block-zewo-block-image-text-teaser ab-block-cta\"><div class=\"ab-cta-image-wrap bg-color-secondary\"><img decoding=\"async\" class=\"ab-cta-image\" src=\"https:\/\/zewo.ch\/wp-content\/uploads\/2019\/05\/ha\u0308ufige-fragen-7.png\" alt=\"H\u00e4ufige Fragen und Antworten rund ums Spenden\"\/><\/div><div class=\"ab-cta-content\"><h2 class=\"ab-cta-title\">Questions fr\u00e9quemment pos\u00e9es autour du don<\/h2><div class=\"ab-cta-text\">\n<p>Le guide de la Zewo renseigne sur le don<\/p>\n<\/div><\/div><div class=\"ab-cta-button\"><a href=\"\/fr\/questions-et-reponses\/\" target=\"_self\" rel=\"noopener noreferrer\" class=\"button primary button-teaser\"><span class=\"button-arrow\"><\/span>R\u00e9ponses autour du don<\/a><\/div><a href=\"\/fr\/questions-et-reponses\/\" target=\"_self\" rel=\"noopener noreferrer\" class=\"button-teaser--is-full\"><\/a><\/div><\/div>\n\n\n\n<div class=\"cell small-12 medium-6\"><div class=\"wp-block-cgb-block-zewo-block-image-text-teaser ab-block-cta\"><div class=\"ab-cta-image-wrap bg-color-secondary\"><img decoding=\"async\" class=\"ab-cta-image\" src=\"https:\/\/zewo.ch\/wp-content\/uploads\/2019\/05\/wachhund.png\" alt=\"Vorsicht \u2013 hier warnt die Zewo vor intransparenten NPO\"\/><\/div><div class=\"ab-cta-content\"><h2 class=\"ab-cta-title\">Zewo d\u00e9conseille de faire des dons<\/h2><div class=\"ab-cta-text\">\n<p>Ces OBNL ne sont pas transparentes.<\/p>\n<\/div><\/div><div class=\"ab-cta-button\"><a href=\"\/fr\/zewo-deconseille-de-faire-des-dons\/\" target=\"_self\" rel=\"noopener noreferrer\" class=\"button primary button-teaser\"><span class=\"button-arrow\"><\/span>Informez-vous<\/a><\/div><a href=\"\/fr\/zewo-deconseille-de-faire-des-dons\/\" target=\"_self\" rel=\"noopener noreferrer\" class=\"button-teaser--is-full\"><\/a><\/div><\/div>\n\n\n\n<div class=\"cell small-12 medium-6\"><div class=\"wp-block-cgb-block-zewo-block-image-text-teaser ab-block-cta\"><div class=\"ab-cta-image-wrap bg-color-secondary\"><img decoding=\"async\" class=\"ab-cta-image\" src=\"https:\/\/zewo.ch\/wp-content\/uploads\/2019\/08\/spendentyp-f.png\" alt=\"Dons: quel est mon profil?\"\/><\/div><div class=\"ab-cta-content\"><h2 class=\"ab-cta-title\">Dons: quel est mon profil?<\/h2><div class=\"ab-cta-text\">\n<p>Nombreux\u00a0sont les moyens de soutenir une bonne cause. Quel est celui qui vous correspond\u00a0le mieux? D\u00e9couvrez votre profil en mati\u00e8re de dons.<\/p>\n<\/div><\/div><div class=\"ab-cta-button\"><a href=\"\/fr\/dons-quel-est-mon-profil\/\" target=\"_self\" rel=\"noopener noreferrer\" class=\"button primary button-teaser\"><span class=\"button-arrow\"><\/span>Quiz sur le don<\/a><\/div><a href=\"\/fr\/dons-quel-est-mon-profil\/\" target=\"_self\" rel=\"noopener noreferrer\" class=\"button-teaser--is-full\"><\/a><\/div><\/div>\n<\/div><\/div>\n","protected":false},"excerpt":{"rendered":"<p>\u00c0 quoi faut-il faire attention? Quelles formes d\u2019aide sont utiles? Pourquoi est-ce important de rechercher le label de qualit\u00e9 Zewo? D\u00e9couvrez nos recommandations. Choisissez la fa\u00e7on de donner qui vous convient le mieux Il y a diff\u00e9rentes mani\u00e8res de soutenir une bonne cause. Vous pouvez, par exemple, vous engager \u00e0 titre b\u00e9n\u00e9vole et consacrer r\u00e9guli\u00e8rement [&hellip;]<\/p>\n","protected":false},"author":38,"featured_media":2098,"parent":0,"menu_order":111,"comment_status":"closed","ping_status":"closed","template":"","meta":{"_acf_changed":false,"footnotes":""},"folder":[6643],"class_list":["post-498868","page","type-page","status-publish","has-post-thumbnail","hentry"],"acf":[],"yoast_head":"<!-- This site is optimized with the Yoast SEO Premium plugin v26.0 (Yoast SEO v26.0) - https:\/\/yoast.com\/wordpress\/plugins\/seo\/ -->\n<title>Zewo<\/title>\n<meta name=\"description\" content=\"Voici les principaux conseils pour bien donner. Si vous observez ces cinq r\u00e8gles, votre don sera en de bonnes mains.\" \/>\n<meta name=\"robots\" content=\"index, follow, max-snippet:-1, max-image-preview:large, max-video-preview:-1\" \/>\n<link rel=\"canonical\" href=\"https:\/\/zewo.ch\/fr\/les-regles-essentielles-pour-les-dons\/\" \/>\n<meta property=\"og:locale\" content=\"fr_FR\" \/>\n<meta property=\"og:type\" content=\"article\" \/>\n<meta property=\"og:description\" content=\"Voici les principaux conseils pour bien donner. Si vous observez ces cinq r\u00e8gles, votre don sera en de bonnes mains.\" \/>\n<meta property=\"og:url\" content=\"https:\/\/zewo.ch\/fr\/les-regles-essentielles-pour-les-dons\/\" \/>\n<meta property=\"og:site_name\" content=\"Zewo\" \/>\n<meta property=\"article:publisher\" content=\"https:\/\/www.facebook.com\/Stiftung.ZEWO\/\" \/>\n<meta property=\"article:modified_time\" content=\"2025-07-31T12:41:24+00:00\" \/>\n<meta property=\"og:image\" content=\"https:\/\/zewo.ch\/wp-content\/uploads\/2019\/05\/shutterstock_1129526438-2200-1.jpg\" \/>\n\t<meta property=\"og:image:width\" content=\"2200\" \/>\n\t<meta property=\"og:image:height\" content=\"650\" \/>\n\t<meta property=\"og:image:type\" content=\"image\/jpeg\" \/>\n<meta name=\"twitter:card\" content=\"summary_large_image\" \/>\n<meta name=\"twitter:site\" content=\"@stiftung_zewo\" \/>\n<meta name=\"twitter:label1\" content=\"Dur\u00e9e de lecture estim\u00e9e\" \/>\n\t<meta name=\"twitter:data1\" content=\"21 minutes\" \/>\n<script type=\"application\/ld+json\" class=\"yoast-schema-graph\">{\"@context\":\"https:\/\/schema.org\",\"@graph\":[{\"@type\":\"WebPage\",\"@id\":\"https:\/\/zewo.ch\/fr\/les-regles-essentielles-pour-les-dons\/#webpage\",\"url\":\"https:\/\/zewo.ch\/fr\/les-regles-essentielles-pour-les-dons\/#webpage\",\"name\":\"\",\"isPartOf\":{\"@id\":\"https:\/\/zewo.ch\/fr\/#website\"},\"primaryImageOfPage\":{\"@id\":\"https:\/\/zewo.ch\/fr\/les-regles-essentielles-pour-les-dons\/#primaryimage\"},\"image\":{\"@id\":\"https:\/\/zewo.ch\/fr\/les-regles-essentielles-pour-les-dons\/#primaryimage\"},\"thumbnailUrl\":\"https:\/\/zewo.ch\/wp-content\/uploads\/2019\/05\/shutterstock_1129526438-2200-1.jpg\",\"datePublished\":\"2019-07-31T13:53:55+00:00\",\"dateModified\":\"2025-07-31T12:41:24+00:00\",\"description\":\"Voici les principaux conseils pour bien donner. Si vous observez ces cinq r\u00e8gles, votre don sera en de bonnes mains.\",\"breadcrumb\":{\"@id\":\"https:\/\/zewo.ch\/fr\/les-regles-essentielles-pour-les-dons\/#breadcrumb\"},\"inLanguage\":\"fr-FR\",\"potentialAction\":[{\"@type\":\"ReadAction\",\"target\":[\"https:\/\/zewo.ch\/fr\/les-regles-essentielles-pour-les-dons\/\"]}]},{\"@type\":\"ImageObject\",\"inLanguage\":\"fr-FR\",\"@id\":\"https:\/\/zewo.ch\/fr\/les-regles-essentielles-pour-les-dons\/#primaryimage\",\"url\":\"https:\/\/zewo.ch\/wp-content\/uploads\/2019\/05\/shutterstock_1129526438-2200-1.jpg\",\"contentUrl\":\"https:\/\/zewo.ch\/wp-content\/uploads\/2019\/05\/shutterstock_1129526438-2200-1.jpg\",\"width\":2200,\"height\":650,\"caption\":\"fr\u00f6hliches Kind mit Teddyb\u00e4r\"},{\"@type\":\"BreadcrumbList\",\"@id\":\"https:\/\/zewo.ch\/fr\/les-regles-essentielles-pour-les-dons\/#breadcrumb\",\"itemListElement\":[{\"@type\":\"ListItem\",\"position\":1,\"name\":\"Home\",\"item\":\"https:\/\/zewo.ch\/fr\/\"},{\"@type\":\"ListItem\",\"position\":2,\"name\":\"10 conseils pour avoir l\u2019assurance que votre don arrive \u00e0 destination\"}]},{\"@type\":\"WebSite\",\"@id\":\"https:\/\/zewo.ch\/fr\/#website\",\"url\":\"https:\/\/zewo.ch\/fr\/\",\"name\":\"Zewo\",\"description\":\"Votre don en bonnes mains.\",\"publisher\":{\"@id\":\"https:\/\/zewo.ch\/fr\/#organization\"},\"potentialAction\":[{\"@type\":\"SearchAction\",\"target\":{\"@type\":\"EntryPoint\",\"urlTemplate\":\"https:\/\/zewo.ch\/fr\/?s={search_term_string}\"},\"query-input\":{\"@type\":\"PropertyValueSpecification\",\"valueRequired\":true,\"valueName\":\"search_term_string\"}}],\"inLanguage\":\"fr-FR\"},{\"@type\":\"Organization\",\"@id\":\"https:\/\/zewo.ch\/fr\/#organization\",\"name\":\"Stiftung Zewo\",\"url\":\"https:\/\/zewo.ch\/fr\/\",\"logo\":{\"@type\":\"ImageObject\",\"inLanguage\":\"fr-FR\",\"@id\":\"https:\/\/zewo.ch\/fr\/#\/schema\/logo\/image\/\",\"url\":\"https:\/\/zewo.ch\/wp-content\/uploads\/2019\/08\/Zewo_Logo_Claim_D.svg\",\"contentUrl\":\"https:\/\/zewo.ch\/wp-content\/uploads\/2019\/08\/Zewo_Logo_Claim_D.svg\",\"width\":1,\"height\":1,\"caption\":\"Stiftung Zewo\"},\"image\":{\"@id\":\"https:\/\/zewo.ch\/fr\/#\/schema\/logo\/image\/\"},\"sameAs\":[\"https:\/\/www.facebook.com\/Stiftung.ZEWO\/\",\"https:\/\/x.com\/stiftung_zewo\",\"https:\/\/www.linkedin.com\/company\/stiftung-zewo\",\"https:\/\/www.youtube.com\/channel\/UCzjsVJro12OXcvvx1LQP8tw\",\"https:\/\/de.wikipedia.org\/wiki\/Zewo\"]}]}<\/script>\n<!-- \/ Yoast SEO Premium plugin. -->","yoast_head_json":{"title":"Zewo","description":"Voici les principaux conseils pour bien donner. Si vous observez ces cinq r\u00e8gles, votre don sera en de bonnes mains.","robots":{"index":"index","follow":"follow","max-snippet":"max-snippet:-1","max-image-preview":"max-image-preview:large","max-video-preview":"max-video-preview:-1"},"canonical":"https:\/\/zewo.ch\/fr\/les-regles-essentielles-pour-les-dons\/","og_locale":"fr_FR","og_type":"article","og_description":"Voici les principaux conseils pour bien donner. Si vous observez ces cinq r\u00e8gles, votre don sera en de bonnes mains.","og_url":"https:\/\/zewo.ch\/fr\/les-regles-essentielles-pour-les-dons\/","og_site_name":"Zewo","article_publisher":"https:\/\/www.facebook.com\/Stiftung.ZEWO\/","article_modified_time":"2025-07-31T12:41:24+00:00","og_image":[{"width":2200,"height":650,"url":"https:\/\/zewo.ch\/wp-content\/uploads\/2019\/05\/shutterstock_1129526438-2200-1.jpg","type":"image\/jpeg"}],"twitter_card":"summary_large_image","twitter_site":"@stiftung_zewo","twitter_misc":{"Dur\u00e9e de lecture estim\u00e9e":"21 minutes"},"schema":{"@context":"https:\/\/schema.org","@graph":[{"@type":"WebPage","@id":"https:\/\/zewo.ch\/fr\/les-regles-essentielles-pour-les-dons\/#webpage","url":"https:\/\/zewo.ch\/fr\/les-regles-essentielles-pour-les-dons\/#webpage","name":"","isPartOf":{"@id":"https:\/\/zewo.ch\/fr\/#website"},"primaryImageOfPage":{"@id":"https:\/\/zewo.ch\/fr\/les-regles-essentielles-pour-les-dons\/#primaryimage"},"image":{"@id":"https:\/\/zewo.ch\/fr\/les-regles-essentielles-pour-les-dons\/#primaryimage"},"thumbnailUrl":"https:\/\/zewo.ch\/wp-content\/uploads\/2019\/05\/shutterstock_1129526438-2200-1.jpg","datePublished":"2019-07-31T13:53:55+00:00","dateModified":"2025-07-31T12:41:24+00:00","description":"Voici les principaux conseils pour bien donner. Si vous observez ces cinq r\u00e8gles, votre don sera en de bonnes mains.","breadcrumb":{"@id":"https:\/\/zewo.ch\/fr\/les-regles-essentielles-pour-les-dons\/#breadcrumb"},"inLanguage":"fr-FR","potentialAction":[{"@type":"ReadAction","target":["https:\/\/zewo.ch\/fr\/les-regles-essentielles-pour-les-dons\/"]}]},{"@type":"ImageObject","inLanguage":"fr-FR","@id":"https:\/\/zewo.ch\/fr\/les-regles-essentielles-pour-les-dons\/#primaryimage","url":"https:\/\/zewo.ch\/wp-content\/uploads\/2019\/05\/shutterstock_1129526438-2200-1.jpg","contentUrl":"https:\/\/zewo.ch\/wp-content\/uploads\/2019\/05\/shutterstock_1129526438-2200-1.jpg","width":2200,"height":650,"caption":"fr\u00f6hliches Kind mit Teddyb\u00e4r"},{"@type":"BreadcrumbList","@id":"https:\/\/zewo.ch\/fr\/les-regles-essentielles-pour-les-dons\/#breadcrumb","itemListElement":[{"@type":"ListItem","position":1,"name":"Home","item":"https:\/\/zewo.ch\/fr\/"},{"@type":"ListItem","position":2,"name":"10 conseils pour avoir l\u2019assurance que votre don arrive \u00e0 destination"}]},{"@type":"WebSite","@id":"https:\/\/zewo.ch\/fr\/#website","url":"https:\/\/zewo.ch\/fr\/","name":"Zewo","description":"Votre don en bonnes mains.","publisher":{"@id":"https:\/\/zewo.ch\/fr\/#organization"},"potentialAction":[{"@type":"SearchAction","target":{"@type":"EntryPoint","urlTemplate":"https:\/\/zewo.ch\/fr\/?s={search_term_string}"},"query-input":{"@type":"PropertyValueSpecification","valueRequired":true,"valueName":"search_term_string"}}],"inLanguage":"fr-FR"},{"@type":"Organization","@id":"https:\/\/zewo.ch\/fr\/#organization","name":"Stiftung Zewo","url":"https:\/\/zewo.ch\/fr\/","logo":{"@type":"ImageObject","inLanguage":"fr-FR","@id":"https:\/\/zewo.ch\/fr\/#\/schema\/logo\/image\/","url":"https:\/\/zewo.ch\/wp-content\/uploads\/2019\/08\/Zewo_Logo_Claim_D.svg","contentUrl":"https:\/\/zewo.ch\/wp-content\/uploads\/2019\/08\/Zewo_Logo_Claim_D.svg","width":1,"height":1,"caption":"Stiftung Zewo"},"image":{"@id":"https:\/\/zewo.ch\/fr\/#\/schema\/logo\/image\/"},"sameAs":["https:\/\/www.facebook.com\/Stiftung.ZEWO\/","https:\/\/x.com\/stiftung_zewo","https:\/\/www.linkedin.com\/company\/stiftung-zewo","https:\/\/www.youtube.com\/channel\/UCzjsVJro12OXcvvx1LQP8tw","https:\/\/de.wikipedia.org\/wiki\/Zewo"]}]}},"publishpress_future_action":{"enabled":false,"date":"2026-04-29 10:38:50","action":"change-status","newStatus":"draft","terms":[],"taxonomy":"translation_priority","extraData":[]},"publishpress_future_workflow_manual_trigger":{"enabledWorkflows":[]},"_links":{"self":[{"href":"https:\/\/zewo.ch\/fr\/wp-json\/wp\/v2\/pages\/498868","targetHints":{"allow":["GET"]}}],"collection":[{"href":"https:\/\/zewo.ch\/fr\/wp-json\/wp\/v2\/pages"}],"about":[{"href":"https:\/\/zewo.ch\/fr\/wp-json\/wp\/v2\/types\/page"}],"author":[{"embeddable":true,"href":"https:\/\/zewo.ch\/fr\/wp-json\/wp\/v2\/users\/38"}],"replies":[{"embeddable":true,"href":"https:\/\/zewo.ch\/fr\/wp-json\/wp\/v2\/comments?post=498868"}],"version-history":[{"count":18,"href":"https:\/\/zewo.ch\/fr\/wp-json\/wp\/v2\/pages\/498868\/revisions"}],"predecessor-version":[{"id":5931554,"href":"https:\/\/zewo.ch\/fr\/wp-json\/wp\/v2\/pages\/498868\/revisions\/5931554"}],"wp:featuredmedia":[{"embeddable":true,"href":"https:\/\/zewo.ch\/fr\/wp-json\/wp\/v2\/media\/2098"}],"wp:attachment":[{"href":"https:\/\/zewo.ch\/fr\/wp-json\/wp\/v2\/media?parent=498868"}],"wp:term":[{"taxonomy":"folder","embeddable":true,"href":"https:\/\/zewo.ch\/fr\/wp-json\/wp\/v2\/folder?post=498868"}],"curies":[{"name":"wp","href":"https:\/\/api.w.org\/{rel}","templated":true}]}}